{"id":39328,"date":"2018-04-16T10:56:06","date_gmt":"2018-04-16T10:56:06","guid":{"rendered":"https:\/\/business.roovi.com\/joc-roata-norocului\/p\/"},"modified":"2022-07-06T12:54:48","modified_gmt":"2022-07-06T12:54:48","slug":"wheel-of-fortune-brett-und-strategiespiel","status":"publish","type":"product","link":"https:\/\/business.roovi.com\/de\/wheel-of-fortune-brett-und-strategiespiel\/p\/","title":{"rendered":"Wheel of Fortune &#8211; Brett- und Strategiespiel"},"content":{"rendered":"<p>http:\/\/www.youtube.com\/watch?v=BOzyQTq68zk<br \/>Ein spannendes Spiel f\u00fcr die ganze Familie. Das Gl\u00fccksrad ist ein kollektives Strategiespiel, bei dem das Gl\u00fcck eine wichtige Rolle spielt. Das Ziel des Spiels ist es, Geld zu gewinnen und dann, indem du es gut verwaltest, so schnell wie m\u00f6glich ein Haus zu kaufen und ein Zimmer einzurichten. Der Gewinner ist derjenige, der als Erster sein Zimmer einrichtet und als Erster mindestens 1000 Ron gesammelt hat. F\u00fcr 2-6 Spieler.<\/p>\n","protected":false},"excerpt":{"rendered":"<p>http:\/\/www.youtube.com\/watch?v=BOzyQTq68zkEin spannendes Spiel f\u00fcr die ganze Familie. Das Gl\u00fccksrad ist ein kollektives Strategiespiel, bei dem das Gl\u00fcck eine wichtige Rolle<\/p>\n","protected":false},"featured_media":30153,"template":"","meta":[],"product_brand":[],"product_cat":[1574,1603],"product_tag":[],"class_list":{"0":"post-39328","1":"product","2":"type-product","3":"status-publish","4":"has-post-thumbnail","6":"product_cat-board-games","7":"product_cat-family-games","8":"pa_bax-10-en","9":"pa_brand-d_toys-en","10":"pa_country_of_manufacture-ro-en","11":"pa_filter_age-7_9-en","12":"pa_filter_age-9_14-en","13":"pa_filter_age-14-en","14":"pa_tip_ambalaj-box","16":"first","17":"instock","18":"taxable","19":"shipping-taxable","20":"product-type-simple"},"yoast_head":"<!-- This site is optimized with the Yoast SEO plugin v20.1 - https:\/\/yoast.com\/wordpress\/plugins\/seo\/ -->\n<title>Wheel of Fortune - Brett- und Strategiespiel<\/title>\n<meta name=\"description\" content=\"Wheel of Fortune - Brett- und Strategiespiel\" \/>\n<meta name=\"robots\" content=\"index, follow, max-snippet:-1, max-image-preview:large, max-video-preview:-1\" \/>\n<link rel=\"canonical\" href=\"https:\/\/business.roovi.com\/de\/wheel-of-fortune-brett-und-strategiespiel\/p\/\" \/>\n<meta property=\"og:locale\" content=\"de_DE\" \/>\n<meta property=\"og:type\" content=\"article\" \/>\n<meta property=\"og:title\" content=\"Wheel of Fortune - Brett- und Strategiespiel\" \/>\n<meta property=\"og:description\" content=\"Wheel of Fortune - Brett- und Strategiespiel\" \/>\n<meta property=\"og:url\" content=\"https:\/\/business.roovi.com\/de\/wheel-of-fortune-brett-und-strategiespiel\/p\/\" \/>\n<meta property=\"og:site_name\" content=\"Roovi B2B\" \/>\n<meta property=\"article:publisher\" content=\"https:\/\/www.facebook.com\/wwwjucariero\" \/>\n<meta property=\"article:modified_time\" content=\"2022-07-06T12:54:48+00:00\" \/>\n<meta property=\"og:image\" content=\"https:\/\/business.roovi.com\/wp-content\/uploads\/2018\/04\/64257_elo_roata_norocului_1.jpg\" \/>\n\t<meta property=\"og:image:width\" content=\"1200\" \/>\n\t<meta property=\"og:image:height\" content=\"1200\" \/>\n\t<meta property=\"og:image:type\" content=\"image\/jpeg\" \/>\n<script type=\"application\/ld+json\" class=\"yoast-schema-graph\">{\"@context\":\"https:\/\/schema.org\",\"@graph\":[{\"@type\":\"WebPage\",\"@id\":\"https:\/\/business.roovi.com\/de\/wheel-of-fortune-brett-und-strategiespiel\/p\/\",\"url\":\"https:\/\/business.roovi.com\/de\/wheel-of-fortune-brett-und-strategiespiel\/p\/\",\"name\":\"Wheel of Fortune - Brett- und Strategiespiel\",\"isPartOf\":{\"@id\":\"https:\/\/business.roovi.com\/de\/#website\"},\"datePublished\":\"2018-04-16T10:56:06+00:00\",\"dateModified\":\"2022-07-06T12:54:48+00:00\",\"description\":\"Wheel of Fortune - Brett- und Strategiespiel\",\"breadcrumb\":{\"@id\":\"https:\/\/business.roovi.com\/de\/wheel-of-fortune-brett-und-strategiespiel\/p\/#breadcrumb\"},\"inLanguage\":\"de\",\"potentialAction\":[{\"@type\":\"ReadAction\",\"target\":[\"https:\/\/business.roovi.com\/de\/wheel-of-fortune-brett-und-strategiespiel\/p\/\"]}]},{\"@type\":\"BreadcrumbList\",\"@id\":\"https:\/\/business.roovi.com\/de\/wheel-of-fortune-brett-und-strategiespiel\/p\/#breadcrumb\",\"itemListElement\":[{\"@type\":\"ListItem\",\"position\":1,\"name\":\"Home\",\"item\":\"https:\/\/business.roovi.com\/de\/\"},{\"@type\":\"ListItem\",\"position\":2,\"name\":\"Shop\",\"item\":\"https:\/\/business.roovi.com\/de\/shop\/\"},{\"@type\":\"ListItem\",\"position\":3,\"name\":\"Wheel of Fortune &#8211; Brett- und Strategiespiel\"}]},{\"@type\":\"WebSite\",\"@id\":\"https:\/\/business.roovi.com\/de\/#website\",\"url\":\"https:\/\/business.roovi.com\/de\/\",\"name\":\"Roovi B2B\",\"description\":\"Roovi Business Website\",\"potentialAction\":[{\"@type\":\"SearchAction\",\"target\":{\"@type\":\"EntryPoint\",\"urlTemplate\":\"https:\/\/business.roovi.com\/de\/?s={search_term_string}\"},\"query-input\":\"required name=search_term_string\"}],\"inLanguage\":\"de\"}]}<\/script>\n<!-- \/ Yoast SEO plugin. -->","yoast_head_json":{"title":"Wheel of Fortune - Brett- und Strategiespiel","description":"Wheel of Fortune - Brett- und Strategiespiel","robots":{"index":"index","follow":"follow","max-snippet":"max-snippet:-1","max-image-preview":"max-image-preview:large","max-video-preview":"max-video-preview:-1"},"canonical":"https:\/\/business.roovi.com\/de\/wheel-of-fortune-brett-und-strategiespiel\/p\/","og_locale":"de_DE","og_type":"article","og_title":"Wheel of Fortune - Brett- und Strategiespiel","og_description":"Wheel of Fortune - Brett- und Strategiespiel","og_url":"https:\/\/business.roovi.com\/de\/wheel-of-fortune-brett-und-strategiespiel\/p\/","og_site_name":"Roovi B2B","article_publisher":"https:\/\/www.facebook.com\/wwwjucariero","article_modified_time":"2022-07-06T12:54:48+00:00","og_image":[{"width":1200,"height":1200,"url":"https:\/\/business.roovi.com\/wp-content\/uploads\/2018\/04\/64257_elo_roata_norocului_1.jpg","type":"image\/jpeg"}],"schema":{"@context":"https:\/\/schema.org","@graph":[{"@type":"WebPage","@id":"https:\/\/business.roovi.com\/de\/wheel-of-fortune-brett-und-strategiespiel\/p\/","url":"https:\/\/business.roovi.com\/de\/wheel-of-fortune-brett-und-strategiespiel\/p\/","name":"Wheel of Fortune - Brett- und Strategiespiel","isPartOf":{"@id":"https:\/\/business.roovi.com\/de\/#website"},"datePublished":"2018-04-16T10:56:06+00:00","dateModified":"2022-07-06T12:54:48+00:00","description":"Wheel of Fortune - Brett- und Strategiespiel","breadcrumb":{"@id":"https:\/\/business.roovi.com\/de\/wheel-of-fortune-brett-und-strategiespiel\/p\/#breadcrumb"},"inLanguage":"de","potentialAction":[{"@type":"ReadAction","target":["https:\/\/business.roovi.com\/de\/wheel-of-fortune-brett-und-strategiespiel\/p\/"]}]},{"@type":"BreadcrumbList","@id":"https:\/\/business.roovi.com\/de\/wheel-of-fortune-brett-und-strategiespiel\/p\/#breadcrumb","itemListElement":[{"@type":"ListItem","position":1,"name":"Home","item":"https:\/\/business.roovi.com\/de\/"},{"@type":"ListItem","position":2,"name":"Shop","item":"https:\/\/business.roovi.com\/de\/shop\/"},{"@type":"ListItem","position":3,"name":"Wheel of Fortune &#8211; Brett- und Strategiespiel"}]},{"@type":"WebSite","@id":"https:\/\/business.roovi.com\/de\/#website","url":"https:\/\/business.roovi.com\/de\/","name":"Roovi B2B","description":"Roovi Business Website","potentialAction":[{"@type":"SearchAction","target":{"@type":"EntryPoint","urlTemplate":"https:\/\/business.roovi.com\/de\/?s={search_term_string}"},"query-input":"required name=search_term_string"}],"inLanguage":"de"}]}},"_links":{"self":[{"href":"https:\/\/business.roovi.com\/de\/wp-json\/wp\/v2\/product\/39328","targetHints":{"allow":["GET"]}}],"collection":[{"href":"https:\/\/business.roovi.com\/de\/wp-json\/wp\/v2\/product"}],"about":[{"href":"https:\/\/business.roovi.com\/de\/wp-json\/wp\/v2\/types\/product"}],"version-history":[{"count":0,"href":"https:\/\/business.roovi.com\/de\/wp-json\/wp\/v2\/product\/39328\/revisions"}],"wp:featuredmedia":[{"embeddable":true,"href":"https:\/\/business.roovi.com\/de\/wp-json\/wp\/v2\/media\/30153"}],"wp:attachment":[{"href":"https:\/\/business.roovi.com\/de\/wp-json\/wp\/v2\/media?parent=39328"}],"wp:term":[{"taxonomy":"product_brand","embeddable":true,"href":"https:\/\/business.roovi.com\/de\/wp-json\/wp\/v2\/product_brand?post=39328"},{"taxonomy":"product_cat","embeddable":true,"href":"https:\/\/business.roovi.com\/de\/wp-json\/wp\/v2\/product_cat?post=39328"},{"taxonomy":"product_tag","embeddable":true,"href":"https:\/\/business.roovi.com\/de\/wp-json\/wp\/v2\/product_tag?post=39328"}],"curies":[{"name":"wp","href":"https:\/\/api.w.org\/{rel}","templated":true}]}}