{"id":39352,"date":"2018-04-16T10:56:06","date_gmt":"2018-04-16T10:56:06","guid":{"rendered":"https:\/\/business.roovi.com\/joc-pantomime-animale\/p\/"},"modified":"2022-07-06T12:59:25","modified_gmt":"2022-07-06T12:59:25","slug":"tier-pantomime-spiel-brett-und-pantomime-spiel","status":"publish","type":"product","link":"https:\/\/business.roovi.com\/de\/tier-pantomime-spiel-brett-und-pantomime-spiel\/p\/","title":{"rendered":"Tier-Pantomime-Spiel &#8211; Brett- und Pantomime-Spiel"},"content":{"rendered":"<p><span style=\"font-weight: 400\">Wie ahmt man ein Wildschwein nach? Wie w\u00e4re es mit einem Delfin? Oder vielleicht eine Ameise? \u00dcbe deine pantomimischen F\u00e4higkeiten mit deinem Kind und tauche ein in das Reich der super lustigen Spiele mit Animal Pantomime.<\/span><\/p>\n<p><span style=\"font-weight: 400\">Entdecke ein super lustiges Pantomime-Spiel, das f\u00fcr die ganze Familie geeignet ist und die Stimmung auf jeder Kinderparty anheizt. Pantomime ist das Spiel, das f\u00fcr stundenlangen Spa\u00df sorgt und alle zum Lachen bringt, vom Kleinkind bis zum Erwachsenen <\/span><\/p>\n<p><span style=\"font-weight: 400\">Au\u00dferdem kannst du nie wissen, welche verborgenen pantomimischen Talente du entdeckst, wenn du mit deinem Kind im Team spielst <\/span><\/p>\n<h2><span style=\"font-weight: 400\">Wusstest du, dass das Animal Pantomime Spiel..<\/span><\/h2>\n<ul>\n<li><span style=\"font-weight: 400\">F\u00f6rdert die Kreativit\u00e4t.<\/span><\/li>\n<li><span style=\"font-weight: 400\">F\u00f6rdert den Teamgeist und die Zusammenarbeit.<\/span><\/li>\n<li><span style=\"font-weight: 400\">F\u00f6rdert die Entwicklung der k\u00fcnstlerischen F\u00e4higkeiten und der Ausdruckskraft, die die Kleinen voll aussch\u00f6pfen, um das Tier auf der Karte zu imitieren.<\/span><\/li>\n<li><span style=\"font-weight: 400\">Legt mit Hilfe der Sanduhr die Grundbegriffe der Zeit fest.<\/span><\/li>\n<li><span style=\"font-weight: 400\">Entwickelt schnelles Denken, mit einem Zeitlimit zum Nachahmen der Pappfigur.<\/span><\/li>\n<\/ul>\n<h2><span style=\"font-weight: 400\">Warum ist Tier-Pantomime so besonders<\/span><\/h2>\n<p><span style=\"font-weight: 400\">Pantomime ist ein \u00e4u\u00dferst vielseitiges Spiel, das die nonverbale Ausdrucksf\u00e4higkeit durch Gestik und Mimik f\u00f6rdert.<\/span><\/p>\n<p><span style=\"font-weight: 400\">Es ist ein sehr gutes Teamkoordinationsspiel, das den Grundstein f\u00fcr die Begriffe Zusammenarbeit, Vertrauen, Unterst\u00fctzung und das Teilen der gemeinsamen Freude am Erfolg und der gemeinsamen Annahme der Niederlage legt <\/span><\/p>\n<p><span style=\"font-weight: 400\">Au\u00dferdem regt es die Kreativit\u00e4t stark an. Die Spielerinnen und Spieler m\u00fcssen die kreativste Art finden, verschiedene Tiere nachzuahmen, damit ihr Team das nachgeahmte Tier erraten kann, bevor die Zeit abl\u00e4uft.<\/span><\/p>\n<p><span style=\"font-weight: 400\">Empfohlenes Alter: 4+<\/span><\/p>\n<p><span style=\"font-weight: 400\">Spieler: 2 &#8211; 16 Spieler<\/span><\/p>\n<p><span style=\"font-weight: 400\">Die Box enth\u00e4lt <\/span><span style=\"font-weight: 400\">1 Spielbrett, 64 Spielkarten, 1 Sanduhr, 4 Z\u00e4hler, 1 W\u00fcrfel, Spielregeln.<\/span><\/p>\n<p><span style=\"font-weight: 400\">Das Spiel wird nicht f\u00fcr Kinder unter 3 Jahren empfohlen. Enth\u00e4lt kleine Teile, die verschluckt werden k\u00f6nnen.<\/span><\/p><\/p>\n","protected":false},"excerpt":{"rendered":"<p>Wie ahmt man ein Wildschwein nach? Wie w\u00e4re es mit einem Delfin? Oder vielleicht eine Ameise? \u00dcbe deine pantomimischen F\u00e4higkeiten<\/p>\n","protected":false},"featured_media":30191,"template":"","meta":[],"product_brand":[],"product_cat":[1853,1854],"product_tag":[],"class_list":{"0":"post-39352","1":"product","2":"type-product","3":"status-publish","4":"has-post-thumbnail","6":"product_cat-brettspiele","7":"product_cat-party-spiele","8":"pa_bax-10-de","9":"pa_brand-d_toys-de","10":"pa_country_of_manufacture-ro-de","11":"pa_filter_age-14-de","12":"pa_filter_age-3_5-de","13":"pa_filter_age-5_7-de","14":"pa_filter_age-7_9-de","15":"pa_filter_age-9_14-de","16":"pa_tip_ambalaj-kasten-a4-de","18":"first","19":"instock","20":"taxable","21":"shipping-taxable","22":"product-type-simple"},"yoast_head":"<!-- This site is optimized with the Yoast SEO plugin v20.1 - https:\/\/yoast.com\/wordpress\/plugins\/seo\/ -->\n<title>Tier-Pantomime-Spiel - Brett- und Pantomime-Spiel<\/title>\n<meta name=\"description\" content=\"Tier-Pantomime-Spiel - Brett- und Pantomime-Spiel\" \/>\n<meta name=\"robots\" content=\"index, follow, max-snippet:-1, max-image-preview:large, max-video-preview:-1\" \/>\n<link rel=\"canonical\" href=\"https:\/\/business.roovi.com\/de\/tier-pantomime-spiel-brett-und-pantomime-spiel\/p\/\" \/>\n<meta property=\"og:locale\" content=\"de_DE\" \/>\n<meta property=\"og:type\" content=\"article\" \/>\n<meta property=\"og:title\" content=\"Tier-Pantomime-Spiel - Brett- und Pantomime-Spiel\" \/>\n<meta property=\"og:description\" content=\"Tier-Pantomime-Spiel - Brett- und Pantomime-Spiel\" \/>\n<meta property=\"og:url\" content=\"https:\/\/business.roovi.com\/de\/tier-pantomime-spiel-brett-und-pantomime-spiel\/p\/\" \/>\n<meta property=\"og:site_name\" content=\"Roovi B2B\" \/>\n<meta property=\"article:publisher\" content=\"https:\/\/www.facebook.com\/wwwjucariero\" \/>\n<meta property=\"article:modified_time\" content=\"2022-07-06T12:59:25+00:00\" \/>\n<meta property=\"og:image\" content=\"https:\/\/business.roovi.com\/wp-content\/uploads\/2018\/04\/66459_elo_pantomime_1.jpg\" \/>\n\t<meta property=\"og:image:width\" content=\"1200\" \/>\n\t<meta property=\"og:image:height\" content=\"1200\" \/>\n\t<meta property=\"og:image:type\" content=\"image\/jpeg\" \/>\n<meta name=\"twitter:label1\" content=\"Gesch\u00e4tzte Lesezeit\" \/>\n\t<meta name=\"twitter:data1\" content=\"1\u00a0Minute\" \/>\n<script type=\"application\/ld+json\" class=\"yoast-schema-graph\">{\"@context\":\"https:\/\/schema.org\",\"@graph\":[{\"@type\":\"WebPage\",\"@id\":\"https:\/\/business.roovi.com\/de\/tier-pantomime-spiel-brett-und-pantomime-spiel\/p\/\",\"url\":\"https:\/\/business.roovi.com\/de\/tier-pantomime-spiel-brett-und-pantomime-spiel\/p\/\",\"name\":\"Tier-Pantomime-Spiel - Brett- und Pantomime-Spiel\",\"isPartOf\":{\"@id\":\"https:\/\/business.roovi.com\/de\/#website\"},\"datePublished\":\"2018-04-16T10:56:06+00:00\",\"dateModified\":\"2022-07-06T12:59:25+00:00\",\"description\":\"Tier-Pantomime-Spiel - Brett- und Pantomime-Spiel\",\"breadcrumb\":{\"@id\":\"https:\/\/business.roovi.com\/de\/tier-pantomime-spiel-brett-und-pantomime-spiel\/p\/#breadcrumb\"},\"inLanguage\":\"de\",\"potentialAction\":[{\"@type\":\"ReadAction\",\"target\":[\"https:\/\/business.roovi.com\/de\/tier-pantomime-spiel-brett-und-pantomime-spiel\/p\/\"]}]},{\"@type\":\"BreadcrumbList\",\"@id\":\"https:\/\/business.roovi.com\/de\/tier-pantomime-spiel-brett-und-pantomime-spiel\/p\/#breadcrumb\",\"itemListElement\":[{\"@type\":\"ListItem\",\"position\":1,\"name\":\"Home\",\"item\":\"https:\/\/business.roovi.com\/de\/\"},{\"@type\":\"ListItem\",\"position\":2,\"name\":\"Shop\",\"item\":\"https:\/\/business.roovi.com\/de\/shop\/\"},{\"@type\":\"ListItem\",\"position\":3,\"name\":\"Tier-Pantomime-Spiel &#8211; Brett- und Pantomime-Spiel\"}]},{\"@type\":\"WebSite\",\"@id\":\"https:\/\/business.roovi.com\/de\/#website\",\"url\":\"https:\/\/business.roovi.com\/de\/\",\"name\":\"Roovi B2B\",\"description\":\"Roovi Business Website\",\"potentialAction\":[{\"@type\":\"SearchAction\",\"target\":{\"@type\":\"EntryPoint\",\"urlTemplate\":\"https:\/\/business.roovi.com\/de\/?s={search_term_string}\"},\"query-input\":\"required name=search_term_string\"}],\"inLanguage\":\"de\"}]}<\/script>\n<!-- \/ Yoast SEO plugin. -->","yoast_head_json":{"title":"Tier-Pantomime-Spiel - Brett- und Pantomime-Spiel","description":"Tier-Pantomime-Spiel - Brett- und Pantomime-Spiel","robots":{"index":"index","follow":"follow","max-snippet":"max-snippet:-1","max-image-preview":"max-image-preview:large","max-video-preview":"max-video-preview:-1"},"canonical":"https:\/\/business.roovi.com\/de\/tier-pantomime-spiel-brett-und-pantomime-spiel\/p\/","og_locale":"de_DE","og_type":"article","og_title":"Tier-Pantomime-Spiel - Brett- und Pantomime-Spiel","og_description":"Tier-Pantomime-Spiel - Brett- und Pantomime-Spiel","og_url":"https:\/\/business.roovi.com\/de\/tier-pantomime-spiel-brett-und-pantomime-spiel\/p\/","og_site_name":"Roovi B2B","article_publisher":"https:\/\/www.facebook.com\/wwwjucariero","article_modified_time":"2022-07-06T12:59:25+00:00","og_image":[{"width":1200,"height":1200,"url":"https:\/\/business.roovi.com\/wp-content\/uploads\/2018\/04\/66459_elo_pantomime_1.jpg","type":"image\/jpeg"}],"twitter_misc":{"Gesch\u00e4tzte Lesezeit":"1\u00a0Minute"},"schema":{"@context":"https:\/\/schema.org","@graph":[{"@type":"WebPage","@id":"https:\/\/business.roovi.com\/de\/tier-pantomime-spiel-brett-und-pantomime-spiel\/p\/","url":"https:\/\/business.roovi.com\/de\/tier-pantomime-spiel-brett-und-pantomime-spiel\/p\/","name":"Tier-Pantomime-Spiel - Brett- und Pantomime-Spiel","isPartOf":{"@id":"https:\/\/business.roovi.com\/de\/#website"},"datePublished":"2018-04-16T10:56:06+00:00","dateModified":"2022-07-06T12:59:25+00:00","description":"Tier-Pantomime-Spiel - Brett- und Pantomime-Spiel","breadcrumb":{"@id":"https:\/\/business.roovi.com\/de\/tier-pantomime-spiel-brett-und-pantomime-spiel\/p\/#breadcrumb"},"inLanguage":"de","potentialAction":[{"@type":"ReadAction","target":["https:\/\/business.roovi.com\/de\/tier-pantomime-spiel-brett-und-pantomime-spiel\/p\/"]}]},{"@type":"BreadcrumbList","@id":"https:\/\/business.roovi.com\/de\/tier-pantomime-spiel-brett-und-pantomime-spiel\/p\/#breadcrumb","itemListElement":[{"@type":"ListItem","position":1,"name":"Home","item":"https:\/\/business.roovi.com\/de\/"},{"@type":"ListItem","position":2,"name":"Shop","item":"https:\/\/business.roovi.com\/de\/shop\/"},{"@type":"ListItem","position":3,"name":"Tier-Pantomime-Spiel &#8211; Brett- und Pantomime-Spiel"}]},{"@type":"WebSite","@id":"https:\/\/business.roovi.com\/de\/#website","url":"https:\/\/business.roovi.com\/de\/","name":"Roovi B2B","description":"Roovi Business Website","potentialAction":[{"@type":"SearchAction","target":{"@type":"EntryPoint","urlTemplate":"https:\/\/business.roovi.com\/de\/?s={search_term_string}"},"query-input":"required name=search_term_string"}],"inLanguage":"de"}]}},"_links":{"self":[{"href":"https:\/\/business.roovi.com\/de\/wp-json\/wp\/v2\/product\/39352","targetHints":{"allow":["GET"]}}],"collection":[{"href":"https:\/\/business.roovi.com\/de\/wp-json\/wp\/v2\/product"}],"about":[{"href":"https:\/\/business.roovi.com\/de\/wp-json\/wp\/v2\/types\/product"}],"version-history":[{"count":0,"href":"https:\/\/business.roovi.com\/de\/wp-json\/wp\/v2\/product\/39352\/revisions"}],"wp:featuredmedia":[{"embeddable":true,"href":"https:\/\/business.roovi.com\/de\/wp-json\/wp\/v2\/media\/30191"}],"wp:attachment":[{"href":"https:\/\/business.roovi.com\/de\/wp-json\/wp\/v2\/media?parent=39352"}],"wp:term":[{"taxonomy":"product_brand","embeddable":true,"href":"https:\/\/business.roovi.com\/de\/wp-json\/wp\/v2\/product_brand?post=39352"},{"taxonomy":"product_cat","embeddable":true,"href":"https:\/\/business.roovi.com\/de\/wp-json\/wp\/v2\/product_cat?post=39352"},{"taxonomy":"product_tag","embeddable":true,"href":"https:\/\/business.roovi.com\/de\/wp-json\/wp\/v2\/product_tag?post=39352"}],"curies":[{"name":"wp","href":"https:\/\/api.w.org\/{rel}","templated":true}]}}