{"id":39364,"date":"2018-04-16T10:56:06","date_gmt":"2018-04-16T10:56:06","guid":{"rendered":"https:\/\/business.roovi.com\/joc-comoara-piratilor\/p\/"},"modified":"2022-07-06T12:59:41","modified_gmt":"2022-07-06T12:59:41","slug":"pirates-treasure-3d-brettspiel","status":"publish","type":"product","link":"https:\/\/business.roovi.com\/de\/pirates-treasure-3d-brettspiel\/p\/","title":{"rendered":"Pirate&#8217;s Treasure &#8211; 3D-Brettspiel"},"content":{"rendered":"<p><span style=\"font-weight: 400\">Pirate&#8217;s Treasure ist das perfekte Brettspiel, um die grenzenlose Fantasie der Kinder anzuregen. Sie werden schnell in das Rollenspiel einsteigen und sich dabei fantastische Abenteuer ausdenken k\u00f6nnen <\/span><\/p>\n<p><span style=\"font-weight: 400\">Eine ganze Welt voller Geheimnisse und Fantasie wartet darauf, von kleinen Abenteurern entdeckt zu werden, die sich auf eine faszinierende Reise auf den Spuren der gef\u00fcrchteten Piraten begeben <\/span><\/p>\n<p><span style=\"font-weight: 400\">Ein herausforderndes Spiel, perfekt f\u00fcr Kinder, die die Meere und Ozeane erkunden wollen, um in den Tiefen versteckte Sch\u00e4tze, verlassene Inseln und freundliche Delfine zu entdecken, die ihnen bei ihrer Suche helfen <\/span><\/p>\n<h2><span style=\"font-weight: 400\">Wusstest du, dass Pirate&#8217;s Treasure..<\/span><\/h2>\n<ul>\n<li><span style=\"font-weight: 400\">Hilft, Geduld und Zusammenarbeit zu \u00fcben <\/span><\/li>\n<li><span style=\"font-weight: 400\">Es unterst\u00fctzt die Integration von Gruppen und das Einhalten von Regeln.<\/span><\/li>\n<li><span style=\"font-weight: 400\">Dank der dreidimensionalen Struktur des Spielbretts, das die Kinder selbst bauen k\u00f6nnen, werden Geschicklichkeit und motorische F\u00e4higkeiten auf die Probe gestellt <\/span><\/li>\n<li><span style=\"font-weight: 400\">Kinder k\u00f6nnen einfache mathematische Konzepte lernen, indem sie Addition und Subtraktion \u00fcben, um sich auf der Bahn zu bewegen.<\/span><\/li>\n<li><span style=\"font-weight: 400\">Es ist eine gute Gelegenheit, mit Kindern \u00fcber Piraten, Schiffe und das Reisen um die Welt zu sprechen <\/span><\/li>\n<\/ul>\n<h2><span style=\"font-weight: 400\">Warum Pirate&#8217;s Treasure w\u00e4hlen<\/span><\/h2>\n<p><span style=\"font-weight: 400\">Der Spielplan mischt harmonisch warme und k\u00fchle Farben, so dass sie die Kinderaugen nicht ablenken und sie nicht von dem Abenteuer, den versteckten Schatz zu entdecken, ablenken <\/span><\/p>\n<p><span style=\"font-weight: 400\">F\u00fcr zus\u00e4tzliche Haltbarkeit ist das Brett aus laminierter Pappe mit einem hohen H\u00e4rtegrad gefertigt, so dass die Kleinen immer wieder uneingeschr\u00e4nkt auf Abenteuer gehen k\u00f6nnen.  <\/span><\/p>\n<p><span style=\"font-weight: 400\">Egal, ob du sie auf ein Abenteuer zur Pirateninsel begleitest und mit ihnen Zeit verbringst oder ob sie sich mit Freunden auf eine Reise begeben, mit dem Piratenschatz ist der Spa\u00df garantiert <\/span><\/p>\n<p><span style=\"font-weight: 400\">Empfohlenes Alter: 5+<\/span><\/p>\n<p><span style=\"font-weight: 400\">Spieler: 2-4 Personen<\/span><\/p>\n<p><span style=\"font-weight: 400\">Box enth\u00e4lt: 1 3D-Spielplattform, 1 W\u00fcrfel, 4 Spielsteine, Spielregeln     <\/span><\/p>\n<p><span style=\"font-weight: 400\">Das Spiel wird nicht f\u00fcr Kinder unter 3 Jahren empfohlen. Enth\u00e4lt kleine Teile, die verschluckt werden k\u00f6nnen.<\/span><\/p><\/p>\n","protected":false},"excerpt":{"rendered":"<p>Pirate&#8217;s Treasure ist das perfekte Brettspiel, um die grenzenlose Fantasie der Kinder anzuregen. Sie werden schnell in das Rollenspiel einsteigen<\/p>\n","protected":false},"featured_media":30207,"template":"","meta":[],"product_brand":[],"product_cat":[1853,1855],"product_tag":[],"class_list":{"0":"post-39364","1":"product","2":"type-product","3":"status-publish","4":"has-post-thumbnail","6":"product_cat-brettspiele","7":"product_cat-familienspiele","8":"pa_bax-10-de","9":"pa_brand-d_toys-de","10":"pa_country_of_manufacture-ro-de","11":"pa_filter_age-3_5-de","12":"pa_filter_age-5_7-de","13":"pa_filter_age-7_9-de","14":"pa_tip_ambalaj-kasten-a4-de","16":"first","17":"instock","18":"taxable","19":"shipping-taxable","20":"product-type-simple"},"yoast_head":"<!-- This site is optimized with the Yoast SEO plugin v20.1 - https:\/\/yoast.com\/wordpress\/plugins\/seo\/ -->\n<title>Pirate&#039;s Treasure - 3D-Brettspiel<\/title>\n<meta name=\"description\" content=\"Pirate&#039;s Treasure - 3D-Brettspiel\" \/>\n<meta name=\"robots\" content=\"index, follow, max-snippet:-1, max-image-preview:large, max-video-preview:-1\" \/>\n<link rel=\"canonical\" href=\"https:\/\/business.roovi.com\/de\/pirates-treasure-3d-brettspiel\/p\/\" \/>\n<meta property=\"og:locale\" content=\"de_DE\" \/>\n<meta property=\"og:type\" content=\"article\" \/>\n<meta property=\"og:title\" content=\"Pirate&#039;s Treasure - 3D-Brettspiel\" \/>\n<meta property=\"og:description\" content=\"Pirate&#039;s Treasure - 3D-Brettspiel\" \/>\n<meta property=\"og:url\" content=\"https:\/\/business.roovi.com\/de\/pirates-treasure-3d-brettspiel\/p\/\" \/>\n<meta property=\"og:site_name\" content=\"Roovi B2B\" \/>\n<meta property=\"article:publisher\" content=\"https:\/\/www.facebook.com\/wwwjucariero\" \/>\n<meta property=\"article:modified_time\" content=\"2022-07-06T12:59:41+00:00\" \/>\n<meta property=\"og:image\" content=\"https:\/\/business.roovi.com\/wp-content\/uploads\/2018\/04\/64837_elo_1.jpg\" \/>\n\t<meta property=\"og:image:width\" content=\"1200\" \/>\n\t<meta property=\"og:image:height\" content=\"1200\" \/>\n\t<meta property=\"og:image:type\" content=\"image\/jpeg\" \/>\n<meta name=\"twitter:label1\" content=\"Gesch\u00e4tzte Lesezeit\" \/>\n\t<meta name=\"twitter:data1\" content=\"2\u00a0Minuten\" \/>\n<script type=\"application\/ld+json\" class=\"yoast-schema-graph\">{\"@context\":\"https:\/\/schema.org\",\"@graph\":[{\"@type\":\"WebPage\",\"@id\":\"https:\/\/business.roovi.com\/de\/pirates-treasure-3d-brettspiel\/p\/\",\"url\":\"https:\/\/business.roovi.com\/de\/pirates-treasure-3d-brettspiel\/p\/\",\"name\":\"Pirate's Treasure - 3D-Brettspiel\",\"isPartOf\":{\"@id\":\"https:\/\/business.roovi.com\/de\/#website\"},\"datePublished\":\"2018-04-16T10:56:06+00:00\",\"dateModified\":\"2022-07-06T12:59:41+00:00\",\"description\":\"Pirate's Treasure - 3D-Brettspiel\",\"breadcrumb\":{\"@id\":\"https:\/\/business.roovi.com\/de\/pirates-treasure-3d-brettspiel\/p\/#breadcrumb\"},\"inLanguage\":\"de\",\"potentialAction\":[{\"@type\":\"ReadAction\",\"target\":[\"https:\/\/business.roovi.com\/de\/pirates-treasure-3d-brettspiel\/p\/\"]}]},{\"@type\":\"BreadcrumbList\",\"@id\":\"https:\/\/business.roovi.com\/de\/pirates-treasure-3d-brettspiel\/p\/#breadcrumb\",\"itemListElement\":[{\"@type\":\"ListItem\",\"position\":1,\"name\":\"Home\",\"item\":\"https:\/\/business.roovi.com\/de\/\"},{\"@type\":\"ListItem\",\"position\":2,\"name\":\"Shop\",\"item\":\"https:\/\/business.roovi.com\/de\/shop\/\"},{\"@type\":\"ListItem\",\"position\":3,\"name\":\"Pirate&#8217;s Treasure &#8211; 3D-Brettspiel\"}]},{\"@type\":\"WebSite\",\"@id\":\"https:\/\/business.roovi.com\/de\/#website\",\"url\":\"https:\/\/business.roovi.com\/de\/\",\"name\":\"Roovi B2B\",\"description\":\"Roovi Business Website\",\"potentialAction\":[{\"@type\":\"SearchAction\",\"target\":{\"@type\":\"EntryPoint\",\"urlTemplate\":\"https:\/\/business.roovi.com\/de\/?s={search_term_string}\"},\"query-input\":\"required name=search_term_string\"}],\"inLanguage\":\"de\"}]}<\/script>\n<!-- \/ Yoast SEO plugin. -->","yoast_head_json":{"title":"Pirate's Treasure - 3D-Brettspiel","description":"Pirate's Treasure - 3D-Brettspiel","robots":{"index":"index","follow":"follow","max-snippet":"max-snippet:-1","max-image-preview":"max-image-preview:large","max-video-preview":"max-video-preview:-1"},"canonical":"https:\/\/business.roovi.com\/de\/pirates-treasure-3d-brettspiel\/p\/","og_locale":"de_DE","og_type":"article","og_title":"Pirate's Treasure - 3D-Brettspiel","og_description":"Pirate's Treasure - 3D-Brettspiel","og_url":"https:\/\/business.roovi.com\/de\/pirates-treasure-3d-brettspiel\/p\/","og_site_name":"Roovi B2B","article_publisher":"https:\/\/www.facebook.com\/wwwjucariero","article_modified_time":"2022-07-06T12:59:41+00:00","og_image":[{"width":1200,"height":1200,"url":"https:\/\/business.roovi.com\/wp-content\/uploads\/2018\/04\/64837_elo_1.jpg","type":"image\/jpeg"}],"twitter_misc":{"Gesch\u00e4tzte Lesezeit":"2\u00a0Minuten"},"schema":{"@context":"https:\/\/schema.org","@graph":[{"@type":"WebPage","@id":"https:\/\/business.roovi.com\/de\/pirates-treasure-3d-brettspiel\/p\/","url":"https:\/\/business.roovi.com\/de\/pirates-treasure-3d-brettspiel\/p\/","name":"Pirate's Treasure - 3D-Brettspiel","isPartOf":{"@id":"https:\/\/business.roovi.com\/de\/#website"},"datePublished":"2018-04-16T10:56:06+00:00","dateModified":"2022-07-06T12:59:41+00:00","description":"Pirate's Treasure - 3D-Brettspiel","breadcrumb":{"@id":"https:\/\/business.roovi.com\/de\/pirates-treasure-3d-brettspiel\/p\/#breadcrumb"},"inLanguage":"de","potentialAction":[{"@type":"ReadAction","target":["https:\/\/business.roovi.com\/de\/pirates-treasure-3d-brettspiel\/p\/"]}]},{"@type":"BreadcrumbList","@id":"https:\/\/business.roovi.com\/de\/pirates-treasure-3d-brettspiel\/p\/#breadcrumb","itemListElement":[{"@type":"ListItem","position":1,"name":"Home","item":"https:\/\/business.roovi.com\/de\/"},{"@type":"ListItem","position":2,"name":"Shop","item":"https:\/\/business.roovi.com\/de\/shop\/"},{"@type":"ListItem","position":3,"name":"Pirate&#8217;s Treasure &#8211; 3D-Brettspiel"}]},{"@type":"WebSite","@id":"https:\/\/business.roovi.com\/de\/#website","url":"https:\/\/business.roovi.com\/de\/","name":"Roovi B2B","description":"Roovi Business Website","potentialAction":[{"@type":"SearchAction","target":{"@type":"EntryPoint","urlTemplate":"https:\/\/business.roovi.com\/de\/?s={search_term_string}"},"query-input":"required name=search_term_string"}],"inLanguage":"de"}]}},"_links":{"self":[{"href":"https:\/\/business.roovi.com\/de\/wp-json\/wp\/v2\/product\/39364","targetHints":{"allow":["GET"]}}],"collection":[{"href":"https:\/\/business.roovi.com\/de\/wp-json\/wp\/v2\/product"}],"about":[{"href":"https:\/\/business.roovi.com\/de\/wp-json\/wp\/v2\/types\/product"}],"version-history":[{"count":0,"href":"https:\/\/business.roovi.com\/de\/wp-json\/wp\/v2\/product\/39364\/revisions"}],"wp:featuredmedia":[{"embeddable":true,"href":"https:\/\/business.roovi.com\/de\/wp-json\/wp\/v2\/media\/30207"}],"wp:attachment":[{"href":"https:\/\/business.roovi.com\/de\/wp-json\/wp\/v2\/media?parent=39364"}],"wp:term":[{"taxonomy":"product_brand","embeddable":true,"href":"https:\/\/business.roovi.com\/de\/wp-json\/wp\/v2\/product_brand?post=39364"},{"taxonomy":"product_cat","embeddable":true,"href":"https:\/\/business.roovi.com\/de\/wp-json\/wp\/v2\/product_cat?post=39364"},{"taxonomy":"product_tag","embeddable":true,"href":"https:\/\/business.roovi.com\/de\/wp-json\/wp\/v2\/product_tag?post=39364"}],"curies":[{"name":"wp","href":"https:\/\/api.w.org\/{rel}","templated":true}]}}