{"id":39492,"date":"2018-04-16T10:56:04","date_gmt":"2018-04-16T10:56:04","guid":{"rendered":"https:\/\/business.roovi.com\/joc-zbeng\/p\/"},"modified":"2022-07-06T13:14:32","modified_gmt":"2022-07-06T13:14:32","slug":"zbeng-spiel-gedachtnis-und-aufmerksamkeitsspiel","status":"publish","type":"product","link":"https:\/\/business.roovi.com\/de\/zbeng-spiel-gedachtnis-und-aufmerksamkeitsspiel\/p\/","title":{"rendered":"Zbeng Spiel &#8211; Ged\u00e4chtnis- und Aufmerksamkeitsspiel"},"content":{"rendered":"<p>ZBENG!, der multifunktionale Trainer, stellt eine einzigartige Herausforderung f\u00fcr den Geist und den K\u00f6rper aktiver Kinder dar. Die Kinder h\u00f6ren auf Sprachbefehle, suchen nach den richtigen Spielsteinen und ZBENG! Die zehn Spielsteine k\u00f6nnen \u00fcberall platziert werden, drau\u00dfen oder drinnen, und die 6 verschiedenen Spiele k\u00f6nnen allein oder mit Freunden gespielt werden. Das Spiel f\u00f6rdert die Reflexe, die Geschicklichkeit, das Ged\u00e4chtnis, die Aufmerksamkeit und die Logik der Kinder. Es regt auch den Wettbewerbsgeist der Kinder an und st\u00e4rkt ihren Teamgeist.ZBENG! funktioniert mit 3 AAA-Batterien, die nicht im Set enthalten sind.<\/p>\n","protected":false},"excerpt":{"rendered":"<p>ZBENG!, der multifunktionale Trainer, stellt eine einzigartige Herausforderung f\u00fcr den Geist und den K\u00f6rper aktiver Kinder dar. Die Kinder h\u00f6ren<\/p>\n","protected":false},"featured_media":69625,"template":"","meta":[],"product_brand":[],"product_cat":[1853,1992],"product_tag":[],"class_list":{"0":"post-39492","1":"product","2":"type-product","3":"status-publish","4":"has-post-thumbnail","6":"product_cat-brettspiele","7":"product_cat-geschicklichkeits-spiele","8":"pa_bax-5-de","9":"pa_brand-d_toys-de","10":"pa_country_of_manufacture-ro-de","11":"pa_filter_age-5_7-de","12":"pa_filter_age-7_9-de","13":"pa_filter_age-9_14-de","14":"pa_tip_ambalaj-kasten-a4-de","16":"first","17":"instock","18":"taxable","19":"shipping-taxable","20":"product-type-simple"},"yoast_head":"<!-- This site is optimized with the Yoast SEO plugin v20.1 - https:\/\/yoast.com\/wordpress\/plugins\/seo\/ -->\n<title>Zbeng Spiel - Ged\u00e4chtnis- und Aufmerksamkeitsspiel<\/title>\n<meta name=\"description\" content=\"Zbeng Spiel - Ged\u00e4chtnis- und Aufmerksamkeitsspiel\" \/>\n<meta name=\"robots\" content=\"index, follow, max-snippet:-1, max-image-preview:large, max-video-preview:-1\" \/>\n<link rel=\"canonical\" href=\"https:\/\/business.roovi.com\/de\/zbeng-spiel-gedachtnis-und-aufmerksamkeitsspiel\/p\/\" \/>\n<meta property=\"og:locale\" content=\"de_DE\" \/>\n<meta property=\"og:type\" content=\"article\" \/>\n<meta property=\"og:title\" content=\"Zbeng Spiel - Ged\u00e4chtnis- und Aufmerksamkeitsspiel\" \/>\n<meta property=\"og:description\" content=\"Zbeng Spiel - Ged\u00e4chtnis- und Aufmerksamkeitsspiel\" \/>\n<meta property=\"og:url\" content=\"https:\/\/business.roovi.com\/de\/zbeng-spiel-gedachtnis-und-aufmerksamkeitsspiel\/p\/\" \/>\n<meta property=\"og:site_name\" content=\"Roovi B2B\" \/>\n<meta property=\"article:publisher\" content=\"https:\/\/www.facebook.com\/wwwjucariero\" \/>\n<meta property=\"article:modified_time\" content=\"2022-07-06T13:14:32+00:00\" \/>\n<meta property=\"og:image\" content=\"https:\/\/business.roovi.com\/wp-content\/uploads\/2018\/04\/zbeng-67203.jpg\" \/>\n\t<meta property=\"og:image:width\" content=\"737\" \/>\n\t<meta property=\"og:image:height\" content=\"737\" \/>\n\t<meta property=\"og:image:type\" content=\"image\/jpeg\" \/>\n<script type=\"application\/ld+json\" class=\"yoast-schema-graph\">{\"@context\":\"https:\/\/schema.org\",\"@graph\":[{\"@type\":\"WebPage\",\"@id\":\"https:\/\/business.roovi.com\/de\/zbeng-spiel-gedachtnis-und-aufmerksamkeitsspiel\/p\/\",\"url\":\"https:\/\/business.roovi.com\/de\/zbeng-spiel-gedachtnis-und-aufmerksamkeitsspiel\/p\/\",\"name\":\"Zbeng Spiel - Ged\u00e4chtnis- und Aufmerksamkeitsspiel\",\"isPartOf\":{\"@id\":\"https:\/\/business.roovi.com\/de\/#website\"},\"datePublished\":\"2018-04-16T10:56:04+00:00\",\"dateModified\":\"2022-07-06T13:14:32+00:00\",\"description\":\"Zbeng Spiel - Ged\u00e4chtnis- und Aufmerksamkeitsspiel\",\"breadcrumb\":{\"@id\":\"https:\/\/business.roovi.com\/de\/zbeng-spiel-gedachtnis-und-aufmerksamkeitsspiel\/p\/#breadcrumb\"},\"inLanguage\":\"de\",\"potentialAction\":[{\"@type\":\"ReadAction\",\"target\":[\"https:\/\/business.roovi.com\/de\/zbeng-spiel-gedachtnis-und-aufmerksamkeitsspiel\/p\/\"]}]},{\"@type\":\"BreadcrumbList\",\"@id\":\"https:\/\/business.roovi.com\/de\/zbeng-spiel-gedachtnis-und-aufmerksamkeitsspiel\/p\/#breadcrumb\",\"itemListElement\":[{\"@type\":\"ListItem\",\"position\":1,\"name\":\"Home\",\"item\":\"https:\/\/business.roovi.com\/de\/\"},{\"@type\":\"ListItem\",\"position\":2,\"name\":\"Shop\",\"item\":\"https:\/\/business.roovi.com\/de\/shop\/\"},{\"@type\":\"ListItem\",\"position\":3,\"name\":\"Zbeng Spiel &#8211; Ged\u00e4chtnis- und Aufmerksamkeitsspiel\"}]},{\"@type\":\"WebSite\",\"@id\":\"https:\/\/business.roovi.com\/de\/#website\",\"url\":\"https:\/\/business.roovi.com\/de\/\",\"name\":\"Roovi B2B\",\"description\":\"Roovi Business Website\",\"potentialAction\":[{\"@type\":\"SearchAction\",\"target\":{\"@type\":\"EntryPoint\",\"urlTemplate\":\"https:\/\/business.roovi.com\/de\/?s={search_term_string}\"},\"query-input\":\"required name=search_term_string\"}],\"inLanguage\":\"de\"}]}<\/script>\n<!-- \/ Yoast SEO plugin. -->","yoast_head_json":{"title":"Zbeng Spiel - Ged\u00e4chtnis- und Aufmerksamkeitsspiel","description":"Zbeng Spiel - Ged\u00e4chtnis- und Aufmerksamkeitsspiel","robots":{"index":"index","follow":"follow","max-snippet":"max-snippet:-1","max-image-preview":"max-image-preview:large","max-video-preview":"max-video-preview:-1"},"canonical":"https:\/\/business.roovi.com\/de\/zbeng-spiel-gedachtnis-und-aufmerksamkeitsspiel\/p\/","og_locale":"de_DE","og_type":"article","og_title":"Zbeng Spiel - Ged\u00e4chtnis- und Aufmerksamkeitsspiel","og_description":"Zbeng Spiel - Ged\u00e4chtnis- und Aufmerksamkeitsspiel","og_url":"https:\/\/business.roovi.com\/de\/zbeng-spiel-gedachtnis-und-aufmerksamkeitsspiel\/p\/","og_site_name":"Roovi B2B","article_publisher":"https:\/\/www.facebook.com\/wwwjucariero","article_modified_time":"2022-07-06T13:14:32+00:00","og_image":[{"width":737,"height":737,"url":"https:\/\/business.roovi.com\/wp-content\/uploads\/2018\/04\/zbeng-67203.jpg","type":"image\/jpeg"}],"schema":{"@context":"https:\/\/schema.org","@graph":[{"@type":"WebPage","@id":"https:\/\/business.roovi.com\/de\/zbeng-spiel-gedachtnis-und-aufmerksamkeitsspiel\/p\/","url":"https:\/\/business.roovi.com\/de\/zbeng-spiel-gedachtnis-und-aufmerksamkeitsspiel\/p\/","name":"Zbeng Spiel - Ged\u00e4chtnis- und Aufmerksamkeitsspiel","isPartOf":{"@id":"https:\/\/business.roovi.com\/de\/#website"},"datePublished":"2018-04-16T10:56:04+00:00","dateModified":"2022-07-06T13:14:32+00:00","description":"Zbeng Spiel - Ged\u00e4chtnis- und Aufmerksamkeitsspiel","breadcrumb":{"@id":"https:\/\/business.roovi.com\/de\/zbeng-spiel-gedachtnis-und-aufmerksamkeitsspiel\/p\/#breadcrumb"},"inLanguage":"de","potentialAction":[{"@type":"ReadAction","target":["https:\/\/business.roovi.com\/de\/zbeng-spiel-gedachtnis-und-aufmerksamkeitsspiel\/p\/"]}]},{"@type":"BreadcrumbList","@id":"https:\/\/business.roovi.com\/de\/zbeng-spiel-gedachtnis-und-aufmerksamkeitsspiel\/p\/#breadcrumb","itemListElement":[{"@type":"ListItem","position":1,"name":"Home","item":"https:\/\/business.roovi.com\/de\/"},{"@type":"ListItem","position":2,"name":"Shop","item":"https:\/\/business.roovi.com\/de\/shop\/"},{"@type":"ListItem","position":3,"name":"Zbeng Spiel &#8211; Ged\u00e4chtnis- und Aufmerksamkeitsspiel"}]},{"@type":"WebSite","@id":"https:\/\/business.roovi.com\/de\/#website","url":"https:\/\/business.roovi.com\/de\/","name":"Roovi B2B","description":"Roovi Business Website","potentialAction":[{"@type":"SearchAction","target":{"@type":"EntryPoint","urlTemplate":"https:\/\/business.roovi.com\/de\/?s={search_term_string}"},"query-input":"required name=search_term_string"}],"inLanguage":"de"}]}},"_links":{"self":[{"href":"https:\/\/business.roovi.com\/de\/wp-json\/wp\/v2\/product\/39492","targetHints":{"allow":["GET"]}}],"collection":[{"href":"https:\/\/business.roovi.com\/de\/wp-json\/wp\/v2\/product"}],"about":[{"href":"https:\/\/business.roovi.com\/de\/wp-json\/wp\/v2\/types\/product"}],"version-history":[{"count":0,"href":"https:\/\/business.roovi.com\/de\/wp-json\/wp\/v2\/product\/39492\/revisions"}],"wp:featuredmedia":[{"embeddable":true,"href":"https:\/\/business.roovi.com\/de\/wp-json\/wp\/v2\/media\/69625"}],"wp:attachment":[{"href":"https:\/\/business.roovi.com\/de\/wp-json\/wp\/v2\/media?parent=39492"}],"wp:term":[{"taxonomy":"product_brand","embeddable":true,"href":"https:\/\/business.roovi.com\/de\/wp-json\/wp\/v2\/product_brand?post=39492"},{"taxonomy":"product_cat","embeddable":true,"href":"https:\/\/business.roovi.com\/de\/wp-json\/wp\/v2\/product_cat?post=39492"},{"taxonomy":"product_tag","embeddable":true,"href":"https:\/\/business.roovi.com\/de\/wp-json\/wp\/v2\/product_tag?post=39492"}],"curies":[{"name":"wp","href":"https:\/\/api.w.org\/{rel}","templated":true}]}}