{"id":39524,"date":"2018-04-16T10:56:04","date_gmt":"2018-04-16T10:56:04","guid":{"rendered":"https:\/\/business.roovi.com\/joc-creionul-fermecat-puzzle-24-piese-2\/p\/"},"modified":"2022-07-06T13:19:23","modified_gmt":"2022-07-06T13:19:23","slug":"musical-magic-pencil-und-puzzle-24-teile-interaktives-spiel","status":"publish","type":"product","link":"https:\/\/business.roovi.com\/de\/musical-magic-pencil-und-puzzle-24-teile-interaktives-spiel\/p\/","title":{"rendered":"Musical Magic Pencil und Puzzle 24 Teile &#8211; Interaktives Spiel"},"content":{"rendered":"<p>Ein interaktives und lustiges Spiel mit starken visuellen und logischen \u00dcbungen, dank derer das Kind spielerisch Grundwissen lernt. Mit dem Basic Set 2 k\u00f6nnen Kinder lernen, was manche Tiere essen und wo sie leben, welche Funktionen manche Gegenst\u00e4nde haben, was sie aus Rohstoffen gewinnen und vieles mehr. Das Set enth\u00e4lt 16 illustrierte Karten, einen musikalischen Bleistift und ein 24-teiliges Puzzle.<\/p>\n","protected":false},"excerpt":{"rendered":"<p>Ein interaktives und lustiges Spiel mit starken visuellen und logischen \u00dcbungen, dank derer das Kind spielerisch Grundwissen lernt. Mit dem<\/p>\n","protected":false},"featured_media":29687,"template":"","meta":[],"product_brand":[],"product_cat":[2006,1896],"product_tag":[],"class_list":{"0":"post-39524","1":"product","2":"type-product","3":"status-publish","4":"has-post-thumbnail","6":"product_cat-lernspiele","7":"product_cat-padagogische-und-wissenschaftliche-spiele","8":"pa_bax-10-de","9":"pa_brand-d_toys-de","10":"pa_country_of_manufacture-ro-de","11":"pa_filter_age-3_5-de","12":"pa_filter_age-5_7-de","13":"pa_filter_age-7_9-de","14":"pa_tip_ambalaj-kasten-a4-de","16":"first","17":"instock","18":"taxable","19":"shipping-taxable","20":"product-type-simple"},"yoast_head":"<!-- This site is optimized with the Yoast SEO plugin v20.1 - https:\/\/yoast.com\/wordpress\/plugins\/seo\/ -->\n<title>Musical Magic Pencil und Puzzle 24 Teile - Interaktives Spiel<\/title>\n<meta name=\"description\" content=\"Musical Magic Pencil und Puzzle 24 Teile - Interaktives Spiel\" \/>\n<meta name=\"robots\" content=\"index, follow, max-snippet:-1, max-image-preview:large, max-video-preview:-1\" \/>\n<link rel=\"canonical\" href=\"https:\/\/business.roovi.com\/de\/musical-magic-pencil-und-puzzle-24-teile-interaktives-spiel\/p\/\" \/>\n<meta property=\"og:locale\" content=\"de_DE\" \/>\n<meta property=\"og:type\" content=\"article\" \/>\n<meta property=\"og:title\" content=\"Musical Magic Pencil und Puzzle 24 Teile - Interaktives Spiel\" \/>\n<meta property=\"og:description\" content=\"Musical Magic Pencil und Puzzle 24 Teile - Interaktives Spiel\" \/>\n<meta property=\"og:url\" content=\"https:\/\/business.roovi.com\/de\/musical-magic-pencil-und-puzzle-24-teile-interaktives-spiel\/p\/\" \/>\n<meta property=\"og:site_name\" content=\"Roovi B2B\" \/>\n<meta property=\"article:publisher\" content=\"https:\/\/www.facebook.com\/wwwjucariero\" \/>\n<meta property=\"article:modified_time\" content=\"2022-07-06T13:19:23+00:00\" \/>\n<meta property=\"og:image\" content=\"https:\/\/business.roovi.com\/wp-content\/uploads\/2018\/04\/63397_elo.jpg\" \/>\n\t<meta property=\"og:image:width\" content=\"1200\" \/>\n\t<meta property=\"og:image:height\" content=\"1200\" \/>\n\t<meta property=\"og:image:type\" content=\"image\/jpeg\" \/>\n<script type=\"application\/ld+json\" class=\"yoast-schema-graph\">{\"@context\":\"https:\/\/schema.org\",\"@graph\":[{\"@type\":\"WebPage\",\"@id\":\"https:\/\/business.roovi.com\/de\/musical-magic-pencil-und-puzzle-24-teile-interaktives-spiel\/p\/\",\"url\":\"https:\/\/business.roovi.com\/de\/musical-magic-pencil-und-puzzle-24-teile-interaktives-spiel\/p\/\",\"name\":\"Musical Magic Pencil und Puzzle 24 Teile - Interaktives Spiel\",\"isPartOf\":{\"@id\":\"https:\/\/business.roovi.com\/de\/#website\"},\"datePublished\":\"2018-04-16T10:56:04+00:00\",\"dateModified\":\"2022-07-06T13:19:23+00:00\",\"description\":\"Musical Magic Pencil und Puzzle 24 Teile - Interaktives Spiel\",\"breadcrumb\":{\"@id\":\"https:\/\/business.roovi.com\/de\/musical-magic-pencil-und-puzzle-24-teile-interaktives-spiel\/p\/#breadcrumb\"},\"inLanguage\":\"de\",\"potentialAction\":[{\"@type\":\"ReadAction\",\"target\":[\"https:\/\/business.roovi.com\/de\/musical-magic-pencil-und-puzzle-24-teile-interaktives-spiel\/p\/\"]}]},{\"@type\":\"BreadcrumbList\",\"@id\":\"https:\/\/business.roovi.com\/de\/musical-magic-pencil-und-puzzle-24-teile-interaktives-spiel\/p\/#breadcrumb\",\"itemListElement\":[{\"@type\":\"ListItem\",\"position\":1,\"name\":\"Home\",\"item\":\"https:\/\/business.roovi.com\/de\/\"},{\"@type\":\"ListItem\",\"position\":2,\"name\":\"Shop\",\"item\":\"https:\/\/business.roovi.com\/de\/shop\/\"},{\"@type\":\"ListItem\",\"position\":3,\"name\":\"Musical Magic Pencil und Puzzle 24 Teile &#8211; Interaktives Spiel\"}]},{\"@type\":\"WebSite\",\"@id\":\"https:\/\/business.roovi.com\/de\/#website\",\"url\":\"https:\/\/business.roovi.com\/de\/\",\"name\":\"Roovi B2B\",\"description\":\"Roovi Business Website\",\"potentialAction\":[{\"@type\":\"SearchAction\",\"target\":{\"@type\":\"EntryPoint\",\"urlTemplate\":\"https:\/\/business.roovi.com\/de\/?s={search_term_string}\"},\"query-input\":\"required name=search_term_string\"}],\"inLanguage\":\"de\"}]}<\/script>\n<!-- \/ Yoast SEO plugin. -->","yoast_head_json":{"title":"Musical Magic Pencil und Puzzle 24 Teile - Interaktives Spiel","description":"Musical Magic Pencil und Puzzle 24 Teile - Interaktives Spiel","robots":{"index":"index","follow":"follow","max-snippet":"max-snippet:-1","max-image-preview":"max-image-preview:large","max-video-preview":"max-video-preview:-1"},"canonical":"https:\/\/business.roovi.com\/de\/musical-magic-pencil-und-puzzle-24-teile-interaktives-spiel\/p\/","og_locale":"de_DE","og_type":"article","og_title":"Musical Magic Pencil und Puzzle 24 Teile - Interaktives Spiel","og_description":"Musical Magic Pencil und Puzzle 24 Teile - Interaktives Spiel","og_url":"https:\/\/business.roovi.com\/de\/musical-magic-pencil-und-puzzle-24-teile-interaktives-spiel\/p\/","og_site_name":"Roovi B2B","article_publisher":"https:\/\/www.facebook.com\/wwwjucariero","article_modified_time":"2022-07-06T13:19:23+00:00","og_image":[{"width":1200,"height":1200,"url":"https:\/\/business.roovi.com\/wp-content\/uploads\/2018\/04\/63397_elo.jpg","type":"image\/jpeg"}],"schema":{"@context":"https:\/\/schema.org","@graph":[{"@type":"WebPage","@id":"https:\/\/business.roovi.com\/de\/musical-magic-pencil-und-puzzle-24-teile-interaktives-spiel\/p\/","url":"https:\/\/business.roovi.com\/de\/musical-magic-pencil-und-puzzle-24-teile-interaktives-spiel\/p\/","name":"Musical Magic Pencil und Puzzle 24 Teile - Interaktives Spiel","isPartOf":{"@id":"https:\/\/business.roovi.com\/de\/#website"},"datePublished":"2018-04-16T10:56:04+00:00","dateModified":"2022-07-06T13:19:23+00:00","description":"Musical Magic Pencil und Puzzle 24 Teile - Interaktives Spiel","breadcrumb":{"@id":"https:\/\/business.roovi.com\/de\/musical-magic-pencil-und-puzzle-24-teile-interaktives-spiel\/p\/#breadcrumb"},"inLanguage":"de","potentialAction":[{"@type":"ReadAction","target":["https:\/\/business.roovi.com\/de\/musical-magic-pencil-und-puzzle-24-teile-interaktives-spiel\/p\/"]}]},{"@type":"BreadcrumbList","@id":"https:\/\/business.roovi.com\/de\/musical-magic-pencil-und-puzzle-24-teile-interaktives-spiel\/p\/#breadcrumb","itemListElement":[{"@type":"ListItem","position":1,"name":"Home","item":"https:\/\/business.roovi.com\/de\/"},{"@type":"ListItem","position":2,"name":"Shop","item":"https:\/\/business.roovi.com\/de\/shop\/"},{"@type":"ListItem","position":3,"name":"Musical Magic Pencil und Puzzle 24 Teile &#8211; Interaktives Spiel"}]},{"@type":"WebSite","@id":"https:\/\/business.roovi.com\/de\/#website","url":"https:\/\/business.roovi.com\/de\/","name":"Roovi B2B","description":"Roovi Business Website","potentialAction":[{"@type":"SearchAction","target":{"@type":"EntryPoint","urlTemplate":"https:\/\/business.roovi.com\/de\/?s={search_term_string}"},"query-input":"required name=search_term_string"}],"inLanguage":"de"}]}},"_links":{"self":[{"href":"https:\/\/business.roovi.com\/de\/wp-json\/wp\/v2\/product\/39524","targetHints":{"allow":["GET"]}}],"collection":[{"href":"https:\/\/business.roovi.com\/de\/wp-json\/wp\/v2\/product"}],"about":[{"href":"https:\/\/business.roovi.com\/de\/wp-json\/wp\/v2\/types\/product"}],"version-history":[{"count":0,"href":"https:\/\/business.roovi.com\/de\/wp-json\/wp\/v2\/product\/39524\/revisions"}],"wp:featuredmedia":[{"embeddable":true,"href":"https:\/\/business.roovi.com\/de\/wp-json\/wp\/v2\/media\/29687"}],"wp:attachment":[{"href":"https:\/\/business.roovi.com\/de\/wp-json\/wp\/v2\/media?parent=39524"}],"wp:term":[{"taxonomy":"product_brand","embeddable":true,"href":"https:\/\/business.roovi.com\/de\/wp-json\/wp\/v2\/product_brand?post=39524"},{"taxonomy":"product_cat","embeddable":true,"href":"https:\/\/business.roovi.com\/de\/wp-json\/wp\/v2\/product_cat?post=39524"},{"taxonomy":"product_tag","embeddable":true,"href":"https:\/\/business.roovi.com\/de\/wp-json\/wp\/v2\/product_tag?post=39524"}],"curies":[{"name":"wp","href":"https:\/\/api.w.org\/{rel}","templated":true}]}}