{"id":39556,"date":"2018-04-16T10:56:04","date_gmt":"2018-04-16T10:56:04","guid":{"rendered":"https:\/\/business.roovi.com\/joc-matematica-distractiva\/p\/"},"modified":"2022-07-06T13:24:06","modified_gmt":"2022-07-06T13:24:06","slug":"fun-maths-lernspiel","status":"publish","type":"product","link":"https:\/\/business.roovi.com\/de\/fun-maths-lernspiel\/p\/","title":{"rendered":"Fun Maths &#8211; Lernspiel"},"content":{"rendered":"<p><span style=\"font-weight: 400\">Wirklich, wer h\u00e4tte gedacht, dass Mathe Spa\u00df machen kann? H\u00e4ttest du gedacht, dass du deinem Kind helfen kannst, Mathe zu lernen, w\u00e4hrend es ein Mathe-Spiel spielt?<\/span><\/p>\n<p><span style=\"font-weight: 400\">Wir haben an all die Kleinen gedacht, die ausflippen, wenn sie das Wort Mathe h\u00f6ren, und ein super lustiges Spiel entwickelt, mit dem sie stressfrei \u00fcben k\u00f6nnen <\/span><\/p>\n<p><span style=\"font-weight: 400\">Addition, Subtraktion, Multiplikation und Division werden auf dem Spielbrett zu lustigen Herausforderungen, mit denen die Kleinen jonglieren, um die h\u00f6chste Punktzahl zu erreichen <\/span><\/p>\n<p><span style=\"font-weight: 400\">Einfache oder komplexere Berechnungen werden mit ein bisschen \u00dcbung und der Hilfe eines Erwachsenen zum Kinderspiel <\/span><\/p>\n<h2><span style=\"font-weight: 400\">Wusstest du, dass das Fun Maths Game..<\/span><\/h2>\n<ul>\n<li><span style=\"font-weight: 400\">Ist ein effektiver Weg, um Kinder an die Mathematik heranzuf\u00fchren.<\/span><\/li>\n<li><span style=\"font-weight: 400\">Es entwickelt assoziatives Denken.<\/span><\/li>\n<li><span style=\"font-weight: 400\">Es hilft Kindern, Regeln zu befolgen und \u00fcbt ihre Geduld, wenn sie warten, bis sie an der Reihe sind.<\/span><\/li>\n<li><span style=\"font-weight: 400\">Stimuliert und entwickelt den Wettbewerbsgeist.<\/span><\/li>\n<li><span style=\"font-weight: 400\">F\u00f6rdert die Entwicklung des logisch-mathematischen Denkens.<\/span><\/li>\n<li><span style=\"font-weight: 400\">Kann erfolgreich f\u00fcr Unterrichtszwecke eingesetzt werden.<\/span><\/li>\n<li><span style=\"font-weight: 400\">Es macht Spa\u00df und ist eine Herausforderung.<\/span><\/li>\n<\/ul>\n<h2><span style=\"font-weight: 400\">Warum Fun Maths w\u00e4hlen?<\/span><\/h2>\n<p><span style=\"font-weight: 400\">Das Spiel kann sowohl in Kinderg\u00e4rten als auch in Schulklassen erfolgreich f\u00fcr Unterrichts- und Bildungszwecke eingesetzt werden <\/span><\/p>\n<p><span style=\"font-weight: 400\">Es kann zu Hause verwendet werden, um die Kinder mit einfachen mathematischen Grundrechenarten wie Addition und Subtraktion vertraut zu machen.  <\/span><\/p>\n<p><span style=\"font-weight: 400\">Fun Maths ist mehr als nur ein Mathe-Spiel. Es ist ein Strategiespiel, das die Kinder herausfordert, wettbewerbsf\u00e4hig zu werden, so viele Punkte wie m\u00f6glich zu sammeln und auf die Chips auf dem Tisch zu achten.<\/span><\/p>\n<p><span style=\"font-weight: 400\">Kinder lernen, schnelle Kopfrechnungen durchzuf\u00fchren, um mathematische Operationen leicht mit richtigen Antworten zu bilden. Obwohl das empfohlene Alter mindestens 8 Jahre ist, kann es auch von j\u00fcngeren Kindern unter Aufsicht von Erwachsenen erfolgreich genutzt werden.<\/span><\/p>\n<p><span style=\"font-weight: 400\">Die Fliesen sind aus Holz und die Spielsteine aus Kunststoff, was eine lange Nutzungsdauer und eine hohe Verschlei\u00dffestigkeit garantiert <\/span><\/p>\n<p><span style=\"font-weight: 400\">Zeig deinem Kind, dass Mathe kein Schreckgespenst ist, sondern sogar Spa\u00df machen kann, wenn es spielerisch gemacht wird &#8211; mit dem Fun Maths Game.<\/span><\/p>\n<p><span style=\"font-weight: 400\">Empfohlenes Alter: 8+<\/span><\/p>\n<p><span style=\"font-weight: 400\">Spieler: 1-4 Personen<\/span><\/p>\n<p><span style=\"font-weight: 400\">Die Box enth\u00e4lt <\/span><span style=\"font-weight: 400\">84 Plastikspielsteine, 4 Holzspielsteinhalter, Spielregeln.<\/span><\/p>\n<p><span style=\"font-weight: 400\">Das Spiel wird nicht f\u00fcr Kinder unter 3 Jahren empfohlen.<\/span><\/p><\/p>\n","protected":false},"excerpt":{"rendered":"<p>Wirklich, wer h\u00e4tte gedacht, dass Mathe Spa\u00df machen kann? H\u00e4ttest du gedacht, dass du deinem Kind helfen kannst, Mathe zu<\/p>\n","protected":false},"featured_media":70872,"template":"","meta":[],"product_brand":[],"product_cat":[1853,1856],"product_tag":[],"class_list":{"0":"post-39556","1":"product","2":"type-product","3":"status-publish","4":"has-post-thumbnail","6":"product_cat-brettspiele","7":"product_cat-lern-und-quiz-spiele","8":"pa_bax-10-de","9":"pa_brand-d_toys-de","10":"pa_country_of_manufacture-ro-de","11":"pa_filter_age-3_5-de","12":"pa_filter_age-5_7-de","13":"pa_filter_age-7_9-de","14":"pa_tip_ambalaj-kasten-a4-de","16":"first","17":"instock","18":"taxable","19":"shipping-taxable","20":"product-type-simple"},"yoast_head":"<!-- This site is optimized with the Yoast SEO plugin v20.1 - https:\/\/yoast.com\/wordpress\/plugins\/seo\/ -->\n<title>Fun Maths - Lernspiel<\/title>\n<meta name=\"description\" content=\"Fun Maths - Lernspiel\" \/>\n<meta name=\"robots\" content=\"index, follow, max-snippet:-1, max-image-preview:large, max-video-preview:-1\" \/>\n<link rel=\"canonical\" href=\"https:\/\/business.roovi.com\/de\/fun-maths-lernspiel\/p\/\" \/>\n<meta property=\"og:locale\" content=\"de_DE\" \/>\n<meta property=\"og:type\" content=\"article\" \/>\n<meta property=\"og:title\" content=\"Fun Maths - Lernspiel\" \/>\n<meta property=\"og:description\" content=\"Fun Maths - Lernspiel\" \/>\n<meta property=\"og:url\" content=\"https:\/\/business.roovi.com\/de\/fun-maths-lernspiel\/p\/\" \/>\n<meta property=\"og:site_name\" content=\"Roovi B2B\" \/>\n<meta property=\"article:publisher\" content=\"https:\/\/www.facebook.com\/wwwjucariero\" \/>\n<meta property=\"article:modified_time\" content=\"2022-07-06T13:24:06+00:00\" \/>\n<meta property=\"og:image\" content=\"https:\/\/business.roovi.com\/wp-content\/uploads\/2018\/04\/67180_elo_1.jpg\" \/>\n\t<meta property=\"og:image:width\" content=\"1200\" \/>\n\t<meta property=\"og:image:height\" content=\"1200\" \/>\n\t<meta property=\"og:image:type\" content=\"image\/jpeg\" \/>\n<meta name=\"twitter:label1\" content=\"Gesch\u00e4tzte Lesezeit\" \/>\n\t<meta name=\"twitter:data1\" content=\"2\u00a0Minuten\" \/>\n<script type=\"application\/ld+json\" class=\"yoast-schema-graph\">{\"@context\":\"https:\/\/schema.org\",\"@graph\":[{\"@type\":\"WebPage\",\"@id\":\"https:\/\/business.roovi.com\/de\/fun-maths-lernspiel\/p\/\",\"url\":\"https:\/\/business.roovi.com\/de\/fun-maths-lernspiel\/p\/\",\"name\":\"Fun Maths - Lernspiel\",\"isPartOf\":{\"@id\":\"https:\/\/business.roovi.com\/de\/#website\"},\"datePublished\":\"2018-04-16T10:56:04+00:00\",\"dateModified\":\"2022-07-06T13:24:06+00:00\",\"description\":\"Fun Maths - Lernspiel\",\"breadcrumb\":{\"@id\":\"https:\/\/business.roovi.com\/de\/fun-maths-lernspiel\/p\/#breadcrumb\"},\"inLanguage\":\"de\",\"potentialAction\":[{\"@type\":\"ReadAction\",\"target\":[\"https:\/\/business.roovi.com\/de\/fun-maths-lernspiel\/p\/\"]}]},{\"@type\":\"BreadcrumbList\",\"@id\":\"https:\/\/business.roovi.com\/de\/fun-maths-lernspiel\/p\/#breadcrumb\",\"itemListElement\":[{\"@type\":\"ListItem\",\"position\":1,\"name\":\"Home\",\"item\":\"https:\/\/business.roovi.com\/de\/\"},{\"@type\":\"ListItem\",\"position\":2,\"name\":\"Shop\",\"item\":\"https:\/\/business.roovi.com\/de\/shop\/\"},{\"@type\":\"ListItem\",\"position\":3,\"name\":\"Fun Maths &#8211; Lernspiel\"}]},{\"@type\":\"WebSite\",\"@id\":\"https:\/\/business.roovi.com\/de\/#website\",\"url\":\"https:\/\/business.roovi.com\/de\/\",\"name\":\"Roovi B2B\",\"description\":\"Roovi Business Website\",\"potentialAction\":[{\"@type\":\"SearchAction\",\"target\":{\"@type\":\"EntryPoint\",\"urlTemplate\":\"https:\/\/business.roovi.com\/de\/?s={search_term_string}\"},\"query-input\":\"required name=search_term_string\"}],\"inLanguage\":\"de\"}]}<\/script>\n<!-- \/ Yoast SEO plugin. -->","yoast_head_json":{"title":"Fun Maths - Lernspiel","description":"Fun Maths - Lernspiel","robots":{"index":"index","follow":"follow","max-snippet":"max-snippet:-1","max-image-preview":"max-image-preview:large","max-video-preview":"max-video-preview:-1"},"canonical":"https:\/\/business.roovi.com\/de\/fun-maths-lernspiel\/p\/","og_locale":"de_DE","og_type":"article","og_title":"Fun Maths - Lernspiel","og_description":"Fun Maths - Lernspiel","og_url":"https:\/\/business.roovi.com\/de\/fun-maths-lernspiel\/p\/","og_site_name":"Roovi B2B","article_publisher":"https:\/\/www.facebook.com\/wwwjucariero","article_modified_time":"2022-07-06T13:24:06+00:00","og_image":[{"width":1200,"height":1200,"url":"https:\/\/business.roovi.com\/wp-content\/uploads\/2018\/04\/67180_elo_1.jpg","type":"image\/jpeg"}],"twitter_misc":{"Gesch\u00e4tzte Lesezeit":"2\u00a0Minuten"},"schema":{"@context":"https:\/\/schema.org","@graph":[{"@type":"WebPage","@id":"https:\/\/business.roovi.com\/de\/fun-maths-lernspiel\/p\/","url":"https:\/\/business.roovi.com\/de\/fun-maths-lernspiel\/p\/","name":"Fun Maths - Lernspiel","isPartOf":{"@id":"https:\/\/business.roovi.com\/de\/#website"},"datePublished":"2018-04-16T10:56:04+00:00","dateModified":"2022-07-06T13:24:06+00:00","description":"Fun Maths - Lernspiel","breadcrumb":{"@id":"https:\/\/business.roovi.com\/de\/fun-maths-lernspiel\/p\/#breadcrumb"},"inLanguage":"de","potentialAction":[{"@type":"ReadAction","target":["https:\/\/business.roovi.com\/de\/fun-maths-lernspiel\/p\/"]}]},{"@type":"BreadcrumbList","@id":"https:\/\/business.roovi.com\/de\/fun-maths-lernspiel\/p\/#breadcrumb","itemListElement":[{"@type":"ListItem","position":1,"name":"Home","item":"https:\/\/business.roovi.com\/de\/"},{"@type":"ListItem","position":2,"name":"Shop","item":"https:\/\/business.roovi.com\/de\/shop\/"},{"@type":"ListItem","position":3,"name":"Fun Maths &#8211; Lernspiel"}]},{"@type":"WebSite","@id":"https:\/\/business.roovi.com\/de\/#website","url":"https:\/\/business.roovi.com\/de\/","name":"Roovi B2B","description":"Roovi Business Website","potentialAction":[{"@type":"SearchAction","target":{"@type":"EntryPoint","urlTemplate":"https:\/\/business.roovi.com\/de\/?s={search_term_string}"},"query-input":"required name=search_term_string"}],"inLanguage":"de"}]}},"_links":{"self":[{"href":"https:\/\/business.roovi.com\/de\/wp-json\/wp\/v2\/product\/39556","targetHints":{"allow":["GET"]}}],"collection":[{"href":"https:\/\/business.roovi.com\/de\/wp-json\/wp\/v2\/product"}],"about":[{"href":"https:\/\/business.roovi.com\/de\/wp-json\/wp\/v2\/types\/product"}],"version-history":[{"count":0,"href":"https:\/\/business.roovi.com\/de\/wp-json\/wp\/v2\/product\/39556\/revisions"}],"wp:featuredmedia":[{"embeddable":true,"href":"https:\/\/business.roovi.com\/de\/wp-json\/wp\/v2\/media\/70872"}],"wp:attachment":[{"href":"https:\/\/business.roovi.com\/de\/wp-json\/wp\/v2\/media?parent=39556"}],"wp:term":[{"taxonomy":"product_brand","embeddable":true,"href":"https:\/\/business.roovi.com\/de\/wp-json\/wp\/v2\/product_brand?post=39556"},{"taxonomy":"product_cat","embeddable":true,"href":"https:\/\/business.roovi.com\/de\/wp-json\/wp\/v2\/product_cat?post=39556"},{"taxonomy":"product_tag","embeddable":true,"href":"https:\/\/business.roovi.com\/de\/wp-json\/wp\/v2\/product_tag?post=39556"}],"curies":[{"name":"wp","href":"https:\/\/api.w.org\/{rel}","templated":true}]}}