{"id":39572,"date":"2018-04-16T10:56:04","date_gmt":"2018-04-16T10:56:04","guid":{"rendered":"https:\/\/business.roovi.com\/jocul-numerelor-clasic\/p\/"},"modified":"2022-07-06T13:24:23","modified_gmt":"2022-07-06T13:24:23","slug":"das-zahlenspiel-bildungsspiel","status":"publish","type":"product","link":"https:\/\/business.roovi.com\/de\/das-zahlenspiel-bildungsspiel\/p\/","title":{"rendered":"Das Zahlenspiel &#8211; Bildungsspiel"},"content":{"rendered":"<p><span style=\"font-weight: 400\">Spielen ist der einfachste und effektivste Weg f\u00fcr kleine Kinder, grundlegende Konzepte und spannende Informationen zu lernen. Das Spiel in all seinen Formen ist eine unsch\u00e4tzbare Ressource f\u00fcr die harmonische Entwicklung von Kindern jeden Alters.<\/span><\/p>\n<p><span style=\"font-weight: 400\">Und das Zahlenspiel ist eines dieser Lernspiele, die sowohl Spa\u00df machen als auch interaktiv sind und kleinen Entdeckern die T\u00fcr zum Wissen offen lassen, um die faszinierende Welt der Mengen, logischen Reihen von Zahlen und Mengen zu entdecken.<\/span><\/p>\n<p><span style=\"font-weight: 400\">Das Zahlenspiel ist ein wichtiges Hilfsmittel f\u00fcr Erzieherinnen und Erzieher im Kindergarten und bietet eine unterhaltsame M\u00f6glichkeit, die Grundlagen der Mathematik zu vermitteln und Kinder an Zahlen heranzuf\u00fchren <\/span><\/p>\n<h2><span style=\"font-weight: 400\">Wusstest du, dass das Zahlenspiel..<\/span><\/h2>\n<ul>\n<li><span style=\"font-weight: 400\">Schafft die Voraussetzungen f\u00fcr die Entwicklung des logisch-analytischen Denkens.<\/span><\/li>\n<li><span style=\"font-weight: 400\">Es f\u00fchrt die Kinder an Menschenmengen und deren Zusammenhang mit Zahlen heran.<\/span><\/li>\n<li><span style=\"font-weight: 400\">F\u00fchrt die grundlegenden Konzepte der Addition und Subtraktion ein, indem es die Begriffe &#8222;mehr&#8220; und &#8222;weniger&#8220; versteht.<\/span><\/li>\n<li><span style=\"font-weight: 400\">F\u00f6rdert die Teamarbeit und die Zusammenarbeit mit anderen Kindern.<\/span><\/li>\n<li><span style=\"font-weight: 400\">Entwickelt Aufmerksamkeit f\u00fcr Details, indem er Unterschiede wahrnimmt.<\/span><\/li>\n<li><span style=\"font-weight: 400\">Es ist ein sehr n\u00fctzliches Spiel, mit dem Kinder lernen, dass Mathe Spa\u00df machen kann.<\/span><\/li>\n<\/ul>\n<h2><span style=\"font-weight: 400\">Warum das Zahlenspiel?<\/span><\/h2>\n<p><span style=\"font-weight: 400\">Das Zahlenspiel wurde speziell f\u00fcr Unterrichtszwecke entwickelt und wird von Kinderg\u00e4rtnerinnen und Kinderg\u00e4rtnern genutzt und geliebt, deren Aufgabe es ist, den Grundstein zu legen, auf dem die Kinder sp\u00e4ter ein reichhaltiges und vielf\u00e4ltiges Wissen aufbauen werden <\/span><\/p>\n<p><span style=\"font-weight: 400\">Mathematik ist eines der F\u00e4cher, die man entweder liebt oder aus der Not heraus akzeptiert. Mit Hilfe des Zahlenspiels und der richtigen Unterrichtsaktivit\u00e4t kann Mathe zu dem Fach werden, das im Ged\u00e4chtnis haften bleibt.<\/span><\/p>\n<p><span style=\"font-weight: 400\">Entdecke ein kreatives, clever gestaltetes Lernspiel, das im Kindergartenunterricht sehr n\u00fctzlich ist.<\/span><\/p>\n<p><span style=\"font-weight: 400\"> <\/span><span style=\"font-weight: 400\">Empfohlenes Alter: 5+<\/span><\/p>\n<p><span style=\"font-weight: 400\">Spieler: Gruppen oder Teams<\/span><\/p>\n<p><span style=\"font-weight: 400\">Die Box enth\u00e4lt: 4 verschiedene Zahlen- und Menschentafeln<\/span><\/p>\n<p><span style=\"font-weight: 400\">Nicht empfohlen f\u00fcr Kinder unter 3 Jahren <\/span><\/p><\/p>\n","protected":false},"excerpt":{"rendered":"<p>Spielen ist der einfachste und effektivste Weg f\u00fcr kleine Kinder, grundlegende Konzepte und spannende Informationen zu lernen. Das Spiel in<\/p>\n","protected":false},"featured_media":73685,"template":"","meta":[],"product_brand":[],"product_cat":[2006,1896],"product_tag":[],"class_list":{"0":"post-39572","1":"product","2":"type-product","3":"status-publish","4":"has-post-thumbnail","6":"product_cat-lernspiele","7":"product_cat-padagogische-und-wissenschaftliche-spiele","8":"pa_bax-100-de","9":"pa_brand-d_toys-de","10":"pa_country_of_manufacture-ro-de","11":"pa_filter_age-5_7-de","12":"pa_filter_age-7_9-de","14":"first","15":"instock","16":"taxable","17":"shipping-taxable","18":"product-type-simple"},"yoast_head":"<!-- This site is optimized with the Yoast SEO plugin v20.1 - https:\/\/yoast.com\/wordpress\/plugins\/seo\/ -->\n<title>Das Zahlenspiel - Bildungsspiel<\/title>\n<meta name=\"description\" content=\"Das Zahlenspiel - Bildungsspiel\" \/>\n<meta name=\"robots\" content=\"index, follow, max-snippet:-1, max-image-preview:large, max-video-preview:-1\" \/>\n<link rel=\"canonical\" href=\"https:\/\/business.roovi.com\/de\/das-zahlenspiel-bildungsspiel\/p\/\" \/>\n<meta property=\"og:locale\" content=\"de_DE\" \/>\n<meta property=\"og:type\" content=\"article\" \/>\n<meta property=\"og:title\" content=\"Das Zahlenspiel - Bildungsspiel\" \/>\n<meta property=\"og:description\" content=\"Das Zahlenspiel - Bildungsspiel\" \/>\n<meta property=\"og:url\" content=\"https:\/\/business.roovi.com\/de\/das-zahlenspiel-bildungsspiel\/p\/\" \/>\n<meta property=\"og:site_name\" content=\"Roovi B2B\" \/>\n<meta property=\"article:publisher\" content=\"https:\/\/www.facebook.com\/wwwjucariero\" \/>\n<meta property=\"article:modified_time\" content=\"2022-07-06T13:24:23+00:00\" \/>\n<meta property=\"og:image\" content=\"https:\/\/business.roovi.com\/wp-content\/uploads\/2018\/04\/62697_jocul_numerelor.jpg\" \/>\n\t<meta property=\"og:image:width\" content=\"1200\" \/>\n\t<meta property=\"og:image:height\" content=\"1200\" \/>\n\t<meta property=\"og:image:type\" content=\"image\/jpeg\" \/>\n<meta name=\"twitter:label1\" content=\"Gesch\u00e4tzte Lesezeit\" \/>\n\t<meta name=\"twitter:data1\" content=\"2\u00a0Minuten\" \/>\n<script type=\"application\/ld+json\" class=\"yoast-schema-graph\">{\"@context\":\"https:\/\/schema.org\",\"@graph\":[{\"@type\":\"WebPage\",\"@id\":\"https:\/\/business.roovi.com\/de\/das-zahlenspiel-bildungsspiel\/p\/\",\"url\":\"https:\/\/business.roovi.com\/de\/das-zahlenspiel-bildungsspiel\/p\/\",\"name\":\"Das Zahlenspiel - Bildungsspiel\",\"isPartOf\":{\"@id\":\"https:\/\/business.roovi.com\/de\/#website\"},\"datePublished\":\"2018-04-16T10:56:04+00:00\",\"dateModified\":\"2022-07-06T13:24:23+00:00\",\"description\":\"Das Zahlenspiel - Bildungsspiel\",\"breadcrumb\":{\"@id\":\"https:\/\/business.roovi.com\/de\/das-zahlenspiel-bildungsspiel\/p\/#breadcrumb\"},\"inLanguage\":\"de\",\"potentialAction\":[{\"@type\":\"ReadAction\",\"target\":[\"https:\/\/business.roovi.com\/de\/das-zahlenspiel-bildungsspiel\/p\/\"]}]},{\"@type\":\"BreadcrumbList\",\"@id\":\"https:\/\/business.roovi.com\/de\/das-zahlenspiel-bildungsspiel\/p\/#breadcrumb\",\"itemListElement\":[{\"@type\":\"ListItem\",\"position\":1,\"name\":\"Home\",\"item\":\"https:\/\/business.roovi.com\/de\/\"},{\"@type\":\"ListItem\",\"position\":2,\"name\":\"Shop\",\"item\":\"https:\/\/business.roovi.com\/de\/shop\/\"},{\"@type\":\"ListItem\",\"position\":3,\"name\":\"Das Zahlenspiel &#8211; Bildungsspiel\"}]},{\"@type\":\"WebSite\",\"@id\":\"https:\/\/business.roovi.com\/de\/#website\",\"url\":\"https:\/\/business.roovi.com\/de\/\",\"name\":\"Roovi B2B\",\"description\":\"Roovi Business Website\",\"potentialAction\":[{\"@type\":\"SearchAction\",\"target\":{\"@type\":\"EntryPoint\",\"urlTemplate\":\"https:\/\/business.roovi.com\/de\/?s={search_term_string}\"},\"query-input\":\"required name=search_term_string\"}],\"inLanguage\":\"de\"}]}<\/script>\n<!-- \/ Yoast SEO plugin. -->","yoast_head_json":{"title":"Das Zahlenspiel - Bildungsspiel","description":"Das Zahlenspiel - Bildungsspiel","robots":{"index":"index","follow":"follow","max-snippet":"max-snippet:-1","max-image-preview":"max-image-preview:large","max-video-preview":"max-video-preview:-1"},"canonical":"https:\/\/business.roovi.com\/de\/das-zahlenspiel-bildungsspiel\/p\/","og_locale":"de_DE","og_type":"article","og_title":"Das Zahlenspiel - Bildungsspiel","og_description":"Das Zahlenspiel - Bildungsspiel","og_url":"https:\/\/business.roovi.com\/de\/das-zahlenspiel-bildungsspiel\/p\/","og_site_name":"Roovi B2B","article_publisher":"https:\/\/www.facebook.com\/wwwjucariero","article_modified_time":"2022-07-06T13:24:23+00:00","og_image":[{"width":1200,"height":1200,"url":"https:\/\/business.roovi.com\/wp-content\/uploads\/2018\/04\/62697_jocul_numerelor.jpg","type":"image\/jpeg"}],"twitter_misc":{"Gesch\u00e4tzte Lesezeit":"2\u00a0Minuten"},"schema":{"@context":"https:\/\/schema.org","@graph":[{"@type":"WebPage","@id":"https:\/\/business.roovi.com\/de\/das-zahlenspiel-bildungsspiel\/p\/","url":"https:\/\/business.roovi.com\/de\/das-zahlenspiel-bildungsspiel\/p\/","name":"Das Zahlenspiel - Bildungsspiel","isPartOf":{"@id":"https:\/\/business.roovi.com\/de\/#website"},"datePublished":"2018-04-16T10:56:04+00:00","dateModified":"2022-07-06T13:24:23+00:00","description":"Das Zahlenspiel - Bildungsspiel","breadcrumb":{"@id":"https:\/\/business.roovi.com\/de\/das-zahlenspiel-bildungsspiel\/p\/#breadcrumb"},"inLanguage":"de","potentialAction":[{"@type":"ReadAction","target":["https:\/\/business.roovi.com\/de\/das-zahlenspiel-bildungsspiel\/p\/"]}]},{"@type":"BreadcrumbList","@id":"https:\/\/business.roovi.com\/de\/das-zahlenspiel-bildungsspiel\/p\/#breadcrumb","itemListElement":[{"@type":"ListItem","position":1,"name":"Home","item":"https:\/\/business.roovi.com\/de\/"},{"@type":"ListItem","position":2,"name":"Shop","item":"https:\/\/business.roovi.com\/de\/shop\/"},{"@type":"ListItem","position":3,"name":"Das Zahlenspiel &#8211; Bildungsspiel"}]},{"@type":"WebSite","@id":"https:\/\/business.roovi.com\/de\/#website","url":"https:\/\/business.roovi.com\/de\/","name":"Roovi B2B","description":"Roovi Business Website","potentialAction":[{"@type":"SearchAction","target":{"@type":"EntryPoint","urlTemplate":"https:\/\/business.roovi.com\/de\/?s={search_term_string}"},"query-input":"required name=search_term_string"}],"inLanguage":"de"}]}},"_links":{"self":[{"href":"https:\/\/business.roovi.com\/de\/wp-json\/wp\/v2\/product\/39572","targetHints":{"allow":["GET"]}}],"collection":[{"href":"https:\/\/business.roovi.com\/de\/wp-json\/wp\/v2\/product"}],"about":[{"href":"https:\/\/business.roovi.com\/de\/wp-json\/wp\/v2\/types\/product"}],"version-history":[{"count":0,"href":"https:\/\/business.roovi.com\/de\/wp-json\/wp\/v2\/product\/39572\/revisions"}],"wp:featuredmedia":[{"embeddable":true,"href":"https:\/\/business.roovi.com\/de\/wp-json\/wp\/v2\/media\/73685"}],"wp:attachment":[{"href":"https:\/\/business.roovi.com\/de\/wp-json\/wp\/v2\/media?parent=39572"}],"wp:term":[{"taxonomy":"product_brand","embeddable":true,"href":"https:\/\/business.roovi.com\/de\/wp-json\/wp\/v2\/product_brand?post=39572"},{"taxonomy":"product_cat","embeddable":true,"href":"https:\/\/business.roovi.com\/de\/wp-json\/wp\/v2\/product_cat?post=39572"},{"taxonomy":"product_tag","embeddable":true,"href":"https:\/\/business.roovi.com\/de\/wp-json\/wp\/v2\/product_tag?post=39572"}],"curies":[{"name":"wp","href":"https:\/\/api.w.org\/{rel}","templated":true}]}}