{"id":39672,"date":"2018-04-16T10:56:04","date_gmt":"2018-04-16T10:56:04","guid":{"rendered":"https:\/\/business.roovi.com\/joc-micul-magician-set-50\/p\/"},"modified":"2022-07-06T13:34:35","modified_gmt":"2022-07-06T13:34:35","slug":"der-kleine-magier-spiel-50-interaktive-zaubertricks-spiel","status":"publish","type":"product","link":"https:\/\/business.roovi.com\/de\/der-kleine-magier-spiel-50-interaktive-zaubertricks-spiel\/p\/","title":{"rendered":"Der kleine Magier Spiel 50 &#8211; Interaktive Zaubertricks Spiel"},"content":{"rendered":"<p>Du wirst der kleine Meister der Magie sein, der alle mit geheimnisvollen Tricks, cleveren Kniffen, lustigen Streichen oder spektakul\u00e4ren optischen T\u00e4uschungen verbl\u00fcfft und am\u00fcsiert! Kennst du den klassischen Trick mit der Kugel und dem Glas? Jetzt kannst du es lernen! Au\u00dferdem kannst du deine Freunde glauben lassen, du h\u00e4ttest Superheldenf\u00e4higkeiten: Teleskopische Sicht, superelastische oder magnetische H\u00e4nde, au\u00dferirdische Intelligenz oder F\u00e4higkeiten, die die Gesetze der Physik au\u00dfer Kraft setzen. Und das sind nur ein paar der 50 tollen Tricks, die du mit diesem Set lernen kannst. Das Set enth\u00e4lt viele spezielle magische Accessoires, einen Zauberstab und eine detaillierte Anleitung mit bebilderten Geheimanweisungen. Wenn du bereits alle Tricks in diesem Set beherrschst, probiere das Set Kleiner Magier &#8211; 25 Tricks aus, das ganz andere Accessoires und Tricks enth\u00e4lt.<\/p>\n","protected":false},"excerpt":{"rendered":"<p>Du wirst der kleine Meister der Magie sein, der alle mit geheimnisvollen Tricks, cleveren Kniffen, lustigen Streichen oder spektakul\u00e4ren optischen<\/p>\n","protected":false},"featured_media":29887,"template":"","meta":[],"product_brand":[],"product_cat":[1895,1896],"product_tag":[],"class_list":{"0":"post-39672","1":"product","2":"type-product","3":"status-publish","4":"has-post-thumbnail","6":"product_cat-geschicklichkeits-spiele-de","7":"product_cat-padagogische-und-wissenschaftliche-spiele","8":"pa_bax-10-de","9":"pa_brand-d_toys-de","10":"pa_country_of_manufacture-ro-de","11":"pa_filter_age-14-de","12":"pa_filter_age-5_7-de","13":"pa_filter_age-7_9-de","14":"pa_filter_age-9_14-de","15":"pa_tip_ambalaj-kasten-a4-de","17":"first","18":"instock","19":"taxable","20":"shipping-taxable","21":"product-type-simple"},"yoast_head":"<!-- This site is optimized with the Yoast SEO plugin v20.1 - https:\/\/yoast.com\/wordpress\/plugins\/seo\/ -->\n<title>Der kleine Magier Spiel 50 - Interaktive Zaubertricks Spiel<\/title>\n<meta name=\"description\" content=\"Der kleine Magier Spiel 50 - Interaktive Zaubertricks Spiel\" \/>\n<meta name=\"robots\" content=\"index, follow, max-snippet:-1, max-image-preview:large, max-video-preview:-1\" \/>\n<link rel=\"canonical\" href=\"https:\/\/business.roovi.com\/de\/der-kleine-magier-spiel-50-interaktive-zaubertricks-spiel\/p\/\" \/>\n<meta property=\"og:locale\" content=\"de_DE\" \/>\n<meta property=\"og:type\" content=\"article\" \/>\n<meta property=\"og:title\" content=\"Der kleine Magier Spiel 50 - Interaktive Zaubertricks Spiel\" \/>\n<meta property=\"og:description\" content=\"Der kleine Magier Spiel 50 - Interaktive Zaubertricks Spiel\" \/>\n<meta property=\"og:url\" content=\"https:\/\/business.roovi.com\/de\/der-kleine-magier-spiel-50-interaktive-zaubertricks-spiel\/p\/\" \/>\n<meta property=\"og:site_name\" content=\"Roovi B2B\" \/>\n<meta property=\"article:publisher\" content=\"https:\/\/www.facebook.com\/wwwjucariero\" \/>\n<meta property=\"article:modified_time\" content=\"2022-07-06T13:34:35+00:00\" \/>\n<meta property=\"og:image\" content=\"https:\/\/business.roovi.com\/wp-content\/uploads\/2018\/04\/67210_elo.jpg\" \/>\n\t<meta property=\"og:image:width\" content=\"1200\" \/>\n\t<meta property=\"og:image:height\" content=\"1200\" \/>\n\t<meta property=\"og:image:type\" content=\"image\/jpeg\" \/>\n<meta name=\"twitter:label1\" content=\"Gesch\u00e4tzte Lesezeit\" \/>\n\t<meta name=\"twitter:data1\" content=\"1\u00a0Minute\" \/>\n<script type=\"application\/ld+json\" class=\"yoast-schema-graph\">{\"@context\":\"https:\/\/schema.org\",\"@graph\":[{\"@type\":\"WebPage\",\"@id\":\"https:\/\/business.roovi.com\/de\/der-kleine-magier-spiel-50-interaktive-zaubertricks-spiel\/p\/\",\"url\":\"https:\/\/business.roovi.com\/de\/der-kleine-magier-spiel-50-interaktive-zaubertricks-spiel\/p\/\",\"name\":\"Der kleine Magier Spiel 50 - Interaktive Zaubertricks Spiel\",\"isPartOf\":{\"@id\":\"https:\/\/business.roovi.com\/de\/#website\"},\"datePublished\":\"2018-04-16T10:56:04+00:00\",\"dateModified\":\"2022-07-06T13:34:35+00:00\",\"description\":\"Der kleine Magier Spiel 50 - Interaktive Zaubertricks Spiel\",\"breadcrumb\":{\"@id\":\"https:\/\/business.roovi.com\/de\/der-kleine-magier-spiel-50-interaktive-zaubertricks-spiel\/p\/#breadcrumb\"},\"inLanguage\":\"de\",\"potentialAction\":[{\"@type\":\"ReadAction\",\"target\":[\"https:\/\/business.roovi.com\/de\/der-kleine-magier-spiel-50-interaktive-zaubertricks-spiel\/p\/\"]}]},{\"@type\":\"BreadcrumbList\",\"@id\":\"https:\/\/business.roovi.com\/de\/der-kleine-magier-spiel-50-interaktive-zaubertricks-spiel\/p\/#breadcrumb\",\"itemListElement\":[{\"@type\":\"ListItem\",\"position\":1,\"name\":\"Home\",\"item\":\"https:\/\/business.roovi.com\/de\/\"},{\"@type\":\"ListItem\",\"position\":2,\"name\":\"Shop\",\"item\":\"https:\/\/business.roovi.com\/de\/shop\/\"},{\"@type\":\"ListItem\",\"position\":3,\"name\":\"Der kleine Magier Spiel 50 &#8211; Interaktive Zaubertricks Spiel\"}]},{\"@type\":\"WebSite\",\"@id\":\"https:\/\/business.roovi.com\/de\/#website\",\"url\":\"https:\/\/business.roovi.com\/de\/\",\"name\":\"Roovi B2B\",\"description\":\"Roovi Business Website\",\"potentialAction\":[{\"@type\":\"SearchAction\",\"target\":{\"@type\":\"EntryPoint\",\"urlTemplate\":\"https:\/\/business.roovi.com\/de\/?s={search_term_string}\"},\"query-input\":\"required name=search_term_string\"}],\"inLanguage\":\"de\"}]}<\/script>\n<!-- \/ Yoast SEO plugin. -->","yoast_head_json":{"title":"Der kleine Magier Spiel 50 - Interaktive Zaubertricks Spiel","description":"Der kleine Magier Spiel 50 - Interaktive Zaubertricks Spiel","robots":{"index":"index","follow":"follow","max-snippet":"max-snippet:-1","max-image-preview":"max-image-preview:large","max-video-preview":"max-video-preview:-1"},"canonical":"https:\/\/business.roovi.com\/de\/der-kleine-magier-spiel-50-interaktive-zaubertricks-spiel\/p\/","og_locale":"de_DE","og_type":"article","og_title":"Der kleine Magier Spiel 50 - Interaktive Zaubertricks Spiel","og_description":"Der kleine Magier Spiel 50 - Interaktive Zaubertricks Spiel","og_url":"https:\/\/business.roovi.com\/de\/der-kleine-magier-spiel-50-interaktive-zaubertricks-spiel\/p\/","og_site_name":"Roovi B2B","article_publisher":"https:\/\/www.facebook.com\/wwwjucariero","article_modified_time":"2022-07-06T13:34:35+00:00","og_image":[{"width":1200,"height":1200,"url":"https:\/\/business.roovi.com\/wp-content\/uploads\/2018\/04\/67210_elo.jpg","type":"image\/jpeg"}],"twitter_misc":{"Gesch\u00e4tzte Lesezeit":"1\u00a0Minute"},"schema":{"@context":"https:\/\/schema.org","@graph":[{"@type":"WebPage","@id":"https:\/\/business.roovi.com\/de\/der-kleine-magier-spiel-50-interaktive-zaubertricks-spiel\/p\/","url":"https:\/\/business.roovi.com\/de\/der-kleine-magier-spiel-50-interaktive-zaubertricks-spiel\/p\/","name":"Der kleine Magier Spiel 50 - Interaktive Zaubertricks Spiel","isPartOf":{"@id":"https:\/\/business.roovi.com\/de\/#website"},"datePublished":"2018-04-16T10:56:04+00:00","dateModified":"2022-07-06T13:34:35+00:00","description":"Der kleine Magier Spiel 50 - Interaktive Zaubertricks Spiel","breadcrumb":{"@id":"https:\/\/business.roovi.com\/de\/der-kleine-magier-spiel-50-interaktive-zaubertricks-spiel\/p\/#breadcrumb"},"inLanguage":"de","potentialAction":[{"@type":"ReadAction","target":["https:\/\/business.roovi.com\/de\/der-kleine-magier-spiel-50-interaktive-zaubertricks-spiel\/p\/"]}]},{"@type":"BreadcrumbList","@id":"https:\/\/business.roovi.com\/de\/der-kleine-magier-spiel-50-interaktive-zaubertricks-spiel\/p\/#breadcrumb","itemListElement":[{"@type":"ListItem","position":1,"name":"Home","item":"https:\/\/business.roovi.com\/de\/"},{"@type":"ListItem","position":2,"name":"Shop","item":"https:\/\/business.roovi.com\/de\/shop\/"},{"@type":"ListItem","position":3,"name":"Der kleine Magier Spiel 50 &#8211; Interaktive Zaubertricks Spiel"}]},{"@type":"WebSite","@id":"https:\/\/business.roovi.com\/de\/#website","url":"https:\/\/business.roovi.com\/de\/","name":"Roovi B2B","description":"Roovi Business Website","potentialAction":[{"@type":"SearchAction","target":{"@type":"EntryPoint","urlTemplate":"https:\/\/business.roovi.com\/de\/?s={search_term_string}"},"query-input":"required name=search_term_string"}],"inLanguage":"de"}]}},"_links":{"self":[{"href":"https:\/\/business.roovi.com\/de\/wp-json\/wp\/v2\/product\/39672","targetHints":{"allow":["GET"]}}],"collection":[{"href":"https:\/\/business.roovi.com\/de\/wp-json\/wp\/v2\/product"}],"about":[{"href":"https:\/\/business.roovi.com\/de\/wp-json\/wp\/v2\/types\/product"}],"version-history":[{"count":0,"href":"https:\/\/business.roovi.com\/de\/wp-json\/wp\/v2\/product\/39672\/revisions"}],"wp:featuredmedia":[{"embeddable":true,"href":"https:\/\/business.roovi.com\/de\/wp-json\/wp\/v2\/media\/29887"}],"wp:attachment":[{"href":"https:\/\/business.roovi.com\/de\/wp-json\/wp\/v2\/media?parent=39672"}],"wp:term":[{"taxonomy":"product_brand","embeddable":true,"href":"https:\/\/business.roovi.com\/de\/wp-json\/wp\/v2\/product_brand?post=39672"},{"taxonomy":"product_cat","embeddable":true,"href":"https:\/\/business.roovi.com\/de\/wp-json\/wp\/v2\/product_cat?post=39672"},{"taxonomy":"product_tag","embeddable":true,"href":"https:\/\/business.roovi.com\/de\/wp-json\/wp\/v2\/product_tag?post=39672"}],"curies":[{"name":"wp","href":"https:\/\/api.w.org\/{rel}","templated":true}]}}