{"id":39692,"date":"2018-04-16T10:56:04","date_gmt":"2018-04-16T10:56:04","guid":{"rendered":"https:\/\/business.roovi.com\/joc-creativ-set-de-tricotat-forme-de-animale\/p\/"},"modified":"2022-07-06T13:39:05","modified_gmt":"2022-07-06T13:39:05","slug":"strickset-tierformen-kreativ-set","status":"publish","type":"product","link":"https:\/\/business.roovi.com\/de\/strickset-tierformen-kreativ-set\/p\/","title":{"rendered":"Strickset Tierformen &#8211; Kreativ-Set"},"content":{"rendered":"<p>Ein Strickset f\u00fcr Anf\u00e4nger, mit dem Kinder die M\u00f6glichkeit haben, ihre eigenen Kreationen herzustellen und dabei Spa\u00df zu haben und ihre handwerklichen F\u00e4higkeiten zu entwickeln. Stricken war noch nie so einfach! Das Set enth\u00e4lt: einen runden Rahmen f\u00fcr 6, 8 und 24 Kreuze, Wolle in verschiedenen Farben, eine H\u00e4kelnadel und eine Stricknadel.<\/p>\n","protected":false},"excerpt":{"rendered":"<p>Ein Strickset f\u00fcr Anf\u00e4nger, mit dem Kinder die M\u00f6glichkeit haben, ihre eigenen Kreationen herzustellen und dabei Spa\u00df zu haben und<\/p>\n","protected":false},"featured_media":29915,"template":"","meta":[],"product_brand":[],"product_cat":[1897,2002],"product_tag":[],"class_list":{"0":"post-39692","1":"product","2":"type-product","3":"status-publish","4":"has-post-thumbnail","6":"product_cat-kreative-spiele","7":"product_cat-weben-nahen","8":"pa_bax-48-de","9":"pa_brand-d_toys-de","10":"pa_country_of_manufacture-ro-de","11":"pa_filter_age-14-de","12":"pa_filter_age-5_7-de","13":"pa_filter_age-7_9-de","14":"pa_filter_age-9_14-de","15":"pa_tip_ambalaj-kasten-a4-de","17":"first","18":"instock","19":"taxable","20":"shipping-taxable","21":"product-type-simple"},"yoast_head":"<!-- This site is optimized with the Yoast SEO plugin v20.1 - https:\/\/yoast.com\/wordpress\/plugins\/seo\/ -->\n<title>Strickset Tierformen - Kreativ-Set<\/title>\n<meta name=\"description\" content=\"Strickset Tierformen - Kreativ-Set\" \/>\n<meta name=\"robots\" content=\"index, follow, max-snippet:-1, max-image-preview:large, max-video-preview:-1\" \/>\n<link rel=\"canonical\" href=\"https:\/\/business.roovi.com\/de\/strickset-tierformen-kreativ-set\/p\/\" \/>\n<meta property=\"og:locale\" content=\"de_DE\" \/>\n<meta property=\"og:type\" content=\"article\" \/>\n<meta property=\"og:title\" content=\"Strickset Tierformen - Kreativ-Set\" \/>\n<meta property=\"og:description\" content=\"Strickset Tierformen - Kreativ-Set\" \/>\n<meta property=\"og:url\" content=\"https:\/\/business.roovi.com\/de\/strickset-tierformen-kreativ-set\/p\/\" \/>\n<meta property=\"og:site_name\" content=\"Roovi B2B\" \/>\n<meta property=\"article:publisher\" content=\"https:\/\/www.facebook.com\/wwwjucariero\" \/>\n<meta property=\"article:modified_time\" content=\"2022-07-06T13:39:05+00:00\" \/>\n<meta property=\"og:image\" content=\"https:\/\/business.roovi.com\/wp-content\/uploads\/2018\/04\/66404_sa_tricotam_pisicute_elo.jpg\" \/>\n\t<meta property=\"og:image:width\" content=\"1200\" \/>\n\t<meta property=\"og:image:height\" content=\"1200\" \/>\n\t<meta property=\"og:image:type\" content=\"image\/jpeg\" \/>\n<script type=\"application\/ld+json\" class=\"yoast-schema-graph\">{\"@context\":\"https:\/\/schema.org\",\"@graph\":[{\"@type\":\"WebPage\",\"@id\":\"https:\/\/business.roovi.com\/de\/strickset-tierformen-kreativ-set\/p\/\",\"url\":\"https:\/\/business.roovi.com\/de\/strickset-tierformen-kreativ-set\/p\/\",\"name\":\"Strickset Tierformen - Kreativ-Set\",\"isPartOf\":{\"@id\":\"https:\/\/business.roovi.com\/de\/#website\"},\"datePublished\":\"2018-04-16T10:56:04+00:00\",\"dateModified\":\"2022-07-06T13:39:05+00:00\",\"description\":\"Strickset Tierformen - Kreativ-Set\",\"breadcrumb\":{\"@id\":\"https:\/\/business.roovi.com\/de\/strickset-tierformen-kreativ-set\/p\/#breadcrumb\"},\"inLanguage\":\"de\",\"potentialAction\":[{\"@type\":\"ReadAction\",\"target\":[\"https:\/\/business.roovi.com\/de\/strickset-tierformen-kreativ-set\/p\/\"]}]},{\"@type\":\"BreadcrumbList\",\"@id\":\"https:\/\/business.roovi.com\/de\/strickset-tierformen-kreativ-set\/p\/#breadcrumb\",\"itemListElement\":[{\"@type\":\"ListItem\",\"position\":1,\"name\":\"Home\",\"item\":\"https:\/\/business.roovi.com\/de\/\"},{\"@type\":\"ListItem\",\"position\":2,\"name\":\"Shop\",\"item\":\"https:\/\/business.roovi.com\/de\/shop\/\"},{\"@type\":\"ListItem\",\"position\":3,\"name\":\"Strickset Tierformen &#8211; Kreativ-Set\"}]},{\"@type\":\"WebSite\",\"@id\":\"https:\/\/business.roovi.com\/de\/#website\",\"url\":\"https:\/\/business.roovi.com\/de\/\",\"name\":\"Roovi B2B\",\"description\":\"Roovi Business Website\",\"potentialAction\":[{\"@type\":\"SearchAction\",\"target\":{\"@type\":\"EntryPoint\",\"urlTemplate\":\"https:\/\/business.roovi.com\/de\/?s={search_term_string}\"},\"query-input\":\"required name=search_term_string\"}],\"inLanguage\":\"de\"}]}<\/script>\n<!-- \/ Yoast SEO plugin. -->","yoast_head_json":{"title":"Strickset Tierformen - Kreativ-Set","description":"Strickset Tierformen - Kreativ-Set","robots":{"index":"index","follow":"follow","max-snippet":"max-snippet:-1","max-image-preview":"max-image-preview:large","max-video-preview":"max-video-preview:-1"},"canonical":"https:\/\/business.roovi.com\/de\/strickset-tierformen-kreativ-set\/p\/","og_locale":"de_DE","og_type":"article","og_title":"Strickset Tierformen - Kreativ-Set","og_description":"Strickset Tierformen - Kreativ-Set","og_url":"https:\/\/business.roovi.com\/de\/strickset-tierformen-kreativ-set\/p\/","og_site_name":"Roovi B2B","article_publisher":"https:\/\/www.facebook.com\/wwwjucariero","article_modified_time":"2022-07-06T13:39:05+00:00","og_image":[{"width":1200,"height":1200,"url":"https:\/\/business.roovi.com\/wp-content\/uploads\/2018\/04\/66404_sa_tricotam_pisicute_elo.jpg","type":"image\/jpeg"}],"schema":{"@context":"https:\/\/schema.org","@graph":[{"@type":"WebPage","@id":"https:\/\/business.roovi.com\/de\/strickset-tierformen-kreativ-set\/p\/","url":"https:\/\/business.roovi.com\/de\/strickset-tierformen-kreativ-set\/p\/","name":"Strickset Tierformen - Kreativ-Set","isPartOf":{"@id":"https:\/\/business.roovi.com\/de\/#website"},"datePublished":"2018-04-16T10:56:04+00:00","dateModified":"2022-07-06T13:39:05+00:00","description":"Strickset Tierformen - Kreativ-Set","breadcrumb":{"@id":"https:\/\/business.roovi.com\/de\/strickset-tierformen-kreativ-set\/p\/#breadcrumb"},"inLanguage":"de","potentialAction":[{"@type":"ReadAction","target":["https:\/\/business.roovi.com\/de\/strickset-tierformen-kreativ-set\/p\/"]}]},{"@type":"BreadcrumbList","@id":"https:\/\/business.roovi.com\/de\/strickset-tierformen-kreativ-set\/p\/#breadcrumb","itemListElement":[{"@type":"ListItem","position":1,"name":"Home","item":"https:\/\/business.roovi.com\/de\/"},{"@type":"ListItem","position":2,"name":"Shop","item":"https:\/\/business.roovi.com\/de\/shop\/"},{"@type":"ListItem","position":3,"name":"Strickset Tierformen &#8211; Kreativ-Set"}]},{"@type":"WebSite","@id":"https:\/\/business.roovi.com\/de\/#website","url":"https:\/\/business.roovi.com\/de\/","name":"Roovi B2B","description":"Roovi Business Website","potentialAction":[{"@type":"SearchAction","target":{"@type":"EntryPoint","urlTemplate":"https:\/\/business.roovi.com\/de\/?s={search_term_string}"},"query-input":"required name=search_term_string"}],"inLanguage":"de"}]}},"_links":{"self":[{"href":"https:\/\/business.roovi.com\/de\/wp-json\/wp\/v2\/product\/39692","targetHints":{"allow":["GET"]}}],"collection":[{"href":"https:\/\/business.roovi.com\/de\/wp-json\/wp\/v2\/product"}],"about":[{"href":"https:\/\/business.roovi.com\/de\/wp-json\/wp\/v2\/types\/product"}],"version-history":[{"count":0,"href":"https:\/\/business.roovi.com\/de\/wp-json\/wp\/v2\/product\/39692\/revisions"}],"wp:featuredmedia":[{"embeddable":true,"href":"https:\/\/business.roovi.com\/de\/wp-json\/wp\/v2\/media\/29915"}],"wp:attachment":[{"href":"https:\/\/business.roovi.com\/de\/wp-json\/wp\/v2\/media?parent=39692"}],"wp:term":[{"taxonomy":"product_brand","embeddable":true,"href":"https:\/\/business.roovi.com\/de\/wp-json\/wp\/v2\/product_brand?post=39692"},{"taxonomy":"product_cat","embeddable":true,"href":"https:\/\/business.roovi.com\/de\/wp-json\/wp\/v2\/product_cat?post=39692"},{"taxonomy":"product_tag","embeddable":true,"href":"https:\/\/business.roovi.com\/de\/wp-json\/wp\/v2\/product_tag?post=39692"}],"curies":[{"name":"wp","href":"https:\/\/api.w.org\/{rel}","templated":true}]}}