{"id":39836,"date":"2019-06-03T12:02:14","date_gmt":"2019-06-03T12:02:14","guid":{"rendered":"https:\/\/business.roovi.com\/puzzle-adulti-1000-piese-cartoon-collection-niagara-falls\/p\/"},"modified":"2022-07-06T13:49:37","modified_gmt":"2022-07-06T13:49:37","slug":"cartoon-collection-1000-teile-puzzle-fur-erwachsene-niagara-falls","status":"publish","type":"product","link":"https:\/\/business.roovi.com\/de\/cartoon-collection-1000-teile-puzzle-fur-erwachsene-niagara-falls\/p\/","title":{"rendered":"Cartoon Collection 1000 Teile Puzzle f\u00fcr Erwachsene &#8211; Niagara Falls"},"content":{"rendered":"<p><span style=\"font-weight: 400\">Lass den Spa\u00df beginnen mit dem Cartoon Collection 1000 Teile Puzzle! Liebenswerte Figuren sind in ber\u00fchmte Sehensw\u00fcrdigkeiten auf der ganzen Welt eingedrungen. Tritt in ihr Spiel ein, stelle bunte und lustige Illustrationen zusammen und genie\u00dfe viele lustige und entspannte Stunden!<\/span><\/p>\n<p><span style=\"font-weight: 400\">Cartoon 1000 Piece Puzzle &#8211; Niagara Falls enth\u00fcllt eine lustige Geschichte rund um die Niagaraf\u00e4lle. Originelle und kreative Figuren spielen rund um den ber\u00fchmten Wasserfall <\/span><\/p>\n<p><span style=\"font-weight: 400\">Manche bewundern das Spektakel der Wasserf\u00e4lle vom Rand aus, andere sind mutig genug, um mit dem Fallschirm direkt in die Wellen der F\u00e4lle zu springen, w\u00e4hrend einige Wagemutige furchtlos durch die wirbelnden Gew\u00e4sser navigieren.<\/span><\/p>\n<p><span style=\"font-weight: 400\">Egal, in was sie verwickelt sind, die Elfen sind gl\u00fccklich und aufgeregt. Werde Teil der Geschichte, die sich in diesem einzigartigen Puzzlespiel widerspiegelt, und genie\u00dfe eine erstaunliche Erfahrung der Entspannung und guten Laune.<\/span><\/p>\n<p><strong>Warum solltest du dich f\u00fcr das 1000-teilige Niagaraf\u00e4lle-Puzzle aus der Cartoon-Kollektion entscheiden?<\/strong><\/p>\n<p><span style=\"font-weight: 400\">Wenn das Bild fertig ist, erh\u00e4ltst du ein farbenfrohes und animiertes Bild von 50 x 70 cm.<\/span><\/p>\n<p><span style=\"font-weight: 400\">Es kann ein dekoratives Objekt sein, das die Anonymit\u00e4t jeder tristen Stelle in deiner Wohnung aufhebt.<\/span><\/p>\n<p><span style=\"font-weight: 400\">Es besteht aus <\/span><span style=\"font-weight: 400\">blauer Premium-Karton, der eine mehrfache Montage zul\u00e4sst.<\/span><\/p>\n<p><span style=\"font-weight: 400\">Die Oberfl\u00e4che ist halbgl\u00e4nzend in angenehmen Farben, die die Sch\u00f6nheit der Illustration hervorheben.<\/span><\/p>\n<p><span style=\"font-weight: 400\">Die 1000 Puzzleteile sind pr\u00e4zise geschnitten, einzigartig und passen perfekt zu einem echten Sammlerst\u00fcck zusammen.<\/span><\/p>\n<p><span style=\"font-weight: 400\">Sie ist aus nachhaltigen, recycelbaren Materialien hergestellt.<\/span><\/p>\n<p><span style=\"font-weight: 400\">Geeignet f\u00fcr Jugendliche ab 14 Jahren &#8211; eine Gelegenheit, es mit deinen Teenagern nachzumachen <\/span><\/p>\n<p><strong>Wusstest du schon&#8230;?<\/strong><\/p>\n<p><span style=\"font-weight: 400\">Die Niagaraf\u00e4lle bestehen eigentlich aus 3 Wasserf\u00e4llen <\/span><span style=\"font-weight: 400\">American Falls, Bridal Veil Falls und Horseshoe Falls.<\/span><\/p>\n<p><span style=\"font-weight: 400\">Die Niagaraf\u00e4lle entstanden vor mehr als 12.000 Jahren, am Ende der letzten Eiszeit <\/span><\/p>\n<p><span style=\"font-weight: 400\">Die Niagaraf\u00e4lle liefern etwa 20% des Trinkwassers der Vereinigten Staaten.<\/span><\/p>\n<p><span style=\"font-weight: 400\">Etwa ein Viertel des gesamten Stroms, der im Bundesstaat New York und in Ontario verbraucht wird, wird von Kraftwerken entlang des Niagara Rivers geliefert.  <\/span><\/p>\n<p><strong>Mit dem 1000 Teile Cartoon Puzzle &#8211; Niagara Falls sind der Fantasie keine Grenzen gesetzt <\/strong><\/p>\n<p><span style=\"font-weight: 400\">Schlie\u00dfe deine Augen, entspanne dich und stelle dir vor, dass du in der N\u00e4he der Niagaraf\u00e4lle bist. Das fabelhafte Schauspiel der Wasser offenbart sich dir, und der donnernde L\u00e4rm \u00fcberw\u00e4ltigt dein Geh\u00f6r. Pl\u00f6tzlich verwandelt sich diese Welt, eine Vielzahl liebenswerter Charaktere bahnt sich ihren Weg in dein Blickfeld und du erlebst eine fabelhafte Erfahrung.<\/span><\/p>\n<p><span style=\"font-weight: 400\">Wenn du ihre Welt betrittst, wird deine Aufmerksamkeit auf die Teile gelenkt und du findest die genauen Details, die du in das Gesamtbild einf\u00fcgst. Es ist erstaunlich, wie sich der Geist entspannt und losl\u00f6st und die Zeit f\u00fcr einige Stunden stillzustehen scheint. Das Bild ist fertig und du sehnst dich danach, die Erfahrung zu wiederholen, die dir Energie und Optimismus gegeben hat.<\/span><\/p>\n<p><span style=\"font-weight: 400\">Das 1000-teilige Niagaraf\u00e4lle-Puzzle aus der Cartoon Puzzle Collection ist daher eine Gelegenheit, sich zu l\u00f6sen, zu gestalten und zu lernen &#8211; alles zur gleichen Zeit. Wenn du das Erlebnis noch dynamischer machen willst, kannst du das Bild mit deinen Lieben, deiner Familie oder deinen Freunden nachstellen <\/span><\/p>\n<p><span style=\"font-weight: 400\">Das 1000 Piece Cartoon Puzzle &#8211; Niagara Falls ist ein tolles Geschenk f\u00fcr die Feiertage oder zum Geburtstag f\u00fcr Freunde, die sich f\u00fcr Puzzlespiele begeistern.<\/span><\/p><\/p>\n","protected":false},"excerpt":{"rendered":"<p>Lass den Spa\u00df beginnen mit dem Cartoon Collection 1000 Teile Puzzle! Liebenswerte Figuren sind in ber\u00fchmte Sehensw\u00fcrdigkeiten auf der ganzen<\/p>\n","protected":false},"featured_media":48926,"template":"","meta":[],"product_brand":[],"product_cat":[1916,1875,1915],"product_tag":[],"class_list":{"0":"post-39836","1":"product","2":"type-product","3":"status-publish","4":"has-post-thumbnail","6":"product_cat-1000-teile-puzzle","7":"product_cat-puzzle-de","8":"product_cat-puzzlespiele-fur-erwachsene","9":"pa_brand-d_toys-de","10":"pa_country_of_manufacture-ro-de","11":"pa_filter_age-14-de","12":"pa_painter-cartooncollection-de","13":"pa_tip_ambalaj-kasten-a4-de","14":"pa_tip_puzzle-klassisch","16":"first","17":"instock","18":"taxable","19":"shipping-taxable","20":"product-type-simple"},"yoast_head":"<!-- This site is optimized with the Yoast SEO plugin v20.1 - https:\/\/yoast.com\/wordpress\/plugins\/seo\/ -->\n<title>Cartoon Collection 1000 Teile Puzzle f\u00fcr Erwachsene - Niagara Falls<\/title>\n<meta name=\"description\" content=\"Cartoon Collection 1000 Teile Puzzle f\u00fcr Erwachsene - Niagara Falls\" \/>\n<meta name=\"robots\" content=\"index, follow, max-snippet:-1, max-image-preview:large, max-video-preview:-1\" \/>\n<link rel=\"canonical\" href=\"https:\/\/business.roovi.com\/de\/cartoon-collection-1000-teile-puzzle-fur-erwachsene-niagara-falls\/p\/\" \/>\n<meta property=\"og:locale\" content=\"de_DE\" \/>\n<meta property=\"og:type\" content=\"article\" \/>\n<meta property=\"og:title\" content=\"Cartoon Collection 1000 Teile Puzzle f\u00fcr Erwachsene - Niagara Falls\" \/>\n<meta property=\"og:description\" content=\"Cartoon Collection 1000 Teile Puzzle f\u00fcr Erwachsene - Niagara Falls\" \/>\n<meta property=\"og:url\" content=\"https:\/\/business.roovi.com\/de\/cartoon-collection-1000-teile-puzzle-fur-erwachsene-niagara-falls\/p\/\" \/>\n<meta property=\"og:site_name\" content=\"Roovi B2B\" \/>\n<meta property=\"article:publisher\" content=\"https:\/\/www.facebook.com\/wwwjucariero\" \/>\n<meta property=\"article:modified_time\" content=\"2022-07-06T13:49:37+00:00\" \/>\n<meta property=\"og:image\" content=\"https:\/\/business.roovi.com\/wp-content\/uploads\/2019\/06\/61218-14-ansamblu_dimensiuni-cutie-cm_orizontal-1200x1200.png\" \/>\n\t<meta property=\"og:image:width\" content=\"840\" \/>\n\t<meta property=\"og:image:height\" content=\"840\" \/>\n\t<meta property=\"og:image:type\" content=\"image\/png\" \/>\n<meta name=\"twitter:label1\" content=\"Gesch\u00e4tzte Lesezeit\" \/>\n\t<meta name=\"twitter:data1\" content=\"3\u00a0Minuten\" \/>\n<script type=\"application\/ld+json\" class=\"yoast-schema-graph\">{\"@context\":\"https:\/\/schema.org\",\"@graph\":[{\"@type\":\"WebPage\",\"@id\":\"https:\/\/business.roovi.com\/de\/cartoon-collection-1000-teile-puzzle-fur-erwachsene-niagara-falls\/p\/\",\"url\":\"https:\/\/business.roovi.com\/de\/cartoon-collection-1000-teile-puzzle-fur-erwachsene-niagara-falls\/p\/\",\"name\":\"Cartoon Collection 1000 Teile Puzzle f\u00fcr Erwachsene - Niagara Falls\",\"isPartOf\":{\"@id\":\"https:\/\/business.roovi.com\/de\/#website\"},\"datePublished\":\"2019-06-03T12:02:14+00:00\",\"dateModified\":\"2022-07-06T13:49:37+00:00\",\"description\":\"Cartoon Collection 1000 Teile Puzzle f\u00fcr Erwachsene - Niagara Falls\",\"breadcrumb\":{\"@id\":\"https:\/\/business.roovi.com\/de\/cartoon-collection-1000-teile-puzzle-fur-erwachsene-niagara-falls\/p\/#breadcrumb\"},\"inLanguage\":\"de\",\"potentialAction\":[{\"@type\":\"ReadAction\",\"target\":[\"https:\/\/business.roovi.com\/de\/cartoon-collection-1000-teile-puzzle-fur-erwachsene-niagara-falls\/p\/\"]}]},{\"@type\":\"BreadcrumbList\",\"@id\":\"https:\/\/business.roovi.com\/de\/cartoon-collection-1000-teile-puzzle-fur-erwachsene-niagara-falls\/p\/#breadcrumb\",\"itemListElement\":[{\"@type\":\"ListItem\",\"position\":1,\"name\":\"Home\",\"item\":\"https:\/\/business.roovi.com\/de\/\"},{\"@type\":\"ListItem\",\"position\":2,\"name\":\"Shop\",\"item\":\"https:\/\/business.roovi.com\/de\/shop\/\"},{\"@type\":\"ListItem\",\"position\":3,\"name\":\"Cartoon Collection 1000 Teile Puzzle f\u00fcr Erwachsene &#8211; Niagara Falls\"}]},{\"@type\":\"WebSite\",\"@id\":\"https:\/\/business.roovi.com\/de\/#website\",\"url\":\"https:\/\/business.roovi.com\/de\/\",\"name\":\"Roovi B2B\",\"description\":\"Roovi Business Website\",\"potentialAction\":[{\"@type\":\"SearchAction\",\"target\":{\"@type\":\"EntryPoint\",\"urlTemplate\":\"https:\/\/business.roovi.com\/de\/?s={search_term_string}\"},\"query-input\":\"required name=search_term_string\"}],\"inLanguage\":\"de\"}]}<\/script>\n<!-- \/ Yoast SEO plugin. -->","yoast_head_json":{"title":"Cartoon Collection 1000 Teile Puzzle f\u00fcr Erwachsene - Niagara Falls","description":"Cartoon Collection 1000 Teile Puzzle f\u00fcr Erwachsene - Niagara Falls","robots":{"index":"index","follow":"follow","max-snippet":"max-snippet:-1","max-image-preview":"max-image-preview:large","max-video-preview":"max-video-preview:-1"},"canonical":"https:\/\/business.roovi.com\/de\/cartoon-collection-1000-teile-puzzle-fur-erwachsene-niagara-falls\/p\/","og_locale":"de_DE","og_type":"article","og_title":"Cartoon Collection 1000 Teile Puzzle f\u00fcr Erwachsene - Niagara Falls","og_description":"Cartoon Collection 1000 Teile Puzzle f\u00fcr Erwachsene - Niagara Falls","og_url":"https:\/\/business.roovi.com\/de\/cartoon-collection-1000-teile-puzzle-fur-erwachsene-niagara-falls\/p\/","og_site_name":"Roovi B2B","article_publisher":"https:\/\/www.facebook.com\/wwwjucariero","article_modified_time":"2022-07-06T13:49:37+00:00","og_image":[{"width":840,"height":840,"url":"https:\/\/business.roovi.com\/wp-content\/uploads\/2019\/06\/61218-14-ansamblu_dimensiuni-cutie-cm_orizontal-1200x1200.png","type":"image\/png"}],"twitter_misc":{"Gesch\u00e4tzte Lesezeit":"3\u00a0Minuten"},"schema":{"@context":"https:\/\/schema.org","@graph":[{"@type":"WebPage","@id":"https:\/\/business.roovi.com\/de\/cartoon-collection-1000-teile-puzzle-fur-erwachsene-niagara-falls\/p\/","url":"https:\/\/business.roovi.com\/de\/cartoon-collection-1000-teile-puzzle-fur-erwachsene-niagara-falls\/p\/","name":"Cartoon Collection 1000 Teile Puzzle f\u00fcr Erwachsene - Niagara Falls","isPartOf":{"@id":"https:\/\/business.roovi.com\/de\/#website"},"datePublished":"2019-06-03T12:02:14+00:00","dateModified":"2022-07-06T13:49:37+00:00","description":"Cartoon Collection 1000 Teile Puzzle f\u00fcr Erwachsene - Niagara Falls","breadcrumb":{"@id":"https:\/\/business.roovi.com\/de\/cartoon-collection-1000-teile-puzzle-fur-erwachsene-niagara-falls\/p\/#breadcrumb"},"inLanguage":"de","potentialAction":[{"@type":"ReadAction","target":["https:\/\/business.roovi.com\/de\/cartoon-collection-1000-teile-puzzle-fur-erwachsene-niagara-falls\/p\/"]}]},{"@type":"BreadcrumbList","@id":"https:\/\/business.roovi.com\/de\/cartoon-collection-1000-teile-puzzle-fur-erwachsene-niagara-falls\/p\/#breadcrumb","itemListElement":[{"@type":"ListItem","position":1,"name":"Home","item":"https:\/\/business.roovi.com\/de\/"},{"@type":"ListItem","position":2,"name":"Shop","item":"https:\/\/business.roovi.com\/de\/shop\/"},{"@type":"ListItem","position":3,"name":"Cartoon Collection 1000 Teile Puzzle f\u00fcr Erwachsene &#8211; Niagara Falls"}]},{"@type":"WebSite","@id":"https:\/\/business.roovi.com\/de\/#website","url":"https:\/\/business.roovi.com\/de\/","name":"Roovi B2B","description":"Roovi Business Website","potentialAction":[{"@type":"SearchAction","target":{"@type":"EntryPoint","urlTemplate":"https:\/\/business.roovi.com\/de\/?s={search_term_string}"},"query-input":"required name=search_term_string"}],"inLanguage":"de"}]}},"_links":{"self":[{"href":"https:\/\/business.roovi.com\/de\/wp-json\/wp\/v2\/product\/39836","targetHints":{"allow":["GET"]}}],"collection":[{"href":"https:\/\/business.roovi.com\/de\/wp-json\/wp\/v2\/product"}],"about":[{"href":"https:\/\/business.roovi.com\/de\/wp-json\/wp\/v2\/types\/product"}],"version-history":[{"count":0,"href":"https:\/\/business.roovi.com\/de\/wp-json\/wp\/v2\/product\/39836\/revisions"}],"wp:featuredmedia":[{"embeddable":true,"href":"https:\/\/business.roovi.com\/de\/wp-json\/wp\/v2\/media\/48926"}],"wp:attachment":[{"href":"https:\/\/business.roovi.com\/de\/wp-json\/wp\/v2\/media?parent=39836"}],"wp:term":[{"taxonomy":"product_brand","embeddable":true,"href":"https:\/\/business.roovi.com\/de\/wp-json\/wp\/v2\/product_brand?post=39836"},{"taxonomy":"product_cat","embeddable":true,"href":"https:\/\/business.roovi.com\/de\/wp-json\/wp\/v2\/product_cat?post=39836"},{"taxonomy":"product_tag","embeddable":true,"href":"https:\/\/business.roovi.com\/de\/wp-json\/wp\/v2\/product_tag?post=39836"}],"curies":[{"name":"wp","href":"https:\/\/api.w.org\/{rel}","templated":true}]}}