{"id":39852,"date":"2019-05-09T12:13:40","date_gmt":"2019-05-09T12:13:40","guid":{"rendered":"https:\/\/business.roovi.com\/puzzle-adulti-1000-piese-vintage-map\/p\/"},"modified":"2022-07-06T13:54:05","modified_gmt":"2022-07-06T13:54:05","slug":"puzzle-fur-erwachsene-1000-teile-vintage-map","status":"publish","type":"product","link":"https:\/\/business.roovi.com\/de\/puzzle-fur-erwachsene-1000-teile-vintage-map\/p\/","title":{"rendered":"Puzzle f\u00fcr Erwachsene 1000 Teile Vintage Map"},"content":{"rendered":"<p><span style=\"font-weight: 400\">Willst du ein dekoratives Objekt, das deinem B\u00fcro Pers\u00f6nlichkeit verleiht? Oder magst du einfach nur Karten aus fernen Epochen der Erforschung? In welche Kategorie du auch immer f\u00e4llst, das 1000-teilige Vintage-Kartenpuzzle befriedigt deinen Geschmack f\u00fcr Sch\u00f6nheit.<\/span><\/p>\n<p><span style=\"font-weight: 400\">Im Jahr 1630 erstellte Hendrik Hondius II. die erste datierte Weltkarte. Finde sein Bild in dem 1000 Teile Vintage Map Puzzle. Mit au\u00dfergew\u00f6hnlichen Grafiken gibt das Bild alle Details der Karte genau wieder. Die Teile dieses 1000-teiligen Puzzles bestehen aus 2 mm dicker Pappe, die perfekt zusammenpassen. So kommst du in den Genuss einer exquisiten Nachbildung eines ber\u00fchmten Gem\u00e4ldes.<\/span><\/p>\n<p><span style=\"font-weight: 400\">Alte Karten sind umso wertvoller, weil sie aus einer Zeit stammen, in der ein Teil des Globus noch unentdeckt war. So bieten sie einen spannenden Einblick in eine Welt auf der Suche nach Erleuchtung.<\/span><\/p>\n<p><span style=\"font-weight: 400\">Begib dich auf ein einzigartiges Erkundungsabenteuer mit dem 1000-teiligen Vintage Map Puzzle und entdecke unter den tausenden von Details die Symbole der Zivilisation aus vergangenen Jahrhunderten.<\/span><\/p>\n<p><strong>Das Puzzle besteht aus 1000 Teilen einer alten Landkarte:<\/strong><\/p>\n<p><strong>Gr\u00f6\u00dfe des rekonstruierten Bildes: 50 x 70 cm.<\/strong><\/p>\n<p><strong>Puzzle-Material <\/strong><\/p>\n<p><strong>hochwertiger blauer Karton<\/strong><\/p>\n<p><strong>nachhaltige, recycelbare Materialien<\/strong><\/p>\n<p><strong>halbgl\u00e4nzende Oberfl\u00e4che, leuchtende Farben<\/strong><\/p>\n<p><strong>Anzahl der Puzzleteile: 1000<\/strong><\/p>\n<p><strong>Empfohlenes Alter: 14+<\/strong><\/p>\n<p><strong>Warum ist das 1000-Teile-Puzzle Vintage Map so besonders?<\/strong><\/p>\n<p><span style=\"font-weight: 400\">Es ist eine Gelegenheit, viel Zeit mit einer kreativen T\u00e4tigkeit zu verbringen.<\/span><\/p>\n<p><span style=\"font-weight: 400\">Du erstellst ein einzigartiges Bild der ersten Weltkarte, die in einem geografischen Atlas aufgezeichnet wurde.<\/span><\/p>\n<p><span style=\"font-weight: 400\">Du verbesserst deine F\u00e4higkeiten im Puzzeln.<\/span><\/p>\n<p><span style=\"font-weight: 400\">Es ist die perfekte Gelegenheit, sich mit einer Gruppe von Freunden zu treffen, die du schon lange nicht mehr gesehen hast.<\/span><\/p>\n<p><span style=\"font-weight: 400\">Es hilft dir, deine Konzentration und Aufmerksamkeitsspanne zu verbessern.<\/span><\/p>\n<p><span style=\"font-weight: 400\">Es trainiert dein Ged\u00e4chtnis und dein logisches Denken.<\/span><\/p>\n<p><strong>Wusstest du, dass&#8230;?<\/strong><\/p>\n<p><span style=\"font-weight: 400\">Henricus Hondius II. war ein niederl\u00e4ndischer Kartograf, der im 17. Jahrhundert lebte.<\/span><\/p>\n<p><span style=\"font-weight: 400\">Seine Karte, <\/span><em><span style=\"font-weight: 400\">Nova totius Terrarum Orbis geographica ac hydrographica tabula, <\/span><\/em><span style=\"font-weight: 400\">ist die erste weithin verf\u00fcgbare Karte der Welt.<\/span><\/p>\n<p><span style=\"font-weight: 400\">Im Vergleich zu seinen Vorg\u00e4ngern zeichnete Henricus auf seiner Karte die Nordostk\u00fcste Kanadas genau ein, einschlie\u00dflich neu kartierter Gebiete wie der Baffininsel <\/span><\/p>\n<p><strong>Vintage Map 1000 Teile Puzzle, ein Grund, deine Liebsten kennenzulernen<\/strong><\/p>\n<p><span style=\"font-weight: 400\">Ein langes Wochenende mit der Familie oder entspannte Tage mit Freunden sind perfekte Gelegenheiten, um dieses einzigartige Puzzlespiel zu vollenden <\/span><\/p>\n<p><span style=\"font-weight: 400\">Deine Kinder werden begeistert sein, wenn sie die richtigen Teile finden, um eine alte Weltkarte nachzubauen. Erz\u00e4hle anderen Geschichten \u00fcber deine Reisen, um verschiedene Regionen der Erde oder andere Weltkarten zu entdecken. Verwandle das R\u00e4tselspiel in eine Aktivit\u00e4t, die das Wissen und die allgemeine Kultur bereichert.<\/span><\/p>\n<p><span style=\"font-weight: 400\">Egal, ob du dieses 1000-teilige Puzzle w\u00e4hlst, um ein paar Stunden der Entspannung zu genie\u00dfen oder um Zeit mit deinen Liebsten zu verbringen, das fertige Bild ist ein wahres Kunstwerk, das es wert ist, eingerahmt zu werden <\/span><\/p>\n<p><span style=\"font-weight: 400\">Das 1000-teilige Vintage Map Puzzle ist ein perfektes Geschenk f\u00fcr Kunstliebhaber oder Freunde, die sich f\u00fcr Puzzlespiele begeistern.<\/span><\/p><\/p>\n","protected":false},"excerpt":{"rendered":"<p>Willst du ein dekoratives Objekt, das deinem B\u00fcro Pers\u00f6nlichkeit verleiht? Oder magst du einfach nur Karten aus fernen Epochen der<\/p>\n","protected":false},"featured_media":48903,"template":"","meta":[],"product_brand":[],"product_cat":[1916,1875,1915],"product_tag":[],"class_list":{"0":"post-39852","1":"product","2":"type-product","3":"status-publish","4":"has-post-thumbnail","6":"product_cat-1000-teile-puzzle","7":"product_cat-puzzle-de","8":"product_cat-puzzlespiele-fur-erwachsene","9":"pa_brand-d_toys-de","10":"pa_country_of_manufacture-ro-de","11":"pa_filter_age-14-de","12":"pa_painter-vintage-de","13":"pa_tip_ambalaj-kasten-a4-de","14":"pa_tip_puzzle-klassisch","16":"first","17":"instock","18":"taxable","19":"shipping-taxable","20":"product-type-simple"},"yoast_head":"<!-- This site is optimized with the Yoast SEO plugin v20.1 - https:\/\/yoast.com\/wordpress\/plugins\/seo\/ -->\n<title>Puzzle f\u00fcr Erwachsene 1000 Teile Vintage Map<\/title>\n<meta name=\"description\" content=\"Puzzle f\u00fcr Erwachsene 1000 Teile Vintage Map\" \/>\n<meta name=\"robots\" content=\"index, follow, max-snippet:-1, max-image-preview:large, max-video-preview:-1\" \/>\n<link rel=\"canonical\" href=\"https:\/\/business.roovi.com\/de\/puzzle-fur-erwachsene-1000-teile-vintage-map\/p\/\" \/>\n<meta property=\"og:locale\" content=\"de_DE\" \/>\n<meta property=\"og:type\" content=\"article\" \/>\n<meta property=\"og:title\" content=\"Puzzle f\u00fcr Erwachsene 1000 Teile Vintage Map\" \/>\n<meta property=\"og:description\" content=\"Puzzle f\u00fcr Erwachsene 1000 Teile Vintage Map\" \/>\n<meta property=\"og:url\" content=\"https:\/\/business.roovi.com\/de\/puzzle-fur-erwachsene-1000-teile-vintage-map\/p\/\" \/>\n<meta property=\"og:site_name\" content=\"Roovi B2B\" \/>\n<meta property=\"article:publisher\" content=\"https:\/\/www.facebook.com\/wwwjucariero\" \/>\n<meta property=\"article:modified_time\" content=\"2022-07-06T13:54:05+00:00\" \/>\n<meta property=\"og:image\" content=\"https:\/\/business.roovi.com\/wp-content\/uploads\/2019\/05\/75710_ansamblu_dimensiuni_cutie_cm_orizontal_1200x1200.png\" \/>\n\t<meta property=\"og:image:width\" content=\"1200\" \/>\n\t<meta property=\"og:image:height\" content=\"1200\" \/>\n\t<meta property=\"og:image:type\" content=\"image\/png\" \/>\n<meta name=\"twitter:label1\" content=\"Gesch\u00e4tzte Lesezeit\" \/>\n\t<meta name=\"twitter:data1\" content=\"2\u00a0Minuten\" \/>\n<script type=\"application\/ld+json\" class=\"yoast-schema-graph\">{\"@context\":\"https:\/\/schema.org\",\"@graph\":[{\"@type\":\"WebPage\",\"@id\":\"https:\/\/business.roovi.com\/de\/puzzle-fur-erwachsene-1000-teile-vintage-map\/p\/\",\"url\":\"https:\/\/business.roovi.com\/de\/puzzle-fur-erwachsene-1000-teile-vintage-map\/p\/\",\"name\":\"Puzzle f\u00fcr Erwachsene 1000 Teile Vintage Map\",\"isPartOf\":{\"@id\":\"https:\/\/business.roovi.com\/de\/#website\"},\"datePublished\":\"2019-05-09T12:13:40+00:00\",\"dateModified\":\"2022-07-06T13:54:05+00:00\",\"description\":\"Puzzle f\u00fcr Erwachsene 1000 Teile Vintage Map\",\"breadcrumb\":{\"@id\":\"https:\/\/business.roovi.com\/de\/puzzle-fur-erwachsene-1000-teile-vintage-map\/p\/#breadcrumb\"},\"inLanguage\":\"de\",\"potentialAction\":[{\"@type\":\"ReadAction\",\"target\":[\"https:\/\/business.roovi.com\/de\/puzzle-fur-erwachsene-1000-teile-vintage-map\/p\/\"]}]},{\"@type\":\"BreadcrumbList\",\"@id\":\"https:\/\/business.roovi.com\/de\/puzzle-fur-erwachsene-1000-teile-vintage-map\/p\/#breadcrumb\",\"itemListElement\":[{\"@type\":\"ListItem\",\"position\":1,\"name\":\"Home\",\"item\":\"https:\/\/business.roovi.com\/de\/\"},{\"@type\":\"ListItem\",\"position\":2,\"name\":\"Shop\",\"item\":\"https:\/\/business.roovi.com\/de\/shop\/\"},{\"@type\":\"ListItem\",\"position\":3,\"name\":\"Puzzle f\u00fcr Erwachsene 1000 Teile Vintage Map\"}]},{\"@type\":\"WebSite\",\"@id\":\"https:\/\/business.roovi.com\/de\/#website\",\"url\":\"https:\/\/business.roovi.com\/de\/\",\"name\":\"Roovi B2B\",\"description\":\"Roovi Business Website\",\"potentialAction\":[{\"@type\":\"SearchAction\",\"target\":{\"@type\":\"EntryPoint\",\"urlTemplate\":\"https:\/\/business.roovi.com\/de\/?s={search_term_string}\"},\"query-input\":\"required name=search_term_string\"}],\"inLanguage\":\"de\"}]}<\/script>\n<!-- \/ Yoast SEO plugin. -->","yoast_head_json":{"title":"Puzzle f\u00fcr Erwachsene 1000 Teile Vintage Map","description":"Puzzle f\u00fcr Erwachsene 1000 Teile Vintage Map","robots":{"index":"index","follow":"follow","max-snippet":"max-snippet:-1","max-image-preview":"max-image-preview:large","max-video-preview":"max-video-preview:-1"},"canonical":"https:\/\/business.roovi.com\/de\/puzzle-fur-erwachsene-1000-teile-vintage-map\/p\/","og_locale":"de_DE","og_type":"article","og_title":"Puzzle f\u00fcr Erwachsene 1000 Teile Vintage Map","og_description":"Puzzle f\u00fcr Erwachsene 1000 Teile Vintage Map","og_url":"https:\/\/business.roovi.com\/de\/puzzle-fur-erwachsene-1000-teile-vintage-map\/p\/","og_site_name":"Roovi B2B","article_publisher":"https:\/\/www.facebook.com\/wwwjucariero","article_modified_time":"2022-07-06T13:54:05+00:00","og_image":[{"width":1200,"height":1200,"url":"https:\/\/business.roovi.com\/wp-content\/uploads\/2019\/05\/75710_ansamblu_dimensiuni_cutie_cm_orizontal_1200x1200.png","type":"image\/png"}],"twitter_misc":{"Gesch\u00e4tzte Lesezeit":"2\u00a0Minuten"},"schema":{"@context":"https:\/\/schema.org","@graph":[{"@type":"WebPage","@id":"https:\/\/business.roovi.com\/de\/puzzle-fur-erwachsene-1000-teile-vintage-map\/p\/","url":"https:\/\/business.roovi.com\/de\/puzzle-fur-erwachsene-1000-teile-vintage-map\/p\/","name":"Puzzle f\u00fcr Erwachsene 1000 Teile Vintage Map","isPartOf":{"@id":"https:\/\/business.roovi.com\/de\/#website"},"datePublished":"2019-05-09T12:13:40+00:00","dateModified":"2022-07-06T13:54:05+00:00","description":"Puzzle f\u00fcr Erwachsene 1000 Teile Vintage Map","breadcrumb":{"@id":"https:\/\/business.roovi.com\/de\/puzzle-fur-erwachsene-1000-teile-vintage-map\/p\/#breadcrumb"},"inLanguage":"de","potentialAction":[{"@type":"ReadAction","target":["https:\/\/business.roovi.com\/de\/puzzle-fur-erwachsene-1000-teile-vintage-map\/p\/"]}]},{"@type":"BreadcrumbList","@id":"https:\/\/business.roovi.com\/de\/puzzle-fur-erwachsene-1000-teile-vintage-map\/p\/#breadcrumb","itemListElement":[{"@type":"ListItem","position":1,"name":"Home","item":"https:\/\/business.roovi.com\/de\/"},{"@type":"ListItem","position":2,"name":"Shop","item":"https:\/\/business.roovi.com\/de\/shop\/"},{"@type":"ListItem","position":3,"name":"Puzzle f\u00fcr Erwachsene 1000 Teile Vintage Map"}]},{"@type":"WebSite","@id":"https:\/\/business.roovi.com\/de\/#website","url":"https:\/\/business.roovi.com\/de\/","name":"Roovi B2B","description":"Roovi Business Website","potentialAction":[{"@type":"SearchAction","target":{"@type":"EntryPoint","urlTemplate":"https:\/\/business.roovi.com\/de\/?s={search_term_string}"},"query-input":"required name=search_term_string"}],"inLanguage":"de"}]}},"_links":{"self":[{"href":"https:\/\/business.roovi.com\/de\/wp-json\/wp\/v2\/product\/39852","targetHints":{"allow":["GET"]}}],"collection":[{"href":"https:\/\/business.roovi.com\/de\/wp-json\/wp\/v2\/product"}],"about":[{"href":"https:\/\/business.roovi.com\/de\/wp-json\/wp\/v2\/types\/product"}],"version-history":[{"count":0,"href":"https:\/\/business.roovi.com\/de\/wp-json\/wp\/v2\/product\/39852\/revisions"}],"wp:featuredmedia":[{"embeddable":true,"href":"https:\/\/business.roovi.com\/de\/wp-json\/wp\/v2\/media\/48903"}],"wp:attachment":[{"href":"https:\/\/business.roovi.com\/de\/wp-json\/wp\/v2\/media?parent=39852"}],"wp:term":[{"taxonomy":"product_brand","embeddable":true,"href":"https:\/\/business.roovi.com\/de\/wp-json\/wp\/v2\/product_brand?post=39852"},{"taxonomy":"product_cat","embeddable":true,"href":"https:\/\/business.roovi.com\/de\/wp-json\/wp\/v2\/product_cat?post=39852"},{"taxonomy":"product_tag","embeddable":true,"href":"https:\/\/business.roovi.com\/de\/wp-json\/wp\/v2\/product_tag?post=39852"}],"curies":[{"name":"wp","href":"https:\/\/api.w.org\/{rel}","templated":true}]}}