{"id":39880,"date":"2019-05-09T10:09:59","date_gmt":"2019-05-09T10:09:59","guid":{"rendered":"https:\/\/business.roovi.com\/puzzle-adulti-1000-piese-jean-beraud-apres-loffice-a-leglise-de-la-sainte-trinite\/p\/"},"modified":"2022-07-06T13:54:42","modified_gmt":"2022-07-06T13:54:42","slug":"1000-teile-puzzle-fur-erwachsene-jean-beraud-nach-dem-gottesdienst-in-der-kirche-der-heiligen-dreifaltigkeit","status":"publish","type":"product","link":"https:\/\/business.roovi.com\/de\/1000-teile-puzzle-fur-erwachsene-jean-beraud-nach-dem-gottesdienst-in-der-kirche-der-heiligen-dreifaltigkeit\/p\/","title":{"rendered":"1000 Teile Puzzle f\u00fcr Erwachsene Jean B\u00e9raud &#8211; Nach dem Gottesdienst in der Kirche der Heiligen Dreifaltigkeit"},"content":{"rendered":"<p><span style=\"font-weight: 400\">Hast du das Bed\u00fcrfnis, dich von deinen Bildschirmen zu trennen? Stelle Kunstpuzzles zusammen und gib deiner Freizeit einen Wert. Du kannst Bilder von ber\u00fchmten Gem\u00e4lden nachbilden: die Mona Lisa, Ophelia, Geburt der Venus und mehr aus 1000-teiligen Puzzles. W\u00e4hle jetzt deine Lieblingswerke und baue mit deinen eigenen H\u00e4nden wahre Meisterwerke nach!<\/span><\/p>\n<p><span style=\"font-weight: 400\">Das 1000-teilige Puzzle f\u00fcr Erwachsene Jean B\u00e9raud &#8211; Apr\u00e8s L&#8217;office \u00e0 L&#8217;\u00e9glise de la Sainte Trinit\u00e9 bringt dir fast einen kleinen Teil der Eleganz und Raffinesse des Paris des 19. M\u00e4nner in feinen M\u00e4nteln, elegant gekleidete Kinder, Damen mit teuren Pelzen und Spitzenschleiern kommen gerade aus der Weihnachtsmesse in der amerikanischen Kathedrale in Paris. Eine elegante Atmosph\u00e4re voller Reichtum und Raffinesse wird deine Sinne mit diesem exquisiten Kunstpuzzle erfreuen.<\/span><\/p>\n<p><span style=\"font-weight: 400\">Du kannst das Bild aus dem ber\u00fchmten Gem\u00e4lde des Malers Jean B\u00e9raud nachstellen, indem du einen klassischen Couchtisch als Unterlage f\u00fcr die 1000 Puzzleteile verwendest. Die Ma\u00dfe deines Kunstwerks sind 50 x 70 cm.<\/span><\/p>\n<p><span style=\"font-weight: 400\">Lies unten mehr \u00fcber das Kunstr\u00e4tsel Jean B\u00e9raud &#8211; Apr\u00e8s L&#8217;office \u00e0 L&#8217;\u00e9glise de la Sainte Trinit\u00e9:<\/span><\/p>\n<p><strong>Puzzle-Material <\/strong><\/p>\n<p><strong>hochwertiger blauer Karton<\/strong><\/p>\n<p><strong>nachhaltige, recycelbare Materialien<\/strong><\/p>\n<p><strong>halbgl\u00e4nzende Oberfl\u00e4che, leuchtende Farben<\/strong><\/p>\n<p><strong>Anzahl der Puzzleteile: 1000<\/strong><\/p>\n<p><strong>Empfohlenes Alter: 14+<\/strong><\/p>\n<p><strong>4 F\u00e4higkeiten entwickeln Puzzle-Spiele<\/strong><\/p>\n<p><strong>Beharrlichkeit<\/strong><span style=\"font-weight: 400\">. Nimm die Herausforderung an, baue Puzzles f\u00fcr Erwachsene zusammen und gib nicht auf, auch wenn du manchmal nicht die richtigen Teile finden kannst. Mit Geduld und Mut wirst du es schaffen, und die Zufriedenheit wird umso gr\u00f6\u00dfer sein. Diese Ausbildung wird dir auch helfen, andere schwierige Aufgaben zu l\u00f6sen.<\/span><\/p>\n<p><strong>Liebe zum Detail.<\/strong><span style=\"font-weight: 400\"> Das Zusammensetzen von Bildern aus einem 1000-teiligen Puzzle ist harte Arbeit und erfordert sorgf\u00e4ltige Aufmerksamkeit. Auch wenn du anfangs kein Adlerauge hast, wirst du diese F\u00e4higkeit im Laufe der Zeit entwickeln. Und das ist umso besser, weil du bei Gelegenheiten, die deine Aufmerksamkeit erfordern, genauso wachsam sein kannst.<\/span><\/p>\n<p><strong>Teamgeist.<\/strong><span style=\"font-weight: 400\"> Puzzlespiele machen umso mehr Spa\u00df, je mehr Leute daran beteiligt sind. Auf diese Weise lernen sich die Menschen besser kennen, k\u00f6nnen miteinander in Beziehung treten und kommunizieren und entwickeln einen Geist der Teamarbeit. Beziehe also deine Kinder oder Freunde in diese Aktivit\u00e4t ein und schafft gemeinsam Meisterwerke.<\/span><\/p>\n<p><strong>Probleml\u00f6sungsf\u00e4higkeiten <\/strong><span style=\"font-weight: 400\">Das R\u00e4tselspiel ist wie ein Logikproblem. Es gibt immer eine L\u00f6sung. Mit viel Geduld und Beharrlichkeit wirst du jedes Mal Erfolg haben. Das Gleiche passiert auch in anderen Situationen, die dir im Alltag begegnen <\/span><\/p>\n<p><strong>6 Fakten \u00fcber Jean B\u00e9raud und die Malerei <\/strong><strong><em>Apr\u00e8s L&#8217;office \u00e0 L&#8217;\u00e9glise de la Sainte Trinit\u00e9<\/em><\/strong><\/p>\n<p><span style=\"font-weight: 400\">1. Jean B\u00e9raud wurde in St. Petersburg geboren und wollte vor dem Deutsch-Franz\u00f6sischen Krieg Rechtsanwalt werden.<\/span><\/p>\n<p><span style=\"font-weight: 400\">2. Sein Malstil liegt irgendwo zwischen akademischer und impressionistischer Kunst.<\/span><\/p>\n<p><span style=\"font-weight: 400\">3. Das Werk wurde von dem amerikanischen Gesch\u00e4ftsmann James Gordon Bennett Jr. in Auftrag gegeben, einem der vielen einflussreichen Gemeindemitglieder der Kathedrale.<\/span><\/p>\n<p><span style=\"font-weight: 400\">4. Es wird angenommen, dass das Gem\u00e4lde die interkulturelle Freundschaft zwischen Frankreich und den USA f\u00f6rdern sollte.<\/span><\/p>\n<p><span style=\"font-weight: 400\">5. B\u00e9raud war ein akribischer und hingebungsvoller Beobachter des Pariser Lebens im 19. Jahrhundert und stellte in seinen Werken aus der Belle \u00c9poque das moderne Leben in Paris dar <\/span><\/p>\n<p><span style=\"font-weight: 400\">6. Das Gem\u00e4lde blieb bis zum Jahr 2000 in der Amerikanischen Kathedrale in Paris, danach wurde es an das Carnavalet-Museum ausgeliehen<\/span><\/p>\n<p><strong>Entdecke die Welt der ber\u00fchmten Gem\u00e4lde durch Kunstr\u00e4tsel<\/strong><\/p>\n<p><span style=\"font-weight: 400\">Kunstr\u00e4tsel geben dir die gro\u00dfartige M\u00f6glichkeit, die Welt ber\u00fchmter Gem\u00e4lde durch erstaunliche R\u00e4tselspiele zu entdecken. Dar\u00fcber hinaus bieten sie dir weitere Vorteile wie:<\/span><\/p>\n<ul>\n<li><span style=\"font-weight: 400\">Es bietet dir bis zu 30 Stunden Entspannung und Genuss.<\/span><\/li>\n<li><span style=\"font-weight: 400\">Entwickelt deinen \u00e4sthetischen Sinn.<\/span><\/li>\n<li><span style=\"font-weight: 400\">Er hilft dir, deine eigenen Meisterwerke zu schaffen, die du dann einrahmen und bewundern kannst, wann immer dir danach ist.<\/span><\/li>\n<li><span style=\"font-weight: 400\">Es entwickelt deine Vorstellungskraft.<\/span><\/li>\n<\/ul>\n<p><span style=\"font-weight: 400\">Kaufe jetzt Jean B\u00e9raud &#8211; Apr\u00e8s L&#8217;office \u00e0 L&#8217;\u00e9glise de la Sainte Trinit\u00e9 1000 Teile Puzzle f\u00fcr Erwachsene und erschaffe ein dekoratives Objekt, das dein Zuhause versch\u00f6nern wird. Wenn du einen Freund, der Puzzlespiele liebt, angenehm \u00fcberraschen willst, dann schenke ihm dieses wunderbare Kunstpuzzle.<\/span><\/p>\n","protected":false},"excerpt":{"rendered":"<p>Hast du das Bed\u00fcrfnis, dich von deinen Bildschirmen zu trennen? Stelle Kunstpuzzles zusammen und gib deiner Freizeit einen Wert. Du<\/p>\n","protected":false},"featured_media":63652,"template":"","meta":[],"product_brand":[],"product_cat":[1916,1875,1915],"product_tag":[],"class_list":{"0":"post-39880","1":"product","2":"type-product","3":"status-publish","4":"has-post-thumbnail","6":"product_cat-1000-teile-puzzle","7":"product_cat-puzzle-de","8":"product_cat-puzzlespiele-fur-erwachsene","9":"pa_brand-d_toys-de","10":"pa_country_of_manufacture-ro-de","11":"pa_filter_age-14-de","12":"pa_tip_ambalaj-kasten-a4-de","13":"pa_tip_puzzle-klassisch","15":"first","16":"instock","17":"taxable","18":"shipping-taxable","19":"product-type-simple"},"yoast_head":"<!-- This site is optimized with the Yoast SEO plugin v20.1 - https:\/\/yoast.com\/wordpress\/plugins\/seo\/ -->\n<title>1000 Teile Puzzle f\u00fcr Erwachsene Jean B\u00e9raud - Nach dem Gottesdienst in der Kirche der Heiligen Dreifaltigkeit<\/title>\n<meta name=\"description\" content=\"1000 Teile Puzzle f\u00fcr Erwachsene Jean B\u00e9raud - Nach dem Gottesdienst in der Kirche der Heiligen Dreifaltigkeit\" \/>\n<meta name=\"robots\" content=\"index, follow, max-snippet:-1, max-image-preview:large, max-video-preview:-1\" \/>\n<link rel=\"canonical\" href=\"https:\/\/business.roovi.com\/de\/1000-teile-puzzle-fur-erwachsene-jean-beraud-nach-dem-gottesdienst-in-der-kirche-der-heiligen-dreifaltigkeit\/p\/\" \/>\n<meta property=\"og:locale\" content=\"de_DE\" \/>\n<meta property=\"og:type\" content=\"article\" \/>\n<meta property=\"og:title\" content=\"1000 Teile Puzzle f\u00fcr Erwachsene Jean B\u00e9raud - Nach dem Gottesdienst in der Kirche der Heiligen Dreifaltigkeit\" \/>\n<meta property=\"og:description\" content=\"1000 Teile Puzzle f\u00fcr Erwachsene Jean B\u00e9raud - Nach dem Gottesdienst in der Kirche der Heiligen Dreifaltigkeit\" \/>\n<meta property=\"og:url\" content=\"https:\/\/business.roovi.com\/de\/1000-teile-puzzle-fur-erwachsene-jean-beraud-nach-dem-gottesdienst-in-der-kirche-der-heiligen-dreifaltigkeit\/p\/\" \/>\n<meta property=\"og:site_name\" content=\"Roovi B2B\" \/>\n<meta property=\"article:publisher\" content=\"https:\/\/www.facebook.com\/wwwjucariero\" \/>\n<meta property=\"article:modified_time\" content=\"2022-07-06T13:54:42+00:00\" \/>\n<meta property=\"og:image\" content=\"https:\/\/business.roovi.com\/wp-content\/uploads\/2019\/05\/75741-01_ansamblu_dimensiuni_cutie_cm_orizontal_1200x1200.png\" \/>\n\t<meta property=\"og:image:width\" content=\"1200\" \/>\n\t<meta property=\"og:image:height\" content=\"1200\" \/>\n\t<meta property=\"og:image:type\" content=\"image\/png\" \/>\n<meta name=\"twitter:label1\" content=\"Gesch\u00e4tzte Lesezeit\" \/>\n\t<meta name=\"twitter:data1\" content=\"3\u00a0Minuten\" \/>\n<script type=\"application\/ld+json\" class=\"yoast-schema-graph\">{\"@context\":\"https:\/\/schema.org\",\"@graph\":[{\"@type\":\"WebPage\",\"@id\":\"https:\/\/business.roovi.com\/de\/1000-teile-puzzle-fur-erwachsene-jean-beraud-nach-dem-gottesdienst-in-der-kirche-der-heiligen-dreifaltigkeit\/p\/\",\"url\":\"https:\/\/business.roovi.com\/de\/1000-teile-puzzle-fur-erwachsene-jean-beraud-nach-dem-gottesdienst-in-der-kirche-der-heiligen-dreifaltigkeit\/p\/\",\"name\":\"1000 Teile Puzzle f\u00fcr Erwachsene Jean B\u00e9raud - Nach dem Gottesdienst in der Kirche der Heiligen Dreifaltigkeit\",\"isPartOf\":{\"@id\":\"https:\/\/business.roovi.com\/de\/#website\"},\"datePublished\":\"2019-05-09T10:09:59+00:00\",\"dateModified\":\"2022-07-06T13:54:42+00:00\",\"description\":\"1000 Teile Puzzle f\u00fcr Erwachsene Jean B\u00e9raud - Nach dem Gottesdienst in der Kirche der Heiligen Dreifaltigkeit\",\"breadcrumb\":{\"@id\":\"https:\/\/business.roovi.com\/de\/1000-teile-puzzle-fur-erwachsene-jean-beraud-nach-dem-gottesdienst-in-der-kirche-der-heiligen-dreifaltigkeit\/p\/#breadcrumb\"},\"inLanguage\":\"de\",\"potentialAction\":[{\"@type\":\"ReadAction\",\"target\":[\"https:\/\/business.roovi.com\/de\/1000-teile-puzzle-fur-erwachsene-jean-beraud-nach-dem-gottesdienst-in-der-kirche-der-heiligen-dreifaltigkeit\/p\/\"]}]},{\"@type\":\"BreadcrumbList\",\"@id\":\"https:\/\/business.roovi.com\/de\/1000-teile-puzzle-fur-erwachsene-jean-beraud-nach-dem-gottesdienst-in-der-kirche-der-heiligen-dreifaltigkeit\/p\/#breadcrumb\",\"itemListElement\":[{\"@type\":\"ListItem\",\"position\":1,\"name\":\"Home\",\"item\":\"https:\/\/business.roovi.com\/de\/\"},{\"@type\":\"ListItem\",\"position\":2,\"name\":\"Shop\",\"item\":\"https:\/\/business.roovi.com\/de\/shop\/\"},{\"@type\":\"ListItem\",\"position\":3,\"name\":\"1000 Teile Puzzle f\u00fcr Erwachsene Jean B\u00e9raud &#8211; Nach dem Gottesdienst in der Kirche der Heiligen Dreifaltigkeit\"}]},{\"@type\":\"WebSite\",\"@id\":\"https:\/\/business.roovi.com\/de\/#website\",\"url\":\"https:\/\/business.roovi.com\/de\/\",\"name\":\"Roovi B2B\",\"description\":\"Roovi Business Website\",\"potentialAction\":[{\"@type\":\"SearchAction\",\"target\":{\"@type\":\"EntryPoint\",\"urlTemplate\":\"https:\/\/business.roovi.com\/de\/?s={search_term_string}\"},\"query-input\":\"required name=search_term_string\"}],\"inLanguage\":\"de\"}]}<\/script>\n<!-- \/ Yoast SEO plugin. -->","yoast_head_json":{"title":"1000 Teile Puzzle f\u00fcr Erwachsene Jean B\u00e9raud - Nach dem Gottesdienst in der Kirche der Heiligen Dreifaltigkeit","description":"1000 Teile Puzzle f\u00fcr Erwachsene Jean B\u00e9raud - Nach dem Gottesdienst in der Kirche der Heiligen Dreifaltigkeit","robots":{"index":"index","follow":"follow","max-snippet":"max-snippet:-1","max-image-preview":"max-image-preview:large","max-video-preview":"max-video-preview:-1"},"canonical":"https:\/\/business.roovi.com\/de\/1000-teile-puzzle-fur-erwachsene-jean-beraud-nach-dem-gottesdienst-in-der-kirche-der-heiligen-dreifaltigkeit\/p\/","og_locale":"de_DE","og_type":"article","og_title":"1000 Teile Puzzle f\u00fcr Erwachsene Jean B\u00e9raud - Nach dem Gottesdienst in der Kirche der Heiligen Dreifaltigkeit","og_description":"1000 Teile Puzzle f\u00fcr Erwachsene Jean B\u00e9raud - Nach dem Gottesdienst in der Kirche der Heiligen Dreifaltigkeit","og_url":"https:\/\/business.roovi.com\/de\/1000-teile-puzzle-fur-erwachsene-jean-beraud-nach-dem-gottesdienst-in-der-kirche-der-heiligen-dreifaltigkeit\/p\/","og_site_name":"Roovi B2B","article_publisher":"https:\/\/www.facebook.com\/wwwjucariero","article_modified_time":"2022-07-06T13:54:42+00:00","og_image":[{"width":1200,"height":1200,"url":"https:\/\/business.roovi.com\/wp-content\/uploads\/2019\/05\/75741-01_ansamblu_dimensiuni_cutie_cm_orizontal_1200x1200.png","type":"image\/png"}],"twitter_misc":{"Gesch\u00e4tzte Lesezeit":"3\u00a0Minuten"},"schema":{"@context":"https:\/\/schema.org","@graph":[{"@type":"WebPage","@id":"https:\/\/business.roovi.com\/de\/1000-teile-puzzle-fur-erwachsene-jean-beraud-nach-dem-gottesdienst-in-der-kirche-der-heiligen-dreifaltigkeit\/p\/","url":"https:\/\/business.roovi.com\/de\/1000-teile-puzzle-fur-erwachsene-jean-beraud-nach-dem-gottesdienst-in-der-kirche-der-heiligen-dreifaltigkeit\/p\/","name":"1000 Teile Puzzle f\u00fcr Erwachsene Jean B\u00e9raud - Nach dem Gottesdienst in der Kirche der Heiligen Dreifaltigkeit","isPartOf":{"@id":"https:\/\/business.roovi.com\/de\/#website"},"datePublished":"2019-05-09T10:09:59+00:00","dateModified":"2022-07-06T13:54:42+00:00","description":"1000 Teile Puzzle f\u00fcr Erwachsene Jean B\u00e9raud - Nach dem Gottesdienst in der Kirche der Heiligen Dreifaltigkeit","breadcrumb":{"@id":"https:\/\/business.roovi.com\/de\/1000-teile-puzzle-fur-erwachsene-jean-beraud-nach-dem-gottesdienst-in-der-kirche-der-heiligen-dreifaltigkeit\/p\/#breadcrumb"},"inLanguage":"de","potentialAction":[{"@type":"ReadAction","target":["https:\/\/business.roovi.com\/de\/1000-teile-puzzle-fur-erwachsene-jean-beraud-nach-dem-gottesdienst-in-der-kirche-der-heiligen-dreifaltigkeit\/p\/"]}]},{"@type":"BreadcrumbList","@id":"https:\/\/business.roovi.com\/de\/1000-teile-puzzle-fur-erwachsene-jean-beraud-nach-dem-gottesdienst-in-der-kirche-der-heiligen-dreifaltigkeit\/p\/#breadcrumb","itemListElement":[{"@type":"ListItem","position":1,"name":"Home","item":"https:\/\/business.roovi.com\/de\/"},{"@type":"ListItem","position":2,"name":"Shop","item":"https:\/\/business.roovi.com\/de\/shop\/"},{"@type":"ListItem","position":3,"name":"1000 Teile Puzzle f\u00fcr Erwachsene Jean B\u00e9raud &#8211; Nach dem Gottesdienst in der Kirche der Heiligen Dreifaltigkeit"}]},{"@type":"WebSite","@id":"https:\/\/business.roovi.com\/de\/#website","url":"https:\/\/business.roovi.com\/de\/","name":"Roovi B2B","description":"Roovi Business Website","potentialAction":[{"@type":"SearchAction","target":{"@type":"EntryPoint","urlTemplate":"https:\/\/business.roovi.com\/de\/?s={search_term_string}"},"query-input":"required name=search_term_string"}],"inLanguage":"de"}]}},"_links":{"self":[{"href":"https:\/\/business.roovi.com\/de\/wp-json\/wp\/v2\/product\/39880","targetHints":{"allow":["GET"]}}],"collection":[{"href":"https:\/\/business.roovi.com\/de\/wp-json\/wp\/v2\/product"}],"about":[{"href":"https:\/\/business.roovi.com\/de\/wp-json\/wp\/v2\/types\/product"}],"version-history":[{"count":0,"href":"https:\/\/business.roovi.com\/de\/wp-json\/wp\/v2\/product\/39880\/revisions"}],"wp:featuredmedia":[{"embeddable":true,"href":"https:\/\/business.roovi.com\/de\/wp-json\/wp\/v2\/media\/63652"}],"wp:attachment":[{"href":"https:\/\/business.roovi.com\/de\/wp-json\/wp\/v2\/media?parent=39880"}],"wp:term":[{"taxonomy":"product_brand","embeddable":true,"href":"https:\/\/business.roovi.com\/de\/wp-json\/wp\/v2\/product_brand?post=39880"},{"taxonomy":"product_cat","embeddable":true,"href":"https:\/\/business.roovi.com\/de\/wp-json\/wp\/v2\/product_cat?post=39880"},{"taxonomy":"product_tag","embeddable":true,"href":"https:\/\/business.roovi.com\/de\/wp-json\/wp\/v2\/product_tag?post=39880"}],"curies":[{"name":"wp","href":"https:\/\/api.w.org\/{rel}","templated":true}]}}