{"id":39889,"date":"2019-05-09T08:47:42","date_gmt":"2019-05-09T08:47:42","guid":{"rendered":"https:\/\/business.roovi.com\/puzzle-adulti-1000-piese-discover-europe-tirolul-de-sud\/p\/"},"modified":"2022-07-06T13:59:05","modified_gmt":"2022-07-06T13:59:05","slug":"sudtirol-puzzle-puzzle-fur-erwachsene-1000-teile-europa-entdecken","status":"publish","type":"product","link":"https:\/\/business.roovi.com\/de\/sudtirol-puzzle-puzzle-fur-erwachsene-1000-teile-europa-entdecken\/p\/","title":{"rendered":"S\u00fcdtirol Puzzle &#8211; Puzzle f\u00fcr Erwachsene 1000 Teile &#8211; Europa entdecken"},"content":{"rendered":"<p><strong><em>Verbinde deine Leidenschaft f\u00fcr Puzzlespiele und Reisen mit einer faszinierenden Sammlung: Entdecke Europa. Bilder von vertr\u00e4umten Landschaften und Sehensw\u00fcrdigkeiten Europas warten darauf, dass du sie aus 1000 Puzzleteilen zusammensetzt.<\/em><\/strong><\/p>\n<p><span style=\"font-weight: 400\">Hoch aufragende Berge und kristallklare Seen, deren Anblick dir den Atem raubt, Burgen auf Klippen, die aus der Ferne wie gemalt wirken, und St\u00e4dte mit malerischen mittelalterlichen Stadtkernen sind nur einige der Attraktionen der n\u00f6rdlichsten Region Italiens &#8211; S\u00fcdtirol &#8211; ein Gebiet mit einer reichen Geschichte und einer turbulenten Vergangenheit.<\/span><\/p>\n<p><span style=\"font-weight: 400\">Das 1000-teilige S\u00fcdtirol-Puzzle zeigt ein emblematisches Bild der Region: den Pragser Wildsee, auch bekannt als <\/span><em><span style=\"font-weight: 400\">Perle der Dolomiten<\/span><\/em><span style=\"font-weight: 400\">. Das malerische Bild des Sees in endlosen smaragdgr\u00fcnen Schattierungen, in dem sich die Bergk\u00e4mme spiegeln, erfreut deine Augen und gibt dir ein Gef\u00fchl der v\u00f6lligen Ruhe <\/span><\/p>\n<p><span style=\"font-weight: 400\">Wenn du deine Augen schlie\u00dft, kannst du dir vorstellen, wie du auf dem Ponton stehst und in aller Ruhe die Perfektion der Natur bewunderst. F\u00fcr die Momente, in denen du der Hektik des Alltags entfliehen willst, ist dieses Modell ideal, genau wie f\u00fcr alle Puzzle-Liebhaber. Setze St\u00fcck f\u00fcr St\u00fcck und beobachte, wie eine magische Landschaft Gestalt annimmt, die dich zum Tr\u00e4umen bringt.<\/span><\/p>\n<p><strong>Warum solltest du dich f\u00fcr ein 1000-Teile-Puzzle aus der Kollektion Discover Europe entscheiden?<\/strong><\/p>\n<p><span style=\"font-weight: 400\">Ein Puzzle mit einem Bild einer Touristenattraktion ist eine Gelegenheit, sich zu entspannen und vom Alltag abzuschalten.<\/span><\/p>\n<p><span style=\"font-weight: 400\">Du erh\u00e4ltst ein 68 x 47 cm gro\u00dfes Bild, das jeder tristen Stelle in deinem Zuhause Pers\u00f6nlichkeit verleiht.<\/span><\/p>\n<p><span style=\"font-weight: 400\">Er ist aus hochwertigem Karton gefertigt, der die St\u00fccke auch nach mehrmaligem Gebrauch haltbar macht.<\/span><\/p>\n<p><span style=\"font-weight: 400\">Jedes Puzzle f\u00fcr Erwachsene ist umweltfreundlich und wird aus nachhaltigen und recycelbaren Materialien hergestellt.<\/span><\/p>\n<p><span style=\"font-weight: 400\">Es hat eine halbgl\u00e4nzende Oberfl\u00e4che und angenehme Farben, die die Sch\u00f6nheit des Bildes hervorheben.<\/span><\/p>\n<p><span style=\"font-weight: 400\">Es ist f\u00fcr Menschen ab 14 Jahren geeignet, ein guter Grund, um mit Teenagern Zeit zu verbringen.<\/span><\/p>\n<p><span style=\"font-weight: 400\">Das Puzzlespiel ist ein gro\u00dfartiges Gehirntraining, es fordert beide Gehirnh\u00e4lften heraus und hilft, das Ged\u00e4chtnis zu verbessern.<\/span><\/p>\n<p><span style=\"font-weight: 400\">Erh\u00e4lt die Koordination, die Beweglichkeit und die Geschicklichkeit aufrecht <\/span><\/p>\n<p><strong>Wusstest du, dass&#8230;?<\/strong><\/p>\n<p><span style=\"font-weight: 400\">550 Jahre lang, bis 1918, geh\u00f6rte S\u00fcdtirol zum Habsburger Reich, was sich auf die Kultur, Architektur und Gastronomie der Region auswirkte.<\/span><\/p>\n<p><span style=\"font-weight: 400\">Rund 50 % der italienischen Apfelproduktion wird in S\u00fcdtirol angebaut, und der S\u00fcdtiroler Apfel ist ein lokales Markenzeichen.<\/span><\/p>\n<p><span style=\"font-weight: 400\">Einer lokalen Legende zufolge befindet sich am s\u00fcdlichen Ende des Pragser Wildsees das Tor zur jenseitigen Welt.<\/span><\/p>\n<p><strong>1000 Teile Puzzle S\u00fcdtirol verbindet dich mit deinen Liebsten<\/strong><\/p>\n<p><span style=\"font-weight: 400\">Einer der erstaunlichen Vorteile von Puzzlespielen ist, dass sie Menschen zusammenbringen. Verwandle ein 1000-teiliges Puzzle in ein Brettspiel und erschaffe mit deinen Liebsten ein faszinierendes Bild mit einem Panoramablick auf den ber\u00fchmten S\u00fcdtiroler See. Gemeinsam seid ihr st\u00e4rker und die gemeinsame Zeit wird zu einem unvergesslichen Erlebnis.<\/span><\/p>\n<p><span style=\"font-weight: 400\">Tritt aus deiner Komfortzone heraus und versetze dich in einen erstaunlichen Zustand der Entspannung mit dem 1000-teiligen S\u00fcdtirol-Puzzle f\u00fcr Erwachsene aus der Kollektion Discover Europe. Kaufe dieses wunderbare Puzzlespiel und erschaffe ein lebendiges Bild, das dir inneren Frieden schenkt oder verschenke es an einen engen Freund oder einen lieben Menschen in der Familie.<\/span><\/p><\/p>\n","protected":false},"excerpt":{"rendered":"<p>Verbinde deine Leidenschaft f\u00fcr Puzzlespiele und Reisen mit einer faszinierenden Sammlung: Entdecke Europa. Bilder von vertr\u00e4umten Landschaften und Sehensw\u00fcrdigkeiten Europas<\/p>\n","protected":false},"featured_media":49020,"template":"","meta":[],"product_brand":[],"product_cat":[1916,1875,1915],"product_tag":[],"class_list":{"0":"post-39889","1":"product","2":"type-product","3":"status-publish","4":"has-post-thumbnail","6":"product_cat-1000-teile-puzzle","7":"product_cat-puzzle-de","8":"product_cat-puzzlespiele-fur-erwachsene","9":"pa_brand-d_toys-de","10":"pa_country_of_manufacture-ro-de","11":"pa_filter_age-14-de","12":"pa_painter-discover-europe","13":"pa_tip_ambalaj-kasten-a4-de","14":"pa_tip_puzzle-klassisch","16":"first","17":"instock","18":"taxable","19":"shipping-taxable","20":"product-type-simple"},"yoast_head":"<!-- This site is optimized with the Yoast SEO plugin v20.1 - https:\/\/yoast.com\/wordpress\/plugins\/seo\/ -->\n<title>S\u00fcdtirol Puzzle - Puzzle f\u00fcr Erwachsene 1000 Teile - Europa entdecken<\/title>\n<meta name=\"description\" content=\"S\u00fcdtirol Puzzle - Puzzle f\u00fcr Erwachsene 1000 Teile - Europa entdecken\" \/>\n<meta name=\"robots\" content=\"index, follow, max-snippet:-1, max-image-preview:large, max-video-preview:-1\" \/>\n<link rel=\"canonical\" href=\"https:\/\/business.roovi.com\/de\/sudtirol-puzzle-puzzle-fur-erwachsene-1000-teile-europa-entdecken\/p\/\" \/>\n<meta property=\"og:locale\" content=\"de_DE\" \/>\n<meta property=\"og:type\" content=\"article\" \/>\n<meta property=\"og:title\" content=\"S\u00fcdtirol Puzzle - Puzzle f\u00fcr Erwachsene 1000 Teile - Europa entdecken\" \/>\n<meta property=\"og:description\" content=\"S\u00fcdtirol Puzzle - Puzzle f\u00fcr Erwachsene 1000 Teile - Europa entdecken\" \/>\n<meta property=\"og:url\" content=\"https:\/\/business.roovi.com\/de\/sudtirol-puzzle-puzzle-fur-erwachsene-1000-teile-europa-entdecken\/p\/\" \/>\n<meta property=\"og:site_name\" content=\"Roovi B2B\" \/>\n<meta property=\"article:publisher\" content=\"https:\/\/www.facebook.com\/wwwjucariero\" \/>\n<meta property=\"article:modified_time\" content=\"2022-07-06T13:59:05+00:00\" \/>\n<meta property=\"og:image\" content=\"https:\/\/business.roovi.com\/wp-content\/uploads\/2019\/05\/65995-09-ansamblu_dimensiuni-cutie-22x22-cm.png\" \/>\n\t<meta property=\"og:image:width\" content=\"1180\" \/>\n\t<meta property=\"og:image:height\" content=\"1180\" \/>\n\t<meta property=\"og:image:type\" content=\"image\/png\" \/>\n<meta name=\"twitter:label1\" content=\"Gesch\u00e4tzte Lesezeit\" \/>\n\t<meta name=\"twitter:data1\" content=\"3\u00a0Minuten\" \/>\n<script type=\"application\/ld+json\" class=\"yoast-schema-graph\">{\"@context\":\"https:\/\/schema.org\",\"@graph\":[{\"@type\":\"WebPage\",\"@id\":\"https:\/\/business.roovi.com\/de\/sudtirol-puzzle-puzzle-fur-erwachsene-1000-teile-europa-entdecken\/p\/\",\"url\":\"https:\/\/business.roovi.com\/de\/sudtirol-puzzle-puzzle-fur-erwachsene-1000-teile-europa-entdecken\/p\/\",\"name\":\"S\u00fcdtirol Puzzle - Puzzle f\u00fcr Erwachsene 1000 Teile - Europa entdecken\",\"isPartOf\":{\"@id\":\"https:\/\/business.roovi.com\/de\/#website\"},\"datePublished\":\"2019-05-09T08:47:42+00:00\",\"dateModified\":\"2022-07-06T13:59:05+00:00\",\"description\":\"S\u00fcdtirol Puzzle - Puzzle f\u00fcr Erwachsene 1000 Teile - Europa entdecken\",\"breadcrumb\":{\"@id\":\"https:\/\/business.roovi.com\/de\/sudtirol-puzzle-puzzle-fur-erwachsene-1000-teile-europa-entdecken\/p\/#breadcrumb\"},\"inLanguage\":\"de\",\"potentialAction\":[{\"@type\":\"ReadAction\",\"target\":[\"https:\/\/business.roovi.com\/de\/sudtirol-puzzle-puzzle-fur-erwachsene-1000-teile-europa-entdecken\/p\/\"]}]},{\"@type\":\"BreadcrumbList\",\"@id\":\"https:\/\/business.roovi.com\/de\/sudtirol-puzzle-puzzle-fur-erwachsene-1000-teile-europa-entdecken\/p\/#breadcrumb\",\"itemListElement\":[{\"@type\":\"ListItem\",\"position\":1,\"name\":\"Home\",\"item\":\"https:\/\/business.roovi.com\/de\/\"},{\"@type\":\"ListItem\",\"position\":2,\"name\":\"Shop\",\"item\":\"https:\/\/business.roovi.com\/de\/shop\/\"},{\"@type\":\"ListItem\",\"position\":3,\"name\":\"S\u00fcdtirol Puzzle &#8211; Puzzle f\u00fcr Erwachsene 1000 Teile &#8211; Europa entdecken\"}]},{\"@type\":\"WebSite\",\"@id\":\"https:\/\/business.roovi.com\/de\/#website\",\"url\":\"https:\/\/business.roovi.com\/de\/\",\"name\":\"Roovi B2B\",\"description\":\"Roovi Business Website\",\"potentialAction\":[{\"@type\":\"SearchAction\",\"target\":{\"@type\":\"EntryPoint\",\"urlTemplate\":\"https:\/\/business.roovi.com\/de\/?s={search_term_string}\"},\"query-input\":\"required name=search_term_string\"}],\"inLanguage\":\"de\"}]}<\/script>\n<!-- \/ Yoast SEO plugin. -->","yoast_head_json":{"title":"S\u00fcdtirol Puzzle - Puzzle f\u00fcr Erwachsene 1000 Teile - Europa entdecken","description":"S\u00fcdtirol Puzzle - Puzzle f\u00fcr Erwachsene 1000 Teile - Europa entdecken","robots":{"index":"index","follow":"follow","max-snippet":"max-snippet:-1","max-image-preview":"max-image-preview:large","max-video-preview":"max-video-preview:-1"},"canonical":"https:\/\/business.roovi.com\/de\/sudtirol-puzzle-puzzle-fur-erwachsene-1000-teile-europa-entdecken\/p\/","og_locale":"de_DE","og_type":"article","og_title":"S\u00fcdtirol Puzzle - Puzzle f\u00fcr Erwachsene 1000 Teile - Europa entdecken","og_description":"S\u00fcdtirol Puzzle - Puzzle f\u00fcr Erwachsene 1000 Teile - Europa entdecken","og_url":"https:\/\/business.roovi.com\/de\/sudtirol-puzzle-puzzle-fur-erwachsene-1000-teile-europa-entdecken\/p\/","og_site_name":"Roovi B2B","article_publisher":"https:\/\/www.facebook.com\/wwwjucariero","article_modified_time":"2022-07-06T13:59:05+00:00","og_image":[{"width":1180,"height":1180,"url":"https:\/\/business.roovi.com\/wp-content\/uploads\/2019\/05\/65995-09-ansamblu_dimensiuni-cutie-22x22-cm.png","type":"image\/png"}],"twitter_misc":{"Gesch\u00e4tzte Lesezeit":"3\u00a0Minuten"},"schema":{"@context":"https:\/\/schema.org","@graph":[{"@type":"WebPage","@id":"https:\/\/business.roovi.com\/de\/sudtirol-puzzle-puzzle-fur-erwachsene-1000-teile-europa-entdecken\/p\/","url":"https:\/\/business.roovi.com\/de\/sudtirol-puzzle-puzzle-fur-erwachsene-1000-teile-europa-entdecken\/p\/","name":"S\u00fcdtirol Puzzle - Puzzle f\u00fcr Erwachsene 1000 Teile - Europa entdecken","isPartOf":{"@id":"https:\/\/business.roovi.com\/de\/#website"},"datePublished":"2019-05-09T08:47:42+00:00","dateModified":"2022-07-06T13:59:05+00:00","description":"S\u00fcdtirol Puzzle - Puzzle f\u00fcr Erwachsene 1000 Teile - Europa entdecken","breadcrumb":{"@id":"https:\/\/business.roovi.com\/de\/sudtirol-puzzle-puzzle-fur-erwachsene-1000-teile-europa-entdecken\/p\/#breadcrumb"},"inLanguage":"de","potentialAction":[{"@type":"ReadAction","target":["https:\/\/business.roovi.com\/de\/sudtirol-puzzle-puzzle-fur-erwachsene-1000-teile-europa-entdecken\/p\/"]}]},{"@type":"BreadcrumbList","@id":"https:\/\/business.roovi.com\/de\/sudtirol-puzzle-puzzle-fur-erwachsene-1000-teile-europa-entdecken\/p\/#breadcrumb","itemListElement":[{"@type":"ListItem","position":1,"name":"Home","item":"https:\/\/business.roovi.com\/de\/"},{"@type":"ListItem","position":2,"name":"Shop","item":"https:\/\/business.roovi.com\/de\/shop\/"},{"@type":"ListItem","position":3,"name":"S\u00fcdtirol Puzzle &#8211; Puzzle f\u00fcr Erwachsene 1000 Teile &#8211; Europa entdecken"}]},{"@type":"WebSite","@id":"https:\/\/business.roovi.com\/de\/#website","url":"https:\/\/business.roovi.com\/de\/","name":"Roovi B2B","description":"Roovi Business Website","potentialAction":[{"@type":"SearchAction","target":{"@type":"EntryPoint","urlTemplate":"https:\/\/business.roovi.com\/de\/?s={search_term_string}"},"query-input":"required name=search_term_string"}],"inLanguage":"de"}]}},"_links":{"self":[{"href":"https:\/\/business.roovi.com\/de\/wp-json\/wp\/v2\/product\/39889","targetHints":{"allow":["GET"]}}],"collection":[{"href":"https:\/\/business.roovi.com\/de\/wp-json\/wp\/v2\/product"}],"about":[{"href":"https:\/\/business.roovi.com\/de\/wp-json\/wp\/v2\/types\/product"}],"version-history":[{"count":0,"href":"https:\/\/business.roovi.com\/de\/wp-json\/wp\/v2\/product\/39889\/revisions"}],"wp:featuredmedia":[{"embeddable":true,"href":"https:\/\/business.roovi.com\/de\/wp-json\/wp\/v2\/media\/49020"}],"wp:attachment":[{"href":"https:\/\/business.roovi.com\/de\/wp-json\/wp\/v2\/media?parent=39889"}],"wp:term":[{"taxonomy":"product_brand","embeddable":true,"href":"https:\/\/business.roovi.com\/de\/wp-json\/wp\/v2\/product_brand?post=39889"},{"taxonomy":"product_cat","embeddable":true,"href":"https:\/\/business.roovi.com\/de\/wp-json\/wp\/v2\/product_cat?post=39889"},{"taxonomy":"product_tag","embeddable":true,"href":"https:\/\/business.roovi.com\/de\/wp-json\/wp\/v2\/product_tag?post=39889"}],"curies":[{"name":"wp","href":"https:\/\/api.w.org\/{rel}","templated":true}]}}