{"id":39893,"date":"2019-05-09T08:38:37","date_gmt":"2019-05-09T08:38:37","guid":{"rendered":"https:\/\/business.roovi.com\/puzzle-adulti-1000-piese-nature-landscape-canada\/p\/"},"modified":"2023-02-27T13:12:08","modified_gmt":"2023-02-27T13:12:08","slug":"naturlandschaft-1000-teile-puzzle-fur-erwachsene-kanada","status":"publish","type":"product","link":"https:\/\/business.roovi.com\/de\/naturlandschaft-1000-teile-puzzle-fur-erwachsene-kanada\/p\/","title":{"rendered":"Naturlandschaft 1000 Teile Puzzle f\u00fcr Erwachsene &#8211; Kanada"},"content":{"rendered":"<p><strong><em>Willst du ein paar Stunden Ruhe und tiefe Entspannung? Setze ein Bild von Kanadas Wildnis aus einem 1000-teiligen Puzzle zusammen und erlebe einen Zustand der totalen Losgel\u00f6stheit.<\/em><\/strong><\/p>\n<p><span style=\"font-weight: 400;\">Das Bild des Moraine Lake in dem 1000 Teile Naturlandschaft &#8211; Kanada Puzzle l\u00f6st einen Zustand der Ruhe und Entspannung aus. Mit jedem Teil, das du in das Bild einf\u00fcgst, wirst du fokussierter und mehr vom Alltag abgekoppelt. Und das Gef\u00fchl ist magisch. Wir fordern dich heraus, es zu erleben!<\/span><\/p>\n<p><span style=\"font-weight: 400;\">Der Moraine Lake in Kanada ist eine der meistfotografierten Sehensw\u00fcrdigkeiten des Landes. Das kristallklare Wasser, das sich in den nahegelegenen Bergk\u00e4mmen spiegelt, und die spektakul\u00e4re Naturkulisse machen diesen See zu einem der sch\u00f6nsten Gletscherseen der Welt.<\/span><\/p>\n<p><span style=\"font-weight: 400;\">Dieses Naturwunder liegt im Schutz des 10 Peaks Valley im kanadischen Banff Nationalpark. Seine leuchtenden T\u00fcrkist\u00f6ne werden im Sommer noch intensiver, wenn die Gletscher schmelzen. Das 1000-teilige Naturlandschaftspuzzle &#8211; Moraine Lake, Kanada bewahrt die perfekten Farben dieses Sees, und w\u00e4hrend du das Bild zusammensetzt, wirst du von dem Spektakel der Farben und der m\u00e4rchenhaften Landschaft fasziniert sein.<\/span><\/p>\n<p><strong>Warum das 1000 Piece Puzzle Moraine Lake, Kanada?<\/strong><\/p>\n<p><span style=\"font-weight: 400;\">Setze ein 68 x 47 cm gro\u00dfes Bild zusammen, das ein Bild f\u00fcrs Leben ergeben wird.<\/span><\/p>\n<p><span style=\"font-weight: 400;\">Du kannst das Bild als Dekorationsobjekt verwenden, um dein Zuhause zu versch\u00f6nern.<\/span><\/p>\n<p><span style=\"font-weight: 400;\">Die 1000 Puzzleteile sind pr\u00e4zise geschnitten und passen perfekt zusammen und das endg\u00fcltige Bild ist perfekt.<\/span><\/p>\n<p><span style=\"font-weight: 400;\">Er ist aus hochwertigem blauen Karton gefertigt, der ihn auch nach mehrmaligem Zusammenbau langlebig macht.<\/span><\/p>\n<p><span style=\"font-weight: 400;\">Es ist umweltfreundlich und wird aus recycelbaren und nachhaltigen Materialien hergestellt.<\/span><\/p>\n<p><span style=\"font-weight: 400;\">Es hat eine halbgl\u00e4nzende Oberfl\u00e4che und leuchtende Farben, die die Sch\u00f6nheit der Landschaft hervorheben.<\/span><\/p>\n<p><span style=\"font-weight: 400;\">Geeignet f\u00fcr Personen ab 14 Jahren &#8211; eine tolle Gelegenheit, Zeit mit deinen Kindern im Teenageralter zu verbringen.<\/span><\/p>\n<p><strong>Wusstest du schon&#8230;?<\/strong><\/p>\n<p><span style=\"font-weight: 400;\">Der Moraine Lake liegt auf einer H\u00f6he von 1.885 m und der Wasserstand und die Farben sind Ende Juni am intensivsten.<\/span><\/p>\n<p><span style=\"font-weight: 400;\">Die maximale Tiefe dieses Sees betr\u00e4gt 15 Meter.<\/span><\/p>\n<p><span style=\"font-weight: 400;\">Das Bild des Moraine Lake ist auch auf der R\u00fcckseite der kanadischen 20-Dollar-Banknoten von 1969 und 1979 zu sehen.<\/span><\/p>\n<p><span style=\"font-weight: 400;\">Der Banff-Nationalpark wurde 1885 gegr\u00fcndet und war der erste Nationalpark Kanadas und der drittgr\u00f6\u00dfte der Welt.<\/span><\/p>\n<p><span style=\"font-weight: 400;\">Die Berge in diesem Nationalpark sind bis zu 120 Millionen Jahre alt und beherbergen noch immer etwa 1000 Gletscher.<\/span><\/p>\n<p><span style=\"font-weight: 400;\">Ein R\u00e4tsel f\u00fcr Erwachsene mit spektakul\u00e4rer Naturkulisse ist eine Freizeitaktivit\u00e4t, die dir viele Vorteile bringt, die sich in vielen Aspekten deines Lebens widerspiegeln <\/span><\/p>\n<ul>\n<li><span style=\"font-weight: 400;\">Es schult deine Geduld und Ausdauer.<\/span><\/li>\n<li><span style=\"font-weight: 400;\">Es trainiert dein Ged\u00e4chtnis.<\/span><\/li>\n<li><span style=\"font-weight: 400;\">Es entwickelt dein logisches Denken <\/span><\/li>\n<li><span style=\"font-weight: 400;\">Es ist eine gute \u00dcbung in Kreativit\u00e4t<\/span><\/li>\n<li><span style=\"font-weight: 400;\">Es gibt dir gute Laune und Optimismus.<\/span><\/li>\n<li><span style=\"font-weight: 400;\">Es ist eine gute Gelegenheit, Kontakte zu kn\u00fcpfen<\/span><\/li>\n<\/ul>\n<p><span style=\"font-weight: 400;\">Du hast eine Menge Gr\u00fcnde, dich f\u00fcr das 1000 Teile Puzzle Moraine Lake zu entscheiden. Behalte es bei dir zu Hause und bearbeite es, wann immer du das Bed\u00fcrfnis nach einer kreativen Herausforderung versp\u00fcrst, genie\u00dfe es mit deiner Familie oder deinen Freunden oder lege es unter den Weihnachtsbaum und mache es zu einem tollen Geschenk f\u00fcr R\u00e4tselspielfans.<\/span><\/p>\n","protected":false},"excerpt":{"rendered":"<p>Willst du ein paar Stunden Ruhe und tiefe Entspannung? Setze ein Bild von Kanadas Wildnis aus einem 1000-teiligen Puzzle zusammen<\/p>\n","protected":false},"featured_media":49007,"template":"","meta":[],"product_brand":[],"product_cat":[1916,1875,1915],"product_tag":[],"class_list":{"0":"post-39893","1":"product","2":"type-product","3":"status-publish","4":"has-post-thumbnail","6":"product_cat-1000-teile-puzzle","7":"product_cat-puzzle-de","8":"product_cat-puzzlespiele-fur-erwachsene","9":"pa_brand-d_toys-de","10":"pa_country_of_manufacture-ro-de","11":"pa_filter_age-14-de","12":"pa_painter-landscapes-de","13":"pa_tip_ambalaj-kasten-a4-de","14":"pa_tip_puzzle-klassisch","16":"first","17":"instock","18":"taxable","19":"shipping-taxable","20":"product-type-simple"},"yoast_head":"<!-- This site is optimized with the Yoast SEO plugin v20.1 - https:\/\/yoast.com\/wordpress\/plugins\/seo\/ -->\n<title>Naturlandschaft 1000 Teile Puzzle f\u00fcr Erwachsene - Kanada<\/title>\n<meta name=\"description\" content=\"Naturlandschaft 1000 Teile Puzzle f\u00fcr Erwachsene - Kanada\" \/>\n<meta name=\"robots\" content=\"index, follow, max-snippet:-1, max-image-preview:large, max-video-preview:-1\" \/>\n<link rel=\"canonical\" href=\"https:\/\/business.roovi.com\/de\/naturlandschaft-1000-teile-puzzle-fur-erwachsene-kanada\/p\/\" \/>\n<meta property=\"og:locale\" content=\"de_DE\" \/>\n<meta property=\"og:type\" content=\"article\" \/>\n<meta property=\"og:title\" content=\"Naturlandschaft 1000 Teile Puzzle f\u00fcr Erwachsene - Kanada\" \/>\n<meta property=\"og:description\" content=\"Naturlandschaft 1000 Teile Puzzle f\u00fcr Erwachsene - Kanada\" \/>\n<meta property=\"og:url\" content=\"https:\/\/business.roovi.com\/de\/naturlandschaft-1000-teile-puzzle-fur-erwachsene-kanada\/p\/\" \/>\n<meta property=\"og:site_name\" content=\"Roovi B2B\" \/>\n<meta property=\"article:publisher\" content=\"https:\/\/www.facebook.com\/wwwjucariero\" \/>\n<meta property=\"article:modified_time\" content=\"2023-02-27T13:12:08+00:00\" \/>\n<meta property=\"og:image\" content=\"https:\/\/business.roovi.com\/wp-content\/uploads\/2019\/05\/75765-01-ansamblu_dimensiuni-cutie-cm_orizontal.png\" \/>\n\t<meta property=\"og:image:width\" content=\"900\" \/>\n\t<meta property=\"og:image:height\" content=\"900\" \/>\n\t<meta property=\"og:image:type\" content=\"image\/png\" \/>\n<meta name=\"twitter:label1\" content=\"Gesch\u00e4tzte Lesezeit\" \/>\n\t<meta name=\"twitter:data1\" content=\"3\u00a0Minuten\" \/>\n<script type=\"application\/ld+json\" class=\"yoast-schema-graph\">{\"@context\":\"https:\/\/schema.org\",\"@graph\":[{\"@type\":\"WebPage\",\"@id\":\"https:\/\/business.roovi.com\/de\/naturlandschaft-1000-teile-puzzle-fur-erwachsene-kanada\/p\/\",\"url\":\"https:\/\/business.roovi.com\/de\/naturlandschaft-1000-teile-puzzle-fur-erwachsene-kanada\/p\/\",\"name\":\"Naturlandschaft 1000 Teile Puzzle f\u00fcr Erwachsene - Kanada\",\"isPartOf\":{\"@id\":\"https:\/\/business.roovi.com\/de\/#website\"},\"datePublished\":\"2019-05-09T08:38:37+00:00\",\"dateModified\":\"2023-02-27T13:12:08+00:00\",\"description\":\"Naturlandschaft 1000 Teile Puzzle f\u00fcr Erwachsene - Kanada\",\"breadcrumb\":{\"@id\":\"https:\/\/business.roovi.com\/de\/naturlandschaft-1000-teile-puzzle-fur-erwachsene-kanada\/p\/#breadcrumb\"},\"inLanguage\":\"de\",\"potentialAction\":[{\"@type\":\"ReadAction\",\"target\":[\"https:\/\/business.roovi.com\/de\/naturlandschaft-1000-teile-puzzle-fur-erwachsene-kanada\/p\/\"]}]},{\"@type\":\"BreadcrumbList\",\"@id\":\"https:\/\/business.roovi.com\/de\/naturlandschaft-1000-teile-puzzle-fur-erwachsene-kanada\/p\/#breadcrumb\",\"itemListElement\":[{\"@type\":\"ListItem\",\"position\":1,\"name\":\"Home\",\"item\":\"https:\/\/business.roovi.com\/de\/\"},{\"@type\":\"ListItem\",\"position\":2,\"name\":\"Shop\",\"item\":\"https:\/\/business.roovi.com\/de\/shop\/\"},{\"@type\":\"ListItem\",\"position\":3,\"name\":\"Naturlandschaft 1000 Teile Puzzle f\u00fcr Erwachsene &#8211; Kanada\"}]},{\"@type\":\"WebSite\",\"@id\":\"https:\/\/business.roovi.com\/de\/#website\",\"url\":\"https:\/\/business.roovi.com\/de\/\",\"name\":\"Roovi B2B\",\"description\":\"Roovi Business Website\",\"potentialAction\":[{\"@type\":\"SearchAction\",\"target\":{\"@type\":\"EntryPoint\",\"urlTemplate\":\"https:\/\/business.roovi.com\/de\/?s={search_term_string}\"},\"query-input\":\"required name=search_term_string\"}],\"inLanguage\":\"de\"}]}<\/script>\n<!-- \/ Yoast SEO plugin. -->","yoast_head_json":{"title":"Naturlandschaft 1000 Teile Puzzle f\u00fcr Erwachsene - Kanada","description":"Naturlandschaft 1000 Teile Puzzle f\u00fcr Erwachsene - Kanada","robots":{"index":"index","follow":"follow","max-snippet":"max-snippet:-1","max-image-preview":"max-image-preview:large","max-video-preview":"max-video-preview:-1"},"canonical":"https:\/\/business.roovi.com\/de\/naturlandschaft-1000-teile-puzzle-fur-erwachsene-kanada\/p\/","og_locale":"de_DE","og_type":"article","og_title":"Naturlandschaft 1000 Teile Puzzle f\u00fcr Erwachsene - Kanada","og_description":"Naturlandschaft 1000 Teile Puzzle f\u00fcr Erwachsene - Kanada","og_url":"https:\/\/business.roovi.com\/de\/naturlandschaft-1000-teile-puzzle-fur-erwachsene-kanada\/p\/","og_site_name":"Roovi B2B","article_publisher":"https:\/\/www.facebook.com\/wwwjucariero","article_modified_time":"2023-02-27T13:12:08+00:00","og_image":[{"width":900,"height":900,"url":"https:\/\/business.roovi.com\/wp-content\/uploads\/2019\/05\/75765-01-ansamblu_dimensiuni-cutie-cm_orizontal.png","type":"image\/png"}],"twitter_misc":{"Gesch\u00e4tzte Lesezeit":"3\u00a0Minuten"},"schema":{"@context":"https:\/\/schema.org","@graph":[{"@type":"WebPage","@id":"https:\/\/business.roovi.com\/de\/naturlandschaft-1000-teile-puzzle-fur-erwachsene-kanada\/p\/","url":"https:\/\/business.roovi.com\/de\/naturlandschaft-1000-teile-puzzle-fur-erwachsene-kanada\/p\/","name":"Naturlandschaft 1000 Teile Puzzle f\u00fcr Erwachsene - Kanada","isPartOf":{"@id":"https:\/\/business.roovi.com\/de\/#website"},"datePublished":"2019-05-09T08:38:37+00:00","dateModified":"2023-02-27T13:12:08+00:00","description":"Naturlandschaft 1000 Teile Puzzle f\u00fcr Erwachsene - Kanada","breadcrumb":{"@id":"https:\/\/business.roovi.com\/de\/naturlandschaft-1000-teile-puzzle-fur-erwachsene-kanada\/p\/#breadcrumb"},"inLanguage":"de","potentialAction":[{"@type":"ReadAction","target":["https:\/\/business.roovi.com\/de\/naturlandschaft-1000-teile-puzzle-fur-erwachsene-kanada\/p\/"]}]},{"@type":"BreadcrumbList","@id":"https:\/\/business.roovi.com\/de\/naturlandschaft-1000-teile-puzzle-fur-erwachsene-kanada\/p\/#breadcrumb","itemListElement":[{"@type":"ListItem","position":1,"name":"Home","item":"https:\/\/business.roovi.com\/de\/"},{"@type":"ListItem","position":2,"name":"Shop","item":"https:\/\/business.roovi.com\/de\/shop\/"},{"@type":"ListItem","position":3,"name":"Naturlandschaft 1000 Teile Puzzle f\u00fcr Erwachsene &#8211; Kanada"}]},{"@type":"WebSite","@id":"https:\/\/business.roovi.com\/de\/#website","url":"https:\/\/business.roovi.com\/de\/","name":"Roovi B2B","description":"Roovi Business Website","potentialAction":[{"@type":"SearchAction","target":{"@type":"EntryPoint","urlTemplate":"https:\/\/business.roovi.com\/de\/?s={search_term_string}"},"query-input":"required name=search_term_string"}],"inLanguage":"de"}]}},"_links":{"self":[{"href":"https:\/\/business.roovi.com\/de\/wp-json\/wp\/v2\/product\/39893","targetHints":{"allow":["GET"]}}],"collection":[{"href":"https:\/\/business.roovi.com\/de\/wp-json\/wp\/v2\/product"}],"about":[{"href":"https:\/\/business.roovi.com\/de\/wp-json\/wp\/v2\/types\/product"}],"version-history":[{"count":0,"href":"https:\/\/business.roovi.com\/de\/wp-json\/wp\/v2\/product\/39893\/revisions"}],"wp:featuredmedia":[{"embeddable":true,"href":"https:\/\/business.roovi.com\/de\/wp-json\/wp\/v2\/media\/49007"}],"wp:attachment":[{"href":"https:\/\/business.roovi.com\/de\/wp-json\/wp\/v2\/media?parent=39893"}],"wp:term":[{"taxonomy":"product_brand","embeddable":true,"href":"https:\/\/business.roovi.com\/de\/wp-json\/wp\/v2\/product_brand?post=39893"},{"taxonomy":"product_cat","embeddable":true,"href":"https:\/\/business.roovi.com\/de\/wp-json\/wp\/v2\/product_cat?post=39893"},{"taxonomy":"product_tag","embeddable":true,"href":"https:\/\/business.roovi.com\/de\/wp-json\/wp\/v2\/product_tag?post=39893"}],"curies":[{"name":"wp","href":"https:\/\/api.w.org\/{rel}","templated":true}]}}