{"id":39902,"date":"2019-05-09T08:13:56","date_gmt":"2019-05-09T08:13:56","guid":{"rendered":"https:\/\/business.roovi.com\/puzzle-adulti-1000-piese-peisaje-de-zi-castelul-neuschwanstein-germania-2\/p\/"},"modified":"2022-07-06T13:59:28","modified_gmt":"2022-07-06T13:59:28","slug":"1000-teile-erwachsenenpuzzle-landschaften-bei-tag-schloss-neuschwanstein-deutschland","status":"publish","type":"product","link":"https:\/\/business.roovi.com\/de\/1000-teile-erwachsenenpuzzle-landschaften-bei-tag-schloss-neuschwanstein-deutschland\/p\/","title":{"rendered":"1000 Teile Erwachsenenpuzzle Landschaften bei Tag &#8211; Schloss Neuschwanstein, Deutschland"},"content":{"rendered":"<p><strong><em>Die 1000-teilige Puzzleserie f\u00fcr Erwachsene Landscapes by Day fordert dich heraus, aus der virtuellen Welt herauszutreten. Setze Puzzles mit Bildern von sch\u00f6nen Landschaften aus ber\u00fchmten Touristenorten zusammen und erlebe bis zu 30 Stunden Entspannung und echten Spa\u00df.<\/em><\/strong><\/p>\n<p><span style=\"font-weight: 400\">Das 1000-teilige Puzzle Schloss Neuschwanstein vervollst\u00e4ndigt die Puzzle-Kollektion Landscapes by Day f\u00fcr Erwachsene. Ein faszinierendes Bild dieses M\u00e4rchenschlosses, das aus den M\u00e4rchen der Kindheit herausgerissen wurde, wird dich in ferne L\u00e4nder entf\u00fchren und dir v\u00f6llige Ruhe und Entspannung schenken.<\/span><\/p>\n<p><span style=\"font-weight: 400\">Schloss Neuschwanstein ist ein architektonisches Juwel im Stil der Romantik-Renaissance und wurde auf Gehei\u00df von K\u00f6nig Ludwig II. von Bayern erbaut. Er finanzierte das Werk mit seinen eigenen Mitteln und sah es nie fertiggestellt. Der K\u00f6nig liebte die Gegend, in der er seine Kindheit verbracht hatte, und wollte einen majest\u00e4tischen pers\u00f6nlichen R\u00fcckzugsort, von dem er schon als Kind getr\u00e4umt hatte. Doch nach seinem Tod wurde die Burg zu einer Touristenattraktion, die f\u00fcr die \u00d6ffentlichkeit zug\u00e4nglich ist.<\/span><\/p>\n<p><span style=\"font-weight: 400\">Heute kommen jedes Jahr Tausende von neugierigen Besuchern aus der ganzen Welt und lassen sich von der einzigartigen Architektur und den atemberaubenden Aussichten verzaubern.<\/span><\/p>\n<p><span style=\"font-weight: 400\">Setze dieses wunderbare 1000-teilige Puzzle von Schloss Neuschwanstein zusammen und entdecke die winzigen Details eines exquisiten architektonischen Schmuckst\u00fccks. Jedes passende St\u00fcck wird dich aufregen und erfreuen, und das abschlie\u00dfende Bild wird dir das Gef\u00fchl geben, dass du deine Aufgabe erf\u00fcllt hast.<\/span><\/p>\n<p><strong>Warum das 1000-teilige Schloss Neuschwanstein-Puzzle?<\/strong><\/p>\n<p><span style=\"font-weight: 400\">Es ist eine tolle M\u00f6glichkeit, ein einzigartiges, weltbekanntes Wahrzeichen zu entdecken.<\/span><\/p>\n<p><span style=\"font-weight: 400\">Du bekommst ein faszinierendes 68 x 47 cm gro\u00dfes Gem\u00e4lde, mit dem du dein Zuhause dekorieren kannst.<\/span><\/p>\n<p><span style=\"font-weight: 400\">Es macht Spa\u00df, deine Koordination, Geschicklichkeit und Feinmotorik in jedem Alter zu trainieren und zu erhalten.<\/span><\/p>\n<p><span style=\"font-weight: 400\">Das ist eine gute M\u00f6glichkeit, dein Ged\u00e4chtnis zu trainieren und deine Geduld zu schulen.<\/span><\/p>\n<p><span style=\"font-weight: 400\">Es ist aus hochwertigem blauen Karton gefertigt, der den Teilen auch nach mehrmaligem Zusammenbau noch Stabilit\u00e4t verleiht.<\/span><\/p>\n<p><span style=\"font-weight: 400\">Jedes 1000-teilige Puzzle ist aus nachhaltigen und recycelbaren Materialien hergestellt.<\/span><\/p>\n<p><span style=\"font-weight: 400\">Es hat eine halbgl\u00e4nzende Oberfl\u00e4che und angenehme Farben, die die Klarheit des Bildes unterstreichen.<\/span><\/p>\n<p><span style=\"font-weight: 400\">Sie ist f\u00fcr Personen ab 14 Jahren geeignet und hat einen mittleren Schwierigkeitsgrad.<\/span><\/p>\n<p><strong>Wusstest du schon&#8230;?<\/strong><\/p>\n<p><span style=\"font-weight: 400\">Ludwig II. ist in der Geschichte auch als der &#8222;verr\u00fcckte K\u00f6nig&#8220; oder &#8222;Schwanenk\u00f6nig&#8220; bekannt. Er war ein Bewunderer des Komponisten Richard Wagner, den er in seinen Aktivit\u00e4ten unterst\u00fctzte und dem er das Schloss Neuschwanstein widmete.<\/span><\/p>\n<p><span style=\"font-weight: 400\">W\u00e4hrend der Nazi-Besatzung wurde das Schloss als Lager f\u00fcr Pl\u00fcnderungen in Frankreich genutzt. Die Nazis zogen sogar in Erw\u00e4gung, das Schloss zu zerst\u00f6ren, damit die Kunstwerke nicht in feindliche H\u00e4nde fallen. Zum Gl\u00fcck haben sie ihren Plan nicht durchgezogen.<\/span><\/p>\n<p><strong>Schloss Neuschwanstein 1000 Teile Puzzle f\u00fcr Momente der Entspannung und des Abschaltens<\/strong><\/p>\n<p><span style=\"font-weight: 400\">Mit dem 1000-teiligen Puzzle von Schloss Neuschwanstein kannst du ein besonderes architektonisches Denkmal St\u00fcck f\u00fcr St\u00fcck zusammensetzen, allein mit dir oder mit lieben Menschen, die deine Leidenschaft teilen.<\/span><\/p>\n<p><span style=\"font-weight: 400\">Auch f\u00fcr ein Erlebnis der Sch\u00f6pfung und des vollen Genusses, bei dem du von der Schnelllebigkeit des Lebens abschalten m\u00f6chtest, ist das 1000 Teile Puzzle Schloss Neuschwanstein die perfekte Wahl <\/span><\/p>\n<p><span style=\"font-weight: 400\">1000 Teile Puzzle <\/span><span style=\"font-weight: 400\">Schloss Neuschwanstein<\/span><span style=\"font-weight: 400\"> aus der Landscapes of the Day-Kollektion ist ein ideales Geschenk f\u00fcr den Weihnachtsbaum oder ein Geburtstagsgeschenk f\u00fcr puzzlebegeisterte Freunde.<\/span><\/p><\/p>\n","protected":false},"excerpt":{"rendered":"<p>Die 1000-teilige Puzzleserie f\u00fcr Erwachsene Landscapes by Day fordert dich heraus, aus der virtuellen Welt herauszutreten. Setze Puzzles mit Bildern<\/p>\n","protected":false},"featured_media":48983,"template":"","meta":[],"product_brand":[],"product_cat":[1916,1875,1915],"product_tag":[],"class_list":{"0":"post-39902","1":"product","2":"type-product","3":"status-publish","4":"has-post-thumbnail","6":"product_cat-1000-teile-puzzle","7":"product_cat-puzzle-de","8":"product_cat-puzzlespiele-fur-erwachsene","9":"pa_brand-d_toys-de","10":"pa_country_of_manufacture-ro-de","11":"pa_filter_age-14-de","12":"pa_painter-landscapes-de","13":"pa_tip_ambalaj-kasten-a4-de","14":"pa_tip_puzzle-klassisch","16":"first","17":"instock","18":"taxable","19":"shipping-taxable","20":"product-type-simple"},"yoast_head":"<!-- This site is optimized with the Yoast SEO plugin v20.1 - https:\/\/yoast.com\/wordpress\/plugins\/seo\/ -->\n<title>1000 Teile Erwachsenenpuzzle Landschaften bei Tag - Schloss Neuschwanstein, Deutschland<\/title>\n<meta name=\"description\" content=\"1000 Teile Erwachsenenpuzzle Landschaften bei Tag - Schloss Neuschwanstein, Deutschland\" \/>\n<meta name=\"robots\" content=\"index, follow, max-snippet:-1, max-image-preview:large, max-video-preview:-1\" \/>\n<link rel=\"canonical\" href=\"https:\/\/business.roovi.com\/de\/1000-teile-erwachsenenpuzzle-landschaften-bei-tag-schloss-neuschwanstein-deutschland\/p\/\" \/>\n<meta property=\"og:locale\" content=\"de_DE\" \/>\n<meta property=\"og:type\" content=\"article\" \/>\n<meta property=\"og:title\" content=\"1000 Teile Erwachsenenpuzzle Landschaften bei Tag - Schloss Neuschwanstein, Deutschland\" \/>\n<meta property=\"og:description\" content=\"1000 Teile Erwachsenenpuzzle Landschaften bei Tag - Schloss Neuschwanstein, Deutschland\" \/>\n<meta property=\"og:url\" content=\"https:\/\/business.roovi.com\/de\/1000-teile-erwachsenenpuzzle-landschaften-bei-tag-schloss-neuschwanstein-deutschland\/p\/\" \/>\n<meta property=\"og:site_name\" content=\"Roovi B2B\" \/>\n<meta property=\"article:publisher\" content=\"https:\/\/www.facebook.com\/wwwjucariero\" \/>\n<meta property=\"article:modified_time\" content=\"2022-07-06T13:59:28+00:00\" \/>\n<meta property=\"og:image\" content=\"https:\/\/business.roovi.com\/wp-content\/uploads\/2019\/05\/62154-20-ansamblu_dimensiuni-cutie-cm_vertical.png\" \/>\n\t<meta property=\"og:image:width\" content=\"1200\" \/>\n\t<meta property=\"og:image:height\" content=\"1200\" \/>\n\t<meta property=\"og:image:type\" content=\"image\/png\" \/>\n<meta name=\"twitter:label1\" content=\"Gesch\u00e4tzte Lesezeit\" \/>\n\t<meta name=\"twitter:data1\" content=\"3\u00a0Minuten\" \/>\n<script type=\"application\/ld+json\" class=\"yoast-schema-graph\">{\"@context\":\"https:\/\/schema.org\",\"@graph\":[{\"@type\":\"WebPage\",\"@id\":\"https:\/\/business.roovi.com\/de\/1000-teile-erwachsenenpuzzle-landschaften-bei-tag-schloss-neuschwanstein-deutschland\/p\/\",\"url\":\"https:\/\/business.roovi.com\/de\/1000-teile-erwachsenenpuzzle-landschaften-bei-tag-schloss-neuschwanstein-deutschland\/p\/\",\"name\":\"1000 Teile Erwachsenenpuzzle Landschaften bei Tag - Schloss Neuschwanstein, Deutschland\",\"isPartOf\":{\"@id\":\"https:\/\/business.roovi.com\/de\/#website\"},\"datePublished\":\"2019-05-09T08:13:56+00:00\",\"dateModified\":\"2022-07-06T13:59:28+00:00\",\"description\":\"1000 Teile Erwachsenenpuzzle Landschaften bei Tag - Schloss Neuschwanstein, Deutschland\",\"breadcrumb\":{\"@id\":\"https:\/\/business.roovi.com\/de\/1000-teile-erwachsenenpuzzle-landschaften-bei-tag-schloss-neuschwanstein-deutschland\/p\/#breadcrumb\"},\"inLanguage\":\"de\",\"potentialAction\":[{\"@type\":\"ReadAction\",\"target\":[\"https:\/\/business.roovi.com\/de\/1000-teile-erwachsenenpuzzle-landschaften-bei-tag-schloss-neuschwanstein-deutschland\/p\/\"]}]},{\"@type\":\"BreadcrumbList\",\"@id\":\"https:\/\/business.roovi.com\/de\/1000-teile-erwachsenenpuzzle-landschaften-bei-tag-schloss-neuschwanstein-deutschland\/p\/#breadcrumb\",\"itemListElement\":[{\"@type\":\"ListItem\",\"position\":1,\"name\":\"Home\",\"item\":\"https:\/\/business.roovi.com\/de\/\"},{\"@type\":\"ListItem\",\"position\":2,\"name\":\"Shop\",\"item\":\"https:\/\/business.roovi.com\/de\/shop\/\"},{\"@type\":\"ListItem\",\"position\":3,\"name\":\"1000 Teile Erwachsenenpuzzle Landschaften bei Tag &#8211; Schloss Neuschwanstein, Deutschland\"}]},{\"@type\":\"WebSite\",\"@id\":\"https:\/\/business.roovi.com\/de\/#website\",\"url\":\"https:\/\/business.roovi.com\/de\/\",\"name\":\"Roovi B2B\",\"description\":\"Roovi Business Website\",\"potentialAction\":[{\"@type\":\"SearchAction\",\"target\":{\"@type\":\"EntryPoint\",\"urlTemplate\":\"https:\/\/business.roovi.com\/de\/?s={search_term_string}\"},\"query-input\":\"required name=search_term_string\"}],\"inLanguage\":\"de\"}]}<\/script>\n<!-- \/ Yoast SEO plugin. -->","yoast_head_json":{"title":"1000 Teile Erwachsenenpuzzle Landschaften bei Tag - Schloss Neuschwanstein, Deutschland","description":"1000 Teile Erwachsenenpuzzle Landschaften bei Tag - Schloss Neuschwanstein, Deutschland","robots":{"index":"index","follow":"follow","max-snippet":"max-snippet:-1","max-image-preview":"max-image-preview:large","max-video-preview":"max-video-preview:-1"},"canonical":"https:\/\/business.roovi.com\/de\/1000-teile-erwachsenenpuzzle-landschaften-bei-tag-schloss-neuschwanstein-deutschland\/p\/","og_locale":"de_DE","og_type":"article","og_title":"1000 Teile Erwachsenenpuzzle Landschaften bei Tag - Schloss Neuschwanstein, Deutschland","og_description":"1000 Teile Erwachsenenpuzzle Landschaften bei Tag - Schloss Neuschwanstein, Deutschland","og_url":"https:\/\/business.roovi.com\/de\/1000-teile-erwachsenenpuzzle-landschaften-bei-tag-schloss-neuschwanstein-deutschland\/p\/","og_site_name":"Roovi B2B","article_publisher":"https:\/\/www.facebook.com\/wwwjucariero","article_modified_time":"2022-07-06T13:59:28+00:00","og_image":[{"width":1200,"height":1200,"url":"https:\/\/business.roovi.com\/wp-content\/uploads\/2019\/05\/62154-20-ansamblu_dimensiuni-cutie-cm_vertical.png","type":"image\/png"}],"twitter_misc":{"Gesch\u00e4tzte Lesezeit":"3\u00a0Minuten"},"schema":{"@context":"https:\/\/schema.org","@graph":[{"@type":"WebPage","@id":"https:\/\/business.roovi.com\/de\/1000-teile-erwachsenenpuzzle-landschaften-bei-tag-schloss-neuschwanstein-deutschland\/p\/","url":"https:\/\/business.roovi.com\/de\/1000-teile-erwachsenenpuzzle-landschaften-bei-tag-schloss-neuschwanstein-deutschland\/p\/","name":"1000 Teile Erwachsenenpuzzle Landschaften bei Tag - Schloss Neuschwanstein, Deutschland","isPartOf":{"@id":"https:\/\/business.roovi.com\/de\/#website"},"datePublished":"2019-05-09T08:13:56+00:00","dateModified":"2022-07-06T13:59:28+00:00","description":"1000 Teile Erwachsenenpuzzle Landschaften bei Tag - Schloss Neuschwanstein, Deutschland","breadcrumb":{"@id":"https:\/\/business.roovi.com\/de\/1000-teile-erwachsenenpuzzle-landschaften-bei-tag-schloss-neuschwanstein-deutschland\/p\/#breadcrumb"},"inLanguage":"de","potentialAction":[{"@type":"ReadAction","target":["https:\/\/business.roovi.com\/de\/1000-teile-erwachsenenpuzzle-landschaften-bei-tag-schloss-neuschwanstein-deutschland\/p\/"]}]},{"@type":"BreadcrumbList","@id":"https:\/\/business.roovi.com\/de\/1000-teile-erwachsenenpuzzle-landschaften-bei-tag-schloss-neuschwanstein-deutschland\/p\/#breadcrumb","itemListElement":[{"@type":"ListItem","position":1,"name":"Home","item":"https:\/\/business.roovi.com\/de\/"},{"@type":"ListItem","position":2,"name":"Shop","item":"https:\/\/business.roovi.com\/de\/shop\/"},{"@type":"ListItem","position":3,"name":"1000 Teile Erwachsenenpuzzle Landschaften bei Tag &#8211; Schloss Neuschwanstein, Deutschland"}]},{"@type":"WebSite","@id":"https:\/\/business.roovi.com\/de\/#website","url":"https:\/\/business.roovi.com\/de\/","name":"Roovi B2B","description":"Roovi Business Website","potentialAction":[{"@type":"SearchAction","target":{"@type":"EntryPoint","urlTemplate":"https:\/\/business.roovi.com\/de\/?s={search_term_string}"},"query-input":"required name=search_term_string"}],"inLanguage":"de"}]}},"_links":{"self":[{"href":"https:\/\/business.roovi.com\/de\/wp-json\/wp\/v2\/product\/39902","targetHints":{"allow":["GET"]}}],"collection":[{"href":"https:\/\/business.roovi.com\/de\/wp-json\/wp\/v2\/product"}],"about":[{"href":"https:\/\/business.roovi.com\/de\/wp-json\/wp\/v2\/types\/product"}],"version-history":[{"count":0,"href":"https:\/\/business.roovi.com\/de\/wp-json\/wp\/v2\/product\/39902\/revisions"}],"wp:featuredmedia":[{"embeddable":true,"href":"https:\/\/business.roovi.com\/de\/wp-json\/wp\/v2\/media\/48983"}],"wp:attachment":[{"href":"https:\/\/business.roovi.com\/de\/wp-json\/wp\/v2\/media?parent=39902"}],"wp:term":[{"taxonomy":"product_brand","embeddable":true,"href":"https:\/\/business.roovi.com\/de\/wp-json\/wp\/v2\/product_brand?post=39902"},{"taxonomy":"product_cat","embeddable":true,"href":"https:\/\/business.roovi.com\/de\/wp-json\/wp\/v2\/product_cat?post=39902"},{"taxonomy":"product_tag","embeddable":true,"href":"https:\/\/business.roovi.com\/de\/wp-json\/wp\/v2\/product_tag?post=39902"}],"curies":[{"name":"wp","href":"https:\/\/api.w.org\/{rel}","templated":true}]}}