{"id":39911,"date":"2019-05-09T08:00:10","date_gmt":"2019-05-09T08:00:10","guid":{"rendered":"https:\/\/business.roovi.com\/puzzle-adulti-alphonse-mucha-seasons-2anotimpuri-1000-piese\/p\/"},"modified":"2023-02-20T06:49:33","modified_gmt":"2023-02-20T06:49:33","slug":"alphonse-mucha-1000-teile-puzzle-fur-erwachsene-seasons-2-seasons","status":"publish","type":"product","link":"https:\/\/business.roovi.com\/de\/alphonse-mucha-1000-teile-puzzle-fur-erwachsene-seasons-2-seasons\/p\/","title":{"rendered":"Alphonse Mucha 1000 Teile Puzzle f\u00fcr Erwachsene &#8211; Seasons 2"},"content":{"rendered":"<p><span style=\"font-weight: 400;\">In unseren Puzzles f\u00fcr Erwachsene findest du Bilder von ber\u00fchmten Gem\u00e4lden ber\u00fchmter K\u00fcnstler von der Antike bis zur Gegenwart <\/span><\/p>\n<p><span style=\"font-weight: 400;\">Das 1000-teilige Puzzle Jahreszeiten 2 von Alphonse Mucha zeigt die vier Lithografien der Jahreszeiten aus dem Jahr 1897, der zweiten Serie, die auf die erste erfolgreiche Serie folgte, die nur ein Jahr zuvor ver\u00f6ffentlicht wurde. Setze dieses au\u00dfergew\u00f6hnliche Gem\u00e4lde zusammen und du wirst Tag f\u00fcr Tag die 4 Nymphen von surrealer Sch\u00f6nheit bewundern, die den unschuldigen Fr\u00fchling, den schw\u00fclen Sommer, den fruchtbaren Herbst und den frostigen Winter darstellen. Hol deinen Lieblingscouchtisch hervor &#8211; den brauchst du f\u00fcr das 50 x 70 cm gro\u00dfe Bild &#8211; und mach dich an die Arbeit! Das Endergebnis wird dich \u00fcber alle Ma\u00dfen begeistern.<\/span><\/p>\n<p><span style=\"font-weight: 400;\">Hier sind einige weitere Merkmale des Alphonse Mucha &#8211; Jahreszeiten 2 &#8211; 1000 Teile Puzzles:<\/span><\/p>\n<p><strong>Puzzle-Material <\/strong><\/p>\n<p><strong>hochwertiger blauer Karton<\/strong><\/p>\n<p><strong>nachhaltige, recycelbare Materialien<\/strong><\/p>\n<p><strong>halbgl\u00e4nzende Oberfl\u00e4che, leuchtende Farben<\/strong><\/p>\n<p><strong>Anzahl der Puzzleteile: 1000<\/strong><\/p>\n<p><strong>Empfohlenes Alter: 14+<\/strong><\/p>\n<p><strong>L\u00f6se dich von den Bildschirmen und tauche ein in die faszinierende Welt der Kunstr\u00e4tsel!<\/strong><\/p>\n<p><span style=\"font-weight: 400;\">Unsere Kunstpuzzle-Kollektion wird dir helfen, dich von deinem Handy, Laptop oder Fernsehbildschirm zu l\u00f6sen und dich in eine wunderbare k\u00fcnstlerische Welt zu entf\u00fchren. Vervollst\u00e4ndige die 1000 Teile des Kunstpuzzles und du wirst dich entspannt und lebendig f\u00fchlen. Au\u00dferdem wirst du stolzer Besitzer eines Kunstwerks sein, das aus einem Puzzlespiel entstanden ist.<\/span><\/p>\n<p><strong>1000-teilige Puzzles helfen dir, \u00c4ngste zu \u00fcberwinden<\/strong><\/p>\n<p><span style=\"font-weight: 400;\">Wenn du das 1000-teilige Puzzle fertiggestellt hast, bist du in einer echten Meditationssitzung. Du befreist deinen Geist von Sorgen, Druck und \u00c4ngsten und konzentrierst dich darauf, ein sch\u00f6nes Bild zu erschaffen. Diese intensive Konzentration lindert Nervosit\u00e4t und \u00c4ngste.<\/span><\/p>\n<p><strong>Willst du mehr soziale Kontakte kn\u00fcpfen? Schnapp dir ein 1000-Teile-Puzzle und rufe deine besten Freunde zu dir!<\/strong><\/p>\n<p><span style=\"font-weight: 400;\">Verwandle ein Puzzlespiel in echten Spa\u00df! Ruf deine Freunde an und bastelt gemeinsam das sch\u00f6nste Kunstgem\u00e4lde oder stellt die sch\u00f6nste Sehensw\u00fcrdigkeit nach, die ihr gemeinsam besucht habt. Die 1000 Teile des Puzzles garantieren bis zu 30 Stunden echten Spa\u00df! <\/span><\/p>\n<p><strong>Kannst du nicht hartn\u00e4ckig sein? \u00dcbe diese F\u00e4higkeit mit dem 1000-Teile-Puzzle<\/strong><\/p>\n<p><span style=\"font-weight: 400;\">Das Zusammensetzen eines Puzzles f\u00fcr Erwachsene h\u00e4lt dich stundenlang in Verbindung. Der Wunsch, das Bild zu vervollst\u00e4ndigen, w\u00e4chst mit jedem passenden 1000er-Puzzleteil. So dauert die \u00dcbung im Ausharren an und wird ohne Schwierigkeiten durchgef\u00fchrt. Wenn du diese F\u00e4higkeit einmal trainiert hast, wird sie dir auch bei anderen herausfordernden Aufgaben im t\u00e4glichen Leben n\u00fctzlich sein.<\/span><\/p>\n<p><strong>Ein wenig \u00fcber Alphonse Mucha<\/strong><\/p>\n<ul style=\"list-style-type: disc;\">\n<li><span style=\"font-weight: 400;\">W\u00e4hrend seiner Vorschulzeit zeichnete er ausschlie\u00dflich mit seiner linken Hand.<\/span><\/li>\n<li><span style=\"font-weight: 400;\">Er war auch f\u00fcr sein musikalisches Talent bekannt. Er sang im Chor der Kathedrale St. Peter in Br\u00fcnn.<\/span><\/li>\n<li><span style=\"font-weight: 400;\">Er ist der Autor des Zitats <\/span><em><span style=\"font-weight: 400;\">Kunst existiert nur, um eine spirituelle Botschaft zu vermitteln und nichts weiter<\/span><\/em><\/li>\n<li><span style=\"font-weight: 400;\">Das obige Zitat erkl\u00e4rt die Frustration des K\u00fcnstlers \u00fcber die Ber\u00fchmtheit, die er zu Lebzeiten durch seine kommerziellen Werke erfuhr.<\/span><\/li>\n<li><span style=\"font-weight: 400;\">F\u00fcr ihn ist seine wertvollste Arbeit <\/span><em><span style=\"font-weight: 400;\">Das slawische Epos<\/span><\/em><span style=\"font-weight: 400;\">die zwanzig gro\u00dfe Gem\u00e4lde enth\u00e4lt, die die Geschichte des tschechischen Volkes und der Slawen illustrieren.<\/span><\/li>\n<li><span style=\"font-weight: 400;\">Er hat sein Meisterwerk verschenkt, <\/span><em><span style=\"font-weight: 400;\">Slawisches Epos<\/span><\/em><span style=\"font-weight: 400;\">an die Stadt Prag im Jahr 1928<\/span><span style=\"font-weight: 400;\">.<\/span><\/li>\n<\/ul>\n<p><strong>Was kann man sonst noch mit einem 1000-Teile-Puzzle machen?<\/strong><\/p>\n<ul>\n<li><span style=\"font-weight: 400;\">Um deine Aufmerksamkeit f\u00fcr Details zu erh\u00f6hen<\/span><\/li>\n<li><span style=\"font-weight: 400;\">Um deine Produktivit\u00e4t zu steigern<\/span><\/li>\n<li><span style=\"font-weight: 400;\">Um dein Ged\u00e4chtnis zu verbessern<\/span><\/li>\n<li><span style=\"font-weight: 400;\">Um dein logisches Denken zu entwickeln<\/span><\/li>\n<\/ul>\n<p><span style=\"font-weight: 400;\">Kaufe dieses wunderbare Alphonse Mucha 1000 Teile Puzzle &#8211; Seasons 2 und erhelle tr\u00fcbe Winterabende. Allein, mit der Familie oder mit Freunden ist das Zusammensetzen eines 1000er-Puzzles eine wohlverdiente Flucht aus dem Alltagstrott. Erlebe die t\u00e4glichen Vorteile, die dir ein Puzzle f\u00fcr Erwachsene aus der Puzzle Art Kollektion bringen kann.<\/span><\/p>\n<p><span style=\"font-weight: 400;\">Das 1000-Teile-Puzzle von Alphonse Mucha &#8211; Seasons 2 ist eine tolle Geschenkidee f\u00fcr einen besonderen Menschen in deinem Leben.<\/span><\/p>\n","protected":false},"excerpt":{"rendered":"<p>In unseren Puzzles f\u00fcr Erwachsene findest du Bilder von ber\u00fchmten Gem\u00e4lden ber\u00fchmter K\u00fcnstler von der Antike bis zur Gegenwart Das<\/p>\n","protected":false},"featured_media":62988,"template":"","meta":[],"product_brand":[],"product_cat":[1916,1875,1915],"product_tag":[],"class_list":{"0":"post-39911","1":"product","2":"type-product","3":"status-publish","4":"has-post-thumbnail","6":"product_cat-1000-teile-puzzle","7":"product_cat-puzzle-de","8":"product_cat-puzzlespiele-fur-erwachsene","9":"pa_brand-d_toys-de","10":"pa_country_of_manufacture-ro-de","11":"pa_filter_age-14-de","12":"pa_painter-alphonsemucha-de","13":"pa_tip_ambalaj-kasten-a4-de","14":"pa_tip_puzzle-klassisch","16":"first","17":"onbackorder","18":"taxable","19":"shipping-taxable","20":"product-type-simple"},"yoast_head":"<!-- This site is optimized with the Yoast SEO plugin v20.1 - https:\/\/yoast.com\/wordpress\/plugins\/seo\/ -->\n<title>Alphonse Mucha 1000 Teile Puzzle f\u00fcr Erwachsene - Seasons 2\/Seasons<\/title>\n<meta name=\"description\" content=\"Alphonse Mucha 1000 Teile Puzzle f\u00fcr Erwachsene - Seasons 2\/Seasons\" \/>\n<meta name=\"robots\" content=\"index, follow, max-snippet:-1, max-image-preview:large, max-video-preview:-1\" \/>\n<link rel=\"canonical\" href=\"https:\/\/business.roovi.com\/de\/alphonse-mucha-1000-teile-puzzle-fur-erwachsene-seasons-2-seasons\/p\/\" \/>\n<meta property=\"og:locale\" content=\"de_DE\" \/>\n<meta property=\"og:type\" content=\"article\" \/>\n<meta property=\"og:title\" content=\"Alphonse Mucha 1000 Teile Puzzle f\u00fcr Erwachsene - Seasons 2\/Seasons\" \/>\n<meta property=\"og:description\" content=\"Alphonse Mucha 1000 Teile Puzzle f\u00fcr Erwachsene - Seasons 2\/Seasons\" \/>\n<meta property=\"og:url\" content=\"https:\/\/business.roovi.com\/de\/alphonse-mucha-1000-teile-puzzle-fur-erwachsene-seasons-2-seasons\/p\/\" \/>\n<meta property=\"og:site_name\" content=\"Roovi B2B\" \/>\n<meta property=\"article:publisher\" content=\"https:\/\/www.facebook.com\/wwwjucariero\" \/>\n<meta property=\"article:modified_time\" content=\"2023-02-20T06:49:33+00:00\" \/>\n<meta property=\"og:image\" content=\"https:\/\/business.roovi.com\/wp-content\/uploads\/2019\/05\/66930-MU-12-WEB.jpg\" \/>\n\t<meta property=\"og:image:width\" content=\"1200\" \/>\n\t<meta property=\"og:image:height\" content=\"1200\" \/>\n\t<meta property=\"og:image:type\" content=\"image\/jpeg\" \/>\n<meta name=\"twitter:label1\" content=\"Gesch\u00e4tzte Lesezeit\" \/>\n\t<meta name=\"twitter:data1\" content=\"4\u00a0Minuten\" \/>\n<script type=\"application\/ld+json\" class=\"yoast-schema-graph\">{\"@context\":\"https:\/\/schema.org\",\"@graph\":[{\"@type\":\"WebPage\",\"@id\":\"https:\/\/business.roovi.com\/de\/alphonse-mucha-1000-teile-puzzle-fur-erwachsene-seasons-2-seasons\/p\/\",\"url\":\"https:\/\/business.roovi.com\/de\/alphonse-mucha-1000-teile-puzzle-fur-erwachsene-seasons-2-seasons\/p\/\",\"name\":\"Alphonse Mucha 1000 Teile Puzzle f\u00fcr Erwachsene - Seasons 2\/Seasons\",\"isPartOf\":{\"@id\":\"https:\/\/business.roovi.com\/de\/#website\"},\"datePublished\":\"2019-05-09T08:00:10+00:00\",\"dateModified\":\"2023-02-20T06:49:33+00:00\",\"description\":\"Alphonse Mucha 1000 Teile Puzzle f\u00fcr Erwachsene - Seasons 2\/Seasons\",\"breadcrumb\":{\"@id\":\"https:\/\/business.roovi.com\/de\/alphonse-mucha-1000-teile-puzzle-fur-erwachsene-seasons-2-seasons\/p\/#breadcrumb\"},\"inLanguage\":\"de\",\"potentialAction\":[{\"@type\":\"ReadAction\",\"target\":[\"https:\/\/business.roovi.com\/de\/alphonse-mucha-1000-teile-puzzle-fur-erwachsene-seasons-2-seasons\/p\/\"]}]},{\"@type\":\"BreadcrumbList\",\"@id\":\"https:\/\/business.roovi.com\/de\/alphonse-mucha-1000-teile-puzzle-fur-erwachsene-seasons-2-seasons\/p\/#breadcrumb\",\"itemListElement\":[{\"@type\":\"ListItem\",\"position\":1,\"name\":\"Home\",\"item\":\"https:\/\/business.roovi.com\/de\/\"},{\"@type\":\"ListItem\",\"position\":2,\"name\":\"Shop\",\"item\":\"https:\/\/business.roovi.com\/de\/shop\/\"},{\"@type\":\"ListItem\",\"position\":3,\"name\":\"Alphonse Mucha 1000 Teile Puzzle f\u00fcr Erwachsene &#8211; Seasons 2\"}]},{\"@type\":\"WebSite\",\"@id\":\"https:\/\/business.roovi.com\/de\/#website\",\"url\":\"https:\/\/business.roovi.com\/de\/\",\"name\":\"Roovi B2B\",\"description\":\"Roovi Business Website\",\"potentialAction\":[{\"@type\":\"SearchAction\",\"target\":{\"@type\":\"EntryPoint\",\"urlTemplate\":\"https:\/\/business.roovi.com\/de\/?s={search_term_string}\"},\"query-input\":\"required name=search_term_string\"}],\"inLanguage\":\"de\"}]}<\/script>\n<!-- \/ Yoast SEO plugin. -->","yoast_head_json":{"title":"Alphonse Mucha 1000 Teile Puzzle f\u00fcr Erwachsene - Seasons 2\/Seasons","description":"Alphonse Mucha 1000 Teile Puzzle f\u00fcr Erwachsene - Seasons 2\/Seasons","robots":{"index":"index","follow":"follow","max-snippet":"max-snippet:-1","max-image-preview":"max-image-preview:large","max-video-preview":"max-video-preview:-1"},"canonical":"https:\/\/business.roovi.com\/de\/alphonse-mucha-1000-teile-puzzle-fur-erwachsene-seasons-2-seasons\/p\/","og_locale":"de_DE","og_type":"article","og_title":"Alphonse Mucha 1000 Teile Puzzle f\u00fcr Erwachsene - Seasons 2\/Seasons","og_description":"Alphonse Mucha 1000 Teile Puzzle f\u00fcr Erwachsene - Seasons 2\/Seasons","og_url":"https:\/\/business.roovi.com\/de\/alphonse-mucha-1000-teile-puzzle-fur-erwachsene-seasons-2-seasons\/p\/","og_site_name":"Roovi B2B","article_publisher":"https:\/\/www.facebook.com\/wwwjucariero","article_modified_time":"2023-02-20T06:49:33+00:00","og_image":[{"width":1200,"height":1200,"url":"https:\/\/business.roovi.com\/wp-content\/uploads\/2019\/05\/66930-MU-12-WEB.jpg","type":"image\/jpeg"}],"twitter_misc":{"Gesch\u00e4tzte Lesezeit":"4\u00a0Minuten"},"schema":{"@context":"https:\/\/schema.org","@graph":[{"@type":"WebPage","@id":"https:\/\/business.roovi.com\/de\/alphonse-mucha-1000-teile-puzzle-fur-erwachsene-seasons-2-seasons\/p\/","url":"https:\/\/business.roovi.com\/de\/alphonse-mucha-1000-teile-puzzle-fur-erwachsene-seasons-2-seasons\/p\/","name":"Alphonse Mucha 1000 Teile Puzzle f\u00fcr Erwachsene - Seasons 2\/Seasons","isPartOf":{"@id":"https:\/\/business.roovi.com\/de\/#website"},"datePublished":"2019-05-09T08:00:10+00:00","dateModified":"2023-02-20T06:49:33+00:00","description":"Alphonse Mucha 1000 Teile Puzzle f\u00fcr Erwachsene - Seasons 2\/Seasons","breadcrumb":{"@id":"https:\/\/business.roovi.com\/de\/alphonse-mucha-1000-teile-puzzle-fur-erwachsene-seasons-2-seasons\/p\/#breadcrumb"},"inLanguage":"de","potentialAction":[{"@type":"ReadAction","target":["https:\/\/business.roovi.com\/de\/alphonse-mucha-1000-teile-puzzle-fur-erwachsene-seasons-2-seasons\/p\/"]}]},{"@type":"BreadcrumbList","@id":"https:\/\/business.roovi.com\/de\/alphonse-mucha-1000-teile-puzzle-fur-erwachsene-seasons-2-seasons\/p\/#breadcrumb","itemListElement":[{"@type":"ListItem","position":1,"name":"Home","item":"https:\/\/business.roovi.com\/de\/"},{"@type":"ListItem","position":2,"name":"Shop","item":"https:\/\/business.roovi.com\/de\/shop\/"},{"@type":"ListItem","position":3,"name":"Alphonse Mucha 1000 Teile Puzzle f\u00fcr Erwachsene &#8211; Seasons 2"}]},{"@type":"WebSite","@id":"https:\/\/business.roovi.com\/de\/#website","url":"https:\/\/business.roovi.com\/de\/","name":"Roovi B2B","description":"Roovi Business Website","potentialAction":[{"@type":"SearchAction","target":{"@type":"EntryPoint","urlTemplate":"https:\/\/business.roovi.com\/de\/?s={search_term_string}"},"query-input":"required name=search_term_string"}],"inLanguage":"de"}]}},"_links":{"self":[{"href":"https:\/\/business.roovi.com\/de\/wp-json\/wp\/v2\/product\/39911","targetHints":{"allow":["GET"]}}],"collection":[{"href":"https:\/\/business.roovi.com\/de\/wp-json\/wp\/v2\/product"}],"about":[{"href":"https:\/\/business.roovi.com\/de\/wp-json\/wp\/v2\/types\/product"}],"version-history":[{"count":0,"href":"https:\/\/business.roovi.com\/de\/wp-json\/wp\/v2\/product\/39911\/revisions"}],"wp:featuredmedia":[{"embeddable":true,"href":"https:\/\/business.roovi.com\/de\/wp-json\/wp\/v2\/media\/62988"}],"wp:attachment":[{"href":"https:\/\/business.roovi.com\/de\/wp-json\/wp\/v2\/media?parent=39911"}],"wp:term":[{"taxonomy":"product_brand","embeddable":true,"href":"https:\/\/business.roovi.com\/de\/wp-json\/wp\/v2\/product_brand?post=39911"},{"taxonomy":"product_cat","embeddable":true,"href":"https:\/\/business.roovi.com\/de\/wp-json\/wp\/v2\/product_cat?post=39911"},{"taxonomy":"product_tag","embeddable":true,"href":"https:\/\/business.roovi.com\/de\/wp-json\/wp\/v2\/product_tag?post=39911"}],"curies":[{"name":"wp","href":"https:\/\/api.w.org\/{rel}","templated":true}]}}