{"id":39934,"date":"2019-04-26T09:26:09","date_gmt":"2019-04-26T09:26:09","guid":{"rendered":"https:\/\/business.roovi.com\/puzzle-adulti-1000-piese-kurti-andrea-owl-tales-2-bufnite\/p\/"},"modified":"2022-07-06T14:00:20","modified_gmt":"2022-07-06T14:00:20","slug":"kurti-andrea-1000-teile-puzzle-fur-erwachsene-owl-tales-2-eulen","status":"publish","type":"product","link":"https:\/\/business.roovi.com\/de\/kurti-andrea-1000-teile-puzzle-fur-erwachsene-owl-tales-2-eulen\/p\/","title":{"rendered":"K\u00fcrti Andrea 1000 Teile Puzzle f\u00fcr Erwachsene &#8211; Owl Tales 2 \/ Eulen"},"content":{"rendered":"<p><span style=\"font-weight: 400\">Liebst du Puzzles mit tollen Details und f\u00fchlst dich wie ein echter Detektiv, wenn du unter den Hunderten von Teilen nach Hinweisen suchst? Das 1000-teilige Owl Tales 2 \/ Eulen-Puzzle ist eine besondere Illustration mit vielen Eulen, die von der K\u00fcnstlerin K\u00fcrti Andrea auf originelle Weise gestaltet wurde.<\/span><\/p>\n<p><span style=\"font-weight: 400\">Wenn du das 1000-teilige Puzzle Owl Tales 2 \/ Eulen nachgestaltest, komponierst du mehr als nur ein unglaubliches Bild: ein Kunstwerk, das deine Augen erfreuen und die Anonymit\u00e4t eines banalen Ortes in deinem Zuhause aufheben wird.<\/span><\/p>\n<p><span style=\"font-weight: 400\">Eine Schar blattloser Pusteblumen, die von unz\u00e4hligen farbenfrohen Eulen mit ausgebreiteten Fl\u00fcgeln oder fragend kreisenden K\u00f6pfen \u00fcberschattet werden, ergeben ein faszinierendes Bild in harmonischen Farben, das k\u00fcnstlerische Schwingungen vermittelt.<\/span><\/p>\n<p><span style=\"font-weight: 400\">Dieses 1000-teilige Puzzle gibt dir die M\u00f6glichkeit, Zeit mit deinen Liebsten zu verbringen. Deine Kinder werden sicher begeistert sein, die wundersch\u00f6nen Eulen in verschiedenen Farben und Zust\u00e4nden in dieser einzigartigen Illustration zu entdecken. Begleite deine Teenager beim kreativen Zusammensetzen des Puzzles und erfahre gemeinsam mehr \u00fcber die faszinierenden Nachttiere.<\/span><\/p>\n<p><strong>Warum solltest du dich f\u00fcr das 1000 Teile Puzzle K\u00fcrti Andrea &#8211; Owl Tales 2 \/ Owls entscheiden?<\/strong><\/p>\n<p><span style=\"font-weight: 400\">Du machst mit deinen eigenen H\u00e4nden (oder mit Hilfe deiner Kinder) ein dekoratives Bild mit den Ma\u00dfen 50 x 70 cm.<\/span><\/p>\n<p><span style=\"font-weight: 400\">Es ist ein Puzzlespiel aus blauem Qualit\u00e4tskarton, der sehr widerstandsf\u00e4hig ist und mehrfach verwendet werden kann.<\/span><\/p>\n<p><span style=\"font-weight: 400\">Die St\u00fccke sind 2 mm dick, was bedeutet, dass sie sich nicht abnutzen, wenn das Bild viele Male wiederholt wird.<\/span><\/p>\n<p><span style=\"font-weight: 400\">Wir lieben die Natur und verwenden recycelbare und nachhaltige Materialien zur Herstellung unserer Puzzlespiele.<\/span><\/p>\n<p><span style=\"font-weight: 400\">Die Oberfl\u00e4chen sind halbgl\u00e4nzend und bringen die leuchtenden Farben zur Geltung.<\/span><\/p>\n<p><span style=\"font-weight: 400\">Es ist perfekt f\u00fcr Jugendliche ab 14 Jahren, also ermutigen wir dich, mit deinen Teenagern zu spielen, um die Leidenschaft f\u00fcr gute Puzzles zu wecken.<\/span><\/p>\n<p><span style=\"font-weight: 400\">Das 1000-teilige Puzzle hilft dir, F\u00e4higkeiten zu entwickeln, die du bei deinen t\u00e4glichen Aktivit\u00e4ten brauchst:<\/span><\/p>\n<ul>\n<li><span style=\"font-weight: 400\">Aufmerksamkeit f\u00fcr feine Details.<\/span><\/li>\n<li><span style=\"font-weight: 400\">Beharrlichkeit beim Erreichen von Zielen.<\/span><\/li>\n<li><span style=\"font-weight: 400\">Die F\u00e4higkeit, sich auf das L\u00f6sen von akribischen Aufgaben zu konzentrieren.<\/span><\/li>\n<li><span style=\"font-weight: 400\">Feinmotorische F\u00e4higkeiten und Hand-Augen-Koordination.<\/span><\/li>\n<li><span style=\"font-weight: 400\">Kurzzeitged\u00e4chtnis.<\/span><\/li>\n<li><span style=\"font-weight: 400\">Kreativit\u00e4t in allen Aspekten des Lebens.<\/span><\/li>\n<\/ul>\n<p><strong>Wusstest du, dass&#8230;?<\/strong><\/p>\n<p><span style=\"font-weight: 400\">Eulen lieben es, Igel zu jagen. Sie haben keine Angst vor den Bussarden, weil sie starke Krallen haben, die sie sch\u00fctzen.<\/span><\/p>\n<p><span style=\"font-weight: 400\">Weibliche Eulen sind normalerweise gr\u00f6\u00dfer als m\u00e4nnliche Eulen und auch aggressiver.<\/span><\/p>\n<p><span style=\"font-weight: 400\">Es gibt eine Eulenart, die in L\u00f6chern lebt, die von Spechten in Riesenkakteen gegraben wurden.<\/span><\/p>\n<p><span style=\"font-weight: 400\">Die Elfeneule ist die kleinste, aber intelligenteste Eulenart.<\/span><\/p>\n<p><span style=\"font-weight: 400\">Manche Arten fressen ihre eigenen Jungen, wenn sie nicht genug Nahrung finden.<\/span><\/p>\n<p><span style=\"font-weight: 400\">Die Polareule macht ein Ger\u00e4usch, das dem eines Seevogels \u00e4hnelt.<\/span><\/p>\n<p><strong>Puzzlespiele oder wie du deine Produktivit\u00e4t steigern kannst<\/strong><\/p>\n<p><span style=\"font-weight: 400\">Es stellt sich heraus, dass die Leidenschaft f\u00fcr Puzzlespiele mehr ist als nur eine M\u00f6glichkeit, sich zu entspannen und vom Alltag abzuschalten. Die intensive Konzentration und Losgel\u00f6stheit, die du erf\u00e4hrst, wenn du stundenlang vor einem 1000-teiligen Puzzlebild sitzt, hilft deinem Geist, sich auf eine einzige Aufgabe zu konzentrieren und die mentalen Barrieren zu \u00fcberwinden, die deine rhetorischen <\/span><em><span style=\"font-weight: 400\">du kannst nicht<\/span><\/em><span style=\"font-weight: 400\">. Und am Ende bist du in der Lage, deine Grenzen zu \u00fcberwinden und produktiv zu sein.<\/span><\/p>\n<p><span style=\"font-weight: 400\">Es ist kein Wunder, dass viele Unternehmen in Gro\u00dfst\u00e4dten Pausenbereiche und R\u00e4ume einrichten, in denen die Mitarbeiter puzzeln k\u00f6nnen. Sie haben die Produktivit\u00e4tsvorteile gro\u00dfartiger Puzzlespiele sicherlich erkannt.<\/span><\/p>\n<p><span style=\"font-weight: 400\">Kaufe das 1000-teilige Puzzle von K\u00fcrti Andrea &#8211; Owl Tales \/ Eulen und erlebe alle Vorteile, die ein Puzzlespiel zu bieten hat. Wenn du einen ebenso leidenschaftlichen Freund \u00fcberraschen willst, ist dieses Puzzle f\u00fcr Erwachsene das ideale Geschenk.<\/span><\/p><\/p>\n","protected":false},"excerpt":{"rendered":"<p>Liebst du Puzzles mit tollen Details und f\u00fchlst dich wie ein echter Detektiv, wenn du unter den Hunderten von Teilen<\/p>\n","protected":false},"featured_media":49171,"template":"","meta":[],"product_brand":[],"product_cat":[1916,1875,1915],"product_tag":[],"class_list":{"0":"post-39934","1":"product","2":"type-product","3":"status-publish","4":"has-post-thumbnail","6":"product_cat-1000-teile-puzzle","7":"product_cat-puzzle-de","8":"product_cat-puzzlespiele-fur-erwachsene","9":"pa_brand-d_toys-de","10":"pa_country_of_manufacture-ro-de","11":"pa_filter_age-14-de","12":"pa_painter-kurtiandrea-de","13":"pa_tip_ambalaj-kasten-a4-de","14":"pa_tip_puzzle-klassisch","16":"first","17":"instock","18":"taxable","19":"shipping-taxable","20":"product-type-simple"},"yoast_head":"<!-- This site is optimized with the Yoast SEO plugin v20.1 - https:\/\/yoast.com\/wordpress\/plugins\/seo\/ -->\n<title>K\u00fcrti Andrea 1000 Teile Puzzle f\u00fcr Erwachsene - Owl Tales 2 \/ Eulen<\/title>\n<meta name=\"description\" content=\"K\u00fcrti Andrea 1000 Teile Puzzle f\u00fcr Erwachsene - Owl Tales 2 \/ Eulen\" \/>\n<meta name=\"robots\" content=\"index, follow, max-snippet:-1, max-image-preview:large, max-video-preview:-1\" \/>\n<link rel=\"canonical\" href=\"https:\/\/business.roovi.com\/de\/kurti-andrea-1000-teile-puzzle-fur-erwachsene-owl-tales-2-eulen\/p\/\" \/>\n<meta property=\"og:locale\" content=\"de_DE\" \/>\n<meta property=\"og:type\" content=\"article\" \/>\n<meta property=\"og:title\" content=\"K\u00fcrti Andrea 1000 Teile Puzzle f\u00fcr Erwachsene - Owl Tales 2 \/ Eulen\" \/>\n<meta property=\"og:description\" content=\"K\u00fcrti Andrea 1000 Teile Puzzle f\u00fcr Erwachsene - Owl Tales 2 \/ Eulen\" \/>\n<meta property=\"og:url\" content=\"https:\/\/business.roovi.com\/de\/kurti-andrea-1000-teile-puzzle-fur-erwachsene-owl-tales-2-eulen\/p\/\" \/>\n<meta property=\"og:site_name\" content=\"Roovi B2B\" \/>\n<meta property=\"article:publisher\" content=\"https:\/\/www.facebook.com\/wwwjucariero\" \/>\n<meta property=\"article:modified_time\" content=\"2022-07-06T14:00:20+00:00\" \/>\n<meta property=\"og:image\" content=\"https:\/\/business.roovi.com\/wp-content\/uploads\/2019\/04\/75758-02_ansamblu_dimensiuni_cutie_cm_vertical_1200x1200.png\" \/>\n\t<meta property=\"og:image:width\" content=\"1200\" \/>\n\t<meta property=\"og:image:height\" content=\"1200\" \/>\n\t<meta property=\"og:image:type\" content=\"image\/png\" \/>\n<meta name=\"twitter:label1\" content=\"Gesch\u00e4tzte Lesezeit\" \/>\n\t<meta name=\"twitter:data1\" content=\"3\u00a0Minuten\" \/>\n<script type=\"application\/ld+json\" class=\"yoast-schema-graph\">{\"@context\":\"https:\/\/schema.org\",\"@graph\":[{\"@type\":\"WebPage\",\"@id\":\"https:\/\/business.roovi.com\/de\/kurti-andrea-1000-teile-puzzle-fur-erwachsene-owl-tales-2-eulen\/p\/\",\"url\":\"https:\/\/business.roovi.com\/de\/kurti-andrea-1000-teile-puzzle-fur-erwachsene-owl-tales-2-eulen\/p\/\",\"name\":\"K\u00fcrti Andrea 1000 Teile Puzzle f\u00fcr Erwachsene - Owl Tales 2 \/ Eulen\",\"isPartOf\":{\"@id\":\"https:\/\/business.roovi.com\/de\/#website\"},\"datePublished\":\"2019-04-26T09:26:09+00:00\",\"dateModified\":\"2022-07-06T14:00:20+00:00\",\"description\":\"K\u00fcrti Andrea 1000 Teile Puzzle f\u00fcr Erwachsene - Owl Tales 2 \/ Eulen\",\"breadcrumb\":{\"@id\":\"https:\/\/business.roovi.com\/de\/kurti-andrea-1000-teile-puzzle-fur-erwachsene-owl-tales-2-eulen\/p\/#breadcrumb\"},\"inLanguage\":\"de\",\"potentialAction\":[{\"@type\":\"ReadAction\",\"target\":[\"https:\/\/business.roovi.com\/de\/kurti-andrea-1000-teile-puzzle-fur-erwachsene-owl-tales-2-eulen\/p\/\"]}]},{\"@type\":\"BreadcrumbList\",\"@id\":\"https:\/\/business.roovi.com\/de\/kurti-andrea-1000-teile-puzzle-fur-erwachsene-owl-tales-2-eulen\/p\/#breadcrumb\",\"itemListElement\":[{\"@type\":\"ListItem\",\"position\":1,\"name\":\"Home\",\"item\":\"https:\/\/business.roovi.com\/de\/\"},{\"@type\":\"ListItem\",\"position\":2,\"name\":\"Shop\",\"item\":\"https:\/\/business.roovi.com\/de\/shop\/\"},{\"@type\":\"ListItem\",\"position\":3,\"name\":\"K\u00fcrti Andrea 1000 Teile Puzzle f\u00fcr Erwachsene &#8211; Owl Tales 2 \/ Eulen\"}]},{\"@type\":\"WebSite\",\"@id\":\"https:\/\/business.roovi.com\/de\/#website\",\"url\":\"https:\/\/business.roovi.com\/de\/\",\"name\":\"Roovi B2B\",\"description\":\"Roovi Business Website\",\"potentialAction\":[{\"@type\":\"SearchAction\",\"target\":{\"@type\":\"EntryPoint\",\"urlTemplate\":\"https:\/\/business.roovi.com\/de\/?s={search_term_string}\"},\"query-input\":\"required name=search_term_string\"}],\"inLanguage\":\"de\"}]}<\/script>\n<!-- \/ Yoast SEO plugin. -->","yoast_head_json":{"title":"K\u00fcrti Andrea 1000 Teile Puzzle f\u00fcr Erwachsene - Owl Tales 2 \/ Eulen","description":"K\u00fcrti Andrea 1000 Teile Puzzle f\u00fcr Erwachsene - Owl Tales 2 \/ Eulen","robots":{"index":"index","follow":"follow","max-snippet":"max-snippet:-1","max-image-preview":"max-image-preview:large","max-video-preview":"max-video-preview:-1"},"canonical":"https:\/\/business.roovi.com\/de\/kurti-andrea-1000-teile-puzzle-fur-erwachsene-owl-tales-2-eulen\/p\/","og_locale":"de_DE","og_type":"article","og_title":"K\u00fcrti Andrea 1000 Teile Puzzle f\u00fcr Erwachsene - Owl Tales 2 \/ Eulen","og_description":"K\u00fcrti Andrea 1000 Teile Puzzle f\u00fcr Erwachsene - Owl Tales 2 \/ Eulen","og_url":"https:\/\/business.roovi.com\/de\/kurti-andrea-1000-teile-puzzle-fur-erwachsene-owl-tales-2-eulen\/p\/","og_site_name":"Roovi B2B","article_publisher":"https:\/\/www.facebook.com\/wwwjucariero","article_modified_time":"2022-07-06T14:00:20+00:00","og_image":[{"width":1200,"height":1200,"url":"https:\/\/business.roovi.com\/wp-content\/uploads\/2019\/04\/75758-02_ansamblu_dimensiuni_cutie_cm_vertical_1200x1200.png","type":"image\/png"}],"twitter_misc":{"Gesch\u00e4tzte Lesezeit":"3\u00a0Minuten"},"schema":{"@context":"https:\/\/schema.org","@graph":[{"@type":"WebPage","@id":"https:\/\/business.roovi.com\/de\/kurti-andrea-1000-teile-puzzle-fur-erwachsene-owl-tales-2-eulen\/p\/","url":"https:\/\/business.roovi.com\/de\/kurti-andrea-1000-teile-puzzle-fur-erwachsene-owl-tales-2-eulen\/p\/","name":"K\u00fcrti Andrea 1000 Teile Puzzle f\u00fcr Erwachsene - Owl Tales 2 \/ Eulen","isPartOf":{"@id":"https:\/\/business.roovi.com\/de\/#website"},"datePublished":"2019-04-26T09:26:09+00:00","dateModified":"2022-07-06T14:00:20+00:00","description":"K\u00fcrti Andrea 1000 Teile Puzzle f\u00fcr Erwachsene - Owl Tales 2 \/ Eulen","breadcrumb":{"@id":"https:\/\/business.roovi.com\/de\/kurti-andrea-1000-teile-puzzle-fur-erwachsene-owl-tales-2-eulen\/p\/#breadcrumb"},"inLanguage":"de","potentialAction":[{"@type":"ReadAction","target":["https:\/\/business.roovi.com\/de\/kurti-andrea-1000-teile-puzzle-fur-erwachsene-owl-tales-2-eulen\/p\/"]}]},{"@type":"BreadcrumbList","@id":"https:\/\/business.roovi.com\/de\/kurti-andrea-1000-teile-puzzle-fur-erwachsene-owl-tales-2-eulen\/p\/#breadcrumb","itemListElement":[{"@type":"ListItem","position":1,"name":"Home","item":"https:\/\/business.roovi.com\/de\/"},{"@type":"ListItem","position":2,"name":"Shop","item":"https:\/\/business.roovi.com\/de\/shop\/"},{"@type":"ListItem","position":3,"name":"K\u00fcrti Andrea 1000 Teile Puzzle f\u00fcr Erwachsene &#8211; Owl Tales 2 \/ Eulen"}]},{"@type":"WebSite","@id":"https:\/\/business.roovi.com\/de\/#website","url":"https:\/\/business.roovi.com\/de\/","name":"Roovi B2B","description":"Roovi Business Website","potentialAction":[{"@type":"SearchAction","target":{"@type":"EntryPoint","urlTemplate":"https:\/\/business.roovi.com\/de\/?s={search_term_string}"},"query-input":"required name=search_term_string"}],"inLanguage":"de"}]}},"_links":{"self":[{"href":"https:\/\/business.roovi.com\/de\/wp-json\/wp\/v2\/product\/39934","targetHints":{"allow":["GET"]}}],"collection":[{"href":"https:\/\/business.roovi.com\/de\/wp-json\/wp\/v2\/product"}],"about":[{"href":"https:\/\/business.roovi.com\/de\/wp-json\/wp\/v2\/types\/product"}],"version-history":[{"count":0,"href":"https:\/\/business.roovi.com\/de\/wp-json\/wp\/v2\/product\/39934\/revisions"}],"wp:featuredmedia":[{"embeddable":true,"href":"https:\/\/business.roovi.com\/de\/wp-json\/wp\/v2\/media\/49171"}],"wp:attachment":[{"href":"https:\/\/business.roovi.com\/de\/wp-json\/wp\/v2\/media?parent=39934"}],"wp:term":[{"taxonomy":"product_brand","embeddable":true,"href":"https:\/\/business.roovi.com\/de\/wp-json\/wp\/v2\/product_brand?post=39934"},{"taxonomy":"product_cat","embeddable":true,"href":"https:\/\/business.roovi.com\/de\/wp-json\/wp\/v2\/product_cat?post=39934"},{"taxonomy":"product_tag","embeddable":true,"href":"https:\/\/business.roovi.com\/de\/wp-json\/wp\/v2\/product_tag?post=39934"}],"curies":[{"name":"wp","href":"https:\/\/api.w.org\/{rel}","templated":true}]}}