{"id":39948,"date":"2019-04-25T12:39:50","date_gmt":"2019-04-25T12:39:50","guid":{"rendered":"https:\/\/business.roovi.com\/puzzle-adulti-1000-piese-wassily-kandinsky-composition-8compozitie-8\/p\/"},"modified":"2023-02-21T10:07:37","modified_gmt":"2023-02-21T10:07:37","slug":"1000-teile-wassily-kandinsky-puzzle-fur-erwachsene-komposition-8-komposition-8","status":"publish","type":"product","link":"https:\/\/business.roovi.com\/de\/1000-teile-wassily-kandinsky-puzzle-fur-erwachsene-komposition-8-komposition-8\/p\/","title":{"rendered":"1000 Teile Wassily Kandinsky Puzzle f\u00fcr Erwachsene &#8211; Komposition 8"},"content":{"rendered":"<p><span style=\"font-weight: 400;\">Fasziniert von Kunst und verborgenen Geheimnissen? Unsere Kunstpuzzle-Kollektion ist genau das Richtige f\u00fcr dich! Verbringe viele Stunden der Entspannung und des Spa\u00dfes in Gesellschaft von 1000-teiligen Puzzles mit Bildern ber\u00fchmter Gem\u00e4lde. Gestalte die Bilder neu und genie\u00dfe eine einzigartige kreative Erfahrung!<\/span><\/p>\n<p><span style=\"font-weight: 400;\">Wassily Kandinsky ist der erste Autor der abstrakten Kunst. Seine Gem\u00e4lde, die voller Formen, Punkte und Linien sind, zeigen eine k\u00fcnstlerische Harmonie, f\u00fcr die er bis heute bekannt ist. Das 1000-teilige Puzzle Wassily Kandinsky &#8211; Composition 8 bildet das Bild des Gem\u00e4ldes ab, das Kandinsky selbst als seinen k\u00fcnstlerischen H\u00f6hepunkt betrachtete.<\/span><\/p>\n<p><span style=\"font-weight: 400;\">Wir fordern dich heraus, dieses Meisterwerk nachzubauen: ein Puzzle auf einem offenen Hintergrund, voller abstrakter Linien und Formen, hinter denen sich jedoch tiefe Bedeutungen verbergen. Wir garantieren bis zu 30 Stunden entspannten Spa\u00df und atemberaubende Kunstwerke!<\/span><\/p>\n<p><span style=\"font-weight: 400;\">Eigenschaften Wassily Kandinsky Kunstpuzzle &#8211; Komposition 8:<\/span><\/p>\n<p><strong>Bildgr\u00f6\u00dfe: 50 x 70 cm <\/strong><span style=\"font-weight: 400;\">Du kannst einen gew\u00f6hnlichen Couchtisch verwenden, um die St\u00fccke zu st\u00fctzen.<\/span><\/p>\n<p><strong>Puzzle-Material <\/strong><\/p>\n<p><strong>hochwertiger blauer Karton<\/strong><\/p>\n<p><strong>nachhaltige, recycelbare Materialien<\/strong><\/p>\n<p><strong>halbgl\u00e4nzende Oberfl\u00e4che, leuchtende Farben<\/strong><\/p>\n<p><strong>Anzahl der Puzzleteile: 1000<\/strong><\/p>\n<p><strong>Empfohlenes Alter: 14+<\/strong><\/p>\n<p><strong>Halte deinen Geist mit dem 1000-Teile-Puzzle aktiv!<\/strong><\/p>\n<p><span style=\"font-weight: 400;\">Puzzlespiele sind eine Art Gehirnfitness, deshalb halten sie dein Gehirn aktiv. Einige der Vorteile, die du mit 1000-teiligen Puzzles hast, sind:<\/span><\/p>\n<ul>\n<li><span style=\"font-weight: 400;\">Stressabbau.<\/span><\/li>\n<li><span style=\"font-weight: 400;\">Verbesserte visuelle und r\u00e4umliche Wahrnehmung.<\/span><\/li>\n<li><span style=\"font-weight: 400;\">Erh\u00f6hte Produktivit\u00e4t.<\/span><\/li>\n<li><span style=\"font-weight: 400;\">Verbesserte Konzentration und Aufmerksamkeit f\u00fcr Details.<\/span><\/li>\n<li><span style=\"font-weight: 400;\">Verbesserung der Probleml\u00f6sungskompetenz.<\/span><\/li>\n<\/ul>\n<p><strong><em>Zusammensetzung 8:<\/em><\/strong><strong> eine Kombination aus konzentrischen und exzentrischen<\/strong><\/p>\n<p><span style=\"font-weight: 400;\">Willst du mehr \u00fcber Malerei wissen? <\/span><em><span style=\"font-weight: 400;\">Zusammensetzung 8<\/span><\/em><span style=\"font-weight: 400;\"> aus dem Wassily Kandinsky Kunstr\u00e4tsel? Hier findest du einige Informationen \u00fcber dieses einzigartige Werk <\/span><\/p>\n<p><em><span style=\"font-weight: 400;\">Zusammensetzung 8<\/span><\/em><span style=\"font-weight: 400;\"> hat eine lange und obskure Geschichte. Kandinsky selbst betrachtete es als den H\u00f6hepunkt seiner ersten Bauhaus-Periode.<\/span><\/p>\n<p><span style=\"font-weight: 400;\">In dem Gem\u00e4lde <\/span><em><span style=\"font-weight: 400;\">Zusammensetzung <\/span><\/em><span style=\"font-weight: 400;\">8 keine zwei Farben sind identisch <\/span><\/p>\n<p><span style=\"font-weight: 400;\">Die farbenfrohen und interaktiven geometrischen Formen schaffen eine pulsierende Oberfl\u00e4che, die abwechselnd dynamisch und ruhig, aggressiv und beschaulich ist.<\/span><\/p>\n<p><span style=\"font-weight: 400;\">Kandinsky fordert den Betrachter nicht heraus, sondern l\u00e4dt ihn ein, auf die Bilder vor ihm zu reagieren und das Werk pers\u00f6nlich zu interpretieren.<\/span><\/p>\n<p><strong>Puzzlespiele sind ein wunderbares Werkzeug f\u00fcr soziale Kontakte<\/strong><\/p>\n<p><span style=\"font-weight: 400;\">Willst du mehr soziale Kontakte kn\u00fcpfen? Oder lernst du deine Kinder im Teenageralter besser kennen? 1000-teilige Puzzles k\u00f6nnen helfen! Nutze sie, um dich mit deinen Liebsten zu verbinden. Organisiere R\u00e4tselabende und stelle gemeinsam tolle Bilder her. Nutze diese Zusammenk\u00fcnfte, um mehr zu kommunizieren, im Team zu arbeiten und deine Lieben besser kennenzulernen.<\/span><\/p>\n<p><span style=\"font-weight: 400;\">Kaufe das Wassily Kandinsky &#8211; Komposition 8 Kunstpuzzle, setze das 1000-teilige Puzzlebild zusammen und feiere die harte Arbeit, indem du das Kunstwerk einrahmst. Entdecke alle Puzzlespiele mit Bildern von Kandinskys Gem\u00e4lden und erstelle deine eigene originelle Sammlung von 1000-Teile-Puzzle-Gem\u00e4lden <\/span><\/p>\n<p><span style=\"font-weight: 400;\">Das Wassily Kandinsky &#8211; Komposition 8 Kunstpuzzle ist eine inspirierende Wahl, wenn du einem Freund, der Puzzlespiele liebt, ein einzigartiges Geschenk machen willst.<\/span><\/p>\n","protected":false},"excerpt":{"rendered":"<p>Fasziniert von Kunst und verborgenen Geheimnissen? Unsere Kunstpuzzle-Kollektion ist genau das Richtige f\u00fcr dich! Verbringe viele Stunden der Entspannung und<\/p>\n","protected":false},"featured_media":63526,"template":"","meta":[],"product_brand":[],"product_cat":[1916,1875,1915],"product_tag":[],"class_list":{"0":"post-39948","1":"product","2":"type-product","3":"status-publish","4":"has-post-thumbnail","6":"product_cat-1000-teile-puzzle","7":"product_cat-puzzle-de","8":"product_cat-puzzlespiele-fur-erwachsene","9":"pa_bax-10-de","10":"pa_brand-d_toys-de","11":"pa_country_of_manufacture-ro-de","12":"pa_filter_age-14-de","13":"pa_painter-wassilykandinsky-de","14":"pa_tip_ambalaj-kasten-a4-de","15":"pa_tip_puzzle-klassisch","17":"first","18":"instock","19":"taxable","20":"shipping-taxable","21":"product-type-simple"},"yoast_head":"<!-- This site is optimized with the Yoast SEO plugin v20.1 - https:\/\/yoast.com\/wordpress\/plugins\/seo\/ -->\n<title>1000 Teile Wassily Kandinsky Puzzle f\u00fcr Erwachsene - Komposition 8\/Komposition 8<\/title>\n<meta name=\"description\" content=\"1000 Teile Wassily Kandinsky Puzzle f\u00fcr Erwachsene - Komposition 8\/Komposition 8\" \/>\n<meta name=\"robots\" content=\"index, follow, max-snippet:-1, max-image-preview:large, max-video-preview:-1\" \/>\n<link rel=\"canonical\" href=\"https:\/\/business.roovi.com\/de\/1000-teile-wassily-kandinsky-puzzle-fur-erwachsene-komposition-8-komposition-8\/p\/\" \/>\n<meta property=\"og:locale\" content=\"de_DE\" \/>\n<meta property=\"og:type\" content=\"article\" \/>\n<meta property=\"og:title\" content=\"1000 Teile Wassily Kandinsky Puzzle f\u00fcr Erwachsene - Komposition 8\/Komposition 8\" \/>\n<meta property=\"og:description\" content=\"1000 Teile Wassily Kandinsky Puzzle f\u00fcr Erwachsene - Komposition 8\/Komposition 8\" \/>\n<meta property=\"og:url\" content=\"https:\/\/business.roovi.com\/de\/1000-teile-wassily-kandinsky-puzzle-fur-erwachsene-komposition-8-komposition-8\/p\/\" \/>\n<meta property=\"og:site_name\" content=\"Roovi B2B\" \/>\n<meta property=\"article:publisher\" content=\"https:\/\/www.facebook.com\/wwwjucariero\" \/>\n<meta property=\"article:modified_time\" content=\"2023-02-21T10:07:37+00:00\" \/>\n<meta property=\"og:image\" content=\"https:\/\/business.roovi.com\/wp-content\/uploads\/2019\/04\/72849-KA-05-WEB.jpg\" \/>\n\t<meta property=\"og:image:width\" content=\"1200\" \/>\n\t<meta property=\"og:image:height\" content=\"1200\" \/>\n\t<meta property=\"og:image:type\" content=\"image\/jpeg\" \/>\n<meta name=\"twitter:label1\" content=\"Gesch\u00e4tzte Lesezeit\" \/>\n\t<meta name=\"twitter:data1\" content=\"3\u00a0Minuten\" \/>\n<script type=\"application\/ld+json\" class=\"yoast-schema-graph\">{\"@context\":\"https:\/\/schema.org\",\"@graph\":[{\"@type\":\"WebPage\",\"@id\":\"https:\/\/business.roovi.com\/de\/1000-teile-wassily-kandinsky-puzzle-fur-erwachsene-komposition-8-komposition-8\/p\/\",\"url\":\"https:\/\/business.roovi.com\/de\/1000-teile-wassily-kandinsky-puzzle-fur-erwachsene-komposition-8-komposition-8\/p\/\",\"name\":\"1000 Teile Wassily Kandinsky Puzzle f\u00fcr Erwachsene - Komposition 8\/Komposition 8\",\"isPartOf\":{\"@id\":\"https:\/\/business.roovi.com\/de\/#website\"},\"datePublished\":\"2019-04-25T12:39:50+00:00\",\"dateModified\":\"2023-02-21T10:07:37+00:00\",\"description\":\"1000 Teile Wassily Kandinsky Puzzle f\u00fcr Erwachsene - Komposition 8\/Komposition 8\",\"breadcrumb\":{\"@id\":\"https:\/\/business.roovi.com\/de\/1000-teile-wassily-kandinsky-puzzle-fur-erwachsene-komposition-8-komposition-8\/p\/#breadcrumb\"},\"inLanguage\":\"de\",\"potentialAction\":[{\"@type\":\"ReadAction\",\"target\":[\"https:\/\/business.roovi.com\/de\/1000-teile-wassily-kandinsky-puzzle-fur-erwachsene-komposition-8-komposition-8\/p\/\"]}]},{\"@type\":\"BreadcrumbList\",\"@id\":\"https:\/\/business.roovi.com\/de\/1000-teile-wassily-kandinsky-puzzle-fur-erwachsene-komposition-8-komposition-8\/p\/#breadcrumb\",\"itemListElement\":[{\"@type\":\"ListItem\",\"position\":1,\"name\":\"Home\",\"item\":\"https:\/\/business.roovi.com\/de\/\"},{\"@type\":\"ListItem\",\"position\":2,\"name\":\"Shop\",\"item\":\"https:\/\/business.roovi.com\/de\/shop\/\"},{\"@type\":\"ListItem\",\"position\":3,\"name\":\"1000 Teile Wassily Kandinsky Puzzle f\u00fcr Erwachsene &#8211; Komposition 8\"}]},{\"@type\":\"WebSite\",\"@id\":\"https:\/\/business.roovi.com\/de\/#website\",\"url\":\"https:\/\/business.roovi.com\/de\/\",\"name\":\"Roovi B2B\",\"description\":\"Roovi Business Website\",\"potentialAction\":[{\"@type\":\"SearchAction\",\"target\":{\"@type\":\"EntryPoint\",\"urlTemplate\":\"https:\/\/business.roovi.com\/de\/?s={search_term_string}\"},\"query-input\":\"required name=search_term_string\"}],\"inLanguage\":\"de\"}]}<\/script>\n<!-- \/ Yoast SEO plugin. -->","yoast_head_json":{"title":"1000 Teile Wassily Kandinsky Puzzle f\u00fcr Erwachsene - Komposition 8\/Komposition 8","description":"1000 Teile Wassily Kandinsky Puzzle f\u00fcr Erwachsene - Komposition 8\/Komposition 8","robots":{"index":"index","follow":"follow","max-snippet":"max-snippet:-1","max-image-preview":"max-image-preview:large","max-video-preview":"max-video-preview:-1"},"canonical":"https:\/\/business.roovi.com\/de\/1000-teile-wassily-kandinsky-puzzle-fur-erwachsene-komposition-8-komposition-8\/p\/","og_locale":"de_DE","og_type":"article","og_title":"1000 Teile Wassily Kandinsky Puzzle f\u00fcr Erwachsene - Komposition 8\/Komposition 8","og_description":"1000 Teile Wassily Kandinsky Puzzle f\u00fcr Erwachsene - Komposition 8\/Komposition 8","og_url":"https:\/\/business.roovi.com\/de\/1000-teile-wassily-kandinsky-puzzle-fur-erwachsene-komposition-8-komposition-8\/p\/","og_site_name":"Roovi B2B","article_publisher":"https:\/\/www.facebook.com\/wwwjucariero","article_modified_time":"2023-02-21T10:07:37+00:00","og_image":[{"width":1200,"height":1200,"url":"https:\/\/business.roovi.com\/wp-content\/uploads\/2019\/04\/72849-KA-05-WEB.jpg","type":"image\/jpeg"}],"twitter_misc":{"Gesch\u00e4tzte Lesezeit":"3\u00a0Minuten"},"schema":{"@context":"https:\/\/schema.org","@graph":[{"@type":"WebPage","@id":"https:\/\/business.roovi.com\/de\/1000-teile-wassily-kandinsky-puzzle-fur-erwachsene-komposition-8-komposition-8\/p\/","url":"https:\/\/business.roovi.com\/de\/1000-teile-wassily-kandinsky-puzzle-fur-erwachsene-komposition-8-komposition-8\/p\/","name":"1000 Teile Wassily Kandinsky Puzzle f\u00fcr Erwachsene - Komposition 8\/Komposition 8","isPartOf":{"@id":"https:\/\/business.roovi.com\/de\/#website"},"datePublished":"2019-04-25T12:39:50+00:00","dateModified":"2023-02-21T10:07:37+00:00","description":"1000 Teile Wassily Kandinsky Puzzle f\u00fcr Erwachsene - Komposition 8\/Komposition 8","breadcrumb":{"@id":"https:\/\/business.roovi.com\/de\/1000-teile-wassily-kandinsky-puzzle-fur-erwachsene-komposition-8-komposition-8\/p\/#breadcrumb"},"inLanguage":"de","potentialAction":[{"@type":"ReadAction","target":["https:\/\/business.roovi.com\/de\/1000-teile-wassily-kandinsky-puzzle-fur-erwachsene-komposition-8-komposition-8\/p\/"]}]},{"@type":"BreadcrumbList","@id":"https:\/\/business.roovi.com\/de\/1000-teile-wassily-kandinsky-puzzle-fur-erwachsene-komposition-8-komposition-8\/p\/#breadcrumb","itemListElement":[{"@type":"ListItem","position":1,"name":"Home","item":"https:\/\/business.roovi.com\/de\/"},{"@type":"ListItem","position":2,"name":"Shop","item":"https:\/\/business.roovi.com\/de\/shop\/"},{"@type":"ListItem","position":3,"name":"1000 Teile Wassily Kandinsky Puzzle f\u00fcr Erwachsene &#8211; Komposition 8"}]},{"@type":"WebSite","@id":"https:\/\/business.roovi.com\/de\/#website","url":"https:\/\/business.roovi.com\/de\/","name":"Roovi B2B","description":"Roovi Business Website","potentialAction":[{"@type":"SearchAction","target":{"@type":"EntryPoint","urlTemplate":"https:\/\/business.roovi.com\/de\/?s={search_term_string}"},"query-input":"required name=search_term_string"}],"inLanguage":"de"}]}},"_links":{"self":[{"href":"https:\/\/business.roovi.com\/de\/wp-json\/wp\/v2\/product\/39948","targetHints":{"allow":["GET"]}}],"collection":[{"href":"https:\/\/business.roovi.com\/de\/wp-json\/wp\/v2\/product"}],"about":[{"href":"https:\/\/business.roovi.com\/de\/wp-json\/wp\/v2\/types\/product"}],"version-history":[{"count":0,"href":"https:\/\/business.roovi.com\/de\/wp-json\/wp\/v2\/product\/39948\/revisions"}],"wp:featuredmedia":[{"embeddable":true,"href":"https:\/\/business.roovi.com\/de\/wp-json\/wp\/v2\/media\/63526"}],"wp:attachment":[{"href":"https:\/\/business.roovi.com\/de\/wp-json\/wp\/v2\/media?parent=39948"}],"wp:term":[{"taxonomy":"product_brand","embeddable":true,"href":"https:\/\/business.roovi.com\/de\/wp-json\/wp\/v2\/product_brand?post=39948"},{"taxonomy":"product_cat","embeddable":true,"href":"https:\/\/business.roovi.com\/de\/wp-json\/wp\/v2\/product_cat?post=39948"},{"taxonomy":"product_tag","embeddable":true,"href":"https:\/\/business.roovi.com\/de\/wp-json\/wp\/v2\/product_tag?post=39948"}],"curies":[{"name":"wp","href":"https:\/\/api.w.org\/{rel}","templated":true}]}}