{"id":39952,"date":"2019-04-25T12:00:04","date_gmt":"2019-04-25T12:00:04","guid":{"rendered":"https:\/\/business.roovi.com\/puzzle-adulti-bruegel-cel-batran-childrens-gamesjocuri-de-copii-1000-piese\/p\/"},"modified":"2022-07-06T14:00:51","modified_gmt":"2022-07-06T14:00:51","slug":"adult-1000-pieces-puzzle-bruegel-der-altere-kinderspiele-jocuri-de-copii","status":"publish","type":"product","link":"https:\/\/business.roovi.com\/de\/adult-1000-pieces-puzzle-bruegel-der-altere-kinderspiele-jocuri-de-copii\/p\/","title":{"rendered":"Adult 1000 pieces puzzle Bruegel der \u00c4ltere &#8211; Kinderspiele\/Jocuri de copii"},"content":{"rendered":"<p><span style=\"font-weight: 400\">Wenn du ein wundersch\u00f6nes Gem\u00e4lde anfertigen willst, das Ausdruck eines etablierten Kunstwerks ist, bist du hier richtig. Wir haben viele Empfehlungen f\u00fcr Puzzlespiele f\u00fcr dich.<\/span><\/p>\n<p><span style=\"font-weight: 400\">Entdecke die Welt der Kindheit, wie sie durch den Pinsel des ber\u00fchmten K\u00fcnstlers Bruegel des \u00c4lteren gesehen wird. Das 1000-teilige Puzzle von Children&#8217;s Games gibt das Bild des gleichnamigen Gem\u00e4ldes wieder. Sieh, wie in der Welt der Kinder alles zum Spiel wird, wie Gegenst\u00e4nde wie F\u00e4sser oder St\u00f6cke zu lustigen Spielzeugen werden, die ein L\u00e4cheln und gute Laune auf die Gesichter der Kinder zaubern. Wir fordern deinen Geist heraus&#8230; spielen, ein farbenfrohes Puzzlespiel voller lebendiger Details, die du bewundern kannst, w\u00e4hrend du dieses wunderbare 1000-Teile-Puzzle zusammensetzt <\/span><\/p>\n<p><span style=\"font-weight: 400\">Du bekommst ein 50 x 70 cm gro\u00dfes Gem\u00e4lde, etwas gr\u00f6\u00dfer als das Original, das <\/span><span style=\"font-weight: 400\">118 \u00d7 161 cm. Du kannst es in Ruhe auf einem normalen Couchtisch machen. Lies unten mehr \u00fcber dieses 1000-teilige Puzzle f\u00fcr Erwachsene<\/span><span style=\"font-weight: 400\">.<\/span><\/p>\n<p><strong>Puzzle-Material <\/strong><\/p>\n<p><strong>hochwertiger blauer Karton<\/strong><\/p>\n<p><strong>nachhaltige, recycelbare Materialien<\/strong><\/p>\n<p><strong>halbgl\u00e4nzende Oberfl\u00e4che, leuchtende Farben<\/strong><\/p>\n<p><strong>Anzahl der Puzzleteile: 1000<\/strong><\/p>\n<p><strong>Empfohlenes Alter: 14+<\/strong><\/p>\n<p><strong>Puzzle 1000 Teile<\/strong><\/p>\n<p><strong>5 erstaunliche Vorteile von Puzzles f\u00fcr Erwachsene<\/strong><\/p>\n<p><strong>Sie geben dir einen Reset nach einem harten Arbeitstag oder voller Sorgen <\/strong><span style=\"font-weight: 400\">Ein 1000-Teile-Puzzle am Abend nach einem anstrengenden Tag ist ein toller Weg, um zu entspannen. Dein Geist wird sich vom Alltagsstress befreien und sich auf diese angenehme T\u00e4tigkeit konzentrieren <\/span><\/p>\n<p><strong>Ein Puzzle ist wie ein Mini-Urlaub von der Au\u00dfenwelt <\/strong><span style=\"font-weight: 400\">Bist du deiner t\u00e4glichen Routine \u00fcberdr\u00fcssig und willst etwas Neues, Zug\u00e4ngliches und Unterhaltsames? Kaufe dir ein 1000-Teile-Puzzle und du wirst mindestens 30 Stunden lang einen Mini-Urlaub in dir selbst verbringen!<\/span><\/p>\n<p><strong>Sie hilft dir, L\u00f6sungen f\u00fcr schwierige Situationen zu finden <\/strong><span style=\"font-weight: 400\">Wenn du ein 1000-Teile-Puzzle baust, bleibe konzentriert und gib nicht auf, bis du das gew\u00fcnschte Bild hast. Diese \u00dcbung in Geduld und Ausdauer wird sich in deinem Gehirn festsetzen und du wirst in schwierigen Situationen im Leben dasselbe tun.<\/span><\/p>\n<p><strong>Es schult deine Vorstellungskraft <\/strong><span style=\"font-weight: 400\">Wenn du ein 1000-Teile-Puzzle fertigstellst, bekommst du nicht nur ein tolles Deko-Objekt. Die Reise bis zum Ende ist ein wunderbares Abenteuer. Sobald du die Puzzleteile verstreut hast, befindest du dich bereits in der Welt der Kunst oder dem Ort im Bild, je nach Thema des 1000-Puzzles <\/span><\/p>\n<p><strong>St\u00e4rken Sie Ihre Beziehungen zu Familie und Freunden.<\/strong><span style=\"font-weight: 400\"> Wer sagt, dass das Puzzlespiel nur f\u00fcr eine Person ist? Niemals! Versammle deine Familie oder rufe deine Freunde an, mach dir eine hei\u00dfe Schokolade und lass das Abenteuer beginnen! Das Zusammensetzen des 1000er-Puzzles wird f\u00fcr alle ein gro\u00dfer Spa\u00df sein.<\/span><\/p>\n<p><strong>Wissenswertes \u00fcber Pieter Bruegel den \u00c4lteren und sein Gem\u00e4lde<\/strong><strong><em> Spiele f\u00fcr Kinder<\/em><\/strong><\/p>\n<p><span style=\"font-weight: 400\">Er wurde genannt <\/span><strong>Der Bauernmaler<\/strong> <span style=\"font-weight: 400\">denn er beobachtete gerne die l\u00e4ndliche Welt und malte sie in seinen Gem\u00e4lden. Er war sogar der erste Maler, der dieses Thema in seinen Werken aufgriff.<\/span><\/p>\n<p><span style=\"font-weight: 400\">Seine Gem\u00e4lde sind wahre Illustrationen der l\u00e4ndlichen Br\u00e4uche des 16.<\/span><\/p>\n<p><span style=\"font-weight: 400\">Offenbar verbrannte er in den letzten Tagen seines Lebens einige seiner Werke, von denen er dachte, dass die Inquisition sie f\u00fcr kompromittierend halten und seine Familie nach seinem Tod verfolgen k\u00f6nnte.<\/span><\/p>\n<p><span style=\"font-weight: 400\">Auf Wunsch von Hieronymus Cock fertigte er mehrere Zeichnungen an, die die sieben Tods\u00fcnden und die sieben Tugenden der Menschheit darstellen.<\/span><\/p>\n<p><span style=\"font-weight: 400\">Die Szene in<\/span><em><span style=\"font-weight: 400\">  Spiele f\u00fcr Kinder<\/span><\/em><span style=\"font-weight: 400\">  stellt etwa 250 Zeichen dar. Bei einigen von ihnen ist es schwer zu erkennen, ob sie Erwachsene oder Kinder sind.<\/span><\/p>\n<p><strong>Warum ein 1000-teiliges Kunstpuzzle zusammensetzen?<\/strong><\/p>\n<p><strong>Weil:<\/strong><\/p>\n<p><span style=\"font-weight: 400\">&#8211; er entf\u00fchrt dich in eine k\u00fcnstlerische Welt, alt, aber lebendig, voller Symbole und Sch\u00f6nheit.<\/span><\/p>\n<p><span style=\"font-weight: 400\">&#8211; es holt dich aus der Monotonie der Wintertage heraus oder aus Zeiten, in denen du dich langweilst.<\/span><\/p>\n<p><span style=\"font-weight: 400\">&#8211; es schult deinen Verstand und erfreut deinen Geist.<\/span><\/p>\n<p><span style=\"font-weight: 400\">&#8211; hilft dir, ein sch\u00e4rferes Ged\u00e4chtnis zu haben.<\/span><\/p>\n<p><span style=\"font-weight: 400\">&#8211; am Ende wirst du ein wertvolles Kunstwerk haben, das du jeden Tag bewundern kannst.<\/span><\/p>\n<p><span style=\"font-weight: 400\">Kaufen Sie jetzt dieses wunderbare Kunstpuzzle, das das ber\u00fchmte Gem\u00e4lde von  <\/span><em><span style=\"font-weight: 400\">Spiele f\u00fcr Kinder <\/span><\/em><span style=\"font-weight: 400\">von Pieter Bruegel dem \u00c4lteren! Es ist ein ideales Puzzlespiel f\u00fcr Kunstliebhaber und 1000-Teile-Puzzle-Fans gleicherma\u00dfen. \u00dcberrasche einen geliebten Menschen mit diesem Puzzle f\u00fcr Erwachsene aus der Kunstpuzzle-Kollektion und mache ihm eine Freude!<\/span><\/p>\n","protected":false},"excerpt":{"rendered":"<p>Wenn du ein wundersch\u00f6nes Gem\u00e4lde anfertigen willst, das Ausdruck eines etablierten Kunstwerks ist, bist du hier richtig. Wir haben viele<\/p>\n","protected":false},"featured_media":63171,"template":"","meta":[],"product_brand":[],"product_cat":[1916,1875,1915],"product_tag":[],"class_list":{"0":"post-39952","1":"product","2":"type-product","3":"status-publish","4":"has-post-thumbnail","6":"product_cat-1000-teile-puzzle","7":"product_cat-puzzle-de","8":"product_cat-puzzlespiele-fur-erwachsene","9":"pa_bax-10-de","10":"pa_brand-d_toys-de","11":"pa_country_of_manufacture-ro-de","12":"pa_filter_age-14-de","13":"pa_painter-pieterbreugeltheelder-de","14":"pa_tip_ambalaj-kasten-a4-de","15":"pa_tip_puzzle-klassisch","17":"first","18":"instock","19":"taxable","20":"shipping-taxable","21":"product-type-simple"},"yoast_head":"<!-- This site is optimized with the Yoast SEO plugin v20.1 - https:\/\/yoast.com\/wordpress\/plugins\/seo\/ -->\n<title>Adult 1000 pieces puzzle Bruegel der \u00c4ltere - Kinderspiele\/Jocuri de copii<\/title>\n<meta name=\"description\" content=\"Adult 1000 pieces puzzle Bruegel der \u00c4ltere - Kinderspiele\/Jocuri de copii\" \/>\n<meta name=\"robots\" content=\"index, follow, max-snippet:-1, max-image-preview:large, max-video-preview:-1\" \/>\n<link rel=\"canonical\" href=\"https:\/\/business.roovi.com\/de\/adult-1000-pieces-puzzle-bruegel-der-altere-kinderspiele-jocuri-de-copii\/p\/\" \/>\n<meta property=\"og:locale\" content=\"de_DE\" \/>\n<meta property=\"og:type\" content=\"article\" \/>\n<meta property=\"og:title\" content=\"Adult 1000 pieces puzzle Bruegel der \u00c4ltere - Kinderspiele\/Jocuri de copii\" \/>\n<meta property=\"og:description\" content=\"Adult 1000 pieces puzzle Bruegel der \u00c4ltere - Kinderspiele\/Jocuri de copii\" \/>\n<meta property=\"og:url\" content=\"https:\/\/business.roovi.com\/de\/adult-1000-pieces-puzzle-bruegel-der-altere-kinderspiele-jocuri-de-copii\/p\/\" \/>\n<meta property=\"og:site_name\" content=\"Roovi B2B\" \/>\n<meta property=\"article:publisher\" content=\"https:\/\/www.facebook.com\/wwwjucariero\" \/>\n<meta property=\"article:modified_time\" content=\"2022-07-06T14:00:51+00:00\" \/>\n<meta property=\"og:image\" content=\"https:\/\/business.roovi.com\/wp-content\/uploads\/2019\/04\/73778-06_ansamblu_dimensiuni_cutie_cm.png\" \/>\n\t<meta property=\"og:image:width\" content=\"1200\" \/>\n\t<meta property=\"og:image:height\" content=\"1200\" \/>\n\t<meta property=\"og:image:type\" content=\"image\/png\" \/>\n<meta name=\"twitter:label1\" content=\"Gesch\u00e4tzte Lesezeit\" \/>\n\t<meta name=\"twitter:data1\" content=\"3\u00a0Minuten\" \/>\n<script type=\"application\/ld+json\" class=\"yoast-schema-graph\">{\"@context\":\"https:\/\/schema.org\",\"@graph\":[{\"@type\":\"WebPage\",\"@id\":\"https:\/\/business.roovi.com\/de\/adult-1000-pieces-puzzle-bruegel-der-altere-kinderspiele-jocuri-de-copii\/p\/\",\"url\":\"https:\/\/business.roovi.com\/de\/adult-1000-pieces-puzzle-bruegel-der-altere-kinderspiele-jocuri-de-copii\/p\/\",\"name\":\"Adult 1000 pieces puzzle Bruegel der \u00c4ltere - Kinderspiele\/Jocuri de copii\",\"isPartOf\":{\"@id\":\"https:\/\/business.roovi.com\/de\/#website\"},\"datePublished\":\"2019-04-25T12:00:04+00:00\",\"dateModified\":\"2022-07-06T14:00:51+00:00\",\"description\":\"Adult 1000 pieces puzzle Bruegel der \u00c4ltere - Kinderspiele\/Jocuri de copii\",\"breadcrumb\":{\"@id\":\"https:\/\/business.roovi.com\/de\/adult-1000-pieces-puzzle-bruegel-der-altere-kinderspiele-jocuri-de-copii\/p\/#breadcrumb\"},\"inLanguage\":\"de\",\"potentialAction\":[{\"@type\":\"ReadAction\",\"target\":[\"https:\/\/business.roovi.com\/de\/adult-1000-pieces-puzzle-bruegel-der-altere-kinderspiele-jocuri-de-copii\/p\/\"]}]},{\"@type\":\"BreadcrumbList\",\"@id\":\"https:\/\/business.roovi.com\/de\/adult-1000-pieces-puzzle-bruegel-der-altere-kinderspiele-jocuri-de-copii\/p\/#breadcrumb\",\"itemListElement\":[{\"@type\":\"ListItem\",\"position\":1,\"name\":\"Home\",\"item\":\"https:\/\/business.roovi.com\/de\/\"},{\"@type\":\"ListItem\",\"position\":2,\"name\":\"Shop\",\"item\":\"https:\/\/business.roovi.com\/de\/shop\/\"},{\"@type\":\"ListItem\",\"position\":3,\"name\":\"Adult 1000 pieces puzzle Bruegel der \u00c4ltere &#8211; Kinderspiele\/Jocuri de copii\"}]},{\"@type\":\"WebSite\",\"@id\":\"https:\/\/business.roovi.com\/de\/#website\",\"url\":\"https:\/\/business.roovi.com\/de\/\",\"name\":\"Roovi B2B\",\"description\":\"Roovi Business Website\",\"potentialAction\":[{\"@type\":\"SearchAction\",\"target\":{\"@type\":\"EntryPoint\",\"urlTemplate\":\"https:\/\/business.roovi.com\/de\/?s={search_term_string}\"},\"query-input\":\"required name=search_term_string\"}],\"inLanguage\":\"de\"}]}<\/script>\n<!-- \/ Yoast SEO plugin. -->","yoast_head_json":{"title":"Adult 1000 pieces puzzle Bruegel der \u00c4ltere - Kinderspiele\/Jocuri de copii","description":"Adult 1000 pieces puzzle Bruegel der \u00c4ltere - Kinderspiele\/Jocuri de copii","robots":{"index":"index","follow":"follow","max-snippet":"max-snippet:-1","max-image-preview":"max-image-preview:large","max-video-preview":"max-video-preview:-1"},"canonical":"https:\/\/business.roovi.com\/de\/adult-1000-pieces-puzzle-bruegel-der-altere-kinderspiele-jocuri-de-copii\/p\/","og_locale":"de_DE","og_type":"article","og_title":"Adult 1000 pieces puzzle Bruegel der \u00c4ltere - Kinderspiele\/Jocuri de copii","og_description":"Adult 1000 pieces puzzle Bruegel der \u00c4ltere - Kinderspiele\/Jocuri de copii","og_url":"https:\/\/business.roovi.com\/de\/adult-1000-pieces-puzzle-bruegel-der-altere-kinderspiele-jocuri-de-copii\/p\/","og_site_name":"Roovi B2B","article_publisher":"https:\/\/www.facebook.com\/wwwjucariero","article_modified_time":"2022-07-06T14:00:51+00:00","og_image":[{"width":1200,"height":1200,"url":"https:\/\/business.roovi.com\/wp-content\/uploads\/2019\/04\/73778-06_ansamblu_dimensiuni_cutie_cm.png","type":"image\/png"}],"twitter_misc":{"Gesch\u00e4tzte Lesezeit":"3\u00a0Minuten"},"schema":{"@context":"https:\/\/schema.org","@graph":[{"@type":"WebPage","@id":"https:\/\/business.roovi.com\/de\/adult-1000-pieces-puzzle-bruegel-der-altere-kinderspiele-jocuri-de-copii\/p\/","url":"https:\/\/business.roovi.com\/de\/adult-1000-pieces-puzzle-bruegel-der-altere-kinderspiele-jocuri-de-copii\/p\/","name":"Adult 1000 pieces puzzle Bruegel der \u00c4ltere - Kinderspiele\/Jocuri de copii","isPartOf":{"@id":"https:\/\/business.roovi.com\/de\/#website"},"datePublished":"2019-04-25T12:00:04+00:00","dateModified":"2022-07-06T14:00:51+00:00","description":"Adult 1000 pieces puzzle Bruegel der \u00c4ltere - Kinderspiele\/Jocuri de copii","breadcrumb":{"@id":"https:\/\/business.roovi.com\/de\/adult-1000-pieces-puzzle-bruegel-der-altere-kinderspiele-jocuri-de-copii\/p\/#breadcrumb"},"inLanguage":"de","potentialAction":[{"@type":"ReadAction","target":["https:\/\/business.roovi.com\/de\/adult-1000-pieces-puzzle-bruegel-der-altere-kinderspiele-jocuri-de-copii\/p\/"]}]},{"@type":"BreadcrumbList","@id":"https:\/\/business.roovi.com\/de\/adult-1000-pieces-puzzle-bruegel-der-altere-kinderspiele-jocuri-de-copii\/p\/#breadcrumb","itemListElement":[{"@type":"ListItem","position":1,"name":"Home","item":"https:\/\/business.roovi.com\/de\/"},{"@type":"ListItem","position":2,"name":"Shop","item":"https:\/\/business.roovi.com\/de\/shop\/"},{"@type":"ListItem","position":3,"name":"Adult 1000 pieces puzzle Bruegel der \u00c4ltere &#8211; Kinderspiele\/Jocuri de copii"}]},{"@type":"WebSite","@id":"https:\/\/business.roovi.com\/de\/#website","url":"https:\/\/business.roovi.com\/de\/","name":"Roovi B2B","description":"Roovi Business Website","potentialAction":[{"@type":"SearchAction","target":{"@type":"EntryPoint","urlTemplate":"https:\/\/business.roovi.com\/de\/?s={search_term_string}"},"query-input":"required name=search_term_string"}],"inLanguage":"de"}]}},"_links":{"self":[{"href":"https:\/\/business.roovi.com\/de\/wp-json\/wp\/v2\/product\/39952","targetHints":{"allow":["GET"]}}],"collection":[{"href":"https:\/\/business.roovi.com\/de\/wp-json\/wp\/v2\/product"}],"about":[{"href":"https:\/\/business.roovi.com\/de\/wp-json\/wp\/v2\/types\/product"}],"version-history":[{"count":0,"href":"https:\/\/business.roovi.com\/de\/wp-json\/wp\/v2\/product\/39952\/revisions"}],"wp:featuredmedia":[{"embeddable":true,"href":"https:\/\/business.roovi.com\/de\/wp-json\/wp\/v2\/media\/63171"}],"wp:attachment":[{"href":"https:\/\/business.roovi.com\/de\/wp-json\/wp\/v2\/media?parent=39952"}],"wp:term":[{"taxonomy":"product_brand","embeddable":true,"href":"https:\/\/business.roovi.com\/de\/wp-json\/wp\/v2\/product_brand?post=39952"},{"taxonomy":"product_cat","embeddable":true,"href":"https:\/\/business.roovi.com\/de\/wp-json\/wp\/v2\/product_cat?post=39952"},{"taxonomy":"product_tag","embeddable":true,"href":"https:\/\/business.roovi.com\/de\/wp-json\/wp\/v2\/product_tag?post=39952"}],"curies":[{"name":"wp","href":"https:\/\/api.w.org\/{rel}","templated":true}]}}