{"id":39957,"date":"2019-04-25T11:02:17","date_gmt":"2019-04-25T11:02:17","guid":{"rendered":"https:\/\/business.roovi.com\/puzzle-adulti-pieter-bruegel-cel-batran-landscape-with-the-fall-of-icaruscaderea-lui-icarus-1000-piese\/p\/"},"modified":"2022-07-06T14:04:05","modified_gmt":"2022-07-06T14:04:05","slug":"pieter-bruegel-der-altere-landschaft-mit-dem-fall-des-ikarus-1000-teile-puzzle-fur-erwachsene","status":"publish","type":"product","link":"https:\/\/business.roovi.com\/de\/pieter-bruegel-der-altere-landschaft-mit-dem-fall-des-ikarus-1000-teile-puzzle-fur-erwachsene\/p\/","title":{"rendered":"Pieter Bruegel der \u00c4ltere &#8211; Landschaft mit dem Fall des Ikarus &#8211; 1000 Teile Puzzle f\u00fcr Erwachsene"},"content":{"rendered":"<p><span style=\"font-weight: 400\">R\u00e4tsel f\u00fcr Erwachsene gibt es in verschiedenen Formen seit der Antike. Es wird schon lange als Unterrichtsmaterial f\u00fcr den Geografie- oder Matheunterricht verwendet. Wir haben eine beeindruckende Sammlung von Kunstr\u00e4tseln f\u00fcr R\u00e4tselfreunde zusammengestellt.<\/span><\/p>\n<p><span style=\"font-weight: 400\">Bist du einer von ihnen? Wir haben eine Menge Empfehlungen f\u00fcr dich. Ob Renaissance-, Barock- oder zeitgen\u00f6ssische Gem\u00e4lde, wir haben das vielf\u00e4ltigste Angebot an Puzzle-Kunst, das in Rum\u00e4nien produziert wird <\/span><\/p>\n<p><span style=\"font-weight: 400\">Reflektiere in einem einpr\u00e4gsamen Gem\u00e4lde das beeindruckende Gem\u00e4lde von <\/span><span style=\"font-weight: 400\">Pieter Bruegel der \u00c4ltere<\/span><span style=\"font-weight: 400\"> aus dem 1000 Teile Puzzle <\/span><span style=\"font-weight: 400\">Der Fall des Ikarus! Das Nachstellen dieses Gem\u00e4ldes ist ein echtes geistiges Vergn\u00fcgen, denn es f\u00fchrt dich durch Ovids Metamorphosen und weiter in die fl\u00e4mische Renaissance. Entdecke Bruegels faszinierendes Thema in diesem 1000-Teile-Puzzle! Dein fertiges Werk ist 50 x 70 cm gro\u00df und ein normaler Couchtisch eignet sich f\u00fcr die Montage.<\/span><\/p>\n<p><span style=\"font-weight: 400\">Lies unten mehr \u00fcber dieses Kunstr\u00e4tsel.<\/span><\/p>\n<p><strong>Puzzle-Material <\/strong><\/p>\n<p><strong>hochwertiger blauer Karton<\/strong><\/p>\n<p><strong>nachhaltige, recycelbare Materialien<\/strong><\/p>\n<p><strong>halbgl\u00e4nzende Oberfl\u00e4che, leuchtende Farben<\/strong><\/p>\n<p><strong>Anzahl der Puzzleteile: 1000<\/strong><\/p>\n<p><strong>Empfohlenes Alter: 14+<\/strong><\/p>\n<p><strong>Puzzle 1000 Teile<\/strong><\/p>\n<p><strong>5 \u00fcberraschende Vorteile des 1000 Teile Puzzles<\/strong><\/p>\n<p><span style=\"font-weight: 400\">Wenn du 1000 Teile Puzzle sagst, denkst du an das Hobby, das dir Freude, Entspannung und Spa\u00df bringt. Puzzlespiele sind mehr als das. Hier sind einige \u00fcberraschende Vorteile, die du bekommst, wenn du ein erwachsener R\u00e4tselliebhaber bist:<\/span><\/p>\n<p><strong>Puzzles f\u00fcr Erwachsene sind eine gute geistige \u00dcbung<\/strong><\/p>\n<p><span style=\"font-weight: 400\">Das Vervollst\u00e4ndigen eines Puzzles mit 1000 Teilen ist eine komplette \u00dcbung f\u00fcr das Gehirn, denn es trainiert sowohl die linke Gehirnh\u00e4lfte, die f\u00fcr Logik und Objektivit\u00e4t zust\u00e4ndig ist, als auch die rechte Gehirnh\u00e4lfte, die f\u00fcr Kreativit\u00e4t und Emotionen verantwortlich ist <\/span><\/p>\n<p><strong>Puzzles f\u00fcr Erwachsene erh\u00f6hen die Aufmerksamkeit f\u00fcr Details<\/strong><\/p>\n<p><span style=\"font-weight: 400\">Bei den meisten Puzzles f\u00fcr Erwachsene sind die Teile sehr \u00e4hnlich, deshalb ist es extrem wichtig, sich auf die Details zu konzentrieren. Du musst auch dein Sehverm\u00f6gen trainieren, um kleine Unterschiede in Form oder Farbe zu erkennen, die dir helfen, das Bild des 1000-teiligen Puzzles zu vervollst\u00e4ndigen. Diese F\u00e4higkeit, Details zu erfassen, ist bei allt\u00e4glichen Aktivit\u00e4ten n\u00fctzlich und hilft dir, die Qualit\u00e4t deiner Arbeit zu verbessern.<\/span><\/p>\n<p><strong>Puzzles f\u00fcr Erwachsene verbessern dein Ged\u00e4chtnis<\/strong><\/p>\n<p><span style=\"font-weight: 400\">Jedes Mal, wenn du die 1000 Puzzleteile zusammenf\u00fcgst, musst du dir Formen, Farben und Bilder einpr\u00e4gen, um das Bild so schnell wie m\u00f6glich wiederherstellen zu k\u00f6nnen. Diese kleinen \u00dcbungen sind sehr wichtig, um das Kurzzeitged\u00e4chtnis zu verbessern.<\/span><\/p>\n<p><strong>Puzzles f\u00fcr Erwachsene sind ein Trick, um den IQ zu erh\u00f6hen<\/strong><\/p>\n<p><span style=\"font-weight: 400\">Und nicht wir, sondern eine Gruppe von Forschern der Universit\u00e4t von Michigan hat in einer Studie herausgefunden, dass diejenigen, die jeden Tag mindestens 25 Minuten mit einem Puzzle verbringen, ihren IQ um bis zu 4 Punkte steigern k\u00f6nnen.<\/span><\/p>\n<p><strong>Puzzles f\u00fcr Erwachsene reduzieren das Stressniveau erheblich<\/strong><\/p>\n<p><span style=\"font-weight: 400\">&#8230; und hilft dir zu entspannen! Es wird gesagt, dass unser Gehirn in den Alpha-Zustand geht, wenn wir R\u00e4tsel l\u00f6sen. Das ist \u00e4hnlich wie der Zustand, in dem wir uns befinden, wenn wir tr\u00e4umen.<\/span><\/p>\n<p><strong>Bild  <\/strong><strong><em>Der Sturz des Ikarus<\/em><\/strong><strong>  aus dem 1000-Teile-Puzzle &#8211; geheimnisumwittert<\/strong><\/p>\n<p><span style=\"font-weight: 400\">Experten, die das Gem\u00e4lde zwischen 1998 und 2006 technisch untersucht haben, kamen zu dem Schluss, dass die bis heute erhaltene Kopie nicht authentisch ist. Es k\u00f6nnte ein Werk seines Sohnes sein oder eine Version des Originals, die verloren gegangen ist. Das Gem\u00e4lde ist immer noch geheimnisumwittert.<\/span><\/p>\n<p><strong>Wusstest du au\u00dferdem, dass&#8230;<\/strong><\/p>\n<ul style=\"list-style-type: disc\">\n<li><em><span style=\"font-weight: 400\">Der Fall des Ikarus <\/span><\/em> <span style=\"font-weight: 400\">das einzige mythologische Gem\u00e4lde in Bruegels Schaffen ist?<\/span><\/li>\n<li><span style=\"font-weight: 400\">Die Komposition des Bildes ist f\u00fcr die damalige Zeit originell? Der Sturz des Ikarus steht im Hintergrund. Wenn du nicht genau hinsiehst, \u00fcbersiehst du fast das Hauptmotiv.<\/span><\/li>\n<li><span style=\"font-weight: 400\">Einige Autoren sind der Meinung, dass der Autor tats\u00e4chlich eine Parabel \u00fcber menschliche Bestrebungen geschaffen hat?<\/span><\/li>\n<\/ul>\n<p><strong>Und zu den 1000-teiligen Puzzles<\/strong><\/p>\n<ul style=\"list-style-type: disc\">\n<li><span style=\"font-weight: 400\">Halte neurodegenerative Krankheiten von deinem Gehirn fern!<\/span><\/li>\n<li><span style=\"font-weight: 400\">Sie bereiten dir viel Spa\u00df, wenn du sie mit einem lieben Menschen l\u00f6st!<\/span><\/li>\n<li><span style=\"font-weight: 400\">Sie geben dir das Gef\u00fchl, ein echter Detektiv zu sein!<\/span><\/li>\n<li><span style=\"font-weight: 400\">Sie umh\u00fcllen dich mit positiver Energie!<\/span><\/li>\n<li><span style=\"font-weight: 400\">Sie lehren dich, methodisch und effizient zu arbeiten!<\/span><\/li>\n<\/ul>\n<p><span style=\"font-weight: 400\">Hast du eine Leidenschaft f\u00fcr 1000-Teile-Puzzles? Das R\u00e4tsel <\/span><span style=\"font-weight: 400\">Pieter Bruegel der \u00c4ltere Der Sturz des Ikarus ist die richtige Wahl, um die Monotonie der Winterabende zu durchbrechen. Kaufe jetzt dieses wunderbare Puzzlespiel aus der Puzzle Art Collection!<\/span><\/p>\n<p><span style=\"font-weight: 400\">Das 1000-teilige Puzzle Fall of Icarus ist auch ein passendes Geschenk, wenn du einem lieben Freund eine nette \u00dcberraschung machen willst <\/span><\/p>\n","protected":false},"excerpt":{"rendered":"<p>R\u00e4tsel f\u00fcr Erwachsene gibt es in verschiedenen Formen seit der Antike. Es wird schon lange als Unterrichtsmaterial f\u00fcr den Geografie-<\/p>\n","protected":false},"featured_media":63177,"template":"","meta":[],"product_brand":[],"product_cat":[1916,1875,1915],"product_tag":[],"class_list":{"0":"post-39957","1":"product","2":"type-product","3":"status-publish","4":"has-post-thumbnail","6":"product_cat-1000-teile-puzzle","7":"product_cat-puzzle-de","8":"product_cat-puzzlespiele-fur-erwachsene","9":"pa_bax-10-de","10":"pa_brand-d_toys-de","11":"pa_country_of_manufacture-ro-de","12":"pa_filter_age-14-de","13":"pa_painter-pieterbreugeltheelder-de","14":"pa_tip_ambalaj-kasten-a4-de","15":"pa_tip_puzzle-klassisch","17":"first","18":"instock","19":"taxable","20":"shipping-taxable","21":"product-type-simple"},"yoast_head":"<!-- This site is optimized with the Yoast SEO plugin v20.1 - https:\/\/yoast.com\/wordpress\/plugins\/seo\/ -->\n<title>Pieter Bruegel der \u00c4ltere - Landschaft mit dem Fall des Ikarus - 1000 Teile Puzzle f\u00fcr Erwachsene<\/title>\n<meta name=\"description\" content=\"Pieter Bruegel der \u00c4ltere - Landschaft mit dem Fall des Ikarus - 1000 Teile Puzzle f\u00fcr Erwachsene\" \/>\n<meta name=\"robots\" content=\"index, follow, max-snippet:-1, max-image-preview:large, max-video-preview:-1\" \/>\n<link rel=\"canonical\" href=\"https:\/\/business.roovi.com\/de\/pieter-bruegel-der-altere-landschaft-mit-dem-fall-des-ikarus-1000-teile-puzzle-fur-erwachsene\/p\/\" \/>\n<meta property=\"og:locale\" content=\"de_DE\" \/>\n<meta property=\"og:type\" content=\"article\" \/>\n<meta property=\"og:title\" content=\"Pieter Bruegel der \u00c4ltere - Landschaft mit dem Fall des Ikarus - 1000 Teile Puzzle f\u00fcr Erwachsene\" \/>\n<meta property=\"og:description\" content=\"Pieter Bruegel der \u00c4ltere - Landschaft mit dem Fall des Ikarus - 1000 Teile Puzzle f\u00fcr Erwachsene\" \/>\n<meta property=\"og:url\" content=\"https:\/\/business.roovi.com\/de\/pieter-bruegel-der-altere-landschaft-mit-dem-fall-des-ikarus-1000-teile-puzzle-fur-erwachsene\/p\/\" \/>\n<meta property=\"og:site_name\" content=\"Roovi B2B\" \/>\n<meta property=\"article:publisher\" content=\"https:\/\/www.facebook.com\/wwwjucariero\" \/>\n<meta property=\"article:modified_time\" content=\"2022-07-06T14:04:05+00:00\" \/>\n<meta property=\"og:image\" content=\"https:\/\/business.roovi.com\/wp-content\/uploads\/2019\/04\/73778-03_ansamblu_dimensiuni_cutie_cm.png\" \/>\n\t<meta property=\"og:image:width\" content=\"1200\" \/>\n\t<meta property=\"og:image:height\" content=\"1200\" \/>\n\t<meta property=\"og:image:type\" content=\"image\/png\" \/>\n<meta name=\"twitter:label1\" content=\"Gesch\u00e4tzte Lesezeit\" \/>\n\t<meta name=\"twitter:data1\" content=\"4\u00a0Minuten\" \/>\n<script type=\"application\/ld+json\" class=\"yoast-schema-graph\">{\"@context\":\"https:\/\/schema.org\",\"@graph\":[{\"@type\":\"WebPage\",\"@id\":\"https:\/\/business.roovi.com\/de\/pieter-bruegel-der-altere-landschaft-mit-dem-fall-des-ikarus-1000-teile-puzzle-fur-erwachsene\/p\/\",\"url\":\"https:\/\/business.roovi.com\/de\/pieter-bruegel-der-altere-landschaft-mit-dem-fall-des-ikarus-1000-teile-puzzle-fur-erwachsene\/p\/\",\"name\":\"Pieter Bruegel der \u00c4ltere - Landschaft mit dem Fall des Ikarus - 1000 Teile Puzzle f\u00fcr Erwachsene\",\"isPartOf\":{\"@id\":\"https:\/\/business.roovi.com\/de\/#website\"},\"datePublished\":\"2019-04-25T11:02:17+00:00\",\"dateModified\":\"2022-07-06T14:04:05+00:00\",\"description\":\"Pieter Bruegel der \u00c4ltere - Landschaft mit dem Fall des Ikarus - 1000 Teile Puzzle f\u00fcr Erwachsene\",\"breadcrumb\":{\"@id\":\"https:\/\/business.roovi.com\/de\/pieter-bruegel-der-altere-landschaft-mit-dem-fall-des-ikarus-1000-teile-puzzle-fur-erwachsene\/p\/#breadcrumb\"},\"inLanguage\":\"de\",\"potentialAction\":[{\"@type\":\"ReadAction\",\"target\":[\"https:\/\/business.roovi.com\/de\/pieter-bruegel-der-altere-landschaft-mit-dem-fall-des-ikarus-1000-teile-puzzle-fur-erwachsene\/p\/\"]}]},{\"@type\":\"BreadcrumbList\",\"@id\":\"https:\/\/business.roovi.com\/de\/pieter-bruegel-der-altere-landschaft-mit-dem-fall-des-ikarus-1000-teile-puzzle-fur-erwachsene\/p\/#breadcrumb\",\"itemListElement\":[{\"@type\":\"ListItem\",\"position\":1,\"name\":\"Home\",\"item\":\"https:\/\/business.roovi.com\/de\/\"},{\"@type\":\"ListItem\",\"position\":2,\"name\":\"Shop\",\"item\":\"https:\/\/business.roovi.com\/de\/shop\/\"},{\"@type\":\"ListItem\",\"position\":3,\"name\":\"Pieter Bruegel der \u00c4ltere &#8211; Landschaft mit dem Fall des Ikarus &#8211; 1000 Teile Puzzle f\u00fcr Erwachsene\"}]},{\"@type\":\"WebSite\",\"@id\":\"https:\/\/business.roovi.com\/de\/#website\",\"url\":\"https:\/\/business.roovi.com\/de\/\",\"name\":\"Roovi B2B\",\"description\":\"Roovi Business Website\",\"potentialAction\":[{\"@type\":\"SearchAction\",\"target\":{\"@type\":\"EntryPoint\",\"urlTemplate\":\"https:\/\/business.roovi.com\/de\/?s={search_term_string}\"},\"query-input\":\"required name=search_term_string\"}],\"inLanguage\":\"de\"}]}<\/script>\n<!-- \/ Yoast SEO plugin. -->","yoast_head_json":{"title":"Pieter Bruegel der \u00c4ltere - Landschaft mit dem Fall des Ikarus - 1000 Teile Puzzle f\u00fcr Erwachsene","description":"Pieter Bruegel der \u00c4ltere - Landschaft mit dem Fall des Ikarus - 1000 Teile Puzzle f\u00fcr Erwachsene","robots":{"index":"index","follow":"follow","max-snippet":"max-snippet:-1","max-image-preview":"max-image-preview:large","max-video-preview":"max-video-preview:-1"},"canonical":"https:\/\/business.roovi.com\/de\/pieter-bruegel-der-altere-landschaft-mit-dem-fall-des-ikarus-1000-teile-puzzle-fur-erwachsene\/p\/","og_locale":"de_DE","og_type":"article","og_title":"Pieter Bruegel der \u00c4ltere - Landschaft mit dem Fall des Ikarus - 1000 Teile Puzzle f\u00fcr Erwachsene","og_description":"Pieter Bruegel der \u00c4ltere - Landschaft mit dem Fall des Ikarus - 1000 Teile Puzzle f\u00fcr Erwachsene","og_url":"https:\/\/business.roovi.com\/de\/pieter-bruegel-der-altere-landschaft-mit-dem-fall-des-ikarus-1000-teile-puzzle-fur-erwachsene\/p\/","og_site_name":"Roovi B2B","article_publisher":"https:\/\/www.facebook.com\/wwwjucariero","article_modified_time":"2022-07-06T14:04:05+00:00","og_image":[{"width":1200,"height":1200,"url":"https:\/\/business.roovi.com\/wp-content\/uploads\/2019\/04\/73778-03_ansamblu_dimensiuni_cutie_cm.png","type":"image\/png"}],"twitter_misc":{"Gesch\u00e4tzte Lesezeit":"4\u00a0Minuten"},"schema":{"@context":"https:\/\/schema.org","@graph":[{"@type":"WebPage","@id":"https:\/\/business.roovi.com\/de\/pieter-bruegel-der-altere-landschaft-mit-dem-fall-des-ikarus-1000-teile-puzzle-fur-erwachsene\/p\/","url":"https:\/\/business.roovi.com\/de\/pieter-bruegel-der-altere-landschaft-mit-dem-fall-des-ikarus-1000-teile-puzzle-fur-erwachsene\/p\/","name":"Pieter Bruegel der \u00c4ltere - Landschaft mit dem Fall des Ikarus - 1000 Teile Puzzle f\u00fcr Erwachsene","isPartOf":{"@id":"https:\/\/business.roovi.com\/de\/#website"},"datePublished":"2019-04-25T11:02:17+00:00","dateModified":"2022-07-06T14:04:05+00:00","description":"Pieter Bruegel der \u00c4ltere - Landschaft mit dem Fall des Ikarus - 1000 Teile Puzzle f\u00fcr Erwachsene","breadcrumb":{"@id":"https:\/\/business.roovi.com\/de\/pieter-bruegel-der-altere-landschaft-mit-dem-fall-des-ikarus-1000-teile-puzzle-fur-erwachsene\/p\/#breadcrumb"},"inLanguage":"de","potentialAction":[{"@type":"ReadAction","target":["https:\/\/business.roovi.com\/de\/pieter-bruegel-der-altere-landschaft-mit-dem-fall-des-ikarus-1000-teile-puzzle-fur-erwachsene\/p\/"]}]},{"@type":"BreadcrumbList","@id":"https:\/\/business.roovi.com\/de\/pieter-bruegel-der-altere-landschaft-mit-dem-fall-des-ikarus-1000-teile-puzzle-fur-erwachsene\/p\/#breadcrumb","itemListElement":[{"@type":"ListItem","position":1,"name":"Home","item":"https:\/\/business.roovi.com\/de\/"},{"@type":"ListItem","position":2,"name":"Shop","item":"https:\/\/business.roovi.com\/de\/shop\/"},{"@type":"ListItem","position":3,"name":"Pieter Bruegel der \u00c4ltere &#8211; Landschaft mit dem Fall des Ikarus &#8211; 1000 Teile Puzzle f\u00fcr Erwachsene"}]},{"@type":"WebSite","@id":"https:\/\/business.roovi.com\/de\/#website","url":"https:\/\/business.roovi.com\/de\/","name":"Roovi B2B","description":"Roovi Business Website","potentialAction":[{"@type":"SearchAction","target":{"@type":"EntryPoint","urlTemplate":"https:\/\/business.roovi.com\/de\/?s={search_term_string}"},"query-input":"required name=search_term_string"}],"inLanguage":"de"}]}},"_links":{"self":[{"href":"https:\/\/business.roovi.com\/de\/wp-json\/wp\/v2\/product\/39957","targetHints":{"allow":["GET"]}}],"collection":[{"href":"https:\/\/business.roovi.com\/de\/wp-json\/wp\/v2\/product"}],"about":[{"href":"https:\/\/business.roovi.com\/de\/wp-json\/wp\/v2\/types\/product"}],"version-history":[{"count":0,"href":"https:\/\/business.roovi.com\/de\/wp-json\/wp\/v2\/product\/39957\/revisions"}],"wp:featuredmedia":[{"embeddable":true,"href":"https:\/\/business.roovi.com\/de\/wp-json\/wp\/v2\/media\/63177"}],"wp:attachment":[{"href":"https:\/\/business.roovi.com\/de\/wp-json\/wp\/v2\/media?parent=39957"}],"wp:term":[{"taxonomy":"product_brand","embeddable":true,"href":"https:\/\/business.roovi.com\/de\/wp-json\/wp\/v2\/product_brand?post=39957"},{"taxonomy":"product_cat","embeddable":true,"href":"https:\/\/business.roovi.com\/de\/wp-json\/wp\/v2\/product_cat?post=39957"},{"taxonomy":"product_tag","embeddable":true,"href":"https:\/\/business.roovi.com\/de\/wp-json\/wp\/v2\/product_tag?post=39957"}],"curies":[{"name":"wp","href":"https:\/\/api.w.org\/{rel}","templated":true}]}}