{"id":39961,"date":"2019-04-25T10:39:19","date_gmt":"2019-04-25T10:39:19","guid":{"rendered":"https:\/\/business.roovi.com\/puzzle-adulti-1000-piese-brueghel-cel-batran-flowers-in-a-basket-and-a-vase\/p\/"},"modified":"2022-07-06T14:04:12","modified_gmt":"2022-07-06T14:04:12","slug":"adult-puzzle-1000-pieces-brueghel-der-altere-blumen-in-einem-korb-und-einer-vase","status":"publish","type":"product","link":"https:\/\/business.roovi.com\/de\/adult-puzzle-1000-pieces-brueghel-der-altere-blumen-in-einem-korb-und-einer-vase\/p\/","title":{"rendered":"Adult Puzzle 1000 Pieces Brueghel der \u00c4ltere &#8211; Blumen in einem Korb und einer Vase"},"content":{"rendered":"<p><span style=\"font-weight: 400\"> Hier findest du 1000-teilige Puzzles mit Bildern ber\u00fchmter Kunstwerke, die auch heute noch Emotionen und Freude hervorrufen, obwohl sie Jahrhunderte alt sind. Sp\u00fcre die k\u00fcnstlerische Aufregung, indem du ein solches Werk aus einem 1000-teiligen Puzzle rekonstruierst!<\/span><\/p>\n<p><span style=\"font-weight: 400\">1000 Teile Puzzle Jan <\/span><span style=\"font-weight: 400\">Brueghel der \u00c4ltere &#8211; Blumen in einem Korb und einer Vase stellt die Pracht der nat\u00fcrlichen Blumenwelt auf dem gleichnamigen Gem\u00e4lde des ber\u00fchmten K\u00fcnstlers nach. Die Nachbildung dieses wundersch\u00f6nen Gem\u00e4ldes aus einem 100-teiligen Puzzle f\u00fchrt dich in die innere Welt des Malers und stellt die sprudelnden, au\u00dferordentlich nat\u00fcrlichen Formen des Originalgem\u00e4ldes wieder her. Am Ende wird ein 50 x 70 cm gro\u00dfes Gem\u00e4lde deine Augen erfreuen <\/span><\/p>\n<p><span style=\"font-weight: 400\">Mehr Details zu diesem wunderbaren 1000-Teile-Puzzle findest du hier:<\/span><\/p>\n<p><strong>Puzzle-Material <\/strong><\/p>\n<p><strong>hochwertiger blauer Karton<\/strong><\/p>\n<p><strong>nachhaltige, recycelbare Materialien<\/strong><\/p>\n<p><strong>halbgl\u00e4nzende Oberfl\u00e4che, leuchtende Farben<\/strong><\/p>\n<p><strong>Anzahl der Puzzleteile: 1000<\/strong><\/p>\n<p><strong>Empfohlenes Alter: 14+<\/strong><\/p>\n<p><strong>Warum ist es so toll, 1000-teilige Puzzles zusammenzusetzen?<\/strong><\/p>\n<p><span style=\"font-weight: 400\">Das Zusammensetzen von Puzzles f\u00fcr Erwachsene ist nicht nur ein Hobby, sondern hat auch viele Vorteile. Hier sind nur ein paar von ihnen:<\/span><\/p>\n<ul style=\"list-style-type: disc\">\n<li><span style=\"font-weight: 400\">Entwickelt deine F\u00e4higkeit, tiefere Verbindungen herzustellen<\/span><\/li>\n<li><span style=\"font-weight: 400\">Hilft, Stress abzubauen<\/span><\/li>\n<li><span style=\"font-weight: 400\">Verbessert deine Stimmung<\/span><\/li>\n<li><span style=\"font-weight: 400\">Hilft dir, mehr Vertrauen in deine eigenen St\u00e4rken zu haben<\/span><\/li>\n<li><span style=\"font-weight: 400\">Du kannst die Zeit alleine oder mit einem geliebten Menschen verbringen, wenn du dich entscheidest, das 1000-teilige Puzzle zusammen zu l\u00f6sen.<\/span><\/li>\n<\/ul>\n<p><strong>Was du vielleicht noch nicht \u00fcber Jan Brueghel den \u00c4lteren und sein Werk wusstest<\/strong><\/p>\n<ul style=\"list-style-type: disc\">\n<li><span style=\"font-weight: 400\">Im 16. Jahrhundert waren Blumenbilder der letzte Schrei. Sammler oder einfache Leute gaben solche Gem\u00e4lde bei ber\u00fchmten oder weniger talentierten Malern in Auftrag, je nach ihrem Budget.<\/span><\/li>\n<li><span style=\"font-weight: 400\">Jan Brueghel der \u00c4ltere hatte den Spitznamen  <\/span><em><span style=\"font-weight: 400\">Samt Brueghel<\/span><\/em><span style=\"font-weight: 400\">  wegen der samtigen, fast greifbaren Haptik seiner Werke.<\/span><\/li>\n<li><span style=\"font-weight: 400\">Um sich von seinem ber\u00fchmten Vater, Pieter Bruegel dem \u00c4lteren, zu unterscheiden, f\u00fcgte er ein  <\/span><em><span style=\"font-weight: 400\">h<\/span><\/em>  <span style=\"font-weight: 400\">wird somit  <\/span><em><span style=\"font-weight: 400\">Brueghel<\/span><\/em><span style=\"font-weight: 400\"><\/span><\/li>\n<li><span style=\"font-weight: 400\">In dem Gem\u00e4lde  <\/span><em><span style=\"font-weight: 400\">Blumen in einem Korb und einer Vase  <\/span><\/em><span style=\"font-weight: 400\">ist eine seltene Tulpenart abgebildet, die damals f\u00fcr astronomische Preise verkauft wurde.<\/span><\/li>\n<li><span style=\"font-weight: 400\">Er malte nicht weniger als 16 Blumenbilder, von denen sich eines im Kunstmuseum in Bukarest befindet <\/span><\/li>\n<li><span style=\"font-weight: 400\">Das Gem\u00e4lde in Bukarest zeigt etwa 20 Arten von Insekten.<\/span><\/li>\n<\/ul>\n<p><strong>Wir empfehlen dir, das 1000-Teile-Puzzle aus der Kunstpuzzle-Kollektion zu kaufen und zu vervollst\u00e4ndigen, denn:<\/strong><\/p>\n<ul style=\"list-style-type: disc\">\n<li><span style=\"font-weight: 400\">Es ist cool, Kunst zu entdecken und deine k\u00fcnstlerische Kultur zu bereichern.<\/span><\/li>\n<li><span style=\"font-weight: 400\">Die Fertigstellung des Gem\u00e4ldes wird dir ein gro\u00dfes Gef\u00fchl der Zufriedenheit geben.<\/span><\/li>\n<li><span style=\"font-weight: 400\">Du wirst dich wie ein echter Detektiv f\u00fchlen, der versucht, das Geheimnis eines Kunstwerkes zu l\u00f6sen.<\/span><\/li>\n<li><span style=\"font-weight: 400\">Du wirst viel Spa\u00df mit deiner Familie oder deinen Freunden haben, wenn du das 1000-Teile-Puzzle mit ihnen zusammen fertigstellst.<\/span><\/li>\n<\/ul>\n<p><span style=\"font-weight: 400\">Halte dich nicht damit auf! Kaufe jetzt das 1000-Teile-Puzzle Brueghel der \u00c4ltere &#8211; Blumen in einem Korb und einer Vase und du hast garantiert 30 Stunden Spa\u00df! Puzzlespiele sind ein Vergn\u00fcgen f\u00fcr erwachsene Puzzelfreunde.<\/span><\/p>\n<p><span style=\"font-weight: 400\">Dieses Kunstpuzzle ist ein tolles Geschenk f\u00fcr Kunstliebhaber oder diejenigen, die gerne 1000 Teile puzzeln.<\/span><\/p><\/p>\n","protected":false},"excerpt":{"rendered":"<p>Hier findest du 1000-teilige Puzzles mit Bildern ber\u00fchmter Kunstwerke, die auch heute noch Emotionen und Freude hervorrufen, obwohl sie Jahrhunderte<\/p>\n","protected":false},"featured_media":63183,"template":"","meta":[],"product_brand":[],"product_cat":[1916,1875,1915],"product_tag":[],"class_list":{"0":"post-39961","1":"product","2":"type-product","3":"status-publish","4":"has-post-thumbnail","6":"product_cat-1000-teile-puzzle","7":"product_cat-puzzle-de","8":"product_cat-puzzlespiele-fur-erwachsene","9":"pa_bax-10-de","10":"pa_brand-d_toys-de","11":"pa_country_of_manufacture-ro-de","12":"pa_filter_age-14-de","13":"pa_painter-pieterbreugeltheelder-de","14":"pa_tip_ambalaj-kasten-a4-de","15":"pa_tip_puzzle-klassisch","17":"first","18":"instock","19":"taxable","20":"shipping-taxable","21":"product-type-simple"},"yoast_head":"<!-- This site is optimized with the Yoast SEO plugin v20.1 - https:\/\/yoast.com\/wordpress\/plugins\/seo\/ -->\n<title>Adult Puzzle 1000 Pieces Brueghel der \u00c4ltere - Blumen in einem Korb und einer Vase<\/title>\n<meta name=\"description\" content=\"Adult Puzzle 1000 Pieces Brueghel der \u00c4ltere - Blumen in einem Korb und einer Vase\" \/>\n<meta name=\"robots\" content=\"index, follow, max-snippet:-1, max-image-preview:large, max-video-preview:-1\" \/>\n<link rel=\"canonical\" href=\"https:\/\/business.roovi.com\/de\/adult-puzzle-1000-pieces-brueghel-der-altere-blumen-in-einem-korb-und-einer-vase\/p\/\" \/>\n<meta property=\"og:locale\" content=\"de_DE\" \/>\n<meta property=\"og:type\" content=\"article\" \/>\n<meta property=\"og:title\" content=\"Adult Puzzle 1000 Pieces Brueghel der \u00c4ltere - Blumen in einem Korb und einer Vase\" \/>\n<meta property=\"og:description\" content=\"Adult Puzzle 1000 Pieces Brueghel der \u00c4ltere - Blumen in einem Korb und einer Vase\" \/>\n<meta property=\"og:url\" content=\"https:\/\/business.roovi.com\/de\/adult-puzzle-1000-pieces-brueghel-der-altere-blumen-in-einem-korb-und-einer-vase\/p\/\" \/>\n<meta property=\"og:site_name\" content=\"Roovi B2B\" \/>\n<meta property=\"article:publisher\" content=\"https:\/\/www.facebook.com\/wwwjucariero\" \/>\n<meta property=\"article:modified_time\" content=\"2022-07-06T14:04:12+00:00\" \/>\n<meta property=\"og:image\" content=\"https:\/\/business.roovi.com\/wp-content\/uploads\/2019\/04\/73778-04_ansamblu_dimensiuni_cutie_cm_1200x1200.png\" \/>\n\t<meta property=\"og:image:width\" content=\"1200\" \/>\n\t<meta property=\"og:image:height\" content=\"1200\" \/>\n\t<meta property=\"og:image:type\" content=\"image\/png\" \/>\n<meta name=\"twitter:label1\" content=\"Gesch\u00e4tzte Lesezeit\" \/>\n\t<meta name=\"twitter:data1\" content=\"2\u00a0Minuten\" \/>\n<script type=\"application\/ld+json\" class=\"yoast-schema-graph\">{\"@context\":\"https:\/\/schema.org\",\"@graph\":[{\"@type\":\"WebPage\",\"@id\":\"https:\/\/business.roovi.com\/de\/adult-puzzle-1000-pieces-brueghel-der-altere-blumen-in-einem-korb-und-einer-vase\/p\/\",\"url\":\"https:\/\/business.roovi.com\/de\/adult-puzzle-1000-pieces-brueghel-der-altere-blumen-in-einem-korb-und-einer-vase\/p\/\",\"name\":\"Adult Puzzle 1000 Pieces Brueghel der \u00c4ltere - Blumen in einem Korb und einer Vase\",\"isPartOf\":{\"@id\":\"https:\/\/business.roovi.com\/de\/#website\"},\"datePublished\":\"2019-04-25T10:39:19+00:00\",\"dateModified\":\"2022-07-06T14:04:12+00:00\",\"description\":\"Adult Puzzle 1000 Pieces Brueghel der \u00c4ltere - Blumen in einem Korb und einer Vase\",\"breadcrumb\":{\"@id\":\"https:\/\/business.roovi.com\/de\/adult-puzzle-1000-pieces-brueghel-der-altere-blumen-in-einem-korb-und-einer-vase\/p\/#breadcrumb\"},\"inLanguage\":\"de\",\"potentialAction\":[{\"@type\":\"ReadAction\",\"target\":[\"https:\/\/business.roovi.com\/de\/adult-puzzle-1000-pieces-brueghel-der-altere-blumen-in-einem-korb-und-einer-vase\/p\/\"]}]},{\"@type\":\"BreadcrumbList\",\"@id\":\"https:\/\/business.roovi.com\/de\/adult-puzzle-1000-pieces-brueghel-der-altere-blumen-in-einem-korb-und-einer-vase\/p\/#breadcrumb\",\"itemListElement\":[{\"@type\":\"ListItem\",\"position\":1,\"name\":\"Home\",\"item\":\"https:\/\/business.roovi.com\/de\/\"},{\"@type\":\"ListItem\",\"position\":2,\"name\":\"Shop\",\"item\":\"https:\/\/business.roovi.com\/de\/shop\/\"},{\"@type\":\"ListItem\",\"position\":3,\"name\":\"Adult Puzzle 1000 Pieces Brueghel der \u00c4ltere &#8211; Blumen in einem Korb und einer Vase\"}]},{\"@type\":\"WebSite\",\"@id\":\"https:\/\/business.roovi.com\/de\/#website\",\"url\":\"https:\/\/business.roovi.com\/de\/\",\"name\":\"Roovi B2B\",\"description\":\"Roovi Business Website\",\"potentialAction\":[{\"@type\":\"SearchAction\",\"target\":{\"@type\":\"EntryPoint\",\"urlTemplate\":\"https:\/\/business.roovi.com\/de\/?s={search_term_string}\"},\"query-input\":\"required name=search_term_string\"}],\"inLanguage\":\"de\"}]}<\/script>\n<!-- \/ Yoast SEO plugin. -->","yoast_head_json":{"title":"Adult Puzzle 1000 Pieces Brueghel der \u00c4ltere - Blumen in einem Korb und einer Vase","description":"Adult Puzzle 1000 Pieces Brueghel der \u00c4ltere - Blumen in einem Korb und einer Vase","robots":{"index":"index","follow":"follow","max-snippet":"max-snippet:-1","max-image-preview":"max-image-preview:large","max-video-preview":"max-video-preview:-1"},"canonical":"https:\/\/business.roovi.com\/de\/adult-puzzle-1000-pieces-brueghel-der-altere-blumen-in-einem-korb-und-einer-vase\/p\/","og_locale":"de_DE","og_type":"article","og_title":"Adult Puzzle 1000 Pieces Brueghel der \u00c4ltere - Blumen in einem Korb und einer Vase","og_description":"Adult Puzzle 1000 Pieces Brueghel der \u00c4ltere - Blumen in einem Korb und einer Vase","og_url":"https:\/\/business.roovi.com\/de\/adult-puzzle-1000-pieces-brueghel-der-altere-blumen-in-einem-korb-und-einer-vase\/p\/","og_site_name":"Roovi B2B","article_publisher":"https:\/\/www.facebook.com\/wwwjucariero","article_modified_time":"2022-07-06T14:04:12+00:00","og_image":[{"width":1200,"height":1200,"url":"https:\/\/business.roovi.com\/wp-content\/uploads\/2019\/04\/73778-04_ansamblu_dimensiuni_cutie_cm_1200x1200.png","type":"image\/png"}],"twitter_misc":{"Gesch\u00e4tzte Lesezeit":"2\u00a0Minuten"},"schema":{"@context":"https:\/\/schema.org","@graph":[{"@type":"WebPage","@id":"https:\/\/business.roovi.com\/de\/adult-puzzle-1000-pieces-brueghel-der-altere-blumen-in-einem-korb-und-einer-vase\/p\/","url":"https:\/\/business.roovi.com\/de\/adult-puzzle-1000-pieces-brueghel-der-altere-blumen-in-einem-korb-und-einer-vase\/p\/","name":"Adult Puzzle 1000 Pieces Brueghel der \u00c4ltere - Blumen in einem Korb und einer Vase","isPartOf":{"@id":"https:\/\/business.roovi.com\/de\/#website"},"datePublished":"2019-04-25T10:39:19+00:00","dateModified":"2022-07-06T14:04:12+00:00","description":"Adult Puzzle 1000 Pieces Brueghel der \u00c4ltere - Blumen in einem Korb und einer Vase","breadcrumb":{"@id":"https:\/\/business.roovi.com\/de\/adult-puzzle-1000-pieces-brueghel-der-altere-blumen-in-einem-korb-und-einer-vase\/p\/#breadcrumb"},"inLanguage":"de","potentialAction":[{"@type":"ReadAction","target":["https:\/\/business.roovi.com\/de\/adult-puzzle-1000-pieces-brueghel-der-altere-blumen-in-einem-korb-und-einer-vase\/p\/"]}]},{"@type":"BreadcrumbList","@id":"https:\/\/business.roovi.com\/de\/adult-puzzle-1000-pieces-brueghel-der-altere-blumen-in-einem-korb-und-einer-vase\/p\/#breadcrumb","itemListElement":[{"@type":"ListItem","position":1,"name":"Home","item":"https:\/\/business.roovi.com\/de\/"},{"@type":"ListItem","position":2,"name":"Shop","item":"https:\/\/business.roovi.com\/de\/shop\/"},{"@type":"ListItem","position":3,"name":"Adult Puzzle 1000 Pieces Brueghel der \u00c4ltere &#8211; Blumen in einem Korb und einer Vase"}]},{"@type":"WebSite","@id":"https:\/\/business.roovi.com\/de\/#website","url":"https:\/\/business.roovi.com\/de\/","name":"Roovi B2B","description":"Roovi Business Website","potentialAction":[{"@type":"SearchAction","target":{"@type":"EntryPoint","urlTemplate":"https:\/\/business.roovi.com\/de\/?s={search_term_string}"},"query-input":"required name=search_term_string"}],"inLanguage":"de"}]}},"_links":{"self":[{"href":"https:\/\/business.roovi.com\/de\/wp-json\/wp\/v2\/product\/39961","targetHints":{"allow":["GET"]}}],"collection":[{"href":"https:\/\/business.roovi.com\/de\/wp-json\/wp\/v2\/product"}],"about":[{"href":"https:\/\/business.roovi.com\/de\/wp-json\/wp\/v2\/types\/product"}],"version-history":[{"count":0,"href":"https:\/\/business.roovi.com\/de\/wp-json\/wp\/v2\/product\/39961\/revisions"}],"wp:featuredmedia":[{"embeddable":true,"href":"https:\/\/business.roovi.com\/de\/wp-json\/wp\/v2\/media\/63183"}],"wp:attachment":[{"href":"https:\/\/business.roovi.com\/de\/wp-json\/wp\/v2\/media?parent=39961"}],"wp:term":[{"taxonomy":"product_brand","embeddable":true,"href":"https:\/\/business.roovi.com\/de\/wp-json\/wp\/v2\/product_brand?post=39961"},{"taxonomy":"product_cat","embeddable":true,"href":"https:\/\/business.roovi.com\/de\/wp-json\/wp\/v2\/product_cat?post=39961"},{"taxonomy":"product_tag","embeddable":true,"href":"https:\/\/business.roovi.com\/de\/wp-json\/wp\/v2\/product_tag?post=39961"}],"curies":[{"name":"wp","href":"https:\/\/api.w.org\/{rel}","templated":true}]}}