{"id":39965,"date":"2019-04-25T09:07:45","date_gmt":"2019-04-25T09:07:45","guid":{"rendered":"https:\/\/business.roovi.com\/puzzle-adulti-brueghel-cel-batran-flowers-in-a-wooden-vessel-1000-piese\/p\/"},"modified":"2023-02-20T10:48:56","modified_gmt":"2023-02-20T10:48:56","slug":"adult-1000-piece-puzzle-brueghel-der-altere-blumen-in-einem-holzgefas","status":"publish","type":"product","link":"https:\/\/business.roovi.com\/de\/adult-1000-piece-puzzle-brueghel-der-altere-blumen-in-einem-holzgefas\/p\/","title":{"rendered":"Adult 1000 Piece Puzzle Bruegel der \u00c4ltere &#8211; Blumen in einem Holzgef\u00e4\u00df"},"content":{"rendered":"<p><span style=\"font-weight: 400;\">Die 1000-teiligen Puzzles f\u00fcr Erwachsene stellen unbezahlbare Kunstwerke dar. Durchst\u00f6bere unser Angebot an Kunstpuzzlespielen online und w\u00e4hle deine Lieblingspuzzles aus!<\/span><\/p>\n<p><span style=\"font-weight: 400;\">1000 Teile Puzzle <\/span><span style=\"font-weight: 400;\">Brueghel der \u00c4ltere &#8211; Blumen in einem h\u00f6lzernen Gef\u00e4\u00df ist eine Darstellung des gleichnamigen Gem\u00e4ldes <\/span><span style=\"font-weight: 400;\">das als eines der ber\u00fchmtesten Blumenstillleben der europ\u00e4ischen Kunst gilt. Setze dieses akribisch gemalte Kunstwerk mit perfekter Technik St\u00fcck f\u00fcr St\u00fcck aus einem 1000-teiligen Puzzle zusammen! Am Ende hast du ein wundersch\u00f6nes Gem\u00e4lde, das deine Augen erfreuen und dein Zuhause versch\u00f6nern wird, indem es ihm einen Hauch von perfekter Raffinesse verleiht.<\/span><\/p>\n<p><span style=\"font-weight: 400;\">Setze das 1000-teilige Blumenpuzzle in einer Holzvase zusammen, um ein 50 x 70 cm gro\u00dfes Bild zu erstellen. Du brauchst einen normalen Couchtisch, um dieses Kunstpuzzle in Ruhe zu bearbeiten.<\/span><\/p>\n<p><span style=\"font-weight: 400;\">Mehr Details und Eigenschaften des 1000 Teile Puzzles unten.<\/span><\/p>\n<p><strong>Puzzle-Material <\/strong><\/p>\n<p><strong>hochwertiger blauer Karton<\/strong><\/p>\n<p><strong>nachhaltige, recycelbare Materialien<\/strong><\/p>\n<p><strong>halbgl\u00e4nzende Oberfl\u00e4che, leuchtende Farben<\/strong><\/p>\n<p><strong>Anzahl der Puzzleteile: 1000<\/strong><\/p>\n<p><strong>Empfohlenes Alter: 14+<\/strong><\/p>\n<p><strong>Puzzle 1000 Teile<\/strong><\/p>\n<p><strong>Erschaffe Kunstwerke aus 1000-teiligen Puzzles und befreie deinen Geist vom Stress!<\/strong><\/p>\n<p><span style=\"font-weight: 400;\">Einer der wichtigsten Vorteile eines Puzzles mit 1000 Teilen ist, dass es dir hilft, Stress abzubauen. Aber das ist nicht der einzige Vorteil, es gibt noch andere:<\/span><\/p>\n<p><strong>Sie l\u00e4sst dich in eine innere Welt voller Charme und Ruhe eintreten <\/strong><span style=\"font-weight: 400;\">Lust, den Kopf frei zu bekommen und Sorgen beiseite zu schieben? Versuche, ein 1000-teiliges Puzzle aus der Puzzle-Kunst-Kollektion zusammenzusetzen und tauche ein in die bunte, raffinierte und friedliche Welt der Maler.<\/span><\/p>\n<p><strong>Ein 1000-Teile-Puzzle zu vervollst\u00e4ndigen ist eine echte Meditationssitzung.<\/strong><span style=\"font-weight: 400;\"> Du konzentrierst dich auf Formen, Farben, Bilder und pl\u00f6tzlich gibt es nichts anderes mehr. Nur du mit deinem Ziel, ein sch\u00f6nes Bild zu malen. Das Gleiche passiert, wenn du meditierst: Du leerst deinen Geist und aktivierst deine innere kreative Kraft. Es ist magisch, nicht wahr?<\/span><\/p>\n<p><strong>Das hilft, dich zu motivieren <\/strong><span style=\"font-weight: 400;\">Das 1000-teilige Puzzlebrett ist fertig. Wie befriedigend, nicht wahr? Das Bild im Puzzlespiel nach und nach zu vervollst\u00e4ndigen, fesselte dich viele Stunden lang an deinen Stuhl und du hattest eine starke innere Motivation daf\u00fcr. Diese \u00dcbung ist wohltuend und wird andere Aspekte deines Lebens aktivieren.<\/span><\/p>\n<p><strong>Erfahre mehr \u00fcber Brueghels Blumenstrau\u00df!<\/strong><\/p>\n<ul style=\"list-style-type: disc;\">\n<li><span style=\"font-weight: 400;\">Der Strau\u00df aus <\/span><em><span style=\"font-weight: 400;\">Blumen in einer Holzvase <\/span><\/em><span style=\"font-weight: 400;\">wurde zu einem Prototyp des Blumenstilllebens, das von mehreren Malern der Brueghel-Dynastie geschaffen wurde<\/span><\/li>\n<li><span style=\"font-weight: 400;\">Das Bouquet enth\u00e4lt seltene Blumen oder Fr\u00fcchte, die im Europa des 17. Jahrhunderts neu akklimatisiert wurden, wie die Tulpe oder die Johannisbeere.<\/span><\/li>\n<li><span style=\"font-weight: 400;\">Die Schwertlilie, das Symbol des K\u00f6nigtums und der Jungfrau Maria, erscheint in fast 20 verschiedenen Posen und verleiht dem Strau\u00df einen religi\u00f6sen Touch <\/span><\/li>\n<li><span style=\"font-weight: 400;\">Jan Brueghel hat nicht weniger als 16 Blumenbilder gemalt.<\/span><\/li>\n<li><span style=\"font-weight: 400;\">Eines seiner Gem\u00e4lde befindet sich im Nationalen Kunstmuseum von Rum\u00e4nien<\/span><\/li>\n<li><span style=\"font-weight: 400;\">Zu Beginn des 7. Jahrhunderts war es sehr in Mode, Gem\u00e4lde mit Blumen zu haben. Eifrige Sammler mit einem Gesp\u00fcr f\u00fcr die Auftragsvergabe an talentierte Maler, die kunstvolle Werke mit reichem Blumenschmuck schufen. Die weniger Wohlhabenden begn\u00fcgten sich mit kleinen Gem\u00e4lden mit wenigen Blumen von K\u00fcnstlern, die in der Geschichte anonym geblieben sind.<\/span><\/li>\n<\/ul>\n<p><strong>5 weitere Vorteile, wenn du das 1000-Teile-Puzzle fertigstellst<\/strong><\/p>\n<ul style=\"list-style-type: disc;\">\n<li><span style=\"font-weight: 400;\">Verbessert deine F\u00e4higkeit, tiefere Verbindungen herzustellen<\/span><\/li>\n<li><span style=\"font-weight: 400;\">Verbessert deine Stimmung<\/span><\/li>\n<li><span style=\"font-weight: 400;\">Hilft, dein Selbstvertrauen zu st\u00e4rken<\/span><\/li>\n<li><span style=\"font-weight: 400;\">Erleichtert den Stress<\/span><\/li>\n<li><span style=\"font-weight: 400;\">Es hilft sogar, den Blutdruck und die Herzfrequenz zu senken.<\/span><\/li>\n<\/ul>\n<p><span style=\"font-weight: 400;\">Nimm die Herausforderung an, dieses wunderbare Kunstpuzzle zu vervollst\u00e4ndigen! Finde die richtigen Teile aus dem 1000-Puzzle und setze nach und nach den pr\u00e4chtigen Strau\u00df aus <\/span><em><span style=\"font-weight: 400;\">Blumen in einer Holzvase <\/span><\/em><span style=\"font-weight: 400;\">von Jan Brueghel dem \u00c4lteren. Entdecke diese wunderbare Komposition in unserer umfangreichen Kunstpuzzle-Kollektion und genie\u00dfe deine Abende, indem du ein originelles Gem\u00e4lde aus einem au\u00dfergew\u00f6hnlichen 1000-Teile-Puzzle erstellst.<\/span><\/p>\n<p><span style=\"font-weight: 400;\">Puzzle 1000 Teile Brueghel der \u00c4ltere &#8211; <\/span><em><span style=\"font-weight: 400;\">Blumen in einer Holzvase <\/span><\/em><span style=\"font-weight: 400;\">ist ein tolles Geschenk f\u00fcr Kunstliebhaber und erwachsene R\u00e4tselfreunde.<\/span><\/p>\n","protected":false},"excerpt":{"rendered":"<p>Die 1000-teiligen Puzzles f\u00fcr Erwachsene stellen unbezahlbare Kunstwerke dar. Durchst\u00f6bere unser Angebot an Kunstpuzzlespielen online und w\u00e4hle deine Lieblingspuzzles aus!<\/p>\n","protected":false},"featured_media":63189,"template":"","meta":[],"product_brand":[],"product_cat":[1916,1875,1915],"product_tag":[],"class_list":{"0":"post-39965","1":"product","2":"type-product","3":"status-publish","4":"has-post-thumbnail","6":"product_cat-1000-teile-puzzle","7":"product_cat-puzzle-de","8":"product_cat-puzzlespiele-fur-erwachsene","9":"pa_bax-10-de","10":"pa_brand-d_toys-de","11":"pa_country_of_manufacture-ro-de","12":"pa_filter_age-14-de","13":"pa_painter-pieterbreugeltheelder-de","14":"pa_tip_ambalaj-kasten-a4-de","15":"pa_tip_puzzle-klassisch","17":"first","18":"instock","19":"taxable","20":"shipping-taxable","21":"product-type-simple"},"yoast_head":"<!-- This site is optimized with the Yoast SEO plugin v20.1 - https:\/\/yoast.com\/wordpress\/plugins\/seo\/ -->\n<title>Adult 1000 Piece Puzzle Brueghel der \u00c4ltere - Blumen in einem Holzgef\u00e4\u00df<\/title>\n<meta name=\"description\" content=\"Adult 1000 Piece Puzzle Brueghel der \u00c4ltere - Blumen in einem Holzgef\u00e4\u00df\" \/>\n<meta name=\"robots\" content=\"index, follow, max-snippet:-1, max-image-preview:large, max-video-preview:-1\" \/>\n<link rel=\"canonical\" href=\"https:\/\/business.roovi.com\/de\/adult-1000-piece-puzzle-brueghel-der-altere-blumen-in-einem-holzgefas\/p\/\" \/>\n<meta property=\"og:locale\" content=\"de_DE\" \/>\n<meta property=\"og:type\" content=\"article\" \/>\n<meta property=\"og:title\" content=\"Adult 1000 Piece Puzzle Brueghel der \u00c4ltere - Blumen in einem Holzgef\u00e4\u00df\" \/>\n<meta property=\"og:description\" content=\"Adult 1000 Piece Puzzle Brueghel der \u00c4ltere - Blumen in einem Holzgef\u00e4\u00df\" \/>\n<meta property=\"og:url\" content=\"https:\/\/business.roovi.com\/de\/adult-1000-piece-puzzle-brueghel-der-altere-blumen-in-einem-holzgefas\/p\/\" \/>\n<meta property=\"og:site_name\" content=\"Roovi B2B\" \/>\n<meta property=\"article:publisher\" content=\"https:\/\/www.facebook.com\/wwwjucariero\" \/>\n<meta property=\"article:modified_time\" content=\"2023-02-20T10:48:56+00:00\" \/>\n<meta property=\"og:image\" content=\"https:\/\/business.roovi.com\/wp-content\/uploads\/2019\/04\/73778-BR-05-WEB.jpg\" \/>\n\t<meta property=\"og:image:width\" content=\"1200\" \/>\n\t<meta property=\"og:image:height\" content=\"1200\" \/>\n\t<meta property=\"og:image:type\" content=\"image\/jpeg\" \/>\n<meta name=\"twitter:label1\" content=\"Gesch\u00e4tzte Lesezeit\" \/>\n\t<meta name=\"twitter:data1\" content=\"4\u00a0Minuten\" \/>\n<script type=\"application\/ld+json\" class=\"yoast-schema-graph\">{\"@context\":\"https:\/\/schema.org\",\"@graph\":[{\"@type\":\"WebPage\",\"@id\":\"https:\/\/business.roovi.com\/de\/adult-1000-piece-puzzle-brueghel-der-altere-blumen-in-einem-holzgefas\/p\/\",\"url\":\"https:\/\/business.roovi.com\/de\/adult-1000-piece-puzzle-brueghel-der-altere-blumen-in-einem-holzgefas\/p\/\",\"name\":\"Adult 1000 Piece Puzzle Brueghel der \u00c4ltere - Blumen in einem Holzgef\u00e4\u00df\",\"isPartOf\":{\"@id\":\"https:\/\/business.roovi.com\/de\/#website\"},\"datePublished\":\"2019-04-25T09:07:45+00:00\",\"dateModified\":\"2023-02-20T10:48:56+00:00\",\"description\":\"Adult 1000 Piece Puzzle Brueghel der \u00c4ltere - Blumen in einem Holzgef\u00e4\u00df\",\"breadcrumb\":{\"@id\":\"https:\/\/business.roovi.com\/de\/adult-1000-piece-puzzle-brueghel-der-altere-blumen-in-einem-holzgefas\/p\/#breadcrumb\"},\"inLanguage\":\"de\",\"potentialAction\":[{\"@type\":\"ReadAction\",\"target\":[\"https:\/\/business.roovi.com\/de\/adult-1000-piece-puzzle-brueghel-der-altere-blumen-in-einem-holzgefas\/p\/\"]}]},{\"@type\":\"BreadcrumbList\",\"@id\":\"https:\/\/business.roovi.com\/de\/adult-1000-piece-puzzle-brueghel-der-altere-blumen-in-einem-holzgefas\/p\/#breadcrumb\",\"itemListElement\":[{\"@type\":\"ListItem\",\"position\":1,\"name\":\"Home\",\"item\":\"https:\/\/business.roovi.com\/de\/\"},{\"@type\":\"ListItem\",\"position\":2,\"name\":\"Shop\",\"item\":\"https:\/\/business.roovi.com\/de\/shop\/\"},{\"@type\":\"ListItem\",\"position\":3,\"name\":\"Adult 1000 Piece Puzzle Bruegel der \u00c4ltere &#8211; Blumen in einem Holzgef\u00e4\u00df\"}]},{\"@type\":\"WebSite\",\"@id\":\"https:\/\/business.roovi.com\/de\/#website\",\"url\":\"https:\/\/business.roovi.com\/de\/\",\"name\":\"Roovi B2B\",\"description\":\"Roovi Business Website\",\"potentialAction\":[{\"@type\":\"SearchAction\",\"target\":{\"@type\":\"EntryPoint\",\"urlTemplate\":\"https:\/\/business.roovi.com\/de\/?s={search_term_string}\"},\"query-input\":\"required name=search_term_string\"}],\"inLanguage\":\"de\"}]}<\/script>\n<!-- \/ Yoast SEO plugin. -->","yoast_head_json":{"title":"Adult 1000 Piece Puzzle Brueghel der \u00c4ltere - Blumen in einem Holzgef\u00e4\u00df","description":"Adult 1000 Piece Puzzle Brueghel der \u00c4ltere - Blumen in einem Holzgef\u00e4\u00df","robots":{"index":"index","follow":"follow","max-snippet":"max-snippet:-1","max-image-preview":"max-image-preview:large","max-video-preview":"max-video-preview:-1"},"canonical":"https:\/\/business.roovi.com\/de\/adult-1000-piece-puzzle-brueghel-der-altere-blumen-in-einem-holzgefas\/p\/","og_locale":"de_DE","og_type":"article","og_title":"Adult 1000 Piece Puzzle Brueghel der \u00c4ltere - Blumen in einem Holzgef\u00e4\u00df","og_description":"Adult 1000 Piece Puzzle Brueghel der \u00c4ltere - Blumen in einem Holzgef\u00e4\u00df","og_url":"https:\/\/business.roovi.com\/de\/adult-1000-piece-puzzle-brueghel-der-altere-blumen-in-einem-holzgefas\/p\/","og_site_name":"Roovi B2B","article_publisher":"https:\/\/www.facebook.com\/wwwjucariero","article_modified_time":"2023-02-20T10:48:56+00:00","og_image":[{"width":1200,"height":1200,"url":"https:\/\/business.roovi.com\/wp-content\/uploads\/2019\/04\/73778-BR-05-WEB.jpg","type":"image\/jpeg"}],"twitter_misc":{"Gesch\u00e4tzte Lesezeit":"4\u00a0Minuten"},"schema":{"@context":"https:\/\/schema.org","@graph":[{"@type":"WebPage","@id":"https:\/\/business.roovi.com\/de\/adult-1000-piece-puzzle-brueghel-der-altere-blumen-in-einem-holzgefas\/p\/","url":"https:\/\/business.roovi.com\/de\/adult-1000-piece-puzzle-brueghel-der-altere-blumen-in-einem-holzgefas\/p\/","name":"Adult 1000 Piece Puzzle Brueghel der \u00c4ltere - Blumen in einem Holzgef\u00e4\u00df","isPartOf":{"@id":"https:\/\/business.roovi.com\/de\/#website"},"datePublished":"2019-04-25T09:07:45+00:00","dateModified":"2023-02-20T10:48:56+00:00","description":"Adult 1000 Piece Puzzle Brueghel der \u00c4ltere - Blumen in einem Holzgef\u00e4\u00df","breadcrumb":{"@id":"https:\/\/business.roovi.com\/de\/adult-1000-piece-puzzle-brueghel-der-altere-blumen-in-einem-holzgefas\/p\/#breadcrumb"},"inLanguage":"de","potentialAction":[{"@type":"ReadAction","target":["https:\/\/business.roovi.com\/de\/adult-1000-piece-puzzle-brueghel-der-altere-blumen-in-einem-holzgefas\/p\/"]}]},{"@type":"BreadcrumbList","@id":"https:\/\/business.roovi.com\/de\/adult-1000-piece-puzzle-brueghel-der-altere-blumen-in-einem-holzgefas\/p\/#breadcrumb","itemListElement":[{"@type":"ListItem","position":1,"name":"Home","item":"https:\/\/business.roovi.com\/de\/"},{"@type":"ListItem","position":2,"name":"Shop","item":"https:\/\/business.roovi.com\/de\/shop\/"},{"@type":"ListItem","position":3,"name":"Adult 1000 Piece Puzzle Bruegel der \u00c4ltere &#8211; Blumen in einem Holzgef\u00e4\u00df"}]},{"@type":"WebSite","@id":"https:\/\/business.roovi.com\/de\/#website","url":"https:\/\/business.roovi.com\/de\/","name":"Roovi B2B","description":"Roovi Business Website","potentialAction":[{"@type":"SearchAction","target":{"@type":"EntryPoint","urlTemplate":"https:\/\/business.roovi.com\/de\/?s={search_term_string}"},"query-input":"required name=search_term_string"}],"inLanguage":"de"}]}},"_links":{"self":[{"href":"https:\/\/business.roovi.com\/de\/wp-json\/wp\/v2\/product\/39965","targetHints":{"allow":["GET"]}}],"collection":[{"href":"https:\/\/business.roovi.com\/de\/wp-json\/wp\/v2\/product"}],"about":[{"href":"https:\/\/business.roovi.com\/de\/wp-json\/wp\/v2\/types\/product"}],"version-history":[{"count":0,"href":"https:\/\/business.roovi.com\/de\/wp-json\/wp\/v2\/product\/39965\/revisions"}],"wp:featuredmedia":[{"embeddable":true,"href":"https:\/\/business.roovi.com\/de\/wp-json\/wp\/v2\/media\/63189"}],"wp:attachment":[{"href":"https:\/\/business.roovi.com\/de\/wp-json\/wp\/v2\/media?parent=39965"}],"wp:term":[{"taxonomy":"product_brand","embeddable":true,"href":"https:\/\/business.roovi.com\/de\/wp-json\/wp\/v2\/product_brand?post=39965"},{"taxonomy":"product_cat","embeddable":true,"href":"https:\/\/business.roovi.com\/de\/wp-json\/wp\/v2\/product_cat?post=39965"},{"taxonomy":"product_tag","embeddable":true,"href":"https:\/\/business.roovi.com\/de\/wp-json\/wp\/v2\/product_tag?post=39965"}],"curies":[{"name":"wp","href":"https:\/\/api.w.org\/{rel}","templated":true}]}}