{"id":39977,"date":"2019-04-12T12:04:04","date_gmt":"2019-04-12T12:04:04","guid":{"rendered":"https:\/\/business.roovi.com\/puzzle-adulti-1000-piese-nature-aquatic\/p\/"},"modified":"2022-10-19T13:16:40","modified_gmt":"2022-10-19T13:16:40","slug":"1000-teile-naturpuzzle-fur-erwachsene-aquatic","status":"publish","type":"product","link":"https:\/\/business.roovi.com\/de\/1000-teile-naturpuzzle-fur-erwachsene-aquatic\/p\/","title":{"rendered":"1000 Teile Naturpuzzle f\u00fcr Erwachsene &#8211; Aquatic"},"content":{"rendered":"<p><strong><em>Erlebe viele Stunden Spa\u00df und Entspannung mit dem Nature &#8211; Aquatic 1000 Teile Puzzle. Eine andere Wasserwelt in einer originellen Illustration \u00fcberrascht dich in einem Puzzlespiel mit einem besonderen Design.<\/em><\/strong><\/p>\n<p><span style=\"font-weight: 400;\">Wenn du auf der Suche nach einem originellen 1000-teiligen Puzzle mit einem Bild bist, das du noch nie zuvor zusammengesetzt hast, bist du hier genau richtig. Das Aquatic-Puzzle f\u00fcr Erwachsene aus der 1000-teiligen Natur-Puzzle-Kollektion zeigt eine einzigartige Illustration einer Unterwasserwelt, die der K\u00fcnstler <\/span><span style=\"font-weight: 400;\">D\u00e1vid-K\u00e1tai Eszter.<\/span><\/p>\n<p><span style=\"font-weight: 400;\">Viele fachm\u00e4nnisch ausgearbeitete Details: Pflanzen, Fische und andere Meeresbewohner in angenehmen, lebendigen Farben fesseln deine Aufmerksamkeit f\u00fcr lange Zeit und fordern dich heraus, deine R\u00e4tselk\u00fcnste unter Beweis zu stellen. Wenn du ein paar wunderbare Stunden mit deinen Kindern verbringen m\u00f6chtest, dann solltest du dieses Puzzlespiel in Erw\u00e4gung ziehen, das sie sicher \u00fcber alle Ma\u00dfen begeistern wird.<\/span><\/p>\n<p><span style=\"font-weight: 400;\">Du kannst einen normalen Couchtisch verwenden, um die St\u00fccke zu st\u00fctzen. Am Ende hast du ein Brett mit den Ma\u00dfen <strong>47 x 68 cm.<\/strong> Lege es in den Rahmen und verwende es als Deko-Objekt <\/span><\/p>\n<p><strong>Mit 1000 Teilen Natur &#8211; Wasserpuzzle:<\/strong><\/p>\n<p><strong>Puzzle-Material <\/strong><\/p>\n<p><strong>hochwertiger blauer Karton<\/strong><\/p>\n<p><strong>nachhaltige, recycelbare Materialien<\/strong><\/p>\n<p><strong>halbgl\u00e4nzende Oberfl\u00e4che, leuchtende Farben<\/strong><\/p>\n<p><strong>Anzahl der Puzzleteile: 1000<\/strong><\/p>\n<p><strong>Empfohlenes Alter: 14+<\/strong><\/p>\n<p><strong>Wusstest du, dass..<\/strong><\/p>\n<p><span style=\"font-weight: 400;\">Puzzlespiele sind ein wertvolles Gehirnjogging. Sie besch\u00e4ftigen sowohl die rechte als auch die linke Gehirnh\u00e4lfte. So denkst du analytisch und entwickelst gleichzeitig deine Kreativit\u00e4t. Und weil es dein Gehirn in jedem Alter aktiv h\u00e4lt, sch\u00fctzt es dich vor neurodegenerativen Krankheiten wie Alzheimer und Demenz.<\/span><\/p>\n<p><span style=\"font-weight: 400;\">W\u00e4hrend des Puzzlespiels wird im Gehirn mehr Dopamin ausgesch\u00fcttet. Dieser Neurotransmitter ist verantwortlich f\u00fcr Wohlbefinden, Optimismus und Gl\u00fcck.<\/span><\/p>\n<p><span style=\"font-weight: 400;\">Puzzlespiele bieten auch viele andere Vorteile, die sich auf vielen Ebenen widerspiegeln:<\/span><\/p>\n<ul>\n<li><span style=\"font-weight: 400;\">Es schult deine Aufmerksamkeit und Geduld.<\/span><\/li>\n<li><span style=\"font-weight: 400;\">Sie verbessern die visuell-r\u00e4umlichen F\u00e4higkeiten und die Koordination.<\/span><\/li>\n<li><span style=\"font-weight: 400;\">Sie entwickeln deine Probleml\u00f6sungsf\u00e4higkeiten.<\/span><\/li>\n<li><span style=\"font-weight: 400;\">Sie helfen dir, dich besser zu konzentrieren und deine Produktivit\u00e4t zu steigern.<\/span><\/li>\n<li><span style=\"font-weight: 400;\">Ermutigt zu Kooperation und Teamarbeit.<\/span><\/li>\n<\/ul>\n<p><strong>Natur &#8211; Aquatic 1000 Teile Puzzle unterbricht die Monotonie von Schlechtwettertagen<\/strong><\/p>\n<p><span style=\"font-weight: 400;\">Die Sonne versteckt sich hinter den Wolken und du hast keine Lust, aus dem Haus zu gehen? Setze das 1000-teilige Puzzle Nature &#8211; Aquatic zusammen und verleihe deiner Freizeit einen neuen Wert. Ruf deine Freunde an und macht gemeinsam ein wunderbares Bild und viele unvergessliche Erinnerungen.<\/span><\/p>\n<p><span style=\"font-weight: 400;\">W\u00e4hle also das 1000-teilige Puzzle f\u00fcr Erwachsene <\/span><span style=\"font-weight: 400;\">Natur &#8211; Im Wasser, um die Monotonie der kalten Tage zu durchbrechen oder um Zeit mit deinen Lieben zu verbringen. Auch wenn du nach einem Geschenk suchst, mit dem du einen Freund oder eine Freundin \u00fcberraschen kannst, ist dieses sch\u00f6n gestaltete Puzzlespiel die perfekte Wahl.<\/span><\/p>\n","protected":false},"excerpt":{"rendered":"<p>Erlebe viele Stunden Spa\u00df und Entspannung mit dem Nature &#8211; Aquatic 1000 Teile Puzzle. Eine andere Wasserwelt in einer originellen<\/p>\n","protected":false},"featured_media":58743,"template":"","meta":[],"product_brand":[],"product_cat":[1916,1875,1915],"product_tag":[],"class_list":{"0":"post-39977","1":"product","2":"type-product","3":"status-publish","4":"has-post-thumbnail","6":"product_cat-1000-teile-puzzle","7":"product_cat-puzzle-de","8":"product_cat-puzzlespiele-fur-erwachsene","9":"pa_brand-deico-de","10":"pa_country_of_manufacture-ro-de","11":"pa_filter_age-14-de","12":"pa_tip_ambalaj-kasten-a4-de","13":"pa_tip_puzzle-klassisch","15":"first","16":"instock","17":"taxable","18":"shipping-taxable","19":"product-type-simple"},"yoast_head":"<!-- This site is optimized with the Yoast SEO plugin v20.1 - https:\/\/yoast.com\/wordpress\/plugins\/seo\/ -->\n<title>1000 Teile Naturpuzzle f\u00fcr Erwachsene - Aquatic<\/title>\n<meta name=\"description\" content=\"1000 Teile Naturpuzzle f\u00fcr Erwachsene - Aquatic\" \/>\n<meta name=\"robots\" content=\"index, follow, max-snippet:-1, max-image-preview:large, max-video-preview:-1\" \/>\n<link rel=\"canonical\" href=\"https:\/\/business.roovi.com\/de\/1000-teile-naturpuzzle-fur-erwachsene-aquatic\/p\/\" \/>\n<meta property=\"og:locale\" content=\"de_DE\" \/>\n<meta property=\"og:type\" content=\"article\" \/>\n<meta property=\"og:title\" content=\"1000 Teile Naturpuzzle f\u00fcr Erwachsene - Aquatic\" \/>\n<meta property=\"og:description\" content=\"1000 Teile Naturpuzzle f\u00fcr Erwachsene - Aquatic\" \/>\n<meta property=\"og:url\" content=\"https:\/\/business.roovi.com\/de\/1000-teile-naturpuzzle-fur-erwachsene-aquatic\/p\/\" \/>\n<meta property=\"og:site_name\" content=\"Roovi B2B\" \/>\n<meta property=\"article:publisher\" content=\"https:\/\/www.facebook.com\/wwwjucariero\" \/>\n<meta property=\"article:modified_time\" content=\"2022-10-19T13:16:40+00:00\" \/>\n<meta property=\"og:image\" content=\"https:\/\/business.roovi.com\/wp-content\/uploads\/2019\/04\/75451-Ansamblu_dimensiuni-cutie-cm_vertical-1.png\" \/>\n\t<meta property=\"og:image:width\" content=\"1200\" \/>\n\t<meta property=\"og:image:height\" content=\"1200\" \/>\n\t<meta property=\"og:image:type\" content=\"image\/png\" \/>\n<meta name=\"twitter:label1\" content=\"Gesch\u00e4tzte Lesezeit\" \/>\n\t<meta name=\"twitter:data1\" content=\"3\u00a0Minuten\" \/>\n<script type=\"application\/ld+json\" class=\"yoast-schema-graph\">{\"@context\":\"https:\/\/schema.org\",\"@graph\":[{\"@type\":\"WebPage\",\"@id\":\"https:\/\/business.roovi.com\/de\/1000-teile-naturpuzzle-fur-erwachsene-aquatic\/p\/\",\"url\":\"https:\/\/business.roovi.com\/de\/1000-teile-naturpuzzle-fur-erwachsene-aquatic\/p\/\",\"name\":\"1000 Teile Naturpuzzle f\u00fcr Erwachsene - Aquatic\",\"isPartOf\":{\"@id\":\"https:\/\/business.roovi.com\/de\/#website\"},\"datePublished\":\"2019-04-12T12:04:04+00:00\",\"dateModified\":\"2022-10-19T13:16:40+00:00\",\"description\":\"1000 Teile Naturpuzzle f\u00fcr Erwachsene - Aquatic\",\"breadcrumb\":{\"@id\":\"https:\/\/business.roovi.com\/de\/1000-teile-naturpuzzle-fur-erwachsene-aquatic\/p\/#breadcrumb\"},\"inLanguage\":\"de\",\"potentialAction\":[{\"@type\":\"ReadAction\",\"target\":[\"https:\/\/business.roovi.com\/de\/1000-teile-naturpuzzle-fur-erwachsene-aquatic\/p\/\"]}]},{\"@type\":\"BreadcrumbList\",\"@id\":\"https:\/\/business.roovi.com\/de\/1000-teile-naturpuzzle-fur-erwachsene-aquatic\/p\/#breadcrumb\",\"itemListElement\":[{\"@type\":\"ListItem\",\"position\":1,\"name\":\"Home\",\"item\":\"https:\/\/business.roovi.com\/de\/\"},{\"@type\":\"ListItem\",\"position\":2,\"name\":\"Shop\",\"item\":\"https:\/\/business.roovi.com\/de\/shop\/\"},{\"@type\":\"ListItem\",\"position\":3,\"name\":\"1000 Teile Naturpuzzle f\u00fcr Erwachsene &#8211; Aquatic\"}]},{\"@type\":\"WebSite\",\"@id\":\"https:\/\/business.roovi.com\/de\/#website\",\"url\":\"https:\/\/business.roovi.com\/de\/\",\"name\":\"Roovi B2B\",\"description\":\"Roovi Business Website\",\"potentialAction\":[{\"@type\":\"SearchAction\",\"target\":{\"@type\":\"EntryPoint\",\"urlTemplate\":\"https:\/\/business.roovi.com\/de\/?s={search_term_string}\"},\"query-input\":\"required name=search_term_string\"}],\"inLanguage\":\"de\"}]}<\/script>\n<!-- \/ Yoast SEO plugin. -->","yoast_head_json":{"title":"1000 Teile Naturpuzzle f\u00fcr Erwachsene - Aquatic","description":"1000 Teile Naturpuzzle f\u00fcr Erwachsene - Aquatic","robots":{"index":"index","follow":"follow","max-snippet":"max-snippet:-1","max-image-preview":"max-image-preview:large","max-video-preview":"max-video-preview:-1"},"canonical":"https:\/\/business.roovi.com\/de\/1000-teile-naturpuzzle-fur-erwachsene-aquatic\/p\/","og_locale":"de_DE","og_type":"article","og_title":"1000 Teile Naturpuzzle f\u00fcr Erwachsene - Aquatic","og_description":"1000 Teile Naturpuzzle f\u00fcr Erwachsene - Aquatic","og_url":"https:\/\/business.roovi.com\/de\/1000-teile-naturpuzzle-fur-erwachsene-aquatic\/p\/","og_site_name":"Roovi B2B","article_publisher":"https:\/\/www.facebook.com\/wwwjucariero","article_modified_time":"2022-10-19T13:16:40+00:00","og_image":[{"width":1200,"height":1200,"url":"https:\/\/business.roovi.com\/wp-content\/uploads\/2019\/04\/75451-Ansamblu_dimensiuni-cutie-cm_vertical-1.png","type":"image\/png"}],"twitter_misc":{"Gesch\u00e4tzte Lesezeit":"3\u00a0Minuten"},"schema":{"@context":"https:\/\/schema.org","@graph":[{"@type":"WebPage","@id":"https:\/\/business.roovi.com\/de\/1000-teile-naturpuzzle-fur-erwachsene-aquatic\/p\/","url":"https:\/\/business.roovi.com\/de\/1000-teile-naturpuzzle-fur-erwachsene-aquatic\/p\/","name":"1000 Teile Naturpuzzle f\u00fcr Erwachsene - Aquatic","isPartOf":{"@id":"https:\/\/business.roovi.com\/de\/#website"},"datePublished":"2019-04-12T12:04:04+00:00","dateModified":"2022-10-19T13:16:40+00:00","description":"1000 Teile Naturpuzzle f\u00fcr Erwachsene - Aquatic","breadcrumb":{"@id":"https:\/\/business.roovi.com\/de\/1000-teile-naturpuzzle-fur-erwachsene-aquatic\/p\/#breadcrumb"},"inLanguage":"de","potentialAction":[{"@type":"ReadAction","target":["https:\/\/business.roovi.com\/de\/1000-teile-naturpuzzle-fur-erwachsene-aquatic\/p\/"]}]},{"@type":"BreadcrumbList","@id":"https:\/\/business.roovi.com\/de\/1000-teile-naturpuzzle-fur-erwachsene-aquatic\/p\/#breadcrumb","itemListElement":[{"@type":"ListItem","position":1,"name":"Home","item":"https:\/\/business.roovi.com\/de\/"},{"@type":"ListItem","position":2,"name":"Shop","item":"https:\/\/business.roovi.com\/de\/shop\/"},{"@type":"ListItem","position":3,"name":"1000 Teile Naturpuzzle f\u00fcr Erwachsene &#8211; Aquatic"}]},{"@type":"WebSite","@id":"https:\/\/business.roovi.com\/de\/#website","url":"https:\/\/business.roovi.com\/de\/","name":"Roovi B2B","description":"Roovi Business Website","potentialAction":[{"@type":"SearchAction","target":{"@type":"EntryPoint","urlTemplate":"https:\/\/business.roovi.com\/de\/?s={search_term_string}"},"query-input":"required name=search_term_string"}],"inLanguage":"de"}]}},"_links":{"self":[{"href":"https:\/\/business.roovi.com\/de\/wp-json\/wp\/v2\/product\/39977","targetHints":{"allow":["GET"]}}],"collection":[{"href":"https:\/\/business.roovi.com\/de\/wp-json\/wp\/v2\/product"}],"about":[{"href":"https:\/\/business.roovi.com\/de\/wp-json\/wp\/v2\/types\/product"}],"version-history":[{"count":0,"href":"https:\/\/business.roovi.com\/de\/wp-json\/wp\/v2\/product\/39977\/revisions"}],"wp:featuredmedia":[{"embeddable":true,"href":"https:\/\/business.roovi.com\/de\/wp-json\/wp\/v2\/media\/58743"}],"wp:attachment":[{"href":"https:\/\/business.roovi.com\/de\/wp-json\/wp\/v2\/media?parent=39977"}],"wp:term":[{"taxonomy":"product_brand","embeddable":true,"href":"https:\/\/business.roovi.com\/de\/wp-json\/wp\/v2\/product_brand?post=39977"},{"taxonomy":"product_cat","embeddable":true,"href":"https:\/\/business.roovi.com\/de\/wp-json\/wp\/v2\/product_cat?post=39977"},{"taxonomy":"product_tag","embeddable":true,"href":"https:\/\/business.roovi.com\/de\/wp-json\/wp\/v2\/product_tag?post=39977"}],"curies":[{"name":"wp","href":"https:\/\/api.w.org\/{rel}","templated":true}]}}