{"id":39981,"date":"2019-04-12T11:10:48","date_gmt":"2019-04-12T11:10:48","guid":{"rendered":"https:\/\/business.roovi.com\/puzzle-adulti-1000-piese-pattern-owls-bufnite-2\/p\/"},"modified":"2022-07-06T14:04:46","modified_gmt":"2022-07-06T14:04:46","slug":"1000-teile-puzzle-fur-erwachsene-muster-eulen-owls","status":"publish","type":"product","link":"https:\/\/business.roovi.com\/de\/1000-teile-puzzle-fur-erwachsene-muster-eulen-owls\/p\/","title":{"rendered":"1000-Teile-Puzzle f\u00fcr Erwachsene &#8211; Muster Eulen \/ Owls"},"content":{"rendered":"<p><span style=\"font-weight: 400\">Du liebst Puzzlespiele und willst etwas wirklich Herausforderndes? Entdecke die Musterr\u00e4tsel-Kollektion und w\u00e4hle Muster mit komplexen Bildern aus, die dein Geschick und deine Liebe zum Detail auf die Probe stellen werden.<\/span><\/p>\n<p><span style=\"font-weight: 400\">Das Musterpuzzle Eulen ist ein 1000-teiliges Puzzle, das die r\u00e4tselhafte Kreatur der Eule feiert. Das Bild mit einzigartigen Illustrationen, die Dutzende von Eulen in verschiedenen Posen und viele sch\u00f6ne bunte Details zeigen, ist eine Sch\u00f6pfung des K\u00fcnstlers D\u00e1vid-K\u00e1tai Eszter.<\/span><\/p>\n<p><span style=\"font-weight: 400\">Wenn du mit der Symbolik dieses geheimnisvollen Nachtvogels vertraut bist, wirst du dieses spektakul\u00e4r gestaltete Gem\u00e4lde noch mehr zu sch\u00e4tzen wissen, das die Anonymit\u00e4t eines Ortes ohne Pers\u00f6nlichkeit in deinem Zuhause hervorhebt.<\/span><\/p>\n<p><span style=\"font-weight: 400\">Um das 1000-Teile-Puzzle nachzubauen und die Farbenpracht dieses Gem\u00e4ldes zu genie\u00dfen, kannst du einen gew\u00f6hnlichen Couchtisch als Teilehalter verwenden. Das entstandene Bild ist 50 x 70 cm gro\u00df und sieht im Rahmen wundersch\u00f6n aus.<\/span><\/p>\n<p><span style=\"font-weight: 400\">Mehr Details \u00fcber das 1000 Teile Puzzle mit Eulenmuster findest du unten:<\/span><\/p>\n<p><strong>Puzzle-Material <\/strong><\/p>\n<p><strong>hochwertiger blauer Karton<\/strong><\/p>\n<p><strong>nachhaltige, recycelbare Materialien<\/strong><\/p>\n<p><strong>halbgl\u00e4nzende Oberfl\u00e4che, leuchtende Farben<\/strong><\/p>\n<p><strong>Anzahl der Puzzleteile: 1000<\/strong><\/p>\n<p><strong>Empfohlenes Alter: 14+<\/strong><\/p>\n<p><span style=\"font-weight: 400\">Puzzlespiele sind eine tolle M\u00f6glichkeit, verschiedene F\u00e4higkeiten zu entwickeln:<\/span><\/p>\n<ul>\n<li><span style=\"font-weight: 400\">Kurzzeitged\u00e4chtnis<\/span><\/li>\n<li><span style=\"font-weight: 400\">Geduld<\/span><\/li>\n<li><span style=\"font-weight: 400\">Liebe zum Detail<\/span><\/li>\n<li><span style=\"font-weight: 400\">Beharrlichkeit<\/span><\/li>\n<li><span style=\"font-weight: 400\">Feinmotorische F\u00e4higkeiten<\/span><\/li>\n<li><span style=\"font-weight: 400\">Logisches Denken<\/span><\/li>\n<\/ul>\n<p><strong>Warum w\u00e4hlst du das Puzzle 1000 Teile Modelle mit bunten Eulen?<\/strong><\/p>\n<p><span style=\"font-weight: 400\">Es ist eine Herausforderung f\u00fcr deinen Geist und eine tolle M\u00f6glichkeit, sich zu entspannen.<\/span><\/p>\n<p><span style=\"font-weight: 400\">Du hast die M\u00f6glichkeit, ein tolles Bild zu gestalten, das du als besonderes Dekorationsobjekt verwenden kannst.<\/span><\/p>\n<p><span style=\"font-weight: 400\">Du kannst das Bild aus dem 1000-Eulen-Puzzle mit deinen Kindern nachbauen und hast die M\u00f6glichkeit, Zeit mit ihnen zu verbringen.<\/span><\/p>\n<p><span style=\"font-weight: 400\">Es ist eine Gelegenheit, deine Geschicklichkeit zu entwickeln und deine Koordination zu pflegen.<\/span><\/p>\n<p><span style=\"font-weight: 400\">Es ist eine der besten \u00dcbungen, um die geistige Gesundheit zu erhalten und dich vor neurodegenerativen Krankheiten zu sch\u00fctzen.<\/span><\/p>\n<p><strong>Das Symbol der Eule in verschiedenen Kulturen<\/strong><\/p>\n<p><span style=\"font-weight: 400\">In der griechischen Kultur repr\u00e4sentierte die Eule die Weisheit der Seele.<\/span><\/p>\n<p><span style=\"font-weight: 400\">In der chinesischen Kultur verk\u00f6rperte die Eule das maskuline Prinzip <\/span><em><span style=\"font-weight: 400\">yang<\/span><\/em><span style=\"font-weight: 400\">.<\/span><\/p>\n<p><span style=\"font-weight: 400\">Die Indianer hielten ihn f\u00fcr den H\u00fcter des Schicksals.<\/span><\/p>\n<p><span style=\"font-weight: 400\">Bei den \u00c4gyptern war ein eulenartiger Gott der W\u00e4chter der Seelen der Verstorbenen und half ihnen, in eine andere Existenzebene zu gelangen.<\/span><\/p>\n<p><span style=\"font-weight: 400\">Im Feng Shui wird die Eule mit Wohlbefinden und Komfort in Verbindung gebracht.<\/span><\/p>\n<p><strong>1000 Teile Eulenmuster-Puzzle f\u00fcr ein meditatives Erlebnis<\/strong><\/p>\n<p><span style=\"font-weight: 400\">Die Auswirkungen, die eine Puzzlesitzung auf den menschlichen Geist hat, \u00e4hneln denen einer tiefen Meditation. Durch den intensiven Konzentrationszustand wird w\u00e4hrend des Puzzlespiels ein Gleichgewicht zwischen dem rationalen und dem emotionalen K\u00f6rper geschaffen, so dass du intensiv im gegenw\u00e4rtigen Moment leben und eine erstaunlich entspannende Erfahrung machen kannst.<\/span><\/p>\n<p><span style=\"font-weight: 400\">Dadurch profitierst du von zahlreichen Vorteilen, wie zum Beispiel:<\/span><\/p>\n<ul>\n<li><span style=\"font-weight: 400\">Stressabbau.<\/span><\/li>\n<li><span style=\"font-weight: 400\">Du kannst \u00c4ngste leicht bew\u00e4ltigen.<\/span><\/li>\n<li><span style=\"font-weight: 400\">Verbesserter Schlaf durch Bek\u00e4mpfung von Schlaflosigkeit.<\/span><\/li>\n<li><span style=\"font-weight: 400\">Verbesserte allgemeine Stimmung.<\/span><\/li>\n<li><span style=\"font-weight: 400\">Erlebe ein angenehmes Gef\u00fchl von Seelenfrieden und Optimismus <\/span><\/li>\n<\/ul>\n<p><span style=\"font-weight: 400\">Wenn du deine Leidenschaft f\u00fcr Puzzlespiele ausleben und all diese guten Gef\u00fchle erleben willst, w\u00e4hle das 1000 Teile Puzzle Pattern Owls. Wenn du dieses Bild in leuchtenden Farben nachgearbeitet hast, wirst du auch andere Muster aus der 1000-Teile-Puzzle-Kollektion von Pattern ausprobieren wollen. Entdecke gro\u00dfartige Bilder und erstelle deine eigene einzigartige Sammlung von Puzzlebildern.<\/span><\/p>\n","protected":false},"excerpt":{"rendered":"<p>Du liebst Puzzlespiele und willst etwas wirklich Herausforderndes? Entdecke die Musterr\u00e4tsel-Kollektion und w\u00e4hle Muster mit komplexen Bildern aus, die dein<\/p>\n","protected":false},"featured_media":59497,"template":"","meta":[],"product_brand":[],"product_cat":[1916,1875,1915],"product_tag":[],"class_list":{"0":"post-39981","1":"product","2":"type-product","3":"status-publish","4":"has-post-thumbnail","6":"product_cat-1000-teile-puzzle","7":"product_cat-puzzle-de","8":"product_cat-puzzlespiele-fur-erwachsene","9":"pa_brand-deico-de","10":"pa_country_of_manufacture-ro-de","11":"pa_filter_age-14-de","12":"pa_tip_ambalaj-kasten-a4-de","13":"pa_tip_puzzle-klassisch","15":"first","16":"instock","17":"taxable","18":"shipping-taxable","19":"product-type-simple"},"yoast_head":"<!-- This site is optimized with the Yoast SEO plugin v20.1 - https:\/\/yoast.com\/wordpress\/plugins\/seo\/ -->\n<title>1000-Teile-Puzzle f\u00fcr Erwachsene - Muster Eulen \/ Owls<\/title>\n<meta name=\"description\" content=\"1000-Teile-Puzzle f\u00fcr Erwachsene - Muster Eulen \/ Owls\" \/>\n<meta name=\"robots\" content=\"index, follow, max-snippet:-1, max-image-preview:large, max-video-preview:-1\" \/>\n<link rel=\"canonical\" href=\"https:\/\/business.roovi.com\/de\/1000-teile-puzzle-fur-erwachsene-muster-eulen-owls\/p\/\" \/>\n<meta property=\"og:locale\" content=\"de_DE\" \/>\n<meta property=\"og:type\" content=\"article\" \/>\n<meta property=\"og:title\" content=\"1000-Teile-Puzzle f\u00fcr Erwachsene - Muster Eulen \/ Owls\" \/>\n<meta property=\"og:description\" content=\"1000-Teile-Puzzle f\u00fcr Erwachsene - Muster Eulen \/ Owls\" \/>\n<meta property=\"og:url\" content=\"https:\/\/business.roovi.com\/de\/1000-teile-puzzle-fur-erwachsene-muster-eulen-owls\/p\/\" \/>\n<meta property=\"og:site_name\" content=\"Roovi B2B\" \/>\n<meta property=\"article:publisher\" content=\"https:\/\/www.facebook.com\/wwwjucariero\" \/>\n<meta property=\"article:modified_time\" content=\"2022-07-06T14:04:46+00:00\" \/>\n<meta property=\"og:image\" content=\"https:\/\/business.roovi.com\/wp-content\/uploads\/2019\/04\/puzzle_1000_pattern-75437_02.jpg\" \/>\n\t<meta property=\"og:image:width\" content=\"1000\" \/>\n\t<meta property=\"og:image:height\" content=\"1000\" \/>\n\t<meta property=\"og:image:type\" content=\"image\/jpeg\" \/>\n<meta name=\"twitter:label1\" content=\"Gesch\u00e4tzte Lesezeit\" \/>\n\t<meta name=\"twitter:data1\" content=\"3\u00a0Minuten\" \/>\n<script type=\"application\/ld+json\" class=\"yoast-schema-graph\">{\"@context\":\"https:\/\/schema.org\",\"@graph\":[{\"@type\":\"WebPage\",\"@id\":\"https:\/\/business.roovi.com\/de\/1000-teile-puzzle-fur-erwachsene-muster-eulen-owls\/p\/\",\"url\":\"https:\/\/business.roovi.com\/de\/1000-teile-puzzle-fur-erwachsene-muster-eulen-owls\/p\/\",\"name\":\"1000-Teile-Puzzle f\u00fcr Erwachsene - Muster Eulen \/ Owls\",\"isPartOf\":{\"@id\":\"https:\/\/business.roovi.com\/de\/#website\"},\"datePublished\":\"2019-04-12T11:10:48+00:00\",\"dateModified\":\"2022-07-06T14:04:46+00:00\",\"description\":\"1000-Teile-Puzzle f\u00fcr Erwachsene - Muster Eulen \/ Owls\",\"breadcrumb\":{\"@id\":\"https:\/\/business.roovi.com\/de\/1000-teile-puzzle-fur-erwachsene-muster-eulen-owls\/p\/#breadcrumb\"},\"inLanguage\":\"de\",\"potentialAction\":[{\"@type\":\"ReadAction\",\"target\":[\"https:\/\/business.roovi.com\/de\/1000-teile-puzzle-fur-erwachsene-muster-eulen-owls\/p\/\"]}]},{\"@type\":\"BreadcrumbList\",\"@id\":\"https:\/\/business.roovi.com\/de\/1000-teile-puzzle-fur-erwachsene-muster-eulen-owls\/p\/#breadcrumb\",\"itemListElement\":[{\"@type\":\"ListItem\",\"position\":1,\"name\":\"Home\",\"item\":\"https:\/\/business.roovi.com\/de\/\"},{\"@type\":\"ListItem\",\"position\":2,\"name\":\"Shop\",\"item\":\"https:\/\/business.roovi.com\/de\/shop\/\"},{\"@type\":\"ListItem\",\"position\":3,\"name\":\"1000-Teile-Puzzle f\u00fcr Erwachsene &#8211; Muster Eulen \/ Owls\"}]},{\"@type\":\"WebSite\",\"@id\":\"https:\/\/business.roovi.com\/de\/#website\",\"url\":\"https:\/\/business.roovi.com\/de\/\",\"name\":\"Roovi B2B\",\"description\":\"Roovi Business Website\",\"potentialAction\":[{\"@type\":\"SearchAction\",\"target\":{\"@type\":\"EntryPoint\",\"urlTemplate\":\"https:\/\/business.roovi.com\/de\/?s={search_term_string}\"},\"query-input\":\"required name=search_term_string\"}],\"inLanguage\":\"de\"}]}<\/script>\n<!-- \/ Yoast SEO plugin. -->","yoast_head_json":{"title":"1000-Teile-Puzzle f\u00fcr Erwachsene - Muster Eulen \/ Owls","description":"1000-Teile-Puzzle f\u00fcr Erwachsene - Muster Eulen \/ Owls","robots":{"index":"index","follow":"follow","max-snippet":"max-snippet:-1","max-image-preview":"max-image-preview:large","max-video-preview":"max-video-preview:-1"},"canonical":"https:\/\/business.roovi.com\/de\/1000-teile-puzzle-fur-erwachsene-muster-eulen-owls\/p\/","og_locale":"de_DE","og_type":"article","og_title":"1000-Teile-Puzzle f\u00fcr Erwachsene - Muster Eulen \/ Owls","og_description":"1000-Teile-Puzzle f\u00fcr Erwachsene - Muster Eulen \/ Owls","og_url":"https:\/\/business.roovi.com\/de\/1000-teile-puzzle-fur-erwachsene-muster-eulen-owls\/p\/","og_site_name":"Roovi B2B","article_publisher":"https:\/\/www.facebook.com\/wwwjucariero","article_modified_time":"2022-07-06T14:04:46+00:00","og_image":[{"width":1000,"height":1000,"url":"https:\/\/business.roovi.com\/wp-content\/uploads\/2019\/04\/puzzle_1000_pattern-75437_02.jpg","type":"image\/jpeg"}],"twitter_misc":{"Gesch\u00e4tzte Lesezeit":"3\u00a0Minuten"},"schema":{"@context":"https:\/\/schema.org","@graph":[{"@type":"WebPage","@id":"https:\/\/business.roovi.com\/de\/1000-teile-puzzle-fur-erwachsene-muster-eulen-owls\/p\/","url":"https:\/\/business.roovi.com\/de\/1000-teile-puzzle-fur-erwachsene-muster-eulen-owls\/p\/","name":"1000-Teile-Puzzle f\u00fcr Erwachsene - Muster Eulen \/ Owls","isPartOf":{"@id":"https:\/\/business.roovi.com\/de\/#website"},"datePublished":"2019-04-12T11:10:48+00:00","dateModified":"2022-07-06T14:04:46+00:00","description":"1000-Teile-Puzzle f\u00fcr Erwachsene - Muster Eulen \/ Owls","breadcrumb":{"@id":"https:\/\/business.roovi.com\/de\/1000-teile-puzzle-fur-erwachsene-muster-eulen-owls\/p\/#breadcrumb"},"inLanguage":"de","potentialAction":[{"@type":"ReadAction","target":["https:\/\/business.roovi.com\/de\/1000-teile-puzzle-fur-erwachsene-muster-eulen-owls\/p\/"]}]},{"@type":"BreadcrumbList","@id":"https:\/\/business.roovi.com\/de\/1000-teile-puzzle-fur-erwachsene-muster-eulen-owls\/p\/#breadcrumb","itemListElement":[{"@type":"ListItem","position":1,"name":"Home","item":"https:\/\/business.roovi.com\/de\/"},{"@type":"ListItem","position":2,"name":"Shop","item":"https:\/\/business.roovi.com\/de\/shop\/"},{"@type":"ListItem","position":3,"name":"1000-Teile-Puzzle f\u00fcr Erwachsene &#8211; Muster Eulen \/ Owls"}]},{"@type":"WebSite","@id":"https:\/\/business.roovi.com\/de\/#website","url":"https:\/\/business.roovi.com\/de\/","name":"Roovi B2B","description":"Roovi Business Website","potentialAction":[{"@type":"SearchAction","target":{"@type":"EntryPoint","urlTemplate":"https:\/\/business.roovi.com\/de\/?s={search_term_string}"},"query-input":"required name=search_term_string"}],"inLanguage":"de"}]}},"_links":{"self":[{"href":"https:\/\/business.roovi.com\/de\/wp-json\/wp\/v2\/product\/39981","targetHints":{"allow":["GET"]}}],"collection":[{"href":"https:\/\/business.roovi.com\/de\/wp-json\/wp\/v2\/product"}],"about":[{"href":"https:\/\/business.roovi.com\/de\/wp-json\/wp\/v2\/types\/product"}],"version-history":[{"count":0,"href":"https:\/\/business.roovi.com\/de\/wp-json\/wp\/v2\/product\/39981\/revisions"}],"wp:featuredmedia":[{"embeddable":true,"href":"https:\/\/business.roovi.com\/de\/wp-json\/wp\/v2\/media\/59497"}],"wp:attachment":[{"href":"https:\/\/business.roovi.com\/de\/wp-json\/wp\/v2\/media?parent=39981"}],"wp:term":[{"taxonomy":"product_brand","embeddable":true,"href":"https:\/\/business.roovi.com\/de\/wp-json\/wp\/v2\/product_brand?post=39981"},{"taxonomy":"product_cat","embeddable":true,"href":"https:\/\/business.roovi.com\/de\/wp-json\/wp\/v2\/product_cat?post=39981"},{"taxonomy":"product_tag","embeddable":true,"href":"https:\/\/business.roovi.com\/de\/wp-json\/wp\/v2\/product_tag?post=39981"}],"curies":[{"name":"wp","href":"https:\/\/api.w.org\/{rel}","templated":true}]}}