{"id":40029,"date":"2018-12-10T09:13:42","date_gmt":"2018-12-10T09:13:42","guid":{"rendered":"https:\/\/business.roovi.com\/puzzle-craciun-60-piese-1\/p\/"},"modified":"2022-07-06T14:09:51","modified_gmt":"2022-07-06T14:09:51","slug":"puzzle-60-teile-weihnachtsmann","status":"publish","type":"product","link":"https:\/\/business.roovi.com\/de\/puzzle-60-teile-weihnachtsmann\/p\/","title":{"rendered":"Puzzle 60 Teile &#8211; Weihnachtsmann"},"content":{"rendered":"<p>Dieses 60-teilige, farbenfrohe Puzzle bringt ein L\u00e4cheln und Z\u00e4rtlichkeit unter den Baum. Setze die Puzzleteile zusammen und genie\u00dfe das bezaubernde Bild! Die schelmischen Rentiere k\u00f6nnen es kaum erwarten, den Schlitten des Weihnachtsmanns zu dir zu fahren, um dir den Zauber der Winterferien zu bringen.<\/p>\n","protected":false},"excerpt":{"rendered":"<p>Dieses 60-teilige, farbenfrohe Puzzle bringt ein L\u00e4cheln und Z\u00e4rtlichkeit unter den Baum. Setze die Puzzleteile zusammen und genie\u00dfe das bezaubernde<\/p>\n","protected":false},"featured_media":49251,"template":"","meta":[],"product_brand":[],"product_cat":[1963,1876,1875],"product_tag":[],"class_list":{"0":"post-40029","1":"product","2":"type-product","3":"status-publish","4":"has-post-thumbnail","6":"product_cat-50-100-teile-puzzle","7":"product_cat-kinder-puzzle","8":"product_cat-puzzle-de","9":"pa_brand-d_toys-de","10":"pa_country_of_manufacture-ro-de","11":"pa_filter_age-5_7-de","12":"pa_filter_age-7_9-de","13":"pa_painter-christmascollection-de","14":"pa_tip_ambalaj-kasten-a4-de","15":"pa_tip_puzzle-klassisch","17":"first","18":"instock","19":"taxable","20":"shipping-taxable","21":"product-type-simple"},"yoast_head":"<!-- This site is optimized with the Yoast SEO plugin v20.1 - https:\/\/yoast.com\/wordpress\/plugins\/seo\/ -->\n<title>Puzzle 60 Teile - Weihnachtsmann<\/title>\n<meta name=\"description\" content=\"Puzzle 60 Teile - Weihnachtsmann\" \/>\n<meta name=\"robots\" content=\"index, follow, max-snippet:-1, max-image-preview:large, max-video-preview:-1\" \/>\n<link rel=\"canonical\" href=\"https:\/\/business.roovi.com\/de\/puzzle-60-teile-weihnachtsmann\/p\/\" \/>\n<meta property=\"og:locale\" content=\"de_DE\" \/>\n<meta property=\"og:type\" content=\"article\" \/>\n<meta property=\"og:title\" content=\"Puzzle 60 Teile - Weihnachtsmann\" \/>\n<meta property=\"og:description\" content=\"Puzzle 60 Teile - Weihnachtsmann\" \/>\n<meta property=\"og:url\" content=\"https:\/\/business.roovi.com\/de\/puzzle-60-teile-weihnachtsmann\/p\/\" \/>\n<meta property=\"og:site_name\" content=\"Roovi B2B\" \/>\n<meta property=\"article:publisher\" content=\"https:\/\/www.facebook.com\/wwwjucariero\" \/>\n<meta property=\"article:modified_time\" content=\"2022-07-06T14:09:51+00:00\" \/>\n<meta property=\"og:image\" content=\"https:\/\/business.roovi.com\/wp-content\/uploads\/2018\/12\/75581_01_el_.jpg\" \/>\n\t<meta property=\"og:image:width\" content=\"1200\" \/>\n\t<meta property=\"og:image:height\" content=\"1200\" \/>\n\t<meta property=\"og:image:type\" content=\"image\/jpeg\" \/>\n<script type=\"application\/ld+json\" class=\"yoast-schema-graph\">{\"@context\":\"https:\/\/schema.org\",\"@graph\":[{\"@type\":\"WebPage\",\"@id\":\"https:\/\/business.roovi.com\/de\/puzzle-60-teile-weihnachtsmann\/p\/\",\"url\":\"https:\/\/business.roovi.com\/de\/puzzle-60-teile-weihnachtsmann\/p\/\",\"name\":\"Puzzle 60 Teile - Weihnachtsmann\",\"isPartOf\":{\"@id\":\"https:\/\/business.roovi.com\/de\/#website\"},\"datePublished\":\"2018-12-10T09:13:42+00:00\",\"dateModified\":\"2022-07-06T14:09:51+00:00\",\"description\":\"Puzzle 60 Teile - Weihnachtsmann\",\"breadcrumb\":{\"@id\":\"https:\/\/business.roovi.com\/de\/puzzle-60-teile-weihnachtsmann\/p\/#breadcrumb\"},\"inLanguage\":\"de\",\"potentialAction\":[{\"@type\":\"ReadAction\",\"target\":[\"https:\/\/business.roovi.com\/de\/puzzle-60-teile-weihnachtsmann\/p\/\"]}]},{\"@type\":\"BreadcrumbList\",\"@id\":\"https:\/\/business.roovi.com\/de\/puzzle-60-teile-weihnachtsmann\/p\/#breadcrumb\",\"itemListElement\":[{\"@type\":\"ListItem\",\"position\":1,\"name\":\"Home\",\"item\":\"https:\/\/business.roovi.com\/de\/\"},{\"@type\":\"ListItem\",\"position\":2,\"name\":\"Shop\",\"item\":\"https:\/\/business.roovi.com\/de\/shop\/\"},{\"@type\":\"ListItem\",\"position\":3,\"name\":\"Puzzle 60 Teile &#8211; Weihnachtsmann\"}]},{\"@type\":\"WebSite\",\"@id\":\"https:\/\/business.roovi.com\/de\/#website\",\"url\":\"https:\/\/business.roovi.com\/de\/\",\"name\":\"Roovi B2B\",\"description\":\"Roovi Business Website\",\"potentialAction\":[{\"@type\":\"SearchAction\",\"target\":{\"@type\":\"EntryPoint\",\"urlTemplate\":\"https:\/\/business.roovi.com\/de\/?s={search_term_string}\"},\"query-input\":\"required name=search_term_string\"}],\"inLanguage\":\"de\"}]}<\/script>\n<!-- \/ Yoast SEO plugin. -->","yoast_head_json":{"title":"Puzzle 60 Teile - Weihnachtsmann","description":"Puzzle 60 Teile - Weihnachtsmann","robots":{"index":"index","follow":"follow","max-snippet":"max-snippet:-1","max-image-preview":"max-image-preview:large","max-video-preview":"max-video-preview:-1"},"canonical":"https:\/\/business.roovi.com\/de\/puzzle-60-teile-weihnachtsmann\/p\/","og_locale":"de_DE","og_type":"article","og_title":"Puzzle 60 Teile - Weihnachtsmann","og_description":"Puzzle 60 Teile - Weihnachtsmann","og_url":"https:\/\/business.roovi.com\/de\/puzzle-60-teile-weihnachtsmann\/p\/","og_site_name":"Roovi B2B","article_publisher":"https:\/\/www.facebook.com\/wwwjucariero","article_modified_time":"2022-07-06T14:09:51+00:00","og_image":[{"width":1200,"height":1200,"url":"https:\/\/business.roovi.com\/wp-content\/uploads\/2018\/12\/75581_01_el_.jpg","type":"image\/jpeg"}],"schema":{"@context":"https:\/\/schema.org","@graph":[{"@type":"WebPage","@id":"https:\/\/business.roovi.com\/de\/puzzle-60-teile-weihnachtsmann\/p\/","url":"https:\/\/business.roovi.com\/de\/puzzle-60-teile-weihnachtsmann\/p\/","name":"Puzzle 60 Teile - Weihnachtsmann","isPartOf":{"@id":"https:\/\/business.roovi.com\/de\/#website"},"datePublished":"2018-12-10T09:13:42+00:00","dateModified":"2022-07-06T14:09:51+00:00","description":"Puzzle 60 Teile - Weihnachtsmann","breadcrumb":{"@id":"https:\/\/business.roovi.com\/de\/puzzle-60-teile-weihnachtsmann\/p\/#breadcrumb"},"inLanguage":"de","potentialAction":[{"@type":"ReadAction","target":["https:\/\/business.roovi.com\/de\/puzzle-60-teile-weihnachtsmann\/p\/"]}]},{"@type":"BreadcrumbList","@id":"https:\/\/business.roovi.com\/de\/puzzle-60-teile-weihnachtsmann\/p\/#breadcrumb","itemListElement":[{"@type":"ListItem","position":1,"name":"Home","item":"https:\/\/business.roovi.com\/de\/"},{"@type":"ListItem","position":2,"name":"Shop","item":"https:\/\/business.roovi.com\/de\/shop\/"},{"@type":"ListItem","position":3,"name":"Puzzle 60 Teile &#8211; Weihnachtsmann"}]},{"@type":"WebSite","@id":"https:\/\/business.roovi.com\/de\/#website","url":"https:\/\/business.roovi.com\/de\/","name":"Roovi B2B","description":"Roovi Business Website","potentialAction":[{"@type":"SearchAction","target":{"@type":"EntryPoint","urlTemplate":"https:\/\/business.roovi.com\/de\/?s={search_term_string}"},"query-input":"required name=search_term_string"}],"inLanguage":"de"}]}},"_links":{"self":[{"href":"https:\/\/business.roovi.com\/de\/wp-json\/wp\/v2\/product\/40029","targetHints":{"allow":["GET"]}}],"collection":[{"href":"https:\/\/business.roovi.com\/de\/wp-json\/wp\/v2\/product"}],"about":[{"href":"https:\/\/business.roovi.com\/de\/wp-json\/wp\/v2\/types\/product"}],"version-history":[{"count":0,"href":"https:\/\/business.roovi.com\/de\/wp-json\/wp\/v2\/product\/40029\/revisions"}],"wp:featuredmedia":[{"embeddable":true,"href":"https:\/\/business.roovi.com\/de\/wp-json\/wp\/v2\/media\/49251"}],"wp:attachment":[{"href":"https:\/\/business.roovi.com\/de\/wp-json\/wp\/v2\/media?parent=40029"}],"wp:term":[{"taxonomy":"product_brand","embeddable":true,"href":"https:\/\/business.roovi.com\/de\/wp-json\/wp\/v2\/product_brand?post=40029"},{"taxonomy":"product_cat","embeddable":true,"href":"https:\/\/business.roovi.com\/de\/wp-json\/wp\/v2\/product_cat?post=40029"},{"taxonomy":"product_tag","embeddable":true,"href":"https:\/\/business.roovi.com\/de\/wp-json\/wp\/v2\/product_tag?post=40029"}],"curies":[{"name":"wp","href":"https:\/\/api.w.org\/{rel}","templated":true}]}}