{"id":40090,"date":"2018-09-27T17:29:49","date_gmt":"2018-09-27T17:29:49","guid":{"rendered":"https:\/\/business.roovi.com\/joc-romanesc-m30\/p\/"},"modified":"2022-07-06T14:19:19","modified_gmt":"2022-07-06T14:19:19","slug":"spiel-m30-rumanisches-strategiespiel","status":"publish","type":"product","link":"https:\/\/business.roovi.com\/de\/spiel-m30-rumanisches-strategiespiel\/p\/","title":{"rendered":"Spiel M30 &#8211; Rum\u00e4nisches Strategiespiel"},"content":{"rendered":"<p><span style=\"font-weight: 400\">Wie erz\u00e4hlen wir Kindern von historischen Gebieten? Und wie k\u00f6nnen wir ihnen helfen, den kulturellen Reichtum Rum\u00e4niens zu entdecken?<\/span><\/p>\n<p><span style=\"font-weight: 400\">Der kulturelle und k\u00fcnstlerische Reichtum Rum\u00e4niens ist beeindruckend. Hunderte von stolz gebauten Denkm\u00e4lern im ganzen Land, Schl\u00f6sser, Kirchen und Kl\u00f6ster oder befestigte Festungen kr\u00f6nen jede Grafschaft <\/span><\/p>\n<p><span style=\"font-weight: 400\">Entdecke ein interessantes Strategiespiel, um all diese historischen Monumente mit deinen Kindern zu erkunden. Spiele clever und besetze so viele Bezirke wie m\u00f6glich, um zu gewinnen!  <\/span><\/p>\n<h2><span style=\"font-weight: 400\">Wusstest du, dass das M30-Spiel..<\/span><\/h2>\n<ul>\n<li><span style=\"font-weight: 400\">Ist eine interessante und interaktive Art, die historischen Gebiete des Landes zu erkunden <\/span><\/li>\n<li><span style=\"font-weight: 400\">Sie ist geeignet, um Kinder mit dem kulturellen Erbe Rum\u00e4niens vertraut zu machen und mit ihnen \u00fcber Geschichte, Kultur und sogar \u00fcber die Architektur bestimmter Gebiete zu diskutieren.<\/span><\/li>\n<li><span style=\"font-weight: 400\">Es ist eine unterhaltsame Art, die allgemeine Kultur zu bereichern <\/span><\/li>\n<li><span style=\"font-weight: 400\">Es entwickelt strategisches Denken und Ged\u00e4chtnis <\/span><\/li>\n<li><span style=\"font-weight: 400\">Stimuliert den Wettbewerbsgeist.<\/span><\/li>\n<li><span style=\"font-weight: 400\">F\u00f6rdert die Aufmerksamkeit und ist eine gute feinmotorische \u00dcbung.<\/span><\/li>\n<\/ul>\n<h2><span style=\"font-weight: 400\">Warum das M30 Spiel w\u00e4hlen<\/span><\/h2>\n<p><span style=\"font-weight: 400\">Es ist ein entspannendes Strategiespiel, das du mit \u00e4lteren Kindern spielen kannst, um ihnen zu helfen, geschichtliche Konzepte und die rum\u00e4nische Kultur in den einzelnen Gebieten zu verstehen <\/span><\/p>\n<p><span style=\"font-weight: 400\">Erstelle deine eigene Strategie, um 2 historische Regionen zu erobern und das Spiel zu gewinnen. Sammle so viele Spielsteine wie m\u00f6glich und erobere so viele Monumente wie m\u00f6glich von deinem Gegner <\/span><\/p>\n<p><span style=\"font-weight: 400\">Entdecke 30 wichtige Denkm\u00e4ler, die \u00fcber das ganze Land verteilt sind, und erfahre interessante Details \u00fcber jedes einzelne <\/span><\/p>\n<p><span style=\"font-weight: 400\">Die Spielkarten enthalten Originalillustrationen der Denkm\u00e4ler und die Spielsteine sind aus dickem, strapazierf\u00e4higem Karton gefertigt.<\/span><\/p>\n<p><span style=\"font-weight: 400\">Entdecke Rum\u00e4nien mit dem M30-Spiel und hake die Sehensw\u00fcrdigkeiten ab, die du im echten Leben besuchst <\/span><\/p>\n<p><span style=\"font-weight: 400\">Empfohlenes Alter: 10+<\/span><\/p>\n<p><span style=\"font-weight: 400\">Spieler: 2 Personen<\/span><\/p>\n<p><span style=\"font-weight: 400\">Die Schachtel enth\u00e4lt: 1 Spielplan mit einer Karte von Rum\u00e4nien, 32 Spielkarten mit Monumenten, 49 Spielsteine, 1 W\u00fcrfel, 2 Spielsteine, Spielregeln.  <\/span><\/p>\n<p><span style=\"font-weight: 400\">Nicht empfohlen f\u00fcr Kinder unter 3 Jahren.<\/span><\/p><\/p>\n","protected":false},"excerpt":{"rendered":"<p>Wie erz\u00e4hlen wir Kindern von historischen Gebieten? Und wie k\u00f6nnen wir ihnen helfen, den kulturellen Reichtum Rum\u00e4niens zu entdecken? Der<\/p>\n","protected":false},"featured_media":49275,"template":"","meta":[],"product_brand":[],"product_cat":[1887],"product_tag":[],"class_list":{"0":"post-40090","1":"product","2":"type-product","3":"status-publish","4":"has-post-thumbnail","6":"product_cat-rumanische-spiele","7":"pa_brand-d_toys-de","8":"pa_country_of_manufacture-ro-de","9":"pa_filter_age-9_14-de","10":"pa_filter_age-14-de","11":"pa_tip_ambalaj-kasten-a4-de","13":"first","14":"instock","15":"taxable","16":"shipping-taxable","17":"product-type-simple"},"yoast_head":"<!-- This site is optimized with the Yoast SEO plugin v20.1 - https:\/\/yoast.com\/wordpress\/plugins\/seo\/ -->\n<title>Spiel M30 - Rum\u00e4nisches Strategiespiel<\/title>\n<meta name=\"description\" content=\"Spiel M30 - Rum\u00e4nisches Strategiespiel\" \/>\n<meta name=\"robots\" content=\"index, follow, max-snippet:-1, max-image-preview:large, max-video-preview:-1\" \/>\n<link rel=\"canonical\" href=\"https:\/\/business.roovi.com\/de\/spiel-m30-rumanisches-strategiespiel\/p\/\" \/>\n<meta property=\"og:locale\" content=\"de_DE\" \/>\n<meta property=\"og:type\" content=\"article\" \/>\n<meta property=\"og:title\" content=\"Spiel M30 - Rum\u00e4nisches Strategiespiel\" \/>\n<meta property=\"og:description\" content=\"Spiel M30 - Rum\u00e4nisches Strategiespiel\" \/>\n<meta property=\"og:url\" content=\"https:\/\/business.roovi.com\/de\/spiel-m30-rumanisches-strategiespiel\/p\/\" \/>\n<meta property=\"og:site_name\" content=\"Roovi B2B\" \/>\n<meta property=\"article:publisher\" content=\"https:\/\/www.facebook.com\/wwwjucariero\" \/>\n<meta property=\"article:modified_time\" content=\"2022-07-06T14:19:19+00:00\" \/>\n<meta property=\"og:image\" content=\"https:\/\/business.roovi.com\/wp-content\/uploads\/2018\/09\/75345_m30_elo.jpg\" \/>\n\t<meta property=\"og:image:width\" content=\"1200\" \/>\n\t<meta property=\"og:image:height\" content=\"1200\" \/>\n\t<meta property=\"og:image:type\" content=\"image\/jpeg\" \/>\n<meta name=\"twitter:label1\" content=\"Gesch\u00e4tzte Lesezeit\" \/>\n\t<meta name=\"twitter:data1\" content=\"2\u00a0Minuten\" \/>\n<script type=\"application\/ld+json\" class=\"yoast-schema-graph\">{\"@context\":\"https:\/\/schema.org\",\"@graph\":[{\"@type\":\"WebPage\",\"@id\":\"https:\/\/business.roovi.com\/de\/spiel-m30-rumanisches-strategiespiel\/p\/\",\"url\":\"https:\/\/business.roovi.com\/de\/spiel-m30-rumanisches-strategiespiel\/p\/\",\"name\":\"Spiel M30 - Rum\u00e4nisches Strategiespiel\",\"isPartOf\":{\"@id\":\"https:\/\/business.roovi.com\/de\/#website\"},\"datePublished\":\"2018-09-27T17:29:49+00:00\",\"dateModified\":\"2022-07-06T14:19:19+00:00\",\"description\":\"Spiel M30 - Rum\u00e4nisches Strategiespiel\",\"breadcrumb\":{\"@id\":\"https:\/\/business.roovi.com\/de\/spiel-m30-rumanisches-strategiespiel\/p\/#breadcrumb\"},\"inLanguage\":\"de\",\"potentialAction\":[{\"@type\":\"ReadAction\",\"target\":[\"https:\/\/business.roovi.com\/de\/spiel-m30-rumanisches-strategiespiel\/p\/\"]}]},{\"@type\":\"BreadcrumbList\",\"@id\":\"https:\/\/business.roovi.com\/de\/spiel-m30-rumanisches-strategiespiel\/p\/#breadcrumb\",\"itemListElement\":[{\"@type\":\"ListItem\",\"position\":1,\"name\":\"Home\",\"item\":\"https:\/\/business.roovi.com\/de\/\"},{\"@type\":\"ListItem\",\"position\":2,\"name\":\"Shop\",\"item\":\"https:\/\/business.roovi.com\/de\/shop\/\"},{\"@type\":\"ListItem\",\"position\":3,\"name\":\"Spiel M30 &#8211; Rum\u00e4nisches Strategiespiel\"}]},{\"@type\":\"WebSite\",\"@id\":\"https:\/\/business.roovi.com\/de\/#website\",\"url\":\"https:\/\/business.roovi.com\/de\/\",\"name\":\"Roovi B2B\",\"description\":\"Roovi Business Website\",\"potentialAction\":[{\"@type\":\"SearchAction\",\"target\":{\"@type\":\"EntryPoint\",\"urlTemplate\":\"https:\/\/business.roovi.com\/de\/?s={search_term_string}\"},\"query-input\":\"required name=search_term_string\"}],\"inLanguage\":\"de\"}]}<\/script>\n<!-- \/ Yoast SEO plugin. -->","yoast_head_json":{"title":"Spiel M30 - Rum\u00e4nisches Strategiespiel","description":"Spiel M30 - Rum\u00e4nisches Strategiespiel","robots":{"index":"index","follow":"follow","max-snippet":"max-snippet:-1","max-image-preview":"max-image-preview:large","max-video-preview":"max-video-preview:-1"},"canonical":"https:\/\/business.roovi.com\/de\/spiel-m30-rumanisches-strategiespiel\/p\/","og_locale":"de_DE","og_type":"article","og_title":"Spiel M30 - Rum\u00e4nisches Strategiespiel","og_description":"Spiel M30 - Rum\u00e4nisches Strategiespiel","og_url":"https:\/\/business.roovi.com\/de\/spiel-m30-rumanisches-strategiespiel\/p\/","og_site_name":"Roovi B2B","article_publisher":"https:\/\/www.facebook.com\/wwwjucariero","article_modified_time":"2022-07-06T14:19:19+00:00","og_image":[{"width":1200,"height":1200,"url":"https:\/\/business.roovi.com\/wp-content\/uploads\/2018\/09\/75345_m30_elo.jpg","type":"image\/jpeg"}],"twitter_misc":{"Gesch\u00e4tzte Lesezeit":"2\u00a0Minuten"},"schema":{"@context":"https:\/\/schema.org","@graph":[{"@type":"WebPage","@id":"https:\/\/business.roovi.com\/de\/spiel-m30-rumanisches-strategiespiel\/p\/","url":"https:\/\/business.roovi.com\/de\/spiel-m30-rumanisches-strategiespiel\/p\/","name":"Spiel M30 - Rum\u00e4nisches Strategiespiel","isPartOf":{"@id":"https:\/\/business.roovi.com\/de\/#website"},"datePublished":"2018-09-27T17:29:49+00:00","dateModified":"2022-07-06T14:19:19+00:00","description":"Spiel M30 - Rum\u00e4nisches Strategiespiel","breadcrumb":{"@id":"https:\/\/business.roovi.com\/de\/spiel-m30-rumanisches-strategiespiel\/p\/#breadcrumb"},"inLanguage":"de","potentialAction":[{"@type":"ReadAction","target":["https:\/\/business.roovi.com\/de\/spiel-m30-rumanisches-strategiespiel\/p\/"]}]},{"@type":"BreadcrumbList","@id":"https:\/\/business.roovi.com\/de\/spiel-m30-rumanisches-strategiespiel\/p\/#breadcrumb","itemListElement":[{"@type":"ListItem","position":1,"name":"Home","item":"https:\/\/business.roovi.com\/de\/"},{"@type":"ListItem","position":2,"name":"Shop","item":"https:\/\/business.roovi.com\/de\/shop\/"},{"@type":"ListItem","position":3,"name":"Spiel M30 &#8211; Rum\u00e4nisches Strategiespiel"}]},{"@type":"WebSite","@id":"https:\/\/business.roovi.com\/de\/#website","url":"https:\/\/business.roovi.com\/de\/","name":"Roovi B2B","description":"Roovi Business Website","potentialAction":[{"@type":"SearchAction","target":{"@type":"EntryPoint","urlTemplate":"https:\/\/business.roovi.com\/de\/?s={search_term_string}"},"query-input":"required name=search_term_string"}],"inLanguage":"de"}]}},"_links":{"self":[{"href":"https:\/\/business.roovi.com\/de\/wp-json\/wp\/v2\/product\/40090","targetHints":{"allow":["GET"]}}],"collection":[{"href":"https:\/\/business.roovi.com\/de\/wp-json\/wp\/v2\/product"}],"about":[{"href":"https:\/\/business.roovi.com\/de\/wp-json\/wp\/v2\/types\/product"}],"version-history":[{"count":0,"href":"https:\/\/business.roovi.com\/de\/wp-json\/wp\/v2\/product\/40090\/revisions"}],"wp:featuredmedia":[{"embeddable":true,"href":"https:\/\/business.roovi.com\/de\/wp-json\/wp\/v2\/media\/49275"}],"wp:attachment":[{"href":"https:\/\/business.roovi.com\/de\/wp-json\/wp\/v2\/media?parent=40090"}],"wp:term":[{"taxonomy":"product_brand","embeddable":true,"href":"https:\/\/business.roovi.com\/de\/wp-json\/wp\/v2\/product_brand?post=40090"},{"taxonomy":"product_cat","embeddable":true,"href":"https:\/\/business.roovi.com\/de\/wp-json\/wp\/v2\/product_cat?post=40090"},{"taxonomy":"product_tag","embeddable":true,"href":"https:\/\/business.roovi.com\/de\/wp-json\/wp\/v2\/product_tag?post=40090"}],"curies":[{"name":"wp","href":"https:\/\/api.w.org\/{rel}","templated":true}]}}