{"id":40122,"date":"2018-09-10T10:40:05","date_gmt":"2018-09-10T10:40:05","guid":{"rendered":"https:\/\/business.roovi.com\/puzzle-adulti-1000-piese-animal-faces-catspisici\/p\/"},"modified":"2022-07-06T14:24:05","modified_gmt":"2022-07-06T14:24:05","slug":"adult-1000-pieces-animal-faces-puzzle-cats-cats","status":"publish","type":"product","link":"https:\/\/business.roovi.com\/de\/adult-1000-pieces-animal-faces-puzzle-cats-cats\/p\/","title":{"rendered":"Adult 1000 pieces Animal Faces Puzzle &#8211; Cats\/Cats"},"content":{"rendered":"<p><span style=\"font-weight: 400\">Trainiere deine Aufmerksamkeit f\u00fcr Details und dein Ged\u00e4chtnis mit dem Puzzle Animal Faces &#8211; Cats! Dutzende interessanter Katzengesichter verschiedener Rassen schauen dich ernsthaft aus dem Bild des Puzzlespiels an. Lege St\u00fcck f\u00fcr St\u00fcck und stelle das Bild mit den geheimnisvollen Katzen nach.<\/span><\/p>\n<p><span style=\"font-weight: 400\">Willst du deine R\u00e4tselk\u00fcnste unter Beweis stellen? Das 1000-teilige Puzzle Animal Faces &#8211; Cats ist die perfekte Gelegenheit. Ein Patchwork-Puzzle ist die ultimative Herausforderung f\u00fcr jeden Puzzle-Liebhaber. Und wenn auf dem Bild die niedlichsten Katzen aus dem menschlichen Zuhause zu sehen sind, ist die Freude am R\u00e4tseln umso gr\u00f6\u00dfer.<\/span><\/p>\n<p><span style=\"font-weight: 400\">Wenn du noch etwas Hilfe beim Ausf\u00fcllen des Bildes brauchst, kannst du deine Kinder in die Aktivit\u00e4t einbeziehen. Es ist eine gute Gelegenheit f\u00fcr Kommunikation, Spa\u00df und Entspannung. Beginne mit dem Bilderrahmen, w\u00e4hle dann die Teile nach Farbt\u00f6nen aus, teile die Aufgaben so auf, dass alle Teammitglieder genaue Aufgaben haben, und beginne das kreative Abenteuer.<\/span><\/p>\n<p><span style=\"font-weight: 400\">Du kannst einen normalen Couchtisch verwenden, um die St\u00fccke zu st\u00fctzen und das Bild nachzustellen. Das fertige Gem\u00e4lde hat die Ma\u00dfe 50 x 70 cm.<\/span><\/p>\n<p><span style=\"font-weight: 400\">Weitere Merkmale des 1000 Teile Animal Faces &#8211; Cats Puzzles:<\/span><\/p>\n<p><strong>Puzzle-Material <\/strong><\/p>\n<p><strong>hochwertiger blauer Karton<\/strong><\/p>\n<p><strong>nachhaltige, recycelbare Materialien<\/strong><\/p>\n<p><strong>halbgl\u00e4nzende Oberfl\u00e4che, leuchtende Farben<\/strong><\/p>\n<p><strong>Anzahl der Puzzleteile: 1000<\/strong><\/p>\n<p><strong>Empfohlenes Alter: 14+<\/strong><\/p>\n<p><strong>Warum ist das 1000 Teile Puzzle Animal Faces &#8211; Cats\/Katzen so besonders?<\/strong><\/p>\n<p><span style=\"font-weight: 400\">Es ist deine Zeit, um dich zu entspannen und vom Alltag abzuschalten.<\/span><\/p>\n<p><span style=\"font-weight: 400\">Das Bild in diesem Puzzlespiel verbl\u00fcfft dich durch seine Klarheit und die Perfektion der Nuancen.<\/span><\/p>\n<p><span style=\"font-weight: 400\">Du hast die M\u00f6glichkeit, deine R\u00e4tsel-F\u00e4higkeiten zu entwickeln.<\/span><\/p>\n<p><span style=\"font-weight: 400\">Du kannst ein einzigartiges Gem\u00e4lde erstellen, mit dem du dein Zuhause dekorieren kannst.<\/span><\/p>\n<p><span style=\"font-weight: 400\">Es ist eine gute Gelegenheit, Zeit mit Kindern oder Freunden zu verbringen.<\/span><\/p>\n<p><span style=\"font-weight: 400\">Dar\u00fcber hinaus entwickelst du F\u00e4higkeiten wie:<\/span><\/p>\n<ul>\n<li><span style=\"font-weight: 400\">Liebe zum Detail<\/span><\/li>\n<li><span style=\"font-weight: 400\">Speicher<\/span><\/li>\n<li><span style=\"font-weight: 400\">Logisches Denken<\/span><\/li>\n<li><span style=\"font-weight: 400\">Geschicklichkeit<\/span><\/li>\n<li><span style=\"font-weight: 400\">Koordinierung<\/span><\/li>\n<li><span style=\"font-weight: 400\">Beharrlichkeit.<\/span><\/li>\n<\/ul>\n<p><strong>6 einzigartige Fakten \u00fcber Katzen<\/strong><\/p>\n<p><span style=\"font-weight: 400\">Offenbar haben die \u00c4gypter Katzen domestiziert. Das war um 2200 vor Christus.<\/span><\/p>\n<p><span style=\"font-weight: 400\">Die meisten Katzen sind laktoseintolerant, deshalb sollten sie nicht mit Milch gef\u00fcttert werden.<\/span><\/p>\n<p><span style=\"font-weight: 400\">Katzen haben fast doppelt so viele Neuronen wie Hunde.<\/span><\/p>\n<p><span style=\"font-weight: 400\">Das Skelett der Katze hat 244 Knochen (das menschliche Skelett hat 206).<\/span><\/p>\n<p><span style=\"font-weight: 400\">Eine Katze schl\u00e4ft durchschnittlich 16 Stunden am Tag.<\/span><\/p>\n<p><span style=\"font-weight: 400\">Der \u00e4lteste Film \u00fcber Katzen stammt aus dem Jahr 1894.<\/span><\/p>\n<p><strong>Animal Faces &#8211; Cats\/Katzen 1000 Teile Puzzle: eine \u00dcbung in Geduld<\/strong><\/p>\n<p><span style=\"font-weight: 400\">Jedes Ziel, das du dir setzt, erfordert Geduld. Manchmal willst du alles auf einmal haben und brauchst Bewegung, um deinen Fokus und deine Aufmerksamkeit auf bestimmte Aufgaben zu richten.<\/span><\/p>\n<p><span style=\"font-weight: 400\">Das 1000-teilige Puzzle Animal Faces &#8211; Cats\/Cats ist die perfekte \u00dcbung, die deinen Geist f\u00fcr pr\u00e4zise Ziele trainiert. Die Momente, in denen er konzentriert und mit dem R\u00e4tselspiel verbunden ist, sind spontan und nat\u00fcrlich. Du durchsuchst die Hunderte von so \u00e4hnlichen St\u00fccken, du setzt St\u00fcck f\u00fcr St\u00fcck und das Bild wird immer klarer. Stunden sind vergangen, aber es ist, als ob die Zeit stehen geblieben w\u00e4re. Am Ende f\u00fchlst du dich erfrischt, zuversichtlich und optimistisch, bereit f\u00fcr eine neue Herausforderung.<\/span><\/p>\n<p><span style=\"font-weight: 400\">Egal, ob du Puzzlespiele oder Katzen liebst oder einfach nur eine Abwechslung zum Alltag suchst, das 1000-teilige Puzzle Animal Faces &#8211; Cats\/Cats ist die richtige Wahl. Du kannst es im Haus aufbewahren und immer dann zusammenbauen, wenn du eine kreative Herausforderung brauchst, oder du kannst es einrahmen und einen ganz gew\u00f6hnlichen Ort in deinem Zuhause versch\u00f6nern.<\/span><\/p><\/p>\n","protected":false},"excerpt":{"rendered":"<p>Trainiere deine Aufmerksamkeit f\u00fcr Details und dein Ged\u00e4chtnis mit dem Puzzle Animal Faces &#8211; Cats! Dutzende interessanter Katzengesichter verschiedener Rassen<\/p>\n","protected":false},"featured_media":36848,"template":"","meta":[],"product_brand":[],"product_cat":[1916,1875,1915],"product_tag":[],"class_list":{"0":"post-40122","1":"product","2":"type-product","3":"status-publish","4":"has-post-thumbnail","6":"product_cat-1000-teile-puzzle","7":"product_cat-puzzle-de","8":"product_cat-puzzlespiele-fur-erwachsene","9":"pa_brand-d_toys-de","10":"pa_country_of_manufacture-ro-de","11":"pa_filter_age-14-de","12":"pa_painter-tiergesichter","13":"pa_tip_ambalaj-kasten-a4-de","14":"pa_tip_puzzle-klassisch","16":"first","17":"instock","18":"taxable","19":"shipping-taxable","20":"product-type-simple"},"yoast_head":"<!-- This site is optimized with the Yoast SEO plugin v20.1 - https:\/\/yoast.com\/wordpress\/plugins\/seo\/ -->\n<title>Adult 1000 pieces Animal Faces Puzzle - Cats\/Cats<\/title>\n<meta name=\"description\" content=\"Adult 1000 pieces Animal Faces Puzzle - Cats\/Cats\" \/>\n<meta name=\"robots\" content=\"index, follow, max-snippet:-1, max-image-preview:large, max-video-preview:-1\" \/>\n<link rel=\"canonical\" href=\"https:\/\/business.roovi.com\/de\/adult-1000-pieces-animal-faces-puzzle-cats-cats\/p\/\" \/>\n<meta property=\"og:locale\" content=\"de_DE\" \/>\n<meta property=\"og:type\" content=\"article\" \/>\n<meta property=\"og:title\" content=\"Adult 1000 pieces Animal Faces Puzzle - Cats\/Cats\" \/>\n<meta property=\"og:description\" content=\"Adult 1000 pieces Animal Faces Puzzle - Cats\/Cats\" \/>\n<meta property=\"og:url\" content=\"https:\/\/business.roovi.com\/de\/adult-1000-pieces-animal-faces-puzzle-cats-cats\/p\/\" \/>\n<meta property=\"og:site_name\" content=\"Roovi B2B\" \/>\n<meta property=\"article:publisher\" content=\"https:\/\/www.facebook.com\/wwwjucariero\" \/>\n<meta property=\"article:modified_time\" content=\"2022-07-06T14:24:05+00:00\" \/>\n<meta property=\"og:image\" content=\"https:\/\/business.roovi.com\/wp-content\/uploads\/2018\/09\/74331_02.jpg\" \/>\n\t<meta property=\"og:image:width\" content=\"1200\" \/>\n\t<meta property=\"og:image:height\" content=\"1200\" \/>\n\t<meta property=\"og:image:type\" content=\"image\/jpeg\" \/>\n<meta name=\"twitter:label1\" content=\"Gesch\u00e4tzte Lesezeit\" \/>\n\t<meta name=\"twitter:data1\" content=\"3\u00a0Minuten\" \/>\n<script type=\"application\/ld+json\" class=\"yoast-schema-graph\">{\"@context\":\"https:\/\/schema.org\",\"@graph\":[{\"@type\":\"WebPage\",\"@id\":\"https:\/\/business.roovi.com\/de\/adult-1000-pieces-animal-faces-puzzle-cats-cats\/p\/\",\"url\":\"https:\/\/business.roovi.com\/de\/adult-1000-pieces-animal-faces-puzzle-cats-cats\/p\/\",\"name\":\"Adult 1000 pieces Animal Faces Puzzle - Cats\/Cats\",\"isPartOf\":{\"@id\":\"https:\/\/business.roovi.com\/de\/#website\"},\"datePublished\":\"2018-09-10T10:40:05+00:00\",\"dateModified\":\"2022-07-06T14:24:05+00:00\",\"description\":\"Adult 1000 pieces Animal Faces Puzzle - Cats\/Cats\",\"breadcrumb\":{\"@id\":\"https:\/\/business.roovi.com\/de\/adult-1000-pieces-animal-faces-puzzle-cats-cats\/p\/#breadcrumb\"},\"inLanguage\":\"de\",\"potentialAction\":[{\"@type\":\"ReadAction\",\"target\":[\"https:\/\/business.roovi.com\/de\/adult-1000-pieces-animal-faces-puzzle-cats-cats\/p\/\"]}]},{\"@type\":\"BreadcrumbList\",\"@id\":\"https:\/\/business.roovi.com\/de\/adult-1000-pieces-animal-faces-puzzle-cats-cats\/p\/#breadcrumb\",\"itemListElement\":[{\"@type\":\"ListItem\",\"position\":1,\"name\":\"Home\",\"item\":\"https:\/\/business.roovi.com\/de\/\"},{\"@type\":\"ListItem\",\"position\":2,\"name\":\"Shop\",\"item\":\"https:\/\/business.roovi.com\/de\/shop\/\"},{\"@type\":\"ListItem\",\"position\":3,\"name\":\"Adult 1000 pieces Animal Faces Puzzle &#8211; Cats\/Cats\"}]},{\"@type\":\"WebSite\",\"@id\":\"https:\/\/business.roovi.com\/de\/#website\",\"url\":\"https:\/\/business.roovi.com\/de\/\",\"name\":\"Roovi B2B\",\"description\":\"Roovi Business Website\",\"potentialAction\":[{\"@type\":\"SearchAction\",\"target\":{\"@type\":\"EntryPoint\",\"urlTemplate\":\"https:\/\/business.roovi.com\/de\/?s={search_term_string}\"},\"query-input\":\"required name=search_term_string\"}],\"inLanguage\":\"de\"}]}<\/script>\n<!-- \/ Yoast SEO plugin. -->","yoast_head_json":{"title":"Adult 1000 pieces Animal Faces Puzzle - Cats\/Cats","description":"Adult 1000 pieces Animal Faces Puzzle - Cats\/Cats","robots":{"index":"index","follow":"follow","max-snippet":"max-snippet:-1","max-image-preview":"max-image-preview:large","max-video-preview":"max-video-preview:-1"},"canonical":"https:\/\/business.roovi.com\/de\/adult-1000-pieces-animal-faces-puzzle-cats-cats\/p\/","og_locale":"de_DE","og_type":"article","og_title":"Adult 1000 pieces Animal Faces Puzzle - Cats\/Cats","og_description":"Adult 1000 pieces Animal Faces Puzzle - Cats\/Cats","og_url":"https:\/\/business.roovi.com\/de\/adult-1000-pieces-animal-faces-puzzle-cats-cats\/p\/","og_site_name":"Roovi B2B","article_publisher":"https:\/\/www.facebook.com\/wwwjucariero","article_modified_time":"2022-07-06T14:24:05+00:00","og_image":[{"width":1200,"height":1200,"url":"https:\/\/business.roovi.com\/wp-content\/uploads\/2018\/09\/74331_02.jpg","type":"image\/jpeg"}],"twitter_misc":{"Gesch\u00e4tzte Lesezeit":"3\u00a0Minuten"},"schema":{"@context":"https:\/\/schema.org","@graph":[{"@type":"WebPage","@id":"https:\/\/business.roovi.com\/de\/adult-1000-pieces-animal-faces-puzzle-cats-cats\/p\/","url":"https:\/\/business.roovi.com\/de\/adult-1000-pieces-animal-faces-puzzle-cats-cats\/p\/","name":"Adult 1000 pieces Animal Faces Puzzle - Cats\/Cats","isPartOf":{"@id":"https:\/\/business.roovi.com\/de\/#website"},"datePublished":"2018-09-10T10:40:05+00:00","dateModified":"2022-07-06T14:24:05+00:00","description":"Adult 1000 pieces Animal Faces Puzzle - Cats\/Cats","breadcrumb":{"@id":"https:\/\/business.roovi.com\/de\/adult-1000-pieces-animal-faces-puzzle-cats-cats\/p\/#breadcrumb"},"inLanguage":"de","potentialAction":[{"@type":"ReadAction","target":["https:\/\/business.roovi.com\/de\/adult-1000-pieces-animal-faces-puzzle-cats-cats\/p\/"]}]},{"@type":"BreadcrumbList","@id":"https:\/\/business.roovi.com\/de\/adult-1000-pieces-animal-faces-puzzle-cats-cats\/p\/#breadcrumb","itemListElement":[{"@type":"ListItem","position":1,"name":"Home","item":"https:\/\/business.roovi.com\/de\/"},{"@type":"ListItem","position":2,"name":"Shop","item":"https:\/\/business.roovi.com\/de\/shop\/"},{"@type":"ListItem","position":3,"name":"Adult 1000 pieces Animal Faces Puzzle &#8211; Cats\/Cats"}]},{"@type":"WebSite","@id":"https:\/\/business.roovi.com\/de\/#website","url":"https:\/\/business.roovi.com\/de\/","name":"Roovi B2B","description":"Roovi Business Website","potentialAction":[{"@type":"SearchAction","target":{"@type":"EntryPoint","urlTemplate":"https:\/\/business.roovi.com\/de\/?s={search_term_string}"},"query-input":"required name=search_term_string"}],"inLanguage":"de"}]}},"_links":{"self":[{"href":"https:\/\/business.roovi.com\/de\/wp-json\/wp\/v2\/product\/40122","targetHints":{"allow":["GET"]}}],"collection":[{"href":"https:\/\/business.roovi.com\/de\/wp-json\/wp\/v2\/product"}],"about":[{"href":"https:\/\/business.roovi.com\/de\/wp-json\/wp\/v2\/types\/product"}],"version-history":[{"count":0,"href":"https:\/\/business.roovi.com\/de\/wp-json\/wp\/v2\/product\/40122\/revisions"}],"wp:featuredmedia":[{"embeddable":true,"href":"https:\/\/business.roovi.com\/de\/wp-json\/wp\/v2\/media\/36848"}],"wp:attachment":[{"href":"https:\/\/business.roovi.com\/de\/wp-json\/wp\/v2\/media?parent=40122"}],"wp:term":[{"taxonomy":"product_brand","embeddable":true,"href":"https:\/\/business.roovi.com\/de\/wp-json\/wp\/v2\/product_brand?post=40122"},{"taxonomy":"product_cat","embeddable":true,"href":"https:\/\/business.roovi.com\/de\/wp-json\/wp\/v2\/product_cat?post=40122"},{"taxonomy":"product_tag","embeddable":true,"href":"https:\/\/business.roovi.com\/de\/wp-json\/wp\/v2\/product_tag?post=40122"}],"curies":[{"name":"wp","href":"https:\/\/api.w.org\/{rel}","templated":true}]}}