{"id":40126,"date":"2018-09-10T10:33:03","date_gmt":"2018-09-10T10:33:03","guid":{"rendered":"https:\/\/business.roovi.com\/puzzle-adulti-1000-piese-animal-faces-owlsbufnite\/p\/"},"modified":"2022-07-06T14:24:12","modified_gmt":"2022-07-06T14:24:12","slug":"1000-teile-puzzle-fur-erwachsene-tiergesichter-eulen","status":"publish","type":"product","link":"https:\/\/business.roovi.com\/de\/1000-teile-puzzle-fur-erwachsene-tiergesichter-eulen\/p\/","title":{"rendered":"1000 Teile Puzzle f\u00fcr Erwachsene &#8211; Tiergesichter &#8211; Eulen"},"content":{"rendered":"<p><span style=\"font-weight: 400\">M\u00f6chtest du einen Tag der kreativen Entspannung in deinem eigenen Zuhause verbringen? Entscheide dich f\u00fcr das 1000-teilige Puzzle im Patchwork-Stil mit vielen Eulengesichtern und bringe Abwechslung in eint\u00f6nige Stunden.<\/span><\/p>\n<p><span style=\"font-weight: 400\">Dutzende von ernsten Eulengesichtern starren dich von einem faszinierenden 1000-Teile-Puzzlebild an. Wir haben eine faszinierende Sammlung von 1000-teiligen Puzzle-Tieren mit erstaunlichen Mustern zusammengestellt. Das 1000-teilige Puzzle Tiergesichter &#8211; Eulen ist eines davon und wird dich mit der Klarheit des Bildes und der Perfektion der Farben \u00fcberraschen.<\/span><\/p>\n<p><span style=\"font-weight: 400\">Das Nacharbeiten eines Patchwork-Puzzles ist eine aufwendige Arbeit, die Geduld und Liebe zum Detail erfordert. Aber wenn du einmal im Spiel bist, bleibst du dran und willst nicht mehr aufgeben, bis das Bild fertig ist.<\/span><\/p>\n<p><span style=\"font-weight: 400\">Wenn du m\u00f6chtest, dass der Spa\u00df komplett ist, kannst du das 1000 Teile Tiergesichter &#8211; Eulen Puzzlebild mit deinen Kindern nachmachen. Es ist eine gute Gelegenheit, Zeit miteinander zu verbringen und deine F\u00e4higkeiten und deine Pers\u00f6nlichkeit zu entdecken.<\/span><\/p>\n<p><span style=\"font-weight: 400\">Hier sind einige technische Details zu diesem wunderbaren 1000-teiligen Puzzle Eulen unten:<\/span><\/p>\n<p><strong>Ma\u00dfe des reproduzierten Bildes: 50 x 70 cm <\/strong><span style=\"font-weight: 400\">Du kannst einen normalen Couchtisch verwenden, um die St\u00fccke zu st\u00fctzen.<\/span><\/p>\n<p><strong>Puzzle-Material <\/strong><\/p>\n<p><strong>hochwertiger blauer Karton<\/strong><\/p>\n<p><strong>nachhaltige, recycelbare Materialien<\/strong><\/p>\n<p><strong>halbgl\u00e4nzende Oberfl\u00e4che, leuchtende Farben<\/strong><\/p>\n<p><strong>Anzahl der Puzzleteile: 1000<\/strong><\/p>\n<p><strong>Empfohlenes Alter: 14+<\/strong><\/p>\n<p><strong>Warum ist das 1000 Teile Puzzle Tiergesichter &#8211; Eulen so besonders?<\/strong><\/p>\n<p><span style=\"font-weight: 400\">Auf diese Weise trainierst du deine Motorik, Geschicklichkeit und Koordination.<\/span><\/p>\n<p><span style=\"font-weight: 400\">Es erfordert deine Aufmerksamkeit f\u00fcr Details und h\u00e4lt dich l\u00e4nger konzentriert.<\/span><\/p>\n<p><span style=\"font-weight: 400\">Du bekommst ein Originalgem\u00e4lde, das du einrahmen und in deinem Haus ausstellen kannst.<\/span><\/p>\n<p><span style=\"font-weight: 400\">Es ist eine Gelegenheit, sich zu entspannen und von der t\u00e4glichen Routine abzuschalten.<\/span><\/p>\n<p><span style=\"font-weight: 400\">Es entwickelt dein logisches Denken und deine visuell-r\u00e4umliche Intelligenz.<\/span><\/p>\n<p><span style=\"font-weight: 400\">Du kannst viel Zeit mit deinen Liebsten verbringen.<\/span><\/p>\n<p><strong>Wusstest du, dass&#8230;?<\/strong><\/p>\n<p><span style=\"font-weight: 400\">Die Eule ist der gr\u00f6\u00dfte Nachtschw\u00e4rmer.<\/span><\/p>\n<p><span style=\"font-weight: 400\">Die gr\u00f6\u00dften Eulenarten haben eine Fl\u00fcgelspannweite von \u00fcber 2 Metern.<\/span><\/p>\n<p><span style=\"font-weight: 400\">Die runden Augen der Eule sind kugelig und nehmen die H\u00e4lfte ihres Kopfes ein.<\/span><\/p>\n<p><span style=\"font-weight: 400\">Eulen haben drei Augenlider.<\/span><\/p>\n<p><span style=\"font-weight: 400\">Es gibt rund 220 Eulenarten auf der Welt. In unserem Land gibt es 12 von ihnen.<\/span><\/p>\n<p><span style=\"font-weight: 400\">Diese faszinierenden V\u00f6gel leben schon seit \u00fcber 70 Millionen Jahren auf der Erde.<\/span><\/p>\n<p><strong>1000-teiliges Eulenpuzzle f\u00fcr viele Stunden entspannten Spa\u00df<\/strong><\/p>\n<p><span style=\"font-weight: 400\">Ein R\u00e4tselfreund<\/span> <span style=\"font-weight: 400\">ist gl\u00fccklich, wenn er ein Puzzlespiel findet, das seine Konzentration und Aufmerksamkeit f\u00fcr viele Stunden anregt. Das 1000-Teile-Puzzle im Patchwork-Stil ist genau das Puzzle f\u00fcr Erwachsene, das all diese Eigenschaften erf\u00fcllt.<\/span><\/p>\n<p><span style=\"font-weight: 400\">Unter den Dutzenden von Eulengesichtern wirst du einzigartige, faszinierende Arten entdecken. Wenn du dieses R\u00e4tsel mit deinen Kindern l\u00f6st, solltest du mehr Informationen \u00fcber die geheimnisvollen Kreaturen parat haben. Mach diese Aktivit\u00e4t lehrreich und interaktiv f\u00fcr deine Kinder. Du wirst sehen, dass sie gerne ihre F\u00e4higkeiten beim Zusammensetzen von 1000-teiligen Puzzles unter Beweis stellen und dass sie sich f\u00fcr die Welt der Tiere begeistern.<\/span><\/p>\n<p><span style=\"font-weight: 400\">Egal, ob du das 1000-teilige Puzzle alleine l\u00f6st oder dich mit deinen Liebsten vergn\u00fcgst, das 1000-teilige Puzzle Animal Faces &#8211; Owls ist ein gutes Puzzlespiel, das man immer im Haus haben sollte. Du kannst ihn so oft wiederverwenden, wie du willst, in der Gewissheit, dass er bei mehrfacher Verwendung nicht besch\u00e4digt wird, oder du kannst ihn nach der ersten Montage in den Rahmen legen. Es wird ein Accessoire sein, das einem langweiligen Raum Pers\u00f6nlichkeit verleiht.<\/span><\/p>\n<p><span style=\"font-weight: 400\">Wenn du dich f\u00fcr Symbole interessierst und bereits wei\u00dft, dass die Eule f\u00fcr Weisheit steht, wirst du ein Gem\u00e4lde mit den r\u00e4tselhaften Nachttieren noch mehr zu sch\u00e4tzen wissen.<\/span><\/p>\n<p><span style=\"font-weight: 400\">Das Patchwork-Puzzle 1000 Teile Eulen ist auch ein tolles Geschenk f\u00fcr Freunde, die leidenschaftlich gerne puzzeln oder die du zu kreativen Leistungen herausfordern m\u00f6chtest.<\/span><\/p><\/p>\n","protected":false},"excerpt":{"rendered":"<p>M\u00f6chtest du einen Tag der kreativen Entspannung in deinem eigenen Zuhause verbringen? Entscheide dich f\u00fcr das 1000-teilige Puzzle im Patchwork-Stil<\/p>\n","protected":false},"featured_media":36834,"template":"","meta":[],"product_brand":[],"product_cat":[1916,1875,1915],"product_tag":[],"class_list":{"0":"post-40126","1":"product","2":"type-product","3":"status-publish","4":"has-post-thumbnail","6":"product_cat-1000-teile-puzzle","7":"product_cat-puzzle-de","8":"product_cat-puzzlespiele-fur-erwachsene","9":"pa_brand-d_toys-de","10":"pa_country_of_manufacture-ro-de","11":"pa_filter_age-14-de","12":"pa_painter-tiergesichter","13":"pa_tip_ambalaj-kasten-a4-de","14":"pa_tip_puzzle-klassisch","16":"first","17":"instock","18":"taxable","19":"shipping-taxable","20":"product-type-simple"},"yoast_head":"<!-- This site is optimized with the Yoast SEO plugin v20.1 - https:\/\/yoast.com\/wordpress\/plugins\/seo\/ -->\n<title>1000 Teile Puzzle f\u00fcr Erwachsene - Tiergesichter - Eulen<\/title>\n<meta name=\"description\" content=\"1000 Teile Puzzle f\u00fcr Erwachsene - Tiergesichter - Eulen\" \/>\n<meta name=\"robots\" content=\"index, follow, max-snippet:-1, max-image-preview:large, max-video-preview:-1\" \/>\n<link rel=\"canonical\" href=\"https:\/\/business.roovi.com\/de\/1000-teile-puzzle-fur-erwachsene-tiergesichter-eulen\/p\/\" \/>\n<meta property=\"og:locale\" content=\"de_DE\" \/>\n<meta property=\"og:type\" content=\"article\" \/>\n<meta property=\"og:title\" content=\"1000 Teile Puzzle f\u00fcr Erwachsene - Tiergesichter - Eulen\" \/>\n<meta property=\"og:description\" content=\"1000 Teile Puzzle f\u00fcr Erwachsene - Tiergesichter - Eulen\" \/>\n<meta property=\"og:url\" content=\"https:\/\/business.roovi.com\/de\/1000-teile-puzzle-fur-erwachsene-tiergesichter-eulen\/p\/\" \/>\n<meta property=\"og:site_name\" content=\"Roovi B2B\" \/>\n<meta property=\"article:publisher\" content=\"https:\/\/www.facebook.com\/wwwjucariero\" \/>\n<meta property=\"article:modified_time\" content=\"2022-07-06T14:24:12+00:00\" \/>\n<meta property=\"og:image\" content=\"https:\/\/business.roovi.com\/wp-content\/uploads\/2018\/09\/74331-1_ansamblu_dimensiuni_cutie_cm_orizontal_1200x1200.png\" \/>\n\t<meta property=\"og:image:width\" content=\"1200\" \/>\n\t<meta property=\"og:image:height\" content=\"1200\" \/>\n\t<meta property=\"og:image:type\" content=\"image\/png\" \/>\n<meta name=\"twitter:label1\" content=\"Gesch\u00e4tzte Lesezeit\" \/>\n\t<meta name=\"twitter:data1\" content=\"3\u00a0Minuten\" \/>\n<script type=\"application\/ld+json\" class=\"yoast-schema-graph\">{\"@context\":\"https:\/\/schema.org\",\"@graph\":[{\"@type\":\"WebPage\",\"@id\":\"https:\/\/business.roovi.com\/de\/1000-teile-puzzle-fur-erwachsene-tiergesichter-eulen\/p\/\",\"url\":\"https:\/\/business.roovi.com\/de\/1000-teile-puzzle-fur-erwachsene-tiergesichter-eulen\/p\/\",\"name\":\"1000 Teile Puzzle f\u00fcr Erwachsene - Tiergesichter - Eulen\",\"isPartOf\":{\"@id\":\"https:\/\/business.roovi.com\/de\/#website\"},\"datePublished\":\"2018-09-10T10:33:03+00:00\",\"dateModified\":\"2022-07-06T14:24:12+00:00\",\"description\":\"1000 Teile Puzzle f\u00fcr Erwachsene - Tiergesichter - Eulen\",\"breadcrumb\":{\"@id\":\"https:\/\/business.roovi.com\/de\/1000-teile-puzzle-fur-erwachsene-tiergesichter-eulen\/p\/#breadcrumb\"},\"inLanguage\":\"de\",\"potentialAction\":[{\"@type\":\"ReadAction\",\"target\":[\"https:\/\/business.roovi.com\/de\/1000-teile-puzzle-fur-erwachsene-tiergesichter-eulen\/p\/\"]}]},{\"@type\":\"BreadcrumbList\",\"@id\":\"https:\/\/business.roovi.com\/de\/1000-teile-puzzle-fur-erwachsene-tiergesichter-eulen\/p\/#breadcrumb\",\"itemListElement\":[{\"@type\":\"ListItem\",\"position\":1,\"name\":\"Home\",\"item\":\"https:\/\/business.roovi.com\/de\/\"},{\"@type\":\"ListItem\",\"position\":2,\"name\":\"Shop\",\"item\":\"https:\/\/business.roovi.com\/de\/shop\/\"},{\"@type\":\"ListItem\",\"position\":3,\"name\":\"1000 Teile Puzzle f\u00fcr Erwachsene &#8211; Tiergesichter &#8211; Eulen\"}]},{\"@type\":\"WebSite\",\"@id\":\"https:\/\/business.roovi.com\/de\/#website\",\"url\":\"https:\/\/business.roovi.com\/de\/\",\"name\":\"Roovi B2B\",\"description\":\"Roovi Business Website\",\"potentialAction\":[{\"@type\":\"SearchAction\",\"target\":{\"@type\":\"EntryPoint\",\"urlTemplate\":\"https:\/\/business.roovi.com\/de\/?s={search_term_string}\"},\"query-input\":\"required name=search_term_string\"}],\"inLanguage\":\"de\"}]}<\/script>\n<!-- \/ Yoast SEO plugin. -->","yoast_head_json":{"title":"1000 Teile Puzzle f\u00fcr Erwachsene - Tiergesichter - Eulen","description":"1000 Teile Puzzle f\u00fcr Erwachsene - Tiergesichter - Eulen","robots":{"index":"index","follow":"follow","max-snippet":"max-snippet:-1","max-image-preview":"max-image-preview:large","max-video-preview":"max-video-preview:-1"},"canonical":"https:\/\/business.roovi.com\/de\/1000-teile-puzzle-fur-erwachsene-tiergesichter-eulen\/p\/","og_locale":"de_DE","og_type":"article","og_title":"1000 Teile Puzzle f\u00fcr Erwachsene - Tiergesichter - Eulen","og_description":"1000 Teile Puzzle f\u00fcr Erwachsene - Tiergesichter - Eulen","og_url":"https:\/\/business.roovi.com\/de\/1000-teile-puzzle-fur-erwachsene-tiergesichter-eulen\/p\/","og_site_name":"Roovi B2B","article_publisher":"https:\/\/www.facebook.com\/wwwjucariero","article_modified_time":"2022-07-06T14:24:12+00:00","og_image":[{"width":1200,"height":1200,"url":"https:\/\/business.roovi.com\/wp-content\/uploads\/2018\/09\/74331-1_ansamblu_dimensiuni_cutie_cm_orizontal_1200x1200.png","type":"image\/png"}],"twitter_misc":{"Gesch\u00e4tzte Lesezeit":"3\u00a0Minuten"},"schema":{"@context":"https:\/\/schema.org","@graph":[{"@type":"WebPage","@id":"https:\/\/business.roovi.com\/de\/1000-teile-puzzle-fur-erwachsene-tiergesichter-eulen\/p\/","url":"https:\/\/business.roovi.com\/de\/1000-teile-puzzle-fur-erwachsene-tiergesichter-eulen\/p\/","name":"1000 Teile Puzzle f\u00fcr Erwachsene - Tiergesichter - Eulen","isPartOf":{"@id":"https:\/\/business.roovi.com\/de\/#website"},"datePublished":"2018-09-10T10:33:03+00:00","dateModified":"2022-07-06T14:24:12+00:00","description":"1000 Teile Puzzle f\u00fcr Erwachsene - Tiergesichter - Eulen","breadcrumb":{"@id":"https:\/\/business.roovi.com\/de\/1000-teile-puzzle-fur-erwachsene-tiergesichter-eulen\/p\/#breadcrumb"},"inLanguage":"de","potentialAction":[{"@type":"ReadAction","target":["https:\/\/business.roovi.com\/de\/1000-teile-puzzle-fur-erwachsene-tiergesichter-eulen\/p\/"]}]},{"@type":"BreadcrumbList","@id":"https:\/\/business.roovi.com\/de\/1000-teile-puzzle-fur-erwachsene-tiergesichter-eulen\/p\/#breadcrumb","itemListElement":[{"@type":"ListItem","position":1,"name":"Home","item":"https:\/\/business.roovi.com\/de\/"},{"@type":"ListItem","position":2,"name":"Shop","item":"https:\/\/business.roovi.com\/de\/shop\/"},{"@type":"ListItem","position":3,"name":"1000 Teile Puzzle f\u00fcr Erwachsene &#8211; Tiergesichter &#8211; Eulen"}]},{"@type":"WebSite","@id":"https:\/\/business.roovi.com\/de\/#website","url":"https:\/\/business.roovi.com\/de\/","name":"Roovi B2B","description":"Roovi Business Website","potentialAction":[{"@type":"SearchAction","target":{"@type":"EntryPoint","urlTemplate":"https:\/\/business.roovi.com\/de\/?s={search_term_string}"},"query-input":"required name=search_term_string"}],"inLanguage":"de"}]}},"_links":{"self":[{"href":"https:\/\/business.roovi.com\/de\/wp-json\/wp\/v2\/product\/40126","targetHints":{"allow":["GET"]}}],"collection":[{"href":"https:\/\/business.roovi.com\/de\/wp-json\/wp\/v2\/product"}],"about":[{"href":"https:\/\/business.roovi.com\/de\/wp-json\/wp\/v2\/types\/product"}],"version-history":[{"count":0,"href":"https:\/\/business.roovi.com\/de\/wp-json\/wp\/v2\/product\/40126\/revisions"}],"wp:featuredmedia":[{"embeddable":true,"href":"https:\/\/business.roovi.com\/de\/wp-json\/wp\/v2\/media\/36834"}],"wp:attachment":[{"href":"https:\/\/business.roovi.com\/de\/wp-json\/wp\/v2\/media?parent=40126"}],"wp:term":[{"taxonomy":"product_brand","embeddable":true,"href":"https:\/\/business.roovi.com\/de\/wp-json\/wp\/v2\/product_brand?post=40126"},{"taxonomy":"product_cat","embeddable":true,"href":"https:\/\/business.roovi.com\/de\/wp-json\/wp\/v2\/product_cat?post=40126"},{"taxonomy":"product_tag","embeddable":true,"href":"https:\/\/business.roovi.com\/de\/wp-json\/wp\/v2\/product_tag?post=40126"}],"curies":[{"name":"wp","href":"https:\/\/api.w.org\/{rel}","templated":true}]}}