{"id":40134,"date":"2018-09-07T11:25:08","date_gmt":"2018-09-07T11:25:08","guid":{"rendered":"https:\/\/business.roovi.com\/puzzle-adulti-1000-piese-alfred-von-wierusz-kowalski-country-wedding\/p\/"},"modified":"2022-07-06T14:24:23","modified_gmt":"2022-07-06T14:24:23","slug":"1000-teile-puzzle-fur-erwachsene-alfred-von-wierusz-kowalski-country-wedding","status":"publish","type":"product","link":"https:\/\/business.roovi.com\/de\/1000-teile-puzzle-fur-erwachsene-alfred-von-wierusz-kowalski-country-wedding\/p\/","title":{"rendered":"1000-Teile-Puzzle f\u00fcr Erwachsene Alfred von Wierusz Kowalski &#8211; Country Wedding"},"content":{"rendered":"<p><span style=\"font-weight: 400\">Willst du dein Zuhause mit besonderen Gem\u00e4lden in leuchtenden Farben dekorieren? Setze das 1000-teilige Puzzle aus der Kunstpuzzle-Kollektion zusammen und verleihe deinem Zuhause einen raffinierten Look.<\/span><\/p>\n<p><span style=\"font-weight: 400\">Alfred von Wierusz Kowalski &#8211; Country Wedding 1000 Teile Puzzle dr\u00fcckt die Freude aus, die die Ehe in das Leben einfacher Menschen bringt. Ein realistisches Gem\u00e4lde aus dem 19. Jahrhundert wird dich stundenlang fesseln und dich in die faszinierende Welt der Kunstwerke entf\u00fchren.<\/span><\/p>\n<p><span style=\"font-weight: 400\">Dein Bild hat die Ma\u00dfe 50 x 70 cm und ein gew\u00f6hnlicher Couchtisch ist f\u00fcr die Montage geeignet. Lies unten mehr \u00fcber dieses wunderbare Kunstpuzzle:<\/span><\/p>\n<p><strong>Puzzle-Material <\/strong><\/p>\n<p><strong>hochwertiger blauer Karton<\/strong><\/p>\n<p><strong>nachhaltige, recycelbare Materialien<\/strong><\/p>\n<p><strong>halbgl\u00e4nzende Oberfl\u00e4che, leuchtende Farben<\/strong><\/p>\n<p><strong>Anzahl der Puzzleteile: 1000<\/strong><\/p>\n<p><strong>Empfohlenes Alter: 14+<\/strong><\/p>\n<p><strong>Was sind die Vorteile eines Kunstr\u00e4tsels?<\/strong><\/p>\n<p><span style=\"font-weight: 400\">Wenn du ein Kunstpuzzle zusammensetzt, bist du wie ein echter Detektiv: Du suchst in Hunderten von Teilen nach Hinweisen, die dir helfen, das Geheimnis eines erstaunlichen Kunstwerks zu l\u00fcften. Au\u00dferdem entwickelst du deine Vorstellungskraft, indem du in die Welt der Kunstwerke eintauchst und dir die Geschichte hinter dem Meisterwerk, das vor dir liegt, frei vorstellen kannst.<\/span><\/p>\n<p><span style=\"font-weight: 400\">Willst du dich von den Bildschirmen fernhalten? Kunstr\u00e4tsel sind die perfekte Ausrede, um dich aus der virtuellen Welt herauszuholen und dir viele Stunden der Entspannung und Ablenkung zu schenken. Die Arbeit an einem Kunstwerk gibt dir die M\u00f6glichkeit, deinen Sinn f\u00fcr \u00c4sthetik auf die n\u00e4chste Stufe zu heben <\/span><\/p>\n<p><span style=\"font-weight: 400\">Kunstr\u00e4tsel stellen deine Geduld auf die Probe, aber jeder Moment des Suchens wird durch die erstaunliche Zufriedenheit belohnt, die du am Ende deiner m\u00fchsamen Arbeit empfindest. Mit jedem Kunstpuzzle, das du zusammensetzt, erlebst du einen wunderbaren Erfolg. Genie\u00dfe diese kreative Leidenschaft jeden Tag!<\/span><\/p>\n<p><strong>Wusstest du \u00fcber Alfred von Wierusz Kowalski, dass&#8230;<\/strong><\/p>\n<p><span style=\"font-weight: 400\">Er ist einer der beliebtesten polnischen Maler.<\/span><\/p>\n<p><span style=\"font-weight: 400\">Er war Ehrenprofessor an der M\u00fcnchner Akademie.<\/span><\/p>\n<p><span style=\"font-weight: 400\">Seine Werke werden von deutschen Sammlern gesch\u00e4tzt und sind sehr begehrt.<\/span><\/p>\n<p><span style=\"font-weight: 400\">Er malte Landschaften, historische Szenen, aber auch Werke mit orientalischen Themen.<\/span><\/p>\n<p><span style=\"font-weight: 400\">Viele seiner Gem\u00e4lde befinden sich in Privatsammlungen in den USA.<\/span><\/p>\n<p><span style=\"font-weight: 400\">Sein bekanntestes Gem\u00e4lde ist <\/span><em><span style=\"font-weight: 400\">Der einsame Wolf<\/span><\/em><span style=\"font-weight: 400\">. Dies ist auch sein meist reproduziertes Gem\u00e4lde.<\/span><\/p>\n<p><strong>Alfred von Wierusz Kowalski 1000 Teile Puzzle &#8211; Country Wedding verbindet dich mit deinen Lieben<\/strong><\/p>\n<p><span style=\"font-weight: 400\">Suchst du nach einer M\u00f6glichkeit, mit Kindern im Teenageralter in Kontakt zu treten? Dieses wunderbare Kunstpuzzle ist die perfekte Gelegenheit, um ihre Aufmerksamkeit f\u00fcr viele Stunden zu fesseln. Arbeite zusammen, um dich neu zu erfinden und genie\u00dfe die Zeit, die du mit einem Kunstwerk verbringen kannst.<\/span><\/p>\n<p><span style=\"font-weight: 400\">Momente, die du mit deinen Lieben verbringst, sind unbezahlbar. Kunstpuzzles sind die perfekte Gelegenheit, um die Familie wieder zusammenzubringen und bleibende Erinnerungen zu schaffen.<\/span><\/p>\n<p><span style=\"font-weight: 400\">Entscheide dich f\u00fcr dieses Alfred von Wierusz Kowalski &#8211; Country Wedding Kunstpuzzle und genie\u00dfe ein tolles Entspannungserlebnis mit deinen Liebsten. Dieses 1000-teilige Puzzle aus der Kunstpuzzle-Kollektion ist ein tolles Geschenk, das du zu verschiedenen Anl\u00e4ssen an Freunde verschenken kannst, die Puzzlespiele lieben.<\/span><\/p><\/p>\n","protected":false},"excerpt":{"rendered":"<p>Willst du dein Zuhause mit besonderen Gem\u00e4lden in leuchtenden Farben dekorieren? Setze das 1000-teilige Puzzle aus der Kunstpuzzle-Kollektion zusammen und<\/p>\n","protected":false},"featured_media":63658,"template":"","meta":[],"product_brand":[],"product_cat":[1916,1875,1915],"product_tag":[],"class_list":{"0":"post-40134","1":"product","2":"type-product","3":"status-publish","4":"has-post-thumbnail","6":"product_cat-1000-teile-puzzle","7":"product_cat-puzzle-de","8":"product_cat-puzzlespiele-fur-erwachsene","9":"pa_brand-d_toys-de","10":"pa_country_of_manufacture-ro-de","11":"pa_filter_age-14-de","12":"pa_painter-alfred-kowalski","13":"pa_tip_ambalaj-kasten-a4-de","14":"pa_tip_puzzle-klassisch","16":"first","17":"instock","18":"taxable","19":"shipping-taxable","20":"product-type-simple"},"yoast_head":"<!-- This site is optimized with the Yoast SEO plugin v20.1 - https:\/\/yoast.com\/wordpress\/plugins\/seo\/ -->\n<title>1000-Teile-Puzzle f\u00fcr Erwachsene Alfred von Wierusz Kowalski - Country Wedding<\/title>\n<meta name=\"description\" content=\"1000-Teile-Puzzle f\u00fcr Erwachsene Alfred von Wierusz Kowalski - Country Wedding\" \/>\n<meta name=\"robots\" content=\"index, follow, max-snippet:-1, max-image-preview:large, max-video-preview:-1\" \/>\n<link rel=\"canonical\" href=\"https:\/\/business.roovi.com\/de\/1000-teile-puzzle-fur-erwachsene-alfred-von-wierusz-kowalski-country-wedding\/p\/\" \/>\n<meta property=\"og:locale\" content=\"de_DE\" \/>\n<meta property=\"og:type\" content=\"article\" \/>\n<meta property=\"og:title\" content=\"1000-Teile-Puzzle f\u00fcr Erwachsene Alfred von Wierusz Kowalski - Country Wedding\" \/>\n<meta property=\"og:description\" content=\"1000-Teile-Puzzle f\u00fcr Erwachsene Alfred von Wierusz Kowalski - Country Wedding\" \/>\n<meta property=\"og:url\" content=\"https:\/\/business.roovi.com\/de\/1000-teile-puzzle-fur-erwachsene-alfred-von-wierusz-kowalski-country-wedding\/p\/\" \/>\n<meta property=\"og:site_name\" content=\"Roovi B2B\" \/>\n<meta property=\"article:publisher\" content=\"https:\/\/www.facebook.com\/wwwjucariero\" \/>\n<meta property=\"article:modified_time\" content=\"2022-07-06T14:24:23+00:00\" \/>\n<meta property=\"og:image\" content=\"https:\/\/business.roovi.com\/wp-content\/uploads\/2018\/09\/74324_01.jpg\" \/>\n\t<meta property=\"og:image:width\" content=\"1200\" \/>\n\t<meta property=\"og:image:height\" content=\"1200\" \/>\n\t<meta property=\"og:image:type\" content=\"image\/jpeg\" \/>\n<meta name=\"twitter:label1\" content=\"Gesch\u00e4tzte Lesezeit\" \/>\n\t<meta name=\"twitter:data1\" content=\"2\u00a0Minuten\" \/>\n<script type=\"application\/ld+json\" class=\"yoast-schema-graph\">{\"@context\":\"https:\/\/schema.org\",\"@graph\":[{\"@type\":\"WebPage\",\"@id\":\"https:\/\/business.roovi.com\/de\/1000-teile-puzzle-fur-erwachsene-alfred-von-wierusz-kowalski-country-wedding\/p\/\",\"url\":\"https:\/\/business.roovi.com\/de\/1000-teile-puzzle-fur-erwachsene-alfred-von-wierusz-kowalski-country-wedding\/p\/\",\"name\":\"1000-Teile-Puzzle f\u00fcr Erwachsene Alfred von Wierusz Kowalski - Country Wedding\",\"isPartOf\":{\"@id\":\"https:\/\/business.roovi.com\/de\/#website\"},\"datePublished\":\"2018-09-07T11:25:08+00:00\",\"dateModified\":\"2022-07-06T14:24:23+00:00\",\"description\":\"1000-Teile-Puzzle f\u00fcr Erwachsene Alfred von Wierusz Kowalski - Country Wedding\",\"breadcrumb\":{\"@id\":\"https:\/\/business.roovi.com\/de\/1000-teile-puzzle-fur-erwachsene-alfred-von-wierusz-kowalski-country-wedding\/p\/#breadcrumb\"},\"inLanguage\":\"de\",\"potentialAction\":[{\"@type\":\"ReadAction\",\"target\":[\"https:\/\/business.roovi.com\/de\/1000-teile-puzzle-fur-erwachsene-alfred-von-wierusz-kowalski-country-wedding\/p\/\"]}]},{\"@type\":\"BreadcrumbList\",\"@id\":\"https:\/\/business.roovi.com\/de\/1000-teile-puzzle-fur-erwachsene-alfred-von-wierusz-kowalski-country-wedding\/p\/#breadcrumb\",\"itemListElement\":[{\"@type\":\"ListItem\",\"position\":1,\"name\":\"Home\",\"item\":\"https:\/\/business.roovi.com\/de\/\"},{\"@type\":\"ListItem\",\"position\":2,\"name\":\"Shop\",\"item\":\"https:\/\/business.roovi.com\/de\/shop\/\"},{\"@type\":\"ListItem\",\"position\":3,\"name\":\"1000-Teile-Puzzle f\u00fcr Erwachsene Alfred von Wierusz Kowalski &#8211; Country Wedding\"}]},{\"@type\":\"WebSite\",\"@id\":\"https:\/\/business.roovi.com\/de\/#website\",\"url\":\"https:\/\/business.roovi.com\/de\/\",\"name\":\"Roovi B2B\",\"description\":\"Roovi Business Website\",\"potentialAction\":[{\"@type\":\"SearchAction\",\"target\":{\"@type\":\"EntryPoint\",\"urlTemplate\":\"https:\/\/business.roovi.com\/de\/?s={search_term_string}\"},\"query-input\":\"required name=search_term_string\"}],\"inLanguage\":\"de\"}]}<\/script>\n<!-- \/ Yoast SEO plugin. -->","yoast_head_json":{"title":"1000-Teile-Puzzle f\u00fcr Erwachsene Alfred von Wierusz Kowalski - Country Wedding","description":"1000-Teile-Puzzle f\u00fcr Erwachsene Alfred von Wierusz Kowalski - Country Wedding","robots":{"index":"index","follow":"follow","max-snippet":"max-snippet:-1","max-image-preview":"max-image-preview:large","max-video-preview":"max-video-preview:-1"},"canonical":"https:\/\/business.roovi.com\/de\/1000-teile-puzzle-fur-erwachsene-alfred-von-wierusz-kowalski-country-wedding\/p\/","og_locale":"de_DE","og_type":"article","og_title":"1000-Teile-Puzzle f\u00fcr Erwachsene Alfred von Wierusz Kowalski - Country Wedding","og_description":"1000-Teile-Puzzle f\u00fcr Erwachsene Alfred von Wierusz Kowalski - Country Wedding","og_url":"https:\/\/business.roovi.com\/de\/1000-teile-puzzle-fur-erwachsene-alfred-von-wierusz-kowalski-country-wedding\/p\/","og_site_name":"Roovi B2B","article_publisher":"https:\/\/www.facebook.com\/wwwjucariero","article_modified_time":"2022-07-06T14:24:23+00:00","og_image":[{"width":1200,"height":1200,"url":"https:\/\/business.roovi.com\/wp-content\/uploads\/2018\/09\/74324_01.jpg","type":"image\/jpeg"}],"twitter_misc":{"Gesch\u00e4tzte Lesezeit":"2\u00a0Minuten"},"schema":{"@context":"https:\/\/schema.org","@graph":[{"@type":"WebPage","@id":"https:\/\/business.roovi.com\/de\/1000-teile-puzzle-fur-erwachsene-alfred-von-wierusz-kowalski-country-wedding\/p\/","url":"https:\/\/business.roovi.com\/de\/1000-teile-puzzle-fur-erwachsene-alfred-von-wierusz-kowalski-country-wedding\/p\/","name":"1000-Teile-Puzzle f\u00fcr Erwachsene Alfred von Wierusz Kowalski - Country Wedding","isPartOf":{"@id":"https:\/\/business.roovi.com\/de\/#website"},"datePublished":"2018-09-07T11:25:08+00:00","dateModified":"2022-07-06T14:24:23+00:00","description":"1000-Teile-Puzzle f\u00fcr Erwachsene Alfred von Wierusz Kowalski - Country Wedding","breadcrumb":{"@id":"https:\/\/business.roovi.com\/de\/1000-teile-puzzle-fur-erwachsene-alfred-von-wierusz-kowalski-country-wedding\/p\/#breadcrumb"},"inLanguage":"de","potentialAction":[{"@type":"ReadAction","target":["https:\/\/business.roovi.com\/de\/1000-teile-puzzle-fur-erwachsene-alfred-von-wierusz-kowalski-country-wedding\/p\/"]}]},{"@type":"BreadcrumbList","@id":"https:\/\/business.roovi.com\/de\/1000-teile-puzzle-fur-erwachsene-alfred-von-wierusz-kowalski-country-wedding\/p\/#breadcrumb","itemListElement":[{"@type":"ListItem","position":1,"name":"Home","item":"https:\/\/business.roovi.com\/de\/"},{"@type":"ListItem","position":2,"name":"Shop","item":"https:\/\/business.roovi.com\/de\/shop\/"},{"@type":"ListItem","position":3,"name":"1000-Teile-Puzzle f\u00fcr Erwachsene Alfred von Wierusz Kowalski &#8211; Country Wedding"}]},{"@type":"WebSite","@id":"https:\/\/business.roovi.com\/de\/#website","url":"https:\/\/business.roovi.com\/de\/","name":"Roovi B2B","description":"Roovi Business Website","potentialAction":[{"@type":"SearchAction","target":{"@type":"EntryPoint","urlTemplate":"https:\/\/business.roovi.com\/de\/?s={search_term_string}"},"query-input":"required name=search_term_string"}],"inLanguage":"de"}]}},"_links":{"self":[{"href":"https:\/\/business.roovi.com\/de\/wp-json\/wp\/v2\/product\/40134","targetHints":{"allow":["GET"]}}],"collection":[{"href":"https:\/\/business.roovi.com\/de\/wp-json\/wp\/v2\/product"}],"about":[{"href":"https:\/\/business.roovi.com\/de\/wp-json\/wp\/v2\/types\/product"}],"version-history":[{"count":0,"href":"https:\/\/business.roovi.com\/de\/wp-json\/wp\/v2\/product\/40134\/revisions"}],"wp:featuredmedia":[{"embeddable":true,"href":"https:\/\/business.roovi.com\/de\/wp-json\/wp\/v2\/media\/63658"}],"wp:attachment":[{"href":"https:\/\/business.roovi.com\/de\/wp-json\/wp\/v2\/media?parent=40134"}],"wp:term":[{"taxonomy":"product_brand","embeddable":true,"href":"https:\/\/business.roovi.com\/de\/wp-json\/wp\/v2\/product_brand?post=40134"},{"taxonomy":"product_cat","embeddable":true,"href":"https:\/\/business.roovi.com\/de\/wp-json\/wp\/v2\/product_cat?post=40134"},{"taxonomy":"product_tag","embeddable":true,"href":"https:\/\/business.roovi.com\/de\/wp-json\/wp\/v2\/product_tag?post=40134"}],"curies":[{"name":"wp","href":"https:\/\/api.w.org\/{rel}","templated":true}]}}