{"id":40142,"date":"2018-09-07T09:16:28","date_gmt":"2018-09-07T09:16:28","guid":{"rendered":"https:\/\/business.roovi.com\/puzzle-adulti-1000-piese-claude-monet-water-liliesnuferi\/p\/"},"modified":"2023-02-20T11:38:11","modified_gmt":"2023-02-20T11:38:11","slug":"1000-teile-puzzle-fur-erwachsene-claude-monet-seerosen","status":"publish","type":"product","link":"https:\/\/business.roovi.com\/de\/1000-teile-puzzle-fur-erwachsene-claude-monet-seerosen\/p\/","title":{"rendered":"1000-Teile-Puzzle f\u00fcr Erwachsene Claude Monet &#8211; Seerosen"},"content":{"rendered":"<p><span style=\"font-weight: 400;\">Wir laden dich in die gr\u00f6\u00dfte virtuelle Kunstgalerie f\u00fcr 1000-teilige Puzzles ein. Du hast jetzt die M\u00f6glichkeit, deine eigenen Meisterwerke mit Bildern ber\u00fchmter Gem\u00e4lde anzufertigen. St\u00f6bere in der Sammlung von Kunstr\u00e4tseln und w\u00e4hle deine Lieblingsr\u00e4tselspiele aus. Baue deine eigene Sammlung von Kunstr\u00e4tseln auf und genie\u00dfe deine Sinne beim Bewundern der einzigartigen Gem\u00e4lde.<\/span><\/p>\n<p><span style=\"font-weight: 400;\">Das 1000-teilige Puzzle Claude Monet &#8211; Seerosen reproduziert eines der ber\u00fchmtesten Gem\u00e4lde des K\u00fcnstlers und ist Teil einer beeindruckenden Serie von 250 Werken, die dieser Blume gewidmet sind. Die Gem\u00e4lde in dieser Serie zeigen Seerosen zu verschiedenen Tageszeiten, mit unterschiedlichen Lichtreflexen oder zur Hervorhebung bestimmter Stimmungen des K\u00fcnstlers. Lehn dich zur\u00fcck und fang an, ein lebendiges Gem\u00e4lde voller Farben und Raffinesse zu malen. Alles, was du brauchst, ist ein gew\u00f6hnlicher Couchtisch &#8211; das fertige Bild ist 50 x 70 cm gro\u00df &#8211; und Liebe zum Detail.<\/span><\/p>\n<p><strong>Eigenschaften des Puzzles Claude Monet &#8211; Seerosen<\/strong><\/p>\n<p><strong>Puzzle-Material <\/strong><\/p>\n<p><strong>hochwertiger blauer Karton<\/strong><\/p>\n<p><strong>nachhaltige, recycelbare Materialien<\/strong><\/p>\n<p><strong>halbgl\u00e4nzende Oberfl\u00e4che, leuchtende Farben<\/strong><\/p>\n<p><strong>Anzahl der Puzzleteile: 1000<\/strong><\/p>\n<p><strong>Empfohlenes Alter: 14+<\/strong><\/p>\n<p><strong>Puzzlespiele: 3 F\u00e4higkeiten, die sie entwickeln<\/strong><\/p>\n<p><strong>1. Liebe zum Detail.<\/strong><span style=\"font-weight: 400;\"> Aus 1000 Puzzleteilen zusammensetzen <\/span><em><span style=\"font-weight: 400;\">Wolken <\/span><\/em><span style=\"font-weight: 400;\">die R\u00e4tsel von Monet zum Beispiel sind eine \u00dcbung in akribischer Aufmerksamkeit. Die Schattierungen auf dem Gem\u00e4lde sind sehr \u00e4hnlich und du k\u00f6nntest den Platz der 1000 Puzzleteile verwechseln. Mit ein bisschen \u00dcbung gelingt es dir, und das Wichtigste ist, dass du neben der Nachbildung des wunderbaren Gem\u00e4ldes einen Sinn f\u00fcr die Beobachtung von Details entwickelst. In vielen Berufen oder T\u00e4tigkeiten ist die Liebe zum Detail sehr wichtig: in der Chirurgie, im Ingenieurwesen und vielen anderen.<\/span><\/p>\n<p><strong>2. Beharrlichkeit.<\/strong><span style=\"font-weight: 400;\"> Wenn du einmal mit einem 1000-Teile-Puzzle angefangen hast, gibt es kein Zur\u00fcck mehr, du musst das ganze Bild verstehen. Wenn du gerade erst anf\u00e4ngst, lass dich nicht entmutigen. Je mehr und je \u00f6fter du \u00fcbst, desto eher werden sich die Ergebnisse einstellen. Wenn du geduldig bist, wirst du jedes Ziel, das du dir setzt, erreichen k\u00f6nnen.<\/span><\/p>\n<p><strong>3. Die F\u00e4higkeit, Probleme zu l\u00f6sen <\/strong><span style=\"font-weight: 400;\">Das Puzzlespiel ist wie ein komplexes Problem. Du hast viele Anhaltspunkte, die dir helfen k\u00f6nnen, aber du musst hartn\u00e4ckig sein, die Sache von allen Seiten betrachten, deine Strategie festlegen und nach den besten L\u00f6sungen suchen. Am Ende bekommst du das Bild, das du dir von dem 1000-Teile-Puzzle gew\u00fcnscht hast, und die Zufriedenheit wird es wert sein. Diese F\u00e4higkeiten, die du in einem Puzzle f\u00fcr Erwachsene einsetzt, lassen sich auch auf andere Aktivit\u00e4ten in deinem Alltag \u00fcbertragen. So kannst du mehr Vertrauen in deine eigenen St\u00e4rken gewinnen und L\u00f6sungen f\u00fcr alle Probleme finden, die dir begegnen.<\/span><\/p>\n<p><strong>Claude Monet und seine Besessenheit von Seerosen<\/strong><\/p>\n<p><strong>Monet brachte Seerosen aus der ganzen Welt f\u00fcr seinen Garten mit<\/strong><span style=\"font-weight: 400;\">auch aus \u00c4gypten und S\u00fcdafrika. Nachdem er sie gepflanzt hatte, begann er sie zu bemalen.<\/span><\/p>\n<p><strong>Seine Faszination f\u00fcr diese Blumen brachte ihn in Schwierigkeiten mit seinen Nachbarn.<\/strong><span style=\"font-weight: 400;\"> Da sie mit den exotischen Pflanzen nicht vertraut waren und bef\u00fcrchteten, dass sie das Wasser vergiften w\u00fcrden, beschwerten sie sich im Rathaus. Die Beh\u00f6rden forderten ihn auf, die Seerosen aufzugeben, aber der Maler ignorierte die Warnungen <\/span><\/p>\n<p><strong>Er hat einen G\u00e4rtner daf\u00fcr bezahlt, seine Seerosen abzustauben <\/strong><span style=\"font-weight: 400;\">Sechs G\u00e4rtner k\u00fcmmerten sich um Monets Garten. Einer von ihnen war ausschlie\u00dflich f\u00fcr die Seerosen zust\u00e4ndig, die er t\u00e4glich abstaubte. Danach hat Monet sie gemalt.<\/span><\/p>\n<p><strong>In einem Wutanfall schnitt er 15 Seerosenbilder mit einem Messer ab <\/strong><span style=\"font-weight: 400;\">kurz vor der Pariser Ausstellung, die wegen dieses&#8230; Zwischenfalls verschoben wurde <\/span><\/p>\n<p><strong>Der K\u00fcnstler malte viele der Seerosen, nachdem bei ihm Grauer Star diagnostiziert wurde<\/strong><span style=\"font-weight: 400;\">und sein Sehverm\u00f6gen war beeintr\u00e4chtigt. Einige seiner Gem\u00e4lde sind deshalb dunkler, nicht weil er seinen Stil \u00e4ndern wollte.<\/span><\/p>\n<p><span style=\"font-weight: 400;\">Kunstr\u00e4tsel helfen dir, deinen k\u00fcnstlerischen Sinn zu entwickeln. Au\u00dferdem wirst du zu einem Experten im Zusammensetzen von Puzzles und kannst deinen Freunden deine F\u00e4higkeiten zeigen.<\/span><\/p>\n<p><span style=\"font-weight: 400;\">Kaufe jetzt Claude Monet &#8211; Seerosen 1000 piece jigsaw puzzle und du besitzt eine beeindruckende Nachbildung eines der 250 Gem\u00e4lde, die diesen Pflanzen gewidmet sind. Setze das 1000-teilige Puzzle &#8222;Seerosen&#8220; von Monet allein oder mit deinen Lieben zusammen. Wir garantieren bis zu 30 Stunden Entspannung <\/span><\/p>\n<p><span style=\"font-weight: 400;\">Wenn du einem Freund, der Puzzlespiele liebt, ein besonderes Geschenk machen willst, ist dieses Produkt die perfekte Wahl.<\/span><\/p>\n","protected":false},"excerpt":{"rendered":"<p>Wir laden dich in die gr\u00f6\u00dfte virtuelle Kunstgalerie f\u00fcr 1000-teilige Puzzles ein. Du hast jetzt die M\u00f6glichkeit, deine eigenen Meisterwerke<\/p>\n","protected":false},"featured_media":63247,"template":"","meta":[],"product_brand":[],"product_cat":[1916,1875,1915],"product_tag":[],"class_list":{"0":"post-40142","1":"product","2":"type-product","3":"status-publish","4":"has-post-thumbnail","6":"product_cat-1000-teile-puzzle","7":"product_cat-puzzle-de","8":"product_cat-puzzlespiele-fur-erwachsene","9":"pa_brand-d_toys-de","10":"pa_country_of_manufacture-ro-de","11":"pa_filter_age-14-de","12":"pa_painter-claude-monet","13":"pa_tip_ambalaj-kasten-a4-de","14":"pa_tip_puzzle-klassisch","16":"first","17":"instock","18":"taxable","19":"shipping-taxable","20":"product-type-simple"},"yoast_head":"<!-- This site is optimized with the Yoast SEO plugin v20.1 - https:\/\/yoast.com\/wordpress\/plugins\/seo\/ -->\n<title>1000-Teile-Puzzle f\u00fcr Erwachsene Claude Monet - Seerosen<\/title>\n<meta name=\"description\" content=\"1000-Teile-Puzzle f\u00fcr Erwachsene Claude Monet - Seerosen\" \/>\n<meta name=\"robots\" content=\"index, follow, max-snippet:-1, max-image-preview:large, max-video-preview:-1\" \/>\n<link rel=\"canonical\" href=\"https:\/\/business.roovi.com\/de\/1000-teile-puzzle-fur-erwachsene-claude-monet-seerosen\/p\/\" \/>\n<meta property=\"og:locale\" content=\"de_DE\" \/>\n<meta property=\"og:type\" content=\"article\" \/>\n<meta property=\"og:title\" content=\"1000-Teile-Puzzle f\u00fcr Erwachsene Claude Monet - Seerosen\" \/>\n<meta property=\"og:description\" content=\"1000-Teile-Puzzle f\u00fcr Erwachsene Claude Monet - Seerosen\" \/>\n<meta property=\"og:url\" content=\"https:\/\/business.roovi.com\/de\/1000-teile-puzzle-fur-erwachsene-claude-monet-seerosen\/p\/\" \/>\n<meta property=\"og:site_name\" content=\"Roovi B2B\" \/>\n<meta property=\"article:publisher\" content=\"https:\/\/www.facebook.com\/wwwjucariero\" \/>\n<meta property=\"article:modified_time\" content=\"2023-02-20T11:38:11+00:00\" \/>\n<meta property=\"og:image\" content=\"https:\/\/business.roovi.com\/wp-content\/uploads\/2018\/09\/67548-CM-06-WEB.jpg\" \/>\n\t<meta property=\"og:image:width\" content=\"1200\" \/>\n\t<meta property=\"og:image:height\" content=\"1200\" \/>\n\t<meta property=\"og:image:type\" content=\"image\/jpeg\" \/>\n<meta name=\"twitter:label1\" content=\"Gesch\u00e4tzte Lesezeit\" \/>\n\t<meta name=\"twitter:data1\" content=\"4\u00a0Minuten\" \/>\n<script type=\"application\/ld+json\" class=\"yoast-schema-graph\">{\"@context\":\"https:\/\/schema.org\",\"@graph\":[{\"@type\":\"WebPage\",\"@id\":\"https:\/\/business.roovi.com\/de\/1000-teile-puzzle-fur-erwachsene-claude-monet-seerosen\/p\/\",\"url\":\"https:\/\/business.roovi.com\/de\/1000-teile-puzzle-fur-erwachsene-claude-monet-seerosen\/p\/\",\"name\":\"1000-Teile-Puzzle f\u00fcr Erwachsene Claude Monet - Seerosen\",\"isPartOf\":{\"@id\":\"https:\/\/business.roovi.com\/de\/#website\"},\"datePublished\":\"2018-09-07T09:16:28+00:00\",\"dateModified\":\"2023-02-20T11:38:11+00:00\",\"description\":\"1000-Teile-Puzzle f\u00fcr Erwachsene Claude Monet - Seerosen\",\"breadcrumb\":{\"@id\":\"https:\/\/business.roovi.com\/de\/1000-teile-puzzle-fur-erwachsene-claude-monet-seerosen\/p\/#breadcrumb\"},\"inLanguage\":\"de\",\"potentialAction\":[{\"@type\":\"ReadAction\",\"target\":[\"https:\/\/business.roovi.com\/de\/1000-teile-puzzle-fur-erwachsene-claude-monet-seerosen\/p\/\"]}]},{\"@type\":\"BreadcrumbList\",\"@id\":\"https:\/\/business.roovi.com\/de\/1000-teile-puzzle-fur-erwachsene-claude-monet-seerosen\/p\/#breadcrumb\",\"itemListElement\":[{\"@type\":\"ListItem\",\"position\":1,\"name\":\"Home\",\"item\":\"https:\/\/business.roovi.com\/de\/\"},{\"@type\":\"ListItem\",\"position\":2,\"name\":\"Shop\",\"item\":\"https:\/\/business.roovi.com\/de\/shop\/\"},{\"@type\":\"ListItem\",\"position\":3,\"name\":\"1000-Teile-Puzzle f\u00fcr Erwachsene Claude Monet &#8211; Seerosen\"}]},{\"@type\":\"WebSite\",\"@id\":\"https:\/\/business.roovi.com\/de\/#website\",\"url\":\"https:\/\/business.roovi.com\/de\/\",\"name\":\"Roovi B2B\",\"description\":\"Roovi Business Website\",\"potentialAction\":[{\"@type\":\"SearchAction\",\"target\":{\"@type\":\"EntryPoint\",\"urlTemplate\":\"https:\/\/business.roovi.com\/de\/?s={search_term_string}\"},\"query-input\":\"required name=search_term_string\"}],\"inLanguage\":\"de\"}]}<\/script>\n<!-- \/ Yoast SEO plugin. -->","yoast_head_json":{"title":"1000-Teile-Puzzle f\u00fcr Erwachsene Claude Monet - Seerosen","description":"1000-Teile-Puzzle f\u00fcr Erwachsene Claude Monet - Seerosen","robots":{"index":"index","follow":"follow","max-snippet":"max-snippet:-1","max-image-preview":"max-image-preview:large","max-video-preview":"max-video-preview:-1"},"canonical":"https:\/\/business.roovi.com\/de\/1000-teile-puzzle-fur-erwachsene-claude-monet-seerosen\/p\/","og_locale":"de_DE","og_type":"article","og_title":"1000-Teile-Puzzle f\u00fcr Erwachsene Claude Monet - Seerosen","og_description":"1000-Teile-Puzzle f\u00fcr Erwachsene Claude Monet - Seerosen","og_url":"https:\/\/business.roovi.com\/de\/1000-teile-puzzle-fur-erwachsene-claude-monet-seerosen\/p\/","og_site_name":"Roovi B2B","article_publisher":"https:\/\/www.facebook.com\/wwwjucariero","article_modified_time":"2023-02-20T11:38:11+00:00","og_image":[{"width":1200,"height":1200,"url":"https:\/\/business.roovi.com\/wp-content\/uploads\/2018\/09\/67548-CM-06-WEB.jpg","type":"image\/jpeg"}],"twitter_misc":{"Gesch\u00e4tzte Lesezeit":"4\u00a0Minuten"},"schema":{"@context":"https:\/\/schema.org","@graph":[{"@type":"WebPage","@id":"https:\/\/business.roovi.com\/de\/1000-teile-puzzle-fur-erwachsene-claude-monet-seerosen\/p\/","url":"https:\/\/business.roovi.com\/de\/1000-teile-puzzle-fur-erwachsene-claude-monet-seerosen\/p\/","name":"1000-Teile-Puzzle f\u00fcr Erwachsene Claude Monet - Seerosen","isPartOf":{"@id":"https:\/\/business.roovi.com\/de\/#website"},"datePublished":"2018-09-07T09:16:28+00:00","dateModified":"2023-02-20T11:38:11+00:00","description":"1000-Teile-Puzzle f\u00fcr Erwachsene Claude Monet - Seerosen","breadcrumb":{"@id":"https:\/\/business.roovi.com\/de\/1000-teile-puzzle-fur-erwachsene-claude-monet-seerosen\/p\/#breadcrumb"},"inLanguage":"de","potentialAction":[{"@type":"ReadAction","target":["https:\/\/business.roovi.com\/de\/1000-teile-puzzle-fur-erwachsene-claude-monet-seerosen\/p\/"]}]},{"@type":"BreadcrumbList","@id":"https:\/\/business.roovi.com\/de\/1000-teile-puzzle-fur-erwachsene-claude-monet-seerosen\/p\/#breadcrumb","itemListElement":[{"@type":"ListItem","position":1,"name":"Home","item":"https:\/\/business.roovi.com\/de\/"},{"@type":"ListItem","position":2,"name":"Shop","item":"https:\/\/business.roovi.com\/de\/shop\/"},{"@type":"ListItem","position":3,"name":"1000-Teile-Puzzle f\u00fcr Erwachsene Claude Monet &#8211; Seerosen"}]},{"@type":"WebSite","@id":"https:\/\/business.roovi.com\/de\/#website","url":"https:\/\/business.roovi.com\/de\/","name":"Roovi B2B","description":"Roovi Business Website","potentialAction":[{"@type":"SearchAction","target":{"@type":"EntryPoint","urlTemplate":"https:\/\/business.roovi.com\/de\/?s={search_term_string}"},"query-input":"required name=search_term_string"}],"inLanguage":"de"}]}},"_links":{"self":[{"href":"https:\/\/business.roovi.com\/de\/wp-json\/wp\/v2\/product\/40142","targetHints":{"allow":["GET"]}}],"collection":[{"href":"https:\/\/business.roovi.com\/de\/wp-json\/wp\/v2\/product"}],"about":[{"href":"https:\/\/business.roovi.com\/de\/wp-json\/wp\/v2\/types\/product"}],"version-history":[{"count":0,"href":"https:\/\/business.roovi.com\/de\/wp-json\/wp\/v2\/product\/40142\/revisions"}],"wp:featuredmedia":[{"embeddable":true,"href":"https:\/\/business.roovi.com\/de\/wp-json\/wp\/v2\/media\/63247"}],"wp:attachment":[{"href":"https:\/\/business.roovi.com\/de\/wp-json\/wp\/v2\/media?parent=40142"}],"wp:term":[{"taxonomy":"product_brand","embeddable":true,"href":"https:\/\/business.roovi.com\/de\/wp-json\/wp\/v2\/product_brand?post=40142"},{"taxonomy":"product_cat","embeddable":true,"href":"https:\/\/business.roovi.com\/de\/wp-json\/wp\/v2\/product_cat?post=40142"},{"taxonomy":"product_tag","embeddable":true,"href":"https:\/\/business.roovi.com\/de\/wp-json\/wp\/v2\/product_tag?post=40142"}],"curies":[{"name":"wp","href":"https:\/\/api.w.org\/{rel}","templated":true}]}}