{"id":40146,"date":"2018-09-06T10:57:20","date_gmt":"2018-09-06T10:57:20","guid":{"rendered":"https:\/\/business.roovi.com\/puzzle-adulti-1000-piese-vincent-van-gogh-starry-night-over-the-rhone\/p\/"},"modified":"2022-07-06T14:24:47","modified_gmt":"2022-07-06T14:24:47","slug":"1000-teile-puzzle-fur-erwachsene-vincent-van-gogh-sternennacht-uber-der-rhone","status":"publish","type":"product","link":"https:\/\/business.roovi.com\/de\/1000-teile-puzzle-fur-erwachsene-vincent-van-gogh-sternennacht-uber-der-rhone\/p\/","title":{"rendered":"1000 Teile Puzzle f\u00fcr Erwachsene Vincent van Gogh &#8211; Sternennacht \u00fcber der Rhone"},"content":{"rendered":"<p><span style=\"font-weight: 400\">Wie w\u00e4re es, wenn du virtuell durch eine Kunstgalerie schlendern und etablierte Kunstwerke in deinen Einkaufswagen legen k\u00f6nntest? Unsere Sammlung von Kunstr\u00e4tseln macht diesen einzigartigen Kauf m\u00f6glich <\/span><\/p>\n<p><span style=\"font-weight: 400\">Das 1000-teilige Puzzle Vincent van Gogh &#8211; Sternennacht \u00fcber der Rhone stellt das gleichnamige Gem\u00e4lde des K\u00fcnstlers dar, der von der Sch\u00f6nheit und dem Geheimnis des Sternenhimmels fasziniert war. Du kannst aus diesem sch\u00f6nen Puzzle f\u00fcr Erwachsene dein eigenes Kunstwerk machen. Das Produkt ist aus hochwertigen Materialien hergestellt, die es widerstandsf\u00e4hig gegen mehrfachen Gebrauch machen.<\/span><\/p>\n<p><span style=\"font-weight: 400\">Weitere Merkmale des Vincent van Gogh &#8211; Sternennacht \u00fcber der Rhone Kunstpuzzles:<\/span><\/p>\n<p><strong>Ma\u00dfe des rekonstruierten Gem\u00e4ldes: 50 x 70 cm.<\/strong><span style=\"font-weight: 400\"> Du kannst einen gew\u00f6hnlichen Couchtisch verwenden, um das Bild nachzubilden.<\/span><\/p>\n<p><strong>Puzzle-Material <\/strong><\/p>\n<p><strong>hochwertiger blauer Karton<\/strong><\/p>\n<p><strong>nachhaltige, recycelbare Materialien<\/strong><\/p>\n<p><strong>halbgl\u00e4nzende Oberfl\u00e4che, leuchtende Farben<\/strong><\/p>\n<p><strong>Anzahl der Puzzleteile: 1000<\/strong><\/p>\n<p><strong>Empfohlenes Alter: 14+<\/strong><\/p>\n<p><strong>Puzzlespiele sind mehr als nur ein Weg zur Entspannung<\/strong><\/p>\n<p><span style=\"font-weight: 400\">Das Zusammensetzen von Puzzles mit 1000 Teilen ist nicht nur entspannend und macht Spa\u00df, es ist auch gut f\u00fcr deine Gesundheit. Hier ist der Grund daf\u00fcr:<\/span><\/p>\n<p><span style=\"font-weight: 400\">Verbessert das Langzeitged\u00e4chtnis<\/span><\/p>\n<p><span style=\"font-weight: 400\">Sie regen die Dopaminproduktion im Gehirn an, was zu einem allgemeinen Wohlgef\u00fchl f\u00fchrt.<\/span><\/p>\n<p><span style=\"font-weight: 400\">Erzeugt einen meditations\u00e4hnlichen Effekt der geistigen Entspannung.<\/span><\/p>\n<p><span style=\"font-weight: 400\">Neurodegenerativen Krankheiten wie Alzheimer vorbeugen.<\/span><\/p>\n<p><strong>Wusstest du schon von Vincent van Gogh?&#8230;<\/strong><\/p>\n<p><span style=\"font-weight: 400\">Er malte 900 Bilder in 10 Jahren. Anscheinend war dieses Kunstst\u00fcck tats\u00e4chlich auf Hypergraphie zur\u00fcckzuf\u00fchren &#8211; eine Krankheit, die einen dazu bringt, immer wieder zu schreiben, und die sich bei ihm in einem heftigen Verlangen zu malen manifestierte.<\/span><\/p>\n<p><span style=\"font-weight: 400\">Bevor er sich ausschlie\u00dflich der Kunst widmete, war er abwechselnd Kunsth\u00e4ndler, Lehrer und Prediger.<\/span><\/p>\n<p><span style=\"font-weight: 400\">Er soll zu Lebzeiten nur ein Gem\u00e4lde verkauft haben &#8211; <\/span><em><span style=\"font-weight: 400\">Der Rote Weinberg.<\/span><\/em><\/p>\n<p><span style=\"font-weight: 400\">Er war ein schlechter K\u00fcnstler. Er konnte es sich nicht leisten, Modelle zu bezahlen, die f\u00fcr ihn posierten, deshalb zeigen viele seiner Bilder Bauern, Blumen und Landschaften.<\/span><\/p>\n<p><strong>Die Traurigkeit wird immer andauern<\/strong><span style=\"font-weight: 400\"> &#8211; waren seine letzten Worte, so sein Bruder Theo, der in seinen letzten Momenten an seiner Seite war.<\/span><\/p>\n<p><strong>Puzzlespiele fordern dich heraus, erfinderisch zu sein!<\/strong><\/p>\n<p><span style=\"font-weight: 400\">R\u00e4tsel f\u00fcr Erwachsene sind eine st\u00e4ndige Herausforderung. Sie bringen dich zum Nachdenken und dazu, das R\u00e4tselspiel auf verschiedene Arten zu l\u00f6sen. Wiederholte Versuche, auf die manchmal ein Misserfolg, manchmal ein Erfolg folgt, regen deine Kreativit\u00e4t an. Dieses Training der Vorstellungskraft hilft dir, F\u00e4higkeiten zu entwickeln, um Probleme in verschiedenen Bereichen innovativ und effektiv zu l\u00f6sen.<\/span><\/p>\n<p><span style=\"font-weight: 400\">Teste deinen Einfallsreichtum und l\u00f6se das Kunstr\u00e4tsel <\/span><span style=\"font-weight: 400\">Vincent van Gogh &#8211; Sternennacht \u00fcber der Rhone! Kaufe dieses 1000-teilige Puzzle und vervollst\u00e4ndige das Kunstgem\u00e4lde allein oder mit Familie und Freunden. Wenn du auf der Suche nach einem besonderen Geschenk bist, ist das 10000-Teile-Puzzle <\/span><span style=\"font-weight: 400\"> <\/span><span style=\"font-weight: 400\">Vincent van Gogh &#8211; Sternennacht \u00fcber der Rhone aus der Sammlung Kunstr\u00e4tsel ist das perfekte Geschenk!<\/span><\/p>\n","protected":false},"excerpt":{"rendered":"<p>Wie w\u00e4re es, wenn du virtuell durch eine Kunstgalerie schlendern und etablierte Kunstwerke in deinen Einkaufswagen legen k\u00f6nntest? Unsere Sammlung<\/p>\n","protected":false},"featured_media":62883,"template":"","meta":[],"product_brand":[],"product_cat":[1916,1875,1915],"product_tag":[],"class_list":{"0":"post-40146","1":"product","2":"type-product","3":"status-publish","4":"has-post-thumbnail","6":"product_cat-1000-teile-puzzle","7":"product_cat-puzzle-de","8":"product_cat-puzzlespiele-fur-erwachsene","9":"pa_bax-10-de","10":"pa_brand-d_toys-de","11":"pa_country_of_manufacture-ro-de","12":"pa_filter_age-14-de","13":"pa_painter-vincentvangogh-de","14":"pa_tip_ambalaj-kasten-a4-de","15":"pa_tip_puzzle-klassisch","17":"first","18":"instock","19":"taxable","20":"shipping-taxable","21":"product-type-simple"},"yoast_head":"<!-- This site is optimized with the Yoast SEO plugin v20.1 - https:\/\/yoast.com\/wordpress\/plugins\/seo\/ -->\n<title>1000 Teile Puzzle f\u00fcr Erwachsene Vincent van Gogh - Sternennacht \u00fcber der Rhone<\/title>\n<meta name=\"description\" content=\"1000 Teile Puzzle f\u00fcr Erwachsene Vincent van Gogh - Sternennacht \u00fcber der Rhone\" \/>\n<meta name=\"robots\" content=\"index, follow, max-snippet:-1, max-image-preview:large, max-video-preview:-1\" \/>\n<link rel=\"canonical\" href=\"https:\/\/business.roovi.com\/de\/1000-teile-puzzle-fur-erwachsene-vincent-van-gogh-sternennacht-uber-der-rhone\/p\/\" \/>\n<meta property=\"og:locale\" content=\"de_DE\" \/>\n<meta property=\"og:type\" content=\"article\" \/>\n<meta property=\"og:title\" content=\"1000 Teile Puzzle f\u00fcr Erwachsene Vincent van Gogh - Sternennacht \u00fcber der Rhone\" \/>\n<meta property=\"og:description\" content=\"1000 Teile Puzzle f\u00fcr Erwachsene Vincent van Gogh - Sternennacht \u00fcber der Rhone\" \/>\n<meta property=\"og:url\" content=\"https:\/\/business.roovi.com\/de\/1000-teile-puzzle-fur-erwachsene-vincent-van-gogh-sternennacht-uber-der-rhone\/p\/\" \/>\n<meta property=\"og:site_name\" content=\"Roovi B2B\" \/>\n<meta property=\"article:publisher\" content=\"https:\/\/www.facebook.com\/wwwjucariero\" \/>\n<meta property=\"article:modified_time\" content=\"2022-07-06T14:24:47+00:00\" \/>\n<meta property=\"og:image\" content=\"https:\/\/business.roovi.com\/wp-content\/uploads\/2018\/09\/66916-11_ansamblu_dimensiuni_cutie_cm_1200x1200.png\" \/>\n\t<meta property=\"og:image:width\" content=\"1200\" \/>\n\t<meta property=\"og:image:height\" content=\"1200\" \/>\n\t<meta property=\"og:image:type\" content=\"image\/png\" \/>\n<meta name=\"twitter:label1\" content=\"Gesch\u00e4tzte Lesezeit\" \/>\n\t<meta name=\"twitter:data1\" content=\"2\u00a0Minuten\" \/>\n<script type=\"application\/ld+json\" class=\"yoast-schema-graph\">{\"@context\":\"https:\/\/schema.org\",\"@graph\":[{\"@type\":\"WebPage\",\"@id\":\"https:\/\/business.roovi.com\/de\/1000-teile-puzzle-fur-erwachsene-vincent-van-gogh-sternennacht-uber-der-rhone\/p\/\",\"url\":\"https:\/\/business.roovi.com\/de\/1000-teile-puzzle-fur-erwachsene-vincent-van-gogh-sternennacht-uber-der-rhone\/p\/\",\"name\":\"1000 Teile Puzzle f\u00fcr Erwachsene Vincent van Gogh - Sternennacht \u00fcber der Rhone\",\"isPartOf\":{\"@id\":\"https:\/\/business.roovi.com\/de\/#website\"},\"datePublished\":\"2018-09-06T10:57:20+00:00\",\"dateModified\":\"2022-07-06T14:24:47+00:00\",\"description\":\"1000 Teile Puzzle f\u00fcr Erwachsene Vincent van Gogh - Sternennacht \u00fcber der Rhone\",\"breadcrumb\":{\"@id\":\"https:\/\/business.roovi.com\/de\/1000-teile-puzzle-fur-erwachsene-vincent-van-gogh-sternennacht-uber-der-rhone\/p\/#breadcrumb\"},\"inLanguage\":\"de\",\"potentialAction\":[{\"@type\":\"ReadAction\",\"target\":[\"https:\/\/business.roovi.com\/de\/1000-teile-puzzle-fur-erwachsene-vincent-van-gogh-sternennacht-uber-der-rhone\/p\/\"]}]},{\"@type\":\"BreadcrumbList\",\"@id\":\"https:\/\/business.roovi.com\/de\/1000-teile-puzzle-fur-erwachsene-vincent-van-gogh-sternennacht-uber-der-rhone\/p\/#breadcrumb\",\"itemListElement\":[{\"@type\":\"ListItem\",\"position\":1,\"name\":\"Home\",\"item\":\"https:\/\/business.roovi.com\/de\/\"},{\"@type\":\"ListItem\",\"position\":2,\"name\":\"Shop\",\"item\":\"https:\/\/business.roovi.com\/de\/shop\/\"},{\"@type\":\"ListItem\",\"position\":3,\"name\":\"1000 Teile Puzzle f\u00fcr Erwachsene Vincent van Gogh &#8211; Sternennacht \u00fcber der Rhone\"}]},{\"@type\":\"WebSite\",\"@id\":\"https:\/\/business.roovi.com\/de\/#website\",\"url\":\"https:\/\/business.roovi.com\/de\/\",\"name\":\"Roovi B2B\",\"description\":\"Roovi Business Website\",\"potentialAction\":[{\"@type\":\"SearchAction\",\"target\":{\"@type\":\"EntryPoint\",\"urlTemplate\":\"https:\/\/business.roovi.com\/de\/?s={search_term_string}\"},\"query-input\":\"required name=search_term_string\"}],\"inLanguage\":\"de\"}]}<\/script>\n<!-- \/ Yoast SEO plugin. -->","yoast_head_json":{"title":"1000 Teile Puzzle f\u00fcr Erwachsene Vincent van Gogh - Sternennacht \u00fcber der Rhone","description":"1000 Teile Puzzle f\u00fcr Erwachsene Vincent van Gogh - Sternennacht \u00fcber der Rhone","robots":{"index":"index","follow":"follow","max-snippet":"max-snippet:-1","max-image-preview":"max-image-preview:large","max-video-preview":"max-video-preview:-1"},"canonical":"https:\/\/business.roovi.com\/de\/1000-teile-puzzle-fur-erwachsene-vincent-van-gogh-sternennacht-uber-der-rhone\/p\/","og_locale":"de_DE","og_type":"article","og_title":"1000 Teile Puzzle f\u00fcr Erwachsene Vincent van Gogh - Sternennacht \u00fcber der Rhone","og_description":"1000 Teile Puzzle f\u00fcr Erwachsene Vincent van Gogh - Sternennacht \u00fcber der Rhone","og_url":"https:\/\/business.roovi.com\/de\/1000-teile-puzzle-fur-erwachsene-vincent-van-gogh-sternennacht-uber-der-rhone\/p\/","og_site_name":"Roovi B2B","article_publisher":"https:\/\/www.facebook.com\/wwwjucariero","article_modified_time":"2022-07-06T14:24:47+00:00","og_image":[{"width":1200,"height":1200,"url":"https:\/\/business.roovi.com\/wp-content\/uploads\/2018\/09\/66916-11_ansamblu_dimensiuni_cutie_cm_1200x1200.png","type":"image\/png"}],"twitter_misc":{"Gesch\u00e4tzte Lesezeit":"2\u00a0Minuten"},"schema":{"@context":"https:\/\/schema.org","@graph":[{"@type":"WebPage","@id":"https:\/\/business.roovi.com\/de\/1000-teile-puzzle-fur-erwachsene-vincent-van-gogh-sternennacht-uber-der-rhone\/p\/","url":"https:\/\/business.roovi.com\/de\/1000-teile-puzzle-fur-erwachsene-vincent-van-gogh-sternennacht-uber-der-rhone\/p\/","name":"1000 Teile Puzzle f\u00fcr Erwachsene Vincent van Gogh - Sternennacht \u00fcber der Rhone","isPartOf":{"@id":"https:\/\/business.roovi.com\/de\/#website"},"datePublished":"2018-09-06T10:57:20+00:00","dateModified":"2022-07-06T14:24:47+00:00","description":"1000 Teile Puzzle f\u00fcr Erwachsene Vincent van Gogh - Sternennacht \u00fcber der Rhone","breadcrumb":{"@id":"https:\/\/business.roovi.com\/de\/1000-teile-puzzle-fur-erwachsene-vincent-van-gogh-sternennacht-uber-der-rhone\/p\/#breadcrumb"},"inLanguage":"de","potentialAction":[{"@type":"ReadAction","target":["https:\/\/business.roovi.com\/de\/1000-teile-puzzle-fur-erwachsene-vincent-van-gogh-sternennacht-uber-der-rhone\/p\/"]}]},{"@type":"BreadcrumbList","@id":"https:\/\/business.roovi.com\/de\/1000-teile-puzzle-fur-erwachsene-vincent-van-gogh-sternennacht-uber-der-rhone\/p\/#breadcrumb","itemListElement":[{"@type":"ListItem","position":1,"name":"Home","item":"https:\/\/business.roovi.com\/de\/"},{"@type":"ListItem","position":2,"name":"Shop","item":"https:\/\/business.roovi.com\/de\/shop\/"},{"@type":"ListItem","position":3,"name":"1000 Teile Puzzle f\u00fcr Erwachsene Vincent van Gogh &#8211; Sternennacht \u00fcber der Rhone"}]},{"@type":"WebSite","@id":"https:\/\/business.roovi.com\/de\/#website","url":"https:\/\/business.roovi.com\/de\/","name":"Roovi B2B","description":"Roovi Business Website","potentialAction":[{"@type":"SearchAction","target":{"@type":"EntryPoint","urlTemplate":"https:\/\/business.roovi.com\/de\/?s={search_term_string}"},"query-input":"required name=search_term_string"}],"inLanguage":"de"}]}},"_links":{"self":[{"href":"https:\/\/business.roovi.com\/de\/wp-json\/wp\/v2\/product\/40146","targetHints":{"allow":["GET"]}}],"collection":[{"href":"https:\/\/business.roovi.com\/de\/wp-json\/wp\/v2\/product"}],"about":[{"href":"https:\/\/business.roovi.com\/de\/wp-json\/wp\/v2\/types\/product"}],"version-history":[{"count":0,"href":"https:\/\/business.roovi.com\/de\/wp-json\/wp\/v2\/product\/40146\/revisions"}],"wp:featuredmedia":[{"embeddable":true,"href":"https:\/\/business.roovi.com\/de\/wp-json\/wp\/v2\/media\/62883"}],"wp:attachment":[{"href":"https:\/\/business.roovi.com\/de\/wp-json\/wp\/v2\/media?parent=40146"}],"wp:term":[{"taxonomy":"product_brand","embeddable":true,"href":"https:\/\/business.roovi.com\/de\/wp-json\/wp\/v2\/product_brand?post=40146"},{"taxonomy":"product_cat","embeddable":true,"href":"https:\/\/business.roovi.com\/de\/wp-json\/wp\/v2\/product_cat?post=40146"},{"taxonomy":"product_tag","embeddable":true,"href":"https:\/\/business.roovi.com\/de\/wp-json\/wp\/v2\/product_tag?post=40146"}],"curies":[{"name":"wp","href":"https:\/\/api.w.org\/{rel}","templated":true}]}}