{"id":40154,"date":"2018-09-06T09:28:30","date_gmt":"2018-09-06T09:28:30","guid":{"rendered":"https:\/\/business.roovi.com\/puzzle-adulti-1000-piese-discover-europe-insula-corfu\/p\/"},"modified":"2022-07-06T14:29:10","modified_gmt":"2022-07-06T14:29:10","slug":"insel-korfu-puzzle-puzzle-fur-erwachsene-1000-teile-europa-entdecken","status":"publish","type":"product","link":"https:\/\/business.roovi.com\/de\/insel-korfu-puzzle-puzzle-fur-erwachsene-1000-teile-europa-entdecken\/p\/","title":{"rendered":"Insel Korfu Puzzle &#8211; Puzzle f\u00fcr Erwachsene 1000 Teile &#8211; Europa entdecken"},"content":{"rendered":"<p><strong><em>Die 1000-teilige Puzzleserie Discover Europe verbindet die Leidenschaft f\u00fcr Puzzles und Reisen. Erstelle deine eigene einzigartige Sammlung von 1000-teiligen Puzzlebrettern mit Bildern von einigen der ber\u00fchmtesten Sehensw\u00fcrdigkeiten des alten Kontinents.<\/em><\/strong><\/p>\n<p><span style=\"font-weight: 400\">Das 1000-teilige Puzzle Insel Korfu entf\u00fchrt deine Gedanken an einen der wilden Str\u00e4nde dieses wundersch\u00f6nen Reiseziels. Eine idyllische Landschaft, die dir ein entspannendes Gef\u00fchl gibt und dich von den Alltagssorgen ablenkt.<\/span><\/p>\n<p><span style=\"font-weight: 400\">Die Insel Korfu, auch genannt <\/span><em><span style=\"font-weight: 400\">Smaragdinsel <\/span><\/em><span style=\"font-weight: 400\">von Griechenland beherbergt \u00fcber 3 Millionen Olivenb\u00e4ume und ist die gr\u00fcnste griechische Insel. Exotische Str\u00e4nde, atemberaubende Landschaften, endloses t\u00fcrkisfarbenes Wasser und eine reiche Geschichte, verwoben mit Legenden und Symbolen, machen es zu einem m\u00e4rchenhaften Reiseziel, das jeder Reiseliebhaber mindestens einmal besuchen m\u00f6chte.<\/span><\/p>\n<p><span style=\"font-weight: 400\">Wir laden dich ein, die Landschaft des 1000-Teile-Puzzles Insel Korfu nachzubilden und das Gef\u00fchl von Freiheit zu erleben, das es ausl\u00f6st. Die Teile in diesem Puzzlespiel sind pr\u00e4zise geschnitten und passen perfekt zusammen, sodass das endg\u00fcltige Bild perfekt ist. Rahme die zusammengesetzte Landschaft aus dem 1000-Teile-Puzzle ein und verwende sie als Deko-Objekt.<\/span><\/p>\n<p><strong>Warum solltest du dich f\u00fcr ein 1000-Teile-Puzzle aus der Kollektion Discover Europe entscheiden?<\/strong><\/p>\n<p><span style=\"font-weight: 400\">Ein Puzzle mit einem Bild einer Touristenattraktion ist eine Gelegenheit, sich zu entspannen und vom Alltag abzuschalten.<\/span><\/p>\n<p><span style=\"font-weight: 400\">Du bekommst ein 68 x 47 cm gro\u00dfes Bild, das jeder tristen Stelle in deinem Zuhause Pers\u00f6nlichkeit verleiht.<\/span><\/p>\n<p><span style=\"font-weight: 400\">Er ist aus hochwertigem Karton gefertigt, der die St\u00fccke auch nach mehrmaligem Gebrauch noch haltbar macht.<\/span><\/p>\n<p><span style=\"font-weight: 400\">Jedes Puzzle f\u00fcr Erwachsene ist naturfreundlich und aus nachhaltigen und recycelbaren Materialien hergestellt.<\/span><\/p>\n<p><span style=\"font-weight: 400\">Es hat eine halbgl\u00e4nzende Oberfl\u00e4che und angenehme Farben, die die Sch\u00f6nheit des Bildes hervorheben.<\/span><\/p>\n<p><span style=\"font-weight: 400\">Es ist f\u00fcr Menschen ab 14 Jahren geeignet, ein guter Grund, um mit Teenagern Zeit zu verbringen.<\/span><\/p>\n<p><span style=\"font-weight: 400\">Ein 1000-teiliges Puzzle f\u00fcr Erwachsene zusammenzusetzen ist eine Aktivit\u00e4t, von der du auf vielen Ebenen profitierst:<\/span><\/p>\n<ul>\n<li><span style=\"font-weight: 400\">Es schult deine Geduld und Ausdauer.<\/span><\/li>\n<li><span style=\"font-weight: 400\">Es entwickelt deine Kreativit\u00e4t und deinen Wissensdrang.<\/span><\/li>\n<li><span style=\"font-weight: 400\">Das ist eine tolle M\u00f6glichkeit, dein Ged\u00e4chtnis zu trainieren.<\/span><\/li>\n<li><span style=\"font-weight: 400\">Du wirst aufmerksamer f\u00fcr Details und kannst dich lange auf eine Aufgabe konzentrieren.<\/span><\/li>\n<li><span style=\"font-weight: 400\">Du verbesserst deine Stimmung und gewinnst Vertrauen in deine eigenen St\u00e4rken.<\/span><\/li>\n<\/ul>\n<p><strong>Wusstest du, dass&#8230;?<\/strong><\/p>\n<p><span style=\"font-weight: 400\">Name der Insel, <\/span><em><span style=\"font-weight: 400\">Korfu,<\/span><\/em><span style=\"font-weight: 400\"> kommt von dem Namen der Nymphe <\/span><em><span style=\"font-weight: 400\">KorKyra <\/span><\/em><span style=\"font-weight: 400\">Die Legende besagt, dass Poesidon, der Meeresgott, sich in sie verliebte, sie entf\u00fchrte und auf diese Insel brachte, die sp\u00e4ter ihren Namen erhielt.<\/span><\/p>\n<p><span style=\"font-weight: 400\">Zu Ostern gibt es auf Korfu einen l\u00e4rmenden Brauch: Am Ostersamstag werfen die Einheimischen Tonkr\u00fcge mit zwei Henkeln und roten B\u00e4ndern von den Balkonen der H\u00e4user. Dieser Brauch soll b\u00f6se Geister abwehren und Wohlstand und Gl\u00fcck bringen.<\/span><\/p>\n<p><span style=\"font-weight: 400\">Es hei\u00dft, dass die Einheimischen im 14. bis 18. Jahrhundert f\u00fcr jeden gepflanzten Olivenbaum eine Goldm\u00fcnze erhielten. Das \u00d6l wurde zum Anz\u00fcnden von Lampen in Venedig verwendet.<\/span><\/p>\n<p><strong>Insel Korfu 1000 Teile Puzzle &#8211; zur Wiederherstellung des inneren Gleichgewichts<\/strong><\/p>\n<p><span style=\"font-weight: 400\">Das Puzzlespiel fordert deinen Geist heraus und hilft dir gleichzeitig, dich tief zu entspannen. Diese erstaunliche Aktivit\u00e4t f\u00f6rdert die Stimmung <\/span><em><span style=\"font-weight: 400\">Alpha <\/span><\/em><span style=\"font-weight: 400\">\u00e4hnlich wie im Traumzustand. Deshalb gelingt es dir, Stress abzubauen und dich von negativen Gedanken und Problemen zu l\u00f6sen <\/span><\/p>\n<p><span style=\"font-weight: 400\">Du kommst wieder mit dir selbst in Kontakt und stellst dein inneres Gleichgewicht m\u00fchelos wieder her, indem du einfach 1000 Puzzleteile an die richtige Stelle legst.<\/span><\/p>\n<p><span style=\"font-weight: 400\">F\u00fcr Momente der inneren Entspannung, der Wiedervereinigung mit geliebten Menschen oder des geselligen Beisammenseins mit Freunden ist das 1000-teilige Puzzle Corfu Island aus der Discover Europe Kollektion das perfekte Spiel. Dieses Puzzle f\u00fcr Erwachsene kann auch das richtige Geschenk sein, wenn du nach einem Urlaubs- oder Jubil\u00e4umsgeschenk suchst.<\/span><\/p><\/p>\n","protected":false},"excerpt":{"rendered":"<p>Die 1000-teilige Puzzleserie Discover Europe verbindet die Leidenschaft f\u00fcr Puzzles und Reisen. Erstelle deine eigene einzigartige Sammlung von 1000-teiligen Puzzlebrettern<\/p>\n","protected":false},"featured_media":36766,"template":"","meta":[],"product_brand":[],"product_cat":[1916,1875,1915],"product_tag":[],"class_list":{"0":"post-40154","1":"product","2":"type-product","3":"status-publish","4":"has-post-thumbnail","6":"product_cat-1000-teile-puzzle","7":"product_cat-puzzle-de","8":"product_cat-puzzlespiele-fur-erwachsene","9":"pa_bax-7-de","10":"pa_brand-d_toys-de","11":"pa_country_of_manufacture-ro-de","12":"pa_filter_age-14-de","13":"pa_painter-discover-europe","14":"pa_tip_ambalaj-kasten-a4-de","15":"pa_tip_puzzle-klassisch","17":"first","18":"instock","19":"taxable","20":"shipping-taxable","21":"product-type-simple"},"yoast_head":"<!-- This site is optimized with the Yoast SEO plugin v20.1 - https:\/\/yoast.com\/wordpress\/plugins\/seo\/ -->\n<title>Insel Korfu Puzzle - Puzzle f\u00fcr Erwachsene 1000 Teile - Europa entdecken<\/title>\n<meta name=\"description\" content=\"Insel Korfu Puzzle - Puzzle f\u00fcr Erwachsene 1000 Teile - Europa entdecken\" \/>\n<meta name=\"robots\" content=\"index, follow, max-snippet:-1, max-image-preview:large, max-video-preview:-1\" \/>\n<link rel=\"canonical\" href=\"https:\/\/business.roovi.com\/de\/insel-korfu-puzzle-puzzle-fur-erwachsene-1000-teile-europa-entdecken\/p\/\" \/>\n<meta property=\"og:locale\" content=\"de_DE\" \/>\n<meta property=\"og:type\" content=\"article\" \/>\n<meta property=\"og:title\" content=\"Insel Korfu Puzzle - Puzzle f\u00fcr Erwachsene 1000 Teile - Europa entdecken\" \/>\n<meta property=\"og:description\" content=\"Insel Korfu Puzzle - Puzzle f\u00fcr Erwachsene 1000 Teile - Europa entdecken\" \/>\n<meta property=\"og:url\" content=\"https:\/\/business.roovi.com\/de\/insel-korfu-puzzle-puzzle-fur-erwachsene-1000-teile-europa-entdecken\/p\/\" \/>\n<meta property=\"og:site_name\" content=\"Roovi B2B\" \/>\n<meta property=\"article:publisher\" content=\"https:\/\/www.facebook.com\/wwwjucariero\" \/>\n<meta property=\"article:modified_time\" content=\"2022-07-06T14:29:10+00:00\" \/>\n<meta property=\"og:image\" content=\"https:\/\/business.roovi.com\/wp-content\/uploads\/2018\/09\/65995-08-ansamblu_dimensiuni-cutie-cm.png\" \/>\n\t<meta property=\"og:image:width\" content=\"1200\" \/>\n\t<meta property=\"og:image:height\" content=\"1200\" \/>\n\t<meta property=\"og:image:type\" content=\"image\/png\" \/>\n<meta name=\"twitter:label1\" content=\"Gesch\u00e4tzte Lesezeit\" \/>\n\t<meta name=\"twitter:data1\" content=\"3\u00a0Minuten\" \/>\n<script type=\"application\/ld+json\" class=\"yoast-schema-graph\">{\"@context\":\"https:\/\/schema.org\",\"@graph\":[{\"@type\":\"WebPage\",\"@id\":\"https:\/\/business.roovi.com\/de\/insel-korfu-puzzle-puzzle-fur-erwachsene-1000-teile-europa-entdecken\/p\/\",\"url\":\"https:\/\/business.roovi.com\/de\/insel-korfu-puzzle-puzzle-fur-erwachsene-1000-teile-europa-entdecken\/p\/\",\"name\":\"Insel Korfu Puzzle - Puzzle f\u00fcr Erwachsene 1000 Teile - Europa entdecken\",\"isPartOf\":{\"@id\":\"https:\/\/business.roovi.com\/de\/#website\"},\"datePublished\":\"2018-09-06T09:28:30+00:00\",\"dateModified\":\"2022-07-06T14:29:10+00:00\",\"description\":\"Insel Korfu Puzzle - Puzzle f\u00fcr Erwachsene 1000 Teile - Europa entdecken\",\"breadcrumb\":{\"@id\":\"https:\/\/business.roovi.com\/de\/insel-korfu-puzzle-puzzle-fur-erwachsene-1000-teile-europa-entdecken\/p\/#breadcrumb\"},\"inLanguage\":\"de\",\"potentialAction\":[{\"@type\":\"ReadAction\",\"target\":[\"https:\/\/business.roovi.com\/de\/insel-korfu-puzzle-puzzle-fur-erwachsene-1000-teile-europa-entdecken\/p\/\"]}]},{\"@type\":\"BreadcrumbList\",\"@id\":\"https:\/\/business.roovi.com\/de\/insel-korfu-puzzle-puzzle-fur-erwachsene-1000-teile-europa-entdecken\/p\/#breadcrumb\",\"itemListElement\":[{\"@type\":\"ListItem\",\"position\":1,\"name\":\"Home\",\"item\":\"https:\/\/business.roovi.com\/de\/\"},{\"@type\":\"ListItem\",\"position\":2,\"name\":\"Shop\",\"item\":\"https:\/\/business.roovi.com\/de\/shop\/\"},{\"@type\":\"ListItem\",\"position\":3,\"name\":\"Insel Korfu Puzzle &#8211; Puzzle f\u00fcr Erwachsene 1000 Teile &#8211; Europa entdecken\"}]},{\"@type\":\"WebSite\",\"@id\":\"https:\/\/business.roovi.com\/de\/#website\",\"url\":\"https:\/\/business.roovi.com\/de\/\",\"name\":\"Roovi B2B\",\"description\":\"Roovi Business Website\",\"potentialAction\":[{\"@type\":\"SearchAction\",\"target\":{\"@type\":\"EntryPoint\",\"urlTemplate\":\"https:\/\/business.roovi.com\/de\/?s={search_term_string}\"},\"query-input\":\"required name=search_term_string\"}],\"inLanguage\":\"de\"}]}<\/script>\n<!-- \/ Yoast SEO plugin. -->","yoast_head_json":{"title":"Insel Korfu Puzzle - Puzzle f\u00fcr Erwachsene 1000 Teile - Europa entdecken","description":"Insel Korfu Puzzle - Puzzle f\u00fcr Erwachsene 1000 Teile - Europa entdecken","robots":{"index":"index","follow":"follow","max-snippet":"max-snippet:-1","max-image-preview":"max-image-preview:large","max-video-preview":"max-video-preview:-1"},"canonical":"https:\/\/business.roovi.com\/de\/insel-korfu-puzzle-puzzle-fur-erwachsene-1000-teile-europa-entdecken\/p\/","og_locale":"de_DE","og_type":"article","og_title":"Insel Korfu Puzzle - Puzzle f\u00fcr Erwachsene 1000 Teile - Europa entdecken","og_description":"Insel Korfu Puzzle - Puzzle f\u00fcr Erwachsene 1000 Teile - Europa entdecken","og_url":"https:\/\/business.roovi.com\/de\/insel-korfu-puzzle-puzzle-fur-erwachsene-1000-teile-europa-entdecken\/p\/","og_site_name":"Roovi B2B","article_publisher":"https:\/\/www.facebook.com\/wwwjucariero","article_modified_time":"2022-07-06T14:29:10+00:00","og_image":[{"width":1200,"height":1200,"url":"https:\/\/business.roovi.com\/wp-content\/uploads\/2018\/09\/65995-08-ansamblu_dimensiuni-cutie-cm.png","type":"image\/png"}],"twitter_misc":{"Gesch\u00e4tzte Lesezeit":"3\u00a0Minuten"},"schema":{"@context":"https:\/\/schema.org","@graph":[{"@type":"WebPage","@id":"https:\/\/business.roovi.com\/de\/insel-korfu-puzzle-puzzle-fur-erwachsene-1000-teile-europa-entdecken\/p\/","url":"https:\/\/business.roovi.com\/de\/insel-korfu-puzzle-puzzle-fur-erwachsene-1000-teile-europa-entdecken\/p\/","name":"Insel Korfu Puzzle - Puzzle f\u00fcr Erwachsene 1000 Teile - Europa entdecken","isPartOf":{"@id":"https:\/\/business.roovi.com\/de\/#website"},"datePublished":"2018-09-06T09:28:30+00:00","dateModified":"2022-07-06T14:29:10+00:00","description":"Insel Korfu Puzzle - Puzzle f\u00fcr Erwachsene 1000 Teile - Europa entdecken","breadcrumb":{"@id":"https:\/\/business.roovi.com\/de\/insel-korfu-puzzle-puzzle-fur-erwachsene-1000-teile-europa-entdecken\/p\/#breadcrumb"},"inLanguage":"de","potentialAction":[{"@type":"ReadAction","target":["https:\/\/business.roovi.com\/de\/insel-korfu-puzzle-puzzle-fur-erwachsene-1000-teile-europa-entdecken\/p\/"]}]},{"@type":"BreadcrumbList","@id":"https:\/\/business.roovi.com\/de\/insel-korfu-puzzle-puzzle-fur-erwachsene-1000-teile-europa-entdecken\/p\/#breadcrumb","itemListElement":[{"@type":"ListItem","position":1,"name":"Home","item":"https:\/\/business.roovi.com\/de\/"},{"@type":"ListItem","position":2,"name":"Shop","item":"https:\/\/business.roovi.com\/de\/shop\/"},{"@type":"ListItem","position":3,"name":"Insel Korfu Puzzle &#8211; Puzzle f\u00fcr Erwachsene 1000 Teile &#8211; Europa entdecken"}]},{"@type":"WebSite","@id":"https:\/\/business.roovi.com\/de\/#website","url":"https:\/\/business.roovi.com\/de\/","name":"Roovi B2B","description":"Roovi Business Website","potentialAction":[{"@type":"SearchAction","target":{"@type":"EntryPoint","urlTemplate":"https:\/\/business.roovi.com\/de\/?s={search_term_string}"},"query-input":"required name=search_term_string"}],"inLanguage":"de"}]}},"_links":{"self":[{"href":"https:\/\/business.roovi.com\/de\/wp-json\/wp\/v2\/product\/40154","targetHints":{"allow":["GET"]}}],"collection":[{"href":"https:\/\/business.roovi.com\/de\/wp-json\/wp\/v2\/product"}],"about":[{"href":"https:\/\/business.roovi.com\/de\/wp-json\/wp\/v2\/types\/product"}],"version-history":[{"count":0,"href":"https:\/\/business.roovi.com\/de\/wp-json\/wp\/v2\/product\/40154\/revisions"}],"wp:featuredmedia":[{"embeddable":true,"href":"https:\/\/business.roovi.com\/de\/wp-json\/wp\/v2\/media\/36766"}],"wp:attachment":[{"href":"https:\/\/business.roovi.com\/de\/wp-json\/wp\/v2\/media?parent=40154"}],"wp:term":[{"taxonomy":"product_brand","embeddable":true,"href":"https:\/\/business.roovi.com\/de\/wp-json\/wp\/v2\/product_brand?post=40154"},{"taxonomy":"product_cat","embeddable":true,"href":"https:\/\/business.roovi.com\/de\/wp-json\/wp\/v2\/product_cat?post=40154"},{"taxonomy":"product_tag","embeddable":true,"href":"https:\/\/business.roovi.com\/de\/wp-json\/wp\/v2\/product_tag?post=40154"}],"curies":[{"name":"wp","href":"https:\/\/api.w.org\/{rel}","templated":true}]}}