{"id":40166,"date":"2018-09-06T09:18:05","date_gmt":"2018-09-06T09:18:05","guid":{"rendered":"https:\/\/business.roovi.com\/puzzle-adulti-1000-piese-discover-europe-acropolis\/p\/"},"modified":"2022-07-06T14:29:30","modified_gmt":"2022-07-06T14:29:30","slug":"akropolis-puzzle-puzzle-fur-erwachsene-1000-teile-europa-entdecken","status":"publish","type":"product","link":"https:\/\/business.roovi.com\/de\/akropolis-puzzle-puzzle-fur-erwachsene-1000-teile-europa-entdecken\/p\/","title":{"rendered":"Akropolis Puzzle &#8211; Puzzle f\u00fcr Erwachsene 1000 Teile &#8211; Europa entdecken"},"content":{"rendered":"<p><strong><em>Halte unvergessliche Erinnerungen an Traumurlaube in Europa in einzigartigen 1000-Teile-Puzzlebildern fest. Die Reihe Discover Europe enth\u00e4lt Puzzlespiele mit atemberaubenden Bildern von einigen der spektakul\u00e4rsten Sehensw\u00fcrdigkeiten des alten Kontinents.<\/em><\/strong><\/p>\n<p><span style=\"font-weight: 400\">Mit dem Discover Europe &#8211; Akropolis 1000 Teile Puzzle hast du die M\u00f6glichkeit, aus 1000 Puzzleteilen das Bild dieses antiken Meisterwerks, Symbol f\u00fcr die Gr\u00f6\u00dfe der griechischen Kunst, nachzubilden.<\/span><\/p>\n<p><span style=\"font-weight: 400\">Wenn du in Athen bist, darfst du die Akropolis nicht verpassen, vor allem, weil diese <\/span><span style=\"font-weight: 400\">das ikonische Weltkulturdenkmal ist von jedem Teil der griechischen Hauptstadt aus sichtbar <\/span><\/p>\n<p><span style=\"font-weight: 400\">Die Athener Akropolis ist der beeindruckendste Monumentalkomplex des antiken Griechenlands, der bis heute erhalten geblieben ist. Sie liegt auf einem felsigen H\u00fcgel oberhalb von Athen und beherbergt die \u00dcberreste mehrerer antiker Geb\u00e4ude von unsch\u00e4tzbarem architektonischen Wert, von denen das Parthenon das ber\u00fchmteste ist.<\/span><\/p>\n<p><span style=\"font-weight: 400\">Mit diesem 1000-Teile-Puzzle hast du die M\u00f6glichkeit, die beeindruckenden Details dieses ber\u00fchmten Wahrzeichens voller Geschichte und Symbole zu bewundern. Baue St\u00fcck f\u00fcr St\u00fcck ein gro\u00dfartiges Akropolis-Puzzle f\u00fcr Erwachsene, das \u00fcberall spektakul\u00e4r aussehen wird, wo du es ausstellen willst.<\/span><\/p>\n<p><strong>Warum solltest du dich f\u00fcr das 1000-Teile-Puzzle Discover Europe &#8211; Acropolis entscheiden?<\/strong><\/p>\n<p><span style=\"font-weight: 400\">Es ist eine erholsame und entspannende Art, deine Freizeit zu verbringen.<\/span><\/p>\n<p><span style=\"font-weight: 400\">Du erh\u00e4ltst ein 68 x 47 cm gro\u00dfes Bild, das jedem tristen Fleck in deinem Zuhause einen raffinierten Touch verleiht.<\/span><\/p>\n<p><span style=\"font-weight: 400\">Er ist aus hochwertigem blauen Karton gefertigt, der die Teile auch nach mehrmaligem Zusammenbau stabil macht.<\/span><\/p>\n<p><span style=\"font-weight: 400\">Wir verwenden bei der Herstellung unserer Puzzlespiele nur nachhaltige und recycelbare Materialien.<\/span><\/p>\n<p><span style=\"font-weight: 400\">Es hat eine halbgl\u00e4nzende Oberfl\u00e4che und leuchtende Farben, die die Sch\u00f6nheit des Bildes hervorheben.<\/span><\/p>\n<p><span style=\"font-weight: 400\">Geeignet ab 14 Jahren &#8211; ein Grund mehr, Teenager in die Geheimnisse der griechischen Welt einzuf\u00fchren.<\/span><\/p>\n<p><span style=\"font-weight: 400\">Das gibt dir die M\u00f6glichkeit, ein paar entspannte Stunden mit Freunden zu verbringen.<\/span><\/p>\n<p><span style=\"font-weight: 400\">Es ist eine gro\u00dfartige M\u00f6glichkeit, F\u00e4higkeiten wie Detailgenauigkeit, Geschicklichkeit und Feinmotorik zu entwickeln.<\/span><\/p>\n<p><strong>Wusstest du, dass&#8230;?<\/strong><\/p>\n<p><span style=\"font-weight: 400\">Die ersten Geb\u00e4ude des Akropolis-Komplexes wurden zu Verteidigungszwecken gebaut. Die antiken Mykener bauten im 13. Jahrhundert v. Chr. die erste Verteidigungsmauer. Fragmente dieser Struktur sind noch heute zu sehen <\/span><\/p>\n<p><span style=\"font-weight: 400\">Das imposanteste Geb\u00e4ude des Komplexes, der Parthenon, der Tempel der G\u00f6ttin Athene, wurde ab 447 v. Chr. gebaut. Im Laufe der Geschichte war es ein Gotteshaus, eine Kirche, eine christliche Kirche, eine Moschee, ein Munitionsdepot und jetzt eine Touristenattraktion.<\/span><\/p>\n<p><strong>1000 Teile Akropolis und der Zustand des Gl\u00fccks Puzzle<\/strong><\/p>\n<p><span style=\"font-weight: 400\">Es ist erwiesen, dass das menschliche Gehirn beim Puzzeln mehr Dopamin produziert, einen Neurotransmitter, der f\u00fcr Wohlbefinden, Optimismus und Gl\u00fcck sorgt <\/span><\/p>\n<p><span style=\"font-weight: 400\">Mehr als nur Entspannung, du kannst mit dem 1000-teiligen Akropolis-Puzzle einen Zustand der Freude erleben, gepaart mit der Befriedigung, ein au\u00dfergew\u00f6hnliches Bild mit deinen eigenen H\u00e4nden geschaffen zu haben. Stell dieses Meisterwerk in den Rahmen und bewundere es in aller Ruhe <\/span><span style=\"font-weight: 400\">die au\u00dfergew\u00f6hnlichen architektonischen Elemente eines weltber\u00fchmten Denkmals.<\/span><\/p>\n<p><span style=\"font-weight: 400\">1000 Teile Puzzle <\/span><span style=\"font-weight: 400\">Akropolis aus der Kollektion Discover Europe<\/span><span style=\"font-weight: 400\"> ist ein ideales Geschenk f\u00fcr alle Liebhaber von Sch\u00f6nheit und Puzzlespielen. Z\u00f6gere nicht, es an deine Lieben zu verschenken. Mit diesem besonderen Puzzle f\u00fcr Erwachsene bringst du sie zum L\u00e4cheln und zur Freude.<\/span><\/p><\/p>\n","protected":false},"excerpt":{"rendered":"<p>Halte unvergessliche Erinnerungen an Traumurlaube in Europa in einzigartigen 1000-Teile-Puzzlebildern fest. Die Reihe Discover Europe enth\u00e4lt Puzzlespiele mit atemberaubenden Bildern<\/p>\n","protected":false},"featured_media":36724,"template":"","meta":[],"product_brand":[],"product_cat":[1916,1875,1915],"product_tag":[],"class_list":{"0":"post-40166","1":"product","2":"type-product","3":"status-publish","4":"has-post-thumbnail","6":"product_cat-1000-teile-puzzle","7":"product_cat-puzzle-de","8":"product_cat-puzzlespiele-fur-erwachsene","9":"pa_bax-7-de","10":"pa_brand-d_toys-de","11":"pa_country_of_manufacture-ro-de","12":"pa_filter_age-14-de","13":"pa_painter-discover-europe","14":"pa_tip_ambalaj-kasten-a4-de","15":"pa_tip_puzzle-klassisch","17":"first","18":"instock","19":"taxable","20":"shipping-taxable","21":"product-type-simple"},"yoast_head":"<!-- This site is optimized with the Yoast SEO plugin v20.1 - https:\/\/yoast.com\/wordpress\/plugins\/seo\/ -->\n<title>Akropolis Puzzle - Puzzle f\u00fcr Erwachsene 1000 Teile - Europa entdecken<\/title>\n<meta name=\"description\" content=\"Akropolis Puzzle - Puzzle f\u00fcr Erwachsene 1000 Teile - Europa entdecken\" \/>\n<meta name=\"robots\" content=\"index, follow, max-snippet:-1, max-image-preview:large, max-video-preview:-1\" \/>\n<link rel=\"canonical\" href=\"https:\/\/business.roovi.com\/de\/akropolis-puzzle-puzzle-fur-erwachsene-1000-teile-europa-entdecken\/p\/\" \/>\n<meta property=\"og:locale\" content=\"de_DE\" \/>\n<meta property=\"og:type\" content=\"article\" \/>\n<meta property=\"og:title\" content=\"Akropolis Puzzle - Puzzle f\u00fcr Erwachsene 1000 Teile - Europa entdecken\" \/>\n<meta property=\"og:description\" content=\"Akropolis Puzzle - Puzzle f\u00fcr Erwachsene 1000 Teile - Europa entdecken\" \/>\n<meta property=\"og:url\" content=\"https:\/\/business.roovi.com\/de\/akropolis-puzzle-puzzle-fur-erwachsene-1000-teile-europa-entdecken\/p\/\" \/>\n<meta property=\"og:site_name\" content=\"Roovi B2B\" \/>\n<meta property=\"article:publisher\" content=\"https:\/\/www.facebook.com\/wwwjucariero\" \/>\n<meta property=\"article:modified_time\" content=\"2022-07-06T14:29:30+00:00\" \/>\n<meta property=\"og:image\" content=\"https:\/\/business.roovi.com\/wp-content\/uploads\/2018\/09\/65995-05-ansamblu_dimensiuni-cutie-22x22-cm.png\" \/>\n\t<meta property=\"og:image:width\" content=\"1140\" \/>\n\t<meta property=\"og:image:height\" content=\"1140\" \/>\n\t<meta property=\"og:image:type\" content=\"image\/png\" \/>\n<meta name=\"twitter:label1\" content=\"Gesch\u00e4tzte Lesezeit\" \/>\n\t<meta name=\"twitter:data1\" content=\"3\u00a0Minuten\" \/>\n<script type=\"application\/ld+json\" class=\"yoast-schema-graph\">{\"@context\":\"https:\/\/schema.org\",\"@graph\":[{\"@type\":\"WebPage\",\"@id\":\"https:\/\/business.roovi.com\/de\/akropolis-puzzle-puzzle-fur-erwachsene-1000-teile-europa-entdecken\/p\/\",\"url\":\"https:\/\/business.roovi.com\/de\/akropolis-puzzle-puzzle-fur-erwachsene-1000-teile-europa-entdecken\/p\/\",\"name\":\"Akropolis Puzzle - Puzzle f\u00fcr Erwachsene 1000 Teile - Europa entdecken\",\"isPartOf\":{\"@id\":\"https:\/\/business.roovi.com\/de\/#website\"},\"datePublished\":\"2018-09-06T09:18:05+00:00\",\"dateModified\":\"2022-07-06T14:29:30+00:00\",\"description\":\"Akropolis Puzzle - Puzzle f\u00fcr Erwachsene 1000 Teile - Europa entdecken\",\"breadcrumb\":{\"@id\":\"https:\/\/business.roovi.com\/de\/akropolis-puzzle-puzzle-fur-erwachsene-1000-teile-europa-entdecken\/p\/#breadcrumb\"},\"inLanguage\":\"de\",\"potentialAction\":[{\"@type\":\"ReadAction\",\"target\":[\"https:\/\/business.roovi.com\/de\/akropolis-puzzle-puzzle-fur-erwachsene-1000-teile-europa-entdecken\/p\/\"]}]},{\"@type\":\"BreadcrumbList\",\"@id\":\"https:\/\/business.roovi.com\/de\/akropolis-puzzle-puzzle-fur-erwachsene-1000-teile-europa-entdecken\/p\/#breadcrumb\",\"itemListElement\":[{\"@type\":\"ListItem\",\"position\":1,\"name\":\"Home\",\"item\":\"https:\/\/business.roovi.com\/de\/\"},{\"@type\":\"ListItem\",\"position\":2,\"name\":\"Shop\",\"item\":\"https:\/\/business.roovi.com\/de\/shop\/\"},{\"@type\":\"ListItem\",\"position\":3,\"name\":\"Akropolis Puzzle &#8211; Puzzle f\u00fcr Erwachsene 1000 Teile &#8211; Europa entdecken\"}]},{\"@type\":\"WebSite\",\"@id\":\"https:\/\/business.roovi.com\/de\/#website\",\"url\":\"https:\/\/business.roovi.com\/de\/\",\"name\":\"Roovi B2B\",\"description\":\"Roovi Business Website\",\"potentialAction\":[{\"@type\":\"SearchAction\",\"target\":{\"@type\":\"EntryPoint\",\"urlTemplate\":\"https:\/\/business.roovi.com\/de\/?s={search_term_string}\"},\"query-input\":\"required name=search_term_string\"}],\"inLanguage\":\"de\"}]}<\/script>\n<!-- \/ Yoast SEO plugin. -->","yoast_head_json":{"title":"Akropolis Puzzle - Puzzle f\u00fcr Erwachsene 1000 Teile - Europa entdecken","description":"Akropolis Puzzle - Puzzle f\u00fcr Erwachsene 1000 Teile - Europa entdecken","robots":{"index":"index","follow":"follow","max-snippet":"max-snippet:-1","max-image-preview":"max-image-preview:large","max-video-preview":"max-video-preview:-1"},"canonical":"https:\/\/business.roovi.com\/de\/akropolis-puzzle-puzzle-fur-erwachsene-1000-teile-europa-entdecken\/p\/","og_locale":"de_DE","og_type":"article","og_title":"Akropolis Puzzle - Puzzle f\u00fcr Erwachsene 1000 Teile - Europa entdecken","og_description":"Akropolis Puzzle - Puzzle f\u00fcr Erwachsene 1000 Teile - Europa entdecken","og_url":"https:\/\/business.roovi.com\/de\/akropolis-puzzle-puzzle-fur-erwachsene-1000-teile-europa-entdecken\/p\/","og_site_name":"Roovi B2B","article_publisher":"https:\/\/www.facebook.com\/wwwjucariero","article_modified_time":"2022-07-06T14:29:30+00:00","og_image":[{"width":1140,"height":1140,"url":"https:\/\/business.roovi.com\/wp-content\/uploads\/2018\/09\/65995-05-ansamblu_dimensiuni-cutie-22x22-cm.png","type":"image\/png"}],"twitter_misc":{"Gesch\u00e4tzte Lesezeit":"3\u00a0Minuten"},"schema":{"@context":"https:\/\/schema.org","@graph":[{"@type":"WebPage","@id":"https:\/\/business.roovi.com\/de\/akropolis-puzzle-puzzle-fur-erwachsene-1000-teile-europa-entdecken\/p\/","url":"https:\/\/business.roovi.com\/de\/akropolis-puzzle-puzzle-fur-erwachsene-1000-teile-europa-entdecken\/p\/","name":"Akropolis Puzzle - Puzzle f\u00fcr Erwachsene 1000 Teile - Europa entdecken","isPartOf":{"@id":"https:\/\/business.roovi.com\/de\/#website"},"datePublished":"2018-09-06T09:18:05+00:00","dateModified":"2022-07-06T14:29:30+00:00","description":"Akropolis Puzzle - Puzzle f\u00fcr Erwachsene 1000 Teile - Europa entdecken","breadcrumb":{"@id":"https:\/\/business.roovi.com\/de\/akropolis-puzzle-puzzle-fur-erwachsene-1000-teile-europa-entdecken\/p\/#breadcrumb"},"inLanguage":"de","potentialAction":[{"@type":"ReadAction","target":["https:\/\/business.roovi.com\/de\/akropolis-puzzle-puzzle-fur-erwachsene-1000-teile-europa-entdecken\/p\/"]}]},{"@type":"BreadcrumbList","@id":"https:\/\/business.roovi.com\/de\/akropolis-puzzle-puzzle-fur-erwachsene-1000-teile-europa-entdecken\/p\/#breadcrumb","itemListElement":[{"@type":"ListItem","position":1,"name":"Home","item":"https:\/\/business.roovi.com\/de\/"},{"@type":"ListItem","position":2,"name":"Shop","item":"https:\/\/business.roovi.com\/de\/shop\/"},{"@type":"ListItem","position":3,"name":"Akropolis Puzzle &#8211; Puzzle f\u00fcr Erwachsene 1000 Teile &#8211; Europa entdecken"}]},{"@type":"WebSite","@id":"https:\/\/business.roovi.com\/de\/#website","url":"https:\/\/business.roovi.com\/de\/","name":"Roovi B2B","description":"Roovi Business Website","potentialAction":[{"@type":"SearchAction","target":{"@type":"EntryPoint","urlTemplate":"https:\/\/business.roovi.com\/de\/?s={search_term_string}"},"query-input":"required name=search_term_string"}],"inLanguage":"de"}]}},"_links":{"self":[{"href":"https:\/\/business.roovi.com\/de\/wp-json\/wp\/v2\/product\/40166","targetHints":{"allow":["GET"]}}],"collection":[{"href":"https:\/\/business.roovi.com\/de\/wp-json\/wp\/v2\/product"}],"about":[{"href":"https:\/\/business.roovi.com\/de\/wp-json\/wp\/v2\/types\/product"}],"version-history":[{"count":0,"href":"https:\/\/business.roovi.com\/de\/wp-json\/wp\/v2\/product\/40166\/revisions"}],"wp:featuredmedia":[{"embeddable":true,"href":"https:\/\/business.roovi.com\/de\/wp-json\/wp\/v2\/media\/36724"}],"wp:attachment":[{"href":"https:\/\/business.roovi.com\/de\/wp-json\/wp\/v2\/media?parent=40166"}],"wp:term":[{"taxonomy":"product_brand","embeddable":true,"href":"https:\/\/business.roovi.com\/de\/wp-json\/wp\/v2\/product_brand?post=40166"},{"taxonomy":"product_cat","embeddable":true,"href":"https:\/\/business.roovi.com\/de\/wp-json\/wp\/v2\/product_cat?post=40166"},{"taxonomy":"product_tag","embeddable":true,"href":"https:\/\/business.roovi.com\/de\/wp-json\/wp\/v2\/product_tag?post=40166"}],"curies":[{"name":"wp","href":"https:\/\/api.w.org\/{rel}","templated":true}]}}