{"id":40170,"date":"2018-09-06T09:11:03","date_gmt":"2018-09-06T09:11:03","guid":{"rendered":"https:\/\/business.roovi.com\/puzzle-adulti-1000-piese-discover-europe-corfu\/p\/"},"modified":"2022-07-06T14:29:37","modified_gmt":"2022-07-06T14:29:37","slug":"korfu-puzzle-puzzle-fur-erwachsene-1000-teile-europa-entdecken","status":"publish","type":"product","link":"https:\/\/business.roovi.com\/de\/korfu-puzzle-puzzle-fur-erwachsene-1000-teile-europa-entdecken\/p\/","title":{"rendered":"Korfu Puzzle &#8211; Puzzle f\u00fcr Erwachsene 1000 Teile &#8211; Europa entdecken"},"content":{"rendered":"<p><strong><em>Viele der Sehensw\u00fcrdigkeiten Europas warten darauf, von dir mit dem 1000-Teile-Puzzle Discover Europe entdeckt zu werden! Verbinde die Teile in den Puzzlespielen und baue atemberaubende Bilder mit vertr\u00e4umten Bildern von Spanien, Italien, Griechenland und mehr.<\/em><\/strong><\/p>\n<p><span style=\"font-weight: 400\">Entdecke Europa &#8211; Korfu 1000 Teile Puzzle nimmt dich mit auf eine faszinierende Reise auf die Insel, die auch als Korfu bekannt ist<\/span><em><span style=\"font-weight: 400\"> land der G\u00f6tter <\/span><\/em><span style=\"font-weight: 400\">Traumhafte Str\u00e4nde, kristallklares Wasser in unendlichen T\u00fcrkist\u00f6nen, atemberaubende Traumlandschaften oder die venezianisch anmutende Altstadt sind nur einige der Highlights der Insel mit einer mythischen Vergangenheit.<\/span><\/p>\n<p><span style=\"font-weight: 400\">Korfu ist die Wiege der Kultur und der Wissenschaft. Hier wurde die erste griechische Universit\u00e4t der Neuzeit gegr\u00fcndet &#8211; die Ionische Akademie. Die Hauptstadt der Insel, Kerkyra oder Korfu-Stadt, bewahrt die Spuren der alten Zivilisationen, die im Laufe der Geschichte durch diese Gegend zogen, und ist Teil des UNESCO-Weltkulturerbes.<\/span><\/p>\n<p><span style=\"font-weight: 400\">Mit dem 1000-teiligen Korfu-Puzzle aus der Discover Europe-Kollektion f\u00fchlst du dich wie in einem echten Urlaub. Es entspannt dich, h\u00e4lt dich von den Bildschirmen fern und gibt dir ein dringend ben\u00f6tigtes gutes Gef\u00fchl nach jedem \u00fcberw\u00e4ltigenden Tag. Erlebe also eine tolle Freizeitbesch\u00e4ftigung mit diesem besonderen Puzzlespiel.<\/span><\/p>\n<p><strong>Warum das 1000-Teile-Puzzle Korfu w\u00e4hlen?  <\/strong><\/p>\n<p><span style=\"font-weight: 400\">Es ist eine entspannte Art, die Sch\u00f6nheit einer bemerkenswerten Touristenattraktion zu entdecken.<\/span><\/p>\n<p><span style=\"font-weight: 400\">Du bekommst ein 68 x 47 cm gro\u00dfes Bild von einer Landschaft auf der Insel Korfu.<\/span><\/p>\n<p><span style=\"font-weight: 400\">Es ist aus hochwertigem blauen Karton gefertigt, der sehr haltbar ist, sodass du das Bild mehrmals zusammenbauen kannst, ohne dass die Teile abgenutzt werden.<\/span><\/p>\n<p><span style=\"font-weight: 400\">Wir verwenden bei der Herstellung jedes Puzzlespiels recycelbare und nachhaltige Materialien.<\/span><\/p>\n<p><span style=\"font-weight: 400\">Es hat eine halbgl\u00e4nzende Oberfl\u00e4che in angenehmen Farben, die dem Bild Klarheit verleihen.<\/span><\/p>\n<p><span style=\"font-weight: 400\">Es ist f\u00fcr Leute ab 14 Jahren geeignet &#8211; eine Gelegenheit, um mit Teenagern eine gute Zeit zu verbringen.<\/span><\/p>\n<p><span style=\"font-weight: 400\">Es ist eine gute \u00dcbung, um die Koordination und Beweglichkeit in jedem Alter zu erhalten.<\/span><\/p>\n<p><strong>Wusstest du schon&#8230;?<\/strong><\/p>\n<p><span style=\"font-weight: 400\">Die Insel Korfu wurde nie von den T\u00fcrken erobert.<\/span><\/p>\n<p><span style=\"font-weight: 400\">Die erste Seeschlacht der griechischen Geschichte wurde hier um 664 v. Chr. ausgetragen.<\/span><\/p>\n<p><span style=\"font-weight: 400\">Etwa 3 % des weltweit produzierten Oliven\u00f6ls stammt aus Korfu.<\/span><\/p>\n<p><span style=\"font-weight: 400\">Es ist der einzige Ort in Europa, an dem der Olivenbaum w\u00e4chst <\/span><span style=\"font-weight: 400\">kumquat-Baum mit seinen aromatischen Fr\u00fcchten.<\/span><\/p>\n<p><span style=\"font-weight: 400\">Auf der Insel gibt es 37 Kirchen. Das meistbesuchte Geb\u00e4ude ist die Kirche St. Spiridon, die auch die Reliquien des Heiligen beherbergt und das h\u00f6chste Geb\u00e4ude in Korfu-Stadt ist.<\/span><\/p>\n<p><strong>Entdecke Europa &#8211; Korfu 1000 Teile Puzzle &#8211; eine Gelegenheit zum Meditieren und Entspannen<\/strong><\/p>\n<p><span style=\"font-weight: 400\">Das Puzzlespiel soll \u00e4hnliche Effekte wie eine Meditationssitzung haben. Wenn du vor einem 1000-teiligen Puzzle stehst, ist dein Geist von Sorgen und Gedanken befreit und konzentriert sich intensiv auf eine einzige Aufgabe, n\u00e4mlich das 1000-teilige Puzzle zusammenzusetzen.<\/span><\/p>\n<p><span style=\"font-weight: 400\">Mit dem 1000-Teile-Puzzle von Korfu f\u00fchlst du dich wie ein echter Detektiv, der auf Korfu angekommen ist, um die alten Geheimnisse der Insel zu entr\u00e4tseln. Du durchsuchst die Hunderte von Teilen nach wertvollen Hinweisen und wenn du alle Teile zusammengesetzt hast, bist du \u00fcbergl\u00fccklich, eine pr\u00e4zise Aufgabe erf\u00fcllt zu haben. Und du willst die Erfahrung wiederholen, weil das Puzzlespiel deinen Dopaminspiegel erh\u00f6ht und dir ein unvergleichliches Gl\u00fccksgef\u00fchl gibt.<\/span><\/p>\n<p><span style=\"font-weight: 400\">Entscheide dich f\u00fcr das 1000-teilige Puzzle Discover Europe, um privat ein faszinierendes Bild zu gestalten oder um Zeit mit deinen Liebsten zu verbringen. Oder verschenke sie an Geburtstagen oder Feiertagen.<\/span><\/p><\/p>\n","protected":false},"excerpt":{"rendered":"<p>Viele der Sehensw\u00fcrdigkeiten Europas warten darauf, von dir mit dem 1000-Teile-Puzzle Discover Europe entdeckt zu werden! Verbinde die Teile in<\/p>\n","protected":false},"featured_media":36710,"template":"","meta":[],"product_brand":[],"product_cat":[1916,1875,1915],"product_tag":[],"class_list":{"0":"post-40170","1":"product","2":"type-product","3":"status-publish","4":"has-post-thumbnail","6":"product_cat-1000-teile-puzzle","7":"product_cat-puzzle-de","8":"product_cat-puzzlespiele-fur-erwachsene","9":"pa_bax-7-de","10":"pa_brand-d_toys-de","11":"pa_country_of_manufacture-ro-de","12":"pa_filter_age-14-de","13":"pa_painter-discover-europe","14":"pa_tip_ambalaj-kasten-a4-de","15":"pa_tip_puzzle-klassisch","17":"first","18":"instock","19":"taxable","20":"shipping-taxable","21":"product-type-simple"},"yoast_head":"<!-- This site is optimized with the Yoast SEO plugin v20.1 - https:\/\/yoast.com\/wordpress\/plugins\/seo\/ -->\n<title>Korfu Puzzle - Puzzle f\u00fcr Erwachsene 1000 Teile - Europa entdecken<\/title>\n<meta name=\"description\" content=\"Korfu Puzzle - Puzzle f\u00fcr Erwachsene 1000 Teile - Europa entdecken\" \/>\n<meta name=\"robots\" content=\"index, follow, max-snippet:-1, max-image-preview:large, max-video-preview:-1\" \/>\n<link rel=\"canonical\" href=\"https:\/\/business.roovi.com\/de\/korfu-puzzle-puzzle-fur-erwachsene-1000-teile-europa-entdecken\/p\/\" \/>\n<meta property=\"og:locale\" content=\"de_DE\" \/>\n<meta property=\"og:type\" content=\"article\" \/>\n<meta property=\"og:title\" content=\"Korfu Puzzle - Puzzle f\u00fcr Erwachsene 1000 Teile - Europa entdecken\" \/>\n<meta property=\"og:description\" content=\"Korfu Puzzle - Puzzle f\u00fcr Erwachsene 1000 Teile - Europa entdecken\" \/>\n<meta property=\"og:url\" content=\"https:\/\/business.roovi.com\/de\/korfu-puzzle-puzzle-fur-erwachsene-1000-teile-europa-entdecken\/p\/\" \/>\n<meta property=\"og:site_name\" content=\"Roovi B2B\" \/>\n<meta property=\"article:publisher\" content=\"https:\/\/www.facebook.com\/wwwjucariero\" \/>\n<meta property=\"article:modified_time\" content=\"2022-07-06T14:29:37+00:00\" \/>\n<meta property=\"og:image\" content=\"https:\/\/business.roovi.com\/wp-content\/uploads\/2018\/09\/65995-03_ansamblu_dimensiuni-cutie-22x22-cm.png\" \/>\n\t<meta property=\"og:image:width\" content=\"1200\" \/>\n\t<meta property=\"og:image:height\" content=\"1200\" \/>\n\t<meta property=\"og:image:type\" content=\"image\/png\" \/>\n<meta name=\"twitter:label1\" content=\"Gesch\u00e4tzte Lesezeit\" \/>\n\t<meta name=\"twitter:data1\" content=\"3\u00a0Minuten\" \/>\n<script type=\"application\/ld+json\" class=\"yoast-schema-graph\">{\"@context\":\"https:\/\/schema.org\",\"@graph\":[{\"@type\":\"WebPage\",\"@id\":\"https:\/\/business.roovi.com\/de\/korfu-puzzle-puzzle-fur-erwachsene-1000-teile-europa-entdecken\/p\/\",\"url\":\"https:\/\/business.roovi.com\/de\/korfu-puzzle-puzzle-fur-erwachsene-1000-teile-europa-entdecken\/p\/\",\"name\":\"Korfu Puzzle - Puzzle f\u00fcr Erwachsene 1000 Teile - Europa entdecken\",\"isPartOf\":{\"@id\":\"https:\/\/business.roovi.com\/de\/#website\"},\"datePublished\":\"2018-09-06T09:11:03+00:00\",\"dateModified\":\"2022-07-06T14:29:37+00:00\",\"description\":\"Korfu Puzzle - Puzzle f\u00fcr Erwachsene 1000 Teile - Europa entdecken\",\"breadcrumb\":{\"@id\":\"https:\/\/business.roovi.com\/de\/korfu-puzzle-puzzle-fur-erwachsene-1000-teile-europa-entdecken\/p\/#breadcrumb\"},\"inLanguage\":\"de\",\"potentialAction\":[{\"@type\":\"ReadAction\",\"target\":[\"https:\/\/business.roovi.com\/de\/korfu-puzzle-puzzle-fur-erwachsene-1000-teile-europa-entdecken\/p\/\"]}]},{\"@type\":\"BreadcrumbList\",\"@id\":\"https:\/\/business.roovi.com\/de\/korfu-puzzle-puzzle-fur-erwachsene-1000-teile-europa-entdecken\/p\/#breadcrumb\",\"itemListElement\":[{\"@type\":\"ListItem\",\"position\":1,\"name\":\"Home\",\"item\":\"https:\/\/business.roovi.com\/de\/\"},{\"@type\":\"ListItem\",\"position\":2,\"name\":\"Shop\",\"item\":\"https:\/\/business.roovi.com\/de\/shop\/\"},{\"@type\":\"ListItem\",\"position\":3,\"name\":\"Korfu Puzzle &#8211; Puzzle f\u00fcr Erwachsene 1000 Teile &#8211; Europa entdecken\"}]},{\"@type\":\"WebSite\",\"@id\":\"https:\/\/business.roovi.com\/de\/#website\",\"url\":\"https:\/\/business.roovi.com\/de\/\",\"name\":\"Roovi B2B\",\"description\":\"Roovi Business Website\",\"potentialAction\":[{\"@type\":\"SearchAction\",\"target\":{\"@type\":\"EntryPoint\",\"urlTemplate\":\"https:\/\/business.roovi.com\/de\/?s={search_term_string}\"},\"query-input\":\"required name=search_term_string\"}],\"inLanguage\":\"de\"}]}<\/script>\n<!-- \/ Yoast SEO plugin. -->","yoast_head_json":{"title":"Korfu Puzzle - Puzzle f\u00fcr Erwachsene 1000 Teile - Europa entdecken","description":"Korfu Puzzle - Puzzle f\u00fcr Erwachsene 1000 Teile - Europa entdecken","robots":{"index":"index","follow":"follow","max-snippet":"max-snippet:-1","max-image-preview":"max-image-preview:large","max-video-preview":"max-video-preview:-1"},"canonical":"https:\/\/business.roovi.com\/de\/korfu-puzzle-puzzle-fur-erwachsene-1000-teile-europa-entdecken\/p\/","og_locale":"de_DE","og_type":"article","og_title":"Korfu Puzzle - Puzzle f\u00fcr Erwachsene 1000 Teile - Europa entdecken","og_description":"Korfu Puzzle - Puzzle f\u00fcr Erwachsene 1000 Teile - Europa entdecken","og_url":"https:\/\/business.roovi.com\/de\/korfu-puzzle-puzzle-fur-erwachsene-1000-teile-europa-entdecken\/p\/","og_site_name":"Roovi B2B","article_publisher":"https:\/\/www.facebook.com\/wwwjucariero","article_modified_time":"2022-07-06T14:29:37+00:00","og_image":[{"width":1200,"height":1200,"url":"https:\/\/business.roovi.com\/wp-content\/uploads\/2018\/09\/65995-03_ansamblu_dimensiuni-cutie-22x22-cm.png","type":"image\/png"}],"twitter_misc":{"Gesch\u00e4tzte Lesezeit":"3\u00a0Minuten"},"schema":{"@context":"https:\/\/schema.org","@graph":[{"@type":"WebPage","@id":"https:\/\/business.roovi.com\/de\/korfu-puzzle-puzzle-fur-erwachsene-1000-teile-europa-entdecken\/p\/","url":"https:\/\/business.roovi.com\/de\/korfu-puzzle-puzzle-fur-erwachsene-1000-teile-europa-entdecken\/p\/","name":"Korfu Puzzle - Puzzle f\u00fcr Erwachsene 1000 Teile - Europa entdecken","isPartOf":{"@id":"https:\/\/business.roovi.com\/de\/#website"},"datePublished":"2018-09-06T09:11:03+00:00","dateModified":"2022-07-06T14:29:37+00:00","description":"Korfu Puzzle - Puzzle f\u00fcr Erwachsene 1000 Teile - Europa entdecken","breadcrumb":{"@id":"https:\/\/business.roovi.com\/de\/korfu-puzzle-puzzle-fur-erwachsene-1000-teile-europa-entdecken\/p\/#breadcrumb"},"inLanguage":"de","potentialAction":[{"@type":"ReadAction","target":["https:\/\/business.roovi.com\/de\/korfu-puzzle-puzzle-fur-erwachsene-1000-teile-europa-entdecken\/p\/"]}]},{"@type":"BreadcrumbList","@id":"https:\/\/business.roovi.com\/de\/korfu-puzzle-puzzle-fur-erwachsene-1000-teile-europa-entdecken\/p\/#breadcrumb","itemListElement":[{"@type":"ListItem","position":1,"name":"Home","item":"https:\/\/business.roovi.com\/de\/"},{"@type":"ListItem","position":2,"name":"Shop","item":"https:\/\/business.roovi.com\/de\/shop\/"},{"@type":"ListItem","position":3,"name":"Korfu Puzzle &#8211; Puzzle f\u00fcr Erwachsene 1000 Teile &#8211; Europa entdecken"}]},{"@type":"WebSite","@id":"https:\/\/business.roovi.com\/de\/#website","url":"https:\/\/business.roovi.com\/de\/","name":"Roovi B2B","description":"Roovi Business Website","potentialAction":[{"@type":"SearchAction","target":{"@type":"EntryPoint","urlTemplate":"https:\/\/business.roovi.com\/de\/?s={search_term_string}"},"query-input":"required name=search_term_string"}],"inLanguage":"de"}]}},"_links":{"self":[{"href":"https:\/\/business.roovi.com\/de\/wp-json\/wp\/v2\/product\/40170","targetHints":{"allow":["GET"]}}],"collection":[{"href":"https:\/\/business.roovi.com\/de\/wp-json\/wp\/v2\/product"}],"about":[{"href":"https:\/\/business.roovi.com\/de\/wp-json\/wp\/v2\/types\/product"}],"version-history":[{"count":0,"href":"https:\/\/business.roovi.com\/de\/wp-json\/wp\/v2\/product\/40170\/revisions"}],"wp:featuredmedia":[{"embeddable":true,"href":"https:\/\/business.roovi.com\/de\/wp-json\/wp\/v2\/media\/36710"}],"wp:attachment":[{"href":"https:\/\/business.roovi.com\/de\/wp-json\/wp\/v2\/media?parent=40170"}],"wp:term":[{"taxonomy":"product_brand","embeddable":true,"href":"https:\/\/business.roovi.com\/de\/wp-json\/wp\/v2\/product_brand?post=40170"},{"taxonomy":"product_cat","embeddable":true,"href":"https:\/\/business.roovi.com\/de\/wp-json\/wp\/v2\/product_cat?post=40170"},{"taxonomy":"product_tag","embeddable":true,"href":"https:\/\/business.roovi.com\/de\/wp-json\/wp\/v2\/product_tag?post=40170"}],"curies":[{"name":"wp","href":"https:\/\/api.w.org\/{rel}","templated":true}]}}