{"id":40174,"date":"2018-09-06T08:58:10","date_gmt":"2018-09-06T08:58:10","guid":{"rendered":"https:\/\/business.roovi.com\/puzzle-adulti-1000-piese-cal-murg\/p\/"},"modified":"2022-10-25T12:04:28","modified_gmt":"2022-10-25T12:04:28","slug":"puzzle-fur-erwachsene-1000-teile-cal-murg","status":"publish","type":"product","link":"https:\/\/business.roovi.com\/de\/puzzle-fur-erwachsene-1000-teile-cal-murg\/p\/","title":{"rendered":"Puzzle f\u00fcr Erwachsene 1000 Teile Cal murg"},"content":{"rendered":"<p><strong><em>Du hast eine Leidenschaft f\u00fcr Puzzlespiele und bevorzugst klassische Bilder von Tieren, die in der Natur eingefangen wurden? Setze das 1000-teilige Puzzle Cal murg zusammen und erhalte ein faszinierendes Bild, das dir ein Gef\u00fchl der v\u00f6lligen Freiheit gibt.<\/em><\/strong><\/p>\n<p><span style=\"font-weight: 400;\">Wenn du von deinen Bildschirmen abschalten und viele Stunden entspannten Spa\u00df genie\u00dfen willst, ist das 1000-teilige Cal murg Puzzle die perfekte Wahl. Trainiere auch deine Kinder mit dem Puzzlespiel. Erfahre mehr interessante Fakten \u00fcber dieses edle Tier und du hast das ideale Rezept f\u00fcr einen wunderbaren Nachmittag mit der ganzen Familie.<\/span><\/p>\n<p><span style=\"font-weight: 400;\">Wenn du dich zur\u00fccklehnst und nach den richtigen Teilen suchst, um das Bild im 1000-Puzzle zu vervollst\u00e4ndigen, hast du die M\u00f6glichkeit zu kommunizieren und dich besser kennenzulernen. In Momenten der Ruhe und Entspannung f\u00fchlen sich Kinder sicher und k\u00f6nnen dir Gedanken und Gef\u00fchle mitteilen, die sie sonst nicht preisgeben wollen <\/span><\/p>\n<p><span style=\"font-weight: 400;\">Entscheide dich also f\u00fcr das 1000-teilige Cal murg Puzzle und genie\u00dfe ein tolles kreatives Erlebnis mit deinen Lieben oder in Zeiten, in denen du eine Pause vom Alltag brauchst. Ein normaler Couchtisch reicht aus, um die St\u00fccke zu tragen. Das fertige Bild ist <strong>47 x 68 cm<\/strong> gro\u00df und kann in ein originelles Dekorationsst\u00fcck verwandelt werden.<\/span><\/p>\n<p><strong>Warum ist das 1000-teilige Cal murg Puzzle f\u00fcr Erwachsene so besonders?<\/strong><\/p>\n<p><span style=\"font-weight: 400;\">Das wundersch\u00f6ne Bild f\u00fchrt zu einem Zustand der Ruhe und Entspannung.<\/span><\/p>\n<p><span style=\"font-weight: 400;\">Das ist eine gro\u00dfartige M\u00f6glichkeit der Freizeitgestaltung.<\/span><\/p>\n<p><span style=\"font-weight: 400;\">Das Puzzlespiel hilft, das Ged\u00e4chtnis zu verbessern.<\/span><\/p>\n<p><span style=\"font-weight: 400;\">Es stimuliert die Aussch\u00fcttung von Dopamin, dem sogenannten Gl\u00fcckshormon.<\/span><\/p>\n<p><span style=\"font-weight: 400;\">Die Teile bestehen aus hochwertigem blauen Karton, sind langlebig und passen bei jedem Zusammenbau perfekt zusammen <\/span><\/p>\n<p><span style=\"font-weight: 400;\">Es ist umweltfreundlich, da es aus recycelbaren und nachhaltigen Materialien hergestellt wird.<\/span><\/p>\n<p><span style=\"font-weight: 400;\">Die Oberfl\u00e4che ist halbgl\u00e4nzend, in angenehmen Farben, die die Klarheit des Bildes hervorheben.<\/span><\/p>\n<p><span style=\"font-weight: 400;\">Es ist f\u00fcr Jugendliche ab 14 Jahren geeignet, eine Gelegenheit, die Freizeit mit Teenagern zu verbringen.<\/span><\/p>\n<p><strong>Wusstest du, dass..<\/strong><\/p>\n<p><span style=\"font-weight: 400;\">Der Vorfahre des Pferdes hei\u00dft <\/span><em><span style=\"font-weight: 400;\">Eohippus <\/span><\/em><span style=\"font-weight: 400;\">und lebte vor mehr als 50 Millionen Jahren.<\/span><\/p>\n<p><span style=\"font-weight: 400;\">Von allen S\u00e4ugetieren haben Pferde das breiteste 360-Grad-Sichtfeld.<\/span><\/p>\n<p><span style=\"font-weight: 400;\">Pferde haben die gr\u00f6\u00dften Augen von allen S\u00e4ugetieren. Ihr Durchmesser betr\u00e4gt etwa 5 cm. Vom Volumen her sind sie 9-mal gr\u00f6\u00dfer als menschliche Augen.<\/span><\/p>\n<p><span style=\"font-weight: 400;\">Pferde heben ihre Oberlippe, um einen bestimmten Geruch zu erkennen und nicht um zu l\u00e4cheln.<\/span><\/p>\n<p><span style=\"font-weight: 400;\">Ein Pferd kann schon wenige Stunden nach seiner Geburt laufen.<\/span><\/p>\n<p><span style=\"font-weight: 400;\">Pferde haben 10 verschiedene Muskeln in ihren Ohren, deshalb k\u00f6nnen sie sie um 180 Grad drehen.<\/span><\/p>\n<p><strong>1000 Teile Puzzle Pferd Murg &#8211; eine tolle Freizeitbesch\u00e4ftigung<\/strong><\/p>\n<p><span style=\"font-weight: 400;\">Wenn du diesem edlen Tier dabei zusiehst, wie es die Freiheit genie\u00dft, hast du das Gef\u00fchl, dass du selbst ein freier Geist bist. Jedes St\u00fcck, das du dir vornimmst, st\u00e4rkt dein Selbstvertrauen und du sp\u00fcrst, dass jedes Ziel, das du dir setzt, erreichbar ist, wenn du beharrlich bist und an dich glaubst.<\/span><\/p>\n<p><span style=\"font-weight: 400;\">Egal, ob du es vorziehst, dein Image allein oder in Gesellschaft von Familie und Freunden neu zu gestalten, <\/span><span style=\"font-weight: 400;\">das 1000-teilige Puzzle f\u00fcr Erwachsene Cal murg ist ein Puzzlespiel, das du immer zur Hand haben solltest. Es fordert deinen Geist heraus und bietet bis zu 30 Stunden Spa\u00df und Entspannung.<\/span><\/p>\n<p><span style=\"font-weight: 400;\">Du kannst das 1000-teilige Cal murg-Puzzle auch als Geschenk f\u00fcr deine puzzlebegeisterten Freunde zu Feiertagen oder Geburtstagen w\u00e4hlen.<\/span><\/p>\n","protected":false},"excerpt":{"rendered":"<p>Du hast eine Leidenschaft f\u00fcr Puzzlespiele und bevorzugst klassische Bilder von Tieren, die in der Natur eingefangen wurden? Setze das<\/p>\n","protected":false},"featured_media":60036,"template":"","meta":[],"product_brand":[],"product_cat":[1916,1875,1915],"product_tag":[],"class_list":{"0":"post-40174","1":"product","2":"type-product","3":"status-publish","4":"has-post-thumbnail","6":"product_cat-1000-teile-puzzle","7":"product_cat-puzzle-de","8":"product_cat-puzzlespiele-fur-erwachsene","9":"pa_brand-d_toys-de","10":"pa_country_of_manufacture-ro-de","11":"pa_filter_age-14-de","12":"pa_painter-pferde","13":"pa_tip_ambalaj-kasten-a4-de","14":"pa_tip_puzzle-klassisch","16":"first","17":"instock","18":"taxable","19":"shipping-taxable","20":"product-type-simple"},"yoast_head":"<!-- This site is optimized with the Yoast SEO plugin v20.1 - https:\/\/yoast.com\/wordpress\/plugins\/seo\/ -->\n<title>Puzzle f\u00fcr Erwachsene 1000 Teile Cal murg<\/title>\n<meta name=\"description\" content=\"Puzzle f\u00fcr Erwachsene 1000 Teile Cal murg\" \/>\n<meta name=\"robots\" content=\"index, follow, max-snippet:-1, max-image-preview:large, max-video-preview:-1\" \/>\n<link rel=\"canonical\" href=\"https:\/\/business.roovi.com\/de\/puzzle-fur-erwachsene-1000-teile-cal-murg\/p\/\" \/>\n<meta property=\"og:locale\" content=\"de_DE\" \/>\n<meta property=\"og:type\" content=\"article\" \/>\n<meta property=\"og:title\" content=\"Puzzle f\u00fcr Erwachsene 1000 Teile Cal murg\" \/>\n<meta property=\"og:description\" content=\"Puzzle f\u00fcr Erwachsene 1000 Teile Cal murg\" \/>\n<meta property=\"og:url\" content=\"https:\/\/business.roovi.com\/de\/puzzle-fur-erwachsene-1000-teile-cal-murg\/p\/\" \/>\n<meta property=\"og:site_name\" content=\"Roovi B2B\" \/>\n<meta property=\"article:publisher\" content=\"https:\/\/www.facebook.com\/wwwjucariero\" \/>\n<meta property=\"article:modified_time\" content=\"2022-10-25T12:04:28+00:00\" \/>\n<meta property=\"og:image\" content=\"https:\/\/business.roovi.com\/wp-content\/uploads\/2018\/09\/65988-04-Ansamblu_dimensiuni-cutie-cm_orizontal-3.png\" \/>\n\t<meta property=\"og:image:width\" content=\"1200\" \/>\n\t<meta property=\"og:image:height\" content=\"1200\" \/>\n\t<meta property=\"og:image:type\" content=\"image\/png\" \/>\n<meta name=\"twitter:label1\" content=\"Gesch\u00e4tzte Lesezeit\" \/>\n\t<meta name=\"twitter:data1\" content=\"3\u00a0Minuten\" \/>\n<script type=\"application\/ld+json\" class=\"yoast-schema-graph\">{\"@context\":\"https:\/\/schema.org\",\"@graph\":[{\"@type\":\"WebPage\",\"@id\":\"https:\/\/business.roovi.com\/de\/puzzle-fur-erwachsene-1000-teile-cal-murg\/p\/\",\"url\":\"https:\/\/business.roovi.com\/de\/puzzle-fur-erwachsene-1000-teile-cal-murg\/p\/\",\"name\":\"Puzzle f\u00fcr Erwachsene 1000 Teile Cal murg\",\"isPartOf\":{\"@id\":\"https:\/\/business.roovi.com\/de\/#website\"},\"datePublished\":\"2018-09-06T08:58:10+00:00\",\"dateModified\":\"2022-10-25T12:04:28+00:00\",\"description\":\"Puzzle f\u00fcr Erwachsene 1000 Teile Cal murg\",\"breadcrumb\":{\"@id\":\"https:\/\/business.roovi.com\/de\/puzzle-fur-erwachsene-1000-teile-cal-murg\/p\/#breadcrumb\"},\"inLanguage\":\"de\",\"potentialAction\":[{\"@type\":\"ReadAction\",\"target\":[\"https:\/\/business.roovi.com\/de\/puzzle-fur-erwachsene-1000-teile-cal-murg\/p\/\"]}]},{\"@type\":\"BreadcrumbList\",\"@id\":\"https:\/\/business.roovi.com\/de\/puzzle-fur-erwachsene-1000-teile-cal-murg\/p\/#breadcrumb\",\"itemListElement\":[{\"@type\":\"ListItem\",\"position\":1,\"name\":\"Home\",\"item\":\"https:\/\/business.roovi.com\/de\/\"},{\"@type\":\"ListItem\",\"position\":2,\"name\":\"Shop\",\"item\":\"https:\/\/business.roovi.com\/de\/shop\/\"},{\"@type\":\"ListItem\",\"position\":3,\"name\":\"Puzzle f\u00fcr Erwachsene 1000 Teile Cal murg\"}]},{\"@type\":\"WebSite\",\"@id\":\"https:\/\/business.roovi.com\/de\/#website\",\"url\":\"https:\/\/business.roovi.com\/de\/\",\"name\":\"Roovi B2B\",\"description\":\"Roovi Business Website\",\"potentialAction\":[{\"@type\":\"SearchAction\",\"target\":{\"@type\":\"EntryPoint\",\"urlTemplate\":\"https:\/\/business.roovi.com\/de\/?s={search_term_string}\"},\"query-input\":\"required name=search_term_string\"}],\"inLanguage\":\"de\"}]}<\/script>\n<!-- \/ Yoast SEO plugin. -->","yoast_head_json":{"title":"Puzzle f\u00fcr Erwachsene 1000 Teile Cal murg","description":"Puzzle f\u00fcr Erwachsene 1000 Teile Cal murg","robots":{"index":"index","follow":"follow","max-snippet":"max-snippet:-1","max-image-preview":"max-image-preview:large","max-video-preview":"max-video-preview:-1"},"canonical":"https:\/\/business.roovi.com\/de\/puzzle-fur-erwachsene-1000-teile-cal-murg\/p\/","og_locale":"de_DE","og_type":"article","og_title":"Puzzle f\u00fcr Erwachsene 1000 Teile Cal murg","og_description":"Puzzle f\u00fcr Erwachsene 1000 Teile Cal murg","og_url":"https:\/\/business.roovi.com\/de\/puzzle-fur-erwachsene-1000-teile-cal-murg\/p\/","og_site_name":"Roovi B2B","article_publisher":"https:\/\/www.facebook.com\/wwwjucariero","article_modified_time":"2022-10-25T12:04:28+00:00","og_image":[{"width":1200,"height":1200,"url":"https:\/\/business.roovi.com\/wp-content\/uploads\/2018\/09\/65988-04-Ansamblu_dimensiuni-cutie-cm_orizontal-3.png","type":"image\/png"}],"twitter_misc":{"Gesch\u00e4tzte Lesezeit":"3\u00a0Minuten"},"schema":{"@context":"https:\/\/schema.org","@graph":[{"@type":"WebPage","@id":"https:\/\/business.roovi.com\/de\/puzzle-fur-erwachsene-1000-teile-cal-murg\/p\/","url":"https:\/\/business.roovi.com\/de\/puzzle-fur-erwachsene-1000-teile-cal-murg\/p\/","name":"Puzzle f\u00fcr Erwachsene 1000 Teile Cal murg","isPartOf":{"@id":"https:\/\/business.roovi.com\/de\/#website"},"datePublished":"2018-09-06T08:58:10+00:00","dateModified":"2022-10-25T12:04:28+00:00","description":"Puzzle f\u00fcr Erwachsene 1000 Teile Cal murg","breadcrumb":{"@id":"https:\/\/business.roovi.com\/de\/puzzle-fur-erwachsene-1000-teile-cal-murg\/p\/#breadcrumb"},"inLanguage":"de","potentialAction":[{"@type":"ReadAction","target":["https:\/\/business.roovi.com\/de\/puzzle-fur-erwachsene-1000-teile-cal-murg\/p\/"]}]},{"@type":"BreadcrumbList","@id":"https:\/\/business.roovi.com\/de\/puzzle-fur-erwachsene-1000-teile-cal-murg\/p\/#breadcrumb","itemListElement":[{"@type":"ListItem","position":1,"name":"Home","item":"https:\/\/business.roovi.com\/de\/"},{"@type":"ListItem","position":2,"name":"Shop","item":"https:\/\/business.roovi.com\/de\/shop\/"},{"@type":"ListItem","position":3,"name":"Puzzle f\u00fcr Erwachsene 1000 Teile Cal murg"}]},{"@type":"WebSite","@id":"https:\/\/business.roovi.com\/de\/#website","url":"https:\/\/business.roovi.com\/de\/","name":"Roovi B2B","description":"Roovi Business Website","potentialAction":[{"@type":"SearchAction","target":{"@type":"EntryPoint","urlTemplate":"https:\/\/business.roovi.com\/de\/?s={search_term_string}"},"query-input":"required name=search_term_string"}],"inLanguage":"de"}]}},"_links":{"self":[{"href":"https:\/\/business.roovi.com\/de\/wp-json\/wp\/v2\/product\/40174","targetHints":{"allow":["GET"]}}],"collection":[{"href":"https:\/\/business.roovi.com\/de\/wp-json\/wp\/v2\/product"}],"about":[{"href":"https:\/\/business.roovi.com\/de\/wp-json\/wp\/v2\/types\/product"}],"version-history":[{"count":0,"href":"https:\/\/business.roovi.com\/de\/wp-json\/wp\/v2\/product\/40174\/revisions"}],"wp:featuredmedia":[{"embeddable":true,"href":"https:\/\/business.roovi.com\/de\/wp-json\/wp\/v2\/media\/60036"}],"wp:attachment":[{"href":"https:\/\/business.roovi.com\/de\/wp-json\/wp\/v2\/media?parent=40174"}],"wp:term":[{"taxonomy":"product_brand","embeddable":true,"href":"https:\/\/business.roovi.com\/de\/wp-json\/wp\/v2\/product_brand?post=40174"},{"taxonomy":"product_cat","embeddable":true,"href":"https:\/\/business.roovi.com\/de\/wp-json\/wp\/v2\/product_cat?post=40174"},{"taxonomy":"product_tag","embeddable":true,"href":"https:\/\/business.roovi.com\/de\/wp-json\/wp\/v2\/product_tag?post=40174"}],"curies":[{"name":"wp","href":"https:\/\/api.w.org\/{rel}","templated":true}]}}