{"id":40178,"date":"2018-09-06T08:52:49","date_gmt":"2018-09-06T08:52:49","guid":{"rendered":"https:\/\/business.roovi.com\/puzzle-adulti-1000-piese-un-cal-sur\/p\/"},"modified":"2023-02-22T08:56:26","modified_gmt":"2023-02-22T08:56:26","slug":"1000-teile-erwachsenenpuzzle-ein-pferd-im-suden","status":"publish","type":"product","link":"https:\/\/business.roovi.com\/de\/1000-teile-erwachsenenpuzzle-ein-pferd-im-suden\/p\/","title":{"rendered":"1000 Teile Erwachsenenpuzzle &#8211; Ein Pferd im S\u00fcden"},"content":{"rendered":"<p><strong><em>Verbringe deine Freizeit kreativ mit dem 1000-Teile-Puzzle! W\u00e4hle das Puzzlespiel mit dem Bild eines freilaufenden S\u00fcdpferdes und erlebe einen erstaunlichen Zustand der Entspannung und Losgel\u00f6stheit.<\/em><\/strong><\/p>\n<p><span style=\"font-weight: 400;\">Das Pferd gilt als eines der intelligentesten Tiere, das seit jeher ein zuverl\u00e4ssiger Partner des Menschen ist. Im Volksglauben hei\u00dft es, dass er von Gott erschaffen wurde, um den Gedanken des Menschen zu dienen, und das erkl\u00e4rt vielleicht die tiefe Beziehung, die der Mensch zu diesem Tier hat.<\/span><\/p>\n<p><span style=\"font-weight: 400;\">Das Pferd ist das universelle Symbol f\u00fcr den freien Geist, Kraft und Weisheit. Ein Gegenstand mit dem Bild eines Pferdes soll positive Energie und Wohlstand anziehen. Egal, ob du mit dieser Symbolik vertraut bist und einen Gl\u00fccksbringer suchst oder ob du ein Puzzle-Liebhaber bist und ein hochwertiges Bild zusammensetzen m\u00f6chtest, das 1000-teilige S\u00fcdpferd-Puzzle ist die perfekte Wahl.<\/span><\/p>\n<p><span style=\"font-weight: 400;\">Du kannst einen gew\u00f6hnlichen Couchtisch verwenden, um die 1000 Puzzleteile aufzustellen. Das rekonstruierte Bild hat die Gr\u00f6\u00dfe von <\/span><strong>47 x 68 cm<\/strong><span style=\"font-weight: 400;\"> und du kannst es in ein au\u00dfergew\u00f6hnliches dekoratives Gem\u00e4lde verwandeln.<\/span><\/p>\n<p><strong>Warum solltest du dich f\u00fcr das 1000 Teile Puzzle &#8211; A South Horse entscheiden?<\/strong><\/p>\n<p><span style=\"font-weight: 400;\">Es ist eine entspannende Art, deine Freizeit zu verbringen.<\/span><\/p>\n<p><span style=\"font-weight: 400;\">Das gibt dir ein gutes Gef\u00fchl und stimmt dich optimistisch <\/span><\/p>\n<p><span style=\"font-weight: 400;\">Das Puzzlespiel f\u00f6rdert das Ged\u00e4chtnis und das kritische Denken.<\/span><\/p>\n<p><span style=\"font-weight: 400;\">Es h\u00e4lt die Hand-Augen-Koordination und die Konzentration auf eine einzige Aufgabe f\u00fcr eine lange Zeit aufrecht.<\/span><\/p>\n<p><span style=\"font-weight: 400;\">Erh\u00f6ht die Aufmerksamkeit f\u00fcr Details und die Ausdauer.<\/span><\/p>\n<p><span style=\"font-weight: 400;\">Er ist aus hochwertigem blauen Karton gefertigt, was ihn auf Dauer haltbar macht <\/span><\/p>\n<p><span style=\"font-weight: 400;\">Es ist umweltfreundlich, da es aus recycelbaren und nachhaltigen Materialien hergestellt wird.<\/span><\/p>\n<p><span style=\"font-weight: 400;\">Die Oberfl\u00e4che ist halbgl\u00e4nzend, in angenehmen Farben, die die Klarheit des Bildes hervorheben.<\/span><\/p>\n<p><span style=\"font-weight: 400;\">Es ist f\u00fcr Jugendliche ab 14 Jahren geeignet, eine Gelegenheit, die Freizeit mit Teenagern zu verbringen.<\/span><\/p>\n<p><strong>Wusstest du, dass..<\/strong><\/p>\n<p><span style=\"font-weight: 400;\">Arabische Pferde haben einen Wirbel weniger als andere Rassen: 5 Lendenwirbel im Vergleich zu 6 bei anderen Rassen. Sie sind auch die besten L\u00e4ufer, denn sie k\u00f6nnen 100 Meilen nonstop laufen.<\/span><\/p>\n<p><span style=\"font-weight: 400;\">Es wird gesch\u00e4tzt, dass es auf der Welt etwa 60 Millionen Pferde gibt.<\/span><\/p>\n<p><span style=\"font-weight: 400;\">Das Alter eines Pferdes kann anhand seiner Z\u00e4hne gesch\u00e4tzt werden.<\/span><\/p>\n<p><span style=\"font-weight: 400;\">In L\u00e4ndern wie Deutschland, Frankreich, Japan usw. gilt Pferdefleisch als Delikatesse.<\/span><\/p>\n<p><span style=\"font-weight: 400;\">Pferde trinken kein Wasser von anderen Tieren oder aus schmutzigen Beh\u00e4ltern.<\/span><\/p>\n<p><strong>Puzzlespiele helfen beim Stressabbau<\/strong><\/p>\n<p><span style=\"font-weight: 400;\">Das 1000-Teile-Puzzle &#8211; Ein Pferd des S\u00fcdens ist eine wunderbare M\u00f6glichkeit, sich vom Alltagsstress zu befreien. Wenn es nur um dich und die 1000 Teile geht, die du in die richtige Reihenfolge bringen willst, konzentriert sich dein Geist und stellt die tausenden von Gedanken, die dich st\u00e4ndig belasten, in den Hintergrund.<\/span><\/p>\n<p><span style=\"font-weight: 400;\">Diese \u00dcbung in Achtsamkeit hat positive Auswirkungen auf Stimmung, Schlaf und Ged\u00e4chtnis. Au\u00dferdem hast du Vertrauen in deine eigenen St\u00e4rken und wirst zuversichtlich, dass dir kein Hindernis im Weg stehen kann, wenn du etwas wirklich willst.<\/span><\/p>\n<p><span style=\"font-weight: 400;\">W\u00e4hle das 1000-teilige Puzzle mit dem Bild eines Pferdes in der Wildnis, um es alleine zusammenzusetzen, wenn du das Bed\u00fcrfnis hast, dem Alltag zu entfliehen, oder mit deinen Liebsten, in den tr\u00fcben Momenten, wenn schlechtes Wetter dich im Haus h\u00e4lt. Dieses Puzzlespiel kann auch ein tolles Geschenk f\u00fcr die Feiertage sein <\/span><\/p>\n","protected":false},"excerpt":{"rendered":"<p>Verbringe deine Freizeit kreativ mit dem 1000-Teile-Puzzle! W\u00e4hle das Puzzlespiel mit dem Bild eines freilaufenden S\u00fcdpferdes und erlebe einen erstaunlichen<\/p>\n","protected":false},"featured_media":63748,"template":"","meta":[],"product_brand":[],"product_cat":[1916,1875,1915],"product_tag":[],"class_list":{"0":"post-40178","1":"product","2":"type-product","3":"status-publish","4":"has-post-thumbnail","6":"product_cat-1000-teile-puzzle","7":"product_cat-puzzle-de","8":"product_cat-puzzlespiele-fur-erwachsene","9":"pa_brand-d_toys-de","10":"pa_country_of_manufacture-ro-de","11":"pa_filter_age-14-de","12":"pa_painter-pferde","13":"pa_tip_ambalaj-kasten-a4-de","14":"pa_tip_puzzle-klassisch","16":"first","17":"instock","18":"taxable","19":"shipping-taxable","20":"product-type-simple"},"yoast_head":"<!-- This site is optimized with the Yoast SEO plugin v20.1 - https:\/\/yoast.com\/wordpress\/plugins\/seo\/ -->\n<title>1000 Teile Erwachsenenpuzzle - Ein Pferd im S\u00fcden<\/title>\n<meta name=\"description\" content=\"1000 Teile Erwachsenenpuzzle - Ein Pferd im S\u00fcden\" \/>\n<meta name=\"robots\" content=\"index, follow, max-snippet:-1, max-image-preview:large, max-video-preview:-1\" \/>\n<link rel=\"canonical\" href=\"https:\/\/business.roovi.com\/de\/1000-teile-erwachsenenpuzzle-ein-pferd-im-suden\/p\/\" \/>\n<meta property=\"og:locale\" content=\"de_DE\" \/>\n<meta property=\"og:type\" content=\"article\" \/>\n<meta property=\"og:title\" content=\"1000 Teile Erwachsenenpuzzle - Ein Pferd im S\u00fcden\" \/>\n<meta property=\"og:description\" content=\"1000 Teile Erwachsenenpuzzle - Ein Pferd im S\u00fcden\" \/>\n<meta property=\"og:url\" content=\"https:\/\/business.roovi.com\/de\/1000-teile-erwachsenenpuzzle-ein-pferd-im-suden\/p\/\" \/>\n<meta property=\"og:site_name\" content=\"Roovi B2B\" \/>\n<meta property=\"article:publisher\" content=\"https:\/\/www.facebook.com\/wwwjucariero\" \/>\n<meta property=\"article:modified_time\" content=\"2023-02-22T08:56:26+00:00\" \/>\n<meta property=\"og:image\" content=\"https:\/\/business.roovi.com\/wp-content\/uploads\/2018\/09\/65988-03-Ansamblu_dimensiuni-cutie-cm_vertical-2-1.png\" \/>\n\t<meta property=\"og:image:width\" content=\"1200\" \/>\n\t<meta property=\"og:image:height\" content=\"1200\" \/>\n\t<meta property=\"og:image:type\" content=\"image\/png\" \/>\n<meta name=\"twitter:label1\" content=\"Gesch\u00e4tzte Lesezeit\" \/>\n\t<meta name=\"twitter:data1\" content=\"3\u00a0Minuten\" \/>\n<script type=\"application\/ld+json\" class=\"yoast-schema-graph\">{\"@context\":\"https:\/\/schema.org\",\"@graph\":[{\"@type\":\"WebPage\",\"@id\":\"https:\/\/business.roovi.com\/de\/1000-teile-erwachsenenpuzzle-ein-pferd-im-suden\/p\/\",\"url\":\"https:\/\/business.roovi.com\/de\/1000-teile-erwachsenenpuzzle-ein-pferd-im-suden\/p\/\",\"name\":\"1000 Teile Erwachsenenpuzzle - Ein Pferd im S\u00fcden\",\"isPartOf\":{\"@id\":\"https:\/\/business.roovi.com\/de\/#website\"},\"datePublished\":\"2018-09-06T08:52:49+00:00\",\"dateModified\":\"2023-02-22T08:56:26+00:00\",\"description\":\"1000 Teile Erwachsenenpuzzle - Ein Pferd im S\u00fcden\",\"breadcrumb\":{\"@id\":\"https:\/\/business.roovi.com\/de\/1000-teile-erwachsenenpuzzle-ein-pferd-im-suden\/p\/#breadcrumb\"},\"inLanguage\":\"de\",\"potentialAction\":[{\"@type\":\"ReadAction\",\"target\":[\"https:\/\/business.roovi.com\/de\/1000-teile-erwachsenenpuzzle-ein-pferd-im-suden\/p\/\"]}]},{\"@type\":\"BreadcrumbList\",\"@id\":\"https:\/\/business.roovi.com\/de\/1000-teile-erwachsenenpuzzle-ein-pferd-im-suden\/p\/#breadcrumb\",\"itemListElement\":[{\"@type\":\"ListItem\",\"position\":1,\"name\":\"Home\",\"item\":\"https:\/\/business.roovi.com\/de\/\"},{\"@type\":\"ListItem\",\"position\":2,\"name\":\"Shop\",\"item\":\"https:\/\/business.roovi.com\/de\/shop\/\"},{\"@type\":\"ListItem\",\"position\":3,\"name\":\"1000 Teile Erwachsenenpuzzle &#8211; Ein Pferd im S\u00fcden\"}]},{\"@type\":\"WebSite\",\"@id\":\"https:\/\/business.roovi.com\/de\/#website\",\"url\":\"https:\/\/business.roovi.com\/de\/\",\"name\":\"Roovi B2B\",\"description\":\"Roovi Business Website\",\"potentialAction\":[{\"@type\":\"SearchAction\",\"target\":{\"@type\":\"EntryPoint\",\"urlTemplate\":\"https:\/\/business.roovi.com\/de\/?s={search_term_string}\"},\"query-input\":\"required name=search_term_string\"}],\"inLanguage\":\"de\"}]}<\/script>\n<!-- \/ Yoast SEO plugin. -->","yoast_head_json":{"title":"1000 Teile Erwachsenenpuzzle - Ein Pferd im S\u00fcden","description":"1000 Teile Erwachsenenpuzzle - Ein Pferd im S\u00fcden","robots":{"index":"index","follow":"follow","max-snippet":"max-snippet:-1","max-image-preview":"max-image-preview:large","max-video-preview":"max-video-preview:-1"},"canonical":"https:\/\/business.roovi.com\/de\/1000-teile-erwachsenenpuzzle-ein-pferd-im-suden\/p\/","og_locale":"de_DE","og_type":"article","og_title":"1000 Teile Erwachsenenpuzzle - Ein Pferd im S\u00fcden","og_description":"1000 Teile Erwachsenenpuzzle - Ein Pferd im S\u00fcden","og_url":"https:\/\/business.roovi.com\/de\/1000-teile-erwachsenenpuzzle-ein-pferd-im-suden\/p\/","og_site_name":"Roovi B2B","article_publisher":"https:\/\/www.facebook.com\/wwwjucariero","article_modified_time":"2023-02-22T08:56:26+00:00","og_image":[{"width":1200,"height":1200,"url":"https:\/\/business.roovi.com\/wp-content\/uploads\/2018\/09\/65988-03-Ansamblu_dimensiuni-cutie-cm_vertical-2-1.png","type":"image\/png"}],"twitter_misc":{"Gesch\u00e4tzte Lesezeit":"3\u00a0Minuten"},"schema":{"@context":"https:\/\/schema.org","@graph":[{"@type":"WebPage","@id":"https:\/\/business.roovi.com\/de\/1000-teile-erwachsenenpuzzle-ein-pferd-im-suden\/p\/","url":"https:\/\/business.roovi.com\/de\/1000-teile-erwachsenenpuzzle-ein-pferd-im-suden\/p\/","name":"1000 Teile Erwachsenenpuzzle - Ein Pferd im S\u00fcden","isPartOf":{"@id":"https:\/\/business.roovi.com\/de\/#website"},"datePublished":"2018-09-06T08:52:49+00:00","dateModified":"2023-02-22T08:56:26+00:00","description":"1000 Teile Erwachsenenpuzzle - Ein Pferd im S\u00fcden","breadcrumb":{"@id":"https:\/\/business.roovi.com\/de\/1000-teile-erwachsenenpuzzle-ein-pferd-im-suden\/p\/#breadcrumb"},"inLanguage":"de","potentialAction":[{"@type":"ReadAction","target":["https:\/\/business.roovi.com\/de\/1000-teile-erwachsenenpuzzle-ein-pferd-im-suden\/p\/"]}]},{"@type":"BreadcrumbList","@id":"https:\/\/business.roovi.com\/de\/1000-teile-erwachsenenpuzzle-ein-pferd-im-suden\/p\/#breadcrumb","itemListElement":[{"@type":"ListItem","position":1,"name":"Home","item":"https:\/\/business.roovi.com\/de\/"},{"@type":"ListItem","position":2,"name":"Shop","item":"https:\/\/business.roovi.com\/de\/shop\/"},{"@type":"ListItem","position":3,"name":"1000 Teile Erwachsenenpuzzle &#8211; Ein Pferd im S\u00fcden"}]},{"@type":"WebSite","@id":"https:\/\/business.roovi.com\/de\/#website","url":"https:\/\/business.roovi.com\/de\/","name":"Roovi B2B","description":"Roovi Business Website","potentialAction":[{"@type":"SearchAction","target":{"@type":"EntryPoint","urlTemplate":"https:\/\/business.roovi.com\/de\/?s={search_term_string}"},"query-input":"required name=search_term_string"}],"inLanguage":"de"}]}},"_links":{"self":[{"href":"https:\/\/business.roovi.com\/de\/wp-json\/wp\/v2\/product\/40178","targetHints":{"allow":["GET"]}}],"collection":[{"href":"https:\/\/business.roovi.com\/de\/wp-json\/wp\/v2\/product"}],"about":[{"href":"https:\/\/business.roovi.com\/de\/wp-json\/wp\/v2\/types\/product"}],"version-history":[{"count":0,"href":"https:\/\/business.roovi.com\/de\/wp-json\/wp\/v2\/product\/40178\/revisions"}],"wp:featuredmedia":[{"embeddable":true,"href":"https:\/\/business.roovi.com\/de\/wp-json\/wp\/v2\/media\/63748"}],"wp:attachment":[{"href":"https:\/\/business.roovi.com\/de\/wp-json\/wp\/v2\/media?parent=40178"}],"wp:term":[{"taxonomy":"product_brand","embeddable":true,"href":"https:\/\/business.roovi.com\/de\/wp-json\/wp\/v2\/product_brand?post=40178"},{"taxonomy":"product_cat","embeddable":true,"href":"https:\/\/business.roovi.com\/de\/wp-json\/wp\/v2\/product_cat?post=40178"},{"taxonomy":"product_tag","embeddable":true,"href":"https:\/\/business.roovi.com\/de\/wp-json\/wp\/v2\/product_tag?post=40178"}],"curies":[{"name":"wp","href":"https:\/\/api.w.org\/{rel}","templated":true}]}}