{"id":40182,"date":"2018-09-06T08:38:35","date_gmt":"2018-09-06T08:38:35","guid":{"rendered":"https:\/\/business.roovi.com\/puzzle-adulti-1000-piese-egiptul-antic-nebamun-hunting-in-the-marshes\/p\/"},"modified":"2023-02-27T13:23:38","modified_gmt":"2023-02-27T13:23:38","slug":"1000-teile-puzzle-fur-erwachsene-altes-agypten-nebamun-auf-der-jagd-in-den-sumpfen","status":"publish","type":"product","link":"https:\/\/business.roovi.com\/de\/1000-teile-puzzle-fur-erwachsene-altes-agypten-nebamun-auf-der-jagd-in-den-sumpfen\/p\/","title":{"rendered":"1000-Teile-Puzzle f\u00fcr Erwachsene &#8211; Altes \u00c4gypten &#8211; Nebamun auf der Jagd in den S\u00fcmpfen"},"content":{"rendered":"<p><span style=\"font-weight: 400;\">Fasziniert von den Geheimnissen der alt\u00e4gyptischen Welt? Das Puzzle &#8222;Altes \u00c4gypten&#8220; f\u00fcr Erwachsene fordert dich heraus, aus 1000 Teilen einige der erstaunlichsten Symbole dieser alten Zivilisation nachzubilden.<\/span><\/p>\n<p><span style=\"font-weight: 400;\">Wenn du dich sowohl f\u00fcr R\u00e4tsel mit erstaunlichen Details als auch f\u00fcr die Geschichte der alt\u00e4gyptischen Welt begeistern kannst, dann ist Nebamuns Kunstr\u00e4tsel <\/span><span style=\"font-weight: 400;\">die Jagd in den S\u00fcmpfen ist perfekt f\u00fcr dich.<\/span><\/p>\n<p><span style=\"font-weight: 400;\">Die Szene <\/span><em><span style=\"font-weight: 400;\">Nebamun <\/span><\/em><em><span style=\"font-weight: 400;\">jagd in den S\u00fcmpfen\/Nebamun-Jagd in den S\u00fcmpfen <\/span><\/em><span style=\"font-weight: 400;\"> stellt ein Bild aus dem Grab von Nebamun dar, das 1820 von dem Griechen Giovanni d&#8217;Athanasi entdeckt wurde. Das Grabmal von <\/span><span style=\"font-weight: 400;\">Nebamun <\/span><span style=\"font-weight: 400;\">war die Quelle f\u00fcr mehrere ber\u00fchmte dekorative Grabszenen, die im Britischen Museum in London ausgestellt sind.<\/span><\/p>\n<p><span style=\"font-weight: 400;\">Nebamun wird in einem kleinen Boot mit seiner Frau Hatschepsut und ihrer kleinen Tochter bei der Vogeljagd in den Nils\u00fcmpfen abgebildet. Die Szene ist typisch f\u00fcr die alt\u00e4gyptische Tradition, Gr\u00e4ber zu schm\u00fccken und die Verstorbenen darzustellen, die die Sch\u00f6nheit des Lebens genie\u00dfen.<\/span><\/p>\n<p><span style=\"font-weight: 400;\">Die Figur des Nebamun dominiert die Szene. Er ist gl\u00fccklich und ewig jung, verankert in einem wohlhabenden und abwechslungsreichen Leben. Obwohl es sich um ein Bild auf einem Grabmal handelt, feiert die Szene das Leben und die Freude am Leben auf der Erde <\/span><\/p>\n<p><span style=\"font-weight: 400;\">Altes \u00c4gypten 1000 Teile Puzzle &#8211; Nebamun <\/span><span style=\"font-weight: 400;\">jagd in den S\u00fcmpfen <\/span><span style=\"font-weight: 400;\">gibt dir die M\u00f6glichkeit, ein einzigartiges Bild voller \u00e4gyptischer Symbole zusammenzusetzen. Ziehe deinen Couchtisch im Wohnzimmer zu und beginne mit der Arbeit an diesem Kunstwerk <\/span><\/p>\n<p><span style=\"font-weight: 400;\">Features Altes \u00c4gypten Kunstpuzzle &#8211; Nebamun <\/span><span style=\"font-weight: 400;\">auf der Jagd in den S\u00fcmpfen:<\/span><\/p>\n<p><strong>Materialr\u00e4tsel <\/strong><\/p>\n<p><strong>hochwertiger blauer Karton<\/strong><\/p>\n<p><strong>nachhaltige, recycelbare Materialien<\/strong><\/p>\n<p><strong>halbgl\u00e4nzende Oberfl\u00e4che, leuchtende Farben<\/strong><\/p>\n<p><strong>Anzahl der Puzzleteile: 1000<\/strong><\/p>\n<p><strong>Empfohlenes Alter: 14+<\/strong><\/p>\n<p><strong>Warum ist so besonders 1000 Teile Puzzle Altes \u00c4gypten &#8211; Nebamun <\/strong><strong>in den S\u00fcmpfen jagen?<\/strong><\/p>\n<p><span style=\"font-weight: 400;\">Es l\u00e4sst dich von den Alltagssorgen abschalten und verbindet dich mit einer faszinierenden Seite der Geschichte.<\/span><\/p>\n<p><span style=\"font-weight: 400;\">Es gibt dir die M\u00f6glichkeit, die Jahrtausende alten \u00e4gyptischen Symbole zu analysieren und zu bewundern.<\/span><\/p>\n<p><span style=\"font-weight: 400;\">Du kannst ein besonderes Gem\u00e4lde anfertigen, das du in deinem Haus ausstellen kannst.<\/span><\/p>\n<p><span style=\"font-weight: 400;\">Es weckt deine Neugier auf die Geheimnisse der \u00e4gyptischen R\u00e4tsel.<\/span><\/p>\n<p><span style=\"font-weight: 400;\">Es kann eine Gelegenheit sein, Zeit mit geliebten Menschen zu verbringen und die Familienbande zu st\u00e4rken.<\/span><\/p>\n<p><strong>Wusstest du, dass&#8230;?<\/strong><\/p>\n<p><span style=\"font-weight: 400;\">Nebamun lebte um 1350 v. Chr. und war ein offizieller Schreiber mittleren Ranges <\/span><\/p>\n<p><span style=\"font-weight: 400;\">In der \u00e4gyptischen Kultur waren die fruchtbaren S\u00fcmpfe <\/span><span style=\"font-weight: 400;\">wurden als Ort der Wiedergeburt und der Erotik angesehen.<\/span><\/p>\n<p><span style=\"font-weight: 400;\">Griechisch <\/span><span style=\"font-weight: 400;\">D&#8217;Athanasius hat die gew\u00fcnschten St\u00fccke mit Szenen, die auf Nebamuns Grabmal abgebildet sind, buchst\u00e4blich aufgegriffen.<\/span><\/p>\n<p><span style=\"font-weight: 400;\">Henry Salt, der Financier von <\/span><span style=\"font-weight: 400;\">D&#8217;Athanasis Arbeit, verkaufte Teile der St\u00fccke an die <\/span><span style=\"font-weight: 400;\">Britisches Museum.<\/span><\/p>\n<p><span style=\"font-weight: 400;\">D&#8217;Athanasi starb in Armut und verriet nie den genauen Standort des Grabes.<\/span><\/p>\n<p><strong>Altes \u00c4gypten 1000 Teile Puzzle &#8211; eine Reise in die Geschichte der \u00e4gyptischen Zivilisation<\/strong><\/p>\n<p><span style=\"font-weight: 400;\">Wenn du mit dem Bild eines alt\u00e4gyptischen Symbols konfrontiert wirst, bist du nicht nur in einem R\u00e4tselspiel gefangen, sondern in einer Seite der Geschichte. Du f\u00fchlst dich wie ein echter Detektiv, der in den Hunderten von Puzzleteilen nach wertvollen Hinweisen sucht, die helfen, das uralte Geheimnis zu entschl\u00fcsseln.<\/span><\/p>\n<p><span style=\"font-weight: 400;\">Sobald das 1000-Teile-Puzzle fertig ist, willst du tiefer in die faszinierende Welt des Alten \u00c4gypten eintauchen. Dieses wunderbare R\u00e4tselspiel fordert dich heraus, dein Allgemeinwissen zu entwickeln <\/span><span style=\"font-weight: 400;\">Jetzt kaufen 1000 Teile Altes \u00c4gypten Puzzle &#8211; Nebamun <\/span><span style=\"font-weight: 400;\">in den S\u00fcmpfen jagen und deine eint\u00f6nigen Nachmittage auflockern. Baue das Bild und rahme das 1000-Teile-Puzzle ein. Entdecke alle Puzzles aus der Reihe &#8222;Altes \u00c4gypten&#8220; und erstelle deine eigene 1000-Teile-Puzzle-Kunstsammlung.<\/span><\/p>\n","protected":false},"excerpt":{"rendered":"<p>Fasziniert von den Geheimnissen der alt\u00e4gyptischen Welt? Das Puzzle &#8222;Altes \u00c4gypten&#8220; f\u00fcr Erwachsene fordert dich heraus, aus 1000 Teilen einige<\/p>\n","protected":false},"featured_media":36692,"template":"","meta":[],"product_brand":[],"product_cat":[1916,1875,1915],"product_tag":[],"class_list":{"0":"post-40182","1":"product","2":"type-product","3":"status-publish","4":"has-post-thumbnail","6":"product_cat-1000-teile-puzzle","7":"product_cat-puzzle-de","8":"product_cat-puzzlespiele-fur-erwachsene","9":"pa_bax-10-de","10":"pa_brand-d_toys-de","11":"pa_country_of_manufacture-ro-de","12":"pa_filter_age-14-de","13":"pa_painter-altes-agypten","14":"pa_tip_ambalaj-kasten-a4-de","15":"pa_tip_puzzle-klassisch","17":"first","18":"instock","19":"taxable","20":"shipping-taxable","21":"product-type-simple"},"yoast_head":"<!-- This site is optimized with the Yoast SEO plugin v20.1 - https:\/\/yoast.com\/wordpress\/plugins\/seo\/ -->\n<title>1000-Teile-Puzzle f\u00fcr Erwachsene - Altes \u00c4gypten - Nebamun auf der Jagd in den S\u00fcmpfen<\/title>\n<meta name=\"description\" content=\"1000-Teile-Puzzle f\u00fcr Erwachsene - Altes \u00c4gypten - Nebamun auf der Jagd in den S\u00fcmpfen\" \/>\n<meta name=\"robots\" content=\"index, follow, max-snippet:-1, max-image-preview:large, max-video-preview:-1\" \/>\n<link rel=\"canonical\" href=\"https:\/\/business.roovi.com\/de\/1000-teile-puzzle-fur-erwachsene-altes-agypten-nebamun-auf-der-jagd-in-den-sumpfen\/p\/\" \/>\n<meta property=\"og:locale\" content=\"de_DE\" \/>\n<meta property=\"og:type\" content=\"article\" \/>\n<meta property=\"og:title\" content=\"1000-Teile-Puzzle f\u00fcr Erwachsene - Altes \u00c4gypten - Nebamun auf der Jagd in den S\u00fcmpfen\" \/>\n<meta property=\"og:description\" content=\"1000-Teile-Puzzle f\u00fcr Erwachsene - Altes \u00c4gypten - Nebamun auf der Jagd in den S\u00fcmpfen\" \/>\n<meta property=\"og:url\" content=\"https:\/\/business.roovi.com\/de\/1000-teile-puzzle-fur-erwachsene-altes-agypten-nebamun-auf-der-jagd-in-den-sumpfen\/p\/\" \/>\n<meta property=\"og:site_name\" content=\"Roovi B2B\" \/>\n<meta property=\"article:publisher\" content=\"https:\/\/www.facebook.com\/wwwjucariero\" \/>\n<meta property=\"article:modified_time\" content=\"2023-02-27T13:23:38+00:00\" \/>\n<meta property=\"og:image\" content=\"https:\/\/business.roovi.com\/wp-content\/uploads\/2018\/09\/65971-3_ansamblu_dimensiuni_cutie_cm_orizontal_1200x1200.png\" \/>\n\t<meta property=\"og:image:width\" content=\"1200\" \/>\n\t<meta property=\"og:image:height\" content=\"1200\" \/>\n\t<meta property=\"og:image:type\" content=\"image\/png\" \/>\n<meta name=\"twitter:label1\" content=\"Gesch\u00e4tzte Lesezeit\" \/>\n\t<meta name=\"twitter:data1\" content=\"3\u00a0Minuten\" \/>\n<script type=\"application\/ld+json\" class=\"yoast-schema-graph\">{\"@context\":\"https:\/\/schema.org\",\"@graph\":[{\"@type\":\"WebPage\",\"@id\":\"https:\/\/business.roovi.com\/de\/1000-teile-puzzle-fur-erwachsene-altes-agypten-nebamun-auf-der-jagd-in-den-sumpfen\/p\/\",\"url\":\"https:\/\/business.roovi.com\/de\/1000-teile-puzzle-fur-erwachsene-altes-agypten-nebamun-auf-der-jagd-in-den-sumpfen\/p\/\",\"name\":\"1000-Teile-Puzzle f\u00fcr Erwachsene - Altes \u00c4gypten - Nebamun auf der Jagd in den S\u00fcmpfen\",\"isPartOf\":{\"@id\":\"https:\/\/business.roovi.com\/de\/#website\"},\"datePublished\":\"2018-09-06T08:38:35+00:00\",\"dateModified\":\"2023-02-27T13:23:38+00:00\",\"description\":\"1000-Teile-Puzzle f\u00fcr Erwachsene - Altes \u00c4gypten - Nebamun auf der Jagd in den S\u00fcmpfen\",\"breadcrumb\":{\"@id\":\"https:\/\/business.roovi.com\/de\/1000-teile-puzzle-fur-erwachsene-altes-agypten-nebamun-auf-der-jagd-in-den-sumpfen\/p\/#breadcrumb\"},\"inLanguage\":\"de\",\"potentialAction\":[{\"@type\":\"ReadAction\",\"target\":[\"https:\/\/business.roovi.com\/de\/1000-teile-puzzle-fur-erwachsene-altes-agypten-nebamun-auf-der-jagd-in-den-sumpfen\/p\/\"]}]},{\"@type\":\"BreadcrumbList\",\"@id\":\"https:\/\/business.roovi.com\/de\/1000-teile-puzzle-fur-erwachsene-altes-agypten-nebamun-auf-der-jagd-in-den-sumpfen\/p\/#breadcrumb\",\"itemListElement\":[{\"@type\":\"ListItem\",\"position\":1,\"name\":\"Home\",\"item\":\"https:\/\/business.roovi.com\/de\/\"},{\"@type\":\"ListItem\",\"position\":2,\"name\":\"Shop\",\"item\":\"https:\/\/business.roovi.com\/de\/shop\/\"},{\"@type\":\"ListItem\",\"position\":3,\"name\":\"1000-Teile-Puzzle f\u00fcr Erwachsene &#8211; Altes \u00c4gypten &#8211; Nebamun auf der Jagd in den S\u00fcmpfen\"}]},{\"@type\":\"WebSite\",\"@id\":\"https:\/\/business.roovi.com\/de\/#website\",\"url\":\"https:\/\/business.roovi.com\/de\/\",\"name\":\"Roovi B2B\",\"description\":\"Roovi Business Website\",\"potentialAction\":[{\"@type\":\"SearchAction\",\"target\":{\"@type\":\"EntryPoint\",\"urlTemplate\":\"https:\/\/business.roovi.com\/de\/?s={search_term_string}\"},\"query-input\":\"required name=search_term_string\"}],\"inLanguage\":\"de\"}]}<\/script>\n<!-- \/ Yoast SEO plugin. -->","yoast_head_json":{"title":"1000-Teile-Puzzle f\u00fcr Erwachsene - Altes \u00c4gypten - Nebamun auf der Jagd in den S\u00fcmpfen","description":"1000-Teile-Puzzle f\u00fcr Erwachsene - Altes \u00c4gypten - Nebamun auf der Jagd in den S\u00fcmpfen","robots":{"index":"index","follow":"follow","max-snippet":"max-snippet:-1","max-image-preview":"max-image-preview:large","max-video-preview":"max-video-preview:-1"},"canonical":"https:\/\/business.roovi.com\/de\/1000-teile-puzzle-fur-erwachsene-altes-agypten-nebamun-auf-der-jagd-in-den-sumpfen\/p\/","og_locale":"de_DE","og_type":"article","og_title":"1000-Teile-Puzzle f\u00fcr Erwachsene - Altes \u00c4gypten - Nebamun auf der Jagd in den S\u00fcmpfen","og_description":"1000-Teile-Puzzle f\u00fcr Erwachsene - Altes \u00c4gypten - Nebamun auf der Jagd in den S\u00fcmpfen","og_url":"https:\/\/business.roovi.com\/de\/1000-teile-puzzle-fur-erwachsene-altes-agypten-nebamun-auf-der-jagd-in-den-sumpfen\/p\/","og_site_name":"Roovi B2B","article_publisher":"https:\/\/www.facebook.com\/wwwjucariero","article_modified_time":"2023-02-27T13:23:38+00:00","og_image":[{"width":1200,"height":1200,"url":"https:\/\/business.roovi.com\/wp-content\/uploads\/2018\/09\/65971-3_ansamblu_dimensiuni_cutie_cm_orizontal_1200x1200.png","type":"image\/png"}],"twitter_misc":{"Gesch\u00e4tzte Lesezeit":"3\u00a0Minuten"},"schema":{"@context":"https:\/\/schema.org","@graph":[{"@type":"WebPage","@id":"https:\/\/business.roovi.com\/de\/1000-teile-puzzle-fur-erwachsene-altes-agypten-nebamun-auf-der-jagd-in-den-sumpfen\/p\/","url":"https:\/\/business.roovi.com\/de\/1000-teile-puzzle-fur-erwachsene-altes-agypten-nebamun-auf-der-jagd-in-den-sumpfen\/p\/","name":"1000-Teile-Puzzle f\u00fcr Erwachsene - Altes \u00c4gypten - Nebamun auf der Jagd in den S\u00fcmpfen","isPartOf":{"@id":"https:\/\/business.roovi.com\/de\/#website"},"datePublished":"2018-09-06T08:38:35+00:00","dateModified":"2023-02-27T13:23:38+00:00","description":"1000-Teile-Puzzle f\u00fcr Erwachsene - Altes \u00c4gypten - Nebamun auf der Jagd in den S\u00fcmpfen","breadcrumb":{"@id":"https:\/\/business.roovi.com\/de\/1000-teile-puzzle-fur-erwachsene-altes-agypten-nebamun-auf-der-jagd-in-den-sumpfen\/p\/#breadcrumb"},"inLanguage":"de","potentialAction":[{"@type":"ReadAction","target":["https:\/\/business.roovi.com\/de\/1000-teile-puzzle-fur-erwachsene-altes-agypten-nebamun-auf-der-jagd-in-den-sumpfen\/p\/"]}]},{"@type":"BreadcrumbList","@id":"https:\/\/business.roovi.com\/de\/1000-teile-puzzle-fur-erwachsene-altes-agypten-nebamun-auf-der-jagd-in-den-sumpfen\/p\/#breadcrumb","itemListElement":[{"@type":"ListItem","position":1,"name":"Home","item":"https:\/\/business.roovi.com\/de\/"},{"@type":"ListItem","position":2,"name":"Shop","item":"https:\/\/business.roovi.com\/de\/shop\/"},{"@type":"ListItem","position":3,"name":"1000-Teile-Puzzle f\u00fcr Erwachsene &#8211; Altes \u00c4gypten &#8211; Nebamun auf der Jagd in den S\u00fcmpfen"}]},{"@type":"WebSite","@id":"https:\/\/business.roovi.com\/de\/#website","url":"https:\/\/business.roovi.com\/de\/","name":"Roovi B2B","description":"Roovi Business Website","potentialAction":[{"@type":"SearchAction","target":{"@type":"EntryPoint","urlTemplate":"https:\/\/business.roovi.com\/de\/?s={search_term_string}"},"query-input":"required name=search_term_string"}],"inLanguage":"de"}]}},"_links":{"self":[{"href":"https:\/\/business.roovi.com\/de\/wp-json\/wp\/v2\/product\/40182","targetHints":{"allow":["GET"]}}],"collection":[{"href":"https:\/\/business.roovi.com\/de\/wp-json\/wp\/v2\/product"}],"about":[{"href":"https:\/\/business.roovi.com\/de\/wp-json\/wp\/v2\/types\/product"}],"version-history":[{"count":0,"href":"https:\/\/business.roovi.com\/de\/wp-json\/wp\/v2\/product\/40182\/revisions"}],"wp:featuredmedia":[{"embeddable":true,"href":"https:\/\/business.roovi.com\/de\/wp-json\/wp\/v2\/media\/36692"}],"wp:attachment":[{"href":"https:\/\/business.roovi.com\/de\/wp-json\/wp\/v2\/media?parent=40182"}],"wp:term":[{"taxonomy":"product_brand","embeddable":true,"href":"https:\/\/business.roovi.com\/de\/wp-json\/wp\/v2\/product_brand?post=40182"},{"taxonomy":"product_cat","embeddable":true,"href":"https:\/\/business.roovi.com\/de\/wp-json\/wp\/v2\/product_cat?post=40182"},{"taxonomy":"product_tag","embeddable":true,"href":"https:\/\/business.roovi.com\/de\/wp-json\/wp\/v2\/product_tag?post=40182"}],"curies":[{"name":"wp","href":"https:\/\/api.w.org\/{rel}","templated":true}]}}