{"id":40186,"date":"2018-09-06T08:24:18","date_gmt":"2018-09-06T08:24:18","guid":{"rendered":"https:\/\/business.roovi.com\/puzzle-adulti-1000-piese-peisaje-de-noapte-hagia-sophia-turcia\/p\/"},"modified":"2023-02-27T12:50:10","modified_gmt":"2023-02-27T12:50:10","slug":"adult-1000-pieces-night-landscapes-puzzle-hagia-sophia-turkei","status":"publish","type":"product","link":"https:\/\/business.roovi.com\/de\/adult-1000-pieces-night-landscapes-puzzle-hagia-sophia-turkei\/p\/","title":{"rendered":"Adult 1000 pieces Night Landscapes Puzzle &#8211; Hagia Sophia, T\u00fcrkei"},"content":{"rendered":"<p><em><strong>Bist du ein Meister des Puzzles? Wir fordern dich heraus, die gesamte Night Landscapes-Kollektion mit 1000 Teilen und atemberaubenden Bildern von weltber\u00fchmten Sehensw\u00fcrdigkeiten zu vervollst\u00e4ndigen.<\/strong><\/em><\/p>\n<p><span style=\"font-weight: 400;\">1000 Teile Puzzle <\/span><span style=\"font-weight: 400;\">Die Hagia Sophia vervollst\u00e4ndigt die Sammlung <\/span><em><span style=\"font-weight: 400;\">Nightscapes <\/span><\/em><span style=\"font-weight: 400;\">und gibt das ber\u00fchmte Wahrzeichen von Istanbul in einem tadellosen Bild wieder.<\/span><\/p>\n<p><span style=\"font-weight: 400;\">Die Hagia Sophia ist ein Denkmal, das sowohl das byzantinische als auch das osmanische Reich repr\u00e4sentiert. Zuerst eine Kirche, dann eine Moschee und sp\u00e4ter ein Museum &#8211; die Hagia Sophia ist ein wertvolles architektonisches Juwel aller Zeiten. Ihre monolithischen Marmors\u00e4ulen, ihre seltenen Mosaike und ihre atemberaubende Kuppel sind nur einige der Elemente, die sie einzigartig machen und jedes Jahr Millionen von Besuchern anziehen <\/span><\/p>\n<p><span style=\"font-weight: 400;\">Mit dem 1000-teiligen Hagia Sophia-Puzzle hast du die M\u00f6glichkeit, die Pracht eines beeindruckenden Monuments voller Geschichte und Symbolik zu entdecken und zu bewundern. Die 1000 Puzzleteile bestehen aus hochwertigem Karton, sind pr\u00e4zise geschnitten und passen perfekt zusammen, sodass das Bild klar bleibt. Das entstandene Bild kann in den Rahmen gesetzt werden. Er wird \u00fcberall, wo du ihn ausstellst, umwerfend aussehen.<\/span><\/p>\n<p><strong>Warum das 1000-Teile-Puzzle Nightscapes &#8211; Hagia Sophia w\u00e4hlen?<\/strong><\/p>\n<p><span style=\"font-weight: 400;\">Du bekommst ein wundersch\u00f6nes 68 x 47 cm gro\u00dfes Gem\u00e4lde der ber\u00fchmten Hagia Sophia, das in der Abendd\u00e4mmerung aufgenommen wurde.<\/span><\/p>\n<p><span style=\"font-weight: 400;\">Du kannst dieses Bild zu dekorativen Zwecken verwenden, um dein Zuhause zu versch\u00f6nern.<\/span><\/p>\n<p><span style=\"font-weight: 400;\">Es hat eine halbgl\u00e4nzende Oberfl\u00e4che in angenehmen Farben, die die Qualit\u00e4t des Bildes hervorheben.<\/span><\/p>\n<p><span style=\"font-weight: 400;\">Er ist aus hochwertigem blauen Karton gefertigt, was ihn widerstandsf\u00e4hig gegen mehrfache Montage macht.<\/span><\/p>\n<p><span style=\"font-weight: 400;\">Die Materialien, aus denen dieses 1000-Teile-Puzzle besteht, sind nachhaltig und recycelbar.<\/span><\/p>\n<p><span style=\"font-weight: 400;\">Geeignet ab 14 Jahren und eine einmalige Gelegenheit, mit Teenagern eine sch\u00f6ne Zeit zu verbringen.<\/span><\/p>\n<p><span style=\"font-weight: 400;\">Es hilft, Stress abzubauen und sich von den Problemen des Alltags zu l\u00f6sen.<\/span><\/p>\n<p><span style=\"font-weight: 400;\">Ein 1000-Teile-Puzzle ist eine entspannende Art, die Einzigartigkeit und Gro\u00dfartigkeit weltber\u00fchmter Sehensw\u00fcrdigkeiten zu entdecken.<\/span><\/p>\n<p><span style=\"font-weight: 400;\">Mit dem 1000-teiligen Hagia Sophia-Puzzle aus der Night Landscapes-Kollektion entwickelst du au\u00dferdem die F\u00e4higkeiten, die du in deinem Alltag brauchst:<\/span><\/p>\n<ul>\n<li><span style=\"font-weight: 400;\">Liebe zum Detail<\/span><\/li>\n<li><span style=\"font-weight: 400;\">Geduld<\/span><\/li>\n<li><span style=\"font-weight: 400;\">Beharrlichkeit<\/span><\/li>\n<li><span style=\"font-weight: 400;\">Koordinierung<\/span><\/li>\n<li><span style=\"font-weight: 400;\">Speicher.<\/span><\/li>\n<\/ul>\n<p><strong>Was sagen die Legenden \u00fcber die Hagia Sophia?<\/strong><\/p>\n<p><strong>Ein Ort mit heilenden Kr\u00e4ften<\/strong><\/p>\n<p><span style=\"font-weight: 400;\">Eine der 107 beeindruckenden S\u00e4ulen des Denkmals ist bekannt als die <\/span><em><span style=\"font-weight: 400;\">&#8222;Die schwitzende S\u00e4ule<\/span><\/em><span style=\"font-weight: 400;\">&#8222;. An der Unterseite befindet sich eine Vertiefung, die sich feucht anf\u00fchlt. Es wird gesagt, dass die Ber\u00fchrung dieser Stelle dich von jeder Krankheit heilt.<\/span><\/p>\n<p><strong><em>Solomon, ich habe dich besiegt!<\/em><\/strong><\/p>\n<p><span style=\"font-weight: 400;\">Kaiser Justinian I. hatte den gro\u00dfen Traum, eine pr\u00e4chtige Kirche zu bauen, wie es keine andere auf der Welt gibt. Er w\u00e4hlte die f\u00e4higsten Architekten seiner Zeit und die wertvollsten Materialien und <\/span><em><span style=\"font-weight: 400;\">Aya Sophia <\/span><\/em><span style=\"font-weight: 400;\">war in etwa 6 Jahren fertig. Es wird erz\u00e4hlt, dass der Kaiser beim ersten Gottesdienst im Jahr 537 in der Kirche von \u00fcberw\u00e4ltigender Gr\u00f6\u00dfe und Reichtum ausrief <\/span><em><span style=\"font-weight: 400;\">Solomon, ich habe dich besiegt!<\/span><\/em><\/p>\n<p><strong>Die Legende \u00fcber das Verschwinden von Kaiser Konstantin XI<\/strong><\/p>\n<p><span style=\"font-weight: 400;\">Auf den historischen Seiten steht, dass Kaiser Konstantin XI. beim Fall von Konstantinopel von den T\u00fcrken get\u00f6tet wurde. Doch der Legende nach fl\u00fcchtete er verwundet mit zwei Priestern in die Kirche, die den Jesus-Kelch und die Tava mit Anafura mitnahmen. Die Ostwand \u00f6ffnete sich, ein Engel stieg herab, zog sie alle hinein und verwandelte sie in Steinstatuen. Die Bewohner des Ortes beteten lange und ausdauernd, dass der K\u00f6nig wieder zum Leben erwacht und sie von den Eindringlingen befreit, aber ihr Wunsch wurde nicht erf\u00fcllt.<\/span><\/p>\n<p><strong>1000-Teile-Puzzle Hagia Sophia &#8211; eine Gelegenheit zum Entspannen und Meditieren<\/strong><\/p>\n<p><span style=\"font-weight: 400;\">F\u00fchlst du dich von allt\u00e4glichen Gedanken und Problemen \u00fcberw\u00e4ltigt? Genie\u00dfe ein paar entspannte Stunden in Gesellschaft eines wundersch\u00f6n gestalteten Puzzles mit 1000 Teilen. Wenn du einmal damit angefangen hast, kannst du es nicht mehr aufgeben, bis es fertig ist. Es nimmt den Druck von deinem Verstand, entspannt deine Sinne und \u00f6ffnet dein geistiges Auge, um dich an dem Ort zu visualisieren, den du aus 1000 Puzzleteilen zusammensetzt.<\/span><\/p>\n<p><span style=\"font-weight: 400;\">Du machst eine einzigartige Erfahrung. Das ist spannend, kreativ und macht s\u00fcchtig und du wirst es immer wieder erleben wollen. Wenn du ein paar Stunden mit deinen Lieben verbringen m\u00f6chtest, kannst du das 1000-Teile-Puzzle der Hagia Sophia als Vorwand f\u00fcr ein geselliges Beisammensein nutzen. Es ist eine tolle M\u00f6glichkeit, um Spa\u00df zu haben, aber auch, um einander kennenzulernen und Beziehungen zu st\u00e4rken.<\/span><\/p>\n<p><span style=\"font-weight: 400;\">Kaufe das Hagia Sophia 1000 Teile Puzzle aus der Night Landscapes Kollektion f\u00fcr lustige oder meditative Momente. Dieses besondere Puzzlespiel ist ein tolles Weihnachts- oder Jubil\u00e4umsgeschenk f\u00fcr Freunde, die Puzzlespiele f\u00fcr Erwachsene lieben.<\/span><\/p>\n","protected":false},"excerpt":{"rendered":"<p>Bist du ein Meister des Puzzles? Wir fordern dich heraus, die gesamte Night Landscapes-Kollektion mit 1000 Teilen und atemberaubenden Bildern<\/p>\n","protected":false},"featured_media":36678,"template":"","meta":[],"product_brand":[],"product_cat":[1916,1875,1915],"product_tag":[],"class_list":{"0":"post-40186","1":"product","2":"type-product","3":"status-publish","4":"has-post-thumbnail","6":"product_cat-1000-teile-puzzle","7":"product_cat-puzzle-de","8":"product_cat-puzzlespiele-fur-erwachsene","9":"pa_brand-d_toys-de","10":"pa_country_of_manufacture-ro-de","11":"pa_filter_age-14-de","12":"pa_painter-night-landscapes","13":"pa_tip_ambalaj-kasten-a4-de","14":"pa_tip_puzzle-klassisch","16":"first","17":"instock","18":"taxable","19":"shipping-taxable","20":"product-type-simple"},"yoast_head":"<!-- This site is optimized with the Yoast SEO plugin v20.1 - https:\/\/yoast.com\/wordpress\/plugins\/seo\/ -->\n<title>Adult 1000 pieces Night Landscapes Puzzle - Hagia Sophia, T\u00fcrkei<\/title>\n<meta name=\"description\" content=\"Adult 1000 pieces Night Landscapes Puzzle - Hagia Sophia, T\u00fcrkei\" \/>\n<meta name=\"robots\" content=\"index, follow, max-snippet:-1, max-image-preview:large, max-video-preview:-1\" \/>\n<link rel=\"canonical\" href=\"https:\/\/business.roovi.com\/de\/adult-1000-pieces-night-landscapes-puzzle-hagia-sophia-turkei\/p\/\" \/>\n<meta property=\"og:locale\" content=\"de_DE\" \/>\n<meta property=\"og:type\" content=\"article\" \/>\n<meta property=\"og:title\" content=\"Adult 1000 pieces Night Landscapes Puzzle - Hagia Sophia, T\u00fcrkei\" \/>\n<meta property=\"og:description\" content=\"Adult 1000 pieces Night Landscapes Puzzle - Hagia Sophia, T\u00fcrkei\" \/>\n<meta property=\"og:url\" content=\"https:\/\/business.roovi.com\/de\/adult-1000-pieces-night-landscapes-puzzle-hagia-sophia-turkei\/p\/\" \/>\n<meta property=\"og:site_name\" content=\"Roovi B2B\" \/>\n<meta property=\"article:publisher\" content=\"https:\/\/www.facebook.com\/wwwjucariero\" \/>\n<meta property=\"article:modified_time\" content=\"2023-02-27T12:50:10+00:00\" \/>\n<meta property=\"og:image\" content=\"https:\/\/business.roovi.com\/wp-content\/uploads\/2018\/09\/64301-11-ansamblu_dimensiuni-cutie-cm_orizontal.png\" \/>\n\t<meta property=\"og:image:width\" content=\"960\" \/>\n\t<meta property=\"og:image:height\" content=\"960\" \/>\n\t<meta property=\"og:image:type\" content=\"image\/png\" \/>\n<meta name=\"twitter:label1\" content=\"Gesch\u00e4tzte Lesezeit\" \/>\n\t<meta name=\"twitter:data1\" content=\"4\u00a0Minuten\" \/>\n<script type=\"application\/ld+json\" class=\"yoast-schema-graph\">{\"@context\":\"https:\/\/schema.org\",\"@graph\":[{\"@type\":\"WebPage\",\"@id\":\"https:\/\/business.roovi.com\/de\/adult-1000-pieces-night-landscapes-puzzle-hagia-sophia-turkei\/p\/\",\"url\":\"https:\/\/business.roovi.com\/de\/adult-1000-pieces-night-landscapes-puzzle-hagia-sophia-turkei\/p\/\",\"name\":\"Adult 1000 pieces Night Landscapes Puzzle - Hagia Sophia, T\u00fcrkei\",\"isPartOf\":{\"@id\":\"https:\/\/business.roovi.com\/de\/#website\"},\"datePublished\":\"2018-09-06T08:24:18+00:00\",\"dateModified\":\"2023-02-27T12:50:10+00:00\",\"description\":\"Adult 1000 pieces Night Landscapes Puzzle - Hagia Sophia, T\u00fcrkei\",\"breadcrumb\":{\"@id\":\"https:\/\/business.roovi.com\/de\/adult-1000-pieces-night-landscapes-puzzle-hagia-sophia-turkei\/p\/#breadcrumb\"},\"inLanguage\":\"de\",\"potentialAction\":[{\"@type\":\"ReadAction\",\"target\":[\"https:\/\/business.roovi.com\/de\/adult-1000-pieces-night-landscapes-puzzle-hagia-sophia-turkei\/p\/\"]}]},{\"@type\":\"BreadcrumbList\",\"@id\":\"https:\/\/business.roovi.com\/de\/adult-1000-pieces-night-landscapes-puzzle-hagia-sophia-turkei\/p\/#breadcrumb\",\"itemListElement\":[{\"@type\":\"ListItem\",\"position\":1,\"name\":\"Home\",\"item\":\"https:\/\/business.roovi.com\/de\/\"},{\"@type\":\"ListItem\",\"position\":2,\"name\":\"Shop\",\"item\":\"https:\/\/business.roovi.com\/de\/shop\/\"},{\"@type\":\"ListItem\",\"position\":3,\"name\":\"Adult 1000 pieces Night Landscapes Puzzle &#8211; Hagia Sophia, T\u00fcrkei\"}]},{\"@type\":\"WebSite\",\"@id\":\"https:\/\/business.roovi.com\/de\/#website\",\"url\":\"https:\/\/business.roovi.com\/de\/\",\"name\":\"Roovi B2B\",\"description\":\"Roovi Business Website\",\"potentialAction\":[{\"@type\":\"SearchAction\",\"target\":{\"@type\":\"EntryPoint\",\"urlTemplate\":\"https:\/\/business.roovi.com\/de\/?s={search_term_string}\"},\"query-input\":\"required name=search_term_string\"}],\"inLanguage\":\"de\"}]}<\/script>\n<!-- \/ Yoast SEO plugin. -->","yoast_head_json":{"title":"Adult 1000 pieces Night Landscapes Puzzle - Hagia Sophia, T\u00fcrkei","description":"Adult 1000 pieces Night Landscapes Puzzle - Hagia Sophia, T\u00fcrkei","robots":{"index":"index","follow":"follow","max-snippet":"max-snippet:-1","max-image-preview":"max-image-preview:large","max-video-preview":"max-video-preview:-1"},"canonical":"https:\/\/business.roovi.com\/de\/adult-1000-pieces-night-landscapes-puzzle-hagia-sophia-turkei\/p\/","og_locale":"de_DE","og_type":"article","og_title":"Adult 1000 pieces Night Landscapes Puzzle - Hagia Sophia, T\u00fcrkei","og_description":"Adult 1000 pieces Night Landscapes Puzzle - Hagia Sophia, T\u00fcrkei","og_url":"https:\/\/business.roovi.com\/de\/adult-1000-pieces-night-landscapes-puzzle-hagia-sophia-turkei\/p\/","og_site_name":"Roovi B2B","article_publisher":"https:\/\/www.facebook.com\/wwwjucariero","article_modified_time":"2023-02-27T12:50:10+00:00","og_image":[{"width":960,"height":960,"url":"https:\/\/business.roovi.com\/wp-content\/uploads\/2018\/09\/64301-11-ansamblu_dimensiuni-cutie-cm_orizontal.png","type":"image\/png"}],"twitter_misc":{"Gesch\u00e4tzte Lesezeit":"4\u00a0Minuten"},"schema":{"@context":"https:\/\/schema.org","@graph":[{"@type":"WebPage","@id":"https:\/\/business.roovi.com\/de\/adult-1000-pieces-night-landscapes-puzzle-hagia-sophia-turkei\/p\/","url":"https:\/\/business.roovi.com\/de\/adult-1000-pieces-night-landscapes-puzzle-hagia-sophia-turkei\/p\/","name":"Adult 1000 pieces Night Landscapes Puzzle - Hagia Sophia, T\u00fcrkei","isPartOf":{"@id":"https:\/\/business.roovi.com\/de\/#website"},"datePublished":"2018-09-06T08:24:18+00:00","dateModified":"2023-02-27T12:50:10+00:00","description":"Adult 1000 pieces Night Landscapes Puzzle - Hagia Sophia, T\u00fcrkei","breadcrumb":{"@id":"https:\/\/business.roovi.com\/de\/adult-1000-pieces-night-landscapes-puzzle-hagia-sophia-turkei\/p\/#breadcrumb"},"inLanguage":"de","potentialAction":[{"@type":"ReadAction","target":["https:\/\/business.roovi.com\/de\/adult-1000-pieces-night-landscapes-puzzle-hagia-sophia-turkei\/p\/"]}]},{"@type":"BreadcrumbList","@id":"https:\/\/business.roovi.com\/de\/adult-1000-pieces-night-landscapes-puzzle-hagia-sophia-turkei\/p\/#breadcrumb","itemListElement":[{"@type":"ListItem","position":1,"name":"Home","item":"https:\/\/business.roovi.com\/de\/"},{"@type":"ListItem","position":2,"name":"Shop","item":"https:\/\/business.roovi.com\/de\/shop\/"},{"@type":"ListItem","position":3,"name":"Adult 1000 pieces Night Landscapes Puzzle &#8211; Hagia Sophia, T\u00fcrkei"}]},{"@type":"WebSite","@id":"https:\/\/business.roovi.com\/de\/#website","url":"https:\/\/business.roovi.com\/de\/","name":"Roovi B2B","description":"Roovi Business Website","potentialAction":[{"@type":"SearchAction","target":{"@type":"EntryPoint","urlTemplate":"https:\/\/business.roovi.com\/de\/?s={search_term_string}"},"query-input":"required name=search_term_string"}],"inLanguage":"de"}]}},"_links":{"self":[{"href":"https:\/\/business.roovi.com\/de\/wp-json\/wp\/v2\/product\/40186","targetHints":{"allow":["GET"]}}],"collection":[{"href":"https:\/\/business.roovi.com\/de\/wp-json\/wp\/v2\/product"}],"about":[{"href":"https:\/\/business.roovi.com\/de\/wp-json\/wp\/v2\/types\/product"}],"version-history":[{"count":0,"href":"https:\/\/business.roovi.com\/de\/wp-json\/wp\/v2\/product\/40186\/revisions"}],"wp:featuredmedia":[{"embeddable":true,"href":"https:\/\/business.roovi.com\/de\/wp-json\/wp\/v2\/media\/36678"}],"wp:attachment":[{"href":"https:\/\/business.roovi.com\/de\/wp-json\/wp\/v2\/media?parent=40186"}],"wp:term":[{"taxonomy":"product_brand","embeddable":true,"href":"https:\/\/business.roovi.com\/de\/wp-json\/wp\/v2\/product_brand?post=40186"},{"taxonomy":"product_cat","embeddable":true,"href":"https:\/\/business.roovi.com\/de\/wp-json\/wp\/v2\/product_cat?post=40186"},{"taxonomy":"product_tag","embeddable":true,"href":"https:\/\/business.roovi.com\/de\/wp-json\/wp\/v2\/product_tag?post=40186"}],"curies":[{"name":"wp","href":"https:\/\/api.w.org\/{rel}","templated":true}]}}