{"id":40190,"date":"2018-09-06T08:20:36","date_gmt":"2018-09-06T08:20:36","guid":{"rendered":"https:\/\/business.roovi.com\/puzzle-adulti-1000-piese-peisaje-de-noapte-catedrala-sfantul-vasile-din-moscova\/p\/"},"modified":"2023-02-27T12:47:30","modified_gmt":"2023-02-27T12:47:30","slug":"1000-teile-adult-puzzle-night-landscapes-basilius-kathedrale-in-moskau","status":"publish","type":"product","link":"https:\/\/business.roovi.com\/de\/1000-teile-adult-puzzle-night-landscapes-basilius-kathedrale-in-moskau\/p\/","title":{"rendered":"1000 Teile Adult Puzzle Night Landscapes &#8211; Basilius-Kathedrale in Moskau"},"content":{"rendered":"<p><span style=\"font-weight: 400;\">Das 1000-teilige Puzzle Basilius-Kathedrale in Moskau aus der Reihe Night Landscapes l\u00e4dt dich auf eine Fantasiereise ins ferne Russland ein. Erstelle aus 1000 Teilen ein faszinierendes Bild der imposanten Kathedrale bei Nacht und bewundere die Sch\u00f6nheit einer einzigartigen Sehensw\u00fcrdigkeit auf der Welt.<\/span><\/p>\n<p><span style=\"font-weight: 400;\">Die Basilius-Kathedrale befindet sich im Zentrum Moskaus, auf dem ber\u00fchmten Roten Platz, und wurde im 16<\/span> <span style=\"font-weight: 400;\">Iwan der Schreckliche gegen die Tataren des Kasaner Khanats.<\/span><\/p>\n<p><span style=\"font-weight: 400;\">Zu den vielen Mythen, die \u00fcber diese gro\u00dfe Kathedrale kursieren, geh\u00f6rt, dass sie eine Darstellung des Reiches Gottes ist und ihre W\u00e4nde mit Edelsteinen verziert sind. Eine andere Legende besagt, dass der Zar den Architekten der Kirche geblendet hat, damit er nirgendwo anders auf der Welt ein \u00e4hnliches Meisterwerk erschaffen w\u00fcrde.<\/span><\/p>\n<p><span style=\"font-weight: 400;\">Das 1000-teilige Puzzle Basilius-Kathedrale entf\u00fchrt dich in diese besondere Symbolik und hilft dir, dich von der Hektik des Alltags zu entspannen und zu erholen. Am Ende erwartet dich ein beeindruckendes Bild, das die ber\u00fchmte russische Kathedrale detailgetreu wiedergibt.<\/span><\/p>\n<p><strong>Warum das 1000-Teile-Puzzle w\u00e4hlen<\/strong> <strong>Die Basilius-Kathedrale in Moskau?<\/strong><\/p>\n<p><span style=\"font-weight: 400;\">Es ist eine einzigartige M\u00f6glichkeit, die Einzigartigkeit und Sch\u00f6nheit einer ikonischen Touristenattraktion zu entdecken.<\/span><\/p>\n<p><span style=\"font-weight: 400;\">Du genie\u00dft ein k\u00fcnstlerisches Gem\u00e4lde von 68 x 47 cm, das ein besonderes Dekorationsobjekt sein kann.<\/span><\/p>\n<p><span style=\"font-weight: 400;\">Er ist aus hochwertigem blauen Karton gefertigt, der Qualit\u00e4t und Haltbarkeit garantiert.<\/span><\/p>\n<p><span style=\"font-weight: 400;\">Es hat eine halbgl\u00e4nzende Oberfl\u00e4che in angenehmen Farben, die die Qualit\u00e4t des Bildes hervorheben.<\/span><\/p>\n<p><span style=\"font-weight: 400;\">Die Puzzleteile sind einzigartig, pr\u00e4zise geschnitten und passen perfekt zusammen, auch wenn das Puzzle viele Male neu geschnitten wird.<\/span><\/p>\n<p><span style=\"font-weight: 400;\">Sie ist aus nachhaltigen und recycelbaren Materialien hergestellt.<\/span><\/p>\n<p><span style=\"font-weight: 400;\">Geeignet f\u00fcr Jugendliche ab 14 Jahren, also ideal f\u00fcr eine kreative Aktivit\u00e4t mit Teenagern.<\/span><\/p>\n<p><span style=\"font-weight: 400;\">Hilft, Stress abzubauen und sich von Alltagsproblemen zu l\u00f6sen.<\/span><\/p>\n<p><span style=\"font-weight: 400;\">Es ist eine Gelegenheit, deine Puzzlef\u00e4higkeiten zu verbessern und vor deinen Freunden mit deiner perfekten Arbeit zu prahlen.<\/span><\/p>\n<p><strong>Wusstest du, dass&#8230;?<\/strong><\/p>\n<p><span style=\"font-weight: 400;\">Diese Kathedrale ist eigentlich ein Komplex aus 9 Kapellen, die nacheinander gebaut wurden und durch Galerien und G\u00e4nge miteinander verbunden sind.<\/span><\/p>\n<p><span style=\"font-weight: 400;\">Sie wurde in nur 6 Jahren, von 1555 bis 1561, erbaut &#8211; eine gro\u00dfe Leistung f\u00fcr die damalige Zeit.<\/span><\/p>\n<p><span style=\"font-weight: 400;\">Sie hat ein einzigartiges Design in russischer und byzantinischer Architektur, wobei die meisten Elemente asiatischen Stilen \u00e4hneln. Einige Historiker behaupten, sie sei eine Nachbildung der Kul Sharif Moschee, der damals gr\u00f6\u00dften Moschee in Russland <\/span><\/p>\n<p><span style=\"font-weight: 400;\">Im 16. Jahrhundert wurden im Keller der Kathedrale die Kirchenkassen und die Ersparnisse reicher Leute gelagert.<\/span><\/p>\n<p><span style=\"font-weight: 400;\">Die wundersch\u00f6ne Kathedrale war schon mehrmals vom Abriss bedroht. 1812 wollten franz\u00f6sische Truppen es in die Luft jagen, und 1920 waren die Kommunisten nicht gl\u00fccklich \u00fcber dieses christliche Symbol im Herzen Moskaus. Aber wie durch ein Wunder entkam sie diesen Bedrohungen.<\/span><\/p>\n<p><strong>Das 1000-teilige Puzzle St. Basilius Kathedrale ist wie eine tiefe Meditation<\/strong><\/p>\n<p><span style=\"font-weight: 400;\">Das Puzzlespiel ist wie eine Meditationssitzung. Du machst deinen Kopf frei von Gedanken und konzentrierst dich auf den gegenw\u00e4rtigen Moment, in dem es nur noch darum geht, die richtigen Teile zu finden und sie in das Gesamtbild zu integrieren. Du bist entspannt und gl\u00fccklich, vor allem wenn du das letzte St\u00fcck einf\u00fcgst und das Bild komplett ist.<\/span><\/p>\n<p><span style=\"font-weight: 400;\">Du wirst mit positiver Energie aufgeladen und willst das Gef\u00fchl wieder erleben. Mit den sch\u00f6nen Night Landscapes Puzzlespielen kannst du viele \u00e4hnliche Sitzungen haben. Oder du kannst sie in angenehme Momente mit deinen Liebsten verwandeln. Oder du kannst sie zu Geschenken f\u00fcr deine puzzlebegeisterten Freunde machen.<\/span><\/p>\n<p><span style=\"font-weight: 400;\">Mit den 1000-teiligen Puzzles aus der Nightscapes-Kollektion hast du viele M\u00f6glichkeiten, dich zu entspannen. Lass deiner Fantasie freien Lauf und w\u00e4hle die Version, die am besten zu dir passt.<\/span><\/p>\n","protected":false},"excerpt":{"rendered":"<p>Das 1000-teilige Puzzle Basilius-Kathedrale in Moskau aus der Reihe Night Landscapes l\u00e4dt dich auf eine Fantasiereise ins ferne Russland ein.<\/p>\n","protected":false},"featured_media":36664,"template":"","meta":[],"product_brand":[],"product_cat":[1916,1875,1915],"product_tag":[],"class_list":{"0":"post-40190","1":"product","2":"type-product","3":"status-publish","4":"has-post-thumbnail","6":"product_cat-1000-teile-puzzle","7":"product_cat-puzzle-de","8":"product_cat-puzzlespiele-fur-erwachsene","9":"pa_brand-d_toys-de","10":"pa_country_of_manufacture-ro-de","11":"pa_filter_age-14-de","12":"pa_painter-night-landscapes","13":"pa_tip_ambalaj-kasten-a4-de","14":"pa_tip_puzzle-klassisch","16":"first","17":"instock","18":"taxable","19":"shipping-taxable","20":"product-type-simple"},"yoast_head":"<!-- This site is optimized with the Yoast SEO plugin v20.1 - https:\/\/yoast.com\/wordpress\/plugins\/seo\/ -->\n<title>1000 Teile Adult Puzzle Night Landscapes - Basilius-Kathedrale in Moskau<\/title>\n<meta name=\"description\" content=\"1000 Teile Adult Puzzle Night Landscapes - Basilius-Kathedrale in Moskau\" \/>\n<meta name=\"robots\" content=\"index, follow, max-snippet:-1, max-image-preview:large, max-video-preview:-1\" \/>\n<link rel=\"canonical\" href=\"https:\/\/business.roovi.com\/de\/1000-teile-adult-puzzle-night-landscapes-basilius-kathedrale-in-moskau\/p\/\" \/>\n<meta property=\"og:locale\" content=\"de_DE\" \/>\n<meta property=\"og:type\" content=\"article\" \/>\n<meta property=\"og:title\" content=\"1000 Teile Adult Puzzle Night Landscapes - Basilius-Kathedrale in Moskau\" \/>\n<meta property=\"og:description\" content=\"1000 Teile Adult Puzzle Night Landscapes - Basilius-Kathedrale in Moskau\" \/>\n<meta property=\"og:url\" content=\"https:\/\/business.roovi.com\/de\/1000-teile-adult-puzzle-night-landscapes-basilius-kathedrale-in-moskau\/p\/\" \/>\n<meta property=\"og:site_name\" content=\"Roovi B2B\" \/>\n<meta property=\"article:publisher\" content=\"https:\/\/www.facebook.com\/wwwjucariero\" \/>\n<meta property=\"article:modified_time\" content=\"2023-02-27T12:47:30+00:00\" \/>\n<meta property=\"og:image\" content=\"https:\/\/business.roovi.com\/wp-content\/uploads\/2018\/09\/64301-10-ansamblu_dimensiuni-cutie-cm_vertical.png\" \/>\n\t<meta property=\"og:image:width\" content=\"960\" \/>\n\t<meta property=\"og:image:height\" content=\"960\" \/>\n\t<meta property=\"og:image:type\" content=\"image\/png\" \/>\n<meta name=\"twitter:label1\" content=\"Gesch\u00e4tzte Lesezeit\" \/>\n\t<meta name=\"twitter:data1\" content=\"4\u00a0Minuten\" \/>\n<script type=\"application\/ld+json\" class=\"yoast-schema-graph\">{\"@context\":\"https:\/\/schema.org\",\"@graph\":[{\"@type\":\"WebPage\",\"@id\":\"https:\/\/business.roovi.com\/de\/1000-teile-adult-puzzle-night-landscapes-basilius-kathedrale-in-moskau\/p\/\",\"url\":\"https:\/\/business.roovi.com\/de\/1000-teile-adult-puzzle-night-landscapes-basilius-kathedrale-in-moskau\/p\/\",\"name\":\"1000 Teile Adult Puzzle Night Landscapes - Basilius-Kathedrale in Moskau\",\"isPartOf\":{\"@id\":\"https:\/\/business.roovi.com\/de\/#website\"},\"datePublished\":\"2018-09-06T08:20:36+00:00\",\"dateModified\":\"2023-02-27T12:47:30+00:00\",\"description\":\"1000 Teile Adult Puzzle Night Landscapes - Basilius-Kathedrale in Moskau\",\"breadcrumb\":{\"@id\":\"https:\/\/business.roovi.com\/de\/1000-teile-adult-puzzle-night-landscapes-basilius-kathedrale-in-moskau\/p\/#breadcrumb\"},\"inLanguage\":\"de\",\"potentialAction\":[{\"@type\":\"ReadAction\",\"target\":[\"https:\/\/business.roovi.com\/de\/1000-teile-adult-puzzle-night-landscapes-basilius-kathedrale-in-moskau\/p\/\"]}]},{\"@type\":\"BreadcrumbList\",\"@id\":\"https:\/\/business.roovi.com\/de\/1000-teile-adult-puzzle-night-landscapes-basilius-kathedrale-in-moskau\/p\/#breadcrumb\",\"itemListElement\":[{\"@type\":\"ListItem\",\"position\":1,\"name\":\"Home\",\"item\":\"https:\/\/business.roovi.com\/de\/\"},{\"@type\":\"ListItem\",\"position\":2,\"name\":\"Shop\",\"item\":\"https:\/\/business.roovi.com\/de\/shop\/\"},{\"@type\":\"ListItem\",\"position\":3,\"name\":\"1000 Teile Adult Puzzle Night Landscapes &#8211; Basilius-Kathedrale in Moskau\"}]},{\"@type\":\"WebSite\",\"@id\":\"https:\/\/business.roovi.com\/de\/#website\",\"url\":\"https:\/\/business.roovi.com\/de\/\",\"name\":\"Roovi B2B\",\"description\":\"Roovi Business Website\",\"potentialAction\":[{\"@type\":\"SearchAction\",\"target\":{\"@type\":\"EntryPoint\",\"urlTemplate\":\"https:\/\/business.roovi.com\/de\/?s={search_term_string}\"},\"query-input\":\"required name=search_term_string\"}],\"inLanguage\":\"de\"}]}<\/script>\n<!-- \/ Yoast SEO plugin. -->","yoast_head_json":{"title":"1000 Teile Adult Puzzle Night Landscapes - Basilius-Kathedrale in Moskau","description":"1000 Teile Adult Puzzle Night Landscapes - Basilius-Kathedrale in Moskau","robots":{"index":"index","follow":"follow","max-snippet":"max-snippet:-1","max-image-preview":"max-image-preview:large","max-video-preview":"max-video-preview:-1"},"canonical":"https:\/\/business.roovi.com\/de\/1000-teile-adult-puzzle-night-landscapes-basilius-kathedrale-in-moskau\/p\/","og_locale":"de_DE","og_type":"article","og_title":"1000 Teile Adult Puzzle Night Landscapes - Basilius-Kathedrale in Moskau","og_description":"1000 Teile Adult Puzzle Night Landscapes - Basilius-Kathedrale in Moskau","og_url":"https:\/\/business.roovi.com\/de\/1000-teile-adult-puzzle-night-landscapes-basilius-kathedrale-in-moskau\/p\/","og_site_name":"Roovi B2B","article_publisher":"https:\/\/www.facebook.com\/wwwjucariero","article_modified_time":"2023-02-27T12:47:30+00:00","og_image":[{"width":960,"height":960,"url":"https:\/\/business.roovi.com\/wp-content\/uploads\/2018\/09\/64301-10-ansamblu_dimensiuni-cutie-cm_vertical.png","type":"image\/png"}],"twitter_misc":{"Gesch\u00e4tzte Lesezeit":"4\u00a0Minuten"},"schema":{"@context":"https:\/\/schema.org","@graph":[{"@type":"WebPage","@id":"https:\/\/business.roovi.com\/de\/1000-teile-adult-puzzle-night-landscapes-basilius-kathedrale-in-moskau\/p\/","url":"https:\/\/business.roovi.com\/de\/1000-teile-adult-puzzle-night-landscapes-basilius-kathedrale-in-moskau\/p\/","name":"1000 Teile Adult Puzzle Night Landscapes - Basilius-Kathedrale in Moskau","isPartOf":{"@id":"https:\/\/business.roovi.com\/de\/#website"},"datePublished":"2018-09-06T08:20:36+00:00","dateModified":"2023-02-27T12:47:30+00:00","description":"1000 Teile Adult Puzzle Night Landscapes - Basilius-Kathedrale in Moskau","breadcrumb":{"@id":"https:\/\/business.roovi.com\/de\/1000-teile-adult-puzzle-night-landscapes-basilius-kathedrale-in-moskau\/p\/#breadcrumb"},"inLanguage":"de","potentialAction":[{"@type":"ReadAction","target":["https:\/\/business.roovi.com\/de\/1000-teile-adult-puzzle-night-landscapes-basilius-kathedrale-in-moskau\/p\/"]}]},{"@type":"BreadcrumbList","@id":"https:\/\/business.roovi.com\/de\/1000-teile-adult-puzzle-night-landscapes-basilius-kathedrale-in-moskau\/p\/#breadcrumb","itemListElement":[{"@type":"ListItem","position":1,"name":"Home","item":"https:\/\/business.roovi.com\/de\/"},{"@type":"ListItem","position":2,"name":"Shop","item":"https:\/\/business.roovi.com\/de\/shop\/"},{"@type":"ListItem","position":3,"name":"1000 Teile Adult Puzzle Night Landscapes &#8211; Basilius-Kathedrale in Moskau"}]},{"@type":"WebSite","@id":"https:\/\/business.roovi.com\/de\/#website","url":"https:\/\/business.roovi.com\/de\/","name":"Roovi B2B","description":"Roovi Business Website","potentialAction":[{"@type":"SearchAction","target":{"@type":"EntryPoint","urlTemplate":"https:\/\/business.roovi.com\/de\/?s={search_term_string}"},"query-input":"required name=search_term_string"}],"inLanguage":"de"}]}},"_links":{"self":[{"href":"https:\/\/business.roovi.com\/de\/wp-json\/wp\/v2\/product\/40190","targetHints":{"allow":["GET"]}}],"collection":[{"href":"https:\/\/business.roovi.com\/de\/wp-json\/wp\/v2\/product"}],"about":[{"href":"https:\/\/business.roovi.com\/de\/wp-json\/wp\/v2\/types\/product"}],"version-history":[{"count":0,"href":"https:\/\/business.roovi.com\/de\/wp-json\/wp\/v2\/product\/40190\/revisions"}],"wp:featuredmedia":[{"embeddable":true,"href":"https:\/\/business.roovi.com\/de\/wp-json\/wp\/v2\/media\/36664"}],"wp:attachment":[{"href":"https:\/\/business.roovi.com\/de\/wp-json\/wp\/v2\/media?parent=40190"}],"wp:term":[{"taxonomy":"product_brand","embeddable":true,"href":"https:\/\/business.roovi.com\/de\/wp-json\/wp\/v2\/product_brand?post=40190"},{"taxonomy":"product_cat","embeddable":true,"href":"https:\/\/business.roovi.com\/de\/wp-json\/wp\/v2\/product_cat?post=40190"},{"taxonomy":"product_tag","embeddable":true,"href":"https:\/\/business.roovi.com\/de\/wp-json\/wp\/v2\/product_tag?post=40190"}],"curies":[{"name":"wp","href":"https:\/\/api.w.org\/{rel}","templated":true}]}}