{"id":40194,"date":"2018-09-06T07:21:59","date_gmt":"2018-09-06T07:21:59","guid":{"rendered":"https:\/\/business.roovi.com\/puzzle-adulti-1000-piese-locuri-celebre-turnul-eiffel-paris\/p\/"},"modified":"2022-10-18T10:23:32","modified_gmt":"2022-10-18T10:23:32","slug":"1000-teile-puzzle-fur-erwachsene-beruhmte-orte-eiffelturm-paris","status":"publish","type":"product","link":"https:\/\/business.roovi.com\/de\/1000-teile-puzzle-fur-erwachsene-beruhmte-orte-eiffelturm-paris\/p\/","title":{"rendered":"1000 Teile Puzzle f\u00fcr Erwachsene Ber\u00fchmte Orte &#8211; Eiffelturm, Paris"},"content":{"rendered":"<p><strong><em>Du suchst nach einer entspannenden Aktivit\u00e4t, um Zeit mit deiner Familie oder deinen Freunden zu verbringen? Entscheide dich f\u00fcr das 1000-teilige Famous Places-Puzzlesortiment f\u00fcr Erwachsene und schaffe unvergessliche Erinnerungen mit deinen Lieben.<\/em><\/strong><\/p>\n<p><span style=\"font-weight: 400;\">Das 1000-Teile-Puzzle Eiffelturm, Paris vervollst\u00e4ndigt die Sammlung der Famous Places-Puzzlespiele. Ein atemberaubendes Bild des ber\u00fchmten Turms im Herzen von Paris in au\u00dfergew\u00f6hnlicher Qualit\u00e4t kannst du jetzt aus 1000 pr\u00e4zisionsgeschnittenen Teilen bauen, die sich perfekt zu einem faszinierenden Bild zusammenf\u00fcgen.<\/span><\/p>\n<p><span style=\"font-weight: 400;\">Obwohl der Eiffelturm heute als ikonisches franz\u00f6sisches Symbol gilt, weckte das imposante Geb\u00e4ude bei seiner Einweihung nicht gerade gute Gef\u00fchle. Eine Reihe von franz\u00f6sischen K\u00fcnstlern unterzeichnete 1887 ein Manifest gegen den Bau von, wie sie es nannten <\/span><em><span style=\"font-weight: 400;\">&#8222;eine monstr\u00f6se Konstruktion&#8220; <\/span><\/em><span style=\"font-weight: 400;\">die die Geschichte der franz\u00f6sischen Kunst bedrohen <\/span><\/p>\n<p><span style=\"font-weight: 400;\">Doch der Bau wurde fortgesetzt und blieb stehen, obwohl der urspr\u00fcngliche Plan vorsah, den Turm nach 20 Jahren abzurei\u00dfen. Heute ist der Eiffelturm eine der wichtigsten Touristenattraktionen Frankreichs, die jedes Jahr von mehr als 5 Millionen Touristen aus aller Welt besucht wird.<\/span><\/p>\n<p><span style=\"font-weight: 400;\">Begib dich auf ein faszinierendes Abenteuer und entdecke die Pracht eines ber\u00fchmten Geb\u00e4udes. Bringe die 1000 Teile des Eiffelturm-Puzzles f\u00fcr Erwachsene in die richtige Reihenfolge und stelle ein au\u00dfergew\u00f6hnliches dekoratives Bild zusammen.<\/span><\/p>\n<p><strong>Warum solltest du dich f\u00fcr das 1000-teilige Eiffelturm-Puzzle aus der Famous Places-Puzzle-Kollektion entscheiden?<\/strong><\/p>\n<p><span style=\"font-weight: 400;\">Ein 1000-Teile-Puzzle ist eine einzigartige Herausforderung f\u00fcr anspruchsvolle K\u00f6pfe <\/span><\/p>\n<p><span style=\"font-weight: 400;\">Es ist eine tolle M\u00f6glichkeit, die Sch\u00f6nheit und Einzigartigkeit ber\u00fchmter Sehensw\u00fcrdigkeiten auf der ganzen Welt zu entdecken.<\/span><\/p>\n<p><span style=\"font-weight: 400;\">Du kannst mit deinen eigenen H\u00e4nden ein wundersch\u00f6nes 68 x 47 cm gro\u00dfes Bild gestalten, das zu einem unwiderstehlichen Dekorationsst\u00fcck wird.<\/span><\/p>\n<p><span style=\"font-weight: 400;\">Er ist aus blauem Premium-Karton gefertigt, der dem St\u00fcck eine lange Lebensdauer verleiht.<\/span><\/p>\n<p><span style=\"font-weight: 400;\">Wir verwenden nachhaltige und recycelbare Materialien bei der Herstellung unserer 1000-teiligen Puzzlesets.<\/span><\/p>\n<p><span style=\"font-weight: 400;\">Du genie\u00dft ein Puzzlespiel mit einer perfekten, halbgl\u00e4nzenden Oberfl\u00e4che in leuchtenden Farben.<\/span><\/p>\n<p><span style=\"font-weight: 400;\">Geeignet f\u00fcr Jugendliche ab 14 Jahren, eine Gelegenheit, sie in die Geheimnisse der mehrteiligen Puzzles einzuf\u00fchren.<\/span><\/p>\n<p><span style=\"font-weight: 400;\">Es ist eine lehrreiche Art, seine Freizeit zu verbringen.<\/span><\/p>\n<p><span style=\"font-weight: 400;\">Es f\u00f6rdert Aufmerksamkeit, Geduld und Probleml\u00f6sungsf\u00e4higkeiten.<\/span><\/p>\n<p><strong>Wusstest du, dass..<\/strong><\/p>\n<p><span style=\"font-weight: 400;\">Die Fertigstellung in nur 2 Jahren wurde durch ein revolution\u00e4res technisches System erm\u00f6glicht, das der rum\u00e4nische Ingenieur Gheorghe P\u0103nculescu erfunden hat <\/span><\/p>\n<p><span style=\"font-weight: 400;\">Der Eiffelturm besteht aus 18.038 Teilen, die durch nicht weniger als 2.500.000 Nieten verbunden sind.<\/span><\/p>\n<p><span style=\"font-weight: 400;\">Der Eiffelturm war einst eine riesige Werbetafel, auf der die Firma Citroen f\u00fcr ihre Autos warb.<\/span><\/p>\n<p><span style=\"font-weight: 400;\">Sechzig Tonnen Farbe werden alle 7 Jahre zur Instandhaltung des Turms verwendet, um Rost zu verhindern. Der Turm wurde seit seinem Bau mindestens 19 Mal komplett neu gestrichen.<\/span><\/p>\n<p><strong>1000 Teile Eiffelturm-Puzzle &#8211; f\u00fcr einen entspannten und trainierten Geist<\/strong><\/p>\n<p><span style=\"font-weight: 400;\">Bist du von deinen t\u00e4glichen Aufgaben \u00fcberw\u00e4ltigt und m\u00f6chtest dir ein paar Momente der Entspannung g\u00f6nnen? Setze das 1000-Teile-Puzzle jeden Tag mindestens 30 Minuten lang zusammen und sieh, welche Vorteile es dir bringt:<\/span><\/p>\n<ul>\n<li><span style=\"font-weight: 400;\">Es hilft dir, Stress abzubauen und von den Alltagssorgen abzuschalten.<\/span><\/li>\n<li><span style=\"font-weight: 400;\">Es verbessert deine Stimmung und gibt dir deinen Optimismus zur\u00fcck.<\/span><\/li>\n<li><span style=\"font-weight: 400;\">Du hast einen erholsameren Schlaf und kannst mit \u00c4ngsten besser umgehen.<\/span><\/li>\n<li><span style=\"font-weight: 400;\">Du kommst besser mit anderen in Kontakt.<\/span><\/li>\n<li><span style=\"font-weight: 400;\">Du wirst effizienter und produktiver bei deiner t\u00e4glichen Arbeit.<\/span><\/li>\n<\/ul>\n<p><span style=\"font-weight: 400;\">Du hast viele Gr\u00fcnde, deine Stunden dem R\u00e4tsel zu widmen. Au\u00dferdem kannst du deine Kinder oder Freunde in dieser Aktivit\u00e4t trainieren. Die Zufriedenheit mit dem letzten St\u00fcck ist gr\u00f6\u00dfer, wenn die Arbeit im Team erledigt wird.<\/span><\/p>\n<p><span style=\"font-weight: 400;\">F\u00fcr tr\u00fcbe Tage, an denen du nicht wei\u00dft, wie du deine Zeit besch\u00e4ftigen sollst, um deinen Lieben nahe zu sein oder um ein besonderes Geschenk zu machen, ist das 1000-teilige Eiffelturm-Puzzle aus der Famous Places Puzzle-Kollektion die perfekte Wahl.<\/span><\/p>\n","protected":false},"excerpt":{"rendered":"<p>Du suchst nach einer entspannenden Aktivit\u00e4t, um Zeit mit deiner Familie oder deinen Freunden zu verbringen? Entscheide dich f\u00fcr das<\/p>\n","protected":false},"featured_media":36650,"template":"","meta":[],"product_brand":[],"product_cat":[1916,1875,1915],"product_tag":[],"class_list":{"0":"post-40194","1":"product","2":"type-product","3":"status-publish","4":"has-post-thumbnail","6":"product_cat-1000-teile-puzzle","7":"product_cat-puzzle-de","8":"product_cat-puzzlespiele-fur-erwachsene","9":"pa_brand-d_toys-de","10":"pa_country_of_manufacture-ro-de","11":"pa_filter_age-14-de","12":"pa_painter-beruhmte-orte","13":"pa_tip_ambalaj-kasten-a4-de","14":"pa_tip_puzzle-klassisch","16":"first","17":"instock","18":"taxable","19":"shipping-taxable","20":"product-type-simple"},"yoast_head":"<!-- This site is optimized with the Yoast SEO plugin v20.1 - https:\/\/yoast.com\/wordpress\/plugins\/seo\/ -->\n<title>1000 Teile Puzzle f\u00fcr Erwachsene Ber\u00fchmte Orte - Eiffelturm, Paris<\/title>\n<meta name=\"description\" content=\"1000 Teile Puzzle f\u00fcr Erwachsene Ber\u00fchmte Orte - Eiffelturm, Paris\" \/>\n<meta name=\"robots\" content=\"index, follow, max-snippet:-1, max-image-preview:large, max-video-preview:-1\" \/>\n<link rel=\"canonical\" href=\"https:\/\/business.roovi.com\/de\/1000-teile-puzzle-fur-erwachsene-beruhmte-orte-eiffelturm-paris\/p\/\" \/>\n<meta property=\"og:locale\" content=\"de_DE\" \/>\n<meta property=\"og:type\" content=\"article\" \/>\n<meta property=\"og:title\" content=\"1000 Teile Puzzle f\u00fcr Erwachsene Ber\u00fchmte Orte - Eiffelturm, Paris\" \/>\n<meta property=\"og:description\" content=\"1000 Teile Puzzle f\u00fcr Erwachsene Ber\u00fchmte Orte - Eiffelturm, Paris\" \/>\n<meta property=\"og:url\" content=\"https:\/\/business.roovi.com\/de\/1000-teile-puzzle-fur-erwachsene-beruhmte-orte-eiffelturm-paris\/p\/\" \/>\n<meta property=\"og:site_name\" content=\"Roovi B2B\" \/>\n<meta property=\"article:publisher\" content=\"https:\/\/www.facebook.com\/wwwjucariero\" \/>\n<meta property=\"article:modified_time\" content=\"2022-10-18T10:23:32+00:00\" \/>\n<meta property=\"og:image\" content=\"https:\/\/business.roovi.com\/wp-content\/uploads\/2018\/09\/64288-12_ansamblu_dimensiuni_cutie_cm_orizontal.png\" \/>\n\t<meta property=\"og:image:width\" content=\"1200\" \/>\n\t<meta property=\"og:image:height\" content=\"1200\" \/>\n\t<meta property=\"og:image:type\" content=\"image\/png\" \/>\n<meta name=\"twitter:label1\" content=\"Gesch\u00e4tzte Lesezeit\" \/>\n\t<meta name=\"twitter:data1\" content=\"3\u00a0Minuten\" \/>\n<script type=\"application\/ld+json\" class=\"yoast-schema-graph\">{\"@context\":\"https:\/\/schema.org\",\"@graph\":[{\"@type\":\"WebPage\",\"@id\":\"https:\/\/business.roovi.com\/de\/1000-teile-puzzle-fur-erwachsene-beruhmte-orte-eiffelturm-paris\/p\/\",\"url\":\"https:\/\/business.roovi.com\/de\/1000-teile-puzzle-fur-erwachsene-beruhmte-orte-eiffelturm-paris\/p\/\",\"name\":\"1000 Teile Puzzle f\u00fcr Erwachsene Ber\u00fchmte Orte - Eiffelturm, Paris\",\"isPartOf\":{\"@id\":\"https:\/\/business.roovi.com\/de\/#website\"},\"datePublished\":\"2018-09-06T07:21:59+00:00\",\"dateModified\":\"2022-10-18T10:23:32+00:00\",\"description\":\"1000 Teile Puzzle f\u00fcr Erwachsene Ber\u00fchmte Orte - Eiffelturm, Paris\",\"breadcrumb\":{\"@id\":\"https:\/\/business.roovi.com\/de\/1000-teile-puzzle-fur-erwachsene-beruhmte-orte-eiffelturm-paris\/p\/#breadcrumb\"},\"inLanguage\":\"de\",\"potentialAction\":[{\"@type\":\"ReadAction\",\"target\":[\"https:\/\/business.roovi.com\/de\/1000-teile-puzzle-fur-erwachsene-beruhmte-orte-eiffelturm-paris\/p\/\"]}]},{\"@type\":\"BreadcrumbList\",\"@id\":\"https:\/\/business.roovi.com\/de\/1000-teile-puzzle-fur-erwachsene-beruhmte-orte-eiffelturm-paris\/p\/#breadcrumb\",\"itemListElement\":[{\"@type\":\"ListItem\",\"position\":1,\"name\":\"Home\",\"item\":\"https:\/\/business.roovi.com\/de\/\"},{\"@type\":\"ListItem\",\"position\":2,\"name\":\"Shop\",\"item\":\"https:\/\/business.roovi.com\/de\/shop\/\"},{\"@type\":\"ListItem\",\"position\":3,\"name\":\"1000 Teile Puzzle f\u00fcr Erwachsene Ber\u00fchmte Orte &#8211; Eiffelturm, Paris\"}]},{\"@type\":\"WebSite\",\"@id\":\"https:\/\/business.roovi.com\/de\/#website\",\"url\":\"https:\/\/business.roovi.com\/de\/\",\"name\":\"Roovi B2B\",\"description\":\"Roovi Business Website\",\"potentialAction\":[{\"@type\":\"SearchAction\",\"target\":{\"@type\":\"EntryPoint\",\"urlTemplate\":\"https:\/\/business.roovi.com\/de\/?s={search_term_string}\"},\"query-input\":\"required name=search_term_string\"}],\"inLanguage\":\"de\"}]}<\/script>\n<!-- \/ Yoast SEO plugin. -->","yoast_head_json":{"title":"1000 Teile Puzzle f\u00fcr Erwachsene Ber\u00fchmte Orte - Eiffelturm, Paris","description":"1000 Teile Puzzle f\u00fcr Erwachsene Ber\u00fchmte Orte - Eiffelturm, Paris","robots":{"index":"index","follow":"follow","max-snippet":"max-snippet:-1","max-image-preview":"max-image-preview:large","max-video-preview":"max-video-preview:-1"},"canonical":"https:\/\/business.roovi.com\/de\/1000-teile-puzzle-fur-erwachsene-beruhmte-orte-eiffelturm-paris\/p\/","og_locale":"de_DE","og_type":"article","og_title":"1000 Teile Puzzle f\u00fcr Erwachsene Ber\u00fchmte Orte - Eiffelturm, Paris","og_description":"1000 Teile Puzzle f\u00fcr Erwachsene Ber\u00fchmte Orte - Eiffelturm, Paris","og_url":"https:\/\/business.roovi.com\/de\/1000-teile-puzzle-fur-erwachsene-beruhmte-orte-eiffelturm-paris\/p\/","og_site_name":"Roovi B2B","article_publisher":"https:\/\/www.facebook.com\/wwwjucariero","article_modified_time":"2022-10-18T10:23:32+00:00","og_image":[{"width":1200,"height":1200,"url":"https:\/\/business.roovi.com\/wp-content\/uploads\/2018\/09\/64288-12_ansamblu_dimensiuni_cutie_cm_orizontal.png","type":"image\/png"}],"twitter_misc":{"Gesch\u00e4tzte Lesezeit":"3\u00a0Minuten"},"schema":{"@context":"https:\/\/schema.org","@graph":[{"@type":"WebPage","@id":"https:\/\/business.roovi.com\/de\/1000-teile-puzzle-fur-erwachsene-beruhmte-orte-eiffelturm-paris\/p\/","url":"https:\/\/business.roovi.com\/de\/1000-teile-puzzle-fur-erwachsene-beruhmte-orte-eiffelturm-paris\/p\/","name":"1000 Teile Puzzle f\u00fcr Erwachsene Ber\u00fchmte Orte - Eiffelturm, Paris","isPartOf":{"@id":"https:\/\/business.roovi.com\/de\/#website"},"datePublished":"2018-09-06T07:21:59+00:00","dateModified":"2022-10-18T10:23:32+00:00","description":"1000 Teile Puzzle f\u00fcr Erwachsene Ber\u00fchmte Orte - Eiffelturm, Paris","breadcrumb":{"@id":"https:\/\/business.roovi.com\/de\/1000-teile-puzzle-fur-erwachsene-beruhmte-orte-eiffelturm-paris\/p\/#breadcrumb"},"inLanguage":"de","potentialAction":[{"@type":"ReadAction","target":["https:\/\/business.roovi.com\/de\/1000-teile-puzzle-fur-erwachsene-beruhmte-orte-eiffelturm-paris\/p\/"]}]},{"@type":"BreadcrumbList","@id":"https:\/\/business.roovi.com\/de\/1000-teile-puzzle-fur-erwachsene-beruhmte-orte-eiffelturm-paris\/p\/#breadcrumb","itemListElement":[{"@type":"ListItem","position":1,"name":"Home","item":"https:\/\/business.roovi.com\/de\/"},{"@type":"ListItem","position":2,"name":"Shop","item":"https:\/\/business.roovi.com\/de\/shop\/"},{"@type":"ListItem","position":3,"name":"1000 Teile Puzzle f\u00fcr Erwachsene Ber\u00fchmte Orte &#8211; Eiffelturm, Paris"}]},{"@type":"WebSite","@id":"https:\/\/business.roovi.com\/de\/#website","url":"https:\/\/business.roovi.com\/de\/","name":"Roovi B2B","description":"Roovi Business Website","potentialAction":[{"@type":"SearchAction","target":{"@type":"EntryPoint","urlTemplate":"https:\/\/business.roovi.com\/de\/?s={search_term_string}"},"query-input":"required name=search_term_string"}],"inLanguage":"de"}]}},"_links":{"self":[{"href":"https:\/\/business.roovi.com\/de\/wp-json\/wp\/v2\/product\/40194","targetHints":{"allow":["GET"]}}],"collection":[{"href":"https:\/\/business.roovi.com\/de\/wp-json\/wp\/v2\/product"}],"about":[{"href":"https:\/\/business.roovi.com\/de\/wp-json\/wp\/v2\/types\/product"}],"version-history":[{"count":0,"href":"https:\/\/business.roovi.com\/de\/wp-json\/wp\/v2\/product\/40194\/revisions"}],"wp:featuredmedia":[{"embeddable":true,"href":"https:\/\/business.roovi.com\/de\/wp-json\/wp\/v2\/media\/36650"}],"wp:attachment":[{"href":"https:\/\/business.roovi.com\/de\/wp-json\/wp\/v2\/media?parent=40194"}],"wp:term":[{"taxonomy":"product_brand","embeddable":true,"href":"https:\/\/business.roovi.com\/de\/wp-json\/wp\/v2\/product_brand?post=40194"},{"taxonomy":"product_cat","embeddable":true,"href":"https:\/\/business.roovi.com\/de\/wp-json\/wp\/v2\/product_cat?post=40194"},{"taxonomy":"product_tag","embeddable":true,"href":"https:\/\/business.roovi.com\/de\/wp-json\/wp\/v2\/product_tag?post=40194"}],"curies":[{"name":"wp","href":"https:\/\/api.w.org\/{rel}","templated":true}]}}