{"id":40198,"date":"2018-09-06T07:18:14","date_gmt":"2018-09-06T07:18:14","guid":{"rendered":"https:\/\/business.roovi.com\/puzzle-adulti-1000-piese-locuri-celebre-biserica-adormirea-maicii-domnului-ierusalim\/p\/"},"modified":"2022-07-06T14:34:34","modified_gmt":"2022-07-06T14:34:34","slug":"1000-teile-puzzle-fur-erwachsene-beruhmte-orte-kirche-der-himmelfahrt-der-jungfrau-maria-jerusalem","status":"publish","type":"product","link":"https:\/\/business.roovi.com\/de\/1000-teile-puzzle-fur-erwachsene-beruhmte-orte-kirche-der-himmelfahrt-der-jungfrau-maria-jerusalem\/p\/","title":{"rendered":"1000 Teile Puzzle f\u00fcr Erwachsene Ber\u00fchmte Orte &#8211; Kirche der Himmelfahrt der Jungfrau Maria, Jerusalem"},"content":{"rendered":"<p><strong><em>Bist du bereit f\u00fcr ein neues Abenteuer im Reich der Puzzlespiele? Baue aus 1000 Puzzleteilen Bilder der ber\u00fchmtesten Sehensw\u00fcrdigkeiten der Welt und erstelle deine eigene Sammlung von Originalbildern mit der neuen Famous Places Puzzle-Kollektion f\u00fcr Erwachsene.<\/em><\/strong><\/p>\n<p><span style=\"font-weight: 400\">Egal, ob du gl\u00e4ubig bist oder nicht, die heiligen St\u00e4tten Jerusalems haben eine lange Geschichte und faszinierende Symbole zu bieten. Jedes Monument, das von Millionen von Pilgern besucht wird, hat seinen eigenen besonderen Charme und seine eigene Energie <\/span><\/p>\n<p><span style=\"font-weight: 400\">Die Kirche Mari\u00e4 Himmelfahrt ist sowohl ein Ort der Besinnung und des Gebets als auch ein unbezahlbares Kunstjuwel. Das 1000-teilige Puzzle mit seinem Bild ist ein Anlass zur Entspannung, zur Selbstbeobachtung und zur Freude, alles zur gleichen Zeit. Wenn du das Puzzle der Kirche Mari\u00e4 Himmelfahrt St\u00fcck f\u00fcr St\u00fcck zusammensetzt, f\u00fchlst du dich wie ein talentierter Architekt, der ein g\u00f6ttliches Meisterwerk geschaffen hat.<\/span><\/p>\n<p><span style=\"font-weight: 400\">Der Standort dieser Kirche hat in der christlichen Tradition eine besondere Bedeutung, da er als der Ort gilt, an dem die Muttergottes gestorben ist. Die zwischen 1900 und 1910 im Auftrag von Kaiser Wilhelm II. erbaute Kirche geh\u00f6rt zum r\u00f6misch-katholischen Orden der Beneittiner. Es scheint, dass die heutige Kirche auf den Ruinen einer alten byzantinischen Kirche gebaut wurde, die ebenfalls der Jungfrau Maria geweiht war.<\/span><\/p>\n<p><span style=\"font-weight: 400\">Das 1000-teilige Puzzle der Himmelfahrt der Jungfrau Maria, Jerusalem l\u00e4dt dich daher ein, ein einzigartiges Bild zu gestalten und gleichzeitig einen wunderbaren Ort voller Symbole und g\u00f6ttlicher Energie zu entdecken.<\/span><\/p>\n<p><strong>Warum solltest du dich f\u00fcr das 1000-teilige Puzzle &#8222;Mari\u00e4 Himmelfahrt, Jerusalem&#8220; entscheiden?<\/strong><\/p>\n<p><span style=\"font-weight: 400\">Ein 1000-Teile-Puzzle ist eine einzigartige M\u00f6glichkeit, einzigartige touristische Orte auf der Welt zu entdecken, die eine besondere Symbolik haben.<\/span><\/p>\n<p><span style=\"font-weight: 400\">Gestalte mit deinen eigenen H\u00e4nden ein faszinierendes Bild der beeindruckenden Kirche, einem bemerkenswerten religi\u00f6sen Symbol.<\/span><\/p>\n<p><span style=\"font-weight: 400\">Die Gr\u00f6\u00dfe des restaurierten Bildes, 68 x 47 cm, erm\u00f6glicht es dir, es in ein dekoratives Objekt zu verwandeln, das dein Zuhause versch\u00f6nern wird.<\/span><\/p>\n<p><span style=\"font-weight: 400\">Es ist aus hochwertigem blauen Karton gefertigt, der die Teile widerstandsf\u00e4hig gegen mehrfaches Zusammensetzen macht.<\/span><\/p>\n<p><span style=\"font-weight: 400\">Es ist umweltfreundlich, da es aus nachhaltigen und recycelbaren Materialien hergestellt wird.<\/span><\/p>\n<p><span style=\"font-weight: 400\">Es hat eine halbgl\u00e4nzende Oberfl\u00e4che und leuchtende Farben, die die Klarheit des Bildes unterstreichen.<\/span><\/p>\n<p><span style=\"font-weight: 400\">Geeignet f\u00fcr Kinder ab 14 Jahren. Eine gute Gelegenheit, deine Leidenschaft f\u00fcr Knobelspiele mit deinen Teenagern zu teilen.<\/span><\/p>\n<p><span style=\"font-weight: 400\">Trainiert dein Ged\u00e4chtnis, logisches Denken und deine Konzentration.<\/span><\/p>\n<p><span style=\"font-weight: 400\">Hilft, die Gesundheit des Gehirns zu erhalten und die Stimmung zu verbessern.<\/span><\/p>\n<p><strong>Wusstest du, dass&#8230;?<\/strong><\/p>\n<p><span style=\"font-weight: 400\">Das Land, auf dem die Kirche Mari\u00e4 Himmelfahrt in Jerusalem steht, wurde 1898 von Sultan Abdul Hamid II. an Kaiser Wilhelm II. von Deutschland geschenkt, der es sp\u00e4ter der katholischen Kirche \u00fcbergab <\/span><\/p>\n<p><span style=\"font-weight: 400\">Im Inneren der Kirche befindet sich eine Bronzestatue des Heiligen Benedikt von Nursia, dem Gr\u00fcnder des christlichen Ordens der Benediktinerm\u00f6nche, der als Schutzpatron Europas gilt.<\/span><\/p>\n<p><span style=\"font-weight: 400\">Im Untergeschoss der Kirche steht eine Statue der schlafenden Mutter Gottes, und auf der Kuppel des Baldachins im Inneren der Kirche befinden sich das Bild von Jesus sowie einige emblematische Figuren aus dem Alten Testament: Esther, Judith und sogar die erste Frau, Eva.<\/span><\/p>\n<p><strong>1000-Teile-Puzzle Dormition, Jerusalem f\u00fcr Momente der Stille und Besinnung<\/strong><\/p>\n<p><span style=\"font-weight: 400\">Um der Hektik des Alltags zu entfliehen und ein paar Stunden der Ruhe zu erleben, ist das 1000-teilige Puzzle Die Himmelfahrt der Jungfrau Maria, Jerusalem die ideale Gelegenheit. W\u00e4hrend du die Teile zusammenf\u00fcgst und das Bild der sch\u00f6nen Kirche Gestalt annimmt, ger\u00e4t dein Geist in einen Zustand tiefer Entspannung. Du konzentrierst dich tief und lebst im gegenw\u00e4rtigen Moment. Alle Gedanken und Sorgen treten in den Hintergrund und es gibt nur noch dich und dich.<\/span><\/p>\n<p><span style=\"font-weight: 400\">Du genie\u00dft diesen Zustand der Ruhe und verbindest dich wieder mit deinem eigenen Selbst. Am Ende, wenn das Bild fertig ist, bist du ausgeruhter und gel\u00f6ster als je zuvor <\/span><\/p>\n<p><span style=\"font-weight: 400\">F\u00fcr Momente der Besinnung und um deine Freizeit mit deinen Lieben auf kreative Weise zu verbringen, ist das 1000-teilige Puzzle f\u00fcr Erwachsene Die Himmelfahrt der Jungfrau Maria in Jerusalem die perfekte Wahl.<\/span><\/p><\/p>\n","protected":false},"excerpt":{"rendered":"<p>Bist du bereit f\u00fcr ein neues Abenteuer im Reich der Puzzlespiele? Baue aus 1000 Puzzleteilen Bilder der ber\u00fchmtesten Sehensw\u00fcrdigkeiten der<\/p>\n","protected":false},"featured_media":36636,"template":"","meta":[],"product_brand":[],"product_cat":[1916,1875,1915],"product_tag":[],"class_list":{"0":"post-40198","1":"product","2":"type-product","3":"status-publish","4":"has-post-thumbnail","6":"product_cat-1000-teile-puzzle","7":"product_cat-puzzle-de","8":"product_cat-puzzlespiele-fur-erwachsene","9":"pa_brand-d_toys-de","10":"pa_country_of_manufacture-ro-de","11":"pa_filter_age-14-de","12":"pa_painter-beruhmte-orte","13":"pa_tip_ambalaj-kasten-a4-de","14":"pa_tip_puzzle-klassisch","16":"first","17":"instock","18":"taxable","19":"shipping-taxable","20":"product-type-simple"},"yoast_head":"<!-- This site is optimized with the Yoast SEO plugin v20.1 - https:\/\/yoast.com\/wordpress\/plugins\/seo\/ -->\n<title>1000 Teile Puzzle f\u00fcr Erwachsene Ber\u00fchmte Orte - Kirche der Himmelfahrt der Jungfrau Maria, Jerusalem<\/title>\n<meta name=\"description\" content=\"1000 Teile Puzzle f\u00fcr Erwachsene Ber\u00fchmte Orte - Kirche der Himmelfahrt der Jungfrau Maria, Jerusalem\" \/>\n<meta name=\"robots\" content=\"index, follow, max-snippet:-1, max-image-preview:large, max-video-preview:-1\" \/>\n<link rel=\"canonical\" href=\"https:\/\/business.roovi.com\/de\/1000-teile-puzzle-fur-erwachsene-beruhmte-orte-kirche-der-himmelfahrt-der-jungfrau-maria-jerusalem\/p\/\" \/>\n<meta property=\"og:locale\" content=\"de_DE\" \/>\n<meta property=\"og:type\" content=\"article\" \/>\n<meta property=\"og:title\" content=\"1000 Teile Puzzle f\u00fcr Erwachsene Ber\u00fchmte Orte - Kirche der Himmelfahrt der Jungfrau Maria, Jerusalem\" \/>\n<meta property=\"og:description\" content=\"1000 Teile Puzzle f\u00fcr Erwachsene Ber\u00fchmte Orte - Kirche der Himmelfahrt der Jungfrau Maria, Jerusalem\" \/>\n<meta property=\"og:url\" content=\"https:\/\/business.roovi.com\/de\/1000-teile-puzzle-fur-erwachsene-beruhmte-orte-kirche-der-himmelfahrt-der-jungfrau-maria-jerusalem\/p\/\" \/>\n<meta property=\"og:site_name\" content=\"Roovi B2B\" \/>\n<meta property=\"article:publisher\" content=\"https:\/\/www.facebook.com\/wwwjucariero\" \/>\n<meta property=\"article:modified_time\" content=\"2022-07-06T14:34:34+00:00\" \/>\n<meta property=\"og:image\" content=\"https:\/\/business.roovi.com\/wp-content\/uploads\/2018\/09\/64288-09-ansamblu_dimensiuni-cutie-cm_vertical_1.png\" \/>\n\t<meta property=\"og:image:width\" content=\"1200\" \/>\n\t<meta property=\"og:image:height\" content=\"1200\" \/>\n\t<meta property=\"og:image:type\" content=\"image\/png\" \/>\n<meta name=\"twitter:label1\" content=\"Gesch\u00e4tzte Lesezeit\" \/>\n\t<meta name=\"twitter:data1\" content=\"3\u00a0Minuten\" \/>\n<script type=\"application\/ld+json\" class=\"yoast-schema-graph\">{\"@context\":\"https:\/\/schema.org\",\"@graph\":[{\"@type\":\"WebPage\",\"@id\":\"https:\/\/business.roovi.com\/de\/1000-teile-puzzle-fur-erwachsene-beruhmte-orte-kirche-der-himmelfahrt-der-jungfrau-maria-jerusalem\/p\/\",\"url\":\"https:\/\/business.roovi.com\/de\/1000-teile-puzzle-fur-erwachsene-beruhmte-orte-kirche-der-himmelfahrt-der-jungfrau-maria-jerusalem\/p\/\",\"name\":\"1000 Teile Puzzle f\u00fcr Erwachsene Ber\u00fchmte Orte - Kirche der Himmelfahrt der Jungfrau Maria, Jerusalem\",\"isPartOf\":{\"@id\":\"https:\/\/business.roovi.com\/de\/#website\"},\"datePublished\":\"2018-09-06T07:18:14+00:00\",\"dateModified\":\"2022-07-06T14:34:34+00:00\",\"description\":\"1000 Teile Puzzle f\u00fcr Erwachsene Ber\u00fchmte Orte - Kirche der Himmelfahrt der Jungfrau Maria, Jerusalem\",\"breadcrumb\":{\"@id\":\"https:\/\/business.roovi.com\/de\/1000-teile-puzzle-fur-erwachsene-beruhmte-orte-kirche-der-himmelfahrt-der-jungfrau-maria-jerusalem\/p\/#breadcrumb\"},\"inLanguage\":\"de\",\"potentialAction\":[{\"@type\":\"ReadAction\",\"target\":[\"https:\/\/business.roovi.com\/de\/1000-teile-puzzle-fur-erwachsene-beruhmte-orte-kirche-der-himmelfahrt-der-jungfrau-maria-jerusalem\/p\/\"]}]},{\"@type\":\"BreadcrumbList\",\"@id\":\"https:\/\/business.roovi.com\/de\/1000-teile-puzzle-fur-erwachsene-beruhmte-orte-kirche-der-himmelfahrt-der-jungfrau-maria-jerusalem\/p\/#breadcrumb\",\"itemListElement\":[{\"@type\":\"ListItem\",\"position\":1,\"name\":\"Home\",\"item\":\"https:\/\/business.roovi.com\/de\/\"},{\"@type\":\"ListItem\",\"position\":2,\"name\":\"Shop\",\"item\":\"https:\/\/business.roovi.com\/de\/shop\/\"},{\"@type\":\"ListItem\",\"position\":3,\"name\":\"1000 Teile Puzzle f\u00fcr Erwachsene Ber\u00fchmte Orte &#8211; Kirche der Himmelfahrt der Jungfrau Maria, Jerusalem\"}]},{\"@type\":\"WebSite\",\"@id\":\"https:\/\/business.roovi.com\/de\/#website\",\"url\":\"https:\/\/business.roovi.com\/de\/\",\"name\":\"Roovi B2B\",\"description\":\"Roovi Business Website\",\"potentialAction\":[{\"@type\":\"SearchAction\",\"target\":{\"@type\":\"EntryPoint\",\"urlTemplate\":\"https:\/\/business.roovi.com\/de\/?s={search_term_string}\"},\"query-input\":\"required name=search_term_string\"}],\"inLanguage\":\"de\"}]}<\/script>\n<!-- \/ Yoast SEO plugin. -->","yoast_head_json":{"title":"1000 Teile Puzzle f\u00fcr Erwachsene Ber\u00fchmte Orte - Kirche der Himmelfahrt der Jungfrau Maria, Jerusalem","description":"1000 Teile Puzzle f\u00fcr Erwachsene Ber\u00fchmte Orte - Kirche der Himmelfahrt der Jungfrau Maria, Jerusalem","robots":{"index":"index","follow":"follow","max-snippet":"max-snippet:-1","max-image-preview":"max-image-preview:large","max-video-preview":"max-video-preview:-1"},"canonical":"https:\/\/business.roovi.com\/de\/1000-teile-puzzle-fur-erwachsene-beruhmte-orte-kirche-der-himmelfahrt-der-jungfrau-maria-jerusalem\/p\/","og_locale":"de_DE","og_type":"article","og_title":"1000 Teile Puzzle f\u00fcr Erwachsene Ber\u00fchmte Orte - Kirche der Himmelfahrt der Jungfrau Maria, Jerusalem","og_description":"1000 Teile Puzzle f\u00fcr Erwachsene Ber\u00fchmte Orte - Kirche der Himmelfahrt der Jungfrau Maria, Jerusalem","og_url":"https:\/\/business.roovi.com\/de\/1000-teile-puzzle-fur-erwachsene-beruhmte-orte-kirche-der-himmelfahrt-der-jungfrau-maria-jerusalem\/p\/","og_site_name":"Roovi B2B","article_publisher":"https:\/\/www.facebook.com\/wwwjucariero","article_modified_time":"2022-07-06T14:34:34+00:00","og_image":[{"width":1200,"height":1200,"url":"https:\/\/business.roovi.com\/wp-content\/uploads\/2018\/09\/64288-09-ansamblu_dimensiuni-cutie-cm_vertical_1.png","type":"image\/png"}],"twitter_misc":{"Gesch\u00e4tzte Lesezeit":"3\u00a0Minuten"},"schema":{"@context":"https:\/\/schema.org","@graph":[{"@type":"WebPage","@id":"https:\/\/business.roovi.com\/de\/1000-teile-puzzle-fur-erwachsene-beruhmte-orte-kirche-der-himmelfahrt-der-jungfrau-maria-jerusalem\/p\/","url":"https:\/\/business.roovi.com\/de\/1000-teile-puzzle-fur-erwachsene-beruhmte-orte-kirche-der-himmelfahrt-der-jungfrau-maria-jerusalem\/p\/","name":"1000 Teile Puzzle f\u00fcr Erwachsene Ber\u00fchmte Orte - Kirche der Himmelfahrt der Jungfrau Maria, Jerusalem","isPartOf":{"@id":"https:\/\/business.roovi.com\/de\/#website"},"datePublished":"2018-09-06T07:18:14+00:00","dateModified":"2022-07-06T14:34:34+00:00","description":"1000 Teile Puzzle f\u00fcr Erwachsene Ber\u00fchmte Orte - Kirche der Himmelfahrt der Jungfrau Maria, Jerusalem","breadcrumb":{"@id":"https:\/\/business.roovi.com\/de\/1000-teile-puzzle-fur-erwachsene-beruhmte-orte-kirche-der-himmelfahrt-der-jungfrau-maria-jerusalem\/p\/#breadcrumb"},"inLanguage":"de","potentialAction":[{"@type":"ReadAction","target":["https:\/\/business.roovi.com\/de\/1000-teile-puzzle-fur-erwachsene-beruhmte-orte-kirche-der-himmelfahrt-der-jungfrau-maria-jerusalem\/p\/"]}]},{"@type":"BreadcrumbList","@id":"https:\/\/business.roovi.com\/de\/1000-teile-puzzle-fur-erwachsene-beruhmte-orte-kirche-der-himmelfahrt-der-jungfrau-maria-jerusalem\/p\/#breadcrumb","itemListElement":[{"@type":"ListItem","position":1,"name":"Home","item":"https:\/\/business.roovi.com\/de\/"},{"@type":"ListItem","position":2,"name":"Shop","item":"https:\/\/business.roovi.com\/de\/shop\/"},{"@type":"ListItem","position":3,"name":"1000 Teile Puzzle f\u00fcr Erwachsene Ber\u00fchmte Orte &#8211; Kirche der Himmelfahrt der Jungfrau Maria, Jerusalem"}]},{"@type":"WebSite","@id":"https:\/\/business.roovi.com\/de\/#website","url":"https:\/\/business.roovi.com\/de\/","name":"Roovi B2B","description":"Roovi Business Website","potentialAction":[{"@type":"SearchAction","target":{"@type":"EntryPoint","urlTemplate":"https:\/\/business.roovi.com\/de\/?s={search_term_string}"},"query-input":"required name=search_term_string"}],"inLanguage":"de"}]}},"_links":{"self":[{"href":"https:\/\/business.roovi.com\/de\/wp-json\/wp\/v2\/product\/40198","targetHints":{"allow":["GET"]}}],"collection":[{"href":"https:\/\/business.roovi.com\/de\/wp-json\/wp\/v2\/product"}],"about":[{"href":"https:\/\/business.roovi.com\/de\/wp-json\/wp\/v2\/types\/product"}],"version-history":[{"count":0,"href":"https:\/\/business.roovi.com\/de\/wp-json\/wp\/v2\/product\/40198\/revisions"}],"wp:featuredmedia":[{"embeddable":true,"href":"https:\/\/business.roovi.com\/de\/wp-json\/wp\/v2\/media\/36636"}],"wp:attachment":[{"href":"https:\/\/business.roovi.com\/de\/wp-json\/wp\/v2\/media?parent=40198"}],"wp:term":[{"taxonomy":"product_brand","embeddable":true,"href":"https:\/\/business.roovi.com\/de\/wp-json\/wp\/v2\/product_brand?post=40198"},{"taxonomy":"product_cat","embeddable":true,"href":"https:\/\/business.roovi.com\/de\/wp-json\/wp\/v2\/product_cat?post=40198"},{"taxonomy":"product_tag","embeddable":true,"href":"https:\/\/business.roovi.com\/de\/wp-json\/wp\/v2\/product_tag?post=40198"}],"curies":[{"name":"wp","href":"https:\/\/api.w.org\/{rel}","templated":true}]}}