{"id":40202,"date":"2018-09-05T16:19:52","date_gmt":"2018-09-05T16:19:52","guid":{"rendered":"https:\/\/business.roovi.com\/puzzle-1000-piese-imagini-din-romania-cazinoul-din-constanta-noaptea\/p\/"},"modified":"2022-07-06T14:34:42","modified_gmt":"2022-07-06T14:34:42","slug":"1000-teile-puzzle-fur-erwachsene-bilder-aus-rumanien-casino-in-constanta-bei-nacht","status":"publish","type":"product","link":"https:\/\/business.roovi.com\/de\/1000-teile-puzzle-fur-erwachsene-bilder-aus-rumanien-casino-in-constanta-bei-nacht\/p\/","title":{"rendered":"1000-Teile-Puzzle f\u00fcr Erwachsene &#8211; Bilder aus Rum\u00e4nien &#8211; Casino in Constanta bei Nacht"},"content":{"rendered":"<p><span style=\"font-weight: 400\">Das Casino von Constanta ist eines der emblematischen und repr\u00e4sentativen Geb\u00e4ude der Stadt, ein Symbol f\u00fcr das Boh\u00e8me-Leben und f\u00fcr die Tage, als die gesamte Elite der Stadt auf der Promenade paradierte <\/span><\/p>\n<p><span style=\"font-weight: 400\">Das Casino liegt direkt am Wasser, in der N\u00e4he des gr\u00f6\u00dften rum\u00e4nischen Hafens &#8211; dem Hafen von Constanta &#8211; und grenzt an das historische Zentrum der Stadt, scheint aber seinen fr\u00fcheren Glanz verloren zu haben, da die Mauern verfallen sind <\/span><\/p>\n<p><span style=\"font-weight: 400\">Dennoch schafft es die pr\u00e4chtige Jugendstilarchitektur, auch jenseits der br\u00f6ckelnden Mauern ins Auge zu fallen und l\u00e4dt den Betrachter ein, sich die Pracht vorzustellen, die das Casino-Geb\u00e4ude einst kannte und nach einer umfassenden Renovierung wieder kennenlernen wird.<\/span><\/p>\n<p><span style=\"font-weight: 400\">Es wurde zwischen 1904 und 1910 auf Initiative von K\u00f6nig Karl I. erbaut und war urspr\u00fcnglich in einer Kombination aus rum\u00e4nischen Architekturstilen gestaltet. Nach Beginn der Arbeiten wurde das Design jedoch ge\u00e4ndert, um es an den Stil anderer Casinos in Europa anzupassen, die Extravaganz im Detail zeigten, Respekt einforderten und zu eleganter Kleidung einluden.   <\/span><\/p>\n<p><span style=\"font-weight: 400\">Entdecke und bewundere aus n\u00e4chster N\u00e4he die faszinierenden architektonischen Details des Casinos von Constanta, das unter dem Sternenhimmel in Licht geh\u00fcllt ist, durch ein 1000-Teile-Puzzle.<\/span><\/p>\n<h2><span style=\"font-weight: 400\">Warum ein 1000 Teile Puzzle f\u00fcr Erwachsene Bilder aus Rum\u00e4nien w\u00e4hlen<\/span><\/h2>\n<ul>\n<li><span style=\"font-weight: 400\">Ein Puzzle ist eine entspannende Art, die Sch\u00f6nheit und Einzigartigkeit von ikonischen Sehensw\u00fcrdigkeiten mit einer reichen Geschichte zu entdecken.<\/span><\/li>\n<li><span style=\"font-weight: 400\">Am Ende erh\u00e4ltst du ein faszinierendes Bild des Casinos in Constanta, das in jedem Raum eine lange bewunderte Dekoration werden kann <\/span><\/li>\n<li><span style=\"font-weight: 400\">Die Gr\u00f6\u00dfe dieses Puzzles ist 68 x 47 cm, gro\u00df genug, um das n\u00e4chste Gem\u00e4lde zu werden, mit dem du deinen pers\u00f6nlichen Raum dekorierst.<\/span><\/li>\n<li><span style=\"font-weight: 400\">Die Teile sind aus hochwertigem, haltbarem Karton gefertigt, sodass das Bild mehrmals zusammengebaut werden kann, ohne dass die Teile besch\u00e4digt werden.<\/span><\/li>\n<li><span style=\"font-weight: 400\">F\u00fcr die Herstellung jedes Puzzles verwenden wir recycelbare und nachhaltige Materialien.<\/span><\/li>\n<li><span style=\"font-weight: 400\">Die angenehme, halbgl\u00e4nzende Oberfl\u00e4che hebt die lebendigen Farben hervor und verleiht dem Bild Klarheit.<\/span><\/li>\n<li><span style=\"font-weight: 400\">Puzzlespiele sind ein wertvolles Denksportprogramm, das beide Gehirnh\u00e4lften anspricht und das Ged\u00e4chtnis verbessert.<\/span><\/li>\n<li><span style=\"font-weight: 400\">Es ist eine unterhaltsame Art, Koordination, Motorik und Geschicklichkeit in jedem Alter zu trainieren und zu erhalten.<\/span><\/li>\n<li><span style=\"font-weight: 400\">Es erh\u00f6ht die Aufmerksamkeit f\u00fcr Details und die Konzentration.<\/span><\/li>\n<li><span style=\"font-weight: 400\">Es ist ein geeignetes Spiel ab 14 Jahren, mit einem mittleren Schwierigkeitsgrad.<\/span><\/li>\n<\/ul>\n<h2><span style=\"font-weight: 400\">Wusstest du das?<\/span><\/h2>\n<p><span style=\"font-weight: 400\">Das pr\u00e4chtige Casino-Geb\u00e4ude wurde am 15. August 1910 in Anwesenheit von Prinz Ferdinand eingeweiht und war das gr\u00f6\u00dfte Geb\u00e4ude seiner Art in Rum\u00e4nien <\/span><\/p>\n<p><span style=\"font-weight: 400\">Zur Unterhaltung und zum Vergn\u00fcgen seiner Besucher organisierte das Casino in Constanta Roulettespiele, Blackjack, Baccarat, Theatershows und \u00fcppige Abendessen in der bezaubernden Umgebung des Restaurants auf der Klippe, w\u00e4hrend die Wellen gegen die Felsen schlugen.<\/span><\/p>\n<p><span style=\"font-weight: 400\">Im Jahr 1912 wurde vor dem Casino ein Restaurantpavillon errichtet, ein interessantes Geb\u00e4ude, das heute das Constanta Aquarium beherbergt <\/span><\/p>\n<h2><span style=\"font-weight: 400\">1000-Teile-Puzzle f\u00fcr Erwachsene &#8211; entdecke eine lustige und spannende Aktivit\u00e4t<\/span><\/h2>\n<p><span style=\"font-weight: 400\">Entdecke Rum\u00e4nien auf eine einzigartige Weise, indem du ein Puzzle zusammensetzt und St\u00fcck f\u00fcr St\u00fcck ein architektonisches Juwel zusammensetzt <\/span><\/p>\n<p><span style=\"font-weight: 400\">Entdecke das Constanta Casino mit einem 1000-Teile-Puzzle und genie\u00dfe ein paar Stunden kreative Entspannung, w\u00e4hrend du die richtigen Teile findest, um das Bild zu vervollst\u00e4ndigen <\/span><\/p>\n<p><span style=\"font-weight: 400\">Au\u00dferdem ist das Zusammensetzen eines Puzzles mit Bildern aus Rum\u00e4nien eine sehr unterhaltsame Aktivit\u00e4t, die dich wieder mit deinen Urspr\u00fcngen verbindet. Eine Reise in unsere lange und turbulente Geschichte, bei der du beeindruckende Details und Denkm\u00e4ler entdecken kannst, w\u00e4hrend du dich entspannst und von der Hektik des Alltags abschaltest.<\/span><\/p><\/p>\n","protected":false},"excerpt":{"rendered":"<p>Das Casino von Constanta ist eines der emblematischen und repr\u00e4sentativen Geb\u00e4ude der Stadt, ein Symbol f\u00fcr das Boh\u00e8me-Leben und f\u00fcr<\/p>\n","protected":false},"featured_media":36632,"template":"","meta":[],"product_brand":[],"product_cat":[1916,1875,1915],"product_tag":[],"class_list":{"0":"post-40202","1":"product","2":"type-product","3":"status-publish","4":"has-post-thumbnail","6":"product_cat-1000-teile-puzzle","7":"product_cat-puzzle-de","8":"product_cat-puzzlespiele-fur-erwachsene","9":"pa_brand-d_toys-de","10":"pa_country_of_manufacture-ro-de","11":"pa_filter_age-14-de","12":"pa_painter-romania-de","13":"pa_tip_ambalaj-kasten-a4-de","14":"pa_tip_puzzle-klassisch","16":"first","17":"instock","18":"taxable","19":"shipping-taxable","20":"product-type-simple"},"yoast_head":"<!-- This site is optimized with the Yoast SEO plugin v20.1 - https:\/\/yoast.com\/wordpress\/plugins\/seo\/ -->\n<title>1000-Teile-Puzzle f\u00fcr Erwachsene - Bilder aus Rum\u00e4nien - Casino in Constanta bei Nacht<\/title>\n<meta name=\"description\" content=\"1000-Teile-Puzzle f\u00fcr Erwachsene - Bilder aus Rum\u00e4nien - Casino in Constanta bei Nacht\" \/>\n<meta name=\"robots\" content=\"index, follow, max-snippet:-1, max-image-preview:large, max-video-preview:-1\" \/>\n<link rel=\"canonical\" href=\"https:\/\/business.roovi.com\/de\/1000-teile-puzzle-fur-erwachsene-bilder-aus-rumanien-casino-in-constanta-bei-nacht\/p\/\" \/>\n<meta property=\"og:locale\" content=\"de_DE\" \/>\n<meta property=\"og:type\" content=\"article\" \/>\n<meta property=\"og:title\" content=\"1000-Teile-Puzzle f\u00fcr Erwachsene - Bilder aus Rum\u00e4nien - Casino in Constanta bei Nacht\" \/>\n<meta property=\"og:description\" content=\"1000-Teile-Puzzle f\u00fcr Erwachsene - Bilder aus Rum\u00e4nien - Casino in Constanta bei Nacht\" \/>\n<meta property=\"og:url\" content=\"https:\/\/business.roovi.com\/de\/1000-teile-puzzle-fur-erwachsene-bilder-aus-rumanien-casino-in-constanta-bei-nacht\/p\/\" \/>\n<meta property=\"og:site_name\" content=\"Roovi B2B\" \/>\n<meta property=\"article:publisher\" content=\"https:\/\/www.facebook.com\/wwwjucariero\" \/>\n<meta property=\"article:modified_time\" content=\"2022-07-06T14:34:42+00:00\" \/>\n<meta property=\"og:image\" content=\"https:\/\/business.roovi.com\/wp-content\/uploads\/2018\/09\/63038_15.jpg\" \/>\n\t<meta property=\"og:image:width\" content=\"1200\" \/>\n\t<meta property=\"og:image:height\" content=\"1200\" \/>\n\t<meta property=\"og:image:type\" content=\"image\/jpeg\" \/>\n<meta name=\"twitter:label1\" content=\"Gesch\u00e4tzte Lesezeit\" \/>\n\t<meta name=\"twitter:data1\" content=\"3\u00a0Minuten\" \/>\n<script type=\"application\/ld+json\" class=\"yoast-schema-graph\">{\"@context\":\"https:\/\/schema.org\",\"@graph\":[{\"@type\":\"WebPage\",\"@id\":\"https:\/\/business.roovi.com\/de\/1000-teile-puzzle-fur-erwachsene-bilder-aus-rumanien-casino-in-constanta-bei-nacht\/p\/\",\"url\":\"https:\/\/business.roovi.com\/de\/1000-teile-puzzle-fur-erwachsene-bilder-aus-rumanien-casino-in-constanta-bei-nacht\/p\/\",\"name\":\"1000-Teile-Puzzle f\u00fcr Erwachsene - Bilder aus Rum\u00e4nien - Casino in Constanta bei Nacht\",\"isPartOf\":{\"@id\":\"https:\/\/business.roovi.com\/de\/#website\"},\"datePublished\":\"2018-09-05T16:19:52+00:00\",\"dateModified\":\"2022-07-06T14:34:42+00:00\",\"description\":\"1000-Teile-Puzzle f\u00fcr Erwachsene - Bilder aus Rum\u00e4nien - Casino in Constanta bei Nacht\",\"breadcrumb\":{\"@id\":\"https:\/\/business.roovi.com\/de\/1000-teile-puzzle-fur-erwachsene-bilder-aus-rumanien-casino-in-constanta-bei-nacht\/p\/#breadcrumb\"},\"inLanguage\":\"de\",\"potentialAction\":[{\"@type\":\"ReadAction\",\"target\":[\"https:\/\/business.roovi.com\/de\/1000-teile-puzzle-fur-erwachsene-bilder-aus-rumanien-casino-in-constanta-bei-nacht\/p\/\"]}]},{\"@type\":\"BreadcrumbList\",\"@id\":\"https:\/\/business.roovi.com\/de\/1000-teile-puzzle-fur-erwachsene-bilder-aus-rumanien-casino-in-constanta-bei-nacht\/p\/#breadcrumb\",\"itemListElement\":[{\"@type\":\"ListItem\",\"position\":1,\"name\":\"Home\",\"item\":\"https:\/\/business.roovi.com\/de\/\"},{\"@type\":\"ListItem\",\"position\":2,\"name\":\"Shop\",\"item\":\"https:\/\/business.roovi.com\/de\/shop\/\"},{\"@type\":\"ListItem\",\"position\":3,\"name\":\"1000-Teile-Puzzle f\u00fcr Erwachsene &#8211; Bilder aus Rum\u00e4nien &#8211; Casino in Constanta bei Nacht\"}]},{\"@type\":\"WebSite\",\"@id\":\"https:\/\/business.roovi.com\/de\/#website\",\"url\":\"https:\/\/business.roovi.com\/de\/\",\"name\":\"Roovi B2B\",\"description\":\"Roovi Business Website\",\"potentialAction\":[{\"@type\":\"SearchAction\",\"target\":{\"@type\":\"EntryPoint\",\"urlTemplate\":\"https:\/\/business.roovi.com\/de\/?s={search_term_string}\"},\"query-input\":\"required name=search_term_string\"}],\"inLanguage\":\"de\"}]}<\/script>\n<!-- \/ Yoast SEO plugin. -->","yoast_head_json":{"title":"1000-Teile-Puzzle f\u00fcr Erwachsene - Bilder aus Rum\u00e4nien - Casino in Constanta bei Nacht","description":"1000-Teile-Puzzle f\u00fcr Erwachsene - Bilder aus Rum\u00e4nien - Casino in Constanta bei Nacht","robots":{"index":"index","follow":"follow","max-snippet":"max-snippet:-1","max-image-preview":"max-image-preview:large","max-video-preview":"max-video-preview:-1"},"canonical":"https:\/\/business.roovi.com\/de\/1000-teile-puzzle-fur-erwachsene-bilder-aus-rumanien-casino-in-constanta-bei-nacht\/p\/","og_locale":"de_DE","og_type":"article","og_title":"1000-Teile-Puzzle f\u00fcr Erwachsene - Bilder aus Rum\u00e4nien - Casino in Constanta bei Nacht","og_description":"1000-Teile-Puzzle f\u00fcr Erwachsene - Bilder aus Rum\u00e4nien - Casino in Constanta bei Nacht","og_url":"https:\/\/business.roovi.com\/de\/1000-teile-puzzle-fur-erwachsene-bilder-aus-rumanien-casino-in-constanta-bei-nacht\/p\/","og_site_name":"Roovi B2B","article_publisher":"https:\/\/www.facebook.com\/wwwjucariero","article_modified_time":"2022-07-06T14:34:42+00:00","og_image":[{"width":1200,"height":1200,"url":"https:\/\/business.roovi.com\/wp-content\/uploads\/2018\/09\/63038_15.jpg","type":"image\/jpeg"}],"twitter_misc":{"Gesch\u00e4tzte Lesezeit":"3\u00a0Minuten"},"schema":{"@context":"https:\/\/schema.org","@graph":[{"@type":"WebPage","@id":"https:\/\/business.roovi.com\/de\/1000-teile-puzzle-fur-erwachsene-bilder-aus-rumanien-casino-in-constanta-bei-nacht\/p\/","url":"https:\/\/business.roovi.com\/de\/1000-teile-puzzle-fur-erwachsene-bilder-aus-rumanien-casino-in-constanta-bei-nacht\/p\/","name":"1000-Teile-Puzzle f\u00fcr Erwachsene - Bilder aus Rum\u00e4nien - Casino in Constanta bei Nacht","isPartOf":{"@id":"https:\/\/business.roovi.com\/de\/#website"},"datePublished":"2018-09-05T16:19:52+00:00","dateModified":"2022-07-06T14:34:42+00:00","description":"1000-Teile-Puzzle f\u00fcr Erwachsene - Bilder aus Rum\u00e4nien - Casino in Constanta bei Nacht","breadcrumb":{"@id":"https:\/\/business.roovi.com\/de\/1000-teile-puzzle-fur-erwachsene-bilder-aus-rumanien-casino-in-constanta-bei-nacht\/p\/#breadcrumb"},"inLanguage":"de","potentialAction":[{"@type":"ReadAction","target":["https:\/\/business.roovi.com\/de\/1000-teile-puzzle-fur-erwachsene-bilder-aus-rumanien-casino-in-constanta-bei-nacht\/p\/"]}]},{"@type":"BreadcrumbList","@id":"https:\/\/business.roovi.com\/de\/1000-teile-puzzle-fur-erwachsene-bilder-aus-rumanien-casino-in-constanta-bei-nacht\/p\/#breadcrumb","itemListElement":[{"@type":"ListItem","position":1,"name":"Home","item":"https:\/\/business.roovi.com\/de\/"},{"@type":"ListItem","position":2,"name":"Shop","item":"https:\/\/business.roovi.com\/de\/shop\/"},{"@type":"ListItem","position":3,"name":"1000-Teile-Puzzle f\u00fcr Erwachsene &#8211; Bilder aus Rum\u00e4nien &#8211; Casino in Constanta bei Nacht"}]},{"@type":"WebSite","@id":"https:\/\/business.roovi.com\/de\/#website","url":"https:\/\/business.roovi.com\/de\/","name":"Roovi B2B","description":"Roovi Business Website","potentialAction":[{"@type":"SearchAction","target":{"@type":"EntryPoint","urlTemplate":"https:\/\/business.roovi.com\/de\/?s={search_term_string}"},"query-input":"required name=search_term_string"}],"inLanguage":"de"}]}},"_links":{"self":[{"href":"https:\/\/business.roovi.com\/de\/wp-json\/wp\/v2\/product\/40202","targetHints":{"allow":["GET"]}}],"collection":[{"href":"https:\/\/business.roovi.com\/de\/wp-json\/wp\/v2\/product"}],"about":[{"href":"https:\/\/business.roovi.com\/de\/wp-json\/wp\/v2\/types\/product"}],"version-history":[{"count":0,"href":"https:\/\/business.roovi.com\/de\/wp-json\/wp\/v2\/product\/40202\/revisions"}],"wp:featuredmedia":[{"embeddable":true,"href":"https:\/\/business.roovi.com\/de\/wp-json\/wp\/v2\/media\/36632"}],"wp:attachment":[{"href":"https:\/\/business.roovi.com\/de\/wp-json\/wp\/v2\/media?parent=40202"}],"wp:term":[{"taxonomy":"product_brand","embeddable":true,"href":"https:\/\/business.roovi.com\/de\/wp-json\/wp\/v2\/product_brand?post=40202"},{"taxonomy":"product_cat","embeddable":true,"href":"https:\/\/business.roovi.com\/de\/wp-json\/wp\/v2\/product_cat?post=40202"},{"taxonomy":"product_tag","embeddable":true,"href":"https:\/\/business.roovi.com\/de\/wp-json\/wp\/v2\/product_tag?post=40202"}],"curies":[{"name":"wp","href":"https:\/\/api.w.org\/{rel}","templated":true}]}}