{"id":40206,"date":"2018-09-05T16:16:33","date_gmt":"2018-09-05T16:16:33","guid":{"rendered":"https:\/\/business.roovi.com\/puzzle-1000-piese-imagini-din-romania-manastirea-curtea-de-arges\/p\/"},"modified":"2022-07-06T14:34:51","modified_gmt":"2022-07-06T14:34:51","slug":"1000-teile-puzzle-fur-erwachsene-bilder-aus-rumanien-kloster-curtea-de-arges","status":"publish","type":"product","link":"https:\/\/business.roovi.com\/de\/1000-teile-puzzle-fur-erwachsene-bilder-aus-rumanien-kloster-curtea-de-arges\/p\/","title":{"rendered":"1000-Teile-Puzzle f\u00fcr Erwachsene &#8211; Bilder aus Rum\u00e4nien &#8211; Kloster Curtea de Arges"},"content":{"rendered":"<p><span style=\"font-weight: 400\">Das Kloster Curtea de Arge\u0219, das von Neagoe Basarab gegr\u00fcndet wurde, ist sowohl architektonisch als auch in Bezug auf die Innenmalereien ein beeindruckendes Geb\u00e4ude.<\/span><\/p>\n<p><span style=\"font-weight: 400\">Das Kloster Curtea de Arge\u0219 wurde an der Stelle der ehemaligen Mitropolis der Walachei erbaut, die im 15. Jahrhundert von Vlad Tepes gegr\u00fcndet wurde, und beherbergt heute die Nekropole der k\u00f6niglichen Familie von Rum\u00e4nien sowie die Reliquien mehrerer Heiliger. K\u00f6nig Karl I. und K\u00f6nigin Elisabeth, K\u00f6nig Ferdinand und K\u00f6nigin Maria wachen von hier aus immer noch \u00fcber Rum\u00e4nien, und K\u00f6nig Michael I. ist jetzt bei ihnen.<\/span><\/p>\n<p><span style=\"font-weight: 400\">Der Bau des Klosters wurde einem geschickten Handwerker anvertraut, dessen Erinnerung mit einer der ber\u00fchmtesten rum\u00e4nischen Legenden verbunden ist &#8211; der Legende von Meister Manole <\/span><\/p>\n<p><span style=\"font-weight: 400\">Der franz\u00f6sische Architekt Andre Lecomte du Nouy trug in der zweiten H\u00e4lfte des 19. Jahrhunderts zur heutigen Form des Klosters bei, entschied sich aber, einen Teil der urspr\u00fcnglichen Innenfresken zu ver\u00e4ndern und damit den k\u00fcnstlerischen und historischen Wert zu zerst\u00f6ren.<\/span><\/p>\n<p><span style=\"font-weight: 400\">Durch ein 1000-teiliges Puzzle kannst du die faszinierenden architektonischen Details des Klosters Curtea de Arge\u0219 aus n\u00e4chster N\u00e4he bewundern und St\u00fcck f\u00fcr St\u00fcck ein Panoramabild des Klosters und des umliegenden Parks zusammensetzen <\/span><\/p>\n<h2><span style=\"font-weight: 400\">Warum ist ein Puzzle f\u00fcr Erwachsene so besonders 1000 Teile Bilder aus Rum\u00e4nien<\/span><\/h2>\n<ul>\n<li><span style=\"font-weight: 400\">Ein Puzzle ist eine entspannende Art, die Sch\u00f6nheit und Einzigartigkeit von beliebten Sehensw\u00fcrdigkeiten zu entdecken, mit denen bekannte Legenden verbunden sind.<\/span><\/li>\n<li><span style=\"font-weight: 400\">Am Ende bekommst du ein faszinierendes Bild des Klosters Curtea de Arge\u0219, das zu einer lange bewunderten Kulisse werden kann <\/span><\/li>\n<li><span style=\"font-weight: 400\">Die Gr\u00f6\u00dfe dieses Puzzles ist 68 x 47 cm, gro\u00df genug, um das n\u00e4chste Gem\u00e4lde zu werden, mit dem du deinen pers\u00f6nlichen Raum dekorierst.<\/span><\/li>\n<li><span style=\"font-weight: 400\">Die Teile sind aus hochwertigem, haltbarem Karton gefertigt, sodass das Bild mehrmals zusammengebaut werden kann, ohne dass die Teile besch\u00e4digt werden.<\/span><\/li>\n<li><span style=\"font-weight: 400\">F\u00fcr die Herstellung jedes Puzzles verwenden wir recycelbare und nachhaltige Materialien.<\/span><\/li>\n<li><span style=\"font-weight: 400\">Die angenehme, halbgl\u00e4nzende Oberfl\u00e4che hebt die lebendigen Farben hervor und verleiht dem Bild Klarheit.<\/span><\/li>\n<li><span style=\"font-weight: 400\">Puzzlespiele sind ein wertvolles Denksportprogramm, das beide Gehirnh\u00e4lften anspricht und das Ged\u00e4chtnis verbessert.<\/span><\/li>\n<li><span style=\"font-weight: 400\">Es ist eine unterhaltsame Art, Koordination, Motorik und Geschicklichkeit in jedem Alter zu trainieren und zu erhalten.<\/span><\/li>\n<li><span style=\"font-weight: 400\">Es erh\u00f6ht die Aufmerksamkeit f\u00fcr Details und die Konzentration.<\/span><\/li>\n<li><span style=\"font-weight: 400\">Es ist ein geeignetes Spiel ab 14 Jahren, mit einem mittleren Schwierigkeitsgrad.<\/span><\/li>\n<\/ul>\n<h2><span style=\"font-weight: 400\">Wusstest du das?<\/span><\/h2>\n<p><span style=\"font-weight: 400\">Der erfolgreiche Bau des sch\u00f6nen Klosters hat leider keine sehr gl\u00fcckliche Grundlage, sondern eine blutige, die auf Opfern und Eitelkeit beruht.<\/span><\/p>\n<p><span style=\"font-weight: 400\">Opfer, weil Manole das Werk erst vollenden konnte, nachdem er ein Opfer dargebracht und seine Frau Ana in den Mauern des Klosters erbaut hatte, und Eitelkeit, weil der Herrscher am Ende des Werks anordnete, das Ger\u00fcst abzubauen und die Handwerker auf dem Dach zur\u00fcckzulassen, damit er nicht noch ein so gro\u00dfes und sch\u00f6nes Geb\u00e4ude wie dieses errichten w\u00fcrde. Um sich zu retten, bauten die Handwerker, darunter auch Manole, Schindelfl\u00fcgel und st\u00fcrzten sich vom Dach, in der Hoffnung, fliegen zu k\u00f6nnen <\/span><\/p>\n<p><span style=\"font-weight: 400\">Der Manole-Brunnen in der N\u00e4he der Klostermauern soll dort entstanden sein, wo Manole bei einem Sturz vom Dach starb <\/span><\/p>\n<p><span style=\"font-weight: 400\">Im Inneren des Klosters befindet sich ein Evangelium, das von K\u00f6nigin Elisabeth von Rum\u00e4nien selbst in goldenen Buchstaben geschrieben wurde <\/span><\/p>\n<h2><span style=\"font-weight: 400\">1000-Teile-Puzzle f\u00fcr Erwachsene &#8211; entdecke eine lustige und spannende Aktivit\u00e4t<\/span><\/h2>\n<p><span style=\"font-weight: 400\">Entdecke Rum\u00e4nien auf eine einzigartige Weise, indem du ein Puzzle zusammensetzt und St\u00fcck f\u00fcr St\u00fcck ein architektonisches Juwel zusammensetzt <\/span><\/p>\n<p><span style=\"font-weight: 400\">Entdecke das Kloster Curtea de Arge\u0219 mit Hilfe eines 1000-teiligen Puzzles und genie\u00dfe ein paar Stunden kreative Entspannung, w\u00e4hrend du die richtigen Teile findest, um das Bild zu vervollst\u00e4ndigen <\/span><\/p>\n<p><span style=\"font-weight: 400\">Au\u00dferdem ist das Zusammensetzen eines Puzzles mit Bildern aus Rum\u00e4nien eine sehr unterhaltsame Aktivit\u00e4t, die dich wieder mit deiner Herkunft verbindet. Eine Reise in unsere lange und turbulente Geschichte, bei der du beeindruckende Details und Denkm\u00e4ler entdecken kannst, w\u00e4hrend du dich entspannst und von der Hektik des Alltags abschaltest.<\/span><\/p><\/p>\n","protected":false},"excerpt":{"rendered":"<p>Das Kloster Curtea de Arge\u0219, das von Neagoe Basarab gegr\u00fcndet wurde, ist sowohl architektonisch als auch in Bezug auf die<\/p>\n","protected":false},"featured_media":36628,"template":"","meta":[],"product_brand":[],"product_cat":[1916,1875,1915],"product_tag":[],"class_list":{"0":"post-40206","1":"product","2":"type-product","3":"status-publish","4":"has-post-thumbnail","6":"product_cat-1000-teile-puzzle","7":"product_cat-puzzle-de","8":"product_cat-puzzlespiele-fur-erwachsene","9":"pa_brand-d_toys-de","10":"pa_country_of_manufacture-ro-de","11":"pa_filter_age-14-de","12":"pa_painter-romania-de","13":"pa_tip_ambalaj-kasten-a4-de","14":"pa_tip_puzzle-klassisch","16":"first","17":"instock","18":"taxable","19":"shipping-taxable","20":"product-type-simple"},"yoast_head":"<!-- This site is optimized with the Yoast SEO plugin v20.1 - https:\/\/yoast.com\/wordpress\/plugins\/seo\/ -->\n<title>1000-Teile-Puzzle f\u00fcr Erwachsene - Bilder aus Rum\u00e4nien - Kloster Curtea de Arges<\/title>\n<meta name=\"description\" content=\"1000-Teile-Puzzle f\u00fcr Erwachsene - Bilder aus Rum\u00e4nien - Kloster Curtea de Arges\" \/>\n<meta name=\"robots\" content=\"index, follow, max-snippet:-1, max-image-preview:large, max-video-preview:-1\" \/>\n<link rel=\"canonical\" href=\"https:\/\/business.roovi.com\/de\/1000-teile-puzzle-fur-erwachsene-bilder-aus-rumanien-kloster-curtea-de-arges\/p\/\" \/>\n<meta property=\"og:locale\" content=\"de_DE\" \/>\n<meta property=\"og:type\" content=\"article\" \/>\n<meta property=\"og:title\" content=\"1000-Teile-Puzzle f\u00fcr Erwachsene - Bilder aus Rum\u00e4nien - Kloster Curtea de Arges\" \/>\n<meta property=\"og:description\" content=\"1000-Teile-Puzzle f\u00fcr Erwachsene - Bilder aus Rum\u00e4nien - Kloster Curtea de Arges\" \/>\n<meta property=\"og:url\" content=\"https:\/\/business.roovi.com\/de\/1000-teile-puzzle-fur-erwachsene-bilder-aus-rumanien-kloster-curtea-de-arges\/p\/\" \/>\n<meta property=\"og:site_name\" content=\"Roovi B2B\" \/>\n<meta property=\"article:publisher\" content=\"https:\/\/www.facebook.com\/wwwjucariero\" \/>\n<meta property=\"article:modified_time\" content=\"2022-07-06T14:34:51+00:00\" \/>\n<meta property=\"og:image\" content=\"https:\/\/business.roovi.com\/wp-content\/uploads\/2018\/09\/63038_14.jpg\" \/>\n\t<meta property=\"og:image:width\" content=\"1200\" \/>\n\t<meta property=\"og:image:height\" content=\"1200\" \/>\n\t<meta property=\"og:image:type\" content=\"image\/jpeg\" \/>\n<meta name=\"twitter:label1\" content=\"Gesch\u00e4tzte Lesezeit\" \/>\n\t<meta name=\"twitter:data1\" content=\"3\u00a0Minuten\" \/>\n<script type=\"application\/ld+json\" class=\"yoast-schema-graph\">{\"@context\":\"https:\/\/schema.org\",\"@graph\":[{\"@type\":\"WebPage\",\"@id\":\"https:\/\/business.roovi.com\/de\/1000-teile-puzzle-fur-erwachsene-bilder-aus-rumanien-kloster-curtea-de-arges\/p\/\",\"url\":\"https:\/\/business.roovi.com\/de\/1000-teile-puzzle-fur-erwachsene-bilder-aus-rumanien-kloster-curtea-de-arges\/p\/\",\"name\":\"1000-Teile-Puzzle f\u00fcr Erwachsene - Bilder aus Rum\u00e4nien - Kloster Curtea de Arges\",\"isPartOf\":{\"@id\":\"https:\/\/business.roovi.com\/de\/#website\"},\"datePublished\":\"2018-09-05T16:16:33+00:00\",\"dateModified\":\"2022-07-06T14:34:51+00:00\",\"description\":\"1000-Teile-Puzzle f\u00fcr Erwachsene - Bilder aus Rum\u00e4nien - Kloster Curtea de Arges\",\"breadcrumb\":{\"@id\":\"https:\/\/business.roovi.com\/de\/1000-teile-puzzle-fur-erwachsene-bilder-aus-rumanien-kloster-curtea-de-arges\/p\/#breadcrumb\"},\"inLanguage\":\"de\",\"potentialAction\":[{\"@type\":\"ReadAction\",\"target\":[\"https:\/\/business.roovi.com\/de\/1000-teile-puzzle-fur-erwachsene-bilder-aus-rumanien-kloster-curtea-de-arges\/p\/\"]}]},{\"@type\":\"BreadcrumbList\",\"@id\":\"https:\/\/business.roovi.com\/de\/1000-teile-puzzle-fur-erwachsene-bilder-aus-rumanien-kloster-curtea-de-arges\/p\/#breadcrumb\",\"itemListElement\":[{\"@type\":\"ListItem\",\"position\":1,\"name\":\"Home\",\"item\":\"https:\/\/business.roovi.com\/de\/\"},{\"@type\":\"ListItem\",\"position\":2,\"name\":\"Shop\",\"item\":\"https:\/\/business.roovi.com\/de\/shop\/\"},{\"@type\":\"ListItem\",\"position\":3,\"name\":\"1000-Teile-Puzzle f\u00fcr Erwachsene &#8211; Bilder aus Rum\u00e4nien &#8211; Kloster Curtea de Arges\"}]},{\"@type\":\"WebSite\",\"@id\":\"https:\/\/business.roovi.com\/de\/#website\",\"url\":\"https:\/\/business.roovi.com\/de\/\",\"name\":\"Roovi B2B\",\"description\":\"Roovi Business Website\",\"potentialAction\":[{\"@type\":\"SearchAction\",\"target\":{\"@type\":\"EntryPoint\",\"urlTemplate\":\"https:\/\/business.roovi.com\/de\/?s={search_term_string}\"},\"query-input\":\"required name=search_term_string\"}],\"inLanguage\":\"de\"}]}<\/script>\n<!-- \/ Yoast SEO plugin. -->","yoast_head_json":{"title":"1000-Teile-Puzzle f\u00fcr Erwachsene - Bilder aus Rum\u00e4nien - Kloster Curtea de Arges","description":"1000-Teile-Puzzle f\u00fcr Erwachsene - Bilder aus Rum\u00e4nien - Kloster Curtea de Arges","robots":{"index":"index","follow":"follow","max-snippet":"max-snippet:-1","max-image-preview":"max-image-preview:large","max-video-preview":"max-video-preview:-1"},"canonical":"https:\/\/business.roovi.com\/de\/1000-teile-puzzle-fur-erwachsene-bilder-aus-rumanien-kloster-curtea-de-arges\/p\/","og_locale":"de_DE","og_type":"article","og_title":"1000-Teile-Puzzle f\u00fcr Erwachsene - Bilder aus Rum\u00e4nien - Kloster Curtea de Arges","og_description":"1000-Teile-Puzzle f\u00fcr Erwachsene - Bilder aus Rum\u00e4nien - Kloster Curtea de Arges","og_url":"https:\/\/business.roovi.com\/de\/1000-teile-puzzle-fur-erwachsene-bilder-aus-rumanien-kloster-curtea-de-arges\/p\/","og_site_name":"Roovi B2B","article_publisher":"https:\/\/www.facebook.com\/wwwjucariero","article_modified_time":"2022-07-06T14:34:51+00:00","og_image":[{"width":1200,"height":1200,"url":"https:\/\/business.roovi.com\/wp-content\/uploads\/2018\/09\/63038_14.jpg","type":"image\/jpeg"}],"twitter_misc":{"Gesch\u00e4tzte Lesezeit":"3\u00a0Minuten"},"schema":{"@context":"https:\/\/schema.org","@graph":[{"@type":"WebPage","@id":"https:\/\/business.roovi.com\/de\/1000-teile-puzzle-fur-erwachsene-bilder-aus-rumanien-kloster-curtea-de-arges\/p\/","url":"https:\/\/business.roovi.com\/de\/1000-teile-puzzle-fur-erwachsene-bilder-aus-rumanien-kloster-curtea-de-arges\/p\/","name":"1000-Teile-Puzzle f\u00fcr Erwachsene - Bilder aus Rum\u00e4nien - Kloster Curtea de Arges","isPartOf":{"@id":"https:\/\/business.roovi.com\/de\/#website"},"datePublished":"2018-09-05T16:16:33+00:00","dateModified":"2022-07-06T14:34:51+00:00","description":"1000-Teile-Puzzle f\u00fcr Erwachsene - Bilder aus Rum\u00e4nien - Kloster Curtea de Arges","breadcrumb":{"@id":"https:\/\/business.roovi.com\/de\/1000-teile-puzzle-fur-erwachsene-bilder-aus-rumanien-kloster-curtea-de-arges\/p\/#breadcrumb"},"inLanguage":"de","potentialAction":[{"@type":"ReadAction","target":["https:\/\/business.roovi.com\/de\/1000-teile-puzzle-fur-erwachsene-bilder-aus-rumanien-kloster-curtea-de-arges\/p\/"]}]},{"@type":"BreadcrumbList","@id":"https:\/\/business.roovi.com\/de\/1000-teile-puzzle-fur-erwachsene-bilder-aus-rumanien-kloster-curtea-de-arges\/p\/#breadcrumb","itemListElement":[{"@type":"ListItem","position":1,"name":"Home","item":"https:\/\/business.roovi.com\/de\/"},{"@type":"ListItem","position":2,"name":"Shop","item":"https:\/\/business.roovi.com\/de\/shop\/"},{"@type":"ListItem","position":3,"name":"1000-Teile-Puzzle f\u00fcr Erwachsene &#8211; Bilder aus Rum\u00e4nien &#8211; Kloster Curtea de Arges"}]},{"@type":"WebSite","@id":"https:\/\/business.roovi.com\/de\/#website","url":"https:\/\/business.roovi.com\/de\/","name":"Roovi B2B","description":"Roovi Business Website","potentialAction":[{"@type":"SearchAction","target":{"@type":"EntryPoint","urlTemplate":"https:\/\/business.roovi.com\/de\/?s={search_term_string}"},"query-input":"required name=search_term_string"}],"inLanguage":"de"}]}},"_links":{"self":[{"href":"https:\/\/business.roovi.com\/de\/wp-json\/wp\/v2\/product\/40206","targetHints":{"allow":["GET"]}}],"collection":[{"href":"https:\/\/business.roovi.com\/de\/wp-json\/wp\/v2\/product"}],"about":[{"href":"https:\/\/business.roovi.com\/de\/wp-json\/wp\/v2\/types\/product"}],"version-history":[{"count":0,"href":"https:\/\/business.roovi.com\/de\/wp-json\/wp\/v2\/product\/40206\/revisions"}],"wp:featuredmedia":[{"embeddable":true,"href":"https:\/\/business.roovi.com\/de\/wp-json\/wp\/v2\/media\/36628"}],"wp:attachment":[{"href":"https:\/\/business.roovi.com\/de\/wp-json\/wp\/v2\/media?parent=40206"}],"wp:term":[{"taxonomy":"product_brand","embeddable":true,"href":"https:\/\/business.roovi.com\/de\/wp-json\/wp\/v2\/product_brand?post=40206"},{"taxonomy":"product_cat","embeddable":true,"href":"https:\/\/business.roovi.com\/de\/wp-json\/wp\/v2\/product_cat?post=40206"},{"taxonomy":"product_tag","embeddable":true,"href":"https:\/\/business.roovi.com\/de\/wp-json\/wp\/v2\/product_tag?post=40206"}],"curies":[{"name":"wp","href":"https:\/\/api.w.org\/{rel}","templated":true}]}}