{"id":40210,"date":"2018-09-05T15:23:36","date_gmt":"2018-09-05T15:23:36","guid":{"rendered":"https:\/\/business.roovi.com\/puzzle-adulti-1000-piese-peisaje-de-zi-podul-alexandru-al-iii-lea-paris\/p\/"},"modified":"2022-10-19T09:42:30","modified_gmt":"2022-10-19T09:42:30","slug":"1000-teile-adult-puzzle-landscapes-by-day-alexander-iii-bridge-paris","status":"publish","type":"product","link":"https:\/\/business.roovi.com\/de\/1000-teile-adult-puzzle-landscapes-by-day-alexander-iii-bridge-paris\/p\/","title":{"rendered":"1000 Teile Adult Puzzle Landscapes by Day &#8211; Alexander III Bridge, Paris"},"content":{"rendered":"<p><strong><em>Suchst du nach einer entspannenden Aktivit\u00e4t, die dich vom Bildschirm fernh\u00e4lt? Setze die Puzzlespiele aus der 1000-teiligen Adult Landscapes by Day Puzzle Kollektion zusammen und bewundere die sch\u00f6nen Sehensw\u00fcrdigkeiten Europas von zu Hause aus.<\/em><\/strong><\/p>\n<p><span style=\"font-weight: 400;\">Das 1000-teilige Puzzle Alexander III Br\u00fccke zeigt ein Wahrzeichen von Paris, ein wahres historisches Monument, das im Jahr 1900 eingeweiht wurde. Die Br\u00fccke ist nach Zar Alexander III. von Russland benannt und ist ein Symbol der Freundschaft zwischen den beiden L\u00e4ndern.<\/span><\/p>\n<p><span style=\"font-weight: 400;\">Die Alexanderbr\u00fccke wurde \u00fcber die Seine gebaut und verbindet die ber\u00fchmte Prachtstra\u00dfe Champs-\u00c9lys\u00e9es mit dem Invalidenviertel. Sie ist mit vielen Elementen der franz\u00f6sischen und russischen Heraldik verziert und gilt als die extravaganteste und sch\u00f6nste Br\u00fccke der Stadt.<\/span><\/p>\n<p><span style=\"font-weight: 400;\">Zu der Zeit, als sie gebaut wurde, war sie eine echte technische Herausforderung. Der Blick auf die Champs Elysees und die Invalidenkuppel sollte nicht versperrt werden, deshalb ist die Br\u00fccke sehr niedrig, nur 6 Meter hoch. Die spektakul\u00e4re Landschaft wird auch heute noch von Touristen aus aller Welt bewundert, die anhalten, um sie zu bewundern oder die atemberaubende Aussicht in Sammlerfotos zu verewigen.<\/span><\/p>\n<p><span style=\"font-weight: 400;\">Das 1000-teilige Alexander-III-Br\u00fcckenpuzzle aus der Landscapes-Puzzlekollektion f\u00fcr Erwachsene fordert dich heraus, in die Rolle eines echten Architekten zu schl\u00fcpfen und ein viel bewundertes Jugendstildenkmal aus 1000 Teilen zu bauen. Am Ende kannst du das entstandene Bild einrahmen und dich an einem originellen Dekorationsobjekt erfreuen <\/span><\/p>\n<p><strong>Warum solltest du dich f\u00fcr das 1000-Teile-Puzzle Alexander III Br\u00fccke entscheiden?<\/strong><\/p>\n<p><span style=\"font-weight: 400;\">Die Montageaktivit\u00e4t gibt dir die M\u00f6glichkeit, ein faszinierendes Objekt mit einer langen Geschichte zu bewundern.<\/span><\/p>\n<p><span style=\"font-weight: 400;\">Das ist eine tolle M\u00f6glichkeit, deine Koordination und Konzentration l\u00e4nger aufrechtzuerhalten.<\/span><\/p>\n<p><span style=\"font-weight: 400;\">Es hilft dir, dich zu entspannen und aus deiner Routine herauszukommen.<\/span><\/p>\n<p><span style=\"font-weight: 400;\">Du erh\u00e4ltst ein 68 x 47 cm gro\u00dfes Bild, das du in ein Dekorationsst\u00fcck verwandeln kannst.<\/span><\/p>\n<p><span style=\"font-weight: 400;\">Es ist aus hochwertigem blauen Karton gefertigt, der die Teile auch nach mehrmaligem Zusammenbau stabil macht.<\/span><\/p>\n<p><span style=\"font-weight: 400;\">Jedes 1000-teilige Puzzle ist aus nachhaltigen und recycelbaren Materialien hergestellt.<\/span><\/p>\n<p><span style=\"font-weight: 400;\">Es hat eine halbgl\u00e4nzende Oberfl\u00e4che und angenehme Farben, die die Klarheit des Bildes unterstreichen.<\/span><\/p>\n<p><span style=\"font-weight: 400;\">Sie ist f\u00fcr Personen ab 14 Jahren geeignet und hat einen mittleren Schwierigkeitsgrad.<\/span><\/p>\n<p><strong>Wusstest du schon&#8230;? <\/strong><\/p>\n<p><span style=\"font-weight: 400;\">Die Alexander III. Br\u00fccke ist mit Laternen, Putten und Nymphen geschm\u00fcckt. An den Enden der Br\u00fccke stehen vergoldete Statuen auf 17 Meter hohen Pfeilern.<\/span><\/p>\n<p><span style=\"font-weight: 400;\">Die Br\u00fccke wurde mit der Weltausstellung 1900 in Paris eingeweiht, die von rund 50 Millionen Besuchern besucht wurde.<\/span><\/p>\n<p><span style=\"font-weight: 400;\">Auch der Bahnhof Orsay, das Petit Palais und das Grand Palais wurden zur gleichen Zeit gebaut.<\/span><\/p>\n<p><span style=\"font-weight: 400;\">Zur Feier der russisch-franz\u00f6sischen Allianz wurde in Russland ein \u00e4hnliches Bauwerk errichtet: die Dreifaltigkeitsbr\u00fccke in St. Petersburg<\/span><\/p>\n<p><strong>1000-teiliges Alexander III. Br\u00fcckenpuzzle zur Entspannung f\u00fcr die Familie<\/strong><\/p>\n<p><span style=\"font-weight: 400;\">Willst du die Monotonie der Tage vertreiben, an denen dich das schlechte Wetter im Haus h\u00e4lt? Oder m\u00f6chtest du mehr Zeit mit deinen Kindern im Teenageralter verbringen? Das 1000-teilige Alexander III. Br\u00fcckenpuzzle ist die perfekte Gelegenheit, sich mit deinen Lieben zu treffen.<\/span><\/p>\n<p><span style=\"font-weight: 400;\">Finde alle Teile, die die Kanten des 1000er Puzzlebretts bilden, teile die Teile nach Farben auf, arbeite im Team und das Bild ist im Nu fertig. Feiere deinen Erfolg, indem du das fertige Werk einrahmst. Bewahre die Erinnerung an unvergessliche Momente in einem au\u00dfergew\u00f6hnlichen 1000-teiligen Puzzlebild.<\/span><\/p>\n<p><span style=\"font-weight: 400;\">Entdecke alle Puzzles aus der Reihe &#8222;Landschaften des Tages&#8220; f\u00fcr Erwachsene und gestalte deine Freizeit mit deinen Liebsten sinnvoll.<\/span><\/p>\n","protected":false},"excerpt":{"rendered":"<p>Suchst du nach einer entspannenden Aktivit\u00e4t, die dich vom Bildschirm fernh\u00e4lt? Setze die Puzzlespiele aus der 1000-teiligen Adult Landscapes by<\/p>\n","protected":false},"featured_media":36614,"template":"","meta":[],"product_brand":[],"product_cat":[1916,1875,1915],"product_tag":[],"class_list":{"0":"post-40210","1":"product","2":"type-product","3":"status-publish","4":"has-post-thumbnail","6":"product_cat-1000-teile-puzzle","7":"product_cat-puzzle-de","8":"product_cat-puzzlespiele-fur-erwachsene","9":"pa_brand-d_toys-de","10":"pa_country_of_manufacture-ro-de","11":"pa_filter_age-14-de","12":"pa_painter-landscapes-de","13":"pa_tip_ambalaj-kasten-a4-de","14":"pa_tip_puzzle-klassisch","16":"first","17":"instock","18":"taxable","19":"shipping-taxable","20":"product-type-simple"},"yoast_head":"<!-- This site is optimized with the Yoast SEO plugin v20.1 - https:\/\/yoast.com\/wordpress\/plugins\/seo\/ -->\n<title>1000 Teile Adult Puzzle Landscapes by Day - Alexander III Bridge, Paris<\/title>\n<meta name=\"description\" content=\"1000 Teile Adult Puzzle Landscapes by Day - Alexander III Bridge, Paris\" \/>\n<meta name=\"robots\" content=\"index, follow, max-snippet:-1, max-image-preview:large, max-video-preview:-1\" \/>\n<link rel=\"canonical\" href=\"https:\/\/business.roovi.com\/de\/1000-teile-adult-puzzle-landscapes-by-day-alexander-iii-bridge-paris\/p\/\" \/>\n<meta property=\"og:locale\" content=\"de_DE\" \/>\n<meta property=\"og:type\" content=\"article\" \/>\n<meta property=\"og:title\" content=\"1000 Teile Adult Puzzle Landscapes by Day - Alexander III Bridge, Paris\" \/>\n<meta property=\"og:description\" content=\"1000 Teile Adult Puzzle Landscapes by Day - Alexander III Bridge, Paris\" \/>\n<meta property=\"og:url\" content=\"https:\/\/business.roovi.com\/de\/1000-teile-adult-puzzle-landscapes-by-day-alexander-iii-bridge-paris\/p\/\" \/>\n<meta property=\"og:site_name\" content=\"Roovi B2B\" \/>\n<meta property=\"article:publisher\" content=\"https:\/\/www.facebook.com\/wwwjucariero\" \/>\n<meta property=\"article:modified_time\" content=\"2022-10-19T09:42:30+00:00\" \/>\n<meta property=\"og:image\" content=\"https:\/\/business.roovi.com\/wp-content\/uploads\/2018\/09\/62154-18_ansamblu_dimensiuni_cutie_cm_orizontal.png\" \/>\n\t<meta property=\"og:image:width\" content=\"1200\" \/>\n\t<meta property=\"og:image:height\" content=\"1200\" \/>\n\t<meta property=\"og:image:type\" content=\"image\/png\" \/>\n<meta name=\"twitter:label1\" content=\"Gesch\u00e4tzte Lesezeit\" \/>\n\t<meta name=\"twitter:data1\" content=\"3\u00a0Minuten\" \/>\n<script type=\"application\/ld+json\" class=\"yoast-schema-graph\">{\"@context\":\"https:\/\/schema.org\",\"@graph\":[{\"@type\":\"WebPage\",\"@id\":\"https:\/\/business.roovi.com\/de\/1000-teile-adult-puzzle-landscapes-by-day-alexander-iii-bridge-paris\/p\/\",\"url\":\"https:\/\/business.roovi.com\/de\/1000-teile-adult-puzzle-landscapes-by-day-alexander-iii-bridge-paris\/p\/\",\"name\":\"1000 Teile Adult Puzzle Landscapes by Day - Alexander III Bridge, Paris\",\"isPartOf\":{\"@id\":\"https:\/\/business.roovi.com\/de\/#website\"},\"datePublished\":\"2018-09-05T15:23:36+00:00\",\"dateModified\":\"2022-10-19T09:42:30+00:00\",\"description\":\"1000 Teile Adult Puzzle Landscapes by Day - Alexander III Bridge, Paris\",\"breadcrumb\":{\"@id\":\"https:\/\/business.roovi.com\/de\/1000-teile-adult-puzzle-landscapes-by-day-alexander-iii-bridge-paris\/p\/#breadcrumb\"},\"inLanguage\":\"de\",\"potentialAction\":[{\"@type\":\"ReadAction\",\"target\":[\"https:\/\/business.roovi.com\/de\/1000-teile-adult-puzzle-landscapes-by-day-alexander-iii-bridge-paris\/p\/\"]}]},{\"@type\":\"BreadcrumbList\",\"@id\":\"https:\/\/business.roovi.com\/de\/1000-teile-adult-puzzle-landscapes-by-day-alexander-iii-bridge-paris\/p\/#breadcrumb\",\"itemListElement\":[{\"@type\":\"ListItem\",\"position\":1,\"name\":\"Home\",\"item\":\"https:\/\/business.roovi.com\/de\/\"},{\"@type\":\"ListItem\",\"position\":2,\"name\":\"Shop\",\"item\":\"https:\/\/business.roovi.com\/de\/shop\/\"},{\"@type\":\"ListItem\",\"position\":3,\"name\":\"1000 Teile Adult Puzzle Landscapes by Day &#8211; Alexander III Bridge, Paris\"}]},{\"@type\":\"WebSite\",\"@id\":\"https:\/\/business.roovi.com\/de\/#website\",\"url\":\"https:\/\/business.roovi.com\/de\/\",\"name\":\"Roovi B2B\",\"description\":\"Roovi Business Website\",\"potentialAction\":[{\"@type\":\"SearchAction\",\"target\":{\"@type\":\"EntryPoint\",\"urlTemplate\":\"https:\/\/business.roovi.com\/de\/?s={search_term_string}\"},\"query-input\":\"required name=search_term_string\"}],\"inLanguage\":\"de\"}]}<\/script>\n<!-- \/ Yoast SEO plugin. -->","yoast_head_json":{"title":"1000 Teile Adult Puzzle Landscapes by Day - Alexander III Bridge, Paris","description":"1000 Teile Adult Puzzle Landscapes by Day - Alexander III Bridge, Paris","robots":{"index":"index","follow":"follow","max-snippet":"max-snippet:-1","max-image-preview":"max-image-preview:large","max-video-preview":"max-video-preview:-1"},"canonical":"https:\/\/business.roovi.com\/de\/1000-teile-adult-puzzle-landscapes-by-day-alexander-iii-bridge-paris\/p\/","og_locale":"de_DE","og_type":"article","og_title":"1000 Teile Adult Puzzle Landscapes by Day - Alexander III Bridge, Paris","og_description":"1000 Teile Adult Puzzle Landscapes by Day - Alexander III Bridge, Paris","og_url":"https:\/\/business.roovi.com\/de\/1000-teile-adult-puzzle-landscapes-by-day-alexander-iii-bridge-paris\/p\/","og_site_name":"Roovi B2B","article_publisher":"https:\/\/www.facebook.com\/wwwjucariero","article_modified_time":"2022-10-19T09:42:30+00:00","og_image":[{"width":1200,"height":1200,"url":"https:\/\/business.roovi.com\/wp-content\/uploads\/2018\/09\/62154-18_ansamblu_dimensiuni_cutie_cm_orizontal.png","type":"image\/png"}],"twitter_misc":{"Gesch\u00e4tzte Lesezeit":"3\u00a0Minuten"},"schema":{"@context":"https:\/\/schema.org","@graph":[{"@type":"WebPage","@id":"https:\/\/business.roovi.com\/de\/1000-teile-adult-puzzle-landscapes-by-day-alexander-iii-bridge-paris\/p\/","url":"https:\/\/business.roovi.com\/de\/1000-teile-adult-puzzle-landscapes-by-day-alexander-iii-bridge-paris\/p\/","name":"1000 Teile Adult Puzzle Landscapes by Day - Alexander III Bridge, Paris","isPartOf":{"@id":"https:\/\/business.roovi.com\/de\/#website"},"datePublished":"2018-09-05T15:23:36+00:00","dateModified":"2022-10-19T09:42:30+00:00","description":"1000 Teile Adult Puzzle Landscapes by Day - Alexander III Bridge, Paris","breadcrumb":{"@id":"https:\/\/business.roovi.com\/de\/1000-teile-adult-puzzle-landscapes-by-day-alexander-iii-bridge-paris\/p\/#breadcrumb"},"inLanguage":"de","potentialAction":[{"@type":"ReadAction","target":["https:\/\/business.roovi.com\/de\/1000-teile-adult-puzzle-landscapes-by-day-alexander-iii-bridge-paris\/p\/"]}]},{"@type":"BreadcrumbList","@id":"https:\/\/business.roovi.com\/de\/1000-teile-adult-puzzle-landscapes-by-day-alexander-iii-bridge-paris\/p\/#breadcrumb","itemListElement":[{"@type":"ListItem","position":1,"name":"Home","item":"https:\/\/business.roovi.com\/de\/"},{"@type":"ListItem","position":2,"name":"Shop","item":"https:\/\/business.roovi.com\/de\/shop\/"},{"@type":"ListItem","position":3,"name":"1000 Teile Adult Puzzle Landscapes by Day &#8211; Alexander III Bridge, Paris"}]},{"@type":"WebSite","@id":"https:\/\/business.roovi.com\/de\/#website","url":"https:\/\/business.roovi.com\/de\/","name":"Roovi B2B","description":"Roovi Business Website","potentialAction":[{"@type":"SearchAction","target":{"@type":"EntryPoint","urlTemplate":"https:\/\/business.roovi.com\/de\/?s={search_term_string}"},"query-input":"required name=search_term_string"}],"inLanguage":"de"}]}},"_links":{"self":[{"href":"https:\/\/business.roovi.com\/de\/wp-json\/wp\/v2\/product\/40210","targetHints":{"allow":["GET"]}}],"collection":[{"href":"https:\/\/business.roovi.com\/de\/wp-json\/wp\/v2\/product"}],"about":[{"href":"https:\/\/business.roovi.com\/de\/wp-json\/wp\/v2\/types\/product"}],"version-history":[{"count":0,"href":"https:\/\/business.roovi.com\/de\/wp-json\/wp\/v2\/product\/40210\/revisions"}],"wp:featuredmedia":[{"embeddable":true,"href":"https:\/\/business.roovi.com\/de\/wp-json\/wp\/v2\/media\/36614"}],"wp:attachment":[{"href":"https:\/\/business.roovi.com\/de\/wp-json\/wp\/v2\/media?parent=40210"}],"wp:term":[{"taxonomy":"product_brand","embeddable":true,"href":"https:\/\/business.roovi.com\/de\/wp-json\/wp\/v2\/product_brand?post=40210"},{"taxonomy":"product_cat","embeddable":true,"href":"https:\/\/business.roovi.com\/de\/wp-json\/wp\/v2\/product_cat?post=40210"},{"taxonomy":"product_tag","embeddable":true,"href":"https:\/\/business.roovi.com\/de\/wp-json\/wp\/v2\/product_tag?post=40210"}],"curies":[{"name":"wp","href":"https:\/\/api.w.org\/{rel}","templated":true}]}}