{"id":40214,"date":"2018-09-05T15:17:45","date_gmt":"2018-09-05T15:17:45","guid":{"rendered":"https:\/\/business.roovi.com\/puzzle-adulti-1000-piese-peisaje-de-zi-rothenburg-germania\/p\/"},"modified":"2022-07-06T14:39:12","modified_gmt":"2022-07-06T14:39:12","slug":"1000-teile-adult-puzzle-day-landscapes-rothenburg-deutschland","status":"publish","type":"product","link":"https:\/\/business.roovi.com\/de\/1000-teile-adult-puzzle-day-landscapes-rothenburg-deutschland\/p\/","title":{"rendered":"1000 Teile Adult Puzzle Day Landscapes &#8211; Rothenburg, Deutschland"},"content":{"rendered":"<p><strong><em>Entdecke Europas m\u00e4rchenhafte Reiseziele durch eine einzigartige Sammlung: 1000-teiliges Puzzle f\u00fcr Erwachsene Landscapes by Day <\/em><\/strong><\/p>\n<p><span style=\"font-weight: 400\">Puzzle 1000 Rothenburg fordert dich heraus, ein malerisches Bild der Gegend zu erstellen <\/span><span style=\"font-weight: 400\">Pl\u00f6nlein<\/span><span style=\"font-weight: 400\">einer der beliebtesten Orte im alten Stadtzentrum<\/span><span style=\"font-weight: 400\">,<\/span><span style=\"font-weight: 400\"> vor der Kulisse von zwei der ikonischen T\u00fcrme der Stadt, die im 13.<\/span><\/p>\n<p><span style=\"font-weight: 400\">Wenn du aus deiner t\u00e4glichen Routine aussteigen und vom Alltag abschalten willst, ist dieses sch\u00f6n gestaltete Puzzlespiel eine echte Farbtherapie. Und das Ergebnis ist ein Bild, das Optimismus und Pers\u00f6nlichkeit in jeden noch so tristen Raum bringt.<\/span><\/p>\n<p><span style=\"font-weight: 400\">Rothenburg ob der Tauber <\/span><span style=\"font-weight: 400\">ist eine der am besten erhaltenen mittelalterlichen St\u00e4dte aller Zeiten und <\/span><span style=\"font-weight: 400\">ist Teil der sogenannten <\/span><em><span style=\"font-weight: 400\">Romantische Stra\u00dfe &#8211; Die Romantische Stra\u00dfe<\/span><\/em><span style=\"font-weight: 400\"> entlang derer du eine Reihe von Sehensw\u00fcrdigkeiten aus dem Mittelalter besuchen kannst <\/span><\/p>\n<p><span style=\"font-weight: 400\">Die malerische Lage am Steilufer der Tauber, die Mauern und T\u00fcrme, die aussehen wie im 16. Jahrhundert, die gepflasterten Stra\u00dfen und die bunten H\u00e4user machen die Stadt zu einem touristischen Juwel, in dem sich Touristen aus aller Welt aufhalten.<\/span><\/p>\n<p><span style=\"font-weight: 400\">Nimm dir eine Auszeit von der Hektik des Alltags und setze 1000-teilige Puzzles f\u00fcr Erwachsene zusammen <\/span><span style=\"font-weight: 400\">Rothenburg aus der Landscapes by Day-Puzzle-Kollektion und lass dich durch die Stra\u00dfen einer M\u00e4rchenstadt tragen.<\/span><\/p>\n<p><strong>Warum das 1000-Teile-Puzzle w\u00e4hlen <\/strong><strong>Rothenburg, Deutschland?<\/strong><\/p>\n<p><span style=\"font-weight: 400\">Es ist eine entspannende Art, einen ber\u00fchmten Ort mit einer langen Geschichte und einer besonderen Symbolik auf eine neue Art zu entdecken.<\/span><\/p>\n<p><span style=\"font-weight: 400\">Du entwickelst verschiedene F\u00e4higkeiten wie Koordination, Geschicklichkeit und Feinmotorik.<\/span><\/p>\n<p><span style=\"font-weight: 400\">Du kannst diese Gelegenheit nutzen, um Zeit mit deiner Familie zu verbringen oder dich mehr mit Freunden zu treffen.<\/span><\/p>\n<p><span style=\"font-weight: 400\">Ein Puzzlespiel ist immer eine Gelegenheit, sich von den Bildschirmen deiner mobilen Ger\u00e4te zu l\u00f6sen.<\/span><\/p>\n<p><span style=\"font-weight: 400\">Du erstellst ein 68 x 47 cm gro\u00dfes Brett, das eine tolle Dekoration f\u00fcr dein Zuhause sein wird.<\/span><\/p>\n<p><span style=\"font-weight: 400\">Es ist aus hochwertigem blauen Karton gefertigt, die Teile passen perfekt zusammen und du erh\u00e4ltst bei jedem Zusammenbau ein perfektes Bild.<\/span><\/p>\n<p><span style=\"font-weight: 400\">Die Materialien des 1000-teiligen Puzzles sind recycelbar und nachhaltig.<\/span><\/p>\n<p><span style=\"font-weight: 400\">Es hat eine halbgl\u00e4nzende Oberfl\u00e4che und angenehme Farben, die die Sch\u00f6nheit des Bildes hervorheben.<\/span><\/p>\n<p><span style=\"font-weight: 400\">Geeignet ab 14 Jahren &#8211; eine Gelegenheit, auch Teenager f\u00fcr das Puzzlespiel zu begeistern.<\/span><\/p>\n<p><strong>Wusstest du, dass&#8230;?<\/strong><\/p>\n<p><span style=\"font-weight: 400\">Eine der Attraktionen der Stadt ist die Kirche St. James. Sie wurde 1485 erbaut und gilt als eines der sch\u00f6nsten Wallfahrtsziele in Deutschland. Es beherbergt das &#8222;Heiligtum der <\/span><span style=\"font-weight: 400\">Des Heiligen Blutes<\/span><span style=\"font-weight: 400\">&#8220; <\/span><span style=\"font-weight: 400\"> die das letzte Abendmahl darstellt. Es war <\/span><span style=\"font-weight: 400\">entworfen in <\/span><span style=\"font-weight: 400\">1505 ein Gef\u00e4\u00df mit einem Tropfen des Blutes Jesu zu halten.<\/span><\/p>\n<p><span style=\"font-weight: 400\">Hier kannst du auch das Weihnachtsmuseum besuchen, wo du Exponate bewundern kannst, die die Entwicklung dieses Festes in Deutschland beschreiben. Daneben befindet sich der Weihnachtsladen, vor dem ein Auto geparkt ist <\/span><span style=\"font-weight: 400\">&#8222;<\/span><span style=\"font-weight: 400\">auto<\/span><span style=\"font-weight: 400\">&#8222;<\/span><span style=\"font-weight: 400\"> Santa<\/span><span style=\"font-weight: 400\">i<\/span><span style=\"font-weight: 400\">mit denen der nette alte Mann wahrscheinlich seine Vorr\u00e4te auff\u00fcllt :).<\/span><\/p>\n<p><strong>Puzzle 1000 Teile <\/strong><strong>Rothenburg verbindet Menschen<\/strong><\/p>\n<p><span style=\"font-weight: 400\">Wenn du mehr Zeit mit deinen Kindern verbringen und sie von der virtuellen Welt fernhalten willst, ist das 1000-teilige Puzzle<\/span> <span style=\"font-weight: 400\">Rothenburg ist die perfekte Gelegenheit. Dieses wunderbare Puzzlespiel bringt die Familie zusammen und hilft dir, besser mit deinen Liebsten zu kommunizieren <\/span><\/p>\n<p><span style=\"font-weight: 400\">Wenn ihr euch alle zur\u00fccklehnt und versucht, die Teile in die richtige Reihenfolge zu bringen, \u00fcbt ihr Teamwork und Zusammenarbeit. Es ist viel einfacher, eure Herzen zu \u00f6ffnen und einander besser kennenzulernen. Nutze also das Puzzlespiel und st\u00e4rke deine Beziehungen zu den Familienmitgliedern.<\/span><\/p>\n<p><span style=\"font-weight: 400\">Entdecke alle Puzzles aus der Reihe Landscapes of the Day f\u00fcr Erwachsene und baue deine eigene originelle Bildersammlung aus tausenden von Puzzleteilen <\/span><\/p><\/p>\n","protected":false},"excerpt":{"rendered":"<p>Entdecke Europas m\u00e4rchenhafte Reiseziele durch eine einzigartige Sammlung: 1000-teiliges Puzzle f\u00fcr Erwachsene Landscapes by Day Puzzle 1000 Rothenburg fordert dich<\/p>\n","protected":false},"featured_media":36600,"template":"","meta":[],"product_brand":[],"product_cat":[1916,1875,1915],"product_tag":[],"class_list":{"0":"post-40214","1":"product","2":"type-product","3":"status-publish","4":"has-post-thumbnail","6":"product_cat-1000-teile-puzzle","7":"product_cat-puzzle-de","8":"product_cat-puzzlespiele-fur-erwachsene","9":"pa_brand-d_toys-de","10":"pa_country_of_manufacture-ro-de","11":"pa_filter_age-14-de","12":"pa_painter-landscapes-de","13":"pa_tip_ambalaj-kasten-a4-de","14":"pa_tip_puzzle-klassisch","16":"first","17":"instock","18":"taxable","19":"shipping-taxable","20":"product-type-simple"},"yoast_head":"<!-- This site is optimized with the Yoast SEO plugin v20.1 - https:\/\/yoast.com\/wordpress\/plugins\/seo\/ -->\n<title>1000 Teile Adult Puzzle Day Landscapes - Rothenburg, Deutschland<\/title>\n<meta name=\"description\" content=\"1000 Teile Adult Puzzle Day Landscapes - Rothenburg, Deutschland\" \/>\n<meta name=\"robots\" content=\"index, follow, max-snippet:-1, max-image-preview:large, max-video-preview:-1\" \/>\n<link rel=\"canonical\" href=\"https:\/\/business.roovi.com\/de\/1000-teile-adult-puzzle-day-landscapes-rothenburg-deutschland\/p\/\" \/>\n<meta property=\"og:locale\" content=\"de_DE\" \/>\n<meta property=\"og:type\" content=\"article\" \/>\n<meta property=\"og:title\" content=\"1000 Teile Adult Puzzle Day Landscapes - Rothenburg, Deutschland\" \/>\n<meta property=\"og:description\" content=\"1000 Teile Adult Puzzle Day Landscapes - Rothenburg, Deutschland\" \/>\n<meta property=\"og:url\" content=\"https:\/\/business.roovi.com\/de\/1000-teile-adult-puzzle-day-landscapes-rothenburg-deutschland\/p\/\" \/>\n<meta property=\"og:site_name\" content=\"Roovi B2B\" \/>\n<meta property=\"article:publisher\" content=\"https:\/\/www.facebook.com\/wwwjucariero\" \/>\n<meta property=\"article:modified_time\" content=\"2022-07-06T14:39:12+00:00\" \/>\n<meta property=\"og:image\" content=\"https:\/\/business.roovi.com\/wp-content\/uploads\/2018\/09\/62154-17_ansamblu_dimensiuni_cutie_cm_orizontal.png\" \/>\n\t<meta property=\"og:image:width\" content=\"1200\" \/>\n\t<meta property=\"og:image:height\" content=\"1200\" \/>\n\t<meta property=\"og:image:type\" content=\"image\/png\" \/>\n<meta name=\"twitter:label1\" content=\"Gesch\u00e4tzte Lesezeit\" \/>\n\t<meta name=\"twitter:data1\" content=\"3\u00a0Minuten\" \/>\n<script type=\"application\/ld+json\" class=\"yoast-schema-graph\">{\"@context\":\"https:\/\/schema.org\",\"@graph\":[{\"@type\":\"WebPage\",\"@id\":\"https:\/\/business.roovi.com\/de\/1000-teile-adult-puzzle-day-landscapes-rothenburg-deutschland\/p\/\",\"url\":\"https:\/\/business.roovi.com\/de\/1000-teile-adult-puzzle-day-landscapes-rothenburg-deutschland\/p\/\",\"name\":\"1000 Teile Adult Puzzle Day Landscapes - Rothenburg, Deutschland\",\"isPartOf\":{\"@id\":\"https:\/\/business.roovi.com\/de\/#website\"},\"datePublished\":\"2018-09-05T15:17:45+00:00\",\"dateModified\":\"2022-07-06T14:39:12+00:00\",\"description\":\"1000 Teile Adult Puzzle Day Landscapes - Rothenburg, Deutschland\",\"breadcrumb\":{\"@id\":\"https:\/\/business.roovi.com\/de\/1000-teile-adult-puzzle-day-landscapes-rothenburg-deutschland\/p\/#breadcrumb\"},\"inLanguage\":\"de\",\"potentialAction\":[{\"@type\":\"ReadAction\",\"target\":[\"https:\/\/business.roovi.com\/de\/1000-teile-adult-puzzle-day-landscapes-rothenburg-deutschland\/p\/\"]}]},{\"@type\":\"BreadcrumbList\",\"@id\":\"https:\/\/business.roovi.com\/de\/1000-teile-adult-puzzle-day-landscapes-rothenburg-deutschland\/p\/#breadcrumb\",\"itemListElement\":[{\"@type\":\"ListItem\",\"position\":1,\"name\":\"Home\",\"item\":\"https:\/\/business.roovi.com\/de\/\"},{\"@type\":\"ListItem\",\"position\":2,\"name\":\"Shop\",\"item\":\"https:\/\/business.roovi.com\/de\/shop\/\"},{\"@type\":\"ListItem\",\"position\":3,\"name\":\"1000 Teile Adult Puzzle Day Landscapes &#8211; Rothenburg, Deutschland\"}]},{\"@type\":\"WebSite\",\"@id\":\"https:\/\/business.roovi.com\/de\/#website\",\"url\":\"https:\/\/business.roovi.com\/de\/\",\"name\":\"Roovi B2B\",\"description\":\"Roovi Business Website\",\"potentialAction\":[{\"@type\":\"SearchAction\",\"target\":{\"@type\":\"EntryPoint\",\"urlTemplate\":\"https:\/\/business.roovi.com\/de\/?s={search_term_string}\"},\"query-input\":\"required name=search_term_string\"}],\"inLanguage\":\"de\"}]}<\/script>\n<!-- \/ Yoast SEO plugin. -->","yoast_head_json":{"title":"1000 Teile Adult Puzzle Day Landscapes - Rothenburg, Deutschland","description":"1000 Teile Adult Puzzle Day Landscapes - Rothenburg, Deutschland","robots":{"index":"index","follow":"follow","max-snippet":"max-snippet:-1","max-image-preview":"max-image-preview:large","max-video-preview":"max-video-preview:-1"},"canonical":"https:\/\/business.roovi.com\/de\/1000-teile-adult-puzzle-day-landscapes-rothenburg-deutschland\/p\/","og_locale":"de_DE","og_type":"article","og_title":"1000 Teile Adult Puzzle Day Landscapes - Rothenburg, Deutschland","og_description":"1000 Teile Adult Puzzle Day Landscapes - Rothenburg, Deutschland","og_url":"https:\/\/business.roovi.com\/de\/1000-teile-adult-puzzle-day-landscapes-rothenburg-deutschland\/p\/","og_site_name":"Roovi B2B","article_publisher":"https:\/\/www.facebook.com\/wwwjucariero","article_modified_time":"2022-07-06T14:39:12+00:00","og_image":[{"width":1200,"height":1200,"url":"https:\/\/business.roovi.com\/wp-content\/uploads\/2018\/09\/62154-17_ansamblu_dimensiuni_cutie_cm_orizontal.png","type":"image\/png"}],"twitter_misc":{"Gesch\u00e4tzte Lesezeit":"3\u00a0Minuten"},"schema":{"@context":"https:\/\/schema.org","@graph":[{"@type":"WebPage","@id":"https:\/\/business.roovi.com\/de\/1000-teile-adult-puzzle-day-landscapes-rothenburg-deutschland\/p\/","url":"https:\/\/business.roovi.com\/de\/1000-teile-adult-puzzle-day-landscapes-rothenburg-deutschland\/p\/","name":"1000 Teile Adult Puzzle Day Landscapes - Rothenburg, Deutschland","isPartOf":{"@id":"https:\/\/business.roovi.com\/de\/#website"},"datePublished":"2018-09-05T15:17:45+00:00","dateModified":"2022-07-06T14:39:12+00:00","description":"1000 Teile Adult Puzzle Day Landscapes - Rothenburg, Deutschland","breadcrumb":{"@id":"https:\/\/business.roovi.com\/de\/1000-teile-adult-puzzle-day-landscapes-rothenburg-deutschland\/p\/#breadcrumb"},"inLanguage":"de","potentialAction":[{"@type":"ReadAction","target":["https:\/\/business.roovi.com\/de\/1000-teile-adult-puzzle-day-landscapes-rothenburg-deutschland\/p\/"]}]},{"@type":"BreadcrumbList","@id":"https:\/\/business.roovi.com\/de\/1000-teile-adult-puzzle-day-landscapes-rothenburg-deutschland\/p\/#breadcrumb","itemListElement":[{"@type":"ListItem","position":1,"name":"Home","item":"https:\/\/business.roovi.com\/de\/"},{"@type":"ListItem","position":2,"name":"Shop","item":"https:\/\/business.roovi.com\/de\/shop\/"},{"@type":"ListItem","position":3,"name":"1000 Teile Adult Puzzle Day Landscapes &#8211; Rothenburg, Deutschland"}]},{"@type":"WebSite","@id":"https:\/\/business.roovi.com\/de\/#website","url":"https:\/\/business.roovi.com\/de\/","name":"Roovi B2B","description":"Roovi Business Website","potentialAction":[{"@type":"SearchAction","target":{"@type":"EntryPoint","urlTemplate":"https:\/\/business.roovi.com\/de\/?s={search_term_string}"},"query-input":"required name=search_term_string"}],"inLanguage":"de"}]}},"_links":{"self":[{"href":"https:\/\/business.roovi.com\/de\/wp-json\/wp\/v2\/product\/40214","targetHints":{"allow":["GET"]}}],"collection":[{"href":"https:\/\/business.roovi.com\/de\/wp-json\/wp\/v2\/product"}],"about":[{"href":"https:\/\/business.roovi.com\/de\/wp-json\/wp\/v2\/types\/product"}],"version-history":[{"count":0,"href":"https:\/\/business.roovi.com\/de\/wp-json\/wp\/v2\/product\/40214\/revisions"}],"wp:featuredmedia":[{"embeddable":true,"href":"https:\/\/business.roovi.com\/de\/wp-json\/wp\/v2\/media\/36600"}],"wp:attachment":[{"href":"https:\/\/business.roovi.com\/de\/wp-json\/wp\/v2\/media?parent=40214"}],"wp:term":[{"taxonomy":"product_brand","embeddable":true,"href":"https:\/\/business.roovi.com\/de\/wp-json\/wp\/v2\/product_brand?post=40214"},{"taxonomy":"product_cat","embeddable":true,"href":"https:\/\/business.roovi.com\/de\/wp-json\/wp\/v2\/product_cat?post=40214"},{"taxonomy":"product_tag","embeddable":true,"href":"https:\/\/business.roovi.com\/de\/wp-json\/wp\/v2\/product_tag?post=40214"}],"curies":[{"name":"wp","href":"https:\/\/api.w.org\/{rel}","templated":true}]}}