{"id":40218,"date":"2018-09-05T15:16:50","date_gmt":"2018-09-05T15:16:50","guid":{"rendered":"https:\/\/business.roovi.com\/puzzle-adulti-1000-piese-peisaje-de-zi-marseille-franta\/p\/"},"modified":"2022-07-06T14:39:20","modified_gmt":"2022-07-06T14:39:20","slug":"1000-teile-erwachsenenpuzzle-landschaften-bei-tag-marseille-frankreich","status":"publish","type":"product","link":"https:\/\/business.roovi.com\/de\/1000-teile-erwachsenenpuzzle-landschaften-bei-tag-marseille-frankreich\/p\/","title":{"rendered":"1000 Teile Erwachsenenpuzzle Landschaften bei Tag &#8211; Marseille, Frankreich"},"content":{"rendered":"<p><strong><em>Erlebe einen tiefen Entspannungszustand, indem du eines der Puzzlespiele aus der Adult Puzzle Collection Landscapes of Day abschlie\u00dft. Rahme das Bild ein und schaue dir eine bezaubernde Landschaft an einem Urlaubsort an.<\/em><\/strong><\/p>\n<p><span style=\"font-weight: 400\">Marseille ist eine der kultigsten Attraktionen Frankreichs. Sie ist die zweitgr\u00f6\u00dfte Stadt des Landes und die drittgr\u00f6\u00dfte franz\u00f6sische Metropole nach Paris und Lyon <\/span><\/p>\n<p><span style=\"font-weight: 400\">Das Bild im 1000-Teile-Puzzle Marseille, Frankreich, zeigt eine Landschaft des Hafens der Stadt, einem der gr\u00f6\u00dften im Mittelmeerraum, einem wichtigen Handelsknotenpunkt, der ma\u00dfgeblich zur wirtschaftlichen Entwicklung der Region beitr\u00e4gt.<\/span><\/p>\n<p><span style=\"font-weight: 400\">Die bl\u00fchende maritime Wirtschaft, die bis in die Antike zur\u00fcckreicht, macht Marseille zu einer kosmopolitischen Stadt, in der sich Elemente aus verschiedenen Regionen und Kulturen der Welt \u00fcberschneiden: dem Nahen Osten, Afrika, Asien, S\u00fcdeuropa <\/span><\/p>\n<p><span style=\"font-weight: 400\">Das 1000-teilige Marseille-Puzzle hilft dir, dich nach hektischen Arbeitsstunden zu entspannen und l\u00e4dt dich dazu ein, die Geschichte und die Entwicklungsstufen einer faszinierenden Stadt zu entdecken. Die 1000 Teile dieses Puzzles f\u00fcr Erwachsene sind pr\u00e4zise geschnitten und passen perfekt zusammen. So erh\u00e4ltst du ein klares Bild, das jeder tristen Stelle in deiner Wohnung Pers\u00f6nlichkeit verleiht.<\/span><\/p>\n<p><strong>Warum solltest du dich f\u00fcr ein 1000-Teile-Puzzle aus der Daytime Landscapes-Kollektion f\u00fcr Erwachsene entscheiden?<\/strong><\/p>\n<p><span style=\"font-weight: 400\">Es ist eine entspannte Art, ein ikonisches europ\u00e4isches Wahrzeichen zu entdecken.<\/span><\/p>\n<p><span style=\"font-weight: 400\">Du gestaltest mit deinen eigenen H\u00e4nden ein faszinierendes 68 x 47 cm gro\u00dfes Bild, das ein unwiderstehliches Dekorationsst\u00fcck sein wird.<\/span><\/p>\n<p><span style=\"font-weight: 400\">Es hilft dir, deine Koordination und Konzentration lange aufrechtzuerhalten <\/span><\/p>\n<p><span style=\"font-weight: 400\">Es hilft, deine Stimmung zu verbessern und gibt dir die Befriedigung, ein bestimmtes Ziel zu erreichen.<\/span><\/p>\n<p><span style=\"font-weight: 400\">Die Teile des 1000er Puzzles sind aus hochwertigem Karton gefertigt, der eine lange Lebensdauer garantiert.<\/span><\/p>\n<p><span style=\"font-weight: 400\">Es ist umweltfreundlich, da es aus nachhaltigen und recycelbaren Materialien hergestellt wird.<\/span><\/p>\n<p><span style=\"font-weight: 400\">Es hat eine halbgl\u00e4nzende Oberfl\u00e4che und angenehme Farben, die die Klarheit des Bildes unterstreichen.<\/span><\/p>\n<p><span style=\"font-weight: 400\">Es ist f\u00fcr Menschen ab 14 Jahren geeignet, so dass du die Kreativit\u00e4t von Teenagern mit einem tollen Puzzlespiel herausfordern kannst.<\/span><\/p>\n<p><strong>Wusstest du schon&#8230;?<\/strong><\/p>\n<p><span style=\"font-weight: 400\">Marseille wurde um 600 v. Chr. gegr\u00fcndet und ist die \u00e4lteste Stadt Frankreichs und eine der \u00e4ltesten st\u00e4dtischen Siedlungen Europas.<\/span><\/p>\n<p><span style=\"font-weight: 400\">Marseille hat auch eine beeindruckende Geschichte der Seifenherstellung, die ber\u00fchmte <\/span><em><span style=\"font-weight: 400\">savon de Marseille<\/span><\/em><span style=\"font-weight: 400\"> die bis ins Mittelalter zur\u00fcckreicht.<\/span><\/p>\n<p><span style=\"font-weight: 400\">K\u00f6nig Ludwig XIV. verbot die Verwendung von tierischem Fett in Seifenrezepten und legte 1688 strenge Produktionsstandards fest.<\/span><\/p>\n<p><span style=\"font-weight: 400\">Eine kleine Stadt in Illinois, USA, tr\u00e4gt immer noch den Namen <\/span><em><span style=\"font-weight: 400\">Marseille<\/span><\/em><span style=\"font-weight: 400\">.<\/span><\/p>\n<p><span style=\"font-weight: 400\">Marseille ist die sonnigste Stadt Frankreichs mit 2900 Sonnenstunden im Jahr, w\u00e4hrend die durchschnittliche Anzahl der Sonnenstunden in Frankreich bei 1950 liegt.<\/span><\/p>\n<p><strong>Marseille 1000 Teile Puzzle &#8211; ein exzellentes Gehirnjogging <\/strong><\/p>\n<p><span style=\"font-weight: 400\">Puzzlespiele sprechen beide Gehirnh\u00e4lften an. Das schult sowohl die Kreativit\u00e4t und das intuitive Denken als auch das logische Denken. Nutze ein komplexes mentales Training, das hilft, das Ged\u00e4chtnis zu verbessern und dein Gehirn vor Krankheiten wie Alzheimer oder Demenz zu sch\u00fctzen.<\/span><\/p>\n<p><span style=\"font-weight: 400\">Au\u00dferdem gibt dir das 1000-teilige Puzzle die M\u00f6glichkeit, einen Zustand tiefer Entspannung zu erleben. Mit jedem vervollst\u00e4ndigten Bild des 1000-teiligen Puzzles wirst du optimistischer und vertraust auf deine eigenen St\u00e4rken.<\/span><\/p>\n<p><span style=\"font-weight: 400\">Das 1000-teilige Puzzle Marseille, Frankreich aus der Kollektion Landscapes by Day f\u00fcr Erwachsene ist die perfekte Wahl f\u00fcr Zeiten, in denen du vom Alltag abschalten m\u00f6chtest, f\u00fcr lustige Abende mit der Familie oder Freunden oder f\u00fcr Anl\u00e4sse, bei denen du ein besonderes Geschenk machen m\u00f6chtest.<\/span><\/p><\/p>\n","protected":false},"excerpt":{"rendered":"<p>Erlebe einen tiefen Entspannungszustand, indem du eines der Puzzlespiele aus der Adult Puzzle Collection Landscapes of Day abschlie\u00dft. Rahme das<\/p>\n","protected":false},"featured_media":36586,"template":"","meta":[],"product_brand":[],"product_cat":[1916,1875,1915],"product_tag":[],"class_list":{"0":"post-40218","1":"product","2":"type-product","3":"status-publish","4":"has-post-thumbnail","6":"product_cat-1000-teile-puzzle","7":"product_cat-puzzle-de","8":"product_cat-puzzlespiele-fur-erwachsene","9":"pa_brand-d_toys-de","10":"pa_country_of_manufacture-ro-de","11":"pa_filter_age-14-de","12":"pa_painter-landscapes-de","13":"pa_tip_ambalaj-kasten-a4-de","14":"pa_tip_puzzle-klassisch","16":"first","17":"instock","18":"taxable","19":"shipping-taxable","20":"product-type-simple"},"yoast_head":"<!-- This site is optimized with the Yoast SEO plugin v20.1 - https:\/\/yoast.com\/wordpress\/plugins\/seo\/ -->\n<title>1000 Teile Erwachsenenpuzzle Landschaften bei Tag - Marseille, Frankreich<\/title>\n<meta name=\"description\" content=\"1000 Teile Erwachsenenpuzzle Landschaften bei Tag - Marseille, Frankreich\" \/>\n<meta name=\"robots\" content=\"index, follow, max-snippet:-1, max-image-preview:large, max-video-preview:-1\" \/>\n<link rel=\"canonical\" href=\"https:\/\/business.roovi.com\/de\/1000-teile-erwachsenenpuzzle-landschaften-bei-tag-marseille-frankreich\/p\/\" \/>\n<meta property=\"og:locale\" content=\"de_DE\" \/>\n<meta property=\"og:type\" content=\"article\" \/>\n<meta property=\"og:title\" content=\"1000 Teile Erwachsenenpuzzle Landschaften bei Tag - Marseille, Frankreich\" \/>\n<meta property=\"og:description\" content=\"1000 Teile Erwachsenenpuzzle Landschaften bei Tag - Marseille, Frankreich\" \/>\n<meta property=\"og:url\" content=\"https:\/\/business.roovi.com\/de\/1000-teile-erwachsenenpuzzle-landschaften-bei-tag-marseille-frankreich\/p\/\" \/>\n<meta property=\"og:site_name\" content=\"Roovi B2B\" \/>\n<meta property=\"article:publisher\" content=\"https:\/\/www.facebook.com\/wwwjucariero\" \/>\n<meta property=\"article:modified_time\" content=\"2022-07-06T14:39:20+00:00\" \/>\n<meta property=\"og:image\" content=\"https:\/\/business.roovi.com\/wp-content\/uploads\/2018\/09\/62154-16_ansamblu_dimensiuni_cutie_cm_orizontal.png\" \/>\n\t<meta property=\"og:image:width\" content=\"2000\" \/>\n\t<meta property=\"og:image:height\" content=\"2000\" \/>\n\t<meta property=\"og:image:type\" content=\"image\/png\" \/>\n<meta name=\"twitter:label1\" content=\"Gesch\u00e4tzte Lesezeit\" \/>\n\t<meta name=\"twitter:data1\" content=\"3\u00a0Minuten\" \/>\n<script type=\"application\/ld+json\" class=\"yoast-schema-graph\">{\"@context\":\"https:\/\/schema.org\",\"@graph\":[{\"@type\":\"WebPage\",\"@id\":\"https:\/\/business.roovi.com\/de\/1000-teile-erwachsenenpuzzle-landschaften-bei-tag-marseille-frankreich\/p\/\",\"url\":\"https:\/\/business.roovi.com\/de\/1000-teile-erwachsenenpuzzle-landschaften-bei-tag-marseille-frankreich\/p\/\",\"name\":\"1000 Teile Erwachsenenpuzzle Landschaften bei Tag - Marseille, Frankreich\",\"isPartOf\":{\"@id\":\"https:\/\/business.roovi.com\/de\/#website\"},\"datePublished\":\"2018-09-05T15:16:50+00:00\",\"dateModified\":\"2022-07-06T14:39:20+00:00\",\"description\":\"1000 Teile Erwachsenenpuzzle Landschaften bei Tag - Marseille, Frankreich\",\"breadcrumb\":{\"@id\":\"https:\/\/business.roovi.com\/de\/1000-teile-erwachsenenpuzzle-landschaften-bei-tag-marseille-frankreich\/p\/#breadcrumb\"},\"inLanguage\":\"de\",\"potentialAction\":[{\"@type\":\"ReadAction\",\"target\":[\"https:\/\/business.roovi.com\/de\/1000-teile-erwachsenenpuzzle-landschaften-bei-tag-marseille-frankreich\/p\/\"]}]},{\"@type\":\"BreadcrumbList\",\"@id\":\"https:\/\/business.roovi.com\/de\/1000-teile-erwachsenenpuzzle-landschaften-bei-tag-marseille-frankreich\/p\/#breadcrumb\",\"itemListElement\":[{\"@type\":\"ListItem\",\"position\":1,\"name\":\"Home\",\"item\":\"https:\/\/business.roovi.com\/de\/\"},{\"@type\":\"ListItem\",\"position\":2,\"name\":\"Shop\",\"item\":\"https:\/\/business.roovi.com\/de\/shop\/\"},{\"@type\":\"ListItem\",\"position\":3,\"name\":\"1000 Teile Erwachsenenpuzzle Landschaften bei Tag &#8211; Marseille, Frankreich\"}]},{\"@type\":\"WebSite\",\"@id\":\"https:\/\/business.roovi.com\/de\/#website\",\"url\":\"https:\/\/business.roovi.com\/de\/\",\"name\":\"Roovi B2B\",\"description\":\"Roovi Business Website\",\"potentialAction\":[{\"@type\":\"SearchAction\",\"target\":{\"@type\":\"EntryPoint\",\"urlTemplate\":\"https:\/\/business.roovi.com\/de\/?s={search_term_string}\"},\"query-input\":\"required name=search_term_string\"}],\"inLanguage\":\"de\"}]}<\/script>\n<!-- \/ Yoast SEO plugin. -->","yoast_head_json":{"title":"1000 Teile Erwachsenenpuzzle Landschaften bei Tag - Marseille, Frankreich","description":"1000 Teile Erwachsenenpuzzle Landschaften bei Tag - Marseille, Frankreich","robots":{"index":"index","follow":"follow","max-snippet":"max-snippet:-1","max-image-preview":"max-image-preview:large","max-video-preview":"max-video-preview:-1"},"canonical":"https:\/\/business.roovi.com\/de\/1000-teile-erwachsenenpuzzle-landschaften-bei-tag-marseille-frankreich\/p\/","og_locale":"de_DE","og_type":"article","og_title":"1000 Teile Erwachsenenpuzzle Landschaften bei Tag - Marseille, Frankreich","og_description":"1000 Teile Erwachsenenpuzzle Landschaften bei Tag - Marseille, Frankreich","og_url":"https:\/\/business.roovi.com\/de\/1000-teile-erwachsenenpuzzle-landschaften-bei-tag-marseille-frankreich\/p\/","og_site_name":"Roovi B2B","article_publisher":"https:\/\/www.facebook.com\/wwwjucariero","article_modified_time":"2022-07-06T14:39:20+00:00","og_image":[{"width":2000,"height":2000,"url":"https:\/\/business.roovi.com\/wp-content\/uploads\/2018\/09\/62154-16_ansamblu_dimensiuni_cutie_cm_orizontal.png","type":"image\/png"}],"twitter_misc":{"Gesch\u00e4tzte Lesezeit":"3\u00a0Minuten"},"schema":{"@context":"https:\/\/schema.org","@graph":[{"@type":"WebPage","@id":"https:\/\/business.roovi.com\/de\/1000-teile-erwachsenenpuzzle-landschaften-bei-tag-marseille-frankreich\/p\/","url":"https:\/\/business.roovi.com\/de\/1000-teile-erwachsenenpuzzle-landschaften-bei-tag-marseille-frankreich\/p\/","name":"1000 Teile Erwachsenenpuzzle Landschaften bei Tag - Marseille, Frankreich","isPartOf":{"@id":"https:\/\/business.roovi.com\/de\/#website"},"datePublished":"2018-09-05T15:16:50+00:00","dateModified":"2022-07-06T14:39:20+00:00","description":"1000 Teile Erwachsenenpuzzle Landschaften bei Tag - Marseille, Frankreich","breadcrumb":{"@id":"https:\/\/business.roovi.com\/de\/1000-teile-erwachsenenpuzzle-landschaften-bei-tag-marseille-frankreich\/p\/#breadcrumb"},"inLanguage":"de","potentialAction":[{"@type":"ReadAction","target":["https:\/\/business.roovi.com\/de\/1000-teile-erwachsenenpuzzle-landschaften-bei-tag-marseille-frankreich\/p\/"]}]},{"@type":"BreadcrumbList","@id":"https:\/\/business.roovi.com\/de\/1000-teile-erwachsenenpuzzle-landschaften-bei-tag-marseille-frankreich\/p\/#breadcrumb","itemListElement":[{"@type":"ListItem","position":1,"name":"Home","item":"https:\/\/business.roovi.com\/de\/"},{"@type":"ListItem","position":2,"name":"Shop","item":"https:\/\/business.roovi.com\/de\/shop\/"},{"@type":"ListItem","position":3,"name":"1000 Teile Erwachsenenpuzzle Landschaften bei Tag &#8211; Marseille, Frankreich"}]},{"@type":"WebSite","@id":"https:\/\/business.roovi.com\/de\/#website","url":"https:\/\/business.roovi.com\/de\/","name":"Roovi B2B","description":"Roovi Business Website","potentialAction":[{"@type":"SearchAction","target":{"@type":"EntryPoint","urlTemplate":"https:\/\/business.roovi.com\/de\/?s={search_term_string}"},"query-input":"required name=search_term_string"}],"inLanguage":"de"}]}},"_links":{"self":[{"href":"https:\/\/business.roovi.com\/de\/wp-json\/wp\/v2\/product\/40218","targetHints":{"allow":["GET"]}}],"collection":[{"href":"https:\/\/business.roovi.com\/de\/wp-json\/wp\/v2\/product"}],"about":[{"href":"https:\/\/business.roovi.com\/de\/wp-json\/wp\/v2\/types\/product"}],"version-history":[{"count":0,"href":"https:\/\/business.roovi.com\/de\/wp-json\/wp\/v2\/product\/40218\/revisions"}],"wp:featuredmedia":[{"embeddable":true,"href":"https:\/\/business.roovi.com\/de\/wp-json\/wp\/v2\/media\/36586"}],"wp:attachment":[{"href":"https:\/\/business.roovi.com\/de\/wp-json\/wp\/v2\/media?parent=40218"}],"wp:term":[{"taxonomy":"product_brand","embeddable":true,"href":"https:\/\/business.roovi.com\/de\/wp-json\/wp\/v2\/product_brand?post=40218"},{"taxonomy":"product_cat","embeddable":true,"href":"https:\/\/business.roovi.com\/de\/wp-json\/wp\/v2\/product_cat?post=40218"},{"taxonomy":"product_tag","embeddable":true,"href":"https:\/\/business.roovi.com\/de\/wp-json\/wp\/v2\/product_tag?post=40218"}],"curies":[{"name":"wp","href":"https:\/\/api.w.org\/{rel}","templated":true}]}}