{"id":40222,"date":"2018-09-05T11:45:27","date_gmt":"2018-09-05T11:45:27","guid":{"rendered":"https:\/\/business.roovi.com\/puzzle-adulti-1000-piese-vintage-collage-flowers-flori\/p\/"},"modified":"2022-07-06T14:39:28","modified_gmt":"2022-07-06T14:39:28","slug":"adult-1000-pieces-vintage-collage-puzzle-blumen","status":"publish","type":"product","link":"https:\/\/business.roovi.com\/de\/adult-1000-pieces-vintage-collage-puzzle-blumen\/p\/","title":{"rendered":"Adult 1000 pieces Vintage Collage Puzzle &#8211; Blumen"},"content":{"rendered":"<p><span style=\"font-weight: 400\">Suchst du nach einer M\u00f6glichkeit, vom Alltag abzuschalten? Entdecke die Vintage Collage Puzzle-Kollektion, w\u00e4hle Puzzlespiele mit wundersch\u00f6nen Vintage-Kunstillustrationen aus und schenke deiner Freizeit einen Wert.<\/span><\/p>\n<p><span style=\"font-weight: 400\">Wenn du bunte Details in Puzzlespielen liebst und gerne wie ein echter Detektiv zwischen hunderten von Puzzleteilen in \u00e4hnlichen Farben suchst, um sie an die richtige Stelle zu legen, dann ist das 1000 Teile Blumenpuzzle genau das Richtige f\u00fcr dich.<\/span><\/p>\n<p><span style=\"font-weight: 400\">Finde eine Sammlung von Vintage-Mini-Abbildungen von Dutzenden von Blumen und ihren Namen in einem wundersch\u00f6n gestalteten Puzzle f\u00fcr Erwachsene mit Teilen von tadelloser Qualit\u00e4t, die perfekt zusammenpassen, um ein sammelw\u00fcrdiges Vintage-Bild zu bilden.<\/span><\/p>\n<p><span style=\"font-weight: 400\">Setz dich bequem vor deinen Wohnzimmertisch, lege die Puzzleteile darauf und lass dich von der Lebendigkeit der Farben und der Harmonie umh\u00fcllen. Das fertige Bild wird deine Augen erfreuen und jedem tristen Ort, an dem du es ausstellst, ein frisches, helles Aussehen verleihen.<\/span><\/p>\n<p><span style=\"font-weight: 400\">Eigenschaften Vintage Collage 1000 Teile Puzzle &#8211; Blumen:<\/span><\/p>\n<p><strong>Gr\u00f6\u00dfe des rekonstruierten Bildes: 50 x 70 cm.<\/strong><\/p>\n<p><strong>Puzzle-Material <\/strong><\/p>\n<p><strong>hochwertiger blauer Karton<\/strong><\/p>\n<p><strong>nachhaltige, recycelbare Materialien<\/strong><\/p>\n<p><strong>halbgl\u00e4nzende Oberfl\u00e4che, leuchtende Farben<\/strong><\/p>\n<p><strong>Anzahl der Puzzleteile: 1000<\/strong><\/p>\n<p><strong>Empfohlenes Alter: 14+<\/strong><\/p>\n<p><strong>Warum ist das 1000-teilige Puzzle Vintage Collage &#8211; Flowers \/ Flori so besonders?<\/strong><\/p>\n<p><span style=\"font-weight: 400\">Es ist eine Gelegenheit, den allt\u00e4glichen Problemen zu entkommen.<\/span><\/p>\n<p><span style=\"font-weight: 400\">Vertreibe die Monotonie und Langeweile an tr\u00fcben Tagen oder in Momenten, in denen du nichts zu tun hast.<\/span><\/p>\n<p><span style=\"font-weight: 400\">Es hilft dir, dich l\u00e4nger auf eine bestimmte Aufgabe zu konzentrieren.<\/span><\/p>\n<p><span style=\"font-weight: 400\">Sie schenkt dir wertvolle Momente der N\u00e4he zu deinen Lieben, wenn du dich daf\u00fcr entscheidest, dein Bild mit ihnen wieder aufzubauen.<\/span><\/p>\n<p><span style=\"font-weight: 400\">Du erh\u00e4ltst ein wundersch\u00f6nes, farbenfrohes Gem\u00e4lde im Vintage-Stil, das du als Deko-Objekt verwenden kannst.<\/span><\/p>\n<p><strong>5 Kuriosit\u00e4ten \u00fcber einige Blumen, die in der 1000 Teile Vintage-Collage-Puzzle Illustration erscheinen<\/strong><\/p>\n<p><span style=\"font-weight: 400\">Nelken geh\u00f6ren zu den \u00e4ltesten kultivierten Blumen der Welt.<\/span><\/p>\n<p><span style=\"font-weight: 400\">Die aztekischen Herrscher zogen mit einer Dahlienbl\u00fcte auf der Brust in den Krieg.<\/span><\/p>\n<p><span style=\"font-weight: 400\">Hibiskustee enth\u00e4lt mehr Antioxidantien als gr\u00fcner Tee.<\/span><\/p>\n<p><span style=\"font-weight: 400\">Die alten \u00c4gypter setzten Mohn als Schmerzmittel ein, um den Schmerz der Leidenden zu lindern.<\/span><\/p>\n<p><span style=\"font-weight: 400\">Im Jahr 2012 erreichten Sonnenblumen&#8230; Raum. Ein paar Samen der Pflanze wurden von einem NASA-Astronauten dorthin gebracht.<\/span><\/p>\n<p><strong>1000 Teile Vintage Collage Puzzle &#8211; Blumen\/Flori pour joie, en famille<\/strong><\/p>\n<p><span style=\"font-weight: 400\">Du h\u00f6rst Kinder immer sagen <\/span><em><span style=\"font-weight: 400\">ich bin gelangweilt <\/span><\/em><span style=\"font-weight: 400\">wenn sie nicht mit einem mobilen Ger\u00e4t verbunden sind? Fordere ihren Verstand und ihre F\u00e4higkeiten mit dem 1000-teiligen Vintage-Collage-Puzzle &#8211; Blumen heraus und unterbreche die Monotonie der Momente, in denen keiner von euch etwas zu tun hat <\/span><\/p>\n<p><span style=\"font-weight: 400\">Teile das Bild so auf, dass jedes Mitglied eine bestimmte Anzahl von Blumen bildet. Wenn die Illustrationen fertig sind, kannst du Informationen \u00fcber die Blumen nachschlagen und ihre Symbolik in verschiedenen Kulturen auf der ganzen Welt entdecken. Verwandle deine freie Zeit in sinnvolle und freudige Momente. Au\u00dferdem ist es eine gute Gelegenheit, Teenager an alte Kunst heranzuf\u00fchren.<\/span><\/p>\n<p><span style=\"font-weight: 400\">Egal, ob du dieses tolle Vintage-Puzzle f\u00fcr dich selbst zusammensetzt oder diese Aktivit\u00e4t zu einer geselligen Runde mit deinen Lieben machst, das 1000 Teile Vintage Collection Flower Puzzle gibt dir die M\u00f6glichkeit, ein Vintage-Sammelgem\u00e4lde zu bauen.<\/span><\/p>\n<p><span style=\"font-weight: 400\">Auch das 1000-teilige Vintage College Puzzle &#8211; Blumen\/Blumen ist die ideale Geschenkoption f\u00fcr Feiertage oder Jubil\u00e4en.<\/span><\/p><\/p>\n","protected":false},"excerpt":{"rendered":"<p>Suchst du nach einer M\u00f6glichkeit, vom Alltag abzuschalten? Entdecke die Vintage Collage Puzzle-Kollektion, w\u00e4hle Puzzlespiele mit wundersch\u00f6nen Vintage-Kunstillustrationen aus und<\/p>\n","protected":false},"featured_media":36572,"template":"","meta":[],"product_brand":[],"product_cat":[1916,1875,1915],"product_tag":[],"class_list":{"0":"post-40222","1":"product","2":"type-product","3":"status-publish","4":"has-post-thumbnail","6":"product_cat-1000-teile-puzzle","7":"product_cat-puzzle-de","8":"product_cat-puzzlespiele-fur-erwachsene","9":"pa_brand-d_toys-de","10":"pa_country_of_manufacture-ro-de","11":"pa_filter_age-14-de","12":"pa_painter-vintage-collage","13":"pa_tip_ambalaj-kasten-a4-de","14":"pa_tip_puzzle-klassisch","16":"first","17":"instock","18":"taxable","19":"shipping-taxable","20":"product-type-simple"},"yoast_head":"<!-- This site is optimized with the Yoast SEO plugin v20.1 - https:\/\/yoast.com\/wordpress\/plugins\/seo\/ -->\n<title>Adult 1000 pieces Vintage Collage Puzzle - Blumen<\/title>\n<meta name=\"description\" content=\"Adult 1000 pieces Vintage Collage Puzzle - Blumen\" \/>\n<meta name=\"robots\" content=\"index, follow, max-snippet:-1, max-image-preview:large, max-video-preview:-1\" \/>\n<link rel=\"canonical\" href=\"https:\/\/business.roovi.com\/de\/adult-1000-pieces-vintage-collage-puzzle-blumen\/p\/\" \/>\n<meta property=\"og:locale\" content=\"de_DE\" \/>\n<meta property=\"og:type\" content=\"article\" \/>\n<meta property=\"og:title\" content=\"Adult 1000 pieces Vintage Collage Puzzle - Blumen\" \/>\n<meta property=\"og:description\" content=\"Adult 1000 pieces Vintage Collage Puzzle - Blumen\" \/>\n<meta property=\"og:url\" content=\"https:\/\/business.roovi.com\/de\/adult-1000-pieces-vintage-collage-puzzle-blumen\/p\/\" \/>\n<meta property=\"og:site_name\" content=\"Roovi B2B\" \/>\n<meta property=\"article:publisher\" content=\"https:\/\/www.facebook.com\/wwwjucariero\" \/>\n<meta property=\"article:modified_time\" content=\"2022-07-06T14:39:28+00:00\" \/>\n<meta property=\"og:image\" content=\"https:\/\/business.roovi.com\/wp-content\/uploads\/2018\/09\/74362-03_ansamblu_dimensiuni_cutie_cm_orizontal_1200x1200.png\" \/>\n\t<meta property=\"og:image:width\" content=\"1200\" \/>\n\t<meta property=\"og:image:height\" content=\"1200\" \/>\n\t<meta property=\"og:image:type\" content=\"image\/png\" \/>\n<meta name=\"twitter:label1\" content=\"Gesch\u00e4tzte Lesezeit\" \/>\n\t<meta name=\"twitter:data1\" content=\"3\u00a0Minuten\" \/>\n<script type=\"application\/ld+json\" class=\"yoast-schema-graph\">{\"@context\":\"https:\/\/schema.org\",\"@graph\":[{\"@type\":\"WebPage\",\"@id\":\"https:\/\/business.roovi.com\/de\/adult-1000-pieces-vintage-collage-puzzle-blumen\/p\/\",\"url\":\"https:\/\/business.roovi.com\/de\/adult-1000-pieces-vintage-collage-puzzle-blumen\/p\/\",\"name\":\"Adult 1000 pieces Vintage Collage Puzzle - Blumen\",\"isPartOf\":{\"@id\":\"https:\/\/business.roovi.com\/de\/#website\"},\"datePublished\":\"2018-09-05T11:45:27+00:00\",\"dateModified\":\"2022-07-06T14:39:28+00:00\",\"description\":\"Adult 1000 pieces Vintage Collage Puzzle - Blumen\",\"breadcrumb\":{\"@id\":\"https:\/\/business.roovi.com\/de\/adult-1000-pieces-vintage-collage-puzzle-blumen\/p\/#breadcrumb\"},\"inLanguage\":\"de\",\"potentialAction\":[{\"@type\":\"ReadAction\",\"target\":[\"https:\/\/business.roovi.com\/de\/adult-1000-pieces-vintage-collage-puzzle-blumen\/p\/\"]}]},{\"@type\":\"BreadcrumbList\",\"@id\":\"https:\/\/business.roovi.com\/de\/adult-1000-pieces-vintage-collage-puzzle-blumen\/p\/#breadcrumb\",\"itemListElement\":[{\"@type\":\"ListItem\",\"position\":1,\"name\":\"Home\",\"item\":\"https:\/\/business.roovi.com\/de\/\"},{\"@type\":\"ListItem\",\"position\":2,\"name\":\"Shop\",\"item\":\"https:\/\/business.roovi.com\/de\/shop\/\"},{\"@type\":\"ListItem\",\"position\":3,\"name\":\"Adult 1000 pieces Vintage Collage Puzzle &#8211; Blumen\"}]},{\"@type\":\"WebSite\",\"@id\":\"https:\/\/business.roovi.com\/de\/#website\",\"url\":\"https:\/\/business.roovi.com\/de\/\",\"name\":\"Roovi B2B\",\"description\":\"Roovi Business Website\",\"potentialAction\":[{\"@type\":\"SearchAction\",\"target\":{\"@type\":\"EntryPoint\",\"urlTemplate\":\"https:\/\/business.roovi.com\/de\/?s={search_term_string}\"},\"query-input\":\"required name=search_term_string\"}],\"inLanguage\":\"de\"}]}<\/script>\n<!-- \/ Yoast SEO plugin. -->","yoast_head_json":{"title":"Adult 1000 pieces Vintage Collage Puzzle - Blumen","description":"Adult 1000 pieces Vintage Collage Puzzle - Blumen","robots":{"index":"index","follow":"follow","max-snippet":"max-snippet:-1","max-image-preview":"max-image-preview:large","max-video-preview":"max-video-preview:-1"},"canonical":"https:\/\/business.roovi.com\/de\/adult-1000-pieces-vintage-collage-puzzle-blumen\/p\/","og_locale":"de_DE","og_type":"article","og_title":"Adult 1000 pieces Vintage Collage Puzzle - Blumen","og_description":"Adult 1000 pieces Vintage Collage Puzzle - Blumen","og_url":"https:\/\/business.roovi.com\/de\/adult-1000-pieces-vintage-collage-puzzle-blumen\/p\/","og_site_name":"Roovi B2B","article_publisher":"https:\/\/www.facebook.com\/wwwjucariero","article_modified_time":"2022-07-06T14:39:28+00:00","og_image":[{"width":1200,"height":1200,"url":"https:\/\/business.roovi.com\/wp-content\/uploads\/2018\/09\/74362-03_ansamblu_dimensiuni_cutie_cm_orizontal_1200x1200.png","type":"image\/png"}],"twitter_misc":{"Gesch\u00e4tzte Lesezeit":"3\u00a0Minuten"},"schema":{"@context":"https:\/\/schema.org","@graph":[{"@type":"WebPage","@id":"https:\/\/business.roovi.com\/de\/adult-1000-pieces-vintage-collage-puzzle-blumen\/p\/","url":"https:\/\/business.roovi.com\/de\/adult-1000-pieces-vintage-collage-puzzle-blumen\/p\/","name":"Adult 1000 pieces Vintage Collage Puzzle - Blumen","isPartOf":{"@id":"https:\/\/business.roovi.com\/de\/#website"},"datePublished":"2018-09-05T11:45:27+00:00","dateModified":"2022-07-06T14:39:28+00:00","description":"Adult 1000 pieces Vintage Collage Puzzle - Blumen","breadcrumb":{"@id":"https:\/\/business.roovi.com\/de\/adult-1000-pieces-vintage-collage-puzzle-blumen\/p\/#breadcrumb"},"inLanguage":"de","potentialAction":[{"@type":"ReadAction","target":["https:\/\/business.roovi.com\/de\/adult-1000-pieces-vintage-collage-puzzle-blumen\/p\/"]}]},{"@type":"BreadcrumbList","@id":"https:\/\/business.roovi.com\/de\/adult-1000-pieces-vintage-collage-puzzle-blumen\/p\/#breadcrumb","itemListElement":[{"@type":"ListItem","position":1,"name":"Home","item":"https:\/\/business.roovi.com\/de\/"},{"@type":"ListItem","position":2,"name":"Shop","item":"https:\/\/business.roovi.com\/de\/shop\/"},{"@type":"ListItem","position":3,"name":"Adult 1000 pieces Vintage Collage Puzzle &#8211; Blumen"}]},{"@type":"WebSite","@id":"https:\/\/business.roovi.com\/de\/#website","url":"https:\/\/business.roovi.com\/de\/","name":"Roovi B2B","description":"Roovi Business Website","potentialAction":[{"@type":"SearchAction","target":{"@type":"EntryPoint","urlTemplate":"https:\/\/business.roovi.com\/de\/?s={search_term_string}"},"query-input":"required name=search_term_string"}],"inLanguage":"de"}]}},"_links":{"self":[{"href":"https:\/\/business.roovi.com\/de\/wp-json\/wp\/v2\/product\/40222","targetHints":{"allow":["GET"]}}],"collection":[{"href":"https:\/\/business.roovi.com\/de\/wp-json\/wp\/v2\/product"}],"about":[{"href":"https:\/\/business.roovi.com\/de\/wp-json\/wp\/v2\/types\/product"}],"version-history":[{"count":0,"href":"https:\/\/business.roovi.com\/de\/wp-json\/wp\/v2\/product\/40222\/revisions"}],"wp:featuredmedia":[{"embeddable":true,"href":"https:\/\/business.roovi.com\/de\/wp-json\/wp\/v2\/media\/36572"}],"wp:attachment":[{"href":"https:\/\/business.roovi.com\/de\/wp-json\/wp\/v2\/media?parent=40222"}],"wp:term":[{"taxonomy":"product_brand","embeddable":true,"href":"https:\/\/business.roovi.com\/de\/wp-json\/wp\/v2\/product_brand?post=40222"},{"taxonomy":"product_cat","embeddable":true,"href":"https:\/\/business.roovi.com\/de\/wp-json\/wp\/v2\/product_cat?post=40222"},{"taxonomy":"product_tag","embeddable":true,"href":"https:\/\/business.roovi.com\/de\/wp-json\/wp\/v2\/product_tag?post=40222"}],"curies":[{"name":"wp","href":"https:\/\/api.w.org\/{rel}","templated":true}]}}