{"id":40234,"date":"2018-09-05T10:43:31","date_gmt":"2018-09-05T10:43:31","guid":{"rendered":"https:\/\/business.roovi.com\/puzzle-adulti-1000-piese-vintage-posters-howe-bicycles-tricycles\/p\/"},"modified":"2022-07-06T14:39:48","modified_gmt":"2022-07-06T14:39:48","slug":"adult-puzzle-1000-pieces-vintage-posters-howe-bicycles-tricycles","status":"publish","type":"product","link":"https:\/\/business.roovi.com\/de\/adult-puzzle-1000-pieces-vintage-posters-howe-bicycles-tricycles\/p\/","title":{"rendered":"Adult Puzzle 1000 pieces Vintage Posters &#8211; Howe Bicycles Tricycles"},"content":{"rendered":"<p><span style=\"font-weight: 400\">Wenn du eine Leidenschaft f\u00fcr Puzzlespiele hast und tolle Designs einrahmen m\u00f6chtest, wird die Vintage Puzzle Collection deine k\u00fcnstlerischen Sinne anregen. W\u00e4hle eines der 1000 Teile umfassenden Puzzles aus und erstelle deine eigene, einzigartige Sammlung von Vintage-Gem\u00e4lden.<\/span><\/p>\n<p><span style=\"font-weight: 400\">Das 1000-teilige Howe Bicycles Tricycles Puzzle reproduziert das Werbeplakat f\u00fcr das schottische Fahrradunternehmen Howe Bicycles &amp; Tricycles von einem anonymen K\u00fcnstler um 1890 <\/span><\/p>\n<p><span style=\"font-weight: 400\">Das Bild ist eine Ikone in der Welt der Werbung und einer der Vorl\u00e4ufer der modernen Werbung. Auf dem Bild ist ein schneidiger junger Mann mit Koteletten zu sehen, der auf seinem neuen Dreirad der Marke Howe sitzt. Das Plakat wurde zuerst in Paris gedruckt.<\/span><\/p>\n<p><span style=\"font-weight: 400\">Das 1000-teilige Howe Bicycles Tricycles Puzzle ist aus hochwertigen Materialien gefertigt. Das Ergebnis dieses besonderen Puzzlespiels sieht gerahmt umwerfend aus und wird jeden Ort, an dem du es ausstellst, aufwerten.<\/span><\/p>\n<p><span style=\"font-weight: 400\">M\u00f6chtest du mehr \u00fcber die technischen Eigenschaften dieses Puzzlespiels erfahren? Lies die Informationen unten:<\/span><\/p>\n<p><strong>Gr\u00f6\u00dfe des rekonstruierten Bildes: 50 x 70 cm <\/strong><span style=\"font-weight: 400\">F\u00fcr die Montage kannst du einen normalen Couchtisch verwenden.<\/span><\/p>\n<p><strong>Puzzle-Material <\/strong><\/p>\n<p><strong>hochwertiger blauer Karton<\/strong><\/p>\n<p><strong>nachhaltige, recycelbare Materialien<\/strong><\/p>\n<p><strong>halbgl\u00e4nzende Oberfl\u00e4che, leuchtende Farben<\/strong><\/p>\n<p><strong>Anzahl der Puzzleteile: 1000<\/strong><\/p>\n<p><strong>Empfohlenes Alter: 14+<\/strong><\/p>\n<p><span style=\"font-weight: 400\">Puzzlespiele entwickeln verschiedene F\u00e4higkeiten, die du in deinem Alltag brauchst:<\/span><\/p>\n<p><span style=\"font-weight: 400\">Liebe zum Detail &#8211; du f\u00fchlst dich wie ein echter Detektiv, der die richtigen Teile unter den Hunderten von fabelhaften Details in dem 1000-Teile-Puzzle sucht.<\/span><\/p>\n<p><span style=\"font-weight: 400\">Logisches Denken, indem du 1000 Puzzleteile mit \u00e4hnlichen Formen und Farben assoziierst.<\/span><\/p>\n<p><span style=\"font-weight: 400\">Vorstellungskraft &#8211; entdecke die erstaunlichen Details, die im Hintergrund versteckt sind, und stelle dir eine ganze Geschichte daraus vor.<\/span><\/p>\n<p><span style=\"font-weight: 400\">\u00c4sthetischer Sinn &#8211; durch das Verfassen eines Kunstwerks entwickelst du deinen Sinn f\u00fcr Sch\u00f6nheit.<\/span><\/p>\n<p><span style=\"font-weight: 400\">Beharrlichkeit &#8211; du lernst, dass es kein &#8222;Geht nicht&#8220; gibt, wenn du etwas wirklich willst.<\/span><\/p>\n<p><span style=\"font-weight: 400\">Geduld &#8211; die am Ende durch ein Erfolgserlebnis belohnt wird.<\/span><\/p>\n<p><strong>Wusstest du schon&#8230;?<\/strong><\/p>\n<p><span style=\"font-weight: 400\">Puzzlespiele die Synthese von Dopamin, dem Gl\u00fcckshormon, anregen? Und deshalb erlebst du jedes Mal ein unglaubliches Wohlbefinden und eine gro\u00dfe Zufriedenheit, wenn du Bilder aus Puzzlespielen zusammensetzt.<\/span><\/p>\n<p><span style=\"font-weight: 400\">Dopamin ist ein Neurotransmitter, der im Gehirn die Signale zwischen den Nervenzellen \u00fcbertr\u00e4gt. Obwohl es weniger als 1 % der Neuronen im Gehirn ausmacht, spielt Dopamin eine wichtige Rolle f\u00fcr das Wohlbefinden und die psychische Gesundheit.<\/span><\/p>\n<p><span style=\"font-weight: 400\">Beim Puzzeln sorgt Dopamin f\u00fcr einen sofortigen Stimmungsaufschwung und daf\u00fcr, dass du dich entspannt und wohl f\u00fchlst, w\u00e4hrend dein Geist eine kreative Herausforderung genie\u00dft <\/span><\/p>\n<p><strong>Warum sollte man sich f\u00fcr alte Kunstpuzzles entscheiden?<\/strong><\/p>\n<p><span style=\"font-weight: 400\">Es bietet dir bis zu 30 Stunden entspannenden Spa\u00df.<\/span><\/p>\n<p><span style=\"font-weight: 400\">Es gibt dir die M\u00f6glichkeit, in die Rolle des K\u00fcnstlers zu schl\u00fcpfen und ein Meisterwerk zu malen.<\/span><\/p>\n<p><span style=\"font-weight: 400\">Du schaffst ein dekoratives Objekt, das jedem tristen Raum, in dem du es ausstellst, Pers\u00f6nlichkeit verleiht.<\/span><\/p>\n<p><span style=\"font-weight: 400\">Wenn das Gem\u00e4lde fertig ist, hast du die M\u00f6glichkeit, die atemberaubenden Details des Originalwerks in deinem eigenen Tempo zu bewundern.<\/span><\/p>\n<p><span style=\"font-weight: 400\">Das ist eine tolle Gelegenheit, um deine R\u00e4tselk\u00fcnste zu verbessern und sie deinen Freunden zu zeigen.<\/span><\/p>\n<p><span style=\"font-weight: 400\">Kaufe Howe Bicycles Tricycles 1000-teilige Puzzles aus der originellsten Vintage-Puzzle-Kollektion in Gro\u00dfbritannien und genie\u00dfe einzigartige Momente der Losl\u00f6sung und Freude. Egal, ob du das Bild in diesem Puzzle f\u00fcr Erwachsene alleine vervollst\u00e4ndigen m\u00f6chtest oder lieber in Gesellschaft von Freunden f\u00fcr intensiven Spa\u00df sorgst, das 1000-teilige Puzzle Vintage Howe Bicycles Tricycles ist die perfekte Wahl.<\/span><\/p><\/p>\n","protected":false},"excerpt":{"rendered":"<p>Wenn du eine Leidenschaft f\u00fcr Puzzlespiele hast und tolle Designs einrahmen m\u00f6chtest, wird die Vintage Puzzle Collection deine k\u00fcnstlerischen Sinne<\/p>\n","protected":false},"featured_media":36530,"template":"","meta":[],"product_brand":[],"product_cat":[1916,1875,1915],"product_tag":[],"class_list":{"0":"post-40234","1":"product","2":"type-product","3":"status-publish","4":"has-post-thumbnail","6":"product_cat-1000-teile-puzzle","7":"product_cat-puzzle-de","8":"product_cat-puzzlespiele-fur-erwachsene","9":"pa_brand-d_toys-de","10":"pa_country_of_manufacture-ro-de","11":"pa_filter_age-14-de","12":"pa_painter-vintage-posters","13":"pa_tip_ambalaj-kasten-a4-de","14":"pa_tip_puzzle-klassisch","16":"first","17":"instock","18":"taxable","19":"shipping-taxable","20":"product-type-simple"},"yoast_head":"<!-- This site is optimized with the Yoast SEO plugin v20.1 - https:\/\/yoast.com\/wordpress\/plugins\/seo\/ -->\n<title>Adult Puzzle 1000 pieces Vintage Posters - Howe Bicycles Tricycles<\/title>\n<meta name=\"description\" content=\"Adult Puzzle 1000 pieces Vintage Posters - Howe Bicycles Tricycles\" \/>\n<meta name=\"robots\" content=\"index, follow, max-snippet:-1, max-image-preview:large, max-video-preview:-1\" \/>\n<link rel=\"canonical\" href=\"https:\/\/business.roovi.com\/de\/adult-puzzle-1000-pieces-vintage-posters-howe-bicycles-tricycles\/p\/\" \/>\n<meta property=\"og:locale\" content=\"de_DE\" \/>\n<meta property=\"og:type\" content=\"article\" \/>\n<meta property=\"og:title\" content=\"Adult Puzzle 1000 pieces Vintage Posters - Howe Bicycles Tricycles\" \/>\n<meta property=\"og:description\" content=\"Adult Puzzle 1000 pieces Vintage Posters - Howe Bicycles Tricycles\" \/>\n<meta property=\"og:url\" content=\"https:\/\/business.roovi.com\/de\/adult-puzzle-1000-pieces-vintage-posters-howe-bicycles-tricycles\/p\/\" \/>\n<meta property=\"og:site_name\" content=\"Roovi B2B\" \/>\n<meta property=\"article:publisher\" content=\"https:\/\/www.facebook.com\/wwwjucariero\" \/>\n<meta property=\"article:modified_time\" content=\"2022-07-06T14:39:48+00:00\" \/>\n<meta property=\"og:image\" content=\"https:\/\/business.roovi.com\/wp-content\/uploads\/2018\/09\/67555-1_ansamblu_dimensiuni_cutie_cm_vertical_1200x1200.png\" \/>\n\t<meta property=\"og:image:width\" content=\"1200\" \/>\n\t<meta property=\"og:image:height\" content=\"1200\" \/>\n\t<meta property=\"og:image:type\" content=\"image\/png\" \/>\n<meta name=\"twitter:label1\" content=\"Gesch\u00e4tzte Lesezeit\" \/>\n\t<meta name=\"twitter:data1\" content=\"3\u00a0Minuten\" \/>\n<script type=\"application\/ld+json\" class=\"yoast-schema-graph\">{\"@context\":\"https:\/\/schema.org\",\"@graph\":[{\"@type\":\"WebPage\",\"@id\":\"https:\/\/business.roovi.com\/de\/adult-puzzle-1000-pieces-vintage-posters-howe-bicycles-tricycles\/p\/\",\"url\":\"https:\/\/business.roovi.com\/de\/adult-puzzle-1000-pieces-vintage-posters-howe-bicycles-tricycles\/p\/\",\"name\":\"Adult Puzzle 1000 pieces Vintage Posters - Howe Bicycles Tricycles\",\"isPartOf\":{\"@id\":\"https:\/\/business.roovi.com\/de\/#website\"},\"datePublished\":\"2018-09-05T10:43:31+00:00\",\"dateModified\":\"2022-07-06T14:39:48+00:00\",\"description\":\"Adult Puzzle 1000 pieces Vintage Posters - Howe Bicycles Tricycles\",\"breadcrumb\":{\"@id\":\"https:\/\/business.roovi.com\/de\/adult-puzzle-1000-pieces-vintage-posters-howe-bicycles-tricycles\/p\/#breadcrumb\"},\"inLanguage\":\"de\",\"potentialAction\":[{\"@type\":\"ReadAction\",\"target\":[\"https:\/\/business.roovi.com\/de\/adult-puzzle-1000-pieces-vintage-posters-howe-bicycles-tricycles\/p\/\"]}]},{\"@type\":\"BreadcrumbList\",\"@id\":\"https:\/\/business.roovi.com\/de\/adult-puzzle-1000-pieces-vintage-posters-howe-bicycles-tricycles\/p\/#breadcrumb\",\"itemListElement\":[{\"@type\":\"ListItem\",\"position\":1,\"name\":\"Home\",\"item\":\"https:\/\/business.roovi.com\/de\/\"},{\"@type\":\"ListItem\",\"position\":2,\"name\":\"Shop\",\"item\":\"https:\/\/business.roovi.com\/de\/shop\/\"},{\"@type\":\"ListItem\",\"position\":3,\"name\":\"Adult Puzzle 1000 pieces Vintage Posters &#8211; Howe Bicycles Tricycles\"}]},{\"@type\":\"WebSite\",\"@id\":\"https:\/\/business.roovi.com\/de\/#website\",\"url\":\"https:\/\/business.roovi.com\/de\/\",\"name\":\"Roovi B2B\",\"description\":\"Roovi Business Website\",\"potentialAction\":[{\"@type\":\"SearchAction\",\"target\":{\"@type\":\"EntryPoint\",\"urlTemplate\":\"https:\/\/business.roovi.com\/de\/?s={search_term_string}\"},\"query-input\":\"required name=search_term_string\"}],\"inLanguage\":\"de\"}]}<\/script>\n<!-- \/ Yoast SEO plugin. -->","yoast_head_json":{"title":"Adult Puzzle 1000 pieces Vintage Posters - Howe Bicycles Tricycles","description":"Adult Puzzle 1000 pieces Vintage Posters - Howe Bicycles Tricycles","robots":{"index":"index","follow":"follow","max-snippet":"max-snippet:-1","max-image-preview":"max-image-preview:large","max-video-preview":"max-video-preview:-1"},"canonical":"https:\/\/business.roovi.com\/de\/adult-puzzle-1000-pieces-vintage-posters-howe-bicycles-tricycles\/p\/","og_locale":"de_DE","og_type":"article","og_title":"Adult Puzzle 1000 pieces Vintage Posters - Howe Bicycles Tricycles","og_description":"Adult Puzzle 1000 pieces Vintage Posters - Howe Bicycles Tricycles","og_url":"https:\/\/business.roovi.com\/de\/adult-puzzle-1000-pieces-vintage-posters-howe-bicycles-tricycles\/p\/","og_site_name":"Roovi B2B","article_publisher":"https:\/\/www.facebook.com\/wwwjucariero","article_modified_time":"2022-07-06T14:39:48+00:00","og_image":[{"width":1200,"height":1200,"url":"https:\/\/business.roovi.com\/wp-content\/uploads\/2018\/09\/67555-1_ansamblu_dimensiuni_cutie_cm_vertical_1200x1200.png","type":"image\/png"}],"twitter_misc":{"Gesch\u00e4tzte Lesezeit":"3\u00a0Minuten"},"schema":{"@context":"https:\/\/schema.org","@graph":[{"@type":"WebPage","@id":"https:\/\/business.roovi.com\/de\/adult-puzzle-1000-pieces-vintage-posters-howe-bicycles-tricycles\/p\/","url":"https:\/\/business.roovi.com\/de\/adult-puzzle-1000-pieces-vintage-posters-howe-bicycles-tricycles\/p\/","name":"Adult Puzzle 1000 pieces Vintage Posters - Howe Bicycles Tricycles","isPartOf":{"@id":"https:\/\/business.roovi.com\/de\/#website"},"datePublished":"2018-09-05T10:43:31+00:00","dateModified":"2022-07-06T14:39:48+00:00","description":"Adult Puzzle 1000 pieces Vintage Posters - Howe Bicycles Tricycles","breadcrumb":{"@id":"https:\/\/business.roovi.com\/de\/adult-puzzle-1000-pieces-vintage-posters-howe-bicycles-tricycles\/p\/#breadcrumb"},"inLanguage":"de","potentialAction":[{"@type":"ReadAction","target":["https:\/\/business.roovi.com\/de\/adult-puzzle-1000-pieces-vintage-posters-howe-bicycles-tricycles\/p\/"]}]},{"@type":"BreadcrumbList","@id":"https:\/\/business.roovi.com\/de\/adult-puzzle-1000-pieces-vintage-posters-howe-bicycles-tricycles\/p\/#breadcrumb","itemListElement":[{"@type":"ListItem","position":1,"name":"Home","item":"https:\/\/business.roovi.com\/de\/"},{"@type":"ListItem","position":2,"name":"Shop","item":"https:\/\/business.roovi.com\/de\/shop\/"},{"@type":"ListItem","position":3,"name":"Adult Puzzle 1000 pieces Vintage Posters &#8211; Howe Bicycles Tricycles"}]},{"@type":"WebSite","@id":"https:\/\/business.roovi.com\/de\/#website","url":"https:\/\/business.roovi.com\/de\/","name":"Roovi B2B","description":"Roovi Business Website","potentialAction":[{"@type":"SearchAction","target":{"@type":"EntryPoint","urlTemplate":"https:\/\/business.roovi.com\/de\/?s={search_term_string}"},"query-input":"required name=search_term_string"}],"inLanguage":"de"}]}},"_links":{"self":[{"href":"https:\/\/business.roovi.com\/de\/wp-json\/wp\/v2\/product\/40234","targetHints":{"allow":["GET"]}}],"collection":[{"href":"https:\/\/business.roovi.com\/de\/wp-json\/wp\/v2\/product"}],"about":[{"href":"https:\/\/business.roovi.com\/de\/wp-json\/wp\/v2\/types\/product"}],"version-history":[{"count":0,"href":"https:\/\/business.roovi.com\/de\/wp-json\/wp\/v2\/product\/40234\/revisions"}],"wp:featuredmedia":[{"embeddable":true,"href":"https:\/\/business.roovi.com\/de\/wp-json\/wp\/v2\/media\/36530"}],"wp:attachment":[{"href":"https:\/\/business.roovi.com\/de\/wp-json\/wp\/v2\/media?parent=40234"}],"wp:term":[{"taxonomy":"product_brand","embeddable":true,"href":"https:\/\/business.roovi.com\/de\/wp-json\/wp\/v2\/product_brand?post=40234"},{"taxonomy":"product_cat","embeddable":true,"href":"https:\/\/business.roovi.com\/de\/wp-json\/wp\/v2\/product_cat?post=40234"},{"taxonomy":"product_tag","embeddable":true,"href":"https:\/\/business.roovi.com\/de\/wp-json\/wp\/v2\/product_tag?post=40234"}],"curies":[{"name":"wp","href":"https:\/\/api.w.org\/{rel}","templated":true}]}}