{"id":40238,"date":"2018-09-05T10:29:04","date_gmt":"2018-09-05T10:29:04","guid":{"rendered":"https:\/\/business.roovi.com\/puzzle-adulti-1000-piese-castele-franceze-castel-villandry\/p\/"},"modified":"2023-02-27T13:08:42","modified_gmt":"2023-02-27T13:08:42","slug":"1000-teile-franzosische-schlosser-puzzle-fur-erwachsene-schloss-villandry","status":"publish","type":"product","link":"https:\/\/business.roovi.com\/de\/1000-teile-franzosische-schlosser-puzzle-fur-erwachsene-schloss-villandry\/p\/","title":{"rendered":"1000 Teile Franz\u00f6sische Schl\u00f6sser Puzzle f\u00fcr Erwachsene &#8211; Schloss Villandry"},"content":{"rendered":"<p><strong><em>W\u00e4hle die 1000-teilige Puzzle-Kollektion Franz\u00f6sische Schl\u00f6sser f\u00fcr Momente der Entspannung und des Abschaltens vom Alltag. Mit jedem passenden Teil kommst du dem Ziel n\u00e4her, wundersch\u00f6ne Bilder der ber\u00fchmten Schl\u00f6sser des Loire-Tals nachzubilden.<\/em><\/strong><\/p>\n<p><span style=\"font-weight: 400;\">Das 1000-teilige Puzzle Ch\u00e2teau de Villandry zeigt ein atemberaubendes Bild des Schlosses, das vor allem f\u00fcr seine pr\u00e4chtigen Zierg\u00e4rten bekannt ist. Eine Architektur von schlichter Eleganz, in perfekter Harmonie mit einer bezaubernden nat\u00fcrlichen Umgebung ist das, was du in diesem faszinierenden Puzzlespiel entdecken wirst.<\/span><\/p>\n<p><span style=\"font-weight: 400;\">Das Schloss Villandry ist das letzte Schloss, das w\u00e4hrend der Renaissance im Loiretal gebaut wurde. Es ist das Werk von Jean le Breton, dem Finanzminister von Fran\u00e7ois I., der 1532 die alte Feudalfestung von Villandry abriss und das errichtete, was heute noch steht. Jean Le Breton hatte einen beeindruckenden architektonischen Hintergrund und war auch ein leidenschaftlicher Gartengestalter. Einige Quellen behaupten, dass die G\u00e4rten in Wirklichkeit das Werk von <\/span><span style=\"font-weight: 400;\">Joachim Carvallo, der das Schloss um 1900 kaufte.<\/span><\/p>\n<p><span style=\"font-weight: 400;\">Sicher ist, dass diese G\u00e4rten, die sich \u00fcber eine Fl\u00e4che von etwa 9 Hektar erstrecken, wirklich spektakul\u00e4r sind. Die Farben, die besondere Form und die Kombination aus Wasser, Stein und verschiedenen Pflanzenarten, von Blumen bis Gem\u00fcse, ziehen immer noch Touristen aus der ganzen Welt an <\/span><\/p>\n<p><span style=\"font-weight: 400;\">Schloss 1000 Teile Puzzle <\/span><span style=\"font-weight: 400;\">Villandry <\/span><span style=\"font-weight: 400;\">l\u00e4dt dich ein, eine Touristenattraktion mit einer faszinierenden Geschichte zu entdecken. F\u00fcr den Zusammenbau der Teile kannst du einen normalen Couchtisch verwenden. Das fertige Bild ist 68 x 47 cm gro\u00df und sieht toll aus, wenn du es in den Rahmen stellst.<\/span><\/p>\n<p><strong>Warum solltest du dich f\u00fcr das 1000-Teile-Puzzle der Burg Villandry entscheiden? <\/strong><\/p>\n<p><span style=\"font-weight: 400;\">Du besitzt ein faszinierendes 1000-teiliges Puzzlebild eines beeindruckenden Schlosses im Loire-Tal.<\/span><\/p>\n<p><span style=\"font-weight: 400;\">Er ist aus hochwertigem blauen Karton gefertigt, der auch bei mehrfachem Zusammenbau sehr widerstandsf\u00e4hig ist.<\/span><\/p>\n<p><span style=\"font-weight: 400;\">Es hat eine halbgl\u00e4nzende Oberfl\u00e4che in angenehmen Farben, die die Klarheit des Bildes hervorheben.<\/span><\/p>\n<p><span style=\"font-weight: 400;\">Es ist aus recycelbaren, nachhaltigen Materialien hergestellt.<\/span><\/p>\n<p><span style=\"font-weight: 400;\">Sie ist f\u00fcr Personen ab 14 Jahren geeignet und hat einen mittleren Schwierigkeitsgrad.<\/span><\/p>\n<p><span style=\"font-weight: 400;\">Es ist das perfekte Puzzlespiel f\u00fcr jeden 1000-Teile-Puzzle-Liebhaber oder zum Verschenken an liebe Menschen.<\/span><\/p>\n<p><span style=\"font-weight: 400;\">Puzzlespiele sind eine gro\u00dfartige M\u00f6glichkeit, um F\u00e4higkeiten zu entwickeln wie:<\/span><\/p>\n<p><span style=\"font-weight: 400;\">Liebe zum Detail.<\/span><\/p>\n<p><span style=\"font-weight: 400;\">Geduld und Beharrlichkeit.<\/span><\/p>\n<p><span style=\"font-weight: 400;\">Logisches Denken.<\/span><\/p>\n<p><span style=\"font-weight: 400;\">Kurzzeitged\u00e4chtnis.<\/span><\/p>\n<p><span style=\"font-weight: 400;\">Probleml\u00f6sungsf\u00e4higkeiten.<\/span><\/p>\n<p><strong>Wusstest du, dass&#8230;?<\/strong><\/p>\n<p><span style=\"font-weight: 400;\">Das Schloss Villandry war nie die Residenz eines K\u00f6nigs oder eines Lieblings der K\u00f6nige.<\/span><\/p>\n<p><span style=\"font-weight: 400;\">Es war der pers\u00f6nliche Wohnsitz von Jean le Breton, dem Finanzminister unter Franz I.<\/span><\/p>\n<p><span style=\"font-weight: 400;\">Jean le Breton \u00fcberwachte den Bau des ber\u00fchmten Ch\u00e2teau Chambord<\/span><\/p>\n<p><span style=\"font-weight: 400;\">Eine der Attraktionen in den G\u00e4rten von Villandry ist der Gem\u00fcsegarten. Dieser mittelalterlich anmutende Ort wurde zur Meditation genutzt.<\/span><\/p>\n<p><span style=\"font-weight: 400;\">Auch Jerome Bonaparte, dem Bruder von Napoleon I., geh\u00f6rte das Schloss einst. Doch eine neue Bl\u00fctezeit erlebte das Schloss nach 1906, als es von Dr. Joachim Carvallo und seiner Frau Ann Coleman gekauft wurde, die die wundersch\u00f6nen Renaissance-G\u00e4rten neu gestalteten <\/span><\/p>\n<p><strong>Villandry Castle 1000 Teile Puzzle &#8211; ein Familienspa\u00df<\/strong><\/p>\n<p><span style=\"font-weight: 400;\">Wenn du deine Kinder im Teenageralter von den Bildschirmen fernhalten willst, solltest du das 1000-teilige Villandry Castle Puzzle in Betracht ziehen. Sie werden fasziniert sein von der Geschichte des Schlosses und den beeindruckenden G\u00e4rten, die es beherbergt. <\/span><\/p>\n<p><span style=\"font-weight: 400;\">Teile die St\u00fccke nach Farbt\u00f6nen auf, einige stellen das Bild des Gartens nach, andere die Architektur des Schlosses. Finde den richtigen Platz f\u00fcr jedes Teil im Puzzlespiel und habt gemeinsam Spa\u00df, wenn das Bild fertig ist. Feiere deinen Erfolg, indem du das 1000-teilige Puzzlebild einrahmst und bewundere eine einzigartige Kreation, die Frucht deiner Teamarbeit.<\/span><\/p>\n<p><span style=\"font-weight: 400;\">Wenn du deinen erwachsenen puzzlebegeisterten Freunden eine Freude machen willst, solltest du dieses besondere Puzzlespiel in Betracht ziehen und es zu den Feiertagen oder anderen besonderen Anl\u00e4ssen verschenken <\/span><\/p>\n","protected":false},"excerpt":{"rendered":"<p>W\u00e4hle die 1000-teilige Puzzle-Kollektion Franz\u00f6sische Schl\u00f6sser f\u00fcr Momente der Entspannung und des Abschaltens vom Alltag. Mit jedem passenden Teil kommst<\/p>\n","protected":false},"featured_media":36516,"template":"","meta":[],"product_brand":[],"product_cat":[1916,1875,1915],"product_tag":[],"class_list":{"0":"post-40238","1":"product","2":"type-product","3":"status-publish","4":"has-post-thumbnail","6":"product_cat-1000-teile-puzzle","7":"product_cat-puzzle-de","8":"product_cat-puzzlespiele-fur-erwachsene","9":"pa_brand-d_toys-de","10":"pa_country_of_manufacture-ro-de","11":"pa_filter_age-14-de","12":"pa_painter-franzosische-schlosser","13":"pa_tip_ambalaj-kasten-a4-de","14":"pa_tip_puzzle-klassisch","16":"first","17":"instock","18":"taxable","19":"shipping-taxable","20":"product-type-simple"},"yoast_head":"<!-- This site is optimized with the Yoast SEO plugin v20.1 - https:\/\/yoast.com\/wordpress\/plugins\/seo\/ -->\n<title>1000 Teile Franz\u00f6sische Schl\u00f6sser Puzzle f\u00fcr Erwachsene - Schloss Villandry<\/title>\n<meta name=\"description\" content=\"1000 Teile Franz\u00f6sische Schl\u00f6sser Puzzle f\u00fcr Erwachsene - Schloss Villandry\" \/>\n<meta name=\"robots\" content=\"index, follow, max-snippet:-1, max-image-preview:large, max-video-preview:-1\" \/>\n<link rel=\"canonical\" href=\"https:\/\/business.roovi.com\/de\/1000-teile-franzosische-schlosser-puzzle-fur-erwachsene-schloss-villandry\/p\/\" \/>\n<meta property=\"og:locale\" content=\"de_DE\" \/>\n<meta property=\"og:type\" content=\"article\" \/>\n<meta property=\"og:title\" content=\"1000 Teile Franz\u00f6sische Schl\u00f6sser Puzzle f\u00fcr Erwachsene - Schloss Villandry\" \/>\n<meta property=\"og:description\" content=\"1000 Teile Franz\u00f6sische Schl\u00f6sser Puzzle f\u00fcr Erwachsene - Schloss Villandry\" \/>\n<meta property=\"og:url\" content=\"https:\/\/business.roovi.com\/de\/1000-teile-franzosische-schlosser-puzzle-fur-erwachsene-schloss-villandry\/p\/\" \/>\n<meta property=\"og:site_name\" content=\"Roovi B2B\" \/>\n<meta property=\"article:publisher\" content=\"https:\/\/www.facebook.com\/wwwjucariero\" \/>\n<meta property=\"article:modified_time\" content=\"2023-02-27T13:08:42+00:00\" \/>\n<meta property=\"og:image\" content=\"https:\/\/business.roovi.com\/wp-content\/uploads\/2018\/09\/67562-04-ansamblu_dimensiuni-cutie-cm_orizontal.png\" \/>\n\t<meta property=\"og:image:width\" content=\"920\" \/>\n\t<meta property=\"og:image:height\" content=\"920\" \/>\n\t<meta property=\"og:image:type\" content=\"image\/png\" \/>\n<meta name=\"twitter:label1\" content=\"Gesch\u00e4tzte Lesezeit\" \/>\n\t<meta name=\"twitter:data1\" content=\"4\u00a0Minuten\" \/>\n<script type=\"application\/ld+json\" class=\"yoast-schema-graph\">{\"@context\":\"https:\/\/schema.org\",\"@graph\":[{\"@type\":\"WebPage\",\"@id\":\"https:\/\/business.roovi.com\/de\/1000-teile-franzosische-schlosser-puzzle-fur-erwachsene-schloss-villandry\/p\/\",\"url\":\"https:\/\/business.roovi.com\/de\/1000-teile-franzosische-schlosser-puzzle-fur-erwachsene-schloss-villandry\/p\/\",\"name\":\"1000 Teile Franz\u00f6sische Schl\u00f6sser Puzzle f\u00fcr Erwachsene - Schloss Villandry\",\"isPartOf\":{\"@id\":\"https:\/\/business.roovi.com\/de\/#website\"},\"datePublished\":\"2018-09-05T10:29:04+00:00\",\"dateModified\":\"2023-02-27T13:08:42+00:00\",\"description\":\"1000 Teile Franz\u00f6sische Schl\u00f6sser Puzzle f\u00fcr Erwachsene - Schloss Villandry\",\"breadcrumb\":{\"@id\":\"https:\/\/business.roovi.com\/de\/1000-teile-franzosische-schlosser-puzzle-fur-erwachsene-schloss-villandry\/p\/#breadcrumb\"},\"inLanguage\":\"de\",\"potentialAction\":[{\"@type\":\"ReadAction\",\"target\":[\"https:\/\/business.roovi.com\/de\/1000-teile-franzosische-schlosser-puzzle-fur-erwachsene-schloss-villandry\/p\/\"]}]},{\"@type\":\"BreadcrumbList\",\"@id\":\"https:\/\/business.roovi.com\/de\/1000-teile-franzosische-schlosser-puzzle-fur-erwachsene-schloss-villandry\/p\/#breadcrumb\",\"itemListElement\":[{\"@type\":\"ListItem\",\"position\":1,\"name\":\"Home\",\"item\":\"https:\/\/business.roovi.com\/de\/\"},{\"@type\":\"ListItem\",\"position\":2,\"name\":\"Shop\",\"item\":\"https:\/\/business.roovi.com\/de\/shop\/\"},{\"@type\":\"ListItem\",\"position\":3,\"name\":\"1000 Teile Franz\u00f6sische Schl\u00f6sser Puzzle f\u00fcr Erwachsene &#8211; Schloss Villandry\"}]},{\"@type\":\"WebSite\",\"@id\":\"https:\/\/business.roovi.com\/de\/#website\",\"url\":\"https:\/\/business.roovi.com\/de\/\",\"name\":\"Roovi B2B\",\"description\":\"Roovi Business Website\",\"potentialAction\":[{\"@type\":\"SearchAction\",\"target\":{\"@type\":\"EntryPoint\",\"urlTemplate\":\"https:\/\/business.roovi.com\/de\/?s={search_term_string}\"},\"query-input\":\"required name=search_term_string\"}],\"inLanguage\":\"de\"}]}<\/script>\n<!-- \/ Yoast SEO plugin. -->","yoast_head_json":{"title":"1000 Teile Franz\u00f6sische Schl\u00f6sser Puzzle f\u00fcr Erwachsene - Schloss Villandry","description":"1000 Teile Franz\u00f6sische Schl\u00f6sser Puzzle f\u00fcr Erwachsene - Schloss Villandry","robots":{"index":"index","follow":"follow","max-snippet":"max-snippet:-1","max-image-preview":"max-image-preview:large","max-video-preview":"max-video-preview:-1"},"canonical":"https:\/\/business.roovi.com\/de\/1000-teile-franzosische-schlosser-puzzle-fur-erwachsene-schloss-villandry\/p\/","og_locale":"de_DE","og_type":"article","og_title":"1000 Teile Franz\u00f6sische Schl\u00f6sser Puzzle f\u00fcr Erwachsene - Schloss Villandry","og_description":"1000 Teile Franz\u00f6sische Schl\u00f6sser Puzzle f\u00fcr Erwachsene - Schloss Villandry","og_url":"https:\/\/business.roovi.com\/de\/1000-teile-franzosische-schlosser-puzzle-fur-erwachsene-schloss-villandry\/p\/","og_site_name":"Roovi B2B","article_publisher":"https:\/\/www.facebook.com\/wwwjucariero","article_modified_time":"2023-02-27T13:08:42+00:00","og_image":[{"width":920,"height":920,"url":"https:\/\/business.roovi.com\/wp-content\/uploads\/2018\/09\/67562-04-ansamblu_dimensiuni-cutie-cm_orizontal.png","type":"image\/png"}],"twitter_misc":{"Gesch\u00e4tzte Lesezeit":"4\u00a0Minuten"},"schema":{"@context":"https:\/\/schema.org","@graph":[{"@type":"WebPage","@id":"https:\/\/business.roovi.com\/de\/1000-teile-franzosische-schlosser-puzzle-fur-erwachsene-schloss-villandry\/p\/","url":"https:\/\/business.roovi.com\/de\/1000-teile-franzosische-schlosser-puzzle-fur-erwachsene-schloss-villandry\/p\/","name":"1000 Teile Franz\u00f6sische Schl\u00f6sser Puzzle f\u00fcr Erwachsene - Schloss Villandry","isPartOf":{"@id":"https:\/\/business.roovi.com\/de\/#website"},"datePublished":"2018-09-05T10:29:04+00:00","dateModified":"2023-02-27T13:08:42+00:00","description":"1000 Teile Franz\u00f6sische Schl\u00f6sser Puzzle f\u00fcr Erwachsene - Schloss Villandry","breadcrumb":{"@id":"https:\/\/business.roovi.com\/de\/1000-teile-franzosische-schlosser-puzzle-fur-erwachsene-schloss-villandry\/p\/#breadcrumb"},"inLanguage":"de","potentialAction":[{"@type":"ReadAction","target":["https:\/\/business.roovi.com\/de\/1000-teile-franzosische-schlosser-puzzle-fur-erwachsene-schloss-villandry\/p\/"]}]},{"@type":"BreadcrumbList","@id":"https:\/\/business.roovi.com\/de\/1000-teile-franzosische-schlosser-puzzle-fur-erwachsene-schloss-villandry\/p\/#breadcrumb","itemListElement":[{"@type":"ListItem","position":1,"name":"Home","item":"https:\/\/business.roovi.com\/de\/"},{"@type":"ListItem","position":2,"name":"Shop","item":"https:\/\/business.roovi.com\/de\/shop\/"},{"@type":"ListItem","position":3,"name":"1000 Teile Franz\u00f6sische Schl\u00f6sser Puzzle f\u00fcr Erwachsene &#8211; Schloss Villandry"}]},{"@type":"WebSite","@id":"https:\/\/business.roovi.com\/de\/#website","url":"https:\/\/business.roovi.com\/de\/","name":"Roovi B2B","description":"Roovi Business Website","potentialAction":[{"@type":"SearchAction","target":{"@type":"EntryPoint","urlTemplate":"https:\/\/business.roovi.com\/de\/?s={search_term_string}"},"query-input":"required name=search_term_string"}],"inLanguage":"de"}]}},"_links":{"self":[{"href":"https:\/\/business.roovi.com\/de\/wp-json\/wp\/v2\/product\/40238","targetHints":{"allow":["GET"]}}],"collection":[{"href":"https:\/\/business.roovi.com\/de\/wp-json\/wp\/v2\/product"}],"about":[{"href":"https:\/\/business.roovi.com\/de\/wp-json\/wp\/v2\/types\/product"}],"version-history":[{"count":0,"href":"https:\/\/business.roovi.com\/de\/wp-json\/wp\/v2\/product\/40238\/revisions"}],"wp:featuredmedia":[{"embeddable":true,"href":"https:\/\/business.roovi.com\/de\/wp-json\/wp\/v2\/media\/36516"}],"wp:attachment":[{"href":"https:\/\/business.roovi.com\/de\/wp-json\/wp\/v2\/media?parent=40238"}],"wp:term":[{"taxonomy":"product_brand","embeddable":true,"href":"https:\/\/business.roovi.com\/de\/wp-json\/wp\/v2\/product_brand?post=40238"},{"taxonomy":"product_cat","embeddable":true,"href":"https:\/\/business.roovi.com\/de\/wp-json\/wp\/v2\/product_cat?post=40238"},{"taxonomy":"product_tag","embeddable":true,"href":"https:\/\/business.roovi.com\/de\/wp-json\/wp\/v2\/product_tag?post=40238"}],"curies":[{"name":"wp","href":"https:\/\/api.w.org\/{rel}","templated":true}]}}