{"id":40242,"date":"2018-09-05T10:21:59","date_gmt":"2018-09-05T10:21:59","guid":{"rendered":"https:\/\/business.roovi.com\/puzzle-adulti-1000-piese-castele-franceze-castel-chenonceau\/p\/"},"modified":"2023-02-27T13:05:05","modified_gmt":"2023-02-27T13:05:05","slug":"1000-teile-franzosische-schlosser-puzzle-fur-erwachsene-schloss-chenonceau","status":"publish","type":"product","link":"https:\/\/business.roovi.com\/de\/1000-teile-franzosische-schlosser-puzzle-fur-erwachsene-schloss-chenonceau\/p\/","title":{"rendered":"1000 Teile Franz\u00f6sische Schl\u00f6sser Puzzle f\u00fcr Erwachsene &#8211; Schloss Chenonceau"},"content":{"rendered":"<p><strong><em>Willst du deine Freizeit mit Puzzlespielen aufwerten oder lieben Freunden ein Geschenk machen? Die 1000 Teile der French Castles Puzzle Kollektion sind genau das, was du brauchst.<\/em><\/strong><\/p>\n<p><span style=\"font-weight: 400;\">Ch\u00e2teau de Chenonceau ist das extravagante Geschenk, das <\/span><span style=\"font-weight: 400;\">k\u00f6nig Heinrich II. schenkte seinem Liebling, <\/span><span style=\"font-weight: 400;\">Diane de Poitiers. Das imposante Geb\u00e4ude, das sowohl durch seine interessante Geschichte als auch durch seine unverwechselbare Architektur fasziniert, ist eines der bekanntesten Schl\u00f6sser im Loiretal.<\/span><\/p>\n<p><span style=\"font-weight: 400;\">Das 1000-Teile-Puzzle Ch\u00e2teau de Chenonceau zeigt das Bild des ber\u00fchmten Schlosses, das sich im Wasser des Flusses Cher spiegelt. Die erste Erw\u00e4hnung dieser Burg geht auf das 11. Jahrhundert zur\u00fcck. Sie wurde an der Stelle einer alten befestigten M\u00fchle am Fluss Cher gebaut. Im Laufe der Jahre haben viele weibliche Pers\u00f6nlichkeiten den Stil und das Design der Stadt gepr\u00e4gt. Aus diesem Grund wird sie auch als <\/span><em><span style=\"font-weight: 400;\">Die Burg der Frauen.<\/span><\/em><\/p>\n<p><span style=\"font-weight: 400;\">Es war Diane de Poitiers, die den Bau der H\u00e4ngebr\u00fccke \u00fcber den Cher anordnete und auch f\u00fcr die G\u00e4rten rund um das Schloss war sie verantwortlich. Katharina von Medici entwarf das Labyrinth der G\u00e4rten und die zweist\u00f6ckige Galerie \u00fcber der Br\u00fccke mit ihren f\u00fcnf B\u00f6gen <\/span><\/p>\n<p><span style=\"font-weight: 400;\">Entdecke ein m\u00e4rchenhaftes Schloss durch ein besonderes Puzzlespiel. Setze St\u00fcck f\u00fcr St\u00fcck und f\u00fclle das Bild aus, das dich auf eine faszinierende Reise mitnimmt, die deine Seele erfreut und deinen Geist von Gedanken und Sorgen befreit.<\/span><\/p>\n<p><strong>Warum das 1000-Teile-Puzzle Schloss Chenonceau w\u00e4hlen?<\/strong><\/p>\n<p><span style=\"font-weight: 400;\">Du erstellst aus 1000 Puzzleteilen ein besonderes Bild eines faszinierenden Schlosses im Loire-Tal.<\/span><\/p>\n<p><span style=\"font-weight: 400;\">Die Ma\u00dfe des neu erstellten Bildes sind 68 x 47 cm. Er kann in einen Rahmen gesteckt und als Dekorationsobjekt verwendet werden.<\/span><\/p>\n<p><span style=\"font-weight: 400;\">Er ist aus hochwertigem blauen Karton gefertigt, der auch nach mehrmaligem Zusammenbau sehr widerstandsf\u00e4hig ist.<\/span><\/p>\n<p><span style=\"font-weight: 400;\">Es hat eine halbgl\u00e4nzende Oberfl\u00e4che in angenehmen Farben, die die Klarheit des Bildes hervorheben.<\/span><\/p>\n<p><span style=\"font-weight: 400;\">Es ist aus recycelbaren, nachhaltigen Materialien hergestellt.<\/span><\/p>\n<p><span style=\"font-weight: 400;\">Es ist f\u00fcr Menschen \u00fcber 14 Jahren geeignet und hat einen mittleren Schwierigkeitsgrad<\/span><\/p>\n<p><span style=\"font-weight: 400;\">Es ist das perfekte Puzzlespiel f\u00fcr alle 1000-Teile-Puzzle-Liebhaber oder zum Verschenken an liebe Menschen.<\/span><\/p>\n<p><span style=\"font-weight: 400;\">Wenn du von einem Urlaub im Loiretal tr\u00e4umst, mit unvergesslichen Besuchen franz\u00f6sischer Schl\u00f6sser 1000 Teile Puzzle Schloss <\/span><span style=\"font-weight: 400;\">Chenonceau bringt dich n\u00e4her an diesen Traumort.<\/span><span style=\"font-weight: 400;\"> Wenn dein Traum bereits in Erf\u00fcllung gegangen ist, dann ist dieses Puzzlespiel <\/span><span style=\"font-weight: 400;\">ist eine einzigartige M\u00f6glichkeit, die Erinnerung an ein gro\u00dfartiges Reiseziel lebendig zu halten.<\/span><\/p>\n<p><strong>Wusstest du, dass&#8230;?<\/strong><\/p>\n<p><span style=\"font-weight: 400;\">Die Architektur des Schlosses ist eine einzigartige Mischung aus Gotik und Renaissance.<\/span><\/p>\n<p><span style=\"font-weight: 400;\">W\u00e4hrend des Ersten Weltkriegs wurde die Burg in ein Lazarett umgewandelt. Mehr als 2000 verwundete Soldaten wurden hier behandelt.<\/span><\/p>\n<p><span style=\"font-weight: 400;\">Eine der prominenten Pers\u00f6nlichkeiten, die einst das Schloss Chenonceau besa\u00dfen, war Madame Dupin, die Gro\u00dfmutter der Schriftstellerin mit dem Pseudonym George Sand. Als Literaturliebhaberin empfing sie in ihrem literarischen Salon Pers\u00f6nlichkeiten wie Jean-Jacques Rousseau, Voltaire und Georges de Buffon.<\/span><\/p>\n<p><span style=\"font-weight: 400;\">Heute ist das Schloss Chenonceau nach Versailles das am zweith\u00e4ufigsten besuchte Schloss Frankreichs und zieht j\u00e4hrlich \u00fcber 1 Million Besucher an.<\/span><\/p>\n<p><strong>1000 Teile Puzzle Schloss Chenonceau h\u00e4lt dich von den Bildschirmen fern<\/strong><\/p>\n<p><span style=\"font-weight: 400;\">Wenn du mal f\u00fcr l\u00e4ngere Zeit von deinen Bildschirmen abschalten m\u00f6chtest, dann ist das 1000-teilige Puzzle Schloss Chenonceau aus der Puzzle-Kollektion Franz\u00f6sische Schl\u00f6sser die perfekte Wahl. Mit jedem passenden Teil baust du die Struktur einer der ber\u00fchmtesten Burgen der Welt nach.<\/span><\/p>\n<p><span style=\"font-weight: 400;\">Es ist eine einmalige Gelegenheit, aus der Hektik des Alltags auszusteigen und sich wieder mit sich selbst zu verbinden. Mit dem 1000-teiligen Puzzle Schloss Chenonceau entdeckst du mehr als nur ein atemberaubendes Bild: Du entdeckst dich selbst neu, h\u00f6rst in dich hinein und gibst dir Zeit, die einfachen Freuden des Lebens zu genie\u00dfen.<\/span><\/p>\n<p><span style=\"font-weight: 400;\">Wenn du deine Kinder auch mal von ihren Smartphones trennen willst, kannst du kreative und entspannende Puzzlespiele machen. Es ist eine einzigartige M\u00f6glichkeit, sich zu entspannen und etwas \u00fcber franz\u00f6sische Geschichte und Symbole zu lernen <\/span><\/p>\n<p><span style=\"font-weight: 400;\">Entscheide dich also f\u00fcr das 1000-Teile-Schloss Chenonceau-Puzzle f\u00fcr dich und deine Familie und entdeckt gemeinsam die Geheimnisse eines ber\u00fchmten historischen Symbols. Oder verschenke dieses 1000-teilige Puzzle aus der French Castles Puzzle Kollektion f\u00fcr Erwachsene an einen Puzzle-Liebhaber.<\/span><\/p>\n","protected":false},"excerpt":{"rendered":"<p>Willst du deine Freizeit mit Puzzlespielen aufwerten oder lieben Freunden ein Geschenk machen? Die 1000 Teile der French Castles Puzzle<\/p>\n","protected":false},"featured_media":36502,"template":"","meta":[],"product_brand":[],"product_cat":[1916,1875,1915],"product_tag":[],"class_list":{"0":"post-40242","1":"product","2":"type-product","3":"status-publish","4":"has-post-thumbnail","6":"product_cat-1000-teile-puzzle","7":"product_cat-puzzle-de","8":"product_cat-puzzlespiele-fur-erwachsene","9":"pa_brand-d_toys-de","10":"pa_country_of_manufacture-ro-de","11":"pa_filter_age-14-de","12":"pa_painter-franzosische-schlosser","13":"pa_tip_ambalaj-kasten-a4-de","14":"pa_tip_puzzle-klassisch","16":"first","17":"instock","18":"taxable","19":"shipping-taxable","20":"product-type-simple"},"yoast_head":"<!-- This site is optimized with the Yoast SEO plugin v20.1 - https:\/\/yoast.com\/wordpress\/plugins\/seo\/ -->\n<title>1000 Teile Franz\u00f6sische Schl\u00f6sser Puzzle f\u00fcr Erwachsene - Schloss Chenonceau<\/title>\n<meta name=\"description\" content=\"1000 Teile Franz\u00f6sische Schl\u00f6sser Puzzle f\u00fcr Erwachsene - Schloss Chenonceau\" \/>\n<meta name=\"robots\" content=\"index, follow, max-snippet:-1, max-image-preview:large, max-video-preview:-1\" \/>\n<link rel=\"canonical\" href=\"https:\/\/business.roovi.com\/de\/1000-teile-franzosische-schlosser-puzzle-fur-erwachsene-schloss-chenonceau\/p\/\" \/>\n<meta property=\"og:locale\" content=\"de_DE\" \/>\n<meta property=\"og:type\" content=\"article\" \/>\n<meta property=\"og:title\" content=\"1000 Teile Franz\u00f6sische Schl\u00f6sser Puzzle f\u00fcr Erwachsene - Schloss Chenonceau\" \/>\n<meta property=\"og:description\" content=\"1000 Teile Franz\u00f6sische Schl\u00f6sser Puzzle f\u00fcr Erwachsene - Schloss Chenonceau\" \/>\n<meta property=\"og:url\" content=\"https:\/\/business.roovi.com\/de\/1000-teile-franzosische-schlosser-puzzle-fur-erwachsene-schloss-chenonceau\/p\/\" \/>\n<meta property=\"og:site_name\" content=\"Roovi B2B\" \/>\n<meta property=\"article:publisher\" content=\"https:\/\/www.facebook.com\/wwwjucariero\" \/>\n<meta property=\"article:modified_time\" content=\"2023-02-27T13:05:05+00:00\" \/>\n<meta property=\"og:image\" content=\"https:\/\/business.roovi.com\/wp-content\/uploads\/2018\/09\/67562-03-ansamblu_dimensiuni-cutie-cm_orizontal.png\" \/>\n\t<meta property=\"og:image:width\" content=\"1000\" \/>\n\t<meta property=\"og:image:height\" content=\"1000\" \/>\n\t<meta property=\"og:image:type\" content=\"image\/png\" \/>\n<meta name=\"twitter:label1\" content=\"Gesch\u00e4tzte Lesezeit\" \/>\n\t<meta name=\"twitter:data1\" content=\"4\u00a0Minuten\" \/>\n<script type=\"application\/ld+json\" class=\"yoast-schema-graph\">{\"@context\":\"https:\/\/schema.org\",\"@graph\":[{\"@type\":\"WebPage\",\"@id\":\"https:\/\/business.roovi.com\/de\/1000-teile-franzosische-schlosser-puzzle-fur-erwachsene-schloss-chenonceau\/p\/\",\"url\":\"https:\/\/business.roovi.com\/de\/1000-teile-franzosische-schlosser-puzzle-fur-erwachsene-schloss-chenonceau\/p\/\",\"name\":\"1000 Teile Franz\u00f6sische Schl\u00f6sser Puzzle f\u00fcr Erwachsene - Schloss Chenonceau\",\"isPartOf\":{\"@id\":\"https:\/\/business.roovi.com\/de\/#website\"},\"datePublished\":\"2018-09-05T10:21:59+00:00\",\"dateModified\":\"2023-02-27T13:05:05+00:00\",\"description\":\"1000 Teile Franz\u00f6sische Schl\u00f6sser Puzzle f\u00fcr Erwachsene - Schloss Chenonceau\",\"breadcrumb\":{\"@id\":\"https:\/\/business.roovi.com\/de\/1000-teile-franzosische-schlosser-puzzle-fur-erwachsene-schloss-chenonceau\/p\/#breadcrumb\"},\"inLanguage\":\"de\",\"potentialAction\":[{\"@type\":\"ReadAction\",\"target\":[\"https:\/\/business.roovi.com\/de\/1000-teile-franzosische-schlosser-puzzle-fur-erwachsene-schloss-chenonceau\/p\/\"]}]},{\"@type\":\"BreadcrumbList\",\"@id\":\"https:\/\/business.roovi.com\/de\/1000-teile-franzosische-schlosser-puzzle-fur-erwachsene-schloss-chenonceau\/p\/#breadcrumb\",\"itemListElement\":[{\"@type\":\"ListItem\",\"position\":1,\"name\":\"Home\",\"item\":\"https:\/\/business.roovi.com\/de\/\"},{\"@type\":\"ListItem\",\"position\":2,\"name\":\"Shop\",\"item\":\"https:\/\/business.roovi.com\/de\/shop\/\"},{\"@type\":\"ListItem\",\"position\":3,\"name\":\"1000 Teile Franz\u00f6sische Schl\u00f6sser Puzzle f\u00fcr Erwachsene &#8211; Schloss Chenonceau\"}]},{\"@type\":\"WebSite\",\"@id\":\"https:\/\/business.roovi.com\/de\/#website\",\"url\":\"https:\/\/business.roovi.com\/de\/\",\"name\":\"Roovi B2B\",\"description\":\"Roovi Business Website\",\"potentialAction\":[{\"@type\":\"SearchAction\",\"target\":{\"@type\":\"EntryPoint\",\"urlTemplate\":\"https:\/\/business.roovi.com\/de\/?s={search_term_string}\"},\"query-input\":\"required name=search_term_string\"}],\"inLanguage\":\"de\"}]}<\/script>\n<!-- \/ Yoast SEO plugin. -->","yoast_head_json":{"title":"1000 Teile Franz\u00f6sische Schl\u00f6sser Puzzle f\u00fcr Erwachsene - Schloss Chenonceau","description":"1000 Teile Franz\u00f6sische Schl\u00f6sser Puzzle f\u00fcr Erwachsene - Schloss Chenonceau","robots":{"index":"index","follow":"follow","max-snippet":"max-snippet:-1","max-image-preview":"max-image-preview:large","max-video-preview":"max-video-preview:-1"},"canonical":"https:\/\/business.roovi.com\/de\/1000-teile-franzosische-schlosser-puzzle-fur-erwachsene-schloss-chenonceau\/p\/","og_locale":"de_DE","og_type":"article","og_title":"1000 Teile Franz\u00f6sische Schl\u00f6sser Puzzle f\u00fcr Erwachsene - Schloss Chenonceau","og_description":"1000 Teile Franz\u00f6sische Schl\u00f6sser Puzzle f\u00fcr Erwachsene - Schloss Chenonceau","og_url":"https:\/\/business.roovi.com\/de\/1000-teile-franzosische-schlosser-puzzle-fur-erwachsene-schloss-chenonceau\/p\/","og_site_name":"Roovi B2B","article_publisher":"https:\/\/www.facebook.com\/wwwjucariero","article_modified_time":"2023-02-27T13:05:05+00:00","og_image":[{"width":1000,"height":1000,"url":"https:\/\/business.roovi.com\/wp-content\/uploads\/2018\/09\/67562-03-ansamblu_dimensiuni-cutie-cm_orizontal.png","type":"image\/png"}],"twitter_misc":{"Gesch\u00e4tzte Lesezeit":"4\u00a0Minuten"},"schema":{"@context":"https:\/\/schema.org","@graph":[{"@type":"WebPage","@id":"https:\/\/business.roovi.com\/de\/1000-teile-franzosische-schlosser-puzzle-fur-erwachsene-schloss-chenonceau\/p\/","url":"https:\/\/business.roovi.com\/de\/1000-teile-franzosische-schlosser-puzzle-fur-erwachsene-schloss-chenonceau\/p\/","name":"1000 Teile Franz\u00f6sische Schl\u00f6sser Puzzle f\u00fcr Erwachsene - Schloss Chenonceau","isPartOf":{"@id":"https:\/\/business.roovi.com\/de\/#website"},"datePublished":"2018-09-05T10:21:59+00:00","dateModified":"2023-02-27T13:05:05+00:00","description":"1000 Teile Franz\u00f6sische Schl\u00f6sser Puzzle f\u00fcr Erwachsene - Schloss Chenonceau","breadcrumb":{"@id":"https:\/\/business.roovi.com\/de\/1000-teile-franzosische-schlosser-puzzle-fur-erwachsene-schloss-chenonceau\/p\/#breadcrumb"},"inLanguage":"de","potentialAction":[{"@type":"ReadAction","target":["https:\/\/business.roovi.com\/de\/1000-teile-franzosische-schlosser-puzzle-fur-erwachsene-schloss-chenonceau\/p\/"]}]},{"@type":"BreadcrumbList","@id":"https:\/\/business.roovi.com\/de\/1000-teile-franzosische-schlosser-puzzle-fur-erwachsene-schloss-chenonceau\/p\/#breadcrumb","itemListElement":[{"@type":"ListItem","position":1,"name":"Home","item":"https:\/\/business.roovi.com\/de\/"},{"@type":"ListItem","position":2,"name":"Shop","item":"https:\/\/business.roovi.com\/de\/shop\/"},{"@type":"ListItem","position":3,"name":"1000 Teile Franz\u00f6sische Schl\u00f6sser Puzzle f\u00fcr Erwachsene &#8211; Schloss Chenonceau"}]},{"@type":"WebSite","@id":"https:\/\/business.roovi.com\/de\/#website","url":"https:\/\/business.roovi.com\/de\/","name":"Roovi B2B","description":"Roovi Business Website","potentialAction":[{"@type":"SearchAction","target":{"@type":"EntryPoint","urlTemplate":"https:\/\/business.roovi.com\/de\/?s={search_term_string}"},"query-input":"required name=search_term_string"}],"inLanguage":"de"}]}},"_links":{"self":[{"href":"https:\/\/business.roovi.com\/de\/wp-json\/wp\/v2\/product\/40242","targetHints":{"allow":["GET"]}}],"collection":[{"href":"https:\/\/business.roovi.com\/de\/wp-json\/wp\/v2\/product"}],"about":[{"href":"https:\/\/business.roovi.com\/de\/wp-json\/wp\/v2\/types\/product"}],"version-history":[{"count":0,"href":"https:\/\/business.roovi.com\/de\/wp-json\/wp\/v2\/product\/40242\/revisions"}],"wp:featuredmedia":[{"embeddable":true,"href":"https:\/\/business.roovi.com\/de\/wp-json\/wp\/v2\/media\/36502"}],"wp:attachment":[{"href":"https:\/\/business.roovi.com\/de\/wp-json\/wp\/v2\/media?parent=40242"}],"wp:term":[{"taxonomy":"product_brand","embeddable":true,"href":"https:\/\/business.roovi.com\/de\/wp-json\/wp\/v2\/product_brand?post=40242"},{"taxonomy":"product_cat","embeddable":true,"href":"https:\/\/business.roovi.com\/de\/wp-json\/wp\/v2\/product_cat?post=40242"},{"taxonomy":"product_tag","embeddable":true,"href":"https:\/\/business.roovi.com\/de\/wp-json\/wp\/v2\/product_tag?post=40242"}],"curies":[{"name":"wp","href":"https:\/\/api.w.org\/{rel}","templated":true}]}}